{"id":4,"date":"2025-07-22T17:00:33","date_gmt":"2025-07-22T15:00:33","guid":{"rendered":"https:\/\/blogs.donboscovolunteers.de\/insightindia\/about-2\/"},"modified":"2026-01-27T22:24:30","modified_gmt":"2026-01-27T21:24:30","slug":"about-2","status":"publish","type":"page","link":"https:\/\/blogs.donboscovolunteers.de\/insightsrilanka\/about-2\/","title":{"rendered":"Spenden"},"content":{"rendered":"<p class=\"has-background\" style=\"background-color:#1c994724;font-style:italic;font-weight:200\">Willkommen!<br>Diese Seite ist der perfekte Ort, um ein bisschen Geld loszuwerden und gleichzeitig etwas Gutes zu tun! Ihr kennt doch bestimmt das Pfadfinder Motto &#8222;Jeden Tag eine gute Tat&#8220; &#8230; \ud83d\ude09<\/p>\n\n\n\n<p>Ich komme ja als Volunteer, als Freiwillige, zu der Einrichtung in Pallawarayankattu. Das hei\u00dft, ich bin f\u00fcr die Einrichtung vor Ort, die selbst mit Kindern aus sehr armen Familien arbeitet und deshalb keine Einnahmen hat, mehr oder weniger kostenlos.<\/p>\n\n\n\n<p>Das vom Staat finanzierte Weltw\u00e4rts Programm \u00fcbernimmt zum Gl\u00fcck 75 % der Kosten, die bei einem Aufenthalt im Ausland anfallen. Aber damit die restlichen 3000 \u20ac (haupts\u00e4chlich f\u00fcr Unterkunft, Verpflegung und Verwaltung {das beinhaltet die Vorbereitungsseminare und, dass unsere Ansprechpartner*innen zu jeder Tages- und Nachtzeit erreichbar sind}) nicht auf den gemeinn\u00fctzigen Tr\u00e4ger zur\u00fcckfallen, bin ich auf eure Spende angewiesen. <\/p>\n\n\n\n<p>Es w\u00fcrde mich riesig freuen, wenn ihr meine Arbeit, die Arbeit der Mitarbeitenden in Pallawarayankattu und indirekt auch die ganze Organisation <a href=\"https:\/\/www.donboscomission.de\/don-bosco\/\">Don Bosco<\/a> unterst\u00fctzten w\u00fcrdet.<\/p>\n\n\n\n<p>Das k\u00f6nnt ihr entweder \u00fcber diesen Link (<a href=\"https:\/\/www.donboscomission.de\/volontariat\/2025\/spenden\/alena\">https:\/\/www.donboscomission.de\/volontariat\/2025\/spenden\/alena<\/a>) tun, oder ihr benutzt die untenstehenden Kontodaten.<\/p>\n\n\n\n<p>P.S.: Wenn ihr im Verwendungszweck zus\u00e4tzlich eure Adresse angebt, bekommt ihr eine Spendenbescheinigung \ud83d\ude42<\/p>\n\n\n\n<p><\/p>\n\n\n\n<p><strong>Don Bosco Mission<\/strong><\/p>\n\n\n\n<p><strong>Sparkasse K\u00f6ln Bonn<\/strong><\/p>\n\n\n\n<p><strong>IBAN: DE89 3705 0198 0000 0994 99<\/strong><\/p>\n\n\n\n<p><strong>Verwendungszweck: S25VB017<\/strong><\/p>\n\n\n\n<p><\/p>\n\n\n\n<p>Vielen vielen Dank euch! Das bedeutet mir wirklich viel<\/p>","protected":false},"excerpt":{"rendered":"<p>Willkommen!Diese Seite ist der perfekte Ort, um ein bisschen Geld loszuwerden und gleichzeitig etwas Gutes zu tun! Ihr kennt doch bestimmt das Pfadfinder Motto &#8222;Jeden Tag eine gute Tat&#8220; &#8230; \ud83d\ude09 Ich komme ja als Volunteer, als Freiwillige, zu der Einrichtung in Pallawarayankattu. Das hei\u00dft, ich bin f\u00fcr die Einrichtung vor Ort, die selbst mit [&hellip;]<\/p>\n","protected":false},"author":1,"featured_media":0,"parent":0,"menu_order":1,"comment_status":"closed","ping_status":"closed","template":"","meta":{"footnotes":""},"class_list":["post-4","page","type-page","status-publish","hentry"],"yoast_head":"<!-- This site is optimized with the Yoast SEO plugin v25.3.1 - https:\/\/yoast.com\/wordpress\/plugins\/seo\/ -->\n<title>Spenden - Insight Sri Lanka<\/title>\n<meta name=\"robots\" content=\"index, follow, max-snippet:-1, max-image-preview:large, max-video-preview:-1\" \/>\n<link rel=\"canonical\" href=\"https:\/\/blogs.donboscovolunteers.de\/insightsrilanka\/about-2\/\" \/>\n<meta property=\"og:locale\" content=\"de_DE\" \/>\n<meta property=\"og:type\" content=\"article\" \/>\n<meta property=\"og:title\" content=\"Spenden - Insight Sri Lanka\" \/>\n<meta property=\"og:description\" content=\"Willkommen!Diese Seite ist der perfekte Ort, um ein bisschen Geld loszuwerden und gleichzeitig etwas Gutes zu tun! Ihr kennt doch bestimmt das Pfadfinder Motto &#8222;Jeden Tag eine gute Tat&#8220; &#8230; \ud83d\ude09 Ich komme ja als Volunteer, als Freiwillige, zu der Einrichtung in Pallawarayankattu. Das hei\u00dft, ich bin f\u00fcr die Einrichtung vor Ort, die selbst mit [&hellip;]\" \/>\n<meta property=\"og:url\" content=\"https:\/\/blogs.donboscovolunteers.de\/insightsrilanka\/about-2\/\" \/>\n<meta property=\"og:site_name\" content=\"Insight Sri Lanka\" \/>\n<meta property=\"article:modified_time\" content=\"2026-01-27T21:24:30+00:00\" \/>\n<meta name=\"twitter:card\" content=\"summary_large_image\" \/>\n<meta name=\"twitter:label1\" content=\"Gesch\u00e4tzte Lesezeit\" \/>\n\t<meta name=\"twitter:data1\" content=\"2\u00a0Minuten\" \/>\n<script type=\"application\/ld+json\" class=\"yoast-schema-graph\">{\"@context\":\"https:\/\/schema.org\",\"@graph\":[{\"@type\":\"WebPage\",\"@id\":\"https:\/\/blogs.donboscovolunteers.de\/insightsrilanka\/about-2\/\",\"url\":\"https:\/\/blogs.donboscovolunteers.de\/insightsrilanka\/about-2\/\",\"name\":\"Spenden - Insight Sri Lanka\",\"isPartOf\":{\"@id\":\"https:\/\/blogs.donboscovolunteers.de\/insightsrilanka\/#website\"},\"datePublished\":\"2025-07-22T15:00:33+00:00\",\"dateModified\":\"2026-01-27T21:24:30+00:00\",\"breadcrumb\":{\"@id\":\"https:\/\/blogs.donboscovolunteers.de\/insightsrilanka\/about-2\/#breadcrumb\"},\"inLanguage\":\"de\",\"potentialAction\":[{\"@type\":\"ReadAction\",\"target\":[\"https:\/\/blogs.donboscovolunteers.de\/insightsrilanka\/about-2\/\"]}]},{\"@type\":\"BreadcrumbList\",\"@id\":\"https:\/\/blogs.donboscovolunteers.de\/insightsrilanka\/about-2\/#breadcrumb\",\"itemListElement\":[{\"@type\":\"ListItem\",\"position\":1,\"name\":\"Startseite\",\"item\":\"https:\/\/blogs.donboscovolunteers.de\/insightsrilanka\/\"},{\"@type\":\"ListItem\",\"position\":2,\"name\":\"Spenden\"}]},{\"@type\":\"WebSite\",\"@id\":\"https:\/\/blogs.donboscovolunteers.de\/insightsrilanka\/#website\",\"url\":\"https:\/\/blogs.donboscovolunteers.de\/insightsrilanka\/\",\"name\":\"Insight Sri Lanka\",\"description\":\"(Fast) Ein Jahr in Pallavarayankattu\",\"potentialAction\":[{\"@type\":\"SearchAction\",\"target\":{\"@type\":\"EntryPoint\",\"urlTemplate\":\"https:\/\/blogs.donboscovolunteers.de\/insightsrilanka\/?s={search_term_string}\"},\"query-input\":{\"@type\":\"PropertyValueSpecification\",\"valueRequired\":true,\"valueName\":\"search_term_string\"}}],\"inLanguage\":\"de\"}]}<\/script>\n<!-- \/ Yoast SEO plugin. -->","yoast_head_json":{"title":"Spenden - Insight Sri Lanka","robots":{"index":"index","follow":"follow","max-snippet":"max-snippet:-1","max-image-preview":"max-image-preview:large","max-video-preview":"max-video-preview:-1"},"canonical":"https:\/\/blogs.donboscovolunteers.de\/insightsrilanka\/about-2\/","og_locale":"de_DE","og_type":"article","og_title":"Spenden - Insight Sri Lanka","og_description":"Willkommen!Diese Seite ist der perfekte Ort, um ein bisschen Geld loszuwerden und gleichzeitig etwas Gutes zu tun! Ihr kennt doch bestimmt das Pfadfinder Motto &#8222;Jeden Tag eine gute Tat&#8220; &#8230; \ud83d\ude09 Ich komme ja als Volunteer, als Freiwillige, zu der Einrichtung in Pallawarayankattu. Das hei\u00dft, ich bin f\u00fcr die Einrichtung vor Ort, die selbst mit [&hellip;]","og_url":"https:\/\/blogs.donboscovolunteers.de\/insightsrilanka\/about-2\/","og_site_name":"Insight Sri Lanka","article_modified_time":"2026-01-27T21:24:30+00:00","twitter_card":"summary_large_image","twitter_misc":{"Gesch\u00e4tzte Lesezeit":"2\u00a0Minuten"},"schema":{"@context":"https:\/\/schema.org","@graph":[{"@type":"WebPage","@id":"https:\/\/blogs.donboscovolunteers.de\/insightsrilanka\/about-2\/","url":"https:\/\/blogs.donboscovolunteers.de\/insightsrilanka\/about-2\/","name":"Spenden - Insight Sri Lanka","isPartOf":{"@id":"https:\/\/blogs.donboscovolunteers.de\/insightsrilanka\/#website"},"datePublished":"2025-07-22T15:00:33+00:00","dateModified":"2026-01-27T21:24:30+00:00","breadcrumb":{"@id":"https:\/\/blogs.donboscovolunteers.de\/insightsrilanka\/about-2\/#breadcrumb"},"inLanguage":"de","potentialAction":[{"@type":"ReadAction","target":["https:\/\/blogs.donboscovolunteers.de\/insightsrilanka\/about-2\/"]}]},{"@type":"BreadcrumbList","@id":"https:\/\/blogs.donboscovolunteers.de\/insightsrilanka\/about-2\/#breadcrumb","itemListElement":[{"@type":"ListItem","position":1,"name":"Startseite","item":"https:\/\/blogs.donboscovolunteers.de\/insightsrilanka\/"},{"@type":"ListItem","position":2,"name":"Spenden"}]},{"@type":"WebSite","@id":"https:\/\/blogs.donboscovolunteers.de\/insightsrilanka\/#website","url":"https:\/\/blogs.donboscovolunteers.de\/insightsrilanka\/","name":"Insight Sri Lanka","description":"(Fast) Ein Jahr in Pallavarayankattu","potentialAction":[{"@type":"SearchAction","target":{"@type":"EntryPoint","urlTemplate":"https:\/\/blogs.donboscovolunteers.de\/insightsrilanka\/?s={search_term_string}"},"query-input":{"@type":"PropertyValueSpecification","valueRequired":true,"valueName":"search_term_string"}}],"inLanguage":"de"}]}},"_links":{"self":[{"href":"https:\/\/blogs.donboscovolunteers.de\/insightsrilanka\/wp-json\/wp\/v2\/pages\/4","targetHints":{"allow":["GET"]}}],"collection":[{"href":"https:\/\/blogs.donboscovolunteers.de\/insightsrilanka\/wp-json\/wp\/v2\/pages"}],"about":[{"href":"https:\/\/blogs.donboscovolunteers.de\/insightsrilanka\/wp-json\/wp\/v2\/types\/page"}],"author":[{"embeddable":true,"href":"https:\/\/blogs.donboscovolunteers.de\/insightsrilanka\/wp-json\/wp\/v2\/users\/1"}],"replies":[{"embeddable":true,"href":"https:\/\/blogs.donboscovolunteers.de\/insightsrilanka\/wp-json\/wp\/v2\/comments?post=4"}],"version-history":[{"count":5,"href":"https:\/\/blogs.donboscovolunteers.de\/insightsrilanka\/wp-json\/wp\/v2\/pages\/4\/revisions"}],"predecessor-version":[{"id":321,"href":"https:\/\/blogs.donboscovolunteers.de\/insightsrilanka\/wp-json\/wp\/v2\/pages\/4\/revisions\/321"}],"wp:attachment":[{"href":"https:\/\/blogs.donboscovolunteers.de\/insightsrilanka\/wp-json\/wp\/v2\/media?parent=4"}],"curies":[{"name":"wp","href":"https:\/\/api.w.org\/{rel}","templated":true}]}}