{"id":3,"date":"2025-09-04T17:00:33","date_gmt":"2025-09-04T15:00:33","guid":{"rendered":"https:\/\/blogs.donboscovolunteers.de\/insightindia\/about\/"},"modified":"2025-10-01T16:45:11","modified_gmt":"2025-10-01T14:45:11","slug":"about","status":"publish","type":"page","link":"https:\/\/blogs.donboscovolunteers.de\/insightsrilanka\/about\/","title":{"rendered":"About Me"},"content":{"rendered":"<div class=\"wp-block-group\"><div class=\"wp-block-group__inner-container is-layout-constrained wp-block-group-is-layout-constrained\">\n<p class=\"has-background\" style=\"background-color:#1c994724;font-size:17px;font-style:italic;font-weight:200\">Das was ihr untenstehend \u00fcber mich findet, wurde urspr\u00fcnglich als eine Art Bio begonnen, ist dann aber etwas vom Weg abgekommen und beinhaltet jetzt auch so etwas wie meine Motivation. Enjoy \ud83d\ude42<\/p>\n\n\n\n<hr class=\"wp-block-separator has-text-color has-alpha-channel-opacity has-background is-style-wide\" style=\"background-color:#1b9947;color:#1b9947\" \/>\n\n\n\n<h2 class=\"wp-block-heading\" style=\"font-size:18px;font-style:normal;font-weight:100;letter-spacing:4px;text-decoration:none;text-transform:none\">Was ich bis jetzt so gemacht habe<\/h2>\n\n\n\n<p class=\"has-drop-cap\"><mark style=\"color:#1b9947\" class=\"has-inline-color\">I<\/mark>m Sommer 2024 habe ich in Erlangen mit meinem Abi in der Hand die Schule verlassen. W\u00e4hrend der Schulzeit hatte ich jedes Jahr mehrere verschiedene Wahlkurse belegt (manchmal war es objektiv betrachtet vielleicht auch etwas zu viel), immer mit dabei war unser schulinterner Zirkus. Als ich also bei Recherchen \u00fcber m\u00f6gliche Einsatzstellen f\u00fcr einen Bundesfreiwilligendienst suchte und auf den p\u00e4dagogisch ausgerichteten Zirkus Giovanni stie\u00df, der dem <a href=\"https:\/\/www.zirkus-giovanni.de\/\">Don Bosco Jugendwerk Bamberg<\/a> angegliedert ist, war ich verst\u00e4ndlicher Weise begeistert. So kam es, dass ich 2024\/25 ein Jahr lang mit Kindern und Jugendlichen aus Bamberg und Umgebung Zirkus machen durfte und gleichzeitig erste Erfahrungen aus der Arbeitswelt sammeln konnte. Nat\u00fcrlich gab es (einige) sehr anstrengende Tage und Wochen, wenn Gruppen bei uns waren, f\u00fcr die \u201eR\u00fccksicht\u201c und \u201eKooperation\u201c Fremdw\u00f6rter waren oder eins der vielen besonderen Events mit Auftritten unserer Kids anstand. Gleichzeitig bin ich aber in eine neue Welt eingetaucht und war begeistert. Keine Veranstaltung wollte ich verpassen, ich konnte es nicht lassen. Ich denke, das ist der Grund, dass ich immer noch hier bei Don Bosco Volunteers bin.<\/p>\n\n\n\n<p>Manchmal kann ich einfach nicht genug bekommen. Genug neue Orte, genug Herausforderungen, genug Begegnungen, genug bunte Kleidung, genug leuchtende Kinderaugen und vor allem genug von diesen unglaublich tollen, lieben einf\u00fchlsamen und einen jederzeit unterst\u00fctzenden Menschen, die ich kennenlernen durfte! (Kennt ihr das, wenn ihr irgendwo seid und jeder Mensch, dem ihr begegnet, l\u00e4chelt euch an? Nat\u00fcrlich ungeachtet dessen, ob diese Person euch kennt oder nicht. &#8211; Tja, genau das meine ich.)<\/p>\n\n\n\n<hr class=\"wp-block-separator has-text-color has-alpha-channel-opacity has-background is-style-wide\" style=\"background-color:#1b9947;color:#1b9947\" \/>\n\n\n\n<h2 class=\"wp-block-heading\" style=\"font-size:18px;font-style:normal;font-weight:100;letter-spacing:4px;text-decoration:none;text-transform:none\">Was ich jetzt so machen m\u00f6chte<\/h2>\n\n\n\n<p class=\"has-drop-cap has-text-align-left\"><mark style=\"color:#1b9947\" class=\"has-inline-color\">J<\/mark>edenfalls erhoffe ich mir eine \u00e4hnlich bereichernde Zeit wie ich sie im Zirkus verbringen durfte. Aber zu einem Auslandsfreiwilligendienst geh\u00f6rt noch mehr. Es gibt eine Organisation, die ihre Volunteers begleitet und unterst\u00fctzt. W\u00e4hrend meines Bundesfreiwilligendienstes hatte ich die M\u00f6glichkeit, die Organisation Don Bosco und einige der Menschen, die sie ausmachen, kennenzulernen. Was soll ich sagen? Ab dem ersten Tag hatten sie mich. Wusstet ihr, dass es mitten in M\u00fcnchen das <a href=\"https:\/\/www.salesianum.de\/Ueber-uns\/Das-Salesianum\">Salesianum<\/a> gibt, das (nat\u00fcrlich neben der ganzen tollen p\u00e4dagogischen Arbeit, die dort geleistet wird) zwei Sportpl\u00e4tze (Fu\u00dfball und Basketball), eine Spielwiese und einen Abenteuerspielplatz an freier Fl\u00e4che h\u00e4lt, die jede*r Jugendliche*r nutzen darf? (Wenn man \u00fcberlegt, was diese Fl\u00e4che in M\u00fcnchen! wert ist.) Naja, lange Rede, kurzer Sinn, der Aufwand, der bei Don Bosco f\u00fcr Kinder und Jugendliche betrieben wird ist einfach immens. Ich finde, das ist einfach sympathisch. Aber auch im Verlaufe des Jahres wurde dieser erste Eindruck immer wieder best\u00e4tigt. Man wird als Volunteer einfach super aufmerksam und immer auf Augenh\u00f6he begleitet und unterst\u00fctzt. Man findet immer gleich mehrere offene Ohren.<\/p>\n\n\n\n<hr class=\"wp-block-separator has-text-color has-alpha-channel-opacity has-background is-style-wide\" style=\"background-color:#1b9947;color:#1b9947\" \/>\n\n\n\n<p>Und deshalb m\u00f6chte ich mir jetzt mit Don Bosco als Organisation in meinem R\u00fccken meinen lange gehegten Wunsch von einem l\u00e4ngeren Aufenthalt im Ausland erf\u00fcllen. Was gibt es Besseres, als mir einen Traum zu erf\u00fcllen und gleichzeitig Teil der Gemeinschaft Don Boscos zu sein?<\/p>\n<\/div><\/div>","protected":false},"excerpt":{"rendered":"<p>Das was ihr untenstehend \u00fcber mich findet, wurde urspr\u00fcnglich als eine Art Bio begonnen, ist dann aber etwas vom Weg abgekommen und beinhaltet jetzt auch so etwas wie meine Motivation. Enjoy \ud83d\ude42 Was ich bis jetzt so gemacht habe Im Sommer 2024 habe ich in Erlangen mit meinem Abi in der Hand die Schule verlassen. [&hellip;]<\/p>\n","protected":false},"author":1,"featured_media":111,"parent":0,"menu_order":1,"comment_status":"closed","ping_status":"closed","template":"","meta":{"footnotes":""},"class_list":["post-3","page","type-page","status-publish","has-post-thumbnail","hentry"],"yoast_head":"<!-- This site is optimized with the Yoast SEO plugin v25.3.1 - https:\/\/yoast.com\/wordpress\/plugins\/seo\/ -->\n<title>About Me - Insight Sri Lanka<\/title>\n<meta name=\"robots\" content=\"index, follow, max-snippet:-1, max-image-preview:large, max-video-preview:-1\" \/>\n<link rel=\"canonical\" href=\"https:\/\/blogs.donboscovolunteers.de\/insightsrilanka\/about\/\" \/>\n<meta property=\"og:locale\" content=\"de_DE\" \/>\n<meta property=\"og:type\" content=\"article\" \/>\n<meta property=\"og:title\" content=\"About Me - Insight Sri Lanka\" \/>\n<meta property=\"og:description\" content=\"Das was ihr untenstehend \u00fcber mich findet, wurde urspr\u00fcnglich als eine Art Bio begonnen, ist dann aber etwas vom Weg abgekommen und beinhaltet jetzt auch so etwas wie meine Motivation. Enjoy \ud83d\ude42 Was ich bis jetzt so gemacht habe Im Sommer 2024 habe ich in Erlangen mit meinem Abi in der Hand die Schule verlassen. [&hellip;]\" \/>\n<meta property=\"og:url\" content=\"https:\/\/blogs.donboscovolunteers.de\/insightsrilanka\/about\/\" \/>\n<meta property=\"og:site_name\" content=\"Insight Sri Lanka\" \/>\n<meta property=\"article:modified_time\" content=\"2025-10-01T14:45:11+00:00\" \/>\n<meta property=\"og:image\" content=\"https:\/\/blogs.donboscovolunteers.de\/insightsrilanka\/wp-content\/uploads\/sites\/21771\/2025\/09\/1759225875527-e1759228672246.jpg\" \/>\n\t<meta property=\"og:image:width\" content=\"691\" \/>\n\t<meta property=\"og:image:height\" content=\"284\" \/>\n\t<meta property=\"og:image:type\" content=\"image\/jpeg\" \/>\n<meta name=\"twitter:card\" content=\"summary_large_image\" \/>\n<meta name=\"twitter:label1\" content=\"Gesch\u00e4tzte Lesezeit\" \/>\n\t<meta name=\"twitter:data1\" content=\"4\u00a0Minuten\" \/>\n<script type=\"application\/ld+json\" class=\"yoast-schema-graph\">{\"@context\":\"https:\/\/schema.org\",\"@graph\":[{\"@type\":\"WebPage\",\"@id\":\"https:\/\/blogs.donboscovolunteers.de\/insightsrilanka\/about\/\",\"url\":\"https:\/\/blogs.donboscovolunteers.de\/insightsrilanka\/about\/\",\"name\":\"About Me - Insight Sri Lanka\",\"isPartOf\":{\"@id\":\"https:\/\/blogs.donboscovolunteers.de\/insightsrilanka\/#website\"},\"primaryImageOfPage\":{\"@id\":\"https:\/\/blogs.donboscovolunteers.de\/insightsrilanka\/about\/#primaryimage\"},\"image\":{\"@id\":\"https:\/\/blogs.donboscovolunteers.de\/insightsrilanka\/about\/#primaryimage\"},\"thumbnailUrl\":\"https:\/\/blogs.donboscovolunteers.de\/insightsrilanka\/wp-content\/uploads\/sites\/21771\/2025\/09\/1759225875527-e1759228672246.jpg\",\"datePublished\":\"2025-09-04T15:00:33+00:00\",\"dateModified\":\"2025-10-01T14:45:11+00:00\",\"breadcrumb\":{\"@id\":\"https:\/\/blogs.donboscovolunteers.de\/insightsrilanka\/about\/#breadcrumb\"},\"inLanguage\":\"de\",\"potentialAction\":[{\"@type\":\"ReadAction\",\"target\":[\"https:\/\/blogs.donboscovolunteers.de\/insightsrilanka\/about\/\"]}]},{\"@type\":\"ImageObject\",\"inLanguage\":\"de\",\"@id\":\"https:\/\/blogs.donboscovolunteers.de\/insightsrilanka\/about\/#primaryimage\",\"url\":\"https:\/\/blogs.donboscovolunteers.de\/insightsrilanka\/wp-content\/uploads\/sites\/21771\/2025\/09\/1759225875527-e1759228672246.jpg\",\"contentUrl\":\"https:\/\/blogs.donboscovolunteers.de\/insightsrilanka\/wp-content\/uploads\/sites\/21771\/2025\/09\/1759225875527-e1759228672246.jpg\",\"width\":691,\"height\":284},{\"@type\":\"BreadcrumbList\",\"@id\":\"https:\/\/blogs.donboscovolunteers.de\/insightsrilanka\/about\/#breadcrumb\",\"itemListElement\":[{\"@type\":\"ListItem\",\"position\":1,\"name\":\"Startseite\",\"item\":\"https:\/\/blogs.donboscovolunteers.de\/insightsrilanka\/\"},{\"@type\":\"ListItem\",\"position\":2,\"name\":\"About Me\"}]},{\"@type\":\"WebSite\",\"@id\":\"https:\/\/blogs.donboscovolunteers.de\/insightsrilanka\/#website\",\"url\":\"https:\/\/blogs.donboscovolunteers.de\/insightsrilanka\/\",\"name\":\"Insight Sri Lanka\",\"description\":\"(Fast) Ein Jahr in Pallavarayankattu\",\"potentialAction\":[{\"@type\":\"SearchAction\",\"target\":{\"@type\":\"EntryPoint\",\"urlTemplate\":\"https:\/\/blogs.donboscovolunteers.de\/insightsrilanka\/?s={search_term_string}\"},\"query-input\":{\"@type\":\"PropertyValueSpecification\",\"valueRequired\":true,\"valueName\":\"search_term_string\"}}],\"inLanguage\":\"de\"}]}<\/script>\n<!-- \/ Yoast SEO plugin. -->","yoast_head_json":{"title":"About Me - Insight Sri Lanka","robots":{"index":"index","follow":"follow","max-snippet":"max-snippet:-1","max-image-preview":"max-image-preview:large","max-video-preview":"max-video-preview:-1"},"canonical":"https:\/\/blogs.donboscovolunteers.de\/insightsrilanka\/about\/","og_locale":"de_DE","og_type":"article","og_title":"About Me - Insight Sri Lanka","og_description":"Das was ihr untenstehend \u00fcber mich findet, wurde urspr\u00fcnglich als eine Art Bio begonnen, ist dann aber etwas vom Weg abgekommen und beinhaltet jetzt auch so etwas wie meine Motivation. Enjoy \ud83d\ude42 Was ich bis jetzt so gemacht habe Im Sommer 2024 habe ich in Erlangen mit meinem Abi in der Hand die Schule verlassen. [&hellip;]","og_url":"https:\/\/blogs.donboscovolunteers.de\/insightsrilanka\/about\/","og_site_name":"Insight Sri Lanka","article_modified_time":"2025-10-01T14:45:11+00:00","og_image":[{"width":691,"height":284,"url":"https:\/\/blogs.donboscovolunteers.de\/insightsrilanka\/wp-content\/uploads\/sites\/21771\/2025\/09\/1759225875527-e1759228672246.jpg","type":"image\/jpeg"}],"twitter_card":"summary_large_image","twitter_misc":{"Gesch\u00e4tzte Lesezeit":"4\u00a0Minuten"},"schema":{"@context":"https:\/\/schema.org","@graph":[{"@type":"WebPage","@id":"https:\/\/blogs.donboscovolunteers.de\/insightsrilanka\/about\/","url":"https:\/\/blogs.donboscovolunteers.de\/insightsrilanka\/about\/","name":"About Me - Insight Sri Lanka","isPartOf":{"@id":"https:\/\/blogs.donboscovolunteers.de\/insightsrilanka\/#website"},"primaryImageOfPage":{"@id":"https:\/\/blogs.donboscovolunteers.de\/insightsrilanka\/about\/#primaryimage"},"image":{"@id":"https:\/\/blogs.donboscovolunteers.de\/insightsrilanka\/about\/#primaryimage"},"thumbnailUrl":"https:\/\/blogs.donboscovolunteers.de\/insightsrilanka\/wp-content\/uploads\/sites\/21771\/2025\/09\/1759225875527-e1759228672246.jpg","datePublished":"2025-09-04T15:00:33+00:00","dateModified":"2025-10-01T14:45:11+00:00","breadcrumb":{"@id":"https:\/\/blogs.donboscovolunteers.de\/insightsrilanka\/about\/#breadcrumb"},"inLanguage":"de","potentialAction":[{"@type":"ReadAction","target":["https:\/\/blogs.donboscovolunteers.de\/insightsrilanka\/about\/"]}]},{"@type":"ImageObject","inLanguage":"de","@id":"https:\/\/blogs.donboscovolunteers.de\/insightsrilanka\/about\/#primaryimage","url":"https:\/\/blogs.donboscovolunteers.de\/insightsrilanka\/wp-content\/uploads\/sites\/21771\/2025\/09\/1759225875527-e1759228672246.jpg","contentUrl":"https:\/\/blogs.donboscovolunteers.de\/insightsrilanka\/wp-content\/uploads\/sites\/21771\/2025\/09\/1759225875527-e1759228672246.jpg","width":691,"height":284},{"@type":"BreadcrumbList","@id":"https:\/\/blogs.donboscovolunteers.de\/insightsrilanka\/about\/#breadcrumb","itemListElement":[{"@type":"ListItem","position":1,"name":"Startseite","item":"https:\/\/blogs.donboscovolunteers.de\/insightsrilanka\/"},{"@type":"ListItem","position":2,"name":"About Me"}]},{"@type":"WebSite","@id":"https:\/\/blogs.donboscovolunteers.de\/insightsrilanka\/#website","url":"https:\/\/blogs.donboscovolunteers.de\/insightsrilanka\/","name":"Insight Sri Lanka","description":"(Fast) Ein Jahr in Pallavarayankattu","potentialAction":[{"@type":"SearchAction","target":{"@type":"EntryPoint","urlTemplate":"https:\/\/blogs.donboscovolunteers.de\/insightsrilanka\/?s={search_term_string}"},"query-input":{"@type":"PropertyValueSpecification","valueRequired":true,"valueName":"search_term_string"}}],"inLanguage":"de"}]}},"_links":{"self":[{"href":"https:\/\/blogs.donboscovolunteers.de\/insightsrilanka\/wp-json\/wp\/v2\/pages\/3","targetHints":{"allow":["GET"]}}],"collection":[{"href":"https:\/\/blogs.donboscovolunteers.de\/insightsrilanka\/wp-json\/wp\/v2\/pages"}],"about":[{"href":"https:\/\/blogs.donboscovolunteers.de\/insightsrilanka\/wp-json\/wp\/v2\/types\/page"}],"author":[{"embeddable":true,"href":"https:\/\/blogs.donboscovolunteers.de\/insightsrilanka\/wp-json\/wp\/v2\/users\/1"}],"replies":[{"embeddable":true,"href":"https:\/\/blogs.donboscovolunteers.de\/insightsrilanka\/wp-json\/wp\/v2\/comments?post=3"}],"version-history":[{"count":11,"href":"https:\/\/blogs.donboscovolunteers.de\/insightsrilanka\/wp-json\/wp\/v2\/pages\/3\/revisions"}],"predecessor-version":[{"id":148,"href":"https:\/\/blogs.donboscovolunteers.de\/insightsrilanka\/wp-json\/wp\/v2\/pages\/3\/revisions\/148"}],"wp:featuredmedia":[{"embeddable":true,"href":"https:\/\/blogs.donboscovolunteers.de\/insightsrilanka\/wp-json\/wp\/v2\/media\/111"}],"wp:attachment":[{"href":"https:\/\/blogs.donboscovolunteers.de\/insightsrilanka\/wp-json\/wp\/v2\/media?parent=3"}],"curies":[{"name":"wp","href":"https:\/\/api.w.org\/{rel}","templated":true}]}}