{"id":119,"date":"2025-09-30T13:28:59","date_gmt":"2025-09-30T11:28:59","guid":{"rendered":"https:\/\/blogs.donboscovolunteers.de\/insightindia\/?page_id=119"},"modified":"2025-11-28T21:08:00","modified_gmt":"2025-11-28T20:08:00","slug":"wo-alles-beginnt","status":"publish","type":"page","link":"https:\/\/blogs.donboscovolunteers.de\/insightsrilanka\/wo-alles-beginnt\/","title":{"rendered":"Wo alles beginnt"},"content":{"rendered":"<div class=\"wp-block-group\"><div class=\"wp-block-group__inner-container is-layout-constrained wp-block-group-is-layout-constrained\">\n<p style=\"font-size:23px;font-style:italic;font-weight:300\">Hey ihr Lieben!<\/p>\n\n\n\n<p class=\"has-background\" style=\"background-color:#1c994724;font-size:17px;font-style:italic;font-weight:200\">Das ist sie! Die Website, auf der ihr mich begleiten k\u00f6nnt, jetzt wo ich doch soo weit weg bin \ud83d\ude09 Lasst uns gemeinsam eintauchen in die Farbenwelt der bev\u00f6lkerungsreichsten Demokratie der Erde! Yep, ich spreche von <a href=\"https:\/\/strassenkinder.de\/laender\/asien\/inden\/\">Indien<\/a>. Und wenn es da Wahlen gibt, kann es gar nicht so schlimm sein, stimmts?<\/p>\n\n\n\n<p style=\"font-size:18px\">Ich freue mich auf jeden Fall wahnsinnig auf die Zeit in Vijayawada (das ist eine Millionenstadt in Andhra Pradesh, India)! Wenn es so weit ist, sollten wir Volunteers zu f\u00fcnft sein, alle von <a href=\"https:\/\/www.donboscomission.de\/don-bosco\/\">Don Bosco<\/a> aus Deutschland entsandt, und gemeinsam in einer Wohnung in Vijayawada wohnen. Die Arbeit vor Ort dreht sich um Kinder und Jugendliche, die einen gro\u00dfen Teil ihrer Zeit auf der Stra\u00dfe verbringen. Wir werden beim Unterrichten und in der Freizeitgestaltung aktiv sein d\u00fcrfen. In der Stadt gibt es mehrere Unterprojekte mit unterschiedlichen Schwerpunkten. Aber mehr dazu werdet ihr erfahren, wenn ich mir selbst ein Bild machen konnte.<\/p>\n<\/div><\/div>\n\n\n\n<hr class=\"wp-block-separator has-text-color has-alpha-channel-opacity has-background is-style-wide\" style=\"background-color:#1b9947;color:#1b9947\" \/>\n\n\n\n<figure class=\"wp-block-image size-full is-resized\"><img loading=\"lazy\" decoding=\"async\" width=\"536\" height=\"627\" src=\"https:\/\/blogs.donboscovolunteers.de\/insightindia\/wp-content\/uploads\/sites\/21771\/2025\/09\/inde25-e1759231197543.png\" alt=\"\" class=\"wp-image-120\" style=\"width:604px;height:auto\" srcset=\"https:\/\/blogs.donboscovolunteers.de\/insightsrilanka\/wp-content\/uploads\/sites\/21771\/2025\/09\/inde25-e1759231197543.png 536w, https:\/\/blogs.donboscovolunteers.de\/insightsrilanka\/wp-content\/uploads\/sites\/21771\/2025\/09\/inde25-e1759231197543-256x300.png 256w\" sizes=\"auto, (max-width: 536px) 100vw, 536px\" \/><figcaption class=\"wp-element-caption\">Karte von Indien, Vijayawada eingezeichnet<\/figcaption><\/figure>\n\n\n\n<hr class=\"wp-block-separator has-text-color has-alpha-channel-opacity has-background is-style-wide\" style=\"background-color:#1b9947;color:#1b9947\" \/>\n\n\n\n<p>P.S.: Ich bem\u00fche mich sehr, meinen Blog ansprechend und unterhaltsam zu gestalten, muss aber im Moment erst noch die zahlreichen Funktionen von WordPress erforschen. Es ist also ein Prozess, das Optimale aus dieser Website rauszuholen &#8230;<\/p>\n\n\n\n<p>Wenn ihr Feedback oder Ideen habt, immer gerne her damit! Benutzt am besten einfach die Kommentarfunktion oder schreibt mir eine E-Mail infoa@sumail.de.<\/p>\n\n\n\n<p>Viel Spa\u00df beim Erkunden!<\/p>\n\n\n\n<div class=\"wp-block-buttons is-layout-flex wp-block-buttons-is-layout-flex\">\n<div class=\"wp-block-button has-custom-width wp-block-button__width-50 is-style-fill\"><a class=\"wp-block-button__link has-white-color has-text-color has-background has-link-color has-custom-font-size wp-element-button\" href=\"https:\/\/blogs.donboscovolunteers.de\/insightsrilanka\/2025\/09\/30\/doch-noch-zu-hause\/\" style=\"border-radius:22px;background-color:#1b9947;font-size:15px\">Erster Beitrag<\/a><\/div>\n<\/div>\n\n\n\n<p><\/p>","protected":false},"excerpt":{"rendered":"<p>Hey ihr Lieben! Das ist sie! Die Website, auf der ihr mich begleiten k\u00f6nnt, jetzt wo ich doch soo weit weg bin \ud83d\ude09 Lasst uns gemeinsam eintauchen in die Farbenwelt der bev\u00f6lkerungsreichsten Demokratie der Erde! Yep, ich spreche von <a href=\"https:\/\/strassenkinder.de\/laender\/asien\/inden\/\">Indien<\/a>. Und wenn es da Wahlen gibt, kann es gar nicht so schlimm sein, stimmts? Ich [&hellip;]<\/p>\n","protected":false},"author":21887,"featured_media":0,"parent":0,"menu_order":0,"comment_status":"closed","ping_status":"closed","template":"","meta":{"footnotes":""},"class_list":["post-119","page","type-page","status-publish","hentry"],"yoast_head":"<!-- This site is optimized with the Yoast SEO plugin v25.3.1 - https:\/\/yoast.com\/wordpress\/plugins\/seo\/ -->\n<title>Wo alles beginnt - Insight Sri Lanka<\/title>\n<meta name=\"robots\" content=\"index, follow, max-snippet:-1, max-image-preview:large, max-video-preview:-1\" \/>\n<link rel=\"canonical\" href=\"https:\/\/blogs.donboscovolunteers.de\/insightsrilanka\/\" \/>\n<meta property=\"og:locale\" content=\"de_DE\" \/>\n<meta property=\"og:type\" content=\"article\" \/>\n<meta property=\"og:title\" content=\"Wo alles beginnt - Insight Sri Lanka\" \/>\n<meta property=\"og:description\" content=\"Hey ihr Lieben! Das ist sie! Die Website, auf der ihr mich begleiten k\u00f6nnt, jetzt wo ich doch soo weit weg bin \ud83d\ude09 Lasst uns gemeinsam eintauchen in die Farbenwelt der bev\u00f6lkerungsreichsten Demokratie der Erde! Yep, ich spreche von Indien. Und wenn es da Wahlen gibt, kann es gar nicht so schlimm sein, stimmts? Ich [&hellip;]\" \/>\n<meta property=\"og:url\" content=\"https:\/\/blogs.donboscovolunteers.de\/insightsrilanka\/\" \/>\n<meta property=\"og:site_name\" content=\"Insight Sri Lanka\" \/>\n<meta property=\"article:modified_time\" content=\"2025-11-28T20:08:00+00:00\" \/>\n<meta property=\"og:image\" content=\"https:\/\/blogs.donboscovolunteers.de\/insightsrilanka\/wp-content\/uploads\/sites\/21771\/2025\/09\/inde25-e1759231197543.png\" \/>\n\t<meta property=\"og:image:width\" content=\"536\" \/>\n\t<meta property=\"og:image:height\" content=\"627\" \/>\n\t<meta property=\"og:image:type\" content=\"image\/png\" \/>\n<meta name=\"twitter:card\" content=\"summary_large_image\" \/>\n<meta name=\"twitter:label1\" content=\"Gesch\u00e4tzte Lesezeit\" \/>\n\t<meta name=\"twitter:data1\" content=\"2\u00a0Minuten\" \/>\n<script type=\"application\/ld+json\" class=\"yoast-schema-graph\">{\"@context\":\"https:\/\/schema.org\",\"@graph\":[{\"@type\":\"WebPage\",\"@id\":\"https:\/\/blogs.donboscovolunteers.de\/insightsrilanka\/\",\"url\":\"https:\/\/blogs.donboscovolunteers.de\/insightsrilanka\/\",\"name\":\"Wo alles beginnt - Insight Sri Lanka\",\"isPartOf\":{\"@id\":\"https:\/\/blogs.donboscovolunteers.de\/insightsrilanka\/#website\"},\"primaryImageOfPage\":{\"@id\":\"https:\/\/blogs.donboscovolunteers.de\/insightsrilanka\/#primaryimage\"},\"image\":{\"@id\":\"https:\/\/blogs.donboscovolunteers.de\/insightsrilanka\/#primaryimage\"},\"thumbnailUrl\":\"https:\/\/blogs.donboscovolunteers.de\/insightindia\/wp-content\/uploads\/sites\/21771\/2025\/09\/inde25-e1759231197543.png\",\"datePublished\":\"2025-09-30T11:28:59+00:00\",\"dateModified\":\"2025-11-28T20:08:00+00:00\",\"breadcrumb\":{\"@id\":\"https:\/\/blogs.donboscovolunteers.de\/insightsrilanka\/#breadcrumb\"},\"inLanguage\":\"de\",\"potentialAction\":[{\"@type\":\"ReadAction\",\"target\":[\"https:\/\/blogs.donboscovolunteers.de\/insightsrilanka\/\"]}]},{\"@type\":\"ImageObject\",\"inLanguage\":\"de\",\"@id\":\"https:\/\/blogs.donboscovolunteers.de\/insightsrilanka\/#primaryimage\",\"url\":\"https:\/\/blogs.donboscovolunteers.de\/insightindia\/wp-content\/uploads\/sites\/21771\/2025\/09\/inde25-e1759231197543.png\",\"contentUrl\":\"https:\/\/blogs.donboscovolunteers.de\/insightindia\/wp-content\/uploads\/sites\/21771\/2025\/09\/inde25-e1759231197543.png\"},{\"@type\":\"BreadcrumbList\",\"@id\":\"https:\/\/blogs.donboscovolunteers.de\/insightsrilanka\/#breadcrumb\",\"itemListElement\":[{\"@type\":\"ListItem\",\"position\":1,\"name\":\"Startseite\",\"item\":\"https:\/\/blogs.donboscovolunteers.de\/insightsrilanka\/\"},{\"@type\":\"ListItem\",\"position\":2,\"name\":\"Wo alles beginnt\"}]},{\"@type\":\"WebSite\",\"@id\":\"https:\/\/blogs.donboscovolunteers.de\/insightsrilanka\/#website\",\"url\":\"https:\/\/blogs.donboscovolunteers.de\/insightsrilanka\/\",\"name\":\"Insight Sri Lanka\",\"description\":\"(Fast) Ein Jahr in Pallavarayankattu\",\"potentialAction\":[{\"@type\":\"SearchAction\",\"target\":{\"@type\":\"EntryPoint\",\"urlTemplate\":\"https:\/\/blogs.donboscovolunteers.de\/insightsrilanka\/?s={search_term_string}\"},\"query-input\":{\"@type\":\"PropertyValueSpecification\",\"valueRequired\":true,\"valueName\":\"search_term_string\"}}],\"inLanguage\":\"de\"}]}<\/script>\n<!-- \/ Yoast SEO plugin. -->","yoast_head_json":{"title":"Wo alles beginnt - Insight Sri Lanka","robots":{"index":"index","follow":"follow","max-snippet":"max-snippet:-1","max-image-preview":"max-image-preview:large","max-video-preview":"max-video-preview:-1"},"canonical":"https:\/\/blogs.donboscovolunteers.de\/insightsrilanka\/","og_locale":"de_DE","og_type":"article","og_title":"Wo alles beginnt - Insight Sri Lanka","og_description":"Hey ihr Lieben! Das ist sie! Die Website, auf der ihr mich begleiten k\u00f6nnt, jetzt wo ich doch soo weit weg bin \ud83d\ude09 Lasst uns gemeinsam eintauchen in die Farbenwelt der bev\u00f6lkerungsreichsten Demokratie der Erde! Yep, ich spreche von Indien. Und wenn es da Wahlen gibt, kann es gar nicht so schlimm sein, stimmts? Ich [&hellip;]","og_url":"https:\/\/blogs.donboscovolunteers.de\/insightsrilanka\/","og_site_name":"Insight Sri Lanka","article_modified_time":"2025-11-28T20:08:00+00:00","og_image":[{"width":536,"height":627,"url":"https:\/\/blogs.donboscovolunteers.de\/insightsrilanka\/wp-content\/uploads\/sites\/21771\/2025\/09\/inde25-e1759231197543.png","type":"image\/png"}],"twitter_card":"summary_large_image","twitter_misc":{"Gesch\u00e4tzte Lesezeit":"2\u00a0Minuten"},"schema":{"@context":"https:\/\/schema.org","@graph":[{"@type":"WebPage","@id":"https:\/\/blogs.donboscovolunteers.de\/insightsrilanka\/","url":"https:\/\/blogs.donboscovolunteers.de\/insightsrilanka\/","name":"Wo alles beginnt - Insight Sri Lanka","isPartOf":{"@id":"https:\/\/blogs.donboscovolunteers.de\/insightsrilanka\/#website"},"primaryImageOfPage":{"@id":"https:\/\/blogs.donboscovolunteers.de\/insightsrilanka\/#primaryimage"},"image":{"@id":"https:\/\/blogs.donboscovolunteers.de\/insightsrilanka\/#primaryimage"},"thumbnailUrl":"https:\/\/blogs.donboscovolunteers.de\/insightindia\/wp-content\/uploads\/sites\/21771\/2025\/09\/inde25-e1759231197543.png","datePublished":"2025-09-30T11:28:59+00:00","dateModified":"2025-11-28T20:08:00+00:00","breadcrumb":{"@id":"https:\/\/blogs.donboscovolunteers.de\/insightsrilanka\/#breadcrumb"},"inLanguage":"de","potentialAction":[{"@type":"ReadAction","target":["https:\/\/blogs.donboscovolunteers.de\/insightsrilanka\/"]}]},{"@type":"ImageObject","inLanguage":"de","@id":"https:\/\/blogs.donboscovolunteers.de\/insightsrilanka\/#primaryimage","url":"https:\/\/blogs.donboscovolunteers.de\/insightindia\/wp-content\/uploads\/sites\/21771\/2025\/09\/inde25-e1759231197543.png","contentUrl":"https:\/\/blogs.donboscovolunteers.de\/insightindia\/wp-content\/uploads\/sites\/21771\/2025\/09\/inde25-e1759231197543.png"},{"@type":"BreadcrumbList","@id":"https:\/\/blogs.donboscovolunteers.de\/insightsrilanka\/#breadcrumb","itemListElement":[{"@type":"ListItem","position":1,"name":"Startseite","item":"https:\/\/blogs.donboscovolunteers.de\/insightsrilanka\/"},{"@type":"ListItem","position":2,"name":"Wo alles beginnt"}]},{"@type":"WebSite","@id":"https:\/\/blogs.donboscovolunteers.de\/insightsrilanka\/#website","url":"https:\/\/blogs.donboscovolunteers.de\/insightsrilanka\/","name":"Insight Sri Lanka","description":"(Fast) Ein Jahr in Pallavarayankattu","potentialAction":[{"@type":"SearchAction","target":{"@type":"EntryPoint","urlTemplate":"https:\/\/blogs.donboscovolunteers.de\/insightsrilanka\/?s={search_term_string}"},"query-input":{"@type":"PropertyValueSpecification","valueRequired":true,"valueName":"search_term_string"}}],"inLanguage":"de"}]}},"_links":{"self":[{"href":"https:\/\/blogs.donboscovolunteers.de\/insightsrilanka\/wp-json\/wp\/v2\/pages\/119","targetHints":{"allow":["GET"]}}],"collection":[{"href":"https:\/\/blogs.donboscovolunteers.de\/insightsrilanka\/wp-json\/wp\/v2\/pages"}],"about":[{"href":"https:\/\/blogs.donboscovolunteers.de\/insightsrilanka\/wp-json\/wp\/v2\/types\/page"}],"author":[{"embeddable":true,"href":"https:\/\/blogs.donboscovolunteers.de\/insightsrilanka\/wp-json\/wp\/v2\/users\/21887"}],"replies":[{"embeddable":true,"href":"https:\/\/blogs.donboscovolunteers.de\/insightsrilanka\/wp-json\/wp\/v2\/comments?post=119"}],"version-history":[{"count":9,"href":"https:\/\/blogs.donboscovolunteers.de\/insightsrilanka\/wp-json\/wp\/v2\/pages\/119\/revisions"}],"predecessor-version":[{"id":218,"href":"https:\/\/blogs.donboscovolunteers.de\/insightsrilanka\/wp-json\/wp\/v2\/pages\/119\/revisions\/218"}],"wp:attachment":[{"href":"https:\/\/blogs.donboscovolunteers.de\/insightsrilanka\/wp-json\/wp\/v2\/media?parent=119"}],"curies":[{"name":"wp","href":"https:\/\/api.w.org\/{rel}","templated":true}]}}