{"id":56,"date":"2025-03-04T23:03:37","date_gmt":"2025-03-04T22:03:37","guid":{"rendered":"https:\/\/blogs.donboscovolunteers.de\/inneinindien\/?page_id=56"},"modified":"2025-03-04T23:25:59","modified_gmt":"2025-03-04T22:25:59","slug":"mein-projekt","status":"publish","type":"page","link":"https:\/\/blogs.donboscovolunteers.de\/inneinindien\/mein-projekt\/","title":{"rendered":"Mein Projekt"},"content":{"rendered":"<p>Im s\u00fcdlichsten Bundesstaat Indiens Tamil Nadu, nahe der Stadt Salem liegt ein kleines Dorf namens Nilavarapatti. Dort befindet sich am Fu\u00dfe der Berge, umgeben von Felder und Palmen das <a href=\"https:\/\/www.donboscomission.de\/don-bosco\/\">Don Bosco<\/a> Care Home(DBCH). Neben den Salesianern, den K\u00f6chinnen, weiteren Mitarbeitern und nun auch uns, leben hier 48 Jungs im Alter von 4-20 Jahren.<br><br>So unterschiedlich die Jungs auch alle sind, so haben sie doch eine Gemeinsamkeit. Sie alle haben seit ihrer Geburt HIV.<br>Das Ziel des DBCH ist es, diesen Jungs ein Zuhause zu bieten, in dem sie beh\u00fctet aufwachsen und ihre Kindheit genie\u00dfen k\u00f6nnen. Au\u00dferdem wird ihnen der Zugang zu guter Bildung erm\u00f6glich und sie werden mit n\u00e4hrreicher Nahrung, sowie Medikamenten und \u00e4rztlicher Unterst\u00fctzung versorgt. <\/p>\n\n\n\n<p>Am Ende ihrer Zeit im DBCH sollen die Jungs in der Lage sein, selbstst\u00e4ndig ihr Leben zu f\u00fchren. Daher lernen sie neben der rein schulischen Bildung auch die Arbeit auf dem Feld, die Versorgung der Tiere im Projekt, im Haushalt mitzuhelfen, gewissenhaft ihren Aufgaben nachzugehen, den Umgang mit ihren Mitmenschen (sowohl \u00e4lteren als auch j\u00fcngeren) und einiges mehr.<\/p>","protected":false},"excerpt":{"rendered":"<p>Im s\u00fcdlichsten Bundesstaat Indiens Tamil Nadu, nahe der Stadt Salem liegt ein kleines Dorf namens Nilavarapatti. Dort befindet sich am Fu\u00dfe der Berge, umgeben von Felder und Palmen das <a href=\"https:\/\/www.donboscomission.de\/don-bosco\/\">Don Bosco<\/a> Care Home(DBCH). Neben den Salesianern, den K\u00f6chinnen, weiteren Mitarbeitern und nun auch uns, leben hier 48 Jungs im Alter von 4-20 Jahren. So unterschiedlich [&hellip;]<\/p>\n","protected":false},"author":21850,"featured_media":0,"parent":0,"menu_order":0,"comment_status":"closed","ping_status":"closed","template":"","meta":{"footnotes":""},"class_list":["post-56","page","type-page","status-publish","hentry"],"yoast_head":"<!-- This site is optimized with the Yoast SEO plugin v25.3.1 - https:\/\/yoast.com\/wordpress\/plugins\/seo\/ -->\n<title>Mein Projekt - Annes Indien Tagebuch<\/title>\n<meta name=\"robots\" content=\"index, follow, max-snippet:-1, max-image-preview:large, max-video-preview:-1\" \/>\n<link rel=\"canonical\" href=\"https:\/\/blogs.donboscovolunteers.de\/inneinindien\/mein-projekt\/\" \/>\n<meta property=\"og:locale\" content=\"de_DE\" \/>\n<meta property=\"og:type\" content=\"article\" \/>\n<meta property=\"og:title\" content=\"Mein Projekt - Annes Indien Tagebuch\" \/>\n<meta property=\"og:description\" content=\"Im s\u00fcdlichsten Bundesstaat Indiens Tamil Nadu, nahe der Stadt Salem liegt ein kleines Dorf namens Nilavarapatti. Dort befindet sich am Fu\u00dfe der Berge, umgeben von Felder und Palmen das Don Bosco Care Home(DBCH). Neben den Salesianern, den K\u00f6chinnen, weiteren Mitarbeitern und nun auch uns, leben hier 48 Jungs im Alter von 4-20 Jahren. So unterschiedlich [&hellip;]\" \/>\n<meta property=\"og:url\" content=\"https:\/\/blogs.donboscovolunteers.de\/inneinindien\/mein-projekt\/\" \/>\n<meta property=\"og:site_name\" content=\"Annes Indien Tagebuch\" \/>\n<meta property=\"article:modified_time\" content=\"2025-03-04T22:25:59+00:00\" \/>\n<meta name=\"twitter:card\" content=\"summary_large_image\" \/>\n<meta name=\"twitter:label1\" content=\"Gesch\u00e4tzte Lesezeit\" \/>\n\t<meta name=\"twitter:data1\" content=\"1\u00a0Minute\" \/>\n<script type=\"application\/ld+json\" class=\"yoast-schema-graph\">{\"@context\":\"https:\/\/schema.org\",\"@graph\":[{\"@type\":\"WebPage\",\"@id\":\"https:\/\/blogs.donboscovolunteers.de\/inneinindien\/mein-projekt\/\",\"url\":\"https:\/\/blogs.donboscovolunteers.de\/inneinindien\/mein-projekt\/\",\"name\":\"Mein Projekt - Annes Indien Tagebuch\",\"isPartOf\":{\"@id\":\"https:\/\/blogs.donboscovolunteers.de\/inneinindien\/#website\"},\"datePublished\":\"2025-03-04T22:03:37+00:00\",\"dateModified\":\"2025-03-04T22:25:59+00:00\",\"breadcrumb\":{\"@id\":\"https:\/\/blogs.donboscovolunteers.de\/inneinindien\/mein-projekt\/#breadcrumb\"},\"inLanguage\":\"de\",\"potentialAction\":[{\"@type\":\"ReadAction\",\"target\":[\"https:\/\/blogs.donboscovolunteers.de\/inneinindien\/mein-projekt\/\"]}]},{\"@type\":\"BreadcrumbList\",\"@id\":\"https:\/\/blogs.donboscovolunteers.de\/inneinindien\/mein-projekt\/#breadcrumb\",\"itemListElement\":[{\"@type\":\"ListItem\",\"position\":1,\"name\":\"Startseite\",\"item\":\"https:\/\/blogs.donboscovolunteers.de\/inneinindien\/\"},{\"@type\":\"ListItem\",\"position\":2,\"name\":\"Mein Projekt\"}]},{\"@type\":\"WebSite\",\"@id\":\"https:\/\/blogs.donboscovolunteers.de\/inneinindien\/#website\",\"url\":\"https:\/\/blogs.donboscovolunteers.de\/inneinindien\/\",\"name\":\"Annes Indien Tagebuch\",\"description\":\"\",\"potentialAction\":[{\"@type\":\"SearchAction\",\"target\":{\"@type\":\"EntryPoint\",\"urlTemplate\":\"https:\/\/blogs.donboscovolunteers.de\/inneinindien\/?s={search_term_string}\"},\"query-input\":{\"@type\":\"PropertyValueSpecification\",\"valueRequired\":true,\"valueName\":\"search_term_string\"}}],\"inLanguage\":\"de\"}]}<\/script>\n<!-- \/ Yoast SEO plugin. -->","yoast_head_json":{"title":"Mein Projekt - Annes Indien Tagebuch","robots":{"index":"index","follow":"follow","max-snippet":"max-snippet:-1","max-image-preview":"max-image-preview:large","max-video-preview":"max-video-preview:-1"},"canonical":"https:\/\/blogs.donboscovolunteers.de\/inneinindien\/mein-projekt\/","og_locale":"de_DE","og_type":"article","og_title":"Mein Projekt - Annes Indien Tagebuch","og_description":"Im s\u00fcdlichsten Bundesstaat Indiens Tamil Nadu, nahe der Stadt Salem liegt ein kleines Dorf namens Nilavarapatti. Dort befindet sich am Fu\u00dfe der Berge, umgeben von Felder und Palmen das Don Bosco Care Home(DBCH). Neben den Salesianern, den K\u00f6chinnen, weiteren Mitarbeitern und nun auch uns, leben hier 48 Jungs im Alter von 4-20 Jahren. So unterschiedlich [&hellip;]","og_url":"https:\/\/blogs.donboscovolunteers.de\/inneinindien\/mein-projekt\/","og_site_name":"Annes Indien Tagebuch","article_modified_time":"2025-03-04T22:25:59+00:00","twitter_card":"summary_large_image","twitter_misc":{"Gesch\u00e4tzte Lesezeit":"1\u00a0Minute"},"schema":{"@context":"https:\/\/schema.org","@graph":[{"@type":"WebPage","@id":"https:\/\/blogs.donboscovolunteers.de\/inneinindien\/mein-projekt\/","url":"https:\/\/blogs.donboscovolunteers.de\/inneinindien\/mein-projekt\/","name":"Mein Projekt - Annes Indien Tagebuch","isPartOf":{"@id":"https:\/\/blogs.donboscovolunteers.de\/inneinindien\/#website"},"datePublished":"2025-03-04T22:03:37+00:00","dateModified":"2025-03-04T22:25:59+00:00","breadcrumb":{"@id":"https:\/\/blogs.donboscovolunteers.de\/inneinindien\/mein-projekt\/#breadcrumb"},"inLanguage":"de","potentialAction":[{"@type":"ReadAction","target":["https:\/\/blogs.donboscovolunteers.de\/inneinindien\/mein-projekt\/"]}]},{"@type":"BreadcrumbList","@id":"https:\/\/blogs.donboscovolunteers.de\/inneinindien\/mein-projekt\/#breadcrumb","itemListElement":[{"@type":"ListItem","position":1,"name":"Startseite","item":"https:\/\/blogs.donboscovolunteers.de\/inneinindien\/"},{"@type":"ListItem","position":2,"name":"Mein Projekt"}]},{"@type":"WebSite","@id":"https:\/\/blogs.donboscovolunteers.de\/inneinindien\/#website","url":"https:\/\/blogs.donboscovolunteers.de\/inneinindien\/","name":"Annes Indien Tagebuch","description":"","potentialAction":[{"@type":"SearchAction","target":{"@type":"EntryPoint","urlTemplate":"https:\/\/blogs.donboscovolunteers.de\/inneinindien\/?s={search_term_string}"},"query-input":{"@type":"PropertyValueSpecification","valueRequired":true,"valueName":"search_term_string"}}],"inLanguage":"de"}]}},"_links":{"self":[{"href":"https:\/\/blogs.donboscovolunteers.de\/inneinindien\/wp-json\/wp\/v2\/pages\/56","targetHints":{"allow":["GET"]}}],"collection":[{"href":"https:\/\/blogs.donboscovolunteers.de\/inneinindien\/wp-json\/wp\/v2\/pages"}],"about":[{"href":"https:\/\/blogs.donboscovolunteers.de\/inneinindien\/wp-json\/wp\/v2\/types\/page"}],"author":[{"embeddable":true,"href":"https:\/\/blogs.donboscovolunteers.de\/inneinindien\/wp-json\/wp\/v2\/users\/21850"}],"replies":[{"embeddable":true,"href":"https:\/\/blogs.donboscovolunteers.de\/inneinindien\/wp-json\/wp\/v2\/comments?post=56"}],"version-history":[{"count":7,"href":"https:\/\/blogs.donboscovolunteers.de\/inneinindien\/wp-json\/wp\/v2\/pages\/56\/revisions"}],"predecessor-version":[{"id":66,"href":"https:\/\/blogs.donboscovolunteers.de\/inneinindien\/wp-json\/wp\/v2\/pages\/56\/revisions\/66"}],"wp:attachment":[{"href":"https:\/\/blogs.donboscovolunteers.de\/inneinindien\/wp-json\/wp\/v2\/media?parent=56"}],"curies":[{"name":"wp","href":"https:\/\/api.w.org\/{rel}","templated":true}]}}