{"id":59,"date":"2022-11-04T11:25:29","date_gmt":"2022-11-04T10:25:29","guid":{"rendered":"https:\/\/blogs.donboscovolunteers.de\/indertatinindien\/?page_id=59"},"modified":"2022-11-04T11:25:30","modified_gmt":"2022-11-04T10:25:30","slug":"spenden","status":"publish","type":"page","link":"https:\/\/blogs.donboscovolunteers.de\/indertatinindien\/spenden\/","title":{"rendered":"Spenden"},"content":{"rendered":"<p>Ein <a href=\"https:\/\/www.donboscovolunteers.de\/\">Freiwilligendienst<\/a> geht leider nicht ohne Geld. Es gibt viele Kosten: unsere Unterbringung, die Verpflegung, die Gehaltskosten f\u00fcr die f\u00fcr uns Zust\u00e4ndigen sowohl in Deutschland als auch in <a href=\"https:\/\/strassenkinder.de\/laender\/asien\/inden\/\">Indien<\/a>, der Flug, die ganzen Versicherungen, unsere Vorbereitungsseminare,&#8230;<br>All diese Kosten m\u00fcssen irgendwie gedeckelt werden. <br>Die Finanzierung meines Freiwilligendienstes setzt sich aus zwei Bestandteilen zusammen: 75% der Kosten werden von <a href=\"https:\/\/www.weltwaerts.de\/de\/startseite.html\" target=\"_blank\" rel=\"noreferrer noopener\">weltw\u00e4rts<\/a>, ein Programm des Bundesministeriums f\u00fcr wirtschaftliche Zusammenarbeit und Entwicklung \u00fcbernommen. Die anderen 25% der Kosten werden durch Spenden finanziert. Die Spenden die hier gesammelt werden, kommen in einen Topf, aus dem die offenen 25% der Kosten aller Volos bezahlt werden. So wird sichergestellt, dass jeder sich einen Auslandsfreiwilligendienst leisten kann.<br><br>Ich w\u00fcrde mich sehr \u00fcber Unterst\u00fctzung freuen <br>Spenden bitte an<br><a href=\"https:\/\/www.donboscomission.de\/don-bosco\/\">DON BOSCO<\/a> MISSION<br>LIGA BANK M\u00dcNCHEN<br>IBAN: DE66 7509 0300 0102 1418 76<br>BIC: GENODEF1M05<br>VERWENDUNGSZWECK: DUTTWEILER, HANNAH S22VB003<\/p>\n\n\n\n<p>Bitte gebt euren Namen und die Adresse an, dass euch eine Spendenquittung ausgestellt werden kann.<br>Vielen Dank<br><\/p>","protected":false},"excerpt":{"rendered":"<p>Ein <a href=\"https:\/\/www.donboscovolunteers.de\/\">Freiwilligendienst<\/a> geht leider nicht ohne Geld. Es gibt viele Kosten: unsere Unterbringung, die Verpflegung, die Gehaltskosten f\u00fcr die f\u00fcr uns Zust\u00e4ndigen sowohl in Deutschland als auch in <a href=\"https:\/\/strassenkinder.de\/laender\/asien\/inden\/\">Indien<\/a>, der Flug, die ganzen Versicherungen, unsere Vorbereitungsseminare,&#8230;All diese Kosten m\u00fcssen irgendwie gedeckelt werden. Die Finanzierung meines Freiwilligendienstes setzt sich aus zwei Bestandteilen zusammen: 75% der Kosten [&hellip;]<\/p>\n","protected":false},"author":21728,"featured_media":0,"parent":0,"menu_order":0,"comment_status":"closed","ping_status":"closed","template":"","meta":{"footnotes":""},"class_list":["post-59","page","type-page","status-publish","hentry"],"yoast_head":"<!-- This site is optimized with the Yoast SEO plugin v25.3.1 - https:\/\/yoast.com\/wordpress\/plugins\/seo\/ -->\n<title>Spenden - #indertatinindien<\/title>\n<meta name=\"robots\" content=\"index, follow, max-snippet:-1, max-image-preview:large, max-video-preview:-1\" \/>\n<link rel=\"canonical\" href=\"https:\/\/blogs.donboscovolunteers.de\/indertatinindien\/spenden\/\" \/>\n<meta property=\"og:locale\" content=\"de_DE\" \/>\n<meta property=\"og:type\" content=\"article\" \/>\n<meta property=\"og:title\" content=\"Spenden - #indertatinindien\" \/>\n<meta property=\"og:description\" content=\"Ein Freiwilligendienst geht leider nicht ohne Geld. Es gibt viele Kosten: unsere Unterbringung, die Verpflegung, die Gehaltskosten f\u00fcr die f\u00fcr uns Zust\u00e4ndigen sowohl in Deutschland als auch in Indien, der Flug, die ganzen Versicherungen, unsere Vorbereitungsseminare,&#8230;All diese Kosten m\u00fcssen irgendwie gedeckelt werden. Die Finanzierung meines Freiwilligendienstes setzt sich aus zwei Bestandteilen zusammen: 75% der Kosten [&hellip;]\" \/>\n<meta property=\"og:url\" content=\"https:\/\/blogs.donboscovolunteers.de\/indertatinindien\/spenden\/\" \/>\n<meta property=\"og:site_name\" content=\"#indertatinindien\" \/>\n<meta property=\"article:modified_time\" content=\"2022-11-04T10:25:30+00:00\" \/>\n<meta name=\"twitter:card\" content=\"summary_large_image\" \/>\n<meta name=\"twitter:label1\" content=\"Gesch\u00e4tzte Lesezeit\" \/>\n\t<meta name=\"twitter:data1\" content=\"1\u00a0Minute\" \/>\n<script type=\"application\/ld+json\" class=\"yoast-schema-graph\">{\"@context\":\"https:\/\/schema.org\",\"@graph\":[{\"@type\":\"WebPage\",\"@id\":\"https:\/\/blogs.donboscovolunteers.de\/indertatinindien\/spenden\/\",\"url\":\"https:\/\/blogs.donboscovolunteers.de\/indertatinindien\/spenden\/\",\"name\":\"Spenden - #indertatinindien\",\"isPartOf\":{\"@id\":\"https:\/\/blogs.donboscovolunteers.de\/indertatinindien\/#website\"},\"datePublished\":\"2022-11-04T10:25:29+00:00\",\"dateModified\":\"2022-11-04T10:25:30+00:00\",\"breadcrumb\":{\"@id\":\"https:\/\/blogs.donboscovolunteers.de\/indertatinindien\/spenden\/#breadcrumb\"},\"inLanguage\":\"de\",\"potentialAction\":[{\"@type\":\"ReadAction\",\"target\":[\"https:\/\/blogs.donboscovolunteers.de\/indertatinindien\/spenden\/\"]}]},{\"@type\":\"BreadcrumbList\",\"@id\":\"https:\/\/blogs.donboscovolunteers.de\/indertatinindien\/spenden\/#breadcrumb\",\"itemListElement\":[{\"@type\":\"ListItem\",\"position\":1,\"name\":\"Startseite\",\"item\":\"https:\/\/blogs.donboscovolunteers.de\/indertatinindien\/\"},{\"@type\":\"ListItem\",\"position\":2,\"name\":\"Spenden\"}]},{\"@type\":\"WebSite\",\"@id\":\"https:\/\/blogs.donboscovolunteers.de\/indertatinindien\/#website\",\"url\":\"https:\/\/blogs.donboscovolunteers.de\/indertatinindien\/\",\"name\":\"#indertatinindien\",\"description\":\"Meine Erfahrungen als Don Bosco Volo in Vijayawada, Indien\",\"potentialAction\":[{\"@type\":\"SearchAction\",\"target\":{\"@type\":\"EntryPoint\",\"urlTemplate\":\"https:\/\/blogs.donboscovolunteers.de\/indertatinindien\/?s={search_term_string}\"},\"query-input\":{\"@type\":\"PropertyValueSpecification\",\"valueRequired\":true,\"valueName\":\"search_term_string\"}}],\"inLanguage\":\"de\"}]}<\/script>\n<!-- \/ Yoast SEO plugin. -->","yoast_head_json":{"title":"Spenden - #indertatinindien","robots":{"index":"index","follow":"follow","max-snippet":"max-snippet:-1","max-image-preview":"max-image-preview:large","max-video-preview":"max-video-preview:-1"},"canonical":"https:\/\/blogs.donboscovolunteers.de\/indertatinindien\/spenden\/","og_locale":"de_DE","og_type":"article","og_title":"Spenden - #indertatinindien","og_description":"Ein Freiwilligendienst geht leider nicht ohne Geld. Es gibt viele Kosten: unsere Unterbringung, die Verpflegung, die Gehaltskosten f\u00fcr die f\u00fcr uns Zust\u00e4ndigen sowohl in Deutschland als auch in Indien, der Flug, die ganzen Versicherungen, unsere Vorbereitungsseminare,&#8230;All diese Kosten m\u00fcssen irgendwie gedeckelt werden. Die Finanzierung meines Freiwilligendienstes setzt sich aus zwei Bestandteilen zusammen: 75% der Kosten [&hellip;]","og_url":"https:\/\/blogs.donboscovolunteers.de\/indertatinindien\/spenden\/","og_site_name":"#indertatinindien","article_modified_time":"2022-11-04T10:25:30+00:00","twitter_card":"summary_large_image","twitter_misc":{"Gesch\u00e4tzte Lesezeit":"1\u00a0Minute"},"schema":{"@context":"https:\/\/schema.org","@graph":[{"@type":"WebPage","@id":"https:\/\/blogs.donboscovolunteers.de\/indertatinindien\/spenden\/","url":"https:\/\/blogs.donboscovolunteers.de\/indertatinindien\/spenden\/","name":"Spenden - #indertatinindien","isPartOf":{"@id":"https:\/\/blogs.donboscovolunteers.de\/indertatinindien\/#website"},"datePublished":"2022-11-04T10:25:29+00:00","dateModified":"2022-11-04T10:25:30+00:00","breadcrumb":{"@id":"https:\/\/blogs.donboscovolunteers.de\/indertatinindien\/spenden\/#breadcrumb"},"inLanguage":"de","potentialAction":[{"@type":"ReadAction","target":["https:\/\/blogs.donboscovolunteers.de\/indertatinindien\/spenden\/"]}]},{"@type":"BreadcrumbList","@id":"https:\/\/blogs.donboscovolunteers.de\/indertatinindien\/spenden\/#breadcrumb","itemListElement":[{"@type":"ListItem","position":1,"name":"Startseite","item":"https:\/\/blogs.donboscovolunteers.de\/indertatinindien\/"},{"@type":"ListItem","position":2,"name":"Spenden"}]},{"@type":"WebSite","@id":"https:\/\/blogs.donboscovolunteers.de\/indertatinindien\/#website","url":"https:\/\/blogs.donboscovolunteers.de\/indertatinindien\/","name":"#indertatinindien","description":"Meine Erfahrungen als Don Bosco Volo in Vijayawada, Indien","potentialAction":[{"@type":"SearchAction","target":{"@type":"EntryPoint","urlTemplate":"https:\/\/blogs.donboscovolunteers.de\/indertatinindien\/?s={search_term_string}"},"query-input":{"@type":"PropertyValueSpecification","valueRequired":true,"valueName":"search_term_string"}}],"inLanguage":"de"}]}},"_links":{"self":[{"href":"https:\/\/blogs.donboscovolunteers.de\/indertatinindien\/wp-json\/wp\/v2\/pages\/59","targetHints":{"allow":["GET"]}}],"collection":[{"href":"https:\/\/blogs.donboscovolunteers.de\/indertatinindien\/wp-json\/wp\/v2\/pages"}],"about":[{"href":"https:\/\/blogs.donboscovolunteers.de\/indertatinindien\/wp-json\/wp\/v2\/types\/page"}],"author":[{"embeddable":true,"href":"https:\/\/blogs.donboscovolunteers.de\/indertatinindien\/wp-json\/wp\/v2\/users\/21728"}],"replies":[{"embeddable":true,"href":"https:\/\/blogs.donboscovolunteers.de\/indertatinindien\/wp-json\/wp\/v2\/comments?post=59"}],"version-history":[{"count":1,"href":"https:\/\/blogs.donboscovolunteers.de\/indertatinindien\/wp-json\/wp\/v2\/pages\/59\/revisions"}],"predecessor-version":[{"id":60,"href":"https:\/\/blogs.donboscovolunteers.de\/indertatinindien\/wp-json\/wp\/v2\/pages\/59\/revisions\/60"}],"wp:attachment":[{"href":"https:\/\/blogs.donboscovolunteers.de\/indertatinindien\/wp-json\/wp\/v2\/media?parent=59"}],"curies":[{"name":"wp","href":"https:\/\/api.w.org\/{rel}","templated":true}]}}