{"id":54,"date":"2024-06-11T15:30:43","date_gmt":"2024-06-11T13:30:43","guid":{"rendered":"https:\/\/blogs.donboscovolunteers.de\/helena-in-kamerun\/?page_id=54"},"modified":"2024-06-12T16:43:54","modified_gmt":"2024-06-12T14:43:54","slug":"spenden","status":"publish","type":"page","link":"https:\/\/blogs.donboscovolunteers.de\/helena-in-kamerun\/spenden\/","title":{"rendered":"Spenden"},"content":{"rendered":"<p>Herzlich Willkommen auf meiner Spendenseite!<\/p>\n\n\n\n<p>Ganz liebe Gr\u00fc\u00dfe aus Yaound\u00e9 in Kamerun, wo ich gerade meinen <a href=\"https:\/\/www.donboscovolunteers.de\/\">Freiwilligendienst<\/a> mache. Ich arbeite, lerne, spiele und verbringe meine Zeit mit Kindern und Jugendlichen auf dem <a href=\"https:\/\/www.donboscomission.de\/don-bosco\/\">Don Bosco<\/a> Campus Mimboman. Um mein und \u00e4hnliche Don Bosco-Projekte weltweit zu unterst\u00fctzen und unsere Freiwilligendienste zu finanzieren, bedarf es an Spenden.<\/p>\n\n\n\n<p>Mein Freiwilligendienst wird zu 75% von \u201eweltw\u00e4rts\u201c, einem F\u00f6rderprogramm des Bundesministerium f\u00fcr wirtschaftliche Zusammenarbeit und Entwicklung, finanziert. Die restlichen 25% der Kosten m\u00fcssen wir durch einen Spenderkreis sammeln. Es w\u00fcrde mich also unfassbar freuen, wenn ihr mich, meine Arbeit und Don Bosco mit einer kleinen Spende unterst\u00fctzen w\u00fcrdet;)<\/p>\n\n\n\n<p><strong>Wenn ihr spenden m\u00f6chtet, k\u00f6nnt ihr das auf dieses Konto tun:<\/strong><\/p>\n\n\n\n<p>Don Bosco Mission<\/p>\n\n\n\n<p>Sparkasse K\u00f6ln Bonn<\/p>\n\n\n\n<p>IBAN: DE89 3705 0198 0000 0994 99<\/p>\n\n\n\n<p>Verwendungszweck: Helena<strong> <\/strong>Bischoffshausen S23VR001<\/p>\n\n\n\n<p>oder spendet ganz einfach online \u00fcber folgenden Link: <a href=\"https:\/\/www.donboscomission.de\/volontariat\/2023\/spenden\/helenainkamerun\">https:\/\/www.donboscomission.de\/volontariat\/2023\/spenden\/helenainkamerun<\/a> <\/p>\n\n\n\n<p>F\u00fcr eine Spendenquittung einfach noch die Adresse des Spenders im Verwendungszweck angeben.<\/p>\n\n\n\n<p>Vielen Dank!\ud83e\udd70<\/p>\n\n\n\n<p><\/p>","protected":false},"excerpt":{"rendered":"<p>Herzlich Willkommen auf meiner Spendenseite! Ganz liebe Gr\u00fc\u00dfe aus Yaound\u00e9 in Kamerun, wo ich gerade meinen <a href=\"https:\/\/www.donboscovolunteers.de\/\">Freiwilligendienst<\/a> mache. Ich arbeite, lerne, spiele und verbringe meine Zeit mit Kindern und Jugendlichen auf dem <a href=\"https:\/\/www.donboscomission.de\/don-bosco\/\">Don Bosco<\/a> Campus Mimboman. Um mein und \u00e4hnliche Don Bosco-Projekte weltweit zu unterst\u00fctzen und unsere Freiwilligendienste zu finanzieren, bedarf es an Spenden. Mein [&hellip;]<\/p>\n","protected":false},"author":21800,"featured_media":0,"parent":0,"menu_order":0,"comment_status":"closed","ping_status":"closed","template":"","meta":{"footnotes":""},"class_list":["post-54","page","type-page","status-publish","hentry"],"yoast_head":"<!-- This site is optimized with the Yoast SEO plugin v25.3.1 - https:\/\/yoast.com\/wordpress\/plugins\/seo\/ -->\n<title>Spenden - Helena in Kamerun<\/title>\n<meta name=\"robots\" content=\"index, follow, max-snippet:-1, max-image-preview:large, max-video-preview:-1\" \/>\n<link rel=\"canonical\" href=\"https:\/\/blogs.donboscovolunteers.de\/helena-in-kamerun\/spenden\/\" \/>\n<meta property=\"og:locale\" content=\"de_DE\" \/>\n<meta property=\"og:type\" content=\"article\" \/>\n<meta property=\"og:title\" content=\"Spenden - Helena in Kamerun\" \/>\n<meta property=\"og:description\" content=\"Herzlich Willkommen auf meiner Spendenseite! Ganz liebe Gr\u00fc\u00dfe aus Yaound\u00e9 in Kamerun, wo ich gerade meinen Freiwilligendienst mache. Ich arbeite, lerne, spiele und verbringe meine Zeit mit Kindern und Jugendlichen auf dem Don Bosco Campus Mimboman. Um mein und \u00e4hnliche Don Bosco-Projekte weltweit zu unterst\u00fctzen und unsere Freiwilligendienste zu finanzieren, bedarf es an Spenden. Mein [&hellip;]\" \/>\n<meta property=\"og:url\" content=\"https:\/\/blogs.donboscovolunteers.de\/helena-in-kamerun\/spenden\/\" \/>\n<meta property=\"og:site_name\" content=\"Helena in Kamerun\" \/>\n<meta property=\"article:modified_time\" content=\"2024-06-12T14:43:54+00:00\" \/>\n<meta name=\"twitter:card\" content=\"summary_large_image\" \/>\n<meta name=\"twitter:label1\" content=\"Gesch\u00e4tzte Lesezeit\" \/>\n\t<meta name=\"twitter:data1\" content=\"1\u00a0Minute\" \/>\n<script type=\"application\/ld+json\" class=\"yoast-schema-graph\">{\"@context\":\"https:\/\/schema.org\",\"@graph\":[{\"@type\":\"WebPage\",\"@id\":\"https:\/\/blogs.donboscovolunteers.de\/helena-in-kamerun\/spenden\/\",\"url\":\"https:\/\/blogs.donboscovolunteers.de\/helena-in-kamerun\/spenden\/\",\"name\":\"Spenden - Helena in Kamerun\",\"isPartOf\":{\"@id\":\"https:\/\/blogs.donboscovolunteers.de\/helena-in-kamerun\/#website\"},\"datePublished\":\"2024-06-11T13:30:43+00:00\",\"dateModified\":\"2024-06-12T14:43:54+00:00\",\"breadcrumb\":{\"@id\":\"https:\/\/blogs.donboscovolunteers.de\/helena-in-kamerun\/spenden\/#breadcrumb\"},\"inLanguage\":\"de\",\"potentialAction\":[{\"@type\":\"ReadAction\",\"target\":[\"https:\/\/blogs.donboscovolunteers.de\/helena-in-kamerun\/spenden\/\"]}]},{\"@type\":\"BreadcrumbList\",\"@id\":\"https:\/\/blogs.donboscovolunteers.de\/helena-in-kamerun\/spenden\/#breadcrumb\",\"itemListElement\":[{\"@type\":\"ListItem\",\"position\":1,\"name\":\"Startseite\",\"item\":\"https:\/\/blogs.donboscovolunteers.de\/helena-in-kamerun\/\"},{\"@type\":\"ListItem\",\"position\":2,\"name\":\"Spenden\"}]},{\"@type\":\"WebSite\",\"@id\":\"https:\/\/blogs.donboscovolunteers.de\/helena-in-kamerun\/#website\",\"url\":\"https:\/\/blogs.donboscovolunteers.de\/helena-in-kamerun\/\",\"name\":\"Helena in Kamerun\",\"description\":\"\",\"potentialAction\":[{\"@type\":\"SearchAction\",\"target\":{\"@type\":\"EntryPoint\",\"urlTemplate\":\"https:\/\/blogs.donboscovolunteers.de\/helena-in-kamerun\/?s={search_term_string}\"},\"query-input\":{\"@type\":\"PropertyValueSpecification\",\"valueRequired\":true,\"valueName\":\"search_term_string\"}}],\"inLanguage\":\"de\"}]}<\/script>\n<!-- \/ Yoast SEO plugin. -->","yoast_head_json":{"title":"Spenden - Helena in Kamerun","robots":{"index":"index","follow":"follow","max-snippet":"max-snippet:-1","max-image-preview":"max-image-preview:large","max-video-preview":"max-video-preview:-1"},"canonical":"https:\/\/blogs.donboscovolunteers.de\/helena-in-kamerun\/spenden\/","og_locale":"de_DE","og_type":"article","og_title":"Spenden - Helena in Kamerun","og_description":"Herzlich Willkommen auf meiner Spendenseite! Ganz liebe Gr\u00fc\u00dfe aus Yaound\u00e9 in Kamerun, wo ich gerade meinen Freiwilligendienst mache. Ich arbeite, lerne, spiele und verbringe meine Zeit mit Kindern und Jugendlichen auf dem Don Bosco Campus Mimboman. Um mein und \u00e4hnliche Don Bosco-Projekte weltweit zu unterst\u00fctzen und unsere Freiwilligendienste zu finanzieren, bedarf es an Spenden. Mein [&hellip;]","og_url":"https:\/\/blogs.donboscovolunteers.de\/helena-in-kamerun\/spenden\/","og_site_name":"Helena in Kamerun","article_modified_time":"2024-06-12T14:43:54+00:00","twitter_card":"summary_large_image","twitter_misc":{"Gesch\u00e4tzte Lesezeit":"1\u00a0Minute"},"schema":{"@context":"https:\/\/schema.org","@graph":[{"@type":"WebPage","@id":"https:\/\/blogs.donboscovolunteers.de\/helena-in-kamerun\/spenden\/","url":"https:\/\/blogs.donboscovolunteers.de\/helena-in-kamerun\/spenden\/","name":"Spenden - Helena in Kamerun","isPartOf":{"@id":"https:\/\/blogs.donboscovolunteers.de\/helena-in-kamerun\/#website"},"datePublished":"2024-06-11T13:30:43+00:00","dateModified":"2024-06-12T14:43:54+00:00","breadcrumb":{"@id":"https:\/\/blogs.donboscovolunteers.de\/helena-in-kamerun\/spenden\/#breadcrumb"},"inLanguage":"de","potentialAction":[{"@type":"ReadAction","target":["https:\/\/blogs.donboscovolunteers.de\/helena-in-kamerun\/spenden\/"]}]},{"@type":"BreadcrumbList","@id":"https:\/\/blogs.donboscovolunteers.de\/helena-in-kamerun\/spenden\/#breadcrumb","itemListElement":[{"@type":"ListItem","position":1,"name":"Startseite","item":"https:\/\/blogs.donboscovolunteers.de\/helena-in-kamerun\/"},{"@type":"ListItem","position":2,"name":"Spenden"}]},{"@type":"WebSite","@id":"https:\/\/blogs.donboscovolunteers.de\/helena-in-kamerun\/#website","url":"https:\/\/blogs.donboscovolunteers.de\/helena-in-kamerun\/","name":"Helena in Kamerun","description":"","potentialAction":[{"@type":"SearchAction","target":{"@type":"EntryPoint","urlTemplate":"https:\/\/blogs.donboscovolunteers.de\/helena-in-kamerun\/?s={search_term_string}"},"query-input":{"@type":"PropertyValueSpecification","valueRequired":true,"valueName":"search_term_string"}}],"inLanguage":"de"}]}},"_links":{"self":[{"href":"https:\/\/blogs.donboscovolunteers.de\/helena-in-kamerun\/wp-json\/wp\/v2\/pages\/54","targetHints":{"allow":["GET"]}}],"collection":[{"href":"https:\/\/blogs.donboscovolunteers.de\/helena-in-kamerun\/wp-json\/wp\/v2\/pages"}],"about":[{"href":"https:\/\/blogs.donboscovolunteers.de\/helena-in-kamerun\/wp-json\/wp\/v2\/types\/page"}],"author":[{"embeddable":true,"href":"https:\/\/blogs.donboscovolunteers.de\/helena-in-kamerun\/wp-json\/wp\/v2\/users\/21800"}],"replies":[{"embeddable":true,"href":"https:\/\/blogs.donboscovolunteers.de\/helena-in-kamerun\/wp-json\/wp\/v2\/comments?post=54"}],"version-history":[{"count":3,"href":"https:\/\/blogs.donboscovolunteers.de\/helena-in-kamerun\/wp-json\/wp\/v2\/pages\/54\/revisions"}],"predecessor-version":[{"id":68,"href":"https:\/\/blogs.donboscovolunteers.de\/helena-in-kamerun\/wp-json\/wp\/v2\/pages\/54\/revisions\/68"}],"wp:attachment":[{"href":"https:\/\/blogs.donboscovolunteers.de\/helena-in-kamerun\/wp-json\/wp\/v2\/media?parent=54"}],"curies":[{"name":"wp","href":"https:\/\/api.w.org\/{rel}","templated":true}]}}