{"id":26,"date":"2023-07-26T16:25:43","date_gmt":"2023-07-26T14:25:43","guid":{"rendered":"https:\/\/blogs.donboscovolunteers.de\/hannierkundetindien\/?page_id=26"},"modified":"2023-10-03T11:04:03","modified_gmt":"2023-10-03T09:04:03","slug":"spenden","status":"publish","type":"page","link":"https:\/\/blogs.donboscovolunteers.de\/hannierkundetindien\/spenden\/","title":{"rendered":"Spenden"},"content":{"rendered":"<p>Rund 50 Freiwillige werden jedes Jahr von <a href=\"https:\/\/www.donboscomission.de\/don-bosco\/\">Don Bosco<\/a> Volunteers ins Ausland entsandt.\u00a0<\/p>\n\n\n\n<p>&#8222;Don Bosco Volunteers&#8220; ist Teil des weltw\u00e4rts-Programmes. Zu <strong>75%<\/strong> wird der Freilligendienst also von dem &#8222;Bundesministerium f\u00fcr wirtschaftliche Zusammenarbeit und Entwicklung&#8220; (<strong>BMZ<\/strong>) finanziert. Die \u00fcbrigen <strong>25%<\/strong> m\u00fcssen allerdings von der Entsendeorganisation getragen werden. Das sind rund 3000 Euro pro Freiwilligem. <\/p>\n\n\n\n<p>Ich w\u00fcrde mich also mega, wenn ihr f\u00fcr meinen <a href=\"https:\/\/www.donboscovolunteers.de\/\">Freiwilligendienst<\/a> und so auch f\u00fcr das <strong>&#8222;Don Bosco Care Home&#8220; <\/strong>spendet!<\/p>\n\n\n\n<p><\/p>\n\n\n\n<p><strong>Einfach hier klicken und ihr kommt direkt zum Online &#8211; Formular:<\/strong><\/p>\n\n\n\n<p><a href=\"https:\/\/www.donboscomission.de\/volontariat\/2023\/spenden\/hannierkundetindien\">https:\/\/www.donboscomission.de\/volontariat\/2023\/spenden\/hannierkundetindien<\/a><\/p>\n\n\n\n<p><\/p>\n\n\n\n<p><strong>F\u00fcr alle, die es doch lieber so analog machen wollen, hier mein Spendenkonto:<\/strong><\/p>\n\n\n\n<p><\/p>\n\n\n\n<p><strong>DON BOSCO MISSION<\/strong><\/p>\n\n\n\n<p><strong>LIGA BANK M\u00dcNCHEN<\/strong><\/p>\n\n\n\n<p><strong>IBAN: <\/strong>DE66 7509 0300 0102 1418 76<\/p>\n\n\n\n<p><strong>BIC: <\/strong>GENODEF1M05<\/p>\n\n\n\n<p><strong>Verwendungszweck:<\/strong> Hannah Reitinger, S23VB013 (ggf. Adresse und Name f\u00fcr eine Spendenquittung!)<\/p>\n\n\n\n<p><\/p>\n\n\n\n<p>Vielen lieben Dank f\u00fcr Eure Spenden:)<\/p>","protected":false},"excerpt":{"rendered":"<p>Rund 50 Freiwillige werden jedes Jahr von <a href=\"https:\/\/www.donboscomission.de\/don-bosco\/\">Don Bosco<\/a> Volunteers ins Ausland entsandt.\u00a0 &#8222;Don Bosco Volunteers&#8220; ist Teil des weltw\u00e4rts-Programmes. Zu 75% wird der Freilligendienst also von dem &#8222;Bundesministerium f\u00fcr wirtschaftliche Zusammenarbeit und Entwicklung&#8220; (BMZ) finanziert. Die \u00fcbrigen 25% m\u00fcssen allerdings von der Entsendeorganisation getragen werden. Das sind rund 3000 Euro pro Freiwilligem. Ich w\u00fcrde [&hellip;]<\/p>\n","protected":false},"author":21764,"featured_media":0,"parent":0,"menu_order":0,"comment_status":"closed","ping_status":"closed","template":"","meta":{"footnotes":""},"class_list":["post-26","page","type-page","status-publish","hentry"],"yoast_head":"<!-- This site is optimized with the Yoast SEO plugin v25.3.1 - https:\/\/yoast.com\/wordpress\/plugins\/seo\/ -->\n<title>Spenden - Von kINDISCH zu INDISCH<\/title>\n<meta name=\"robots\" content=\"index, follow, max-snippet:-1, max-image-preview:large, max-video-preview:-1\" \/>\n<link rel=\"canonical\" href=\"https:\/\/blogs.donboscovolunteers.de\/hannierkundetindien\/spenden\/\" \/>\n<meta property=\"og:locale\" content=\"de_DE\" \/>\n<meta property=\"og:type\" content=\"article\" \/>\n<meta property=\"og:title\" content=\"Spenden - Von kINDISCH zu INDISCH\" \/>\n<meta property=\"og:description\" content=\"Rund 50 Freiwillige werden jedes Jahr von Don Bosco Volunteers ins Ausland entsandt.\u00a0 &#8222;Don Bosco Volunteers&#8220; ist Teil des weltw\u00e4rts-Programmes. Zu 75% wird der Freilligendienst also von dem &#8222;Bundesministerium f\u00fcr wirtschaftliche Zusammenarbeit und Entwicklung&#8220; (BMZ) finanziert. Die \u00fcbrigen 25% m\u00fcssen allerdings von der Entsendeorganisation getragen werden. Das sind rund 3000 Euro pro Freiwilligem. Ich w\u00fcrde [&hellip;]\" \/>\n<meta property=\"og:url\" content=\"https:\/\/blogs.donboscovolunteers.de\/hannierkundetindien\/spenden\/\" \/>\n<meta property=\"og:site_name\" content=\"Von kINDISCH zu INDISCH\" \/>\n<meta property=\"article:modified_time\" content=\"2023-10-03T09:04:03+00:00\" \/>\n<meta name=\"twitter:card\" content=\"summary_large_image\" \/>\n<meta name=\"twitter:label1\" content=\"Gesch\u00e4tzte Lesezeit\" \/>\n\t<meta name=\"twitter:data1\" content=\"1\u00a0Minute\" \/>\n<script type=\"application\/ld+json\" class=\"yoast-schema-graph\">{\"@context\":\"https:\/\/schema.org\",\"@graph\":[{\"@type\":\"WebPage\",\"@id\":\"https:\/\/blogs.donboscovolunteers.de\/hannierkundetindien\/spenden\/\",\"url\":\"https:\/\/blogs.donboscovolunteers.de\/hannierkundetindien\/spenden\/\",\"name\":\"Spenden - Von kINDISCH zu INDISCH\",\"isPartOf\":{\"@id\":\"https:\/\/blogs.donboscovolunteers.de\/hannierkundetindien\/#website\"},\"datePublished\":\"2023-07-26T14:25:43+00:00\",\"dateModified\":\"2023-10-03T09:04:03+00:00\",\"breadcrumb\":{\"@id\":\"https:\/\/blogs.donboscovolunteers.de\/hannierkundetindien\/spenden\/#breadcrumb\"},\"inLanguage\":\"de\",\"potentialAction\":[{\"@type\":\"ReadAction\",\"target\":[\"https:\/\/blogs.donboscovolunteers.de\/hannierkundetindien\/spenden\/\"]}]},{\"@type\":\"BreadcrumbList\",\"@id\":\"https:\/\/blogs.donboscovolunteers.de\/hannierkundetindien\/spenden\/#breadcrumb\",\"itemListElement\":[{\"@type\":\"ListItem\",\"position\":1,\"name\":\"Startseite\",\"item\":\"https:\/\/blogs.donboscovolunteers.de\/hannierkundetindien\/\"},{\"@type\":\"ListItem\",\"position\":2,\"name\":\"Spenden\"}]},{\"@type\":\"WebSite\",\"@id\":\"https:\/\/blogs.donboscovolunteers.de\/hannierkundetindien\/#website\",\"url\":\"https:\/\/blogs.donboscovolunteers.de\/hannierkundetindien\/\",\"name\":\"Von kINDISCH zu INDISCH\",\"description\":\"Hannis Jahr in S\u00fcdindien\",\"potentialAction\":[{\"@type\":\"SearchAction\",\"target\":{\"@type\":\"EntryPoint\",\"urlTemplate\":\"https:\/\/blogs.donboscovolunteers.de\/hannierkundetindien\/?s={search_term_string}\"},\"query-input\":{\"@type\":\"PropertyValueSpecification\",\"valueRequired\":true,\"valueName\":\"search_term_string\"}}],\"inLanguage\":\"de\"}]}<\/script>\n<!-- \/ Yoast SEO plugin. -->","yoast_head_json":{"title":"Spenden - Von kINDISCH zu INDISCH","robots":{"index":"index","follow":"follow","max-snippet":"max-snippet:-1","max-image-preview":"max-image-preview:large","max-video-preview":"max-video-preview:-1"},"canonical":"https:\/\/blogs.donboscovolunteers.de\/hannierkundetindien\/spenden\/","og_locale":"de_DE","og_type":"article","og_title":"Spenden - Von kINDISCH zu INDISCH","og_description":"Rund 50 Freiwillige werden jedes Jahr von Don Bosco Volunteers ins Ausland entsandt.\u00a0 &#8222;Don Bosco Volunteers&#8220; ist Teil des weltw\u00e4rts-Programmes. Zu 75% wird der Freilligendienst also von dem &#8222;Bundesministerium f\u00fcr wirtschaftliche Zusammenarbeit und Entwicklung&#8220; (BMZ) finanziert. Die \u00fcbrigen 25% m\u00fcssen allerdings von der Entsendeorganisation getragen werden. Das sind rund 3000 Euro pro Freiwilligem. Ich w\u00fcrde [&hellip;]","og_url":"https:\/\/blogs.donboscovolunteers.de\/hannierkundetindien\/spenden\/","og_site_name":"Von kINDISCH zu INDISCH","article_modified_time":"2023-10-03T09:04:03+00:00","twitter_card":"summary_large_image","twitter_misc":{"Gesch\u00e4tzte Lesezeit":"1\u00a0Minute"},"schema":{"@context":"https:\/\/schema.org","@graph":[{"@type":"WebPage","@id":"https:\/\/blogs.donboscovolunteers.de\/hannierkundetindien\/spenden\/","url":"https:\/\/blogs.donboscovolunteers.de\/hannierkundetindien\/spenden\/","name":"Spenden - Von kINDISCH zu INDISCH","isPartOf":{"@id":"https:\/\/blogs.donboscovolunteers.de\/hannierkundetindien\/#website"},"datePublished":"2023-07-26T14:25:43+00:00","dateModified":"2023-10-03T09:04:03+00:00","breadcrumb":{"@id":"https:\/\/blogs.donboscovolunteers.de\/hannierkundetindien\/spenden\/#breadcrumb"},"inLanguage":"de","potentialAction":[{"@type":"ReadAction","target":["https:\/\/blogs.donboscovolunteers.de\/hannierkundetindien\/spenden\/"]}]},{"@type":"BreadcrumbList","@id":"https:\/\/blogs.donboscovolunteers.de\/hannierkundetindien\/spenden\/#breadcrumb","itemListElement":[{"@type":"ListItem","position":1,"name":"Startseite","item":"https:\/\/blogs.donboscovolunteers.de\/hannierkundetindien\/"},{"@type":"ListItem","position":2,"name":"Spenden"}]},{"@type":"WebSite","@id":"https:\/\/blogs.donboscovolunteers.de\/hannierkundetindien\/#website","url":"https:\/\/blogs.donboscovolunteers.de\/hannierkundetindien\/","name":"Von kINDISCH zu INDISCH","description":"Hannis Jahr in S\u00fcdindien","potentialAction":[{"@type":"SearchAction","target":{"@type":"EntryPoint","urlTemplate":"https:\/\/blogs.donboscovolunteers.de\/hannierkundetindien\/?s={search_term_string}"},"query-input":{"@type":"PropertyValueSpecification","valueRequired":true,"valueName":"search_term_string"}}],"inLanguage":"de"}]}},"_links":{"self":[{"href":"https:\/\/blogs.donboscovolunteers.de\/hannierkundetindien\/wp-json\/wp\/v2\/pages\/26","targetHints":{"allow":["GET"]}}],"collection":[{"href":"https:\/\/blogs.donboscovolunteers.de\/hannierkundetindien\/wp-json\/wp\/v2\/pages"}],"about":[{"href":"https:\/\/blogs.donboscovolunteers.de\/hannierkundetindien\/wp-json\/wp\/v2\/types\/page"}],"author":[{"embeddable":true,"href":"https:\/\/blogs.donboscovolunteers.de\/hannierkundetindien\/wp-json\/wp\/v2\/users\/21764"}],"replies":[{"embeddable":true,"href":"https:\/\/blogs.donboscovolunteers.de\/hannierkundetindien\/wp-json\/wp\/v2\/comments?post=26"}],"version-history":[{"count":3,"href":"https:\/\/blogs.donboscovolunteers.de\/hannierkundetindien\/wp-json\/wp\/v2\/pages\/26\/revisions"}],"predecessor-version":[{"id":207,"href":"https:\/\/blogs.donboscovolunteers.de\/hannierkundetindien\/wp-json\/wp\/v2\/pages\/26\/revisions\/207"}],"wp:attachment":[{"href":"https:\/\/blogs.donboscovolunteers.de\/hannierkundetindien\/wp-json\/wp\/v2\/media?parent=26"}],"curies":[{"name":"wp","href":"https:\/\/api.w.org\/{rel}","templated":true}]}}