{"id":66,"date":"2020-01-05T22:34:23","date_gmt":"2020-01-05T21:34:23","guid":{"rendered":"https:\/\/blogs.donboscovolunteers.de\/hannainbolivien\/?page_id=66"},"modified":"2020-01-05T22:34:25","modified_gmt":"2020-01-05T21:34:25","slug":"spenden","status":"publish","type":"page","link":"https:\/\/blogs.donboscovolunteers.de\/hannainbolivien\/spenden\/","title":{"rendered":"Spenden"},"content":{"rendered":"<p>Wie sch\u00f6n, dass ihr auf die Seite &#8222;Spenden&#8220; gesto\u00dfen seid!<\/p>\n\n\n\n<p>Wie schon durch den Titel angedeutet, k\u00f6nnt ihr hier gerne eine kleine Spende zur finanziellen Unterst\u00fctzung meiner Entsendeorganisation (<a href=\"https:\/\/www.donboscomission.de\/don-bosco\/\">Don Bosco<\/a> Volunteers) und damit der ganzen &#8222;Aktion-Don Bosco&#8220; mit all ihren Projekten, Volont\u00e4ren und helfenden H\u00e4nden hinterlassen.<\/p>\n\n\n\n<p><\/p>\n\n\n\n<p><\/p>\n\n\n\n<div class=\"wp-block-group has-very-light-gray-background-color has-background\"><div class=\"wp-block-group__inner-container is-layout-flow wp-block-group-is-layout-flow\">\n<p>    Bank: Don Bosco Mission LIGA Bank M\u00fcnchen<\/p>\n\n\n\n<p>    IBAN: DE66 7509 0300 0102 1418 76<\/p>\n\n\n\n<p>    BIC: GENODEF1M05<\/p>\n\n\n\n<p>    Verwendungszweck: Hanna Berger S19VR025<\/p>\n<\/div><\/div>\n\n\n\n<p><\/p>\n\n\n\n<p><\/p>\n\n\n\n<p><\/p>\n\n\n\n<p>Ein dickes <strong>Danke<\/strong> an alle Spender!<\/p>","protected":false},"excerpt":{"rendered":"<p>Wie sch\u00f6n, dass ihr auf die Seite &#8222;Spenden&#8220; gesto\u00dfen seid! Wie schon durch den Titel angedeutet, k\u00f6nnt ihr hier gerne eine kleine Spende zur finanziellen Unterst\u00fctzung meiner Entsendeorganisation (<a href=\"https:\/\/www.donboscomission.de\/don-bosco\/\">Don Bosco<\/a> Volunteers) und damit der ganzen &#8222;Aktion-Don Bosco&#8220; mit all ihren Projekten, Volont\u00e4ren und helfenden H\u00e4nden hinterlassen. Bank: Don Bosco Mission LIGA Bank M\u00fcnchen IBAN: DE66 [&hellip;]<\/p>\n","protected":false},"author":21632,"featured_media":68,"parent":0,"menu_order":0,"comment_status":"closed","ping_status":"closed","template":"","meta":{"footnotes":""},"class_list":["post-66","page","type-page","status-publish","has-post-thumbnail","hentry"],"yoast_head":"<!-- This site is optimized with the Yoast SEO plugin v25.3.1 - https:\/\/yoast.com\/wordpress\/plugins\/seo\/ -->\n<title>Spenden - Hanna in Bolivien<\/title>\n<meta name=\"robots\" content=\"index, follow, max-snippet:-1, max-image-preview:large, max-video-preview:-1\" \/>\n<link rel=\"canonical\" href=\"https:\/\/blogs.donboscovolunteers.de\/hannainbolivien\/spenden\/\" \/>\n<meta property=\"og:locale\" content=\"de_DE\" \/>\n<meta property=\"og:type\" content=\"article\" \/>\n<meta property=\"og:title\" content=\"Spenden - Hanna in Bolivien\" \/>\n<meta property=\"og:description\" content=\"Wie sch\u00f6n, dass ihr auf die Seite &#8222;Spenden&#8220; gesto\u00dfen seid! Wie schon durch den Titel angedeutet, k\u00f6nnt ihr hier gerne eine kleine Spende zur finanziellen Unterst\u00fctzung meiner Entsendeorganisation (Don Bosco Volunteers) und damit der ganzen &#8222;Aktion-Don Bosco&#8220; mit all ihren Projekten, Volont\u00e4ren und helfenden H\u00e4nden hinterlassen. Bank: Don Bosco Mission LIGA Bank M\u00fcnchen IBAN: DE66 [&hellip;]\" \/>\n<meta property=\"og:url\" content=\"https:\/\/blogs.donboscovolunteers.de\/hannainbolivien\/spenden\/\" \/>\n<meta property=\"og:site_name\" content=\"Hanna in Bolivien\" \/>\n<meta property=\"article:modified_time\" content=\"2020-01-05T21:34:25+00:00\" \/>\n<meta property=\"og:image\" content=\"https:\/\/blogs.donboscovolunteers.de\/hannainbolivien\/wp-content\/uploads\/sites\/21573\/2020\/01\/DSC00859-e1578259399338.jpg\" \/>\n\t<meta property=\"og:image:width\" content=\"1273\" \/>\n\t<meta property=\"og:image:height\" content=\"640\" \/>\n\t<meta property=\"og:image:type\" content=\"image\/jpeg\" \/>\n<meta name=\"twitter:card\" content=\"summary_large_image\" \/>\n<script type=\"application\/ld+json\" class=\"yoast-schema-graph\">{\"@context\":\"https:\/\/schema.org\",\"@graph\":[{\"@type\":\"WebPage\",\"@id\":\"https:\/\/blogs.donboscovolunteers.de\/hannainbolivien\/spenden\/\",\"url\":\"https:\/\/blogs.donboscovolunteers.de\/hannainbolivien\/spenden\/\",\"name\":\"Spenden - Hanna in Bolivien\",\"isPartOf\":{\"@id\":\"https:\/\/blogs.donboscovolunteers.de\/hannainbolivien\/#website\"},\"primaryImageOfPage\":{\"@id\":\"https:\/\/blogs.donboscovolunteers.de\/hannainbolivien\/spenden\/#primaryimage\"},\"image\":{\"@id\":\"https:\/\/blogs.donboscovolunteers.de\/hannainbolivien\/spenden\/#primaryimage\"},\"thumbnailUrl\":\"https:\/\/blogs.donboscovolunteers.de\/hannainbolivien\/wp-content\/uploads\/sites\/21573\/2020\/01\/DSC00859-e1578259399338.jpg\",\"datePublished\":\"2020-01-05T21:34:23+00:00\",\"dateModified\":\"2020-01-05T21:34:25+00:00\",\"breadcrumb\":{\"@id\":\"https:\/\/blogs.donboscovolunteers.de\/hannainbolivien\/spenden\/#breadcrumb\"},\"inLanguage\":\"de\",\"potentialAction\":[{\"@type\":\"ReadAction\",\"target\":[\"https:\/\/blogs.donboscovolunteers.de\/hannainbolivien\/spenden\/\"]}]},{\"@type\":\"ImageObject\",\"inLanguage\":\"de\",\"@id\":\"https:\/\/blogs.donboscovolunteers.de\/hannainbolivien\/spenden\/#primaryimage\",\"url\":\"https:\/\/blogs.donboscovolunteers.de\/hannainbolivien\/wp-content\/uploads\/sites\/21573\/2020\/01\/DSC00859-e1578259399338.jpg\",\"contentUrl\":\"https:\/\/blogs.donboscovolunteers.de\/hannainbolivien\/wp-content\/uploads\/sites\/21573\/2020\/01\/DSC00859-e1578259399338.jpg\",\"width\":1273,\"height\":640},{\"@type\":\"BreadcrumbList\",\"@id\":\"https:\/\/blogs.donboscovolunteers.de\/hannainbolivien\/spenden\/#breadcrumb\",\"itemListElement\":[{\"@type\":\"ListItem\",\"position\":1,\"name\":\"Startseite\",\"item\":\"https:\/\/blogs.donboscovolunteers.de\/hannainbolivien\/\"},{\"@type\":\"ListItem\",\"position\":2,\"name\":\"Spenden\"}]},{\"@type\":\"WebSite\",\"@id\":\"https:\/\/blogs.donboscovolunteers.de\/hannainbolivien\/#website\",\"url\":\"https:\/\/blogs.donboscovolunteers.de\/hannainbolivien\/\",\"name\":\"Hanna in Bolivien\",\"description\":\"Ein Jahr dort, wo der Mond auf dem Kopf steht\",\"potentialAction\":[{\"@type\":\"SearchAction\",\"target\":{\"@type\":\"EntryPoint\",\"urlTemplate\":\"https:\/\/blogs.donboscovolunteers.de\/hannainbolivien\/?s={search_term_string}\"},\"query-input\":{\"@type\":\"PropertyValueSpecification\",\"valueRequired\":true,\"valueName\":\"search_term_string\"}}],\"inLanguage\":\"de\"}]}<\/script>\n<!-- \/ Yoast SEO plugin. -->","yoast_head_json":{"title":"Spenden - Hanna in Bolivien","robots":{"index":"index","follow":"follow","max-snippet":"max-snippet:-1","max-image-preview":"max-image-preview:large","max-video-preview":"max-video-preview:-1"},"canonical":"https:\/\/blogs.donboscovolunteers.de\/hannainbolivien\/spenden\/","og_locale":"de_DE","og_type":"article","og_title":"Spenden - Hanna in Bolivien","og_description":"Wie sch\u00f6n, dass ihr auf die Seite &#8222;Spenden&#8220; gesto\u00dfen seid! Wie schon durch den Titel angedeutet, k\u00f6nnt ihr hier gerne eine kleine Spende zur finanziellen Unterst\u00fctzung meiner Entsendeorganisation (Don Bosco Volunteers) und damit der ganzen &#8222;Aktion-Don Bosco&#8220; mit all ihren Projekten, Volont\u00e4ren und helfenden H\u00e4nden hinterlassen. Bank: Don Bosco Mission LIGA Bank M\u00fcnchen IBAN: DE66 [&hellip;]","og_url":"https:\/\/blogs.donboscovolunteers.de\/hannainbolivien\/spenden\/","og_site_name":"Hanna in Bolivien","article_modified_time":"2020-01-05T21:34:25+00:00","og_image":[{"width":1273,"height":640,"url":"https:\/\/blogs.donboscovolunteers.de\/hannainbolivien\/wp-content\/uploads\/sites\/21573\/2020\/01\/DSC00859-e1578259399338.jpg","type":"image\/jpeg"}],"twitter_card":"summary_large_image","schema":{"@context":"https:\/\/schema.org","@graph":[{"@type":"WebPage","@id":"https:\/\/blogs.donboscovolunteers.de\/hannainbolivien\/spenden\/","url":"https:\/\/blogs.donboscovolunteers.de\/hannainbolivien\/spenden\/","name":"Spenden - Hanna in Bolivien","isPartOf":{"@id":"https:\/\/blogs.donboscovolunteers.de\/hannainbolivien\/#website"},"primaryImageOfPage":{"@id":"https:\/\/blogs.donboscovolunteers.de\/hannainbolivien\/spenden\/#primaryimage"},"image":{"@id":"https:\/\/blogs.donboscovolunteers.de\/hannainbolivien\/spenden\/#primaryimage"},"thumbnailUrl":"https:\/\/blogs.donboscovolunteers.de\/hannainbolivien\/wp-content\/uploads\/sites\/21573\/2020\/01\/DSC00859-e1578259399338.jpg","datePublished":"2020-01-05T21:34:23+00:00","dateModified":"2020-01-05T21:34:25+00:00","breadcrumb":{"@id":"https:\/\/blogs.donboscovolunteers.de\/hannainbolivien\/spenden\/#breadcrumb"},"inLanguage":"de","potentialAction":[{"@type":"ReadAction","target":["https:\/\/blogs.donboscovolunteers.de\/hannainbolivien\/spenden\/"]}]},{"@type":"ImageObject","inLanguage":"de","@id":"https:\/\/blogs.donboscovolunteers.de\/hannainbolivien\/spenden\/#primaryimage","url":"https:\/\/blogs.donboscovolunteers.de\/hannainbolivien\/wp-content\/uploads\/sites\/21573\/2020\/01\/DSC00859-e1578259399338.jpg","contentUrl":"https:\/\/blogs.donboscovolunteers.de\/hannainbolivien\/wp-content\/uploads\/sites\/21573\/2020\/01\/DSC00859-e1578259399338.jpg","width":1273,"height":640},{"@type":"BreadcrumbList","@id":"https:\/\/blogs.donboscovolunteers.de\/hannainbolivien\/spenden\/#breadcrumb","itemListElement":[{"@type":"ListItem","position":1,"name":"Startseite","item":"https:\/\/blogs.donboscovolunteers.de\/hannainbolivien\/"},{"@type":"ListItem","position":2,"name":"Spenden"}]},{"@type":"WebSite","@id":"https:\/\/blogs.donboscovolunteers.de\/hannainbolivien\/#website","url":"https:\/\/blogs.donboscovolunteers.de\/hannainbolivien\/","name":"Hanna in Bolivien","description":"Ein Jahr dort, wo der Mond auf dem Kopf steht","potentialAction":[{"@type":"SearchAction","target":{"@type":"EntryPoint","urlTemplate":"https:\/\/blogs.donboscovolunteers.de\/hannainbolivien\/?s={search_term_string}"},"query-input":{"@type":"PropertyValueSpecification","valueRequired":true,"valueName":"search_term_string"}}],"inLanguage":"de"}]}},"_links":{"self":[{"href":"https:\/\/blogs.donboscovolunteers.de\/hannainbolivien\/wp-json\/wp\/v2\/pages\/66","targetHints":{"allow":["GET"]}}],"collection":[{"href":"https:\/\/blogs.donboscovolunteers.de\/hannainbolivien\/wp-json\/wp\/v2\/pages"}],"about":[{"href":"https:\/\/blogs.donboscovolunteers.de\/hannainbolivien\/wp-json\/wp\/v2\/types\/page"}],"author":[{"embeddable":true,"href":"https:\/\/blogs.donboscovolunteers.de\/hannainbolivien\/wp-json\/wp\/v2\/users\/21632"}],"replies":[{"embeddable":true,"href":"https:\/\/blogs.donboscovolunteers.de\/hannainbolivien\/wp-json\/wp\/v2\/comments?post=66"}],"version-history":[{"count":4,"href":"https:\/\/blogs.donboscovolunteers.de\/hannainbolivien\/wp-json\/wp\/v2\/pages\/66\/revisions"}],"predecessor-version":[{"id":74,"href":"https:\/\/blogs.donboscovolunteers.de\/hannainbolivien\/wp-json\/wp\/v2\/pages\/66\/revisions\/74"}],"wp:featuredmedia":[{"embeddable":true,"href":"https:\/\/blogs.donboscovolunteers.de\/hannainbolivien\/wp-json\/wp\/v2\/media\/68"}],"wp:attachment":[{"href":"https:\/\/blogs.donboscovolunteers.de\/hannainbolivien\/wp-json\/wp\/v2\/media?parent=66"}],"curies":[{"name":"wp","href":"https:\/\/api.w.org\/{rel}","templated":true}]}}