{"id":43,"date":"2022-07-23T12:53:27","date_gmt":"2022-07-23T10:53:27","guid":{"rendered":"https:\/\/blogs.donboscovolunteers.de\/hannahinbolivien\/?page_id=43"},"modified":"2022-11-28T23:42:15","modified_gmt":"2022-11-28T22:42:15","slug":"mein-projekt","status":"publish","type":"page","link":"https:\/\/blogs.donboscovolunteers.de\/hannahinbolivien\/mein-projekt\/","title":{"rendered":"Mein Projekt"},"content":{"rendered":"<p>Das Projekt in dem ich arbeite, besteht aus vier verschiedenen Einrichtungen und zwar:<\/p>\n\n\n\n<ol class=\"wp-block-list\">\n<li>Dem Techo Pinardi: Hier arbeitet mein Mitvolont\u00e4r Lukas. Die Einrichtung im Zentrum von <a href=\"https:\/\/strassenkinder.de\/laender\/lateinamerika\/bolivien-strassenkinderzentrum\/\">Santa Cruz<\/a> dient als erste Anlaufstelle f\u00fcr jugendliche Jungs, die auf der Stra\u00dfe leben. Hier bekommen sie nicht nur Unterkunft und Verpflegung, sondern auch Struktur in ihrem Leben. Nach ca. 6 Monaten kommen die Jungs dann in eine dauerhafte Unterkunft, z.B. in<\/li>\n\n\n\n<li>Das Hogar <a href=\"https:\/\/www.donboscomission.de\/don-bosco\/\">Don Bosco<\/a>: hier leben Jungs von 6-18 Jahren permanent, nicht nur als \u00dcbergang. Insgesamt sind es fast 70 von ihnen, Angelina arbeitet mit den Kleinen, Jona und ich mit den Mittleren und Teresa mit den Gro\u00dfen.<\/li>\n\n\n\n<li>Das Barrio Juvenil: ab einem Alter von 16 Jahren kommen die Jungs aus dem Hogar z.B. ins Barrio. Hier k\u00f6nnen sie bis sie 22 sind die Schule abschlie\u00dfen und sogar eine Ausbildung beginnen.<\/li>\n\n\n\n<li>Das Mano Amiga ist unser M\u00e4dchenheim, hier sind nicht nur Jungs, sondern vor allem auch M\u00e4dchen zwischen 5 und 13 Jahren  untergebracht, die z.B. aus schwierigen Familienverh\u00e4ltnissen stammen. Ziel ist aber hierbei auch, die Kinder m\u00f6glichst in (Pflege-) Familien unterzubringen, wenn auch die Unterbringung nicht ganz so tempor\u00e4r ist, wie bspw. im Techo Pinardi. Im Mano Amiga arbeiten meine beiden Muttfreiwilligen Pavel und Sofia.<\/li>\n<\/ol>\n\n\n\n<p>Ich hoffe, dass ich euch hiermit einen kleinen Einblick in unser Projekt geben konnte und ihr so auch die Hintergr\u00fcnde zu meinem Blog besser nachvollziehen k\u00f6nnt.<\/p>\n\n\n\n<p>Danke f\u00fcr eure Lesebereitschaft und bis bald,<\/p>\n\n\n\n<p>Hannah<\/p>\n\n\n\n<p><\/p>","protected":false},"excerpt":{"rendered":"<p>Das Projekt in dem ich arbeite, besteht aus vier verschiedenen Einrichtungen und zwar: Ich hoffe, dass ich euch hiermit einen kleinen Einblick in unser Projekt geben konnte und ihr so auch die Hintergr\u00fcnde zu meinem Blog besser nachvollziehen k\u00f6nnt. Danke f\u00fcr eure Lesebereitschaft und bis bald, Hannah<\/p>\n","protected":false},"author":21732,"featured_media":0,"parent":0,"menu_order":0,"comment_status":"closed","ping_status":"closed","template":"","meta":{"footnotes":""},"class_list":["post-43","page","type-page","status-publish","hentry"],"yoast_head":"<!-- This site is optimized with the Yoast SEO plugin v25.3.1 - https:\/\/yoast.com\/wordpress\/plugins\/seo\/ -->\n<title>Mein Projekt - Hannah in Bolivien<\/title>\n<meta name=\"robots\" content=\"index, follow, max-snippet:-1, max-image-preview:large, max-video-preview:-1\" \/>\n<link rel=\"canonical\" href=\"https:\/\/blogs.donboscovolunteers.de\/hannahinbolivien\/mein-projekt\/\" \/>\n<meta property=\"og:locale\" content=\"de_DE\" \/>\n<meta property=\"og:type\" content=\"article\" \/>\n<meta property=\"og:title\" content=\"Mein Projekt - Hannah in Bolivien\" \/>\n<meta property=\"og:description\" content=\"Das Projekt in dem ich arbeite, besteht aus vier verschiedenen Einrichtungen und zwar: Ich hoffe, dass ich euch hiermit einen kleinen Einblick in unser Projekt geben konnte und ihr so auch die Hintergr\u00fcnde zu meinem Blog besser nachvollziehen k\u00f6nnt. Danke f\u00fcr eure Lesebereitschaft und bis bald, Hannah\" \/>\n<meta property=\"og:url\" content=\"https:\/\/blogs.donboscovolunteers.de\/hannahinbolivien\/mein-projekt\/\" \/>\n<meta property=\"og:site_name\" content=\"Hannah in Bolivien\" \/>\n<meta property=\"article:modified_time\" content=\"2022-11-28T22:42:15+00:00\" \/>\n<meta name=\"twitter:card\" content=\"summary_large_image\" \/>\n<meta name=\"twitter:label1\" content=\"Gesch\u00e4tzte Lesezeit\" \/>\n\t<meta name=\"twitter:data1\" content=\"2\u00a0Minuten\" \/>\n<script type=\"application\/ld+json\" class=\"yoast-schema-graph\">{\"@context\":\"https:\/\/schema.org\",\"@graph\":[{\"@type\":\"WebPage\",\"@id\":\"https:\/\/blogs.donboscovolunteers.de\/hannahinbolivien\/mein-projekt\/\",\"url\":\"https:\/\/blogs.donboscovolunteers.de\/hannahinbolivien\/mein-projekt\/\",\"name\":\"Mein Projekt - Hannah in Bolivien\",\"isPartOf\":{\"@id\":\"https:\/\/blogs.donboscovolunteers.de\/hannahinbolivien\/#website\"},\"datePublished\":\"2022-07-23T10:53:27+00:00\",\"dateModified\":\"2022-11-28T22:42:15+00:00\",\"breadcrumb\":{\"@id\":\"https:\/\/blogs.donboscovolunteers.de\/hannahinbolivien\/mein-projekt\/#breadcrumb\"},\"inLanguage\":\"de\",\"potentialAction\":[{\"@type\":\"ReadAction\",\"target\":[\"https:\/\/blogs.donboscovolunteers.de\/hannahinbolivien\/mein-projekt\/\"]}]},{\"@type\":\"BreadcrumbList\",\"@id\":\"https:\/\/blogs.donboscovolunteers.de\/hannahinbolivien\/mein-projekt\/#breadcrumb\",\"itemListElement\":[{\"@type\":\"ListItem\",\"position\":1,\"name\":\"Startseite\",\"item\":\"https:\/\/blogs.donboscovolunteers.de\/hannahinbolivien\/\"},{\"@type\":\"ListItem\",\"position\":2,\"name\":\"Mein Projekt\"}]},{\"@type\":\"WebSite\",\"@id\":\"https:\/\/blogs.donboscovolunteers.de\/hannahinbolivien\/#website\",\"url\":\"https:\/\/blogs.donboscovolunteers.de\/hannahinbolivien\/\",\"name\":\"Hannah in Bolivien\",\"description\":\"\",\"potentialAction\":[{\"@type\":\"SearchAction\",\"target\":{\"@type\":\"EntryPoint\",\"urlTemplate\":\"https:\/\/blogs.donboscovolunteers.de\/hannahinbolivien\/?s={search_term_string}\"},\"query-input\":{\"@type\":\"PropertyValueSpecification\",\"valueRequired\":true,\"valueName\":\"search_term_string\"}}],\"inLanguage\":\"de\"}]}<\/script>\n<!-- \/ Yoast SEO plugin. -->","yoast_head_json":{"title":"Mein Projekt - Hannah in Bolivien","robots":{"index":"index","follow":"follow","max-snippet":"max-snippet:-1","max-image-preview":"max-image-preview:large","max-video-preview":"max-video-preview:-1"},"canonical":"https:\/\/blogs.donboscovolunteers.de\/hannahinbolivien\/mein-projekt\/","og_locale":"de_DE","og_type":"article","og_title":"Mein Projekt - Hannah in Bolivien","og_description":"Das Projekt in dem ich arbeite, besteht aus vier verschiedenen Einrichtungen und zwar: Ich hoffe, dass ich euch hiermit einen kleinen Einblick in unser Projekt geben konnte und ihr so auch die Hintergr\u00fcnde zu meinem Blog besser nachvollziehen k\u00f6nnt. Danke f\u00fcr eure Lesebereitschaft und bis bald, Hannah","og_url":"https:\/\/blogs.donboscovolunteers.de\/hannahinbolivien\/mein-projekt\/","og_site_name":"Hannah in Bolivien","article_modified_time":"2022-11-28T22:42:15+00:00","twitter_card":"summary_large_image","twitter_misc":{"Gesch\u00e4tzte Lesezeit":"2\u00a0Minuten"},"schema":{"@context":"https:\/\/schema.org","@graph":[{"@type":"WebPage","@id":"https:\/\/blogs.donboscovolunteers.de\/hannahinbolivien\/mein-projekt\/","url":"https:\/\/blogs.donboscovolunteers.de\/hannahinbolivien\/mein-projekt\/","name":"Mein Projekt - Hannah in Bolivien","isPartOf":{"@id":"https:\/\/blogs.donboscovolunteers.de\/hannahinbolivien\/#website"},"datePublished":"2022-07-23T10:53:27+00:00","dateModified":"2022-11-28T22:42:15+00:00","breadcrumb":{"@id":"https:\/\/blogs.donboscovolunteers.de\/hannahinbolivien\/mein-projekt\/#breadcrumb"},"inLanguage":"de","potentialAction":[{"@type":"ReadAction","target":["https:\/\/blogs.donboscovolunteers.de\/hannahinbolivien\/mein-projekt\/"]}]},{"@type":"BreadcrumbList","@id":"https:\/\/blogs.donboscovolunteers.de\/hannahinbolivien\/mein-projekt\/#breadcrumb","itemListElement":[{"@type":"ListItem","position":1,"name":"Startseite","item":"https:\/\/blogs.donboscovolunteers.de\/hannahinbolivien\/"},{"@type":"ListItem","position":2,"name":"Mein Projekt"}]},{"@type":"WebSite","@id":"https:\/\/blogs.donboscovolunteers.de\/hannahinbolivien\/#website","url":"https:\/\/blogs.donboscovolunteers.de\/hannahinbolivien\/","name":"Hannah in Bolivien","description":"","potentialAction":[{"@type":"SearchAction","target":{"@type":"EntryPoint","urlTemplate":"https:\/\/blogs.donboscovolunteers.de\/hannahinbolivien\/?s={search_term_string}"},"query-input":{"@type":"PropertyValueSpecification","valueRequired":true,"valueName":"search_term_string"}}],"inLanguage":"de"}]}},"_links":{"self":[{"href":"https:\/\/blogs.donboscovolunteers.de\/hannahinbolivien\/wp-json\/wp\/v2\/pages\/43","targetHints":{"allow":["GET"]}}],"collection":[{"href":"https:\/\/blogs.donboscovolunteers.de\/hannahinbolivien\/wp-json\/wp\/v2\/pages"}],"about":[{"href":"https:\/\/blogs.donboscovolunteers.de\/hannahinbolivien\/wp-json\/wp\/v2\/types\/page"}],"author":[{"embeddable":true,"href":"https:\/\/blogs.donboscovolunteers.de\/hannahinbolivien\/wp-json\/wp\/v2\/users\/21732"}],"replies":[{"embeddable":true,"href":"https:\/\/blogs.donboscovolunteers.de\/hannahinbolivien\/wp-json\/wp\/v2\/comments?post=43"}],"version-history":[{"count":2,"href":"https:\/\/blogs.donboscovolunteers.de\/hannahinbolivien\/wp-json\/wp\/v2\/pages\/43\/revisions"}],"predecessor-version":[{"id":148,"href":"https:\/\/blogs.donboscovolunteers.de\/hannahinbolivien\/wp-json\/wp\/v2\/pages\/43\/revisions\/148"}],"wp:attachment":[{"href":"https:\/\/blogs.donboscovolunteers.de\/hannahinbolivien\/wp-json\/wp\/v2\/media?parent=43"}],"curies":[{"name":"wp","href":"https:\/\/api.w.org\/{rel}","templated":true}]}}