{"id":39,"date":"2022-07-23T12:52:54","date_gmt":"2022-07-23T10:52:54","guid":{"rendered":"https:\/\/blogs.donboscovolunteers.de\/hannahinbolivien\/?page_id=39"},"modified":"2022-10-11T04:44:35","modified_gmt":"2022-10-11T02:44:35","slug":"ueber-mich","status":"publish","type":"page","link":"https:\/\/blogs.donboscovolunteers.de\/hannahinbolivien\/ueber-mich\/","title":{"rendered":"\u00dcber mich"},"content":{"rendered":"<p>Hallo zusammen, ich hei\u00dfe Hannah Dreizler, bin momentan noch 17 Jahre alt und wohne mit meinen Eltern und meinen zwei j\u00fcngeren Schwestern in Esslingen am Neckar, in der N\u00e4he von Stuttgart. <\/p>\n\n\n\n<p>Einen <a href=\"https:\/\/www.donboscovolunteers.de\/\">Freiwilligendienst<\/a> in S\u00fcdamerika zu machen, war und ist seit Jahren mein Plan und auch der Grund, weshalb ich in der Schule als zus\u00e4tzliches Fach ab der zehnten Klasse noch Spanisch gew\u00e4hlt habe. Diesen Traum kann ich mir nun mit Hilfe der <a href=\"https:\/\/www.donboscomission.de\/don-bosco\/\">Don Bosco<\/a> Volunteers erf\u00fcllen! Am 14. September geht es f\u00fcr mich und meine Mitvolont\u00e4re los nach <a href=\"https:\/\/strassenkinder.de\/laender\/lateinamerika\/bolivien-strassenkinderzentrum\/\">Santa Cruz<\/a>, der gr\u00f6\u00dften Stadt in <a href=\"https:\/\/multimedia.strassenkinder.de\/bolivien\">Bolivien<\/a>. Dort werde ich f\u00fcr fast zw\u00f6lf Monate in einem Projekt f\u00fcr Kinder und Jugendliche mit dem ehemaligen Lebensmittelpunkt Stra\u00dfe mithelfen. \u00dcber meine Erfahrungen und Erlebnisse dort k\u00f6nnt ihr hier in meinem Blog mehr erfahren.<\/p>\n\n\n\n<p>Ich freue mich auf euer Interesse und den Austauch mit euch.<\/p>\n\n\n\n<p>Saludos Cordiales,<\/p>\n\n\n\n<p>Hannah <\/p>\n\n\n\n<figure class=\"wp-block-image size-large is-resized\"><img loading=\"lazy\" decoding=\"async\" src=\"https:\/\/blogs.donboscovolunteers.de\/hannahinbolivien\/wp-content\/uploads\/sites\/21645\/2022\/10\/20220914_183451-Flugzeug-1-768x1024.jpg\" alt=\"\" class=\"wp-image-111\" width=\"262\" height=\"349\" srcset=\"https:\/\/blogs.donboscovolunteers.de\/hannahinbolivien\/wp-content\/uploads\/sites\/21645\/2022\/10\/20220914_183451-Flugzeug-1-768x1024.jpg 768w, https:\/\/blogs.donboscovolunteers.de\/hannahinbolivien\/wp-content\/uploads\/sites\/21645\/2022\/10\/20220914_183451-Flugzeug-1-225x300.jpg 225w, https:\/\/blogs.donboscovolunteers.de\/hannahinbolivien\/wp-content\/uploads\/sites\/21645\/2022\/10\/20220914_183451-Flugzeug-1-900x1200.jpg 900w, https:\/\/blogs.donboscovolunteers.de\/hannahinbolivien\/wp-content\/uploads\/sites\/21645\/2022\/10\/20220914_183451-Flugzeug-1.jpg 960w\" sizes=\"auto, (max-width: 262px) 100vw, 262px\" \/><\/figure>\n\n\n\n<p>PS: Damit die Sicherheit der Kinder und Jugendlichen stets gew\u00e4hrleistet ist, kann und wird es bei konkreten Erlebnissen zu Namens\u00e4nderungen kommen.<\/p>","protected":false},"excerpt":{"rendered":"<p>Hallo zusammen, ich hei\u00dfe Hannah Dreizler, bin momentan noch 17 Jahre alt und wohne mit meinen Eltern und meinen zwei j\u00fcngeren Schwestern in Esslingen am Neckar, in der N\u00e4he von Stuttgart. Einen <a href=\"https:\/\/www.donboscovolunteers.de\/\">Freiwilligendienst<\/a> in S\u00fcdamerika zu machen, war und ist seit Jahren mein Plan und auch der Grund, weshalb ich in der Schule als zus\u00e4tzliches [&hellip;]<\/p>\n","protected":false},"author":21732,"featured_media":0,"parent":0,"menu_order":0,"comment_status":"closed","ping_status":"closed","template":"","meta":{"footnotes":""},"class_list":["post-39","page","type-page","status-publish","hentry"],"yoast_head":"<!-- This site is optimized with the Yoast SEO plugin v25.3.1 - https:\/\/yoast.com\/wordpress\/plugins\/seo\/ -->\n<title>\u00dcber mich - Hannah in Bolivien<\/title>\n<meta name=\"robots\" content=\"index, follow, max-snippet:-1, max-image-preview:large, max-video-preview:-1\" \/>\n<link rel=\"canonical\" href=\"https:\/\/blogs.donboscovolunteers.de\/hannahinbolivien\/ueber-mich\/\" \/>\n<meta property=\"og:locale\" content=\"de_DE\" \/>\n<meta property=\"og:type\" content=\"article\" \/>\n<meta property=\"og:title\" content=\"\u00dcber mich - Hannah in Bolivien\" \/>\n<meta property=\"og:description\" content=\"Hallo zusammen, ich hei\u00dfe Hannah Dreizler, bin momentan noch 17 Jahre alt und wohne mit meinen Eltern und meinen zwei j\u00fcngeren Schwestern in Esslingen am Neckar, in der N\u00e4he von Stuttgart. Einen Freiwilligendienst in S\u00fcdamerika zu machen, war und ist seit Jahren mein Plan und auch der Grund, weshalb ich in der Schule als zus\u00e4tzliches [&hellip;]\" \/>\n<meta property=\"og:url\" content=\"https:\/\/blogs.donboscovolunteers.de\/hannahinbolivien\/ueber-mich\/\" \/>\n<meta property=\"og:site_name\" content=\"Hannah in Bolivien\" \/>\n<meta property=\"article:modified_time\" content=\"2022-10-11T02:44:35+00:00\" \/>\n<meta property=\"og:image\" content=\"https:\/\/blogs.donboscovolunteers.de\/hannahinbolivien\/wp-content\/uploads\/sites\/21645\/2022\/10\/20220914_183451-Flugzeug-1-768x1024.jpg\" \/>\n<meta name=\"twitter:card\" content=\"summary_large_image\" \/>\n<meta name=\"twitter:label1\" content=\"Gesch\u00e4tzte Lesezeit\" \/>\n\t<meta name=\"twitter:data1\" content=\"2\u00a0Minuten\" \/>\n<script type=\"application\/ld+json\" class=\"yoast-schema-graph\">{\"@context\":\"https:\/\/schema.org\",\"@graph\":[{\"@type\":\"WebPage\",\"@id\":\"https:\/\/blogs.donboscovolunteers.de\/hannahinbolivien\/ueber-mich\/\",\"url\":\"https:\/\/blogs.donboscovolunteers.de\/hannahinbolivien\/ueber-mich\/\",\"name\":\"\u00dcber mich - Hannah in Bolivien\",\"isPartOf\":{\"@id\":\"https:\/\/blogs.donboscovolunteers.de\/hannahinbolivien\/#website\"},\"primaryImageOfPage\":{\"@id\":\"https:\/\/blogs.donboscovolunteers.de\/hannahinbolivien\/ueber-mich\/#primaryimage\"},\"image\":{\"@id\":\"https:\/\/blogs.donboscovolunteers.de\/hannahinbolivien\/ueber-mich\/#primaryimage\"},\"thumbnailUrl\":\"https:\/\/blogs.donboscovolunteers.de\/hannahinbolivien\/wp-content\/uploads\/sites\/21645\/2022\/10\/20220914_183451-Flugzeug-1-768x1024.jpg\",\"datePublished\":\"2022-07-23T10:52:54+00:00\",\"dateModified\":\"2022-10-11T02:44:35+00:00\",\"breadcrumb\":{\"@id\":\"https:\/\/blogs.donboscovolunteers.de\/hannahinbolivien\/ueber-mich\/#breadcrumb\"},\"inLanguage\":\"de\",\"potentialAction\":[{\"@type\":\"ReadAction\",\"target\":[\"https:\/\/blogs.donboscovolunteers.de\/hannahinbolivien\/ueber-mich\/\"]}]},{\"@type\":\"ImageObject\",\"inLanguage\":\"de\",\"@id\":\"https:\/\/blogs.donboscovolunteers.de\/hannahinbolivien\/ueber-mich\/#primaryimage\",\"url\":\"https:\/\/blogs.donboscovolunteers.de\/hannahinbolivien\/wp-content\/uploads\/sites\/21645\/2022\/10\/20220914_183451-Flugzeug-1.jpg\",\"contentUrl\":\"https:\/\/blogs.donboscovolunteers.de\/hannahinbolivien\/wp-content\/uploads\/sites\/21645\/2022\/10\/20220914_183451-Flugzeug-1.jpg\",\"width\":960,\"height\":1280},{\"@type\":\"BreadcrumbList\",\"@id\":\"https:\/\/blogs.donboscovolunteers.de\/hannahinbolivien\/ueber-mich\/#breadcrumb\",\"itemListElement\":[{\"@type\":\"ListItem\",\"position\":1,\"name\":\"Startseite\",\"item\":\"https:\/\/blogs.donboscovolunteers.de\/hannahinbolivien\/\"},{\"@type\":\"ListItem\",\"position\":2,\"name\":\"\u00dcber mich\"}]},{\"@type\":\"WebSite\",\"@id\":\"https:\/\/blogs.donboscovolunteers.de\/hannahinbolivien\/#website\",\"url\":\"https:\/\/blogs.donboscovolunteers.de\/hannahinbolivien\/\",\"name\":\"Hannah in Bolivien\",\"description\":\"\",\"potentialAction\":[{\"@type\":\"SearchAction\",\"target\":{\"@type\":\"EntryPoint\",\"urlTemplate\":\"https:\/\/blogs.donboscovolunteers.de\/hannahinbolivien\/?s={search_term_string}\"},\"query-input\":{\"@type\":\"PropertyValueSpecification\",\"valueRequired\":true,\"valueName\":\"search_term_string\"}}],\"inLanguage\":\"de\"}]}<\/script>\n<!-- \/ Yoast SEO plugin. -->","yoast_head_json":{"title":"\u00dcber mich - Hannah in Bolivien","robots":{"index":"index","follow":"follow","max-snippet":"max-snippet:-1","max-image-preview":"max-image-preview:large","max-video-preview":"max-video-preview:-1"},"canonical":"https:\/\/blogs.donboscovolunteers.de\/hannahinbolivien\/ueber-mich\/","og_locale":"de_DE","og_type":"article","og_title":"\u00dcber mich - Hannah in Bolivien","og_description":"Hallo zusammen, ich hei\u00dfe Hannah Dreizler, bin momentan noch 17 Jahre alt und wohne mit meinen Eltern und meinen zwei j\u00fcngeren Schwestern in Esslingen am Neckar, in der N\u00e4he von Stuttgart. Einen Freiwilligendienst in S\u00fcdamerika zu machen, war und ist seit Jahren mein Plan und auch der Grund, weshalb ich in der Schule als zus\u00e4tzliches [&hellip;]","og_url":"https:\/\/blogs.donboscovolunteers.de\/hannahinbolivien\/ueber-mich\/","og_site_name":"Hannah in Bolivien","article_modified_time":"2022-10-11T02:44:35+00:00","og_image":[{"url":"https:\/\/blogs.donboscovolunteers.de\/hannahinbolivien\/wp-content\/uploads\/sites\/21645\/2022\/10\/20220914_183451-Flugzeug-1-768x1024.jpg","type":"","width":"","height":""}],"twitter_card":"summary_large_image","twitter_misc":{"Gesch\u00e4tzte Lesezeit":"2\u00a0Minuten"},"schema":{"@context":"https:\/\/schema.org","@graph":[{"@type":"WebPage","@id":"https:\/\/blogs.donboscovolunteers.de\/hannahinbolivien\/ueber-mich\/","url":"https:\/\/blogs.donboscovolunteers.de\/hannahinbolivien\/ueber-mich\/","name":"\u00dcber mich - Hannah in Bolivien","isPartOf":{"@id":"https:\/\/blogs.donboscovolunteers.de\/hannahinbolivien\/#website"},"primaryImageOfPage":{"@id":"https:\/\/blogs.donboscovolunteers.de\/hannahinbolivien\/ueber-mich\/#primaryimage"},"image":{"@id":"https:\/\/blogs.donboscovolunteers.de\/hannahinbolivien\/ueber-mich\/#primaryimage"},"thumbnailUrl":"https:\/\/blogs.donboscovolunteers.de\/hannahinbolivien\/wp-content\/uploads\/sites\/21645\/2022\/10\/20220914_183451-Flugzeug-1-768x1024.jpg","datePublished":"2022-07-23T10:52:54+00:00","dateModified":"2022-10-11T02:44:35+00:00","breadcrumb":{"@id":"https:\/\/blogs.donboscovolunteers.de\/hannahinbolivien\/ueber-mich\/#breadcrumb"},"inLanguage":"de","potentialAction":[{"@type":"ReadAction","target":["https:\/\/blogs.donboscovolunteers.de\/hannahinbolivien\/ueber-mich\/"]}]},{"@type":"ImageObject","inLanguage":"de","@id":"https:\/\/blogs.donboscovolunteers.de\/hannahinbolivien\/ueber-mich\/#primaryimage","url":"https:\/\/blogs.donboscovolunteers.de\/hannahinbolivien\/wp-content\/uploads\/sites\/21645\/2022\/10\/20220914_183451-Flugzeug-1.jpg","contentUrl":"https:\/\/blogs.donboscovolunteers.de\/hannahinbolivien\/wp-content\/uploads\/sites\/21645\/2022\/10\/20220914_183451-Flugzeug-1.jpg","width":960,"height":1280},{"@type":"BreadcrumbList","@id":"https:\/\/blogs.donboscovolunteers.de\/hannahinbolivien\/ueber-mich\/#breadcrumb","itemListElement":[{"@type":"ListItem","position":1,"name":"Startseite","item":"https:\/\/blogs.donboscovolunteers.de\/hannahinbolivien\/"},{"@type":"ListItem","position":2,"name":"\u00dcber mich"}]},{"@type":"WebSite","@id":"https:\/\/blogs.donboscovolunteers.de\/hannahinbolivien\/#website","url":"https:\/\/blogs.donboscovolunteers.de\/hannahinbolivien\/","name":"Hannah in Bolivien","description":"","potentialAction":[{"@type":"SearchAction","target":{"@type":"EntryPoint","urlTemplate":"https:\/\/blogs.donboscovolunteers.de\/hannahinbolivien\/?s={search_term_string}"},"query-input":{"@type":"PropertyValueSpecification","valueRequired":true,"valueName":"search_term_string"}}],"inLanguage":"de"}]}},"_links":{"self":[{"href":"https:\/\/blogs.donboscovolunteers.de\/hannahinbolivien\/wp-json\/wp\/v2\/pages\/39","targetHints":{"allow":["GET"]}}],"collection":[{"href":"https:\/\/blogs.donboscovolunteers.de\/hannahinbolivien\/wp-json\/wp\/v2\/pages"}],"about":[{"href":"https:\/\/blogs.donboscovolunteers.de\/hannahinbolivien\/wp-json\/wp\/v2\/types\/page"}],"author":[{"embeddable":true,"href":"https:\/\/blogs.donboscovolunteers.de\/hannahinbolivien\/wp-json\/wp\/v2\/users\/21732"}],"replies":[{"embeddable":true,"href":"https:\/\/blogs.donboscovolunteers.de\/hannahinbolivien\/wp-json\/wp\/v2\/comments?post=39"}],"version-history":[{"count":6,"href":"https:\/\/blogs.donboscovolunteers.de\/hannahinbolivien\/wp-json\/wp\/v2\/pages\/39\/revisions"}],"predecessor-version":[{"id":113,"href":"https:\/\/blogs.donboscovolunteers.de\/hannahinbolivien\/wp-json\/wp\/v2\/pages\/39\/revisions\/113"}],"wp:attachment":[{"href":"https:\/\/blogs.donboscovolunteers.de\/hannahinbolivien\/wp-json\/wp\/v2\/media?parent=39"}],"curies":[{"name":"wp","href":"https:\/\/api.w.org\/{rel}","templated":true}]}}