{"id":37,"date":"2022-07-23T12:52:41","date_gmt":"2022-07-23T10:52:41","guid":{"rendered":"https:\/\/blogs.donboscovolunteers.de\/hannahinbolivien\/?page_id=37"},"modified":"2022-07-23T13:34:02","modified_gmt":"2022-07-23T11:34:02","slug":"spenden","status":"publish","type":"page","link":"https:\/\/blogs.donboscovolunteers.de\/hannahinbolivien\/spenden\/","title":{"rendered":"Spenden"},"content":{"rendered":"<h2 class=\"wp-block-heading\">Finanzierung des Freiwilligendienstes<\/h2>\n\n\n\n<p>Unser <a href=\"https:\/\/www.donboscovolunteers.de\/\">Freiwilligendienst<\/a> wird zu drei Vierteln \u00fcber das &#8222;Weltw\u00e4rts&#8220;-Programm des deutschen Bundesministeriums f\u00fcr wirtschaftliche Zusammenarbeit und Entwicklung und nur das restliche Viertel sollte der Freiwillige durch einen Unterst\u00fctzer-und F\u00f6rderkreis selbst bestreiten. Falls ihr Lust habt, freue ich mich sehr, wenn ihr ein Teil dieses Kreises werdet und f\u00fcr die Erm\u00f6glichung meines Auslandfrewilligendienstes und mein Projekt eine Spende dalasst.<\/p>\n\n\n\n<p><\/p>\n\n\n\n<h2 class=\"wp-block-heading\">Spendenm\u00f6glichkeit<\/h2>\n\n\n\n<p><a href=\"https:\/\/www.donboscomission.de\/don-bosco\/\">DON BOSCO<\/a> MISSION<\/p>\n\n\n\n<p>LIGA BANK M\u00dcNCHEN<\/p>\n\n\n\n<p>IBAN: DE66 7509 0300 0102 1418 76<\/p>\n\n\n\n<p>BIC: GENODEF1M05<\/p>\n\n\n\n<p>Verwendungszweck: Dreizler, Hannah S22VB002<\/p>\n\n\n\n<p>Tipp: Bei Angabe eurer Adresse erhaltet ihr hinterher auch eine Spendenquittung<\/p>","protected":false},"excerpt":{"rendered":"<p>Finanzierung des Freiwilligendienstes Unser <a href=\"https:\/\/www.donboscovolunteers.de\/\">Freiwilligendienst<\/a> wird zu drei Vierteln \u00fcber das &#8222;Weltw\u00e4rts&#8220;-Programm des deutschen Bundesministeriums f\u00fcr wirtschaftliche Zusammenarbeit und Entwicklung und nur das restliche Viertel sollte der Freiwillige durch einen Unterst\u00fctzer-und F\u00f6rderkreis selbst bestreiten. Falls ihr Lust habt, freue ich mich sehr, wenn ihr ein Teil dieses Kreises werdet und f\u00fcr die Erm\u00f6glichung meines Auslandfrewilligendienstes [&hellip;]<\/p>\n","protected":false},"author":21732,"featured_media":0,"parent":0,"menu_order":0,"comment_status":"closed","ping_status":"closed","template":"","meta":{"footnotes":""},"class_list":["post-37","page","type-page","status-publish","hentry"],"yoast_head":"<!-- This site is optimized with the Yoast SEO plugin v25.3.1 - https:\/\/yoast.com\/wordpress\/plugins\/seo\/ -->\n<title>Spenden - Hannah in Bolivien<\/title>\n<meta name=\"robots\" content=\"index, follow, max-snippet:-1, max-image-preview:large, max-video-preview:-1\" \/>\n<link rel=\"canonical\" href=\"https:\/\/blogs.donboscovolunteers.de\/hannahinbolivien\/spenden\/\" \/>\n<meta property=\"og:locale\" content=\"de_DE\" \/>\n<meta property=\"og:type\" content=\"article\" \/>\n<meta property=\"og:title\" content=\"Spenden - Hannah in Bolivien\" \/>\n<meta property=\"og:description\" content=\"Finanzierung des Freiwilligendienstes Unser Freiwilligendienst wird zu drei Vierteln \u00fcber das &#8222;Weltw\u00e4rts&#8220;-Programm des deutschen Bundesministeriums f\u00fcr wirtschaftliche Zusammenarbeit und Entwicklung und nur das restliche Viertel sollte der Freiwillige durch einen Unterst\u00fctzer-und F\u00f6rderkreis selbst bestreiten. Falls ihr Lust habt, freue ich mich sehr, wenn ihr ein Teil dieses Kreises werdet und f\u00fcr die Erm\u00f6glichung meines Auslandfrewilligendienstes [&hellip;]\" \/>\n<meta property=\"og:url\" content=\"https:\/\/blogs.donboscovolunteers.de\/hannahinbolivien\/spenden\/\" \/>\n<meta property=\"og:site_name\" content=\"Hannah in Bolivien\" \/>\n<meta property=\"article:modified_time\" content=\"2022-07-23T11:34:02+00:00\" \/>\n<meta name=\"twitter:card\" content=\"summary_large_image\" \/>\n<meta name=\"twitter:label1\" content=\"Gesch\u00e4tzte Lesezeit\" \/>\n\t<meta name=\"twitter:data1\" content=\"1\u00a0Minute\" \/>\n<script type=\"application\/ld+json\" class=\"yoast-schema-graph\">{\"@context\":\"https:\/\/schema.org\",\"@graph\":[{\"@type\":\"WebPage\",\"@id\":\"https:\/\/blogs.donboscovolunteers.de\/hannahinbolivien\/spenden\/\",\"url\":\"https:\/\/blogs.donboscovolunteers.de\/hannahinbolivien\/spenden\/\",\"name\":\"Spenden - Hannah in Bolivien\",\"isPartOf\":{\"@id\":\"https:\/\/blogs.donboscovolunteers.de\/hannahinbolivien\/#website\"},\"datePublished\":\"2022-07-23T10:52:41+00:00\",\"dateModified\":\"2022-07-23T11:34:02+00:00\",\"breadcrumb\":{\"@id\":\"https:\/\/blogs.donboscovolunteers.de\/hannahinbolivien\/spenden\/#breadcrumb\"},\"inLanguage\":\"de\",\"potentialAction\":[{\"@type\":\"ReadAction\",\"target\":[\"https:\/\/blogs.donboscovolunteers.de\/hannahinbolivien\/spenden\/\"]}]},{\"@type\":\"BreadcrumbList\",\"@id\":\"https:\/\/blogs.donboscovolunteers.de\/hannahinbolivien\/spenden\/#breadcrumb\",\"itemListElement\":[{\"@type\":\"ListItem\",\"position\":1,\"name\":\"Startseite\",\"item\":\"https:\/\/blogs.donboscovolunteers.de\/hannahinbolivien\/\"},{\"@type\":\"ListItem\",\"position\":2,\"name\":\"Spenden\"}]},{\"@type\":\"WebSite\",\"@id\":\"https:\/\/blogs.donboscovolunteers.de\/hannahinbolivien\/#website\",\"url\":\"https:\/\/blogs.donboscovolunteers.de\/hannahinbolivien\/\",\"name\":\"Hannah in Bolivien\",\"description\":\"\",\"potentialAction\":[{\"@type\":\"SearchAction\",\"target\":{\"@type\":\"EntryPoint\",\"urlTemplate\":\"https:\/\/blogs.donboscovolunteers.de\/hannahinbolivien\/?s={search_term_string}\"},\"query-input\":{\"@type\":\"PropertyValueSpecification\",\"valueRequired\":true,\"valueName\":\"search_term_string\"}}],\"inLanguage\":\"de\"}]}<\/script>\n<!-- \/ Yoast SEO plugin. -->","yoast_head_json":{"title":"Spenden - Hannah in Bolivien","robots":{"index":"index","follow":"follow","max-snippet":"max-snippet:-1","max-image-preview":"max-image-preview:large","max-video-preview":"max-video-preview:-1"},"canonical":"https:\/\/blogs.donboscovolunteers.de\/hannahinbolivien\/spenden\/","og_locale":"de_DE","og_type":"article","og_title":"Spenden - Hannah in Bolivien","og_description":"Finanzierung des Freiwilligendienstes Unser Freiwilligendienst wird zu drei Vierteln \u00fcber das &#8222;Weltw\u00e4rts&#8220;-Programm des deutschen Bundesministeriums f\u00fcr wirtschaftliche Zusammenarbeit und Entwicklung und nur das restliche Viertel sollte der Freiwillige durch einen Unterst\u00fctzer-und F\u00f6rderkreis selbst bestreiten. Falls ihr Lust habt, freue ich mich sehr, wenn ihr ein Teil dieses Kreises werdet und f\u00fcr die Erm\u00f6glichung meines Auslandfrewilligendienstes [&hellip;]","og_url":"https:\/\/blogs.donboscovolunteers.de\/hannahinbolivien\/spenden\/","og_site_name":"Hannah in Bolivien","article_modified_time":"2022-07-23T11:34:02+00:00","twitter_card":"summary_large_image","twitter_misc":{"Gesch\u00e4tzte Lesezeit":"1\u00a0Minute"},"schema":{"@context":"https:\/\/schema.org","@graph":[{"@type":"WebPage","@id":"https:\/\/blogs.donboscovolunteers.de\/hannahinbolivien\/spenden\/","url":"https:\/\/blogs.donboscovolunteers.de\/hannahinbolivien\/spenden\/","name":"Spenden - Hannah in Bolivien","isPartOf":{"@id":"https:\/\/blogs.donboscovolunteers.de\/hannahinbolivien\/#website"},"datePublished":"2022-07-23T10:52:41+00:00","dateModified":"2022-07-23T11:34:02+00:00","breadcrumb":{"@id":"https:\/\/blogs.donboscovolunteers.de\/hannahinbolivien\/spenden\/#breadcrumb"},"inLanguage":"de","potentialAction":[{"@type":"ReadAction","target":["https:\/\/blogs.donboscovolunteers.de\/hannahinbolivien\/spenden\/"]}]},{"@type":"BreadcrumbList","@id":"https:\/\/blogs.donboscovolunteers.de\/hannahinbolivien\/spenden\/#breadcrumb","itemListElement":[{"@type":"ListItem","position":1,"name":"Startseite","item":"https:\/\/blogs.donboscovolunteers.de\/hannahinbolivien\/"},{"@type":"ListItem","position":2,"name":"Spenden"}]},{"@type":"WebSite","@id":"https:\/\/blogs.donboscovolunteers.de\/hannahinbolivien\/#website","url":"https:\/\/blogs.donboscovolunteers.de\/hannahinbolivien\/","name":"Hannah in Bolivien","description":"","potentialAction":[{"@type":"SearchAction","target":{"@type":"EntryPoint","urlTemplate":"https:\/\/blogs.donboscovolunteers.de\/hannahinbolivien\/?s={search_term_string}"},"query-input":{"@type":"PropertyValueSpecification","valueRequired":true,"valueName":"search_term_string"}}],"inLanguage":"de"}]}},"_links":{"self":[{"href":"https:\/\/blogs.donboscovolunteers.de\/hannahinbolivien\/wp-json\/wp\/v2\/pages\/37","targetHints":{"allow":["GET"]}}],"collection":[{"href":"https:\/\/blogs.donboscovolunteers.de\/hannahinbolivien\/wp-json\/wp\/v2\/pages"}],"about":[{"href":"https:\/\/blogs.donboscovolunteers.de\/hannahinbolivien\/wp-json\/wp\/v2\/types\/page"}],"author":[{"embeddable":true,"href":"https:\/\/blogs.donboscovolunteers.de\/hannahinbolivien\/wp-json\/wp\/v2\/users\/21732"}],"replies":[{"embeddable":true,"href":"https:\/\/blogs.donboscovolunteers.de\/hannahinbolivien\/wp-json\/wp\/v2\/comments?post=37"}],"version-history":[{"count":3,"href":"https:\/\/blogs.donboscovolunteers.de\/hannahinbolivien\/wp-json\/wp\/v2\/pages\/37\/revisions"}],"predecessor-version":[{"id":50,"href":"https:\/\/blogs.donboscovolunteers.de\/hannahinbolivien\/wp-json\/wp\/v2\/pages\/37\/revisions\/50"}],"wp:attachment":[{"href":"https:\/\/blogs.donboscovolunteers.de\/hannahinbolivien\/wp-json\/wp\/v2\/media?parent=37"}],"curies":[{"name":"wp","href":"https:\/\/api.w.org\/{rel}","templated":true}]}}