{"id":55,"date":"2023-10-08T11:15:06","date_gmt":"2023-10-08T09:15:06","guid":{"rendered":"https:\/\/blogs.donboscovolunteers.de\/hannadierkesindien\/?page_id=55"},"modified":"2023-10-08T11:15:07","modified_gmt":"2023-10-08T09:15:07","slug":"ich-ueber-mich","status":"publish","type":"page","link":"https:\/\/blogs.donboscovolunteers.de\/hannadierkesindien\/ich-ueber-mich\/","title":{"rendered":"Ich \u00fcber mich!"},"content":{"rendered":"<p>Halli Hallo oder eher Namaste!<\/p>\n\n\n\n<p>Ich hei\u00dfe Hanna, bin 19 Jahre alt und komme aus Aerzen, einem Dorf in der N\u00e4he von Hameln bzw. Hannover. Hier wohne ich mit meinen 3 Schwestern, meinen Eltern und unserem Hund June. <\/p>\n\n\n\n<figure class=\"wp-block-image size-large is-resized\"><img loading=\"lazy\" decoding=\"async\" src=\"https:\/\/blogs.donboscovolunteers.de\/hannadierkesindien\/wp-content\/uploads\/sites\/21683\/2023\/08\/49F22EE9-53B9-4431-9AC5-3DCFBE759321-768x1024.jpeg\" alt=\"\" class=\"wp-image-14\" style=\"width:362px;height:483px\" width=\"362\" height=\"483\" srcset=\"https:\/\/blogs.donboscovolunteers.de\/hannadierkesindien\/wp-content\/uploads\/sites\/21683\/2023\/08\/49F22EE9-53B9-4431-9AC5-3DCFBE759321-768x1024.jpeg 768w, https:\/\/blogs.donboscovolunteers.de\/hannadierkesindien\/wp-content\/uploads\/sites\/21683\/2023\/08\/49F22EE9-53B9-4431-9AC5-3DCFBE759321-225x300.jpeg 225w, https:\/\/blogs.donboscovolunteers.de\/hannadierkesindien\/wp-content\/uploads\/sites\/21683\/2023\/08\/49F22EE9-53B9-4431-9AC5-3DCFBE759321-900x1200.jpeg 900w, https:\/\/blogs.donboscovolunteers.de\/hannadierkesindien\/wp-content\/uploads\/sites\/21683\/2023\/08\/49F22EE9-53B9-4431-9AC5-3DCFBE759321.jpeg 960w\" sizes=\"auto, (max-width: 362px) 100vw, 362px\" \/><\/figure>\n\n\n\n<p>In meiner Freizeit mache ich Rollkunstlauf (\u00e4hnlich wie Schlittschuh nur auf Rollschuhen) und gehe ins Fitnessstudio. In der Kirche war ich Messdienerin, habe bei den Sternsingeraktionen und beim Krippenspiel mitgemacht. Dar\u00fcberhinaus liebe ich es, zu reisen, zu klettern und Ski zu fahren.<\/p>\n\n\n\n<figure class=\"wp-block-image size-large is-resized\"><img loading=\"lazy\" decoding=\"async\" src=\"https:\/\/blogs.donboscovolunteers.de\/hannadierkesindien\/wp-content\/uploads\/sites\/21683\/2023\/08\/63FC6DC5-3152-4E48-A227-D88330D118EA-768x1024.jpeg\" alt=\"\" class=\"wp-image-12\" style=\"width:370px;height:493px\" width=\"370\" height=\"493\" srcset=\"https:\/\/blogs.donboscovolunteers.de\/hannadierkesindien\/wp-content\/uploads\/sites\/21683\/2023\/08\/63FC6DC5-3152-4E48-A227-D88330D118EA-768x1024.jpeg 768w, https:\/\/blogs.donboscovolunteers.de\/hannadierkesindien\/wp-content\/uploads\/sites\/21683\/2023\/08\/63FC6DC5-3152-4E48-A227-D88330D118EA-225x300.jpeg 225w, https:\/\/blogs.donboscovolunteers.de\/hannadierkesindien\/wp-content\/uploads\/sites\/21683\/2023\/08\/63FC6DC5-3152-4E48-A227-D88330D118EA-900x1200.jpeg 900w, https:\/\/blogs.donboscovolunteers.de\/hannadierkesindien\/wp-content\/uploads\/sites\/21683\/2023\/08\/63FC6DC5-3152-4E48-A227-D88330D118EA.jpeg 960w\" sizes=\"auto, (max-width: 370px) 100vw, 370px\" \/><\/figure>\n\n\n\n<p>Ich gehe im kommenden Jahr mit <a href=\"https:\/\/www.donboscomission.de\/don-bosco\/\">Don Bosco<\/a> Volunteers f\u00fcr ein Jahr nach <a href=\"https:\/\/strassenkinder.de\/laender\/asien\/inden\/\">Indien<\/a>. Dort werde ich vermutlich in einer Krankenstation aushelfen, hab aber auch die M\u00f6glichkeit in andere soziale Projekte oder in ein entferntes Krankenhaus rein zu schauen. Wir werden immer zu zweit entsandt, mein Partner ist Paul, 19 Jahre alt und aus Essen. Wir sind gespannt was uns erwartet!<\/p>\n\n\n\n<p>Am 04.09.2023 gehts um 21:15 von Frankfurt nach Neu-Delhi und von da aus weiter nach Vijayawada. Die Amtssprache vor Ort ist Englisch, aber eigentlich sprechen die Menschen Telugu und Hindi. Vijayawada liegt \u00f6stlich in Indien, direkt am Krishna (ein gro\u00dfer Fluss) und ca. 90km vom Golf von Bengalen. Kleiner fun fact: obwohl der Strand \u201enur&#8220; 90 km entfernt ist, f\u00e4hrt man ungef\u00e4hr 2h 30, ein hoch auf indische Stra\u00dfen und den Verkehr! <\/p>\n\n\n\n<p>Das kommende Jahr werde ich in einer 5-Zimmer-WG mit anderen Volos verbringen. Wir sind 4 Deutsche (die ich bereits alle kennengelernt habe), angeblich noch 4 weitere \u00d6sterreicher und 3 Niederl\u00e4nder. Es wird auf jeden Fall kuschelig, aber ich freue mich sehr auch die anderen Freiwilligen bald kennenzulernen. <\/p>\n\n\n\n<p>Ich werde euch hier in Zukunft auf dem laufenden halten und versuchen alle 3-4 Wochen einen Blogeintrag zu ver\u00f6ffentlichen. Ansonsten werde ich auch auf Instagram unter Hannaindien aktiv sein. Wenn ihr spezifische Fragen habt oder von bestimmten Eindr\u00fccken h\u00f6ren wollt, schreibt mir gerne auf WhatsApp oder social media :)).<\/p>\n\n\n\n<p>LG LG<\/p>\n\n\n\n<p>Kleines Update vom 19.09.2023<\/p>\n\n\n\n<p>Es gibt News! Wie einige vielleicht schon mitbekommen haben, bin ich nicht wie urspr\u00fcnglich geplant am 04.09. ausgereist, da es Schwierigkeiten mit meinem Visum gab.<\/p>\n\n\n\n<p>Das Problem war, dass ich nicht auf der Liste derjenigen stand die ein Visum beantragt haben. Auf diese Weise wurde mein Visum nicht bearbeitet, weshalb mir in den letzten Wochen keine Fragen bez\u00fcglich des Visums beantwortet werden konnten. <\/p>\n\n\n\n<p>Als eine Mitvolont\u00e4rin, die auch dieses Jahr nach Indien geht, ihr Visum im Konsulat abholte, fragte sie nach meinem und konnte dies schlussendlich auch mitnehmen. Mama und ich waren hoch erfreut, dass nach fast 6 Wochen Wartezeit mein Reisepass mit Visum endlich seinen Weg zur\u00fcck zu mir fand und ich meine Reise nun antreten konnte. Haha denkste! Am n\u00e4chsten Tag erhielt ich einen Anruf aus dem Konsulat, es g\u00e4be ein Problem mit dem Visum. Der Herr aus der Botschaft erkl\u00e4rte mir ich k\u00f6nne damit zwar nach Indien einreisen, w\u00fcrde aber gro\u00dfe Schwierigkeiten im Land bekommen. <\/p>\n\n\n\n<p>Somit sind Papa und ich kurz darauf nach Hamburg, um die Probleme mit den Menschen vor Ort zu besprechen. In Hamburg lief gl\u00fccklicherweise alles problemlos, Reisepass abgegeben und nach 30 Minuten durften wir ihn mit g\u00fcltigem Visum wieder mitnehmen. Was genau das Problem war, konnten sie uns leider nicht sagen. Trotz alle dem, kann es nun am 24.9. endlich losgehen. TIP TOP!<\/p>\n\n\n\n<p>Hinzu kommt, dass mein Partner Paul, der eigentlich mit mir zusammen nach Indien gehen sollte, den Auslandsfreiwilligendienst aufgrund einer Erkrankung nicht antreten kann. Das hei\u00dft, ich muss den Flug und den 9-st\u00fcndigen Aufenthalt in Neu Delhi wohl alleine bestreiten. Aber kein Problem, selbst ist die Frau! In Vijayawada freue ich mich dann umso mehr auf die anderen 9 Volos, die bereits im Projekt sind.<\/p>","protected":false},"excerpt":{"rendered":"<p>Halli Hallo oder eher Namaste! Ich hei\u00dfe Hanna, bin 19 Jahre alt und komme aus Aerzen, einem Dorf in der N\u00e4he von Hameln bzw. Hannover. Hier wohne ich mit meinen 3 Schwestern, meinen Eltern und unserem Hund June. In meiner Freizeit mache ich Rollkunstlauf (\u00e4hnlich wie Schlittschuh nur auf Rollschuhen) und gehe ins Fitnessstudio. In [&hellip;]<\/p>\n","protected":false},"author":21774,"featured_media":0,"parent":0,"menu_order":0,"comment_status":"closed","ping_status":"closed","template":"","meta":{"footnotes":""},"class_list":["post-55","page","type-page","status-publish","hentry"],"yoast_head":"<!-- This site is optimized with the Yoast SEO plugin v25.3.1 - https:\/\/yoast.com\/wordpress\/plugins\/seo\/ -->\n<title>Ich \u00fcber mich! - Hanna in Indien<\/title>\n<meta name=\"description\" content=\"Hi, ich bin Hanna, 19 Jahre alt und komme aus Hameln. Hier findet ihr mehr Informationen \u00fcber mich und meinen Auslandsfreiwilligendienst 2023\/2024.\" \/>\n<meta name=\"robots\" content=\"index, follow, max-snippet:-1, max-image-preview:large, max-video-preview:-1\" \/>\n<link rel=\"canonical\" href=\"https:\/\/blogs.donboscovolunteers.de\/hannadierkesindien\/ich-ueber-mich\/\" \/>\n<meta property=\"og:locale\" content=\"de_DE\" \/>\n<meta property=\"og:type\" content=\"article\" \/>\n<meta property=\"og:title\" content=\"Ich \u00fcber mich! - Hanna in Indien\" \/>\n<meta property=\"og:description\" content=\"Hi, ich bin Hanna, 19 Jahre alt und komme aus Hameln. Hier findet ihr mehr Informationen \u00fcber mich und meinen Auslandsfreiwilligendienst 2023\/2024.\" \/>\n<meta property=\"og:url\" content=\"https:\/\/blogs.donboscovolunteers.de\/hannadierkesindien\/ich-ueber-mich\/\" \/>\n<meta property=\"og:site_name\" content=\"Hanna in Indien\" \/>\n<meta property=\"article:modified_time\" content=\"2023-10-08T09:15:07+00:00\" \/>\n<meta property=\"og:image\" content=\"https:\/\/blogs.donboscovolunteers.de\/hannadierkesindien\/wp-content\/uploads\/sites\/21683\/2023\/08\/49F22EE9-53B9-4431-9AC5-3DCFBE759321-768x1024.jpeg\" \/>\n<meta name=\"twitter:card\" content=\"summary_large_image\" \/>\n<meta name=\"twitter:label1\" content=\"Gesch\u00e4tzte Lesezeit\" \/>\n\t<meta name=\"twitter:data1\" content=\"3\u00a0Minuten\" \/>\n<script type=\"application\/ld+json\" class=\"yoast-schema-graph\">{\"@context\":\"https:\/\/schema.org\",\"@graph\":[{\"@type\":\"WebPage\",\"@id\":\"https:\/\/blogs.donboscovolunteers.de\/hannadierkesindien\/ich-ueber-mich\/\",\"url\":\"https:\/\/blogs.donboscovolunteers.de\/hannadierkesindien\/ich-ueber-mich\/\",\"name\":\"Ich \u00fcber mich! - Hanna in Indien\",\"isPartOf\":{\"@id\":\"https:\/\/blogs.donboscovolunteers.de\/hannadierkesindien\/#website\"},\"primaryImageOfPage\":{\"@id\":\"https:\/\/blogs.donboscovolunteers.de\/hannadierkesindien\/ich-ueber-mich\/#primaryimage\"},\"image\":{\"@id\":\"https:\/\/blogs.donboscovolunteers.de\/hannadierkesindien\/ich-ueber-mich\/#primaryimage\"},\"thumbnailUrl\":\"https:\/\/blogs.donboscovolunteers.de\/hannadierkesindien\/wp-content\/uploads\/sites\/21683\/2023\/08\/49F22EE9-53B9-4431-9AC5-3DCFBE759321-768x1024.jpeg\",\"datePublished\":\"2023-10-08T09:15:06+00:00\",\"dateModified\":\"2023-10-08T09:15:07+00:00\",\"description\":\"Hi, ich bin Hanna, 19 Jahre alt und komme aus Hameln. Hier findet ihr mehr Informationen \u00fcber mich und meinen Auslandsfreiwilligendienst 2023\/2024.\",\"breadcrumb\":{\"@id\":\"https:\/\/blogs.donboscovolunteers.de\/hannadierkesindien\/ich-ueber-mich\/#breadcrumb\"},\"inLanguage\":\"de\",\"potentialAction\":[{\"@type\":\"ReadAction\",\"target\":[\"https:\/\/blogs.donboscovolunteers.de\/hannadierkesindien\/ich-ueber-mich\/\"]}]},{\"@type\":\"ImageObject\",\"inLanguage\":\"de\",\"@id\":\"https:\/\/blogs.donboscovolunteers.de\/hannadierkesindien\/ich-ueber-mich\/#primaryimage\",\"url\":\"https:\/\/blogs.donboscovolunteers.de\/hannadierkesindien\/wp-content\/uploads\/sites\/21683\/2023\/08\/49F22EE9-53B9-4431-9AC5-3DCFBE759321.jpeg\",\"contentUrl\":\"https:\/\/blogs.donboscovolunteers.de\/hannadierkesindien\/wp-content\/uploads\/sites\/21683\/2023\/08\/49F22EE9-53B9-4431-9AC5-3DCFBE759321.jpeg\",\"width\":960,\"height\":1280},{\"@type\":\"BreadcrumbList\",\"@id\":\"https:\/\/blogs.donboscovolunteers.de\/hannadierkesindien\/ich-ueber-mich\/#breadcrumb\",\"itemListElement\":[{\"@type\":\"ListItem\",\"position\":1,\"name\":\"Startseite\",\"item\":\"https:\/\/blogs.donboscovolunteers.de\/hannadierkesindien\/\"},{\"@type\":\"ListItem\",\"position\":2,\"name\":\"Ich \u00fcber mich!\"}]},{\"@type\":\"WebSite\",\"@id\":\"https:\/\/blogs.donboscovolunteers.de\/hannadierkesindien\/#website\",\"url\":\"https:\/\/blogs.donboscovolunteers.de\/hannadierkesindien\/\",\"name\":\"Hanna in Indien\",\"description\":\"\",\"potentialAction\":[{\"@type\":\"SearchAction\",\"target\":{\"@type\":\"EntryPoint\",\"urlTemplate\":\"https:\/\/blogs.donboscovolunteers.de\/hannadierkesindien\/?s={search_term_string}\"},\"query-input\":{\"@type\":\"PropertyValueSpecification\",\"valueRequired\":true,\"valueName\":\"search_term_string\"}}],\"inLanguage\":\"de\"}]}<\/script>\n<!-- \/ Yoast SEO plugin. -->","yoast_head_json":{"title":"Ich \u00fcber mich! - Hanna in Indien","description":"Hi, ich bin Hanna, 19 Jahre alt und komme aus Hameln. Hier findet ihr mehr Informationen \u00fcber mich und meinen Auslandsfreiwilligendienst 2023\/2024.","robots":{"index":"index","follow":"follow","max-snippet":"max-snippet:-1","max-image-preview":"max-image-preview:large","max-video-preview":"max-video-preview:-1"},"canonical":"https:\/\/blogs.donboscovolunteers.de\/hannadierkesindien\/ich-ueber-mich\/","og_locale":"de_DE","og_type":"article","og_title":"Ich \u00fcber mich! - Hanna in Indien","og_description":"Hi, ich bin Hanna, 19 Jahre alt und komme aus Hameln. Hier findet ihr mehr Informationen \u00fcber mich und meinen Auslandsfreiwilligendienst 2023\/2024.","og_url":"https:\/\/blogs.donboscovolunteers.de\/hannadierkesindien\/ich-ueber-mich\/","og_site_name":"Hanna in Indien","article_modified_time":"2023-10-08T09:15:07+00:00","og_image":[{"url":"https:\/\/blogs.donboscovolunteers.de\/hannadierkesindien\/wp-content\/uploads\/sites\/21683\/2023\/08\/49F22EE9-53B9-4431-9AC5-3DCFBE759321-768x1024.jpeg","type":"","width":"","height":""}],"twitter_card":"summary_large_image","twitter_misc":{"Gesch\u00e4tzte Lesezeit":"3\u00a0Minuten"},"schema":{"@context":"https:\/\/schema.org","@graph":[{"@type":"WebPage","@id":"https:\/\/blogs.donboscovolunteers.de\/hannadierkesindien\/ich-ueber-mich\/","url":"https:\/\/blogs.donboscovolunteers.de\/hannadierkesindien\/ich-ueber-mich\/","name":"Ich \u00fcber mich! - Hanna in Indien","isPartOf":{"@id":"https:\/\/blogs.donboscovolunteers.de\/hannadierkesindien\/#website"},"primaryImageOfPage":{"@id":"https:\/\/blogs.donboscovolunteers.de\/hannadierkesindien\/ich-ueber-mich\/#primaryimage"},"image":{"@id":"https:\/\/blogs.donboscovolunteers.de\/hannadierkesindien\/ich-ueber-mich\/#primaryimage"},"thumbnailUrl":"https:\/\/blogs.donboscovolunteers.de\/hannadierkesindien\/wp-content\/uploads\/sites\/21683\/2023\/08\/49F22EE9-53B9-4431-9AC5-3DCFBE759321-768x1024.jpeg","datePublished":"2023-10-08T09:15:06+00:00","dateModified":"2023-10-08T09:15:07+00:00","description":"Hi, ich bin Hanna, 19 Jahre alt und komme aus Hameln. Hier findet ihr mehr Informationen \u00fcber mich und meinen Auslandsfreiwilligendienst 2023\/2024.","breadcrumb":{"@id":"https:\/\/blogs.donboscovolunteers.de\/hannadierkesindien\/ich-ueber-mich\/#breadcrumb"},"inLanguage":"de","potentialAction":[{"@type":"ReadAction","target":["https:\/\/blogs.donboscovolunteers.de\/hannadierkesindien\/ich-ueber-mich\/"]}]},{"@type":"ImageObject","inLanguage":"de","@id":"https:\/\/blogs.donboscovolunteers.de\/hannadierkesindien\/ich-ueber-mich\/#primaryimage","url":"https:\/\/blogs.donboscovolunteers.de\/hannadierkesindien\/wp-content\/uploads\/sites\/21683\/2023\/08\/49F22EE9-53B9-4431-9AC5-3DCFBE759321.jpeg","contentUrl":"https:\/\/blogs.donboscovolunteers.de\/hannadierkesindien\/wp-content\/uploads\/sites\/21683\/2023\/08\/49F22EE9-53B9-4431-9AC5-3DCFBE759321.jpeg","width":960,"height":1280},{"@type":"BreadcrumbList","@id":"https:\/\/blogs.donboscovolunteers.de\/hannadierkesindien\/ich-ueber-mich\/#breadcrumb","itemListElement":[{"@type":"ListItem","position":1,"name":"Startseite","item":"https:\/\/blogs.donboscovolunteers.de\/hannadierkesindien\/"},{"@type":"ListItem","position":2,"name":"Ich \u00fcber mich!"}]},{"@type":"WebSite","@id":"https:\/\/blogs.donboscovolunteers.de\/hannadierkesindien\/#website","url":"https:\/\/blogs.donboscovolunteers.de\/hannadierkesindien\/","name":"Hanna in Indien","description":"","potentialAction":[{"@type":"SearchAction","target":{"@type":"EntryPoint","urlTemplate":"https:\/\/blogs.donboscovolunteers.de\/hannadierkesindien\/?s={search_term_string}"},"query-input":{"@type":"PropertyValueSpecification","valueRequired":true,"valueName":"search_term_string"}}],"inLanguage":"de"}]}},"_links":{"self":[{"href":"https:\/\/blogs.donboscovolunteers.de\/hannadierkesindien\/wp-json\/wp\/v2\/pages\/55","targetHints":{"allow":["GET"]}}],"collection":[{"href":"https:\/\/blogs.donboscovolunteers.de\/hannadierkesindien\/wp-json\/wp\/v2\/pages"}],"about":[{"href":"https:\/\/blogs.donboscovolunteers.de\/hannadierkesindien\/wp-json\/wp\/v2\/types\/page"}],"author":[{"embeddable":true,"href":"https:\/\/blogs.donboscovolunteers.de\/hannadierkesindien\/wp-json\/wp\/v2\/users\/21774"}],"replies":[{"embeddable":true,"href":"https:\/\/blogs.donboscovolunteers.de\/hannadierkesindien\/wp-json\/wp\/v2\/comments?post=55"}],"version-history":[{"count":1,"href":"https:\/\/blogs.donboscovolunteers.de\/hannadierkesindien\/wp-json\/wp\/v2\/pages\/55\/revisions"}],"predecessor-version":[{"id":56,"href":"https:\/\/blogs.donboscovolunteers.de\/hannadierkesindien\/wp-json\/wp\/v2\/pages\/55\/revisions\/56"}],"wp:attachment":[{"href":"https:\/\/blogs.donboscovolunteers.de\/hannadierkesindien\/wp-json\/wp\/v2\/media?parent=55"}],"curies":[{"name":"wp","href":"https:\/\/api.w.org\/{rel}","templated":true}]}}