{"id":28,"date":"2023-09-30T16:23:57","date_gmt":"2023-09-30T14:23:57","guid":{"rendered":"https:\/\/blogs.donboscovolunteers.de\/hannadierkesindien\/?page_id=28"},"modified":"2024-04-12T16:34:08","modified_gmt":"2024-04-12T14:34:08","slug":"spenden","status":"publish","type":"page","link":"https:\/\/blogs.donboscovolunteers.de\/hannadierkesindien\/spenden\/","title":{"rendered":"Spenden"},"content":{"rendered":"<p>Hallo,<\/p>\n\n\n\n<p>herzlich Willkommen auf meiner Spendenseite. Ich bin derzeit mit <a href=\"https:\/\/www.donboscomission.de\/don-bosco\/\">Don Bosco<\/a> Volunteers f\u00fcr ein Jahr in Vijayawada, <a href=\"https:\/\/strassenkinder.de\/laender\/asien\/inden\/\">Indien<\/a>. Hier arbeite ich in sozialen Projekten mit Kindern und Jugendlichen. Neben meinem Blog bin ich auch auf Insta unter Hannaindien zu finden, dort k\u00f6nnt ihr zus\u00e4tzliche Eindr\u00fccke finden. Ich wurde aufgefordert, Spenden zu sammeln, damit die Organisation meinen Auslandsfreiwilligendienst, die Projekte und zuk\u00fcnftige Freiwillige finanzieren kann.<\/p>\n\n\n\n<p>Wenn ihr Interesse daran habt, mich zu unterst\u00fctzen, findet ihr hier einen Link zu meinem Spendenkonto: <a href=\"https:\/\/www.donboscomission.de\/volontariat\/2023\/spenden\/hannadierkesindien\">https:\/\/www.donboscomission.de\/volontariat\/2023\/spenden\/hannadierkesindien<\/a><\/p>\n\n\n\n<figure class=\"wp-block-gallery has-nested-images columns-default is-cropped wp-block-gallery-1 is-layout-flex wp-block-gallery-is-layout-flex\">\n<figure class=\"wp-block-image size-large\"><img loading=\"lazy\" decoding=\"async\" width=\"960\" height=\"1280\" data-id=\"30\" src=\"https:\/\/blogs.donboscovolunteers.de\/hannadierkesindien\/wp-content\/uploads\/sites\/21683\/2023\/09\/5E642A45-38AF-4C54-9AC2-49F91420BF9D-edited.jpeg\" alt=\"\" class=\"wp-image-30\" srcset=\"https:\/\/blogs.donboscovolunteers.de\/hannadierkesindien\/wp-content\/uploads\/sites\/21683\/2023\/09\/5E642A45-38AF-4C54-9AC2-49F91420BF9D-edited.jpeg 960w, https:\/\/blogs.donboscovolunteers.de\/hannadierkesindien\/wp-content\/uploads\/sites\/21683\/2023\/09\/5E642A45-38AF-4C54-9AC2-49F91420BF9D-edited-225x300.jpeg 225w, https:\/\/blogs.donboscovolunteers.de\/hannadierkesindien\/wp-content\/uploads\/sites\/21683\/2023\/09\/5E642A45-38AF-4C54-9AC2-49F91420BF9D-edited-768x1024.jpeg 768w, https:\/\/blogs.donboscovolunteers.de\/hannadierkesindien\/wp-content\/uploads\/sites\/21683\/2023\/09\/5E642A45-38AF-4C54-9AC2-49F91420BF9D-edited-900x1200.jpeg 900w\" sizes=\"auto, (max-width: 960px) 100vw, 960px\" \/><\/figure>\n<\/figure>\n\n\n\n<p><\/p>","protected":false},"excerpt":{"rendered":"<p>Hallo, herzlich Willkommen auf meiner Spendenseite. Ich bin derzeit mit <a href=\"https:\/\/www.donboscomission.de\/don-bosco\/\">Don Bosco<\/a> Volunteers f\u00fcr ein Jahr in Vijayawada, <a href=\"https:\/\/strassenkinder.de\/laender\/asien\/inden\/\">Indien<\/a>. Hier arbeite ich in sozialen Projekten mit Kindern und Jugendlichen. Neben meinem Blog bin ich auch auf Insta unter Hannaindien zu finden, dort k\u00f6nnt ihr zus\u00e4tzliche Eindr\u00fccke finden. Ich wurde aufgefordert, Spenden zu sammeln, damit die [&hellip;]<\/p>\n","protected":false},"author":21774,"featured_media":0,"parent":0,"menu_order":0,"comment_status":"closed","ping_status":"closed","template":"","meta":{"footnotes":""},"class_list":["post-28","page","type-page","status-publish","hentry"],"yoast_head":"<!-- This site is optimized with the Yoast SEO plugin v25.3.1 - https:\/\/yoast.com\/wordpress\/plugins\/seo\/ -->\n<title>Spenden - Hanna in Indien<\/title>\n<meta name=\"robots\" content=\"index, follow, max-snippet:-1, max-image-preview:large, max-video-preview:-1\" \/>\n<link rel=\"canonical\" href=\"https:\/\/blogs.donboscovolunteers.de\/hannadierkesindien\/spenden\/\" \/>\n<meta property=\"og:locale\" content=\"de_DE\" \/>\n<meta property=\"og:type\" content=\"article\" \/>\n<meta property=\"og:title\" content=\"Spenden - Hanna in Indien\" \/>\n<meta property=\"og:description\" content=\"Hallo, herzlich Willkommen auf meiner Spendenseite. Ich bin derzeit mit Don Bosco Volunteers f\u00fcr ein Jahr in Vijayawada, Indien. Hier arbeite ich in sozialen Projekten mit Kindern und Jugendlichen. Neben meinem Blog bin ich auch auf Insta unter Hannaindien zu finden, dort k\u00f6nnt ihr zus\u00e4tzliche Eindr\u00fccke finden. Ich wurde aufgefordert, Spenden zu sammeln, damit die [&hellip;]\" \/>\n<meta property=\"og:url\" content=\"https:\/\/blogs.donboscovolunteers.de\/hannadierkesindien\/spenden\/\" \/>\n<meta property=\"og:site_name\" content=\"Hanna in Indien\" \/>\n<meta property=\"article:modified_time\" content=\"2024-04-12T14:34:08+00:00\" \/>\n<meta property=\"og:image\" content=\"https:\/\/blogs.donboscovolunteers.de\/hannadierkesindien\/wp-content\/uploads\/sites\/21683\/2023\/09\/5E642A45-38AF-4C54-9AC2-49F91420BF9D-edited.jpeg\" \/>\n<meta name=\"twitter:card\" content=\"summary_large_image\" \/>\n<meta name=\"twitter:label1\" content=\"Gesch\u00e4tzte Lesezeit\" \/>\n\t<meta name=\"twitter:data1\" content=\"1\u00a0Minute\" \/>\n<script type=\"application\/ld+json\" class=\"yoast-schema-graph\">{\"@context\":\"https:\/\/schema.org\",\"@graph\":[{\"@type\":\"WebPage\",\"@id\":\"https:\/\/blogs.donboscovolunteers.de\/hannadierkesindien\/spenden\/\",\"url\":\"https:\/\/blogs.donboscovolunteers.de\/hannadierkesindien\/spenden\/\",\"name\":\"Spenden - Hanna in Indien\",\"isPartOf\":{\"@id\":\"https:\/\/blogs.donboscovolunteers.de\/hannadierkesindien\/#website\"},\"primaryImageOfPage\":{\"@id\":\"https:\/\/blogs.donboscovolunteers.de\/hannadierkesindien\/spenden\/#primaryimage\"},\"image\":{\"@id\":\"https:\/\/blogs.donboscovolunteers.de\/hannadierkesindien\/spenden\/#primaryimage\"},\"thumbnailUrl\":\"https:\/\/blogs.donboscovolunteers.de\/hannadierkesindien\/wp-content\/uploads\/sites\/21683\/2023\/09\/5E642A45-38AF-4C54-9AC2-49F91420BF9D-edited.jpeg\",\"datePublished\":\"2023-09-30T14:23:57+00:00\",\"dateModified\":\"2024-04-12T14:34:08+00:00\",\"breadcrumb\":{\"@id\":\"https:\/\/blogs.donboscovolunteers.de\/hannadierkesindien\/spenden\/#breadcrumb\"},\"inLanguage\":\"de\",\"potentialAction\":[{\"@type\":\"ReadAction\",\"target\":[\"https:\/\/blogs.donboscovolunteers.de\/hannadierkesindien\/spenden\/\"]}]},{\"@type\":\"ImageObject\",\"inLanguage\":\"de\",\"@id\":\"https:\/\/blogs.donboscovolunteers.de\/hannadierkesindien\/spenden\/#primaryimage\",\"url\":\"https:\/\/blogs.donboscovolunteers.de\/hannadierkesindien\/wp-content\/uploads\/sites\/21683\/2023\/09\/5E642A45-38AF-4C54-9AC2-49F91420BF9D-edited.jpeg\",\"contentUrl\":\"https:\/\/blogs.donboscovolunteers.de\/hannadierkesindien\/wp-content\/uploads\/sites\/21683\/2023\/09\/5E642A45-38AF-4C54-9AC2-49F91420BF9D-edited.jpeg\",\"width\":960,\"height\":1280},{\"@type\":\"BreadcrumbList\",\"@id\":\"https:\/\/blogs.donboscovolunteers.de\/hannadierkesindien\/spenden\/#breadcrumb\",\"itemListElement\":[{\"@type\":\"ListItem\",\"position\":1,\"name\":\"Startseite\",\"item\":\"https:\/\/blogs.donboscovolunteers.de\/hannadierkesindien\/\"},{\"@type\":\"ListItem\",\"position\":2,\"name\":\"Spenden\"}]},{\"@type\":\"WebSite\",\"@id\":\"https:\/\/blogs.donboscovolunteers.de\/hannadierkesindien\/#website\",\"url\":\"https:\/\/blogs.donboscovolunteers.de\/hannadierkesindien\/\",\"name\":\"Hanna in Indien\",\"description\":\"\",\"potentialAction\":[{\"@type\":\"SearchAction\",\"target\":{\"@type\":\"EntryPoint\",\"urlTemplate\":\"https:\/\/blogs.donboscovolunteers.de\/hannadierkesindien\/?s={search_term_string}\"},\"query-input\":{\"@type\":\"PropertyValueSpecification\",\"valueRequired\":true,\"valueName\":\"search_term_string\"}}],\"inLanguage\":\"de\"}]}<\/script>\n<!-- \/ Yoast SEO plugin. -->","yoast_head_json":{"title":"Spenden - Hanna in Indien","robots":{"index":"index","follow":"follow","max-snippet":"max-snippet:-1","max-image-preview":"max-image-preview:large","max-video-preview":"max-video-preview:-1"},"canonical":"https:\/\/blogs.donboscovolunteers.de\/hannadierkesindien\/spenden\/","og_locale":"de_DE","og_type":"article","og_title":"Spenden - Hanna in Indien","og_description":"Hallo, herzlich Willkommen auf meiner Spendenseite. Ich bin derzeit mit Don Bosco Volunteers f\u00fcr ein Jahr in Vijayawada, Indien. Hier arbeite ich in sozialen Projekten mit Kindern und Jugendlichen. Neben meinem Blog bin ich auch auf Insta unter Hannaindien zu finden, dort k\u00f6nnt ihr zus\u00e4tzliche Eindr\u00fccke finden. Ich wurde aufgefordert, Spenden zu sammeln, damit die [&hellip;]","og_url":"https:\/\/blogs.donboscovolunteers.de\/hannadierkesindien\/spenden\/","og_site_name":"Hanna in Indien","article_modified_time":"2024-04-12T14:34:08+00:00","og_image":[{"url":"https:\/\/blogs.donboscovolunteers.de\/hannadierkesindien\/wp-content\/uploads\/sites\/21683\/2023\/09\/5E642A45-38AF-4C54-9AC2-49F91420BF9D-edited.jpeg","type":"","width":"","height":""}],"twitter_card":"summary_large_image","twitter_misc":{"Gesch\u00e4tzte Lesezeit":"1\u00a0Minute"},"schema":{"@context":"https:\/\/schema.org","@graph":[{"@type":"WebPage","@id":"https:\/\/blogs.donboscovolunteers.de\/hannadierkesindien\/spenden\/","url":"https:\/\/blogs.donboscovolunteers.de\/hannadierkesindien\/spenden\/","name":"Spenden - Hanna in Indien","isPartOf":{"@id":"https:\/\/blogs.donboscovolunteers.de\/hannadierkesindien\/#website"},"primaryImageOfPage":{"@id":"https:\/\/blogs.donboscovolunteers.de\/hannadierkesindien\/spenden\/#primaryimage"},"image":{"@id":"https:\/\/blogs.donboscovolunteers.de\/hannadierkesindien\/spenden\/#primaryimage"},"thumbnailUrl":"https:\/\/blogs.donboscovolunteers.de\/hannadierkesindien\/wp-content\/uploads\/sites\/21683\/2023\/09\/5E642A45-38AF-4C54-9AC2-49F91420BF9D-edited.jpeg","datePublished":"2023-09-30T14:23:57+00:00","dateModified":"2024-04-12T14:34:08+00:00","breadcrumb":{"@id":"https:\/\/blogs.donboscovolunteers.de\/hannadierkesindien\/spenden\/#breadcrumb"},"inLanguage":"de","potentialAction":[{"@type":"ReadAction","target":["https:\/\/blogs.donboscovolunteers.de\/hannadierkesindien\/spenden\/"]}]},{"@type":"ImageObject","inLanguage":"de","@id":"https:\/\/blogs.donboscovolunteers.de\/hannadierkesindien\/spenden\/#primaryimage","url":"https:\/\/blogs.donboscovolunteers.de\/hannadierkesindien\/wp-content\/uploads\/sites\/21683\/2023\/09\/5E642A45-38AF-4C54-9AC2-49F91420BF9D-edited.jpeg","contentUrl":"https:\/\/blogs.donboscovolunteers.de\/hannadierkesindien\/wp-content\/uploads\/sites\/21683\/2023\/09\/5E642A45-38AF-4C54-9AC2-49F91420BF9D-edited.jpeg","width":960,"height":1280},{"@type":"BreadcrumbList","@id":"https:\/\/blogs.donboscovolunteers.de\/hannadierkesindien\/spenden\/#breadcrumb","itemListElement":[{"@type":"ListItem","position":1,"name":"Startseite","item":"https:\/\/blogs.donboscovolunteers.de\/hannadierkesindien\/"},{"@type":"ListItem","position":2,"name":"Spenden"}]},{"@type":"WebSite","@id":"https:\/\/blogs.donboscovolunteers.de\/hannadierkesindien\/#website","url":"https:\/\/blogs.donboscovolunteers.de\/hannadierkesindien\/","name":"Hanna in Indien","description":"","potentialAction":[{"@type":"SearchAction","target":{"@type":"EntryPoint","urlTemplate":"https:\/\/blogs.donboscovolunteers.de\/hannadierkesindien\/?s={search_term_string}"},"query-input":{"@type":"PropertyValueSpecification","valueRequired":true,"valueName":"search_term_string"}}],"inLanguage":"de"}]}},"_links":{"self":[{"href":"https:\/\/blogs.donboscovolunteers.de\/hannadierkesindien\/wp-json\/wp\/v2\/pages\/28","targetHints":{"allow":["GET"]}}],"collection":[{"href":"https:\/\/blogs.donboscovolunteers.de\/hannadierkesindien\/wp-json\/wp\/v2\/pages"}],"about":[{"href":"https:\/\/blogs.donboscovolunteers.de\/hannadierkesindien\/wp-json\/wp\/v2\/types\/page"}],"author":[{"embeddable":true,"href":"https:\/\/blogs.donboscovolunteers.de\/hannadierkesindien\/wp-json\/wp\/v2\/users\/21774"}],"replies":[{"embeddable":true,"href":"https:\/\/blogs.donboscovolunteers.de\/hannadierkesindien\/wp-json\/wp\/v2\/comments?post=28"}],"version-history":[{"count":3,"href":"https:\/\/blogs.donboscovolunteers.de\/hannadierkesindien\/wp-json\/wp\/v2\/pages\/28\/revisions"}],"predecessor-version":[{"id":308,"href":"https:\/\/blogs.donboscovolunteers.de\/hannadierkesindien\/wp-json\/wp\/v2\/pages\/28\/revisions\/308"}],"wp:attachment":[{"href":"https:\/\/blogs.donboscovolunteers.de\/hannadierkesindien\/wp-json\/wp\/v2\/media?parent=28"}],"curies":[{"name":"wp","href":"https:\/\/api.w.org\/{rel}","templated":true}]}}