{"id":14,"date":"2019-09-12T18:42:42","date_gmt":"2019-09-12T16:42:42","guid":{"rendered":"https:\/\/blogs.donboscovolunteers.de\/gregorkirchner\/?page_id=14"},"modified":"2019-09-23T16:04:03","modified_gmt":"2019-09-23T14:04:03","slug":"spenden","status":"publish","type":"page","link":"https:\/\/blogs.donboscovolunteers.de\/gregorkirchner\/spenden\/","title":{"rendered":"Spenden"},"content":{"rendered":"<p>W\u00e4hrend meines 12-monatigen Freiwilligendienstes in Sambia\nm\u00f6chte ich vor Ort helfen und unterst\u00fctzen so gut es mir m\u00f6glich ist. In den\nEinrichtungen und Projekten k\u00f6nnen sozial benachteiligte Kinder und Jugendliche\nim Nordwesten des Landes zur Schule gehen, eine Ausbildung machen und in\nWohnheimen betreut wohnen. So kommen diese Kinder und Jugendliche weg von der\nStra\u00dfe, heraus aus der <a href=\"https:\/\/strassenkinder.de\/laender\/asien\/kinderrechte\/\">Kinderarbeit<\/a> und finden Schutz vor Kriminalit\u00e4t und\nGewalt. Schule und Ausbildung sind die wichtigsten Schl\u00fcssel, damit sie der\nArmut entkommen. Mit denen, die f\u00fcr diese Kinder und Jugendlichen Verantwortung\ntragen, m\u00f6chte ich zusammenarbeiten und insbesondere das Leben mit diesen\nKindern und Jugendlichen teilen. Das kannst du und k\u00f6nnen Sie unterst\u00fctzen.<\/p>\n\n\n\n<p>Ein Jahr in Sambia finanziert sich leider nicht von selbst.\nUm Freiwillige f\u00fcr das Auslandsjahr zu unterst\u00fctzen, gibt es ein staatlich\nfinanziertes Programm namens \u201eweltw\u00e4rts\u201c, das 75 Prozent der entstehenden\nKosten abdeckt. \u00dcbrig bleibt ein Eigenbetrag von 2400 \u20ac. &nbsp;<\/p>\n\n\n\n<p>Meine Entsendeorganisation <a href=\"https:\/\/www.donboscomission.de\/don-bosco\/\">Don Bosco<\/a> Volunteers, die\nj\u00e4hrlich ca. 50 Freiwillige auf den Einsatz vorbereitet und bis zur R\u00fcckkehr\nbegleitet, kann dies nur tun, wenn sie \u00fcber einen Spender-und Spenderinnenkreis\nvon uns Freiwilligen unterst\u00fctzt werden. Mit einer Spende unterst\u00fctzt ihr also\nzun\u00e4chst mich und meine Arbeit in Mansa, aber ihr helft auch dabei, dass im\nn\u00e4chsten Jahr wieder 50 engagierte junge Menschen in den <a href=\"https:\/\/www.donboscovolunteers.de\/\">Freiwilligendienst<\/a>\ngehen k\u00f6nnen. <\/p>\n\n\n\n<p>Au\u00dferdem kommt das Geld, dass \u00fcber den Betrag hinaus\ngespendet wird, den Kindern und Jugendlichen zugute, damit sie \u00fcber Schule und\nAusbildung sp\u00e4ter ein selbstbestimmtes und gutes Leben f\u00fchren k\u00f6nnen. <\/p>\n\n\n\n<p>F\u00fcr diejenigen, die mich in diesem Anliegen unterst\u00fctzen\nm\u00f6chten, gebe ich untere Bankverbindung bekannt. Von Herzen danke ich allen f\u00fcr\njegliche Hilfe und eine Spende, ganz egal wie klein oder gro\u00df. Nat\u00fcrlich erfolgt\neine Spendenquittung bei Angabe von Namen und Anschrift. <\/p>\n\n\n\n<p>Name:&nbsp;&nbsp;&nbsp;&nbsp;&nbsp;&nbsp;&nbsp;&nbsp;&nbsp;&nbsp;&nbsp;&nbsp;&nbsp;&nbsp;&nbsp;&nbsp;&nbsp;&nbsp;&nbsp;&nbsp;&nbsp;&nbsp;&nbsp;&nbsp;&nbsp;&nbsp;&nbsp;&nbsp;&nbsp;&nbsp;&nbsp;&nbsp;&nbsp; Don Bosco\nMission<\/p>\n\n\n\n<p>IBAN:&nbsp;&nbsp;&nbsp;&nbsp;&nbsp;&nbsp;&nbsp;&nbsp;&nbsp;&nbsp;&nbsp;&nbsp;&nbsp;&nbsp;&nbsp;&nbsp;&nbsp;&nbsp;&nbsp;&nbsp;&nbsp;&nbsp;&nbsp;&nbsp;&nbsp;&nbsp;&nbsp;&nbsp;&nbsp;&nbsp;&nbsp;&nbsp;&nbsp;&nbsp;&nbsp; DE89 3705 0198\n0000 0994 99<\/p>\n\n\n\n<p>BIC:&nbsp;&nbsp;&nbsp;&nbsp;&nbsp;&nbsp;&nbsp;&nbsp;&nbsp;&nbsp;&nbsp;&nbsp;&nbsp;&nbsp;&nbsp;&nbsp;&nbsp;&nbsp;&nbsp;&nbsp;&nbsp;&nbsp;&nbsp;&nbsp;&nbsp;&nbsp;&nbsp;&nbsp;&nbsp;&nbsp;&nbsp;&nbsp;&nbsp;&nbsp;&nbsp;&nbsp;&nbsp;&nbsp; COLSDE33XXX<\/p>\n\n\n\n<p>Verwendungszweck:&nbsp;&nbsp;&nbsp;&nbsp; Gregor Kirchner, Werbecode: S19VR012 (plus\nName und Adresse des Spenders\/ der Spenderin, wenn eine Spendenquittung\nerw\u00fcnscht ist) \n\n\n\n\n\nfffff<\/p>\n\n\n\n<div class=\"wp-block-button aligncenter\"><a class=\"wp-block-button__link\" href=\"https:\/\/www.donboscomission.de\/volontariat\/spenden\/?fb_item_id=24750\">Jetzt online spenden!<\/a><\/div>","protected":false},"excerpt":{"rendered":"<p>W\u00e4hrend meines 12-monatigen Freiwilligendienstes in Sambia m\u00f6chte ich vor Ort helfen und unterst\u00fctzen so gut es mir m\u00f6glich ist. In den Einrichtungen und Projekten k\u00f6nnen sozial benachteiligte Kinder und Jugendliche im Nordwesten des Landes zur Schule gehen, eine Ausbildung machen und in Wohnheimen betreut wohnen. So kommen diese Kinder und Jugendliche weg von der Stra\u00dfe, [&hellip;]<\/p>\n","protected":false},"author":21671,"featured_media":0,"parent":0,"menu_order":0,"comment_status":"closed","ping_status":"closed","template":"","meta":{"footnotes":""},"class_list":["post-14","page","type-page","status-publish","hentry"],"yoast_head":"<!-- This site is optimized with the Yoast SEO plugin v25.3.1 - https:\/\/yoast.com\/wordpress\/plugins\/seo\/ -->\n<title>Spenden - Gregor goes to Sambia<\/title>\n<meta name=\"robots\" content=\"index, follow, max-snippet:-1, max-image-preview:large, max-video-preview:-1\" \/>\n<link rel=\"canonical\" href=\"https:\/\/blogs.donboscovolunteers.de\/gregorkirchner\/spenden\/\" \/>\n<meta property=\"og:locale\" content=\"de_DE\" \/>\n<meta property=\"og:type\" content=\"article\" \/>\n<meta property=\"og:title\" content=\"Spenden - Gregor goes to Sambia\" \/>\n<meta property=\"og:description\" content=\"W\u00e4hrend meines 12-monatigen Freiwilligendienstes in Sambia m\u00f6chte ich vor Ort helfen und unterst\u00fctzen so gut es mir m\u00f6glich ist. In den Einrichtungen und Projekten k\u00f6nnen sozial benachteiligte Kinder und Jugendliche im Nordwesten des Landes zur Schule gehen, eine Ausbildung machen und in Wohnheimen betreut wohnen. So kommen diese Kinder und Jugendliche weg von der Stra\u00dfe, [&hellip;]\" \/>\n<meta property=\"og:url\" content=\"https:\/\/blogs.donboscovolunteers.de\/gregorkirchner\/spenden\/\" \/>\n<meta property=\"og:site_name\" content=\"Gregor goes to Sambia\" \/>\n<meta property=\"article:modified_time\" content=\"2019-09-23T14:04:03+00:00\" \/>\n<meta name=\"twitter:card\" content=\"summary_large_image\" \/>\n<meta name=\"twitter:label1\" content=\"Gesch\u00e4tzte Lesezeit\" \/>\n\t<meta name=\"twitter:data1\" content=\"2\u00a0Minuten\" \/>\n<script type=\"application\/ld+json\" class=\"yoast-schema-graph\">{\"@context\":\"https:\/\/schema.org\",\"@graph\":[{\"@type\":\"WebPage\",\"@id\":\"https:\/\/blogs.donboscovolunteers.de\/gregorkirchner\/spenden\/\",\"url\":\"https:\/\/blogs.donboscovolunteers.de\/gregorkirchner\/spenden\/\",\"name\":\"Spenden - Gregor goes to Sambia\",\"isPartOf\":{\"@id\":\"https:\/\/blogs.donboscovolunteers.de\/gregorkirchner\/#website\"},\"datePublished\":\"2019-09-12T16:42:42+00:00\",\"dateModified\":\"2019-09-23T14:04:03+00:00\",\"breadcrumb\":{\"@id\":\"https:\/\/blogs.donboscovolunteers.de\/gregorkirchner\/spenden\/#breadcrumb\"},\"inLanguage\":\"de\",\"potentialAction\":[{\"@type\":\"ReadAction\",\"target\":[\"https:\/\/blogs.donboscovolunteers.de\/gregorkirchner\/spenden\/\"]}]},{\"@type\":\"BreadcrumbList\",\"@id\":\"https:\/\/blogs.donboscovolunteers.de\/gregorkirchner\/spenden\/#breadcrumb\",\"itemListElement\":[{\"@type\":\"ListItem\",\"position\":1,\"name\":\"Startseite\",\"item\":\"https:\/\/blogs.donboscovolunteers.de\/gregorkirchner\/\"},{\"@type\":\"ListItem\",\"position\":2,\"name\":\"Spenden\"}]},{\"@type\":\"WebSite\",\"@id\":\"https:\/\/blogs.donboscovolunteers.de\/gregorkirchner\/#website\",\"url\":\"https:\/\/blogs.donboscovolunteers.de\/gregorkirchner\/\",\"name\":\"Gregor goes to Sambia\",\"description\":\"Eine weitere Don Bosco Volunteers Blogs Website\",\"potentialAction\":[{\"@type\":\"SearchAction\",\"target\":{\"@type\":\"EntryPoint\",\"urlTemplate\":\"https:\/\/blogs.donboscovolunteers.de\/gregorkirchner\/?s={search_term_string}\"},\"query-input\":{\"@type\":\"PropertyValueSpecification\",\"valueRequired\":true,\"valueName\":\"search_term_string\"}}],\"inLanguage\":\"de\"}]}<\/script>\n<!-- \/ Yoast SEO plugin. -->","yoast_head_json":{"title":"Spenden - Gregor goes to Sambia","robots":{"index":"index","follow":"follow","max-snippet":"max-snippet:-1","max-image-preview":"max-image-preview:large","max-video-preview":"max-video-preview:-1"},"canonical":"https:\/\/blogs.donboscovolunteers.de\/gregorkirchner\/spenden\/","og_locale":"de_DE","og_type":"article","og_title":"Spenden - Gregor goes to Sambia","og_description":"W\u00e4hrend meines 12-monatigen Freiwilligendienstes in Sambia m\u00f6chte ich vor Ort helfen und unterst\u00fctzen so gut es mir m\u00f6glich ist. In den Einrichtungen und Projekten k\u00f6nnen sozial benachteiligte Kinder und Jugendliche im Nordwesten des Landes zur Schule gehen, eine Ausbildung machen und in Wohnheimen betreut wohnen. So kommen diese Kinder und Jugendliche weg von der Stra\u00dfe, [&hellip;]","og_url":"https:\/\/blogs.donboscovolunteers.de\/gregorkirchner\/spenden\/","og_site_name":"Gregor goes to Sambia","article_modified_time":"2019-09-23T14:04:03+00:00","twitter_card":"summary_large_image","twitter_misc":{"Gesch\u00e4tzte Lesezeit":"2\u00a0Minuten"},"schema":{"@context":"https:\/\/schema.org","@graph":[{"@type":"WebPage","@id":"https:\/\/blogs.donboscovolunteers.de\/gregorkirchner\/spenden\/","url":"https:\/\/blogs.donboscovolunteers.de\/gregorkirchner\/spenden\/","name":"Spenden - Gregor goes to Sambia","isPartOf":{"@id":"https:\/\/blogs.donboscovolunteers.de\/gregorkirchner\/#website"},"datePublished":"2019-09-12T16:42:42+00:00","dateModified":"2019-09-23T14:04:03+00:00","breadcrumb":{"@id":"https:\/\/blogs.donboscovolunteers.de\/gregorkirchner\/spenden\/#breadcrumb"},"inLanguage":"de","potentialAction":[{"@type":"ReadAction","target":["https:\/\/blogs.donboscovolunteers.de\/gregorkirchner\/spenden\/"]}]},{"@type":"BreadcrumbList","@id":"https:\/\/blogs.donboscovolunteers.de\/gregorkirchner\/spenden\/#breadcrumb","itemListElement":[{"@type":"ListItem","position":1,"name":"Startseite","item":"https:\/\/blogs.donboscovolunteers.de\/gregorkirchner\/"},{"@type":"ListItem","position":2,"name":"Spenden"}]},{"@type":"WebSite","@id":"https:\/\/blogs.donboscovolunteers.de\/gregorkirchner\/#website","url":"https:\/\/blogs.donboscovolunteers.de\/gregorkirchner\/","name":"Gregor goes to Sambia","description":"Eine weitere Don Bosco Volunteers Blogs Website","potentialAction":[{"@type":"SearchAction","target":{"@type":"EntryPoint","urlTemplate":"https:\/\/blogs.donboscovolunteers.de\/gregorkirchner\/?s={search_term_string}"},"query-input":{"@type":"PropertyValueSpecification","valueRequired":true,"valueName":"search_term_string"}}],"inLanguage":"de"}]}},"_links":{"self":[{"href":"https:\/\/blogs.donboscovolunteers.de\/gregorkirchner\/wp-json\/wp\/v2\/pages\/14","targetHints":{"allow":["GET"]}}],"collection":[{"href":"https:\/\/blogs.donboscovolunteers.de\/gregorkirchner\/wp-json\/wp\/v2\/pages"}],"about":[{"href":"https:\/\/blogs.donboscovolunteers.de\/gregorkirchner\/wp-json\/wp\/v2\/types\/page"}],"author":[{"embeddable":true,"href":"https:\/\/blogs.donboscovolunteers.de\/gregorkirchner\/wp-json\/wp\/v2\/users\/21671"}],"replies":[{"embeddable":true,"href":"https:\/\/blogs.donboscovolunteers.de\/gregorkirchner\/wp-json\/wp\/v2\/comments?post=14"}],"version-history":[{"count":2,"href":"https:\/\/blogs.donboscovolunteers.de\/gregorkirchner\/wp-json\/wp\/v2\/pages\/14\/revisions"}],"predecessor-version":[{"id":28,"href":"https:\/\/blogs.donboscovolunteers.de\/gregorkirchner\/wp-json\/wp\/v2\/pages\/14\/revisions\/28"}],"wp:attachment":[{"href":"https:\/\/blogs.donboscovolunteers.de\/gregorkirchner\/wp-json\/wp\/v2\/media?parent=14"}],"curies":[{"name":"wp","href":"https:\/\/api.w.org\/{rel}","templated":true}]}}