{"id":75,"date":"2022-12-04T20:27:22","date_gmt":"2022-12-04T19:27:22","guid":{"rendered":"https:\/\/blogs.donboscovolunteers.de\/gesinesblog\/?page_id=75"},"modified":"2023-02-27T16:48:47","modified_gmt":"2023-02-27T15:48:47","slug":"ueber-mich","status":"publish","type":"page","link":"https:\/\/blogs.donboscovolunteers.de\/gesinesblog\/ueber-mich\/","title":{"rendered":"\u00dcber mich"},"content":{"rendered":"<p>Hi, ich bin Gesine. Ich bin 18 Jahre alt und komme aus K\u00f6ln. Im Sommer habe ich mein Abitur gemacht. Mir war schon lange klar, dass ich nach der Schule nicht direkt anfangen will zu studieren, sondern erstmal etwas ganz anderes machen m\u00f6chte. Deswegen mache ich f\u00fcr ein Jahr, einen <a href=\"https:\/\/www.donboscovolunteers.de\/\">Freiwilligendienst<\/a> in der Kinder- und Jugendarbeit in einem Dorf in Ruanda. Anfang September ging es los.<\/p>\n\n\n\n<p>In diesem Blog m\u00f6chte ich \u00fcber meine Erfahrungen berichten und einen Einblick in mein Leben und meine Arbeit hier vor Ort geben. Wenn ihr Fragen habt oder mir eine R\u00fcckmeldung geben wollt, k\u00f6nnt ihr gerne einen Kommentar schreiben. Dar\u00fcber w\u00fcrde ich mich sehr freuen. \ud83d\ude42<\/p>\n\n\n\n<p>Viel Spa\u00df beim Lesen!<\/p>","protected":false},"excerpt":{"rendered":"<p>Hi, ich bin Gesine. Ich bin 18 Jahre alt und komme aus K\u00f6ln. Im Sommer habe ich mein Abitur gemacht. Mir war schon lange klar, dass ich nach der Schule nicht direkt anfangen will zu studieren, sondern erstmal etwas ganz anderes machen m\u00f6chte. Deswegen mache ich f\u00fcr ein Jahr, einen <a href=\"https:\/\/www.donboscovolunteers.de\/\">Freiwilligendienst<\/a> in der Kinder- und [&hellip;]<\/p>\n","protected":false},"author":21729,"featured_media":0,"parent":0,"menu_order":0,"comment_status":"closed","ping_status":"closed","template":"","meta":{"footnotes":""},"class_list":["post-75","page","type-page","status-publish","hentry"],"yoast_head":"<!-- This site is optimized with the Yoast SEO plugin v25.3.1 - https:\/\/yoast.com\/wordpress\/plugins\/seo\/ -->\n<title>\u00dcber mich - Tats\u00e4chlich Ruanda<\/title>\n<meta name=\"robots\" content=\"index, follow, max-snippet:-1, max-image-preview:large, max-video-preview:-1\" \/>\n<link rel=\"canonical\" href=\"https:\/\/blogs.donboscovolunteers.de\/gesinesblog\/ueber-mich\/\" \/>\n<meta property=\"og:locale\" content=\"de_DE\" \/>\n<meta property=\"og:type\" content=\"article\" \/>\n<meta property=\"og:title\" content=\"\u00dcber mich - Tats\u00e4chlich Ruanda\" \/>\n<meta property=\"og:description\" content=\"Hi, ich bin Gesine. Ich bin 18 Jahre alt und komme aus K\u00f6ln. Im Sommer habe ich mein Abitur gemacht. Mir war schon lange klar, dass ich nach der Schule nicht direkt anfangen will zu studieren, sondern erstmal etwas ganz anderes machen m\u00f6chte. Deswegen mache ich f\u00fcr ein Jahr, einen Freiwilligendienst in der Kinder- und [&hellip;]\" \/>\n<meta property=\"og:url\" content=\"https:\/\/blogs.donboscovolunteers.de\/gesinesblog\/ueber-mich\/\" \/>\n<meta property=\"og:site_name\" content=\"Tats\u00e4chlich Ruanda\" \/>\n<meta property=\"article:modified_time\" content=\"2023-02-27T15:48:47+00:00\" \/>\n<meta name=\"twitter:card\" content=\"summary_large_image\" \/>\n<meta name=\"twitter:label1\" content=\"Gesch\u00e4tzte Lesezeit\" \/>\n\t<meta name=\"twitter:data1\" content=\"1\u00a0Minute\" \/>\n<script type=\"application\/ld+json\" class=\"yoast-schema-graph\">{\"@context\":\"https:\/\/schema.org\",\"@graph\":[{\"@type\":\"WebPage\",\"@id\":\"https:\/\/blogs.donboscovolunteers.de\/gesinesblog\/ueber-mich\/\",\"url\":\"https:\/\/blogs.donboscovolunteers.de\/gesinesblog\/ueber-mich\/\",\"name\":\"\u00dcber mich - Tats\u00e4chlich Ruanda\",\"isPartOf\":{\"@id\":\"https:\/\/blogs.donboscovolunteers.de\/gesinesblog\/#website\"},\"datePublished\":\"2022-12-04T19:27:22+00:00\",\"dateModified\":\"2023-02-27T15:48:47+00:00\",\"breadcrumb\":{\"@id\":\"https:\/\/blogs.donboscovolunteers.de\/gesinesblog\/ueber-mich\/#breadcrumb\"},\"inLanguage\":\"de\",\"potentialAction\":[{\"@type\":\"ReadAction\",\"target\":[\"https:\/\/blogs.donboscovolunteers.de\/gesinesblog\/ueber-mich\/\"]}]},{\"@type\":\"BreadcrumbList\",\"@id\":\"https:\/\/blogs.donboscovolunteers.de\/gesinesblog\/ueber-mich\/#breadcrumb\",\"itemListElement\":[{\"@type\":\"ListItem\",\"position\":1,\"name\":\"Startseite\",\"item\":\"https:\/\/blogs.donboscovolunteers.de\/gesinesblog\/\"},{\"@type\":\"ListItem\",\"position\":2,\"name\":\"\u00dcber mich\"}]},{\"@type\":\"WebSite\",\"@id\":\"https:\/\/blogs.donboscovolunteers.de\/gesinesblog\/#website\",\"url\":\"https:\/\/blogs.donboscovolunteers.de\/gesinesblog\/\",\"name\":\"Tats\u00e4chlich Ruanda\",\"description\":\"\",\"potentialAction\":[{\"@type\":\"SearchAction\",\"target\":{\"@type\":\"EntryPoint\",\"urlTemplate\":\"https:\/\/blogs.donboscovolunteers.de\/gesinesblog\/?s={search_term_string}\"},\"query-input\":{\"@type\":\"PropertyValueSpecification\",\"valueRequired\":true,\"valueName\":\"search_term_string\"}}],\"inLanguage\":\"de\"}]}<\/script>\n<!-- \/ Yoast SEO plugin. -->","yoast_head_json":{"title":"\u00dcber mich - Tats\u00e4chlich Ruanda","robots":{"index":"index","follow":"follow","max-snippet":"max-snippet:-1","max-image-preview":"max-image-preview:large","max-video-preview":"max-video-preview:-1"},"canonical":"https:\/\/blogs.donboscovolunteers.de\/gesinesblog\/ueber-mich\/","og_locale":"de_DE","og_type":"article","og_title":"\u00dcber mich - Tats\u00e4chlich Ruanda","og_description":"Hi, ich bin Gesine. Ich bin 18 Jahre alt und komme aus K\u00f6ln. Im Sommer habe ich mein Abitur gemacht. Mir war schon lange klar, dass ich nach der Schule nicht direkt anfangen will zu studieren, sondern erstmal etwas ganz anderes machen m\u00f6chte. Deswegen mache ich f\u00fcr ein Jahr, einen Freiwilligendienst in der Kinder- und [&hellip;]","og_url":"https:\/\/blogs.donboscovolunteers.de\/gesinesblog\/ueber-mich\/","og_site_name":"Tats\u00e4chlich Ruanda","article_modified_time":"2023-02-27T15:48:47+00:00","twitter_card":"summary_large_image","twitter_misc":{"Gesch\u00e4tzte Lesezeit":"1\u00a0Minute"},"schema":{"@context":"https:\/\/schema.org","@graph":[{"@type":"WebPage","@id":"https:\/\/blogs.donboscovolunteers.de\/gesinesblog\/ueber-mich\/","url":"https:\/\/blogs.donboscovolunteers.de\/gesinesblog\/ueber-mich\/","name":"\u00dcber mich - Tats\u00e4chlich Ruanda","isPartOf":{"@id":"https:\/\/blogs.donboscovolunteers.de\/gesinesblog\/#website"},"datePublished":"2022-12-04T19:27:22+00:00","dateModified":"2023-02-27T15:48:47+00:00","breadcrumb":{"@id":"https:\/\/blogs.donboscovolunteers.de\/gesinesblog\/ueber-mich\/#breadcrumb"},"inLanguage":"de","potentialAction":[{"@type":"ReadAction","target":["https:\/\/blogs.donboscovolunteers.de\/gesinesblog\/ueber-mich\/"]}]},{"@type":"BreadcrumbList","@id":"https:\/\/blogs.donboscovolunteers.de\/gesinesblog\/ueber-mich\/#breadcrumb","itemListElement":[{"@type":"ListItem","position":1,"name":"Startseite","item":"https:\/\/blogs.donboscovolunteers.de\/gesinesblog\/"},{"@type":"ListItem","position":2,"name":"\u00dcber mich"}]},{"@type":"WebSite","@id":"https:\/\/blogs.donboscovolunteers.de\/gesinesblog\/#website","url":"https:\/\/blogs.donboscovolunteers.de\/gesinesblog\/","name":"Tats\u00e4chlich Ruanda","description":"","potentialAction":[{"@type":"SearchAction","target":{"@type":"EntryPoint","urlTemplate":"https:\/\/blogs.donboscovolunteers.de\/gesinesblog\/?s={search_term_string}"},"query-input":{"@type":"PropertyValueSpecification","valueRequired":true,"valueName":"search_term_string"}}],"inLanguage":"de"}]}},"_links":{"self":[{"href":"https:\/\/blogs.donboscovolunteers.de\/gesinesblog\/wp-json\/wp\/v2\/pages\/75","targetHints":{"allow":["GET"]}}],"collection":[{"href":"https:\/\/blogs.donboscovolunteers.de\/gesinesblog\/wp-json\/wp\/v2\/pages"}],"about":[{"href":"https:\/\/blogs.donboscovolunteers.de\/gesinesblog\/wp-json\/wp\/v2\/types\/page"}],"author":[{"embeddable":true,"href":"https:\/\/blogs.donboscovolunteers.de\/gesinesblog\/wp-json\/wp\/v2\/users\/21729"}],"replies":[{"embeddable":true,"href":"https:\/\/blogs.donboscovolunteers.de\/gesinesblog\/wp-json\/wp\/v2\/comments?post=75"}],"version-history":[{"count":3,"href":"https:\/\/blogs.donboscovolunteers.de\/gesinesblog\/wp-json\/wp\/v2\/pages\/75\/revisions"}],"predecessor-version":[{"id":316,"href":"https:\/\/blogs.donboscovolunteers.de\/gesinesblog\/wp-json\/wp\/v2\/pages\/75\/revisions\/316"}],"wp:attachment":[{"href":"https:\/\/blogs.donboscovolunteers.de\/gesinesblog\/wp-json\/wp\/v2\/media?parent=75"}],"curies":[{"name":"wp","href":"https:\/\/api.w.org\/{rel}","templated":true}]}}