{"id":3,"date":"2025-09-03T15:31:20","date_gmt":"2025-09-03T13:31:20","guid":{"rendered":"https:\/\/blogs.donboscovolunteers.de\/friesvoluntales\/about\/"},"modified":"2025-09-03T19:25:23","modified_gmt":"2025-09-03T17:25:23","slug":"about","status":"publish","type":"page","link":"https:\/\/blogs.donboscovolunteers.de\/friesvoluntales\/about\/","title":{"rendered":"\u00dcber mich"},"content":{"rendered":"<div class=\"wp-block-group\"><div class=\"wp-block-group__inner-container is-layout-constrained wp-block-group-is-layout-constrained\">\n<div class=\"wp-block-columns is-layout-flex wp-container-core-columns-is-layout-9d6595d7 wp-block-columns-is-layout-flex\">\n<div class=\"wp-block-column is-layout-flow wp-block-column-is-layout-flow\"><\/div>\n<\/div>\n<\/div><\/div>\n\n\n\n<p>Halli Hallo!<\/p>\n\n\n\n<p>Mein Name ist Friederike, aber ihr d\u00fcrft mich gerne Frie nennen!  <br>Ich bin 20 Jahre alt, habe gerade mein Abi gemacht und komme aus der N\u00e4he von Hamburg.  <br>In meiner Freizeit singe ich gerne und h\u00f6re Musik, au\u00dferdem mag ich alles Kreative! <br>Und jetzt geht es f\u00fcr mich f\u00fcr ein Jahr nach Murunkan in Sri Lanka! <br>Ich freue mich, dass ihr mich hier begleitet!<\/p>","protected":false},"excerpt":{"rendered":"<p>Halli Hallo! Mein Name ist Friederike, aber ihr d\u00fcrft mich gerne Frie nennen! Ich bin 20 Jahre alt, habe gerade mein Abi gemacht und komme aus der N\u00e4he von Hamburg. In meiner Freizeit singe ich gerne und h\u00f6re Musik, au\u00dferdem mag ich alles Kreative! Und jetzt geht es f\u00fcr mich f\u00fcr ein Jahr nach Murunkan [&hellip;]<\/p>\n","protected":false},"author":21866,"featured_media":38,"parent":0,"menu_order":1,"comment_status":"closed","ping_status":"closed","template":"","meta":{"footnotes":""},"class_list":["post-3","page","type-page","status-publish","has-post-thumbnail","hentry"],"yoast_head":"<!-- This site is optimized with the Yoast SEO plugin v25.3.1 - https:\/\/yoast.com\/wordpress\/plugins\/seo\/ -->\n<title>\u00dcber mich - Fries Voluntales<\/title>\n<meta name=\"robots\" content=\"index, follow, max-snippet:-1, max-image-preview:large, max-video-preview:-1\" \/>\n<link rel=\"canonical\" href=\"https:\/\/blogs.donboscovolunteers.de\/friesvoluntales\/about\/\" \/>\n<meta property=\"og:locale\" content=\"de_DE\" \/>\n<meta property=\"og:type\" content=\"article\" \/>\n<meta property=\"og:title\" content=\"\u00dcber mich - Fries Voluntales\" \/>\n<meta property=\"og:description\" content=\"Halli Hallo! Mein Name ist Friederike, aber ihr d\u00fcrft mich gerne Frie nennen! Ich bin 20 Jahre alt, habe gerade mein Abi gemacht und komme aus der N\u00e4he von Hamburg. In meiner Freizeit singe ich gerne und h\u00f6re Musik, au\u00dferdem mag ich alles Kreative! Und jetzt geht es f\u00fcr mich f\u00fcr ein Jahr nach Murunkan [&hellip;]\" \/>\n<meta property=\"og:url\" content=\"https:\/\/blogs.donboscovolunteers.de\/friesvoluntales\/about\/\" \/>\n<meta property=\"og:site_name\" content=\"Fries Voluntales\" \/>\n<meta property=\"article:modified_time\" content=\"2025-09-03T17:25:23+00:00\" \/>\n<meta property=\"og:image\" content=\"https:\/\/blogs.donboscovolunteers.de\/friesvoluntales\/wp-content\/uploads\/sites\/21778\/2025\/09\/IMG_6799.jpeg\" \/>\n\t<meta property=\"og:image:width\" content=\"1280\" \/>\n\t<meta property=\"og:image:height\" content=\"487\" \/>\n\t<meta property=\"og:image:type\" content=\"image\/jpeg\" \/>\n<meta name=\"twitter:card\" content=\"summary_large_image\" \/>\n<meta name=\"twitter:label1\" content=\"Gesch\u00e4tzte Lesezeit\" \/>\n\t<meta name=\"twitter:data1\" content=\"1\u00a0Minute\" \/>\n<script type=\"application\/ld+json\" class=\"yoast-schema-graph\">{\"@context\":\"https:\/\/schema.org\",\"@graph\":[{\"@type\":\"WebPage\",\"@id\":\"https:\/\/blogs.donboscovolunteers.de\/friesvoluntales\/about\/\",\"url\":\"https:\/\/blogs.donboscovolunteers.de\/friesvoluntales\/about\/\",\"name\":\"\u00dcber mich - Fries Voluntales\",\"isPartOf\":{\"@id\":\"https:\/\/blogs.donboscovolunteers.de\/friesvoluntales\/#website\"},\"primaryImageOfPage\":{\"@id\":\"https:\/\/blogs.donboscovolunteers.de\/friesvoluntales\/about\/#primaryimage\"},\"image\":{\"@id\":\"https:\/\/blogs.donboscovolunteers.de\/friesvoluntales\/about\/#primaryimage\"},\"thumbnailUrl\":\"https:\/\/blogs.donboscovolunteers.de\/friesvoluntales\/wp-content\/uploads\/sites\/21778\/2025\/09\/IMG_6799.jpeg\",\"datePublished\":\"2025-09-03T13:31:20+00:00\",\"dateModified\":\"2025-09-03T17:25:23+00:00\",\"breadcrumb\":{\"@id\":\"https:\/\/blogs.donboscovolunteers.de\/friesvoluntales\/about\/#breadcrumb\"},\"inLanguage\":\"de\",\"potentialAction\":[{\"@type\":\"ReadAction\",\"target\":[\"https:\/\/blogs.donboscovolunteers.de\/friesvoluntales\/about\/\"]}]},{\"@type\":\"ImageObject\",\"inLanguage\":\"de\",\"@id\":\"https:\/\/blogs.donboscovolunteers.de\/friesvoluntales\/about\/#primaryimage\",\"url\":\"https:\/\/blogs.donboscovolunteers.de\/friesvoluntales\/wp-content\/uploads\/sites\/21778\/2025\/09\/IMG_6799.jpeg\",\"contentUrl\":\"https:\/\/blogs.donboscovolunteers.de\/friesvoluntales\/wp-content\/uploads\/sites\/21778\/2025\/09\/IMG_6799.jpeg\",\"width\":1280,\"height\":487},{\"@type\":\"BreadcrumbList\",\"@id\":\"https:\/\/blogs.donboscovolunteers.de\/friesvoluntales\/about\/#breadcrumb\",\"itemListElement\":[{\"@type\":\"ListItem\",\"position\":1,\"name\":\"Startseite\",\"item\":\"https:\/\/blogs.donboscovolunteers.de\/friesvoluntales\/\"},{\"@type\":\"ListItem\",\"position\":2,\"name\":\"\u00dcber mich\"}]},{\"@type\":\"WebSite\",\"@id\":\"https:\/\/blogs.donboscovolunteers.de\/friesvoluntales\/#website\",\"url\":\"https:\/\/blogs.donboscovolunteers.de\/friesvoluntales\/\",\"name\":\"Fries Voluntales\",\"description\":\"\",\"potentialAction\":[{\"@type\":\"SearchAction\",\"target\":{\"@type\":\"EntryPoint\",\"urlTemplate\":\"https:\/\/blogs.donboscovolunteers.de\/friesvoluntales\/?s={search_term_string}\"},\"query-input\":{\"@type\":\"PropertyValueSpecification\",\"valueRequired\":true,\"valueName\":\"search_term_string\"}}],\"inLanguage\":\"de\"}]}<\/script>\n<!-- \/ Yoast SEO plugin. -->","yoast_head_json":{"title":"\u00dcber mich - Fries Voluntales","robots":{"index":"index","follow":"follow","max-snippet":"max-snippet:-1","max-image-preview":"max-image-preview:large","max-video-preview":"max-video-preview:-1"},"canonical":"https:\/\/blogs.donboscovolunteers.de\/friesvoluntales\/about\/","og_locale":"de_DE","og_type":"article","og_title":"\u00dcber mich - Fries Voluntales","og_description":"Halli Hallo! Mein Name ist Friederike, aber ihr d\u00fcrft mich gerne Frie nennen! Ich bin 20 Jahre alt, habe gerade mein Abi gemacht und komme aus der N\u00e4he von Hamburg. In meiner Freizeit singe ich gerne und h\u00f6re Musik, au\u00dferdem mag ich alles Kreative! Und jetzt geht es f\u00fcr mich f\u00fcr ein Jahr nach Murunkan [&hellip;]","og_url":"https:\/\/blogs.donboscovolunteers.de\/friesvoluntales\/about\/","og_site_name":"Fries Voluntales","article_modified_time":"2025-09-03T17:25:23+00:00","og_image":[{"width":1280,"height":487,"url":"https:\/\/blogs.donboscovolunteers.de\/friesvoluntales\/wp-content\/uploads\/sites\/21778\/2025\/09\/IMG_6799.jpeg","type":"image\/jpeg"}],"twitter_card":"summary_large_image","twitter_misc":{"Gesch\u00e4tzte Lesezeit":"1\u00a0Minute"},"schema":{"@context":"https:\/\/schema.org","@graph":[{"@type":"WebPage","@id":"https:\/\/blogs.donboscovolunteers.de\/friesvoluntales\/about\/","url":"https:\/\/blogs.donboscovolunteers.de\/friesvoluntales\/about\/","name":"\u00dcber mich - Fries Voluntales","isPartOf":{"@id":"https:\/\/blogs.donboscovolunteers.de\/friesvoluntales\/#website"},"primaryImageOfPage":{"@id":"https:\/\/blogs.donboscovolunteers.de\/friesvoluntales\/about\/#primaryimage"},"image":{"@id":"https:\/\/blogs.donboscovolunteers.de\/friesvoluntales\/about\/#primaryimage"},"thumbnailUrl":"https:\/\/blogs.donboscovolunteers.de\/friesvoluntales\/wp-content\/uploads\/sites\/21778\/2025\/09\/IMG_6799.jpeg","datePublished":"2025-09-03T13:31:20+00:00","dateModified":"2025-09-03T17:25:23+00:00","breadcrumb":{"@id":"https:\/\/blogs.donboscovolunteers.de\/friesvoluntales\/about\/#breadcrumb"},"inLanguage":"de","potentialAction":[{"@type":"ReadAction","target":["https:\/\/blogs.donboscovolunteers.de\/friesvoluntales\/about\/"]}]},{"@type":"ImageObject","inLanguage":"de","@id":"https:\/\/blogs.donboscovolunteers.de\/friesvoluntales\/about\/#primaryimage","url":"https:\/\/blogs.donboscovolunteers.de\/friesvoluntales\/wp-content\/uploads\/sites\/21778\/2025\/09\/IMG_6799.jpeg","contentUrl":"https:\/\/blogs.donboscovolunteers.de\/friesvoluntales\/wp-content\/uploads\/sites\/21778\/2025\/09\/IMG_6799.jpeg","width":1280,"height":487},{"@type":"BreadcrumbList","@id":"https:\/\/blogs.donboscovolunteers.de\/friesvoluntales\/about\/#breadcrumb","itemListElement":[{"@type":"ListItem","position":1,"name":"Startseite","item":"https:\/\/blogs.donboscovolunteers.de\/friesvoluntales\/"},{"@type":"ListItem","position":2,"name":"\u00dcber mich"}]},{"@type":"WebSite","@id":"https:\/\/blogs.donboscovolunteers.de\/friesvoluntales\/#website","url":"https:\/\/blogs.donboscovolunteers.de\/friesvoluntales\/","name":"Fries Voluntales","description":"","potentialAction":[{"@type":"SearchAction","target":{"@type":"EntryPoint","urlTemplate":"https:\/\/blogs.donboscovolunteers.de\/friesvoluntales\/?s={search_term_string}"},"query-input":{"@type":"PropertyValueSpecification","valueRequired":true,"valueName":"search_term_string"}}],"inLanguage":"de"}]}},"_links":{"self":[{"href":"https:\/\/blogs.donboscovolunteers.de\/friesvoluntales\/wp-json\/wp\/v2\/pages\/3","targetHints":{"allow":["GET"]}}],"collection":[{"href":"https:\/\/blogs.donboscovolunteers.de\/friesvoluntales\/wp-json\/wp\/v2\/pages"}],"about":[{"href":"https:\/\/blogs.donboscovolunteers.de\/friesvoluntales\/wp-json\/wp\/v2\/types\/page"}],"author":[{"embeddable":true,"href":"https:\/\/blogs.donboscovolunteers.de\/friesvoluntales\/wp-json\/wp\/v2\/users\/21866"}],"replies":[{"embeddable":true,"href":"https:\/\/blogs.donboscovolunteers.de\/friesvoluntales\/wp-json\/wp\/v2\/comments?post=3"}],"version-history":[{"count":6,"href":"https:\/\/blogs.donboscovolunteers.de\/friesvoluntales\/wp-json\/wp\/v2\/pages\/3\/revisions"}],"predecessor-version":[{"id":39,"href":"https:\/\/blogs.donboscovolunteers.de\/friesvoluntales\/wp-json\/wp\/v2\/pages\/3\/revisions\/39"}],"wp:featuredmedia":[{"embeddable":true,"href":"https:\/\/blogs.donboscovolunteers.de\/friesvoluntales\/wp-json\/wp\/v2\/media\/38"}],"wp:attachment":[{"href":"https:\/\/blogs.donboscovolunteers.de\/friesvoluntales\/wp-json\/wp\/v2\/media?parent=3"}],"curies":[{"name":"wp","href":"https:\/\/api.w.org\/{rel}","templated":true}]}}