{"id":6,"date":"2014-08-23T08:11:10","date_gmt":"2014-08-23T08:11:10","guid":{"rendered":"https:\/\/blogs.donboscovolunteers.de\/franziinwestafrika\/?page_id=6"},"modified":"2014-08-23T08:52:59","modified_gmt":"2014-08-23T08:52:59","slug":"cest-moi","status":"publish","type":"page","link":"https:\/\/blogs.donboscovolunteers.de\/franziinwestafrika\/cest-moi\/","title":{"rendered":"C&#8217;est moi"},"content":{"rendered":"<p><a href=\"https:\/\/blogs.donboscovolunteers.de\/franziinwestafrika\/wp-content\/uploads\/sites\/20906\/2014\/08\/IMG_6001-21.jpg\"><img loading=\"lazy\" decoding=\"async\" class=\"size-medium wp-image-20 alignright\" alt=\"IMG_6001 2\" src=\"https:\/\/blogs.donboscovolunteers.de\/franziinwestafrika\/wp-content\/uploads\/sites\/20906\/2014\/08\/IMG_6001-21-300x300.jpg\" width=\"300\" height=\"300\" srcset=\"https:\/\/blogs.donboscovolunteers.de\/franziinwestafrika\/wp-content\/uploads\/sites\/20906\/2014\/08\/IMG_6001-21-300x300.jpg 300w, https:\/\/blogs.donboscovolunteers.de\/franziinwestafrika\/wp-content\/uploads\/sites\/20906\/2014\/08\/IMG_6001-21-150x150.jpg 150w, https:\/\/blogs.donboscovolunteers.de\/franziinwestafrika\/wp-content\/uploads\/sites\/20906\/2014\/08\/IMG_6001-21-1024x1024.jpg 1024w, https:\/\/blogs.donboscovolunteers.de\/franziinwestafrika\/wp-content\/uploads\/sites\/20906\/2014\/08\/IMG_6001-21-700x700.jpg 700w, https:\/\/blogs.donboscovolunteers.de\/franziinwestafrika\/wp-content\/uploads\/sites\/20906\/2014\/08\/IMG_6001-21-332x332.jpg 332w, https:\/\/blogs.donboscovolunteers.de\/franziinwestafrika\/wp-content\/uploads\/sites\/20906\/2014\/08\/IMG_6001-21-432x432.jpg 432w, https:\/\/blogs.donboscovolunteers.de\/franziinwestafrika\/wp-content\/uploads\/sites\/20906\/2014\/08\/IMG_6001-21-268x268.jpg 268w, https:\/\/blogs.donboscovolunteers.de\/franziinwestafrika\/wp-content\/uploads\/sites\/20906\/2014\/08\/IMG_6001-21.jpg 1068w\" sizes=\"auto, (max-width: 300px) 100vw, 300px\" \/><\/a><\/p>\n<p>Ich hei\u00dfe Franziska Reiland und bin 18 Jahre alt.<br \/>\nMehr oder weniger &#8222;gro\u00df&#8220; geworden bin ich in Berlin und Brandenburg. Seit 6 Jahren lebe ich im schnuckligen Mosbach am Neckar. Dort habe ich diesen Fr\u00fchling meine Schulzeit mit dem Abitur abgeschlossen. Von hier aus geht es f\u00fcr mich ab dem 2. September in den Westen der Elfenbeink\u00fcste, nach Du\u00e9kou\u00e9.<\/p>\n<p>Die Amtssprache der Elfenbeink\u00fcste ist Franz\u00f6sisch. In der 10. Klasse hat mich schon einmal das Fernweh gepackt. Ich habe am Sch\u00fcleraustauschprogramm des deutsch-franz\u00f6sischen Jugendwerks &#8222;Voltaire&#8220; teilgenommen und so sechs Monate in einer Gastfamilie in Nordfrankreich gelebt. Deshalb hoffe ich, dass mir die Sprache keine Probleme machen wird \ud83d\ude09 Au\u00dferdem kenne ich dadurch schon das Gef\u00fchl, f\u00fcr eine gewisse Zeit meine Familie, Freunde und das gewohnte, bequeme Leben zur\u00fcck zu lassen.<\/p>\n<p>Warum ich einen <a href=\"https:\/\/www.donboscovolunteers.de\/\">Freiwilligendienst<\/a> mache?<br \/>\nDas haben mich viele Leute gefragt. Ich entdecke sehr gerne neue Kulturen, lerne gerne andere Lebensweisen und neue Menschen kennen. F\u00fcr Afrika lie\u00df ich mich schon als kleines M\u00e4dchen begeistern. Nun ist es endlich soweit, alles mit meinen Augen zu entdecken und mir ein eigenes Bild von dem Kontinent zu machen. F\u00fcr mich steht schon seit vielen Jahren fest, dass ich nach der Schulzeit erstmal was f\u00fcrs Leben lernen will \ud83d\ude09 Ein Freiwilligendienst bietet mir die M\u00f6glichkeit, ganz viel geschenkt bekommen zu k\u00f6nnen und selbst ein bisschen zur\u00fcck zu geben. Es macht mir sehr viel Spa\u00df, mit Kindern und Jugendlichen zu arbeiten und gerade denjenigen eine Chance und Zeit zu schenken, die normalerweise keine M\u00f6glichkeiten in unserer Gesellschaft haben. Und was gibt es dann Sch\u00f6neres, als ein L\u00e4cheln zur\u00fcckgeschenkt zu bekommen.<\/p>\n<p>Wenn ich dann n\u00e4chstes Jahr im Flieger Richtung Heimat sitze und mein Koffer vor unz\u00e4hlig vielen neuen Erfahrungen fast platzt, werde ich erstmal studieren. Gerade sieht es so aus, als w\u00e4re Medizin das Richtige f\u00fcr mich. Als \u00c4rztin w\u00fcrde ich dann gerne in der Entwicklungshilfe arbeiten. Aber mal abwarten, was das kommende Jahr mit meinen Zukunftspl\u00e4nen macht \ud83d\ude42<\/p>\n<p>Bei Fragen, Anregungen&#8230;, hinterlasst doch einfach einen Kommentar oder schreibt eine Mail an franziska.reiland@web.de!<\/p>\n<p>Danke f\u00fcr euer Interesse an meinem Jahr in Westafrika.<\/p>\n<p>Eure Franzi<\/p>\n","protected":false},"excerpt":{"rendered":"<p>Ich hei\u00dfe Franziska Reiland und bin 18 Jahre alt. Mehr oder weniger &#8222;gro\u00df&#8220; geworden bin ich in Berlin und Brandenburg. Seit 6 Jahren lebe ich im schnuckligen Mosbach am Neckar. Dort habe ich diesen Fr\u00fchling meine Schulzeit mit dem Abitur abgeschlossen. Von hier aus geht es f\u00fcr mich ab dem 2. September in den Westen [&hellip;]<\/p>\n","protected":false},"author":20928,"featured_media":0,"parent":0,"menu_order":0,"comment_status":"open","ping_status":"closed","template":"","meta":{"footnotes":""},"class_list":["post-6","page","type-page","status-publish","hentry"],"yoast_head":"<!-- This site is optimized with the Yoast SEO plugin v25.3.1 - https:\/\/yoast.com\/wordpress\/plugins\/seo\/ -->\n<title>C&#039;est moi - Mit Don Bosco in Du\u00e9kou\u00e9<\/title>\n<meta name=\"robots\" content=\"index, follow, max-snippet:-1, max-image-preview:large, max-video-preview:-1\" \/>\n<link rel=\"canonical\" href=\"https:\/\/blogs.donboscovolunteers.de\/franziinwestafrika\/cest-moi\/\" \/>\n<meta property=\"og:locale\" content=\"de_DE\" \/>\n<meta property=\"og:type\" content=\"article\" \/>\n<meta property=\"og:title\" content=\"C&#039;est moi - Mit Don Bosco in Du\u00e9kou\u00e9\" \/>\n<meta property=\"og:description\" content=\"Ich hei\u00dfe Franziska Reiland und bin 18 Jahre alt. Mehr oder weniger &#8222;gro\u00df&#8220; geworden bin ich in Berlin und Brandenburg. Seit 6 Jahren lebe ich im schnuckligen Mosbach am Neckar. Dort habe ich diesen Fr\u00fchling meine Schulzeit mit dem Abitur abgeschlossen. Von hier aus geht es f\u00fcr mich ab dem 2. September in den Westen [&hellip;]\" \/>\n<meta property=\"og:url\" content=\"https:\/\/blogs.donboscovolunteers.de\/franziinwestafrika\/cest-moi\/\" \/>\n<meta property=\"og:site_name\" content=\"Mit Don Bosco in Du\u00e9kou\u00e9\" \/>\n<meta property=\"article:modified_time\" content=\"2014-08-23T08:52:59+00:00\" \/>\n<meta property=\"og:image\" content=\"https:\/\/blogs.donboscovolunteers.de\/franziinwestafrika\/wp-content\/uploads\/sites\/20906\/2014\/08\/IMG_6001-21-300x300.jpg\" \/>\n<meta name=\"twitter:card\" content=\"summary_large_image\" \/>\n<meta name=\"twitter:label1\" content=\"Gesch\u00e4tzte Lesezeit\" \/>\n\t<meta name=\"twitter:data1\" content=\"2\u00a0Minuten\" \/>\n<script type=\"application\/ld+json\" class=\"yoast-schema-graph\">{\"@context\":\"https:\/\/schema.org\",\"@graph\":[{\"@type\":\"WebPage\",\"@id\":\"https:\/\/blogs.donboscovolunteers.de\/franziinwestafrika\/cest-moi\/\",\"url\":\"https:\/\/blogs.donboscovolunteers.de\/franziinwestafrika\/cest-moi\/\",\"name\":\"C'est moi - Mit Don Bosco in Du\u00e9kou\u00e9\",\"isPartOf\":{\"@id\":\"https:\/\/blogs.donboscovolunteers.de\/franziinwestafrika\/#website\"},\"primaryImageOfPage\":{\"@id\":\"https:\/\/blogs.donboscovolunteers.de\/franziinwestafrika\/cest-moi\/#primaryimage\"},\"image\":{\"@id\":\"https:\/\/blogs.donboscovolunteers.de\/franziinwestafrika\/cest-moi\/#primaryimage\"},\"thumbnailUrl\":\"https:\/\/blogs.donboscovolunteers.de\/franziinwestafrika\/wp-content\/uploads\/sites\/20906\/2014\/08\/IMG_6001-21-300x300.jpg\",\"datePublished\":\"2014-08-23T08:11:10+00:00\",\"dateModified\":\"2014-08-23T08:52:59+00:00\",\"breadcrumb\":{\"@id\":\"https:\/\/blogs.donboscovolunteers.de\/franziinwestafrika\/cest-moi\/#breadcrumb\"},\"inLanguage\":\"de\",\"potentialAction\":[{\"@type\":\"ReadAction\",\"target\":[\"https:\/\/blogs.donboscovolunteers.de\/franziinwestafrika\/cest-moi\/\"]}]},{\"@type\":\"ImageObject\",\"inLanguage\":\"de\",\"@id\":\"https:\/\/blogs.donboscovolunteers.de\/franziinwestafrika\/cest-moi\/#primaryimage\",\"url\":\"https:\/\/blogs.donboscovolunteers.de\/franziinwestafrika\/wp-content\/uploads\/sites\/20906\/2014\/08\/IMG_6001-21.jpg\",\"contentUrl\":\"https:\/\/blogs.donboscovolunteers.de\/franziinwestafrika\/wp-content\/uploads\/sites\/20906\/2014\/08\/IMG_6001-21.jpg\",\"width\":1068,\"height\":1068},{\"@type\":\"BreadcrumbList\",\"@id\":\"https:\/\/blogs.donboscovolunteers.de\/franziinwestafrika\/cest-moi\/#breadcrumb\",\"itemListElement\":[{\"@type\":\"ListItem\",\"position\":1,\"name\":\"Startseite\",\"item\":\"https:\/\/blogs.donboscovolunteers.de\/franziinwestafrika\/\"},{\"@type\":\"ListItem\",\"position\":2,\"name\":\"C&#8217;est moi\"}]},{\"@type\":\"WebSite\",\"@id\":\"https:\/\/blogs.donboscovolunteers.de\/franziinwestafrika\/#website\",\"url\":\"https:\/\/blogs.donboscovolunteers.de\/franziinwestafrika\/\",\"name\":\"Mit Don Bosco in Du\u00e9kou\u00e9\",\"description\":\"Franzi in der Elfenbeink\u00fcste\",\"potentialAction\":[{\"@type\":\"SearchAction\",\"target\":{\"@type\":\"EntryPoint\",\"urlTemplate\":\"https:\/\/blogs.donboscovolunteers.de\/franziinwestafrika\/?s={search_term_string}\"},\"query-input\":{\"@type\":\"PropertyValueSpecification\",\"valueRequired\":true,\"valueName\":\"search_term_string\"}}],\"inLanguage\":\"de\"}]}<\/script>\n<!-- \/ Yoast SEO plugin. -->","yoast_head_json":{"title":"C'est moi - Mit Don Bosco in Du\u00e9kou\u00e9","robots":{"index":"index","follow":"follow","max-snippet":"max-snippet:-1","max-image-preview":"max-image-preview:large","max-video-preview":"max-video-preview:-1"},"canonical":"https:\/\/blogs.donboscovolunteers.de\/franziinwestafrika\/cest-moi\/","og_locale":"de_DE","og_type":"article","og_title":"C'est moi - Mit Don Bosco in Du\u00e9kou\u00e9","og_description":"Ich hei\u00dfe Franziska Reiland und bin 18 Jahre alt. Mehr oder weniger &#8222;gro\u00df&#8220; geworden bin ich in Berlin und Brandenburg. Seit 6 Jahren lebe ich im schnuckligen Mosbach am Neckar. Dort habe ich diesen Fr\u00fchling meine Schulzeit mit dem Abitur abgeschlossen. Von hier aus geht es f\u00fcr mich ab dem 2. September in den Westen [&hellip;]","og_url":"https:\/\/blogs.donboscovolunteers.de\/franziinwestafrika\/cest-moi\/","og_site_name":"Mit Don Bosco in Du\u00e9kou\u00e9","article_modified_time":"2014-08-23T08:52:59+00:00","og_image":[{"url":"https:\/\/blogs.donboscovolunteers.de\/franziinwestafrika\/wp-content\/uploads\/sites\/20906\/2014\/08\/IMG_6001-21-300x300.jpg","type":"","width":"","height":""}],"twitter_card":"summary_large_image","twitter_misc":{"Gesch\u00e4tzte Lesezeit":"2\u00a0Minuten"},"schema":{"@context":"https:\/\/schema.org","@graph":[{"@type":"WebPage","@id":"https:\/\/blogs.donboscovolunteers.de\/franziinwestafrika\/cest-moi\/","url":"https:\/\/blogs.donboscovolunteers.de\/franziinwestafrika\/cest-moi\/","name":"C'est moi - Mit Don Bosco in Du\u00e9kou\u00e9","isPartOf":{"@id":"https:\/\/blogs.donboscovolunteers.de\/franziinwestafrika\/#website"},"primaryImageOfPage":{"@id":"https:\/\/blogs.donboscovolunteers.de\/franziinwestafrika\/cest-moi\/#primaryimage"},"image":{"@id":"https:\/\/blogs.donboscovolunteers.de\/franziinwestafrika\/cest-moi\/#primaryimage"},"thumbnailUrl":"https:\/\/blogs.donboscovolunteers.de\/franziinwestafrika\/wp-content\/uploads\/sites\/20906\/2014\/08\/IMG_6001-21-300x300.jpg","datePublished":"2014-08-23T08:11:10+00:00","dateModified":"2014-08-23T08:52:59+00:00","breadcrumb":{"@id":"https:\/\/blogs.donboscovolunteers.de\/franziinwestafrika\/cest-moi\/#breadcrumb"},"inLanguage":"de","potentialAction":[{"@type":"ReadAction","target":["https:\/\/blogs.donboscovolunteers.de\/franziinwestafrika\/cest-moi\/"]}]},{"@type":"ImageObject","inLanguage":"de","@id":"https:\/\/blogs.donboscovolunteers.de\/franziinwestafrika\/cest-moi\/#primaryimage","url":"https:\/\/blogs.donboscovolunteers.de\/franziinwestafrika\/wp-content\/uploads\/sites\/20906\/2014\/08\/IMG_6001-21.jpg","contentUrl":"https:\/\/blogs.donboscovolunteers.de\/franziinwestafrika\/wp-content\/uploads\/sites\/20906\/2014\/08\/IMG_6001-21.jpg","width":1068,"height":1068},{"@type":"BreadcrumbList","@id":"https:\/\/blogs.donboscovolunteers.de\/franziinwestafrika\/cest-moi\/#breadcrumb","itemListElement":[{"@type":"ListItem","position":1,"name":"Startseite","item":"https:\/\/blogs.donboscovolunteers.de\/franziinwestafrika\/"},{"@type":"ListItem","position":2,"name":"C&#8217;est moi"}]},{"@type":"WebSite","@id":"https:\/\/blogs.donboscovolunteers.de\/franziinwestafrika\/#website","url":"https:\/\/blogs.donboscovolunteers.de\/franziinwestafrika\/","name":"Mit Don Bosco in Du\u00e9kou\u00e9","description":"Franzi in der Elfenbeink\u00fcste","potentialAction":[{"@type":"SearchAction","target":{"@type":"EntryPoint","urlTemplate":"https:\/\/blogs.donboscovolunteers.de\/franziinwestafrika\/?s={search_term_string}"},"query-input":{"@type":"PropertyValueSpecification","valueRequired":true,"valueName":"search_term_string"}}],"inLanguage":"de"}]}},"_links":{"self":[{"href":"https:\/\/blogs.donboscovolunteers.de\/franziinwestafrika\/wp-json\/wp\/v2\/pages\/6","targetHints":{"allow":["GET"]}}],"collection":[{"href":"https:\/\/blogs.donboscovolunteers.de\/franziinwestafrika\/wp-json\/wp\/v2\/pages"}],"about":[{"href":"https:\/\/blogs.donboscovolunteers.de\/franziinwestafrika\/wp-json\/wp\/v2\/types\/page"}],"author":[{"embeddable":true,"href":"https:\/\/blogs.donboscovolunteers.de\/franziinwestafrika\/wp-json\/wp\/v2\/users\/20928"}],"replies":[{"embeddable":true,"href":"https:\/\/blogs.donboscovolunteers.de\/franziinwestafrika\/wp-json\/wp\/v2\/comments?post=6"}],"version-history":[{"count":4,"href":"https:\/\/blogs.donboscovolunteers.de\/franziinwestafrika\/wp-json\/wp\/v2\/pages\/6\/revisions"}],"predecessor-version":[{"id":22,"href":"https:\/\/blogs.donboscovolunteers.de\/franziinwestafrika\/wp-json\/wp\/v2\/pages\/6\/revisions\/22"}],"wp:attachment":[{"href":"https:\/\/blogs.donboscovolunteers.de\/franziinwestafrika\/wp-json\/wp\/v2\/media?parent=6"}],"curies":[{"name":"wp","href":"https:\/\/api.w.org\/{rel}","templated":true}]}}