{"id":39,"date":"2014-08-23T13:21:54","date_gmt":"2014-08-23T13:21:54","guid":{"rendered":"https:\/\/blogs.donboscovolunteers.de\/franziinwestafrika\/?page_id=39"},"modified":"2014-10-21T23:33:40","modified_gmt":"2014-10-21T23:33:40","slug":"meine-einsatzstelle-im-foyer-marie-auxiliatrice-fma","status":"publish","type":"page","link":"https:\/\/blogs.donboscovolunteers.de\/franziinwestafrika\/meine-einsatzstelle-im-foyer-marie-auxiliatrice-fma\/","title":{"rendered":"Meine Einsatzstelle im Foyer Marie Auxiliatrice (FMA)"},"content":{"rendered":"<p>Meine Einsatzstelle liegt im Westen der Elfenbeink\u00fcste. Die &#8222;Stadt&#8220; Du\u00e9kou\u00e9 hat ca. 75.000 Einwohner und liegt in einer eher h\u00fcgligen Landschaft.<\/p>\n<p>Obwohl die Efenbeink\u00fcste nur eine Zeitzone zur\u00fcckliegt, werde ich 2 Stunden sp\u00e4ter dran sein als in Deutschland. Es gibt hier n\u00e4mlich keine Sommerzeit. Das \u00e4ndert sich aber mit dem Tag, an dem in Deutschland die Uhren auf Winterzeit umgestellt werden. Dann betr\u00e4gt die Zeitverschiebung nur noch eine Stunde.<\/p>\n<p>[osm_map lat=&#8220;6.739&#8243; long=&#8220;-7.336&#8243; zoom=&#8220;14&#8243; width=&#8220;600&#8243; height=&#8220;450&#8243; marker=&#8220;6.7325,-7.33973&#8243; marker_name=&#8220;wpttemp-yellow.png&#8220; map_border=&#8220;thin solid red&#8220; control=&#8220;scaleline&#8220; m_txt_01=&#8220;Projekt FMA&#8220; m_txt_02=&#8220;&#8220; m_txt_03=&#8220;&#8220; m_txt_04=&#8220;&#8220; type=&#8220;Google Physical&#8220;]<\/p>\n<p>Zusammen mit den salesianischen Schwestern Rosanna, Lucie und\u00a0 Fran\u00e7oise werde ich in einer Art M\u00e4dcheninternat arbeiten und leben. Die 10- bis 20- j\u00e4hrigen M\u00e4dchen haben die M\u00f6glichkeit, eine weiterf\u00fchrende Schule zu besuchen oder verschiedene Berufe im Ausbildungszentrum von <a href=\"https:\/\/www.donboscomission.de\/don-bosco\/\">Don Bosco<\/a> (CPAR) zu erlernen (Konditorei, Schneiderei, Mechanik, Elektronik&#8230;). Meine Aufgabe ist es, die M\u00e4dchen in ihrem Alltag vom Wecken bis zum Schlafen gehen zu begleiten &#8211; ob beim putzen, lernen, kochen&#8230; Es geht darum, einfach f\u00fcr sie da\u00a0 zu sein und ihnen Zeit zu schenken.<br \/>\nAu\u00dferdem haben die Schwestern eine Krankenstation mit einem Arzt und die Leitung der eher weiblichen Ausbildungszweige Konditorei und Schneiderei im Ausbildungszentrum.<br \/>\nEs leben auch\u00a0 drei Don Bosco Br\u00fcder in Du\u00e9kou\u00e9, die ein Jungsinternat, die &#8222;m\u00e4nnlichen&#8220; Zweige des Ausbildungszentrums und die Pfarrgemeinde betreuen.<\/p>\n<p>Es gibt eine sch\u00f6ne Facebook-Seite des salesianischen Projektes: <a href=\"https:\/\/www.facebook.com\/foyerfmaduekoue?fref=ts\">https:\/\/www.facebook.com\/foyerfmaduekoue?fref=ts<\/a><\/p>\n<p>Da ich die erste deutsche Freiwillige in diesem Projekt sein werde, wei\u00df ich noch nicht so ganz genau, was mich erwartet. Sobald ich vor Ort bin, bekommt ihr ein Update \ud83d\ude09<br \/>\n<img loading=\"lazy\" decoding=\"async\" class=\"spotlight alignnone\" title=\"Foyer in Du\u00e9kou\u00e9\" alt=\"\" src=\"https:\/\/scontent-a-fra.xx.fbcdn.net\/hphotos-frc3\/v\/t1.0-9\/945840_530701327009088_1323652410_n.jpg?oh=6eed9870b186216577366e0f0ddcba8e&amp;oe=545CAEF7\" width=\"451\" height=\"258\" \/><\/p>\n","protected":false},"excerpt":{"rendered":"<p>Meine Einsatzstelle liegt im Westen der Elfenbeink\u00fcste. Die &#8222;Stadt&#8220; Du\u00e9kou\u00e9 hat ca. 75.000 Einwohner und liegt in einer eher h\u00fcgligen Landschaft. Obwohl die Efenbeink\u00fcste nur eine Zeitzone zur\u00fcckliegt, werde ich 2 Stunden sp\u00e4ter dran sein als in Deutschland. Es gibt hier n\u00e4mlich keine Sommerzeit. Das \u00e4ndert sich aber mit dem Tag, an dem in Deutschland [&hellip;]<\/p>\n","protected":false},"author":20928,"featured_media":0,"parent":0,"menu_order":0,"comment_status":"open","ping_status":"closed","template":"","meta":{"footnotes":""},"class_list":["post-39","page","type-page","status-publish","hentry"],"yoast_head":"<!-- This site is optimized with the Yoast SEO plugin v25.3.1 - https:\/\/yoast.com\/wordpress\/plugins\/seo\/ -->\n<title>Meine Einsatzstelle im Foyer Marie Auxiliatrice (FMA) - Mit Don Bosco in Du\u00e9kou\u00e9<\/title>\n<meta name=\"robots\" content=\"index, follow, max-snippet:-1, max-image-preview:large, max-video-preview:-1\" \/>\n<link rel=\"canonical\" href=\"https:\/\/blogs.donboscovolunteers.de\/franziinwestafrika\/meine-einsatzstelle-im-foyer-marie-auxiliatrice-fma\/\" \/>\n<meta property=\"og:locale\" content=\"de_DE\" \/>\n<meta property=\"og:type\" content=\"article\" \/>\n<meta property=\"og:title\" content=\"Meine Einsatzstelle im Foyer Marie Auxiliatrice (FMA) - Mit Don Bosco in Du\u00e9kou\u00e9\" \/>\n<meta property=\"og:description\" content=\"Meine Einsatzstelle liegt im Westen der Elfenbeink\u00fcste. Die &#8222;Stadt&#8220; Du\u00e9kou\u00e9 hat ca. 75.000 Einwohner und liegt in einer eher h\u00fcgligen Landschaft. Obwohl die Efenbeink\u00fcste nur eine Zeitzone zur\u00fcckliegt, werde ich 2 Stunden sp\u00e4ter dran sein als in Deutschland. Es gibt hier n\u00e4mlich keine Sommerzeit. Das \u00e4ndert sich aber mit dem Tag, an dem in Deutschland [&hellip;]\" \/>\n<meta property=\"og:url\" content=\"https:\/\/blogs.donboscovolunteers.de\/franziinwestafrika\/meine-einsatzstelle-im-foyer-marie-auxiliatrice-fma\/\" \/>\n<meta property=\"og:site_name\" content=\"Mit Don Bosco in Du\u00e9kou\u00e9\" \/>\n<meta property=\"article:modified_time\" content=\"2014-10-21T23:33:40+00:00\" \/>\n<meta property=\"og:image\" content=\"https:\/\/scontent-a-fra.xx.fbcdn.net\/hphotos-frc3\/v\/t1.0-9\/945840_530701327009088_1323652410_n.jpg?oh=6eed9870b186216577366e0f0ddcba8e&amp;oe=545CAEF7\" \/>\n<meta name=\"twitter:card\" content=\"summary_large_image\" \/>\n<meta name=\"twitter:label1\" content=\"Gesch\u00e4tzte Lesezeit\" \/>\n\t<meta name=\"twitter:data1\" content=\"1\u00a0Minute\" \/>\n<script type=\"application\/ld+json\" class=\"yoast-schema-graph\">{\"@context\":\"https:\/\/schema.org\",\"@graph\":[{\"@type\":\"WebPage\",\"@id\":\"https:\/\/blogs.donboscovolunteers.de\/franziinwestafrika\/meine-einsatzstelle-im-foyer-marie-auxiliatrice-fma\/\",\"url\":\"https:\/\/blogs.donboscovolunteers.de\/franziinwestafrika\/meine-einsatzstelle-im-foyer-marie-auxiliatrice-fma\/\",\"name\":\"Meine Einsatzstelle im Foyer Marie Auxiliatrice (FMA) - Mit Don Bosco in Du\u00e9kou\u00e9\",\"isPartOf\":{\"@id\":\"https:\/\/blogs.donboscovolunteers.de\/franziinwestafrika\/#website\"},\"primaryImageOfPage\":{\"@id\":\"https:\/\/blogs.donboscovolunteers.de\/franziinwestafrika\/meine-einsatzstelle-im-foyer-marie-auxiliatrice-fma\/#primaryimage\"},\"image\":{\"@id\":\"https:\/\/blogs.donboscovolunteers.de\/franziinwestafrika\/meine-einsatzstelle-im-foyer-marie-auxiliatrice-fma\/#primaryimage\"},\"thumbnailUrl\":\"https:\/\/scontent-a-fra.xx.fbcdn.net\/hphotos-frc3\/v\/t1.0-9\/945840_530701327009088_1323652410_n.jpg?oh=6eed9870b186216577366e0f0ddcba8e&amp;oe=545CAEF7\",\"datePublished\":\"2014-08-23T13:21:54+00:00\",\"dateModified\":\"2014-10-21T23:33:40+00:00\",\"breadcrumb\":{\"@id\":\"https:\/\/blogs.donboscovolunteers.de\/franziinwestafrika\/meine-einsatzstelle-im-foyer-marie-auxiliatrice-fma\/#breadcrumb\"},\"inLanguage\":\"de\",\"potentialAction\":[{\"@type\":\"ReadAction\",\"target\":[\"https:\/\/blogs.donboscovolunteers.de\/franziinwestafrika\/meine-einsatzstelle-im-foyer-marie-auxiliatrice-fma\/\"]}]},{\"@type\":\"ImageObject\",\"inLanguage\":\"de\",\"@id\":\"https:\/\/blogs.donboscovolunteers.de\/franziinwestafrika\/meine-einsatzstelle-im-foyer-marie-auxiliatrice-fma\/#primaryimage\",\"url\":\"https:\/\/scontent-a-fra.xx.fbcdn.net\/hphotos-frc3\/v\/t1.0-9\/945840_530701327009088_1323652410_n.jpg?oh=6eed9870b186216577366e0f0ddcba8e&amp;oe=545CAEF7\",\"contentUrl\":\"https:\/\/scontent-a-fra.xx.fbcdn.net\/hphotos-frc3\/v\/t1.0-9\/945840_530701327009088_1323652410_n.jpg?oh=6eed9870b186216577366e0f0ddcba8e&amp;oe=545CAEF7\"},{\"@type\":\"BreadcrumbList\",\"@id\":\"https:\/\/blogs.donboscovolunteers.de\/franziinwestafrika\/meine-einsatzstelle-im-foyer-marie-auxiliatrice-fma\/#breadcrumb\",\"itemListElement\":[{\"@type\":\"ListItem\",\"position\":1,\"name\":\"Startseite\",\"item\":\"https:\/\/blogs.donboscovolunteers.de\/franziinwestafrika\/\"},{\"@type\":\"ListItem\",\"position\":2,\"name\":\"Meine Einsatzstelle im Foyer Marie Auxiliatrice (FMA)\"}]},{\"@type\":\"WebSite\",\"@id\":\"https:\/\/blogs.donboscovolunteers.de\/franziinwestafrika\/#website\",\"url\":\"https:\/\/blogs.donboscovolunteers.de\/franziinwestafrika\/\",\"name\":\"Mit Don Bosco in Du\u00e9kou\u00e9\",\"description\":\"Franzi in der Elfenbeink\u00fcste\",\"potentialAction\":[{\"@type\":\"SearchAction\",\"target\":{\"@type\":\"EntryPoint\",\"urlTemplate\":\"https:\/\/blogs.donboscovolunteers.de\/franziinwestafrika\/?s={search_term_string}\"},\"query-input\":{\"@type\":\"PropertyValueSpecification\",\"valueRequired\":true,\"valueName\":\"search_term_string\"}}],\"inLanguage\":\"de\"}]}<\/script>\n<!-- \/ Yoast SEO plugin. -->","yoast_head_json":{"title":"Meine Einsatzstelle im Foyer Marie Auxiliatrice (FMA) - Mit Don Bosco in Du\u00e9kou\u00e9","robots":{"index":"index","follow":"follow","max-snippet":"max-snippet:-1","max-image-preview":"max-image-preview:large","max-video-preview":"max-video-preview:-1"},"canonical":"https:\/\/blogs.donboscovolunteers.de\/franziinwestafrika\/meine-einsatzstelle-im-foyer-marie-auxiliatrice-fma\/","og_locale":"de_DE","og_type":"article","og_title":"Meine Einsatzstelle im Foyer Marie Auxiliatrice (FMA) - Mit Don Bosco in Du\u00e9kou\u00e9","og_description":"Meine Einsatzstelle liegt im Westen der Elfenbeink\u00fcste. Die &#8222;Stadt&#8220; Du\u00e9kou\u00e9 hat ca. 75.000 Einwohner und liegt in einer eher h\u00fcgligen Landschaft. Obwohl die Efenbeink\u00fcste nur eine Zeitzone zur\u00fcckliegt, werde ich 2 Stunden sp\u00e4ter dran sein als in Deutschland. Es gibt hier n\u00e4mlich keine Sommerzeit. Das \u00e4ndert sich aber mit dem Tag, an dem in Deutschland [&hellip;]","og_url":"https:\/\/blogs.donboscovolunteers.de\/franziinwestafrika\/meine-einsatzstelle-im-foyer-marie-auxiliatrice-fma\/","og_site_name":"Mit Don Bosco in Du\u00e9kou\u00e9","article_modified_time":"2014-10-21T23:33:40+00:00","og_image":[{"url":"https:\/\/scontent-a-fra.xx.fbcdn.net\/hphotos-frc3\/v\/t1.0-9\/945840_530701327009088_1323652410_n.jpg?oh=6eed9870b186216577366e0f0ddcba8e&amp;oe=545CAEF7","type":"","width":"","height":""}],"twitter_card":"summary_large_image","twitter_misc":{"Gesch\u00e4tzte Lesezeit":"1\u00a0Minute"},"schema":{"@context":"https:\/\/schema.org","@graph":[{"@type":"WebPage","@id":"https:\/\/blogs.donboscovolunteers.de\/franziinwestafrika\/meine-einsatzstelle-im-foyer-marie-auxiliatrice-fma\/","url":"https:\/\/blogs.donboscovolunteers.de\/franziinwestafrika\/meine-einsatzstelle-im-foyer-marie-auxiliatrice-fma\/","name":"Meine Einsatzstelle im Foyer Marie Auxiliatrice (FMA) - Mit Don Bosco in Du\u00e9kou\u00e9","isPartOf":{"@id":"https:\/\/blogs.donboscovolunteers.de\/franziinwestafrika\/#website"},"primaryImageOfPage":{"@id":"https:\/\/blogs.donboscovolunteers.de\/franziinwestafrika\/meine-einsatzstelle-im-foyer-marie-auxiliatrice-fma\/#primaryimage"},"image":{"@id":"https:\/\/blogs.donboscovolunteers.de\/franziinwestafrika\/meine-einsatzstelle-im-foyer-marie-auxiliatrice-fma\/#primaryimage"},"thumbnailUrl":"https:\/\/scontent-a-fra.xx.fbcdn.net\/hphotos-frc3\/v\/t1.0-9\/945840_530701327009088_1323652410_n.jpg?oh=6eed9870b186216577366e0f0ddcba8e&amp;oe=545CAEF7","datePublished":"2014-08-23T13:21:54+00:00","dateModified":"2014-10-21T23:33:40+00:00","breadcrumb":{"@id":"https:\/\/blogs.donboscovolunteers.de\/franziinwestafrika\/meine-einsatzstelle-im-foyer-marie-auxiliatrice-fma\/#breadcrumb"},"inLanguage":"de","potentialAction":[{"@type":"ReadAction","target":["https:\/\/blogs.donboscovolunteers.de\/franziinwestafrika\/meine-einsatzstelle-im-foyer-marie-auxiliatrice-fma\/"]}]},{"@type":"ImageObject","inLanguage":"de","@id":"https:\/\/blogs.donboscovolunteers.de\/franziinwestafrika\/meine-einsatzstelle-im-foyer-marie-auxiliatrice-fma\/#primaryimage","url":"https:\/\/scontent-a-fra.xx.fbcdn.net\/hphotos-frc3\/v\/t1.0-9\/945840_530701327009088_1323652410_n.jpg?oh=6eed9870b186216577366e0f0ddcba8e&amp;oe=545CAEF7","contentUrl":"https:\/\/scontent-a-fra.xx.fbcdn.net\/hphotos-frc3\/v\/t1.0-9\/945840_530701327009088_1323652410_n.jpg?oh=6eed9870b186216577366e0f0ddcba8e&amp;oe=545CAEF7"},{"@type":"BreadcrumbList","@id":"https:\/\/blogs.donboscovolunteers.de\/franziinwestafrika\/meine-einsatzstelle-im-foyer-marie-auxiliatrice-fma\/#breadcrumb","itemListElement":[{"@type":"ListItem","position":1,"name":"Startseite","item":"https:\/\/blogs.donboscovolunteers.de\/franziinwestafrika\/"},{"@type":"ListItem","position":2,"name":"Meine Einsatzstelle im Foyer Marie Auxiliatrice (FMA)"}]},{"@type":"WebSite","@id":"https:\/\/blogs.donboscovolunteers.de\/franziinwestafrika\/#website","url":"https:\/\/blogs.donboscovolunteers.de\/franziinwestafrika\/","name":"Mit Don Bosco in Du\u00e9kou\u00e9","description":"Franzi in der Elfenbeink\u00fcste","potentialAction":[{"@type":"SearchAction","target":{"@type":"EntryPoint","urlTemplate":"https:\/\/blogs.donboscovolunteers.de\/franziinwestafrika\/?s={search_term_string}"},"query-input":{"@type":"PropertyValueSpecification","valueRequired":true,"valueName":"search_term_string"}}],"inLanguage":"de"}]}},"_links":{"self":[{"href":"https:\/\/blogs.donboscovolunteers.de\/franziinwestafrika\/wp-json\/wp\/v2\/pages\/39","targetHints":{"allow":["GET"]}}],"collection":[{"href":"https:\/\/blogs.donboscovolunteers.de\/franziinwestafrika\/wp-json\/wp\/v2\/pages"}],"about":[{"href":"https:\/\/blogs.donboscovolunteers.de\/franziinwestafrika\/wp-json\/wp\/v2\/types\/page"}],"author":[{"embeddable":true,"href":"https:\/\/blogs.donboscovolunteers.de\/franziinwestafrika\/wp-json\/wp\/v2\/users\/20928"}],"replies":[{"embeddable":true,"href":"https:\/\/blogs.donboscovolunteers.de\/franziinwestafrika\/wp-json\/wp\/v2\/comments?post=39"}],"version-history":[{"count":11,"href":"https:\/\/blogs.donboscovolunteers.de\/franziinwestafrika\/wp-json\/wp\/v2\/pages\/39\/revisions"}],"predecessor-version":[{"id":202,"href":"https:\/\/blogs.donboscovolunteers.de\/franziinwestafrika\/wp-json\/wp\/v2\/pages\/39\/revisions\/202"}],"wp:attachment":[{"href":"https:\/\/blogs.donboscovolunteers.de\/franziinwestafrika\/wp-json\/wp\/v2\/media?parent=39"}],"curies":[{"name":"wp","href":"https:\/\/api.w.org\/{rel}","templated":true}]}}