{"id":29,"date":"2014-08-23T11:02:44","date_gmt":"2014-08-23T11:02:44","guid":{"rendered":"https:\/\/blogs.donboscovolunteers.de\/franziinwestafrika\/?page_id=29"},"modified":"2014-08-23T11:02:44","modified_gmt":"2014-08-23T11:02:44","slug":"spenden-2","status":"publish","type":"page","link":"https:\/\/blogs.donboscovolunteers.de\/franziinwestafrika\/spenden-2\/","title":{"rendered":"Spenden"},"content":{"rendered":"<p><a href=\"http:\/\/www.bmz.de\/de\/index.html\" target=\"_blank\"><img loading=\"lazy\" decoding=\"async\" class=\"alignleft\" alt=\"\" src=\"http:\/\/donboscovolunteers.de\/var\/cometobosco_volunteers\/storage\/images\/volunteers\/images\/bmz_c_s\/1455-1-ger-DE\/BMZ_C_S_image300.jpg\" width=\"261\" height=\"123\" \/><\/a>Mein Jahr in der Elfenbeink\u00fcste kostet ungef\u00e4hr 10.000 \u20ac (z.B. Fl\u00fcge, Versicherungen, Vorbereitungs-, Zwischen- und R\u00fcckkehrer-Seminare, Taschengeld&#8230;).\u00a0 Das weltw\u00e4rts-Programm (<a href=\"http:\/\/www.weltwaerts.de\/\">http:\/\/www.weltwaerts.de\/<\/a>) des BMZ (Bundesministerium f\u00fcr wirtschaftliche Zusammenarbeit und Entwicklung) f\u00f6rdert den Freiwilligend<a href=\"http:\/\/www.donboscomission.de\/\" target=\"_blank\"><img loading=\"lazy\" decoding=\"async\" class=\"alignright\" alt=\"\" src=\"http:\/\/donboscovolunteers.de\/var\/cometobosco_volunteers\/storage\/images\/volunteers\/images\/dbm\/557-1-ger-DE\/dbm.jpg\" width=\"203\" height=\"138\" \/><\/a>ienst mit bis zu 75%. Mindestens 25% der Kosten bleiben bei meiner Entsendeorganisation &#8222;<a href=\"https:\/\/www.donboscomission.de\/don-bosco\/\">Don Bosco<\/a> Volunteers&#8220;(<a href=\"http:\/\/www.donboscovolunteers.de\">http:\/\/donboscovolunteers.de\/<\/a>) h\u00e4ngen.<br \/>\nAls Volunteer ist es unsere Aufgabe, durch einen Spenderkreis einen Betrag von 1800\u20ac zu decken. Diese Spenden werden f\u00fcr das Gelingen meines Freiwilligendienstes genommen.\u00a0 Die noch offenen Kosten des Freiwilligendienstes bringt Don Bosco Volunteers auf.<br \/>\nJeden Cent, der den Gesamtbetrag von 1800\u20ac \u00fcbersteigt, kann ich individuell f\u00fcr mein Projekt vor Ort einsetzen. Zusammen mit meiner Projektleiterin Schwester Rosanna werde ich entscheiden, wo\u00a0 Spendengelder am sinnvollsten eingesetzt werden k\u00f6nnen. Das k\u00f6nnte zum Beispiel die Errichtung einer Bibliothek, die Sanierung der sanit\u00e4ren Anlagen, neue Kleidung f\u00fcr die Kinder&#8230; sein.<\/p>\n<p style=\"text-align: center\">Du\/Sie m\u00f6chten meine Arbeit im Projekt in der Elfenbeink\u00fcste finanziell unterst\u00fctzen?<\/p>\n<p style=\"text-align: center\"><strong>\u00a0\u00a0\u00a0\u00a0\u00a0\u00a0\u00a0\u00a0\u00a0\u00a0\u00a0\u00a0\u00a0\u00a0\u00a0\u00a0\u00a0\u00a0\u00a0\u00a0\u00a0\u00a0\u00a0\u00a0\u00a0\u00a0\u00a0\u00a0\u00a0\u00a0\u00a0\u00a0\u00a0\u00a0\u00a0\u00a0\u00a0\u00a0\u00a0\u00a0\u00a0\u00a0\u00a0\u00a0\u00a0 DON BOSCO MISSION<\/strong><br \/>\n<a href=\"https:\/\/blogs.donboscovolunteers.de\/neuesausdemwasserturm\/wp-content\/uploads\/sites\/20906\/2014\/08\/Spendensiegel.jpg\" rel=\"lightbox\"><img loading=\"lazy\" decoding=\"async\" class=\"alignleft\" alt=\"Das DZI-Spendensiegel bescheinigt Don Bosco Volunteers gepr\u00fcfte Transparenz und Effizienz.\" src=\"https:\/\/blogs.donboscovolunteers.de\/neuesausdemwasserturm\/wp-content\/uploads\/sites\/20906\/2014\/08\/Spendensiegel.jpg\" width=\"149\" height=\"223\" \/><\/a><strong>LIGA BANK M\u00dcNCHEN<\/strong><br \/>\n<strong> IBAN: DE 66 7509 0300 0102 1418 76<\/strong><br \/>\n<strong>BIC: GENODEF1M05<\/strong><br \/>\n<strong> Verwendungszweck: R511445 Franziska Reiland<br \/>\n<\/strong><\/p>\n<p style=\"text-align: center\">Der Betrag wird direkt an das Projekt weitergeleitet.<br \/>\nEine Spendenbescheinigung wird ausgestellt, wenn Sie Don Bosco Mission Ihre Adresse \u00fcbermitteln.<\/p>\n<p style=\"text-align: center\"><strong>\u2665\u00a0-lichen Dank f\u00fcr deine\/Ihre Unterst\u00fctzung!\u00a0<\/strong> <strong><\/strong><\/p>\n","protected":false},"excerpt":{"rendered":"<p>Mein Jahr in der Elfenbeink\u00fcste kostet ungef\u00e4hr 10.000 \u20ac (z.B. Fl\u00fcge, Versicherungen, Vorbereitungs-, Zwischen- und R\u00fcckkehrer-Seminare, Taschengeld&#8230;).\u00a0 Das weltw\u00e4rts-Programm (http:\/\/www.weltwaerts.de\/) des BMZ (Bundesministerium f\u00fcr wirtschaftliche Zusammenarbeit und Entwicklung) f\u00f6rdert den <a href=\"https:\/\/www.donboscovolunteers.de\/\">Freiwilligendienst<\/a> mit bis zu 75%. Mindestens 25% der Kosten bleiben bei meiner Entsendeorganisation &#8222;<a href=\"https:\/\/www.donboscomission.de\/don-bosco\/\">Don Bosco<\/a> Volunteers&#8220;(http:\/\/donboscovolunteers.de\/) h\u00e4ngen. Als Volunteer ist es unsere Aufgabe, durch einen [&hellip;]<\/p>\n","protected":false},"author":20928,"featured_media":0,"parent":0,"menu_order":0,"comment_status":"open","ping_status":"closed","template":"","meta":{"footnotes":""},"class_list":["post-29","page","type-page","status-publish","hentry"],"yoast_head":"<!-- This site is optimized with the Yoast SEO plugin v25.3.1 - https:\/\/yoast.com\/wordpress\/plugins\/seo\/ -->\n<title>Spenden - Mit Don Bosco in Du\u00e9kou\u00e9<\/title>\n<meta name=\"robots\" content=\"index, follow, max-snippet:-1, max-image-preview:large, max-video-preview:-1\" \/>\n<link rel=\"canonical\" href=\"https:\/\/blogs.donboscovolunteers.de\/franziinwestafrika\/spenden-2\/\" \/>\n<meta property=\"og:locale\" content=\"de_DE\" \/>\n<meta property=\"og:type\" content=\"article\" \/>\n<meta property=\"og:title\" content=\"Spenden - Mit Don Bosco in Du\u00e9kou\u00e9\" \/>\n<meta property=\"og:description\" content=\"Mein Jahr in der Elfenbeink\u00fcste kostet ungef\u00e4hr 10.000 \u20ac (z.B. Fl\u00fcge, Versicherungen, Vorbereitungs-, Zwischen- und R\u00fcckkehrer-Seminare, Taschengeld&#8230;).\u00a0 Das weltw\u00e4rts-Programm (http:\/\/www.weltwaerts.de\/) des BMZ (Bundesministerium f\u00fcr wirtschaftliche Zusammenarbeit und Entwicklung) f\u00f6rdert den Freiwilligendienst mit bis zu 75%. Mindestens 25% der Kosten bleiben bei meiner Entsendeorganisation &#8222;Don Bosco Volunteers&#8220;(http:\/\/donboscovolunteers.de\/) h\u00e4ngen. Als Volunteer ist es unsere Aufgabe, durch einen [&hellip;]\" \/>\n<meta property=\"og:url\" content=\"https:\/\/blogs.donboscovolunteers.de\/franziinwestafrika\/spenden-2\/\" \/>\n<meta property=\"og:site_name\" content=\"Mit Don Bosco in Du\u00e9kou\u00e9\" \/>\n<meta property=\"og:image\" content=\"http:\/\/donboscovolunteers.de\/var\/cometobosco_volunteers\/storage\/images\/volunteers\/images\/bmz_c_s\/1455-1-ger-DE\/BMZ_C_S_image300.jpg\" \/>\n<meta name=\"twitter:card\" content=\"summary_large_image\" \/>\n<meta name=\"twitter:label1\" content=\"Gesch\u00e4tzte Lesezeit\" \/>\n\t<meta name=\"twitter:data1\" content=\"1\u00a0Minute\" \/>\n<script type=\"application\/ld+json\" class=\"yoast-schema-graph\">{\"@context\":\"https:\/\/schema.org\",\"@graph\":[{\"@type\":\"WebPage\",\"@id\":\"https:\/\/blogs.donboscovolunteers.de\/franziinwestafrika\/spenden-2\/\",\"url\":\"https:\/\/blogs.donboscovolunteers.de\/franziinwestafrika\/spenden-2\/\",\"name\":\"Spenden - Mit Don Bosco in Du\u00e9kou\u00e9\",\"isPartOf\":{\"@id\":\"https:\/\/blogs.donboscovolunteers.de\/franziinwestafrika\/#website\"},\"primaryImageOfPage\":{\"@id\":\"https:\/\/blogs.donboscovolunteers.de\/franziinwestafrika\/spenden-2\/#primaryimage\"},\"image\":{\"@id\":\"https:\/\/blogs.donboscovolunteers.de\/franziinwestafrika\/spenden-2\/#primaryimage\"},\"thumbnailUrl\":\"http:\/\/donboscovolunteers.de\/var\/cometobosco_volunteers\/storage\/images\/volunteers\/images\/bmz_c_s\/1455-1-ger-DE\/BMZ_C_S_image300.jpg\",\"datePublished\":\"2014-08-23T11:02:44+00:00\",\"breadcrumb\":{\"@id\":\"https:\/\/blogs.donboscovolunteers.de\/franziinwestafrika\/spenden-2\/#breadcrumb\"},\"inLanguage\":\"de\",\"potentialAction\":[{\"@type\":\"ReadAction\",\"target\":[\"https:\/\/blogs.donboscovolunteers.de\/franziinwestafrika\/spenden-2\/\"]}]},{\"@type\":\"ImageObject\",\"inLanguage\":\"de\",\"@id\":\"https:\/\/blogs.donboscovolunteers.de\/franziinwestafrika\/spenden-2\/#primaryimage\",\"url\":\"http:\/\/donboscovolunteers.de\/var\/cometobosco_volunteers\/storage\/images\/volunteers\/images\/bmz_c_s\/1455-1-ger-DE\/BMZ_C_S_image300.jpg\",\"contentUrl\":\"http:\/\/donboscovolunteers.de\/var\/cometobosco_volunteers\/storage\/images\/volunteers\/images\/bmz_c_s\/1455-1-ger-DE\/BMZ_C_S_image300.jpg\"},{\"@type\":\"BreadcrumbList\",\"@id\":\"https:\/\/blogs.donboscovolunteers.de\/franziinwestafrika\/spenden-2\/#breadcrumb\",\"itemListElement\":[{\"@type\":\"ListItem\",\"position\":1,\"name\":\"Startseite\",\"item\":\"https:\/\/blogs.donboscovolunteers.de\/franziinwestafrika\/\"},{\"@type\":\"ListItem\",\"position\":2,\"name\":\"Spenden\"}]},{\"@type\":\"WebSite\",\"@id\":\"https:\/\/blogs.donboscovolunteers.de\/franziinwestafrika\/#website\",\"url\":\"https:\/\/blogs.donboscovolunteers.de\/franziinwestafrika\/\",\"name\":\"Mit Don Bosco in Du\u00e9kou\u00e9\",\"description\":\"Franzi in der Elfenbeink\u00fcste\",\"potentialAction\":[{\"@type\":\"SearchAction\",\"target\":{\"@type\":\"EntryPoint\",\"urlTemplate\":\"https:\/\/blogs.donboscovolunteers.de\/franziinwestafrika\/?s={search_term_string}\"},\"query-input\":{\"@type\":\"PropertyValueSpecification\",\"valueRequired\":true,\"valueName\":\"search_term_string\"}}],\"inLanguage\":\"de\"}]}<\/script>\n<!-- \/ Yoast SEO plugin. -->","yoast_head_json":{"title":"Spenden - Mit Don Bosco in Du\u00e9kou\u00e9","robots":{"index":"index","follow":"follow","max-snippet":"max-snippet:-1","max-image-preview":"max-image-preview:large","max-video-preview":"max-video-preview:-1"},"canonical":"https:\/\/blogs.donboscovolunteers.de\/franziinwestafrika\/spenden-2\/","og_locale":"de_DE","og_type":"article","og_title":"Spenden - Mit Don Bosco in Du\u00e9kou\u00e9","og_description":"Mein Jahr in der Elfenbeink\u00fcste kostet ungef\u00e4hr 10.000 \u20ac (z.B. Fl\u00fcge, Versicherungen, Vorbereitungs-, Zwischen- und R\u00fcckkehrer-Seminare, Taschengeld&#8230;).\u00a0 Das weltw\u00e4rts-Programm (http:\/\/www.weltwaerts.de\/) des BMZ (Bundesministerium f\u00fcr wirtschaftliche Zusammenarbeit und Entwicklung) f\u00f6rdert den Freiwilligendienst mit bis zu 75%. Mindestens 25% der Kosten bleiben bei meiner Entsendeorganisation &#8222;Don Bosco Volunteers&#8220;(http:\/\/donboscovolunteers.de\/) h\u00e4ngen. Als Volunteer ist es unsere Aufgabe, durch einen [&hellip;]","og_url":"https:\/\/blogs.donboscovolunteers.de\/franziinwestafrika\/spenden-2\/","og_site_name":"Mit Don Bosco in Du\u00e9kou\u00e9","og_image":[{"url":"http:\/\/donboscovolunteers.de\/var\/cometobosco_volunteers\/storage\/images\/volunteers\/images\/bmz_c_s\/1455-1-ger-DE\/BMZ_C_S_image300.jpg","type":"","width":"","height":""}],"twitter_card":"summary_large_image","twitter_misc":{"Gesch\u00e4tzte Lesezeit":"1\u00a0Minute"},"schema":{"@context":"https:\/\/schema.org","@graph":[{"@type":"WebPage","@id":"https:\/\/blogs.donboscovolunteers.de\/franziinwestafrika\/spenden-2\/","url":"https:\/\/blogs.donboscovolunteers.de\/franziinwestafrika\/spenden-2\/","name":"Spenden - Mit Don Bosco in Du\u00e9kou\u00e9","isPartOf":{"@id":"https:\/\/blogs.donboscovolunteers.de\/franziinwestafrika\/#website"},"primaryImageOfPage":{"@id":"https:\/\/blogs.donboscovolunteers.de\/franziinwestafrika\/spenden-2\/#primaryimage"},"image":{"@id":"https:\/\/blogs.donboscovolunteers.de\/franziinwestafrika\/spenden-2\/#primaryimage"},"thumbnailUrl":"http:\/\/donboscovolunteers.de\/var\/cometobosco_volunteers\/storage\/images\/volunteers\/images\/bmz_c_s\/1455-1-ger-DE\/BMZ_C_S_image300.jpg","datePublished":"2014-08-23T11:02:44+00:00","breadcrumb":{"@id":"https:\/\/blogs.donboscovolunteers.de\/franziinwestafrika\/spenden-2\/#breadcrumb"},"inLanguage":"de","potentialAction":[{"@type":"ReadAction","target":["https:\/\/blogs.donboscovolunteers.de\/franziinwestafrika\/spenden-2\/"]}]},{"@type":"ImageObject","inLanguage":"de","@id":"https:\/\/blogs.donboscovolunteers.de\/franziinwestafrika\/spenden-2\/#primaryimage","url":"http:\/\/donboscovolunteers.de\/var\/cometobosco_volunteers\/storage\/images\/volunteers\/images\/bmz_c_s\/1455-1-ger-DE\/BMZ_C_S_image300.jpg","contentUrl":"http:\/\/donboscovolunteers.de\/var\/cometobosco_volunteers\/storage\/images\/volunteers\/images\/bmz_c_s\/1455-1-ger-DE\/BMZ_C_S_image300.jpg"},{"@type":"BreadcrumbList","@id":"https:\/\/blogs.donboscovolunteers.de\/franziinwestafrika\/spenden-2\/#breadcrumb","itemListElement":[{"@type":"ListItem","position":1,"name":"Startseite","item":"https:\/\/blogs.donboscovolunteers.de\/franziinwestafrika\/"},{"@type":"ListItem","position":2,"name":"Spenden"}]},{"@type":"WebSite","@id":"https:\/\/blogs.donboscovolunteers.de\/franziinwestafrika\/#website","url":"https:\/\/blogs.donboscovolunteers.de\/franziinwestafrika\/","name":"Mit Don Bosco in Du\u00e9kou\u00e9","description":"Franzi in der Elfenbeink\u00fcste","potentialAction":[{"@type":"SearchAction","target":{"@type":"EntryPoint","urlTemplate":"https:\/\/blogs.donboscovolunteers.de\/franziinwestafrika\/?s={search_term_string}"},"query-input":{"@type":"PropertyValueSpecification","valueRequired":true,"valueName":"search_term_string"}}],"inLanguage":"de"}]}},"_links":{"self":[{"href":"https:\/\/blogs.donboscovolunteers.de\/franziinwestafrika\/wp-json\/wp\/v2\/pages\/29","targetHints":{"allow":["GET"]}}],"collection":[{"href":"https:\/\/blogs.donboscovolunteers.de\/franziinwestafrika\/wp-json\/wp\/v2\/pages"}],"about":[{"href":"https:\/\/blogs.donboscovolunteers.de\/franziinwestafrika\/wp-json\/wp\/v2\/types\/page"}],"author":[{"embeddable":true,"href":"https:\/\/blogs.donboscovolunteers.de\/franziinwestafrika\/wp-json\/wp\/v2\/users\/20928"}],"replies":[{"embeddable":true,"href":"https:\/\/blogs.donboscovolunteers.de\/franziinwestafrika\/wp-json\/wp\/v2\/comments?post=29"}],"version-history":[{"count":6,"href":"https:\/\/blogs.donboscovolunteers.de\/franziinwestafrika\/wp-json\/wp\/v2\/pages\/29\/revisions"}],"predecessor-version":[{"id":38,"href":"https:\/\/blogs.donboscovolunteers.de\/franziinwestafrika\/wp-json\/wp\/v2\/pages\/29\/revisions\/38"}],"wp:attachment":[{"href":"https:\/\/blogs.donboscovolunteers.de\/franziinwestafrika\/wp-json\/wp\/v2\/media?parent=29"}],"curies":[{"name":"wp","href":"https:\/\/api.w.org\/{rel}","templated":true}]}}