{"id":22,"date":"2023-07-31T16:37:20","date_gmt":"2023-07-31T14:37:20","guid":{"rendered":"https:\/\/blogs.donboscovolunteers.de\/franziinindien\/?page_id=22"},"modified":"2023-08-30T18:45:38","modified_gmt":"2023-08-30T16:45:38","slug":"spenden","status":"publish","type":"page","link":"https:\/\/blogs.donboscovolunteers.de\/franziinindien\/spenden\/","title":{"rendered":"Spenden"},"content":{"rendered":"<p>Unser entwicklungspolitischer <a href=\"https:\/\/www.donboscovolunteers.de\/\">Freiwilligendienst<\/a> im Ausland l\u00e4uft \u00fcber das staatlich gef\u00f6rderte Programm  &#8222;weltw\u00e4rts&#8220;, welches 2008 vom Bundesministerium f\u00fcr wirtschaftliche Zusammenarbeit und Entwicklung(BMZ) ins Leben gerufen wurde.<\/p>\n\n\n\n<p>W\u00e4hrend eines solchen Auslandfreiwilligendienstes fallen nat\u00fcrlich einige Kosten an. Diese werden zu 75% vom BMZ getragen, w\u00e4hrend der restliche Anteil vom Freiwilligen durch das Aufbauen eines F\u00f6rderkreis finanziert wird. Dadurch soll erm\u00f6glicht werden, dass auch in Zukunft Freiwillige in die Projekte entsendet werden k\u00f6nnen.<\/p>\n\n\n\n<p>Wenn ihr mein Engagment und die Einrichtung vor Ort unterst\u00fctzen wollt, dann w\u00fcrde ich mich sehr \u00fcber eine kleine Spende freuen! <\/p>\n\n\n\n<h2 class=\"wp-block-heading\">Spendenm\u00f6glichkeit<\/h2>\n\n\n\n<p><a href=\"https:\/\/www.donboscomission.de\/don-bosco\/\">DON BOSCO<\/a> MISSION<\/p>\n\n\n\n<p>LIGA BANK M\u00dcNCHEN <\/p>\n\n\n\n<p>IBAN: DE66 7509 0300 0102 1418 76  <\/p>\n\n\n\n<p>BIC: GENODEF1M05<\/p>\n\n\n\n<p>Verwendungszweck: Rau, Franziska S23VB012<\/p>\n\n\n\n<p><\/p>\n\n\n\n<p>Kleiner Tipp: Wenn ihr eure Adresse angebt, erhaltet ihr auch eine Spendenquittung<\/p>\n\n\n\n<p><\/p>\n\n\n\n<p>Rund 50 Freiwillige werden jedes Jahr von Don Bosco Volunteers ins Ausland entsandt.\u00a0Hier k\u00f6nnt ihr online f\u00fcr meinen Freiwilligendienst spenden: <a href=\"https:\/\/www.donboscomission.de\/volontariat\/2023\/spenden\/franziinindien\">https:\/\/www.donboscomission.de\/volontariat\/2023\/spenden\/franziinindien<\/a><\/p>","protected":false},"excerpt":{"rendered":"<p>Unser entwicklungspolitischer <a href=\"https:\/\/www.donboscovolunteers.de\/\">Freiwilligendienst<\/a> im Ausland l\u00e4uft \u00fcber das staatlich gef\u00f6rderte Programm &#8222;weltw\u00e4rts&#8220;, welches 2008 vom Bundesministerium f\u00fcr wirtschaftliche Zusammenarbeit und Entwicklung(BMZ) ins Leben gerufen wurde. W\u00e4hrend eines solchen Auslandfreiwilligendienstes fallen nat\u00fcrlich einige Kosten an. Diese werden zu 75% vom BMZ getragen, w\u00e4hrend der restliche Anteil vom Freiwilligen durch das Aufbauen eines F\u00f6rderkreis finanziert wird. Dadurch [&hellip;]<\/p>\n","protected":false},"author":21769,"featured_media":0,"parent":0,"menu_order":0,"comment_status":"closed","ping_status":"closed","template":"","meta":{"footnotes":""},"class_list":["post-22","page","type-page","status-publish","hentry"],"yoast_head":"<!-- This site is optimized with the Yoast SEO plugin v25.3.1 - https:\/\/yoast.com\/wordpress\/plugins\/seo\/ -->\n<title>Spenden - Franzi in Indien<\/title>\n<meta name=\"robots\" content=\"index, follow, max-snippet:-1, max-image-preview:large, max-video-preview:-1\" \/>\n<link rel=\"canonical\" href=\"https:\/\/blogs.donboscovolunteers.de\/franziinindien\/spenden\/\" \/>\n<meta property=\"og:locale\" content=\"de_DE\" \/>\n<meta property=\"og:type\" content=\"article\" \/>\n<meta property=\"og:title\" content=\"Spenden - Franzi in Indien\" \/>\n<meta property=\"og:description\" content=\"Unser entwicklungspolitischer Freiwilligendienst im Ausland l\u00e4uft \u00fcber das staatlich gef\u00f6rderte Programm &#8222;weltw\u00e4rts&#8220;, welches 2008 vom Bundesministerium f\u00fcr wirtschaftliche Zusammenarbeit und Entwicklung(BMZ) ins Leben gerufen wurde. W\u00e4hrend eines solchen Auslandfreiwilligendienstes fallen nat\u00fcrlich einige Kosten an. Diese werden zu 75% vom BMZ getragen, w\u00e4hrend der restliche Anteil vom Freiwilligen durch das Aufbauen eines F\u00f6rderkreis finanziert wird. Dadurch [&hellip;]\" \/>\n<meta property=\"og:url\" content=\"https:\/\/blogs.donboscovolunteers.de\/franziinindien\/spenden\/\" \/>\n<meta property=\"og:site_name\" content=\"Franzi in Indien\" \/>\n<meta property=\"article:modified_time\" content=\"2023-08-30T16:45:38+00:00\" \/>\n<meta name=\"twitter:card\" content=\"summary_large_image\" \/>\n<meta name=\"twitter:label1\" content=\"Gesch\u00e4tzte Lesezeit\" \/>\n\t<meta name=\"twitter:data1\" content=\"1\u00a0Minute\" \/>\n<script type=\"application\/ld+json\" class=\"yoast-schema-graph\">{\"@context\":\"https:\/\/schema.org\",\"@graph\":[{\"@type\":\"WebPage\",\"@id\":\"https:\/\/blogs.donboscovolunteers.de\/franziinindien\/spenden\/\",\"url\":\"https:\/\/blogs.donboscovolunteers.de\/franziinindien\/spenden\/\",\"name\":\"Spenden - Franzi in Indien\",\"isPartOf\":{\"@id\":\"https:\/\/blogs.donboscovolunteers.de\/franziinindien\/#website\"},\"datePublished\":\"2023-07-31T14:37:20+00:00\",\"dateModified\":\"2023-08-30T16:45:38+00:00\",\"breadcrumb\":{\"@id\":\"https:\/\/blogs.donboscovolunteers.de\/franziinindien\/spenden\/#breadcrumb\"},\"inLanguage\":\"de\",\"potentialAction\":[{\"@type\":\"ReadAction\",\"target\":[\"https:\/\/blogs.donboscovolunteers.de\/franziinindien\/spenden\/\"]}]},{\"@type\":\"BreadcrumbList\",\"@id\":\"https:\/\/blogs.donboscovolunteers.de\/franziinindien\/spenden\/#breadcrumb\",\"itemListElement\":[{\"@type\":\"ListItem\",\"position\":1,\"name\":\"Startseite\",\"item\":\"https:\/\/blogs.donboscovolunteers.de\/franziinindien\/\"},{\"@type\":\"ListItem\",\"position\":2,\"name\":\"Spenden\"}]},{\"@type\":\"WebSite\",\"@id\":\"https:\/\/blogs.donboscovolunteers.de\/franziinindien\/#website\",\"url\":\"https:\/\/blogs.donboscovolunteers.de\/franziinindien\/\",\"name\":\"Franzi in Indien\",\"description\":\"\",\"potentialAction\":[{\"@type\":\"SearchAction\",\"target\":{\"@type\":\"EntryPoint\",\"urlTemplate\":\"https:\/\/blogs.donboscovolunteers.de\/franziinindien\/?s={search_term_string}\"},\"query-input\":{\"@type\":\"PropertyValueSpecification\",\"valueRequired\":true,\"valueName\":\"search_term_string\"}}],\"inLanguage\":\"de\"}]}<\/script>\n<!-- \/ Yoast SEO plugin. -->","yoast_head_json":{"title":"Spenden - Franzi in Indien","robots":{"index":"index","follow":"follow","max-snippet":"max-snippet:-1","max-image-preview":"max-image-preview:large","max-video-preview":"max-video-preview:-1"},"canonical":"https:\/\/blogs.donboscovolunteers.de\/franziinindien\/spenden\/","og_locale":"de_DE","og_type":"article","og_title":"Spenden - Franzi in Indien","og_description":"Unser entwicklungspolitischer Freiwilligendienst im Ausland l\u00e4uft \u00fcber das staatlich gef\u00f6rderte Programm &#8222;weltw\u00e4rts&#8220;, welches 2008 vom Bundesministerium f\u00fcr wirtschaftliche Zusammenarbeit und Entwicklung(BMZ) ins Leben gerufen wurde. W\u00e4hrend eines solchen Auslandfreiwilligendienstes fallen nat\u00fcrlich einige Kosten an. Diese werden zu 75% vom BMZ getragen, w\u00e4hrend der restliche Anteil vom Freiwilligen durch das Aufbauen eines F\u00f6rderkreis finanziert wird. Dadurch [&hellip;]","og_url":"https:\/\/blogs.donboscovolunteers.de\/franziinindien\/spenden\/","og_site_name":"Franzi in Indien","article_modified_time":"2023-08-30T16:45:38+00:00","twitter_card":"summary_large_image","twitter_misc":{"Gesch\u00e4tzte Lesezeit":"1\u00a0Minute"},"schema":{"@context":"https:\/\/schema.org","@graph":[{"@type":"WebPage","@id":"https:\/\/blogs.donboscovolunteers.de\/franziinindien\/spenden\/","url":"https:\/\/blogs.donboscovolunteers.de\/franziinindien\/spenden\/","name":"Spenden - Franzi in Indien","isPartOf":{"@id":"https:\/\/blogs.donboscovolunteers.de\/franziinindien\/#website"},"datePublished":"2023-07-31T14:37:20+00:00","dateModified":"2023-08-30T16:45:38+00:00","breadcrumb":{"@id":"https:\/\/blogs.donboscovolunteers.de\/franziinindien\/spenden\/#breadcrumb"},"inLanguage":"de","potentialAction":[{"@type":"ReadAction","target":["https:\/\/blogs.donboscovolunteers.de\/franziinindien\/spenden\/"]}]},{"@type":"BreadcrumbList","@id":"https:\/\/blogs.donboscovolunteers.de\/franziinindien\/spenden\/#breadcrumb","itemListElement":[{"@type":"ListItem","position":1,"name":"Startseite","item":"https:\/\/blogs.donboscovolunteers.de\/franziinindien\/"},{"@type":"ListItem","position":2,"name":"Spenden"}]},{"@type":"WebSite","@id":"https:\/\/blogs.donboscovolunteers.de\/franziinindien\/#website","url":"https:\/\/blogs.donboscovolunteers.de\/franziinindien\/","name":"Franzi in Indien","description":"","potentialAction":[{"@type":"SearchAction","target":{"@type":"EntryPoint","urlTemplate":"https:\/\/blogs.donboscovolunteers.de\/franziinindien\/?s={search_term_string}"},"query-input":{"@type":"PropertyValueSpecification","valueRequired":true,"valueName":"search_term_string"}}],"inLanguage":"de"}]}},"_links":{"self":[{"href":"https:\/\/blogs.donboscovolunteers.de\/franziinindien\/wp-json\/wp\/v2\/pages\/22","targetHints":{"allow":["GET"]}}],"collection":[{"href":"https:\/\/blogs.donboscovolunteers.de\/franziinindien\/wp-json\/wp\/v2\/pages"}],"about":[{"href":"https:\/\/blogs.donboscovolunteers.de\/franziinindien\/wp-json\/wp\/v2\/types\/page"}],"author":[{"embeddable":true,"href":"https:\/\/blogs.donboscovolunteers.de\/franziinindien\/wp-json\/wp\/v2\/users\/21769"}],"replies":[{"embeddable":true,"href":"https:\/\/blogs.donboscovolunteers.de\/franziinindien\/wp-json\/wp\/v2\/comments?post=22"}],"version-history":[{"count":4,"href":"https:\/\/blogs.donboscovolunteers.de\/franziinindien\/wp-json\/wp\/v2\/pages\/22\/revisions"}],"predecessor-version":[{"id":31,"href":"https:\/\/blogs.donboscovolunteers.de\/franziinindien\/wp-json\/wp\/v2\/pages\/22\/revisions\/31"}],"wp:attachment":[{"href":"https:\/\/blogs.donboscovolunteers.de\/franziinindien\/wp-json\/wp\/v2\/media?parent=22"}],"curies":[{"name":"wp","href":"https:\/\/api.w.org\/{rel}","templated":true}]}}