{"id":20,"date":"2023-07-31T16:38:16","date_gmt":"2023-07-31T14:38:16","guid":{"rendered":"https:\/\/blogs.donboscovolunteers.de\/franziinindien\/?page_id=20"},"modified":"2024-03-03T14:48:00","modified_gmt":"2024-03-03T13:48:00","slug":"mein-projekt","status":"publish","type":"page","link":"https:\/\/blogs.donboscovolunteers.de\/franziinindien\/mein-projekt\/","title":{"rendered":"Mein Projekt"},"content":{"rendered":"<p>Im s\u00fcdlichsten Bundesstaat Indiens Tamil Nadu, nahe der Stadt Salem liegt ein kleines Dorf namens Nilavarapatti. Dort befindet sich am Fu\u00dfe der Berge, umgeben von Felder und Palmen das <a href=\"https:\/\/www.donboscomission.de\/don-bosco\/\">Don Bosco<\/a> Care Home(DBCH). Neben den Salesianern, den K\u00f6chinnen, weiteren Mitarbeitern und nun auch uns, leben hier 48 Jungs im Alter von 4-20 Jahren.   <\/p>\n\n\n\n<p>So unterschiedlich die Jungs auch alle sind, so haben sie doch eine Gemeinsamkeit. Sie alle haben seit ihrer Geburt HIV. <br>Das Ziel des DBCH ist es, diesen Jungs ein Zuhause zu bieten, in dem sie beh\u00fctet aufwachsen und ihre Kindheit genie\u00dfen k\u00f6nnen. Au\u00dferdem wird ihnen der Zugang zu guter Bildung erm\u00f6glich und sie werden mit n\u00e4hrreicher Nahrung, sowie Medikamenten und \u00e4rztlicher Unterst\u00fctzung versorgt. Am Ende ihrer Zeit im DBCH sollen die Jungs in der Lage sein, selbstst\u00e4ndig ihr Leben zu f\u00fchren. Daher lernen sie neben der rein schulischen Bildung auch die Arbeit auf dem Feld, die Versorgung der Tiere im Projekt, im Haushalt mitzuhelfen, gewissenhaft ihren Aufgaben nachzugehen, den Umgang mit ihren Mitmenschen(sowohl \u00e4lteren als auch j\u00fcngeren) und einiges mehr.<\/p>\n\n\n\n<figure class=\"wp-block-gallery has-nested-images columns-default is-cropped wp-block-gallery-1 is-layout-flex wp-block-gallery-is-layout-flex\">\n<figure class=\"wp-block-image size-large\"><img loading=\"lazy\" decoding=\"async\" width=\"819\" height=\"1024\" data-id=\"79\" src=\"https:\/\/blogs.donboscovolunteers.de\/franziinindien\/wp-content\/uploads\/sites\/21671\/2023\/10\/468CDE10-91AA-4C73-8F5C-E56A80FCCD98-819x1024.jpeg\" alt=\"\" class=\"wp-image-79\" srcset=\"https:\/\/blogs.donboscovolunteers.de\/franziinindien\/wp-content\/uploads\/sites\/21671\/2023\/10\/468CDE10-91AA-4C73-8F5C-E56A80FCCD98-819x1024.jpeg 819w, https:\/\/blogs.donboscovolunteers.de\/franziinindien\/wp-content\/uploads\/sites\/21671\/2023\/10\/468CDE10-91AA-4C73-8F5C-E56A80FCCD98-240x300.jpeg 240w, https:\/\/blogs.donboscovolunteers.de\/franziinindien\/wp-content\/uploads\/sites\/21671\/2023\/10\/468CDE10-91AA-4C73-8F5C-E56A80FCCD98-768x960.jpeg 768w, https:\/\/blogs.donboscovolunteers.de\/franziinindien\/wp-content\/uploads\/sites\/21671\/2023\/10\/468CDE10-91AA-4C73-8F5C-E56A80FCCD98-900x1125.jpeg 900w, https:\/\/blogs.donboscovolunteers.de\/franziinindien\/wp-content\/uploads\/sites\/21671\/2023\/10\/468CDE10-91AA-4C73-8F5C-E56A80FCCD98.jpeg 1024w\" sizes=\"auto, (max-width: 819px) 100vw, 819px\" \/><figcaption class=\"wp-element-caption\">Innenhof<\/figcaption><\/figure>\n\n\n\n<figure class=\"wp-block-image size-large\"><img loading=\"lazy\" decoding=\"async\" width=\"819\" height=\"1024\" data-id=\"80\" src=\"https:\/\/blogs.donboscovolunteers.de\/franziinindien\/wp-content\/uploads\/sites\/21671\/2023\/10\/9534AD00-A7B7-43FC-AAFC-3E053185595B-819x1024.jpeg\" alt=\"\" class=\"wp-image-80\" srcset=\"https:\/\/blogs.donboscovolunteers.de\/franziinindien\/wp-content\/uploads\/sites\/21671\/2023\/10\/9534AD00-A7B7-43FC-AAFC-3E053185595B-819x1024.jpeg 819w, https:\/\/blogs.donboscovolunteers.de\/franziinindien\/wp-content\/uploads\/sites\/21671\/2023\/10\/9534AD00-A7B7-43FC-AAFC-3E053185595B-240x300.jpeg 240w, https:\/\/blogs.donboscovolunteers.de\/franziinindien\/wp-content\/uploads\/sites\/21671\/2023\/10\/9534AD00-A7B7-43FC-AAFC-3E053185595B-768x960.jpeg 768w, https:\/\/blogs.donboscovolunteers.de\/franziinindien\/wp-content\/uploads\/sites\/21671\/2023\/10\/9534AD00-A7B7-43FC-AAFC-3E053185595B-900x1125.jpeg 900w, https:\/\/blogs.donboscovolunteers.de\/franziinindien\/wp-content\/uploads\/sites\/21671\/2023\/10\/9534AD00-A7B7-43FC-AAFC-3E053185595B.jpeg 1024w\" sizes=\"auto, (max-width: 819px) 100vw, 819px\" \/><figcaption class=\"wp-element-caption\">Sportplatz<\/figcaption><\/figure>\n\n\n\n<figure class=\"wp-block-image size-large\"><img loading=\"lazy\" decoding=\"async\" width=\"819\" height=\"1024\" data-id=\"81\" src=\"https:\/\/blogs.donboscovolunteers.de\/franziinindien\/wp-content\/uploads\/sites\/21671\/2023\/10\/51B2D688-DE8F-43CC-AEDC-9B2330C72971-819x1024.jpeg\" alt=\"\" class=\"wp-image-81\" srcset=\"https:\/\/blogs.donboscovolunteers.de\/franziinindien\/wp-content\/uploads\/sites\/21671\/2023\/10\/51B2D688-DE8F-43CC-AEDC-9B2330C72971-819x1024.jpeg 819w, https:\/\/blogs.donboscovolunteers.de\/franziinindien\/wp-content\/uploads\/sites\/21671\/2023\/10\/51B2D688-DE8F-43CC-AEDC-9B2330C72971-240x300.jpeg 240w, https:\/\/blogs.donboscovolunteers.de\/franziinindien\/wp-content\/uploads\/sites\/21671\/2023\/10\/51B2D688-DE8F-43CC-AEDC-9B2330C72971-768x960.jpeg 768w, https:\/\/blogs.donboscovolunteers.de\/franziinindien\/wp-content\/uploads\/sites\/21671\/2023\/10\/51B2D688-DE8F-43CC-AEDC-9B2330C72971-900x1125.jpeg 900w, https:\/\/blogs.donboscovolunteers.de\/franziinindien\/wp-content\/uploads\/sites\/21671\/2023\/10\/51B2D688-DE8F-43CC-AEDC-9B2330C72971.jpeg 1024w\" sizes=\"auto, (max-width: 819px) 100vw, 819px\" \/><figcaption class=\"wp-element-caption\">Tierische Mitbewohner<\/figcaption><\/figure>\n<\/figure>\n\n\n\n<p>Meine Aufgabe als Freiwillige besteht haupts\u00e4chlich darin &#8222;da zu sein&#8220;. Ein Gro\u00dfteil der Jungs hat beide oder zumindest ein Elternteil  verloren und selbst die Jungs, die noch ihre Eltern haben, sehen diese sehr selten. So nehmen meine Mitfreiwillige Hannah und ich am Tagesprogramm der Jungs teil und sind hierbei Vertrauensperson, Spielpartnerin, Ansprechperson oder einfach die gro\u00dfe Schwester. <br>Zus\u00e4tzlich dazu bringen wir den Jungs, die noch zur Grundschule gehen, jeden Abend w\u00e4hrend der Study Time spielerisch Englisch bei.<\/p>","protected":false},"excerpt":{"rendered":"<p>Im s\u00fcdlichsten Bundesstaat Indiens Tamil Nadu, nahe der Stadt Salem liegt ein kleines Dorf namens Nilavarapatti. Dort befindet sich am Fu\u00dfe der Berge, umgeben von Felder und Palmen das <a href=\"https:\/\/www.donboscomission.de\/don-bosco\/\">Don Bosco<\/a> Care Home(DBCH). Neben den Salesianern, den K\u00f6chinnen, weiteren Mitarbeitern und nun auch uns, leben hier 48 Jungs im Alter von 4-20 Jahren. So unterschiedlich [&hellip;]<\/p>\n","protected":false},"author":21769,"featured_media":0,"parent":0,"menu_order":0,"comment_status":"closed","ping_status":"closed","template":"","meta":{"footnotes":""},"class_list":["post-20","page","type-page","status-publish","hentry"],"yoast_head":"<!-- This site is optimized with the Yoast SEO plugin v25.3.1 - https:\/\/yoast.com\/wordpress\/plugins\/seo\/ -->\n<title>Mein Projekt - Franzi in Indien<\/title>\n<meta name=\"description\" content=\"Im Don Bosco Care Home in Nilavarapatti leben HIV-positive Kinder und Jugendliche, die hier zur Schule gehen k\u00f6nnen, medizinisch versorgt werden und einen Teil ihrer Kindheit zur\u00fcck bekomme\" \/>\n<meta name=\"robots\" content=\"index, follow, max-snippet:-1, max-image-preview:large, max-video-preview:-1\" \/>\n<link rel=\"canonical\" href=\"https:\/\/blogs.donboscovolunteers.de\/franziinindien\/mein-projekt\/\" \/>\n<meta property=\"og:locale\" content=\"de_DE\" \/>\n<meta property=\"og:type\" content=\"article\" \/>\n<meta property=\"og:title\" content=\"Mein Projekt - Franzi in Indien\" \/>\n<meta property=\"og:description\" content=\"Im Don Bosco Care Home in Nilavarapatti leben HIV-positive Kinder und Jugendliche, die hier zur Schule gehen k\u00f6nnen, medizinisch versorgt werden und einen Teil ihrer Kindheit zur\u00fcck bekomme\" \/>\n<meta property=\"og:url\" content=\"https:\/\/blogs.donboscovolunteers.de\/franziinindien\/mein-projekt\/\" \/>\n<meta property=\"og:site_name\" content=\"Franzi in Indien\" \/>\n<meta property=\"article:modified_time\" content=\"2024-03-03T13:48:00+00:00\" \/>\n<meta property=\"og:image\" content=\"https:\/\/blogs.donboscovolunteers.de\/franziinindien\/wp-content\/uploads\/sites\/21671\/2023\/10\/468CDE10-91AA-4C73-8F5C-E56A80FCCD98-819x1024.jpeg\" \/>\n<meta name=\"twitter:card\" content=\"summary_large_image\" \/>\n<meta name=\"twitter:label1\" content=\"Gesch\u00e4tzte Lesezeit\" \/>\n\t<meta name=\"twitter:data1\" content=\"3\u00a0Minuten\" \/>\n<script type=\"application\/ld+json\" class=\"yoast-schema-graph\">{\"@context\":\"https:\/\/schema.org\",\"@graph\":[{\"@type\":\"WebPage\",\"@id\":\"https:\/\/blogs.donboscovolunteers.de\/franziinindien\/mein-projekt\/\",\"url\":\"https:\/\/blogs.donboscovolunteers.de\/franziinindien\/mein-projekt\/\",\"name\":\"Mein Projekt - Franzi in Indien\",\"isPartOf\":{\"@id\":\"https:\/\/blogs.donboscovolunteers.de\/franziinindien\/#website\"},\"primaryImageOfPage\":{\"@id\":\"https:\/\/blogs.donboscovolunteers.de\/franziinindien\/mein-projekt\/#primaryimage\"},\"image\":{\"@id\":\"https:\/\/blogs.donboscovolunteers.de\/franziinindien\/mein-projekt\/#primaryimage\"},\"thumbnailUrl\":\"https:\/\/blogs.donboscovolunteers.de\/franziinindien\/wp-content\/uploads\/sites\/21671\/2023\/10\/468CDE10-91AA-4C73-8F5C-E56A80FCCD98-819x1024.jpeg\",\"datePublished\":\"2023-07-31T14:38:16+00:00\",\"dateModified\":\"2024-03-03T13:48:00+00:00\",\"description\":\"Im Don Bosco Care Home in Nilavarapatti leben HIV-positive Kinder und Jugendliche, die hier zur Schule gehen k\u00f6nnen, medizinisch versorgt werden und einen Teil ihrer Kindheit zur\u00fcck bekomme\",\"breadcrumb\":{\"@id\":\"https:\/\/blogs.donboscovolunteers.de\/franziinindien\/mein-projekt\/#breadcrumb\"},\"inLanguage\":\"de\",\"potentialAction\":[{\"@type\":\"ReadAction\",\"target\":[\"https:\/\/blogs.donboscovolunteers.de\/franziinindien\/mein-projekt\/\"]}]},{\"@type\":\"ImageObject\",\"inLanguage\":\"de\",\"@id\":\"https:\/\/blogs.donboscovolunteers.de\/franziinindien\/mein-projekt\/#primaryimage\",\"url\":\"https:\/\/blogs.donboscovolunteers.de\/franziinindien\/wp-content\/uploads\/sites\/21671\/2023\/10\/468CDE10-91AA-4C73-8F5C-E56A80FCCD98.jpeg\",\"contentUrl\":\"https:\/\/blogs.donboscovolunteers.de\/franziinindien\/wp-content\/uploads\/sites\/21671\/2023\/10\/468CDE10-91AA-4C73-8F5C-E56A80FCCD98.jpeg\",\"width\":1024,\"height\":1280,\"caption\":\"Innenhof\"},{\"@type\":\"BreadcrumbList\",\"@id\":\"https:\/\/blogs.donboscovolunteers.de\/franziinindien\/mein-projekt\/#breadcrumb\",\"itemListElement\":[{\"@type\":\"ListItem\",\"position\":1,\"name\":\"Startseite\",\"item\":\"https:\/\/blogs.donboscovolunteers.de\/franziinindien\/\"},{\"@type\":\"ListItem\",\"position\":2,\"name\":\"Mein Projekt\"}]},{\"@type\":\"WebSite\",\"@id\":\"https:\/\/blogs.donboscovolunteers.de\/franziinindien\/#website\",\"url\":\"https:\/\/blogs.donboscovolunteers.de\/franziinindien\/\",\"name\":\"Franzi in Indien\",\"description\":\"\",\"potentialAction\":[{\"@type\":\"SearchAction\",\"target\":{\"@type\":\"EntryPoint\",\"urlTemplate\":\"https:\/\/blogs.donboscovolunteers.de\/franziinindien\/?s={search_term_string}\"},\"query-input\":{\"@type\":\"PropertyValueSpecification\",\"valueRequired\":true,\"valueName\":\"search_term_string\"}}],\"inLanguage\":\"de\"}]}<\/script>\n<!-- \/ Yoast SEO plugin. -->","yoast_head_json":{"title":"Mein Projekt - Franzi in Indien","description":"Im Don Bosco Care Home in Nilavarapatti leben HIV-positive Kinder und Jugendliche, die hier zur Schule gehen k\u00f6nnen, medizinisch versorgt werden und einen Teil ihrer Kindheit zur\u00fcck bekomme","robots":{"index":"index","follow":"follow","max-snippet":"max-snippet:-1","max-image-preview":"max-image-preview:large","max-video-preview":"max-video-preview:-1"},"canonical":"https:\/\/blogs.donboscovolunteers.de\/franziinindien\/mein-projekt\/","og_locale":"de_DE","og_type":"article","og_title":"Mein Projekt - Franzi in Indien","og_description":"Im Don Bosco Care Home in Nilavarapatti leben HIV-positive Kinder und Jugendliche, die hier zur Schule gehen k\u00f6nnen, medizinisch versorgt werden und einen Teil ihrer Kindheit zur\u00fcck bekomme","og_url":"https:\/\/blogs.donboscovolunteers.de\/franziinindien\/mein-projekt\/","og_site_name":"Franzi in Indien","article_modified_time":"2024-03-03T13:48:00+00:00","og_image":[{"url":"https:\/\/blogs.donboscovolunteers.de\/franziinindien\/wp-content\/uploads\/sites\/21671\/2023\/10\/468CDE10-91AA-4C73-8F5C-E56A80FCCD98-819x1024.jpeg","type":"","width":"","height":""}],"twitter_card":"summary_large_image","twitter_misc":{"Gesch\u00e4tzte Lesezeit":"3\u00a0Minuten"},"schema":{"@context":"https:\/\/schema.org","@graph":[{"@type":"WebPage","@id":"https:\/\/blogs.donboscovolunteers.de\/franziinindien\/mein-projekt\/","url":"https:\/\/blogs.donboscovolunteers.de\/franziinindien\/mein-projekt\/","name":"Mein Projekt - Franzi in Indien","isPartOf":{"@id":"https:\/\/blogs.donboscovolunteers.de\/franziinindien\/#website"},"primaryImageOfPage":{"@id":"https:\/\/blogs.donboscovolunteers.de\/franziinindien\/mein-projekt\/#primaryimage"},"image":{"@id":"https:\/\/blogs.donboscovolunteers.de\/franziinindien\/mein-projekt\/#primaryimage"},"thumbnailUrl":"https:\/\/blogs.donboscovolunteers.de\/franziinindien\/wp-content\/uploads\/sites\/21671\/2023\/10\/468CDE10-91AA-4C73-8F5C-E56A80FCCD98-819x1024.jpeg","datePublished":"2023-07-31T14:38:16+00:00","dateModified":"2024-03-03T13:48:00+00:00","description":"Im Don Bosco Care Home in Nilavarapatti leben HIV-positive Kinder und Jugendliche, die hier zur Schule gehen k\u00f6nnen, medizinisch versorgt werden und einen Teil ihrer Kindheit zur\u00fcck bekomme","breadcrumb":{"@id":"https:\/\/blogs.donboscovolunteers.de\/franziinindien\/mein-projekt\/#breadcrumb"},"inLanguage":"de","potentialAction":[{"@type":"ReadAction","target":["https:\/\/blogs.donboscovolunteers.de\/franziinindien\/mein-projekt\/"]}]},{"@type":"ImageObject","inLanguage":"de","@id":"https:\/\/blogs.donboscovolunteers.de\/franziinindien\/mein-projekt\/#primaryimage","url":"https:\/\/blogs.donboscovolunteers.de\/franziinindien\/wp-content\/uploads\/sites\/21671\/2023\/10\/468CDE10-91AA-4C73-8F5C-E56A80FCCD98.jpeg","contentUrl":"https:\/\/blogs.donboscovolunteers.de\/franziinindien\/wp-content\/uploads\/sites\/21671\/2023\/10\/468CDE10-91AA-4C73-8F5C-E56A80FCCD98.jpeg","width":1024,"height":1280,"caption":"Innenhof"},{"@type":"BreadcrumbList","@id":"https:\/\/blogs.donboscovolunteers.de\/franziinindien\/mein-projekt\/#breadcrumb","itemListElement":[{"@type":"ListItem","position":1,"name":"Startseite","item":"https:\/\/blogs.donboscovolunteers.de\/franziinindien\/"},{"@type":"ListItem","position":2,"name":"Mein Projekt"}]},{"@type":"WebSite","@id":"https:\/\/blogs.donboscovolunteers.de\/franziinindien\/#website","url":"https:\/\/blogs.donboscovolunteers.de\/franziinindien\/","name":"Franzi in Indien","description":"","potentialAction":[{"@type":"SearchAction","target":{"@type":"EntryPoint","urlTemplate":"https:\/\/blogs.donboscovolunteers.de\/franziinindien\/?s={search_term_string}"},"query-input":{"@type":"PropertyValueSpecification","valueRequired":true,"valueName":"search_term_string"}}],"inLanguage":"de"}]}},"_links":{"self":[{"href":"https:\/\/blogs.donboscovolunteers.de\/franziinindien\/wp-json\/wp\/v2\/pages\/20","targetHints":{"allow":["GET"]}}],"collection":[{"href":"https:\/\/blogs.donboscovolunteers.de\/franziinindien\/wp-json\/wp\/v2\/pages"}],"about":[{"href":"https:\/\/blogs.donboscovolunteers.de\/franziinindien\/wp-json\/wp\/v2\/types\/page"}],"author":[{"embeddable":true,"href":"https:\/\/blogs.donboscovolunteers.de\/franziinindien\/wp-json\/wp\/v2\/users\/21769"}],"replies":[{"embeddable":true,"href":"https:\/\/blogs.donboscovolunteers.de\/franziinindien\/wp-json\/wp\/v2\/comments?post=20"}],"version-history":[{"count":5,"href":"https:\/\/blogs.donboscovolunteers.de\/franziinindien\/wp-json\/wp\/v2\/pages\/20\/revisions"}],"predecessor-version":[{"id":297,"href":"https:\/\/blogs.donboscovolunteers.de\/franziinindien\/wp-json\/wp\/v2\/pages\/20\/revisions\/297"}],"wp:attachment":[{"href":"https:\/\/blogs.donboscovolunteers.de\/franziinindien\/wp-json\/wp\/v2\/media?parent=20"}],"curies":[{"name":"wp","href":"https:\/\/api.w.org\/{rel}","templated":true}]}}