{"id":12,"date":"2023-07-31T17:10:05","date_gmt":"2023-07-31T15:10:05","guid":{"rendered":"https:\/\/blogs.donboscovolunteers.de\/franziinindien\/?page_id=12"},"modified":"2023-07-31T17:10:05","modified_gmt":"2023-07-31T15:10:05","slug":"das-bin-ich","status":"publish","type":"page","link":"https:\/\/blogs.donboscovolunteers.de\/franziinindien\/das-bin-ich\/","title":{"rendered":"Das bin ich"},"content":{"rendered":"<p>Hallo Welt,<\/p>\n\n\n\n<p>ich hei\u00dfe Franzi, bin 18 Jahre alt und komme aus Esslingen. In meiner Freizeit spiele ich gerne Handball, gehe zu den Pfadfindern oder lese. Au\u00dferdem treffe ich mich gerne mit meinen Freunden und entdecke neue Orte.<\/p>\n\n\n\n<p>F\u00fcr mich war schon lange klar, dass ich nach dem Abitur erst einmal einen <a href=\"https:\/\/www.donboscovolunteers.de\/\">Freiwilligendienst<\/a> leisten will. Zudem wollte ich aus Deutschland raus, um eine neue Kultur und neue Menschen kennenzulernen und somit meinen Horizont zu erweitern. Warum also nicht einfach beides verbinden? Und so werde ich ab September f\u00fcr ein Jahr in <a href=\"https:\/\/strassenkinder.de\/laender\/asien\/inden\/\">Indien<\/a> leben und dort im <a href=\"https:\/\/www.donboscomission.de\/don-bosco\/\">Don Bosco<\/a> Care Home Nilavarapatti einen entwicklungspolitischen Freiwilligendienst leisten. In der Einrichtung leben HIV-positive Kinder und Jugendliche, die dort wohnen und zur Schule gehen k\u00f6nnen sowie medizinisch versorgt werden. Dadurch sollen die Jungen einen Teil ihrer Kindheit zur\u00fcckbekommen und auf ein Leben in Selbstst\u00e4ndigkeit vorbereitet werden.<\/p>\n\n\n\n<p>In meinem Blog werde ich \u00fcber meine Erfahrungen und Erlebnisse berichten. Nat\u00fcrlich handelt es sich dabei um meine subjektive Wahrnehmung und l\u00e4sst sich nicht verallgemeinernd auf Indien und das dortige Leben \u00fcbertragen.<\/p>\n\n\n\n<p>Ich freue mich \u00fcber jeden und jede, die meinen Blog lesen und mich auf meiner Reise begleiten.<\/p>\n\n\n\n<p>Franzi \ud83d\ude42<\/p>\n\n\n\n<p><\/p>\n\n\n\n<p>. <\/p>","protected":false},"excerpt":{"rendered":"<p>Hallo Welt, ich hei\u00dfe Franzi, bin 18 Jahre alt und komme aus Esslingen. In meiner Freizeit spiele ich gerne Handball, gehe zu den Pfadfindern oder lese. Au\u00dferdem treffe ich mich gerne mit meinen Freunden und entdecke neue Orte. F\u00fcr mich war schon lange klar, dass ich nach dem Abitur erst einmal einen <a href=\"https:\/\/www.donboscovolunteers.de\/\">Freiwilligendienst<\/a> leisten will. [&hellip;]<\/p>\n","protected":false},"author":21769,"featured_media":0,"parent":0,"menu_order":0,"comment_status":"closed","ping_status":"closed","template":"","meta":{"footnotes":""},"class_list":["post-12","page","type-page","status-publish","hentry"],"yoast_head":"<!-- This site is optimized with the Yoast SEO plugin v25.3.1 - https:\/\/yoast.com\/wordpress\/plugins\/seo\/ -->\n<title>Das bin ich - Franzi in Indien<\/title>\n<meta name=\"description\" content=\"Auf dieser Seite stelle ich mich selbst und meine Interessen, sowie meine Motivation einen Freiwilligendienst zu leisten, vor\" \/>\n<meta name=\"robots\" content=\"index, follow, max-snippet:-1, max-image-preview:large, max-video-preview:-1\" \/>\n<link rel=\"canonical\" href=\"https:\/\/blogs.donboscovolunteers.de\/franziinindien\/das-bin-ich\/\" \/>\n<meta property=\"og:locale\" content=\"de_DE\" \/>\n<meta property=\"og:type\" content=\"article\" \/>\n<meta property=\"og:title\" content=\"Das bin ich - Franzi in Indien\" \/>\n<meta property=\"og:description\" content=\"Auf dieser Seite stelle ich mich selbst und meine Interessen, sowie meine Motivation einen Freiwilligendienst zu leisten, vor\" \/>\n<meta property=\"og:url\" content=\"https:\/\/blogs.donboscovolunteers.de\/franziinindien\/das-bin-ich\/\" \/>\n<meta property=\"og:site_name\" content=\"Franzi in Indien\" \/>\n<meta name=\"twitter:card\" content=\"summary_large_image\" \/>\n<meta name=\"twitter:label1\" content=\"Gesch\u00e4tzte Lesezeit\" \/>\n\t<meta name=\"twitter:data1\" content=\"1\u00a0Minute\" \/>\n<script type=\"application\/ld+json\" class=\"yoast-schema-graph\">{\"@context\":\"https:\/\/schema.org\",\"@graph\":[{\"@type\":\"WebPage\",\"@id\":\"https:\/\/blogs.donboscovolunteers.de\/franziinindien\/das-bin-ich\/\",\"url\":\"https:\/\/blogs.donboscovolunteers.de\/franziinindien\/das-bin-ich\/\",\"name\":\"Das bin ich - Franzi in Indien\",\"isPartOf\":{\"@id\":\"https:\/\/blogs.donboscovolunteers.de\/franziinindien\/#website\"},\"datePublished\":\"2023-07-31T15:10:05+00:00\",\"description\":\"Auf dieser Seite stelle ich mich selbst und meine Interessen, sowie meine Motivation einen Freiwilligendienst zu leisten, vor\",\"breadcrumb\":{\"@id\":\"https:\/\/blogs.donboscovolunteers.de\/franziinindien\/das-bin-ich\/#breadcrumb\"},\"inLanguage\":\"de\",\"potentialAction\":[{\"@type\":\"ReadAction\",\"target\":[\"https:\/\/blogs.donboscovolunteers.de\/franziinindien\/das-bin-ich\/\"]}]},{\"@type\":\"BreadcrumbList\",\"@id\":\"https:\/\/blogs.donboscovolunteers.de\/franziinindien\/das-bin-ich\/#breadcrumb\",\"itemListElement\":[{\"@type\":\"ListItem\",\"position\":1,\"name\":\"Startseite\",\"item\":\"https:\/\/blogs.donboscovolunteers.de\/franziinindien\/\"},{\"@type\":\"ListItem\",\"position\":2,\"name\":\"Das bin ich\"}]},{\"@type\":\"WebSite\",\"@id\":\"https:\/\/blogs.donboscovolunteers.de\/franziinindien\/#website\",\"url\":\"https:\/\/blogs.donboscovolunteers.de\/franziinindien\/\",\"name\":\"Franzi in Indien\",\"description\":\"\",\"potentialAction\":[{\"@type\":\"SearchAction\",\"target\":{\"@type\":\"EntryPoint\",\"urlTemplate\":\"https:\/\/blogs.donboscovolunteers.de\/franziinindien\/?s={search_term_string}\"},\"query-input\":{\"@type\":\"PropertyValueSpecification\",\"valueRequired\":true,\"valueName\":\"search_term_string\"}}],\"inLanguage\":\"de\"}]}<\/script>\n<!-- \/ Yoast SEO plugin. -->","yoast_head_json":{"title":"Das bin ich - Franzi in Indien","description":"Auf dieser Seite stelle ich mich selbst und meine Interessen, sowie meine Motivation einen Freiwilligendienst zu leisten, vor","robots":{"index":"index","follow":"follow","max-snippet":"max-snippet:-1","max-image-preview":"max-image-preview:large","max-video-preview":"max-video-preview:-1"},"canonical":"https:\/\/blogs.donboscovolunteers.de\/franziinindien\/das-bin-ich\/","og_locale":"de_DE","og_type":"article","og_title":"Das bin ich - Franzi in Indien","og_description":"Auf dieser Seite stelle ich mich selbst und meine Interessen, sowie meine Motivation einen Freiwilligendienst zu leisten, vor","og_url":"https:\/\/blogs.donboscovolunteers.de\/franziinindien\/das-bin-ich\/","og_site_name":"Franzi in Indien","twitter_card":"summary_large_image","twitter_misc":{"Gesch\u00e4tzte Lesezeit":"1\u00a0Minute"},"schema":{"@context":"https:\/\/schema.org","@graph":[{"@type":"WebPage","@id":"https:\/\/blogs.donboscovolunteers.de\/franziinindien\/das-bin-ich\/","url":"https:\/\/blogs.donboscovolunteers.de\/franziinindien\/das-bin-ich\/","name":"Das bin ich - Franzi in Indien","isPartOf":{"@id":"https:\/\/blogs.donboscovolunteers.de\/franziinindien\/#website"},"datePublished":"2023-07-31T15:10:05+00:00","description":"Auf dieser Seite stelle ich mich selbst und meine Interessen, sowie meine Motivation einen Freiwilligendienst zu leisten, vor","breadcrumb":{"@id":"https:\/\/blogs.donboscovolunteers.de\/franziinindien\/das-bin-ich\/#breadcrumb"},"inLanguage":"de","potentialAction":[{"@type":"ReadAction","target":["https:\/\/blogs.donboscovolunteers.de\/franziinindien\/das-bin-ich\/"]}]},{"@type":"BreadcrumbList","@id":"https:\/\/blogs.donboscovolunteers.de\/franziinindien\/das-bin-ich\/#breadcrumb","itemListElement":[{"@type":"ListItem","position":1,"name":"Startseite","item":"https:\/\/blogs.donboscovolunteers.de\/franziinindien\/"},{"@type":"ListItem","position":2,"name":"Das bin ich"}]},{"@type":"WebSite","@id":"https:\/\/blogs.donboscovolunteers.de\/franziinindien\/#website","url":"https:\/\/blogs.donboscovolunteers.de\/franziinindien\/","name":"Franzi in Indien","description":"","potentialAction":[{"@type":"SearchAction","target":{"@type":"EntryPoint","urlTemplate":"https:\/\/blogs.donboscovolunteers.de\/franziinindien\/?s={search_term_string}"},"query-input":{"@type":"PropertyValueSpecification","valueRequired":true,"valueName":"search_term_string"}}],"inLanguage":"de"}]}},"_links":{"self":[{"href":"https:\/\/blogs.donboscovolunteers.de\/franziinindien\/wp-json\/wp\/v2\/pages\/12","targetHints":{"allow":["GET"]}}],"collection":[{"href":"https:\/\/blogs.donboscovolunteers.de\/franziinindien\/wp-json\/wp\/v2\/pages"}],"about":[{"href":"https:\/\/blogs.donboscovolunteers.de\/franziinindien\/wp-json\/wp\/v2\/types\/page"}],"author":[{"embeddable":true,"href":"https:\/\/blogs.donboscovolunteers.de\/franziinindien\/wp-json\/wp\/v2\/users\/21769"}],"replies":[{"embeddable":true,"href":"https:\/\/blogs.donboscovolunteers.de\/franziinindien\/wp-json\/wp\/v2\/comments?post=12"}],"version-history":[{"count":2,"href":"https:\/\/blogs.donboscovolunteers.de\/franziinindien\/wp-json\/wp\/v2\/pages\/12\/revisions"}],"predecessor-version":[{"id":24,"href":"https:\/\/blogs.donboscovolunteers.de\/franziinindien\/wp-json\/wp\/v2\/pages\/12\/revisions\/24"}],"wp:attachment":[{"href":"https:\/\/blogs.donboscovolunteers.de\/franziinindien\/wp-json\/wp\/v2\/media?parent=12"}],"curies":[{"name":"wp","href":"https:\/\/api.w.org\/{rel}","templated":true}]}}