{"id":32,"date":"2017-08-30T17:28:03","date_gmt":"2017-08-30T15:28:03","guid":{"rendered":"https:\/\/blogs.donboscovolunteers.de\/fliegendegina\/?page_id=32"},"modified":"2017-08-30T22:19:39","modified_gmt":"2017-08-30T20:19:39","slug":"organisation","status":"publish","type":"page","link":"https:\/\/blogs.donboscovolunteers.de\/fliegendegina\/organisation\/","title":{"rendered":"Organisation"},"content":{"rendered":"<p><a href=\"https:\/\/www.donbosco.de\"><img loading=\"lazy\" decoding=\"async\" class=\"alignnone wp-image-34 size-thumbnail\" src=\"https:\/\/blogs.donboscovolunteers.de\/fliegendegina\/wp-content\/uploads\/sites\/21510\/2017\/08\/Don-Bosco_2-150x150.png\" alt=\"\" width=\"150\" height=\"150\" srcset=\"https:\/\/blogs.donboscovolunteers.de\/fliegendegina\/wp-content\/uploads\/sites\/21510\/2017\/08\/Don-Bosco_2-150x150.png 150w, https:\/\/blogs.donboscovolunteers.de\/fliegendegina\/wp-content\/uploads\/sites\/21510\/2017\/08\/Don-Bosco_2-88x88.png 88w\" sizes=\"auto, (max-width: 150px) 100vw, 150px\" \/><\/a>Mein Auslandfreiwilligen Dienst mach ich durch die Tr\u00e4gerorganisation <a href=\"https:\/\/www.donboscomission.de\/don-bosco\/\">Don Bosco<\/a> Volunteers, welche in der ganzen Welt aktiv sind. Don Bosco Volunteers geh\u00f6rt zu den vielen Institutionen der <a href=\"https:\/\/www.donboscomission.de\/don-bosco\/erbe\/\">Salesianer Don Boscos<\/a>, einer katholischen Ordensgemeinschaft.<\/p>\n<p>Don Bosco lebte im 19. Jahrhundert in Turin, wo er sich gegen die Mist\u00e4nde die vor allem die Kinder und Jugendlichen betrafen einsetzte:<\/p>\n<p><a href=\"https:\/\/www.youtube.com\/watch?v=iA4gcrQTwwc\"><img loading=\"lazy\" decoding=\"async\" class=\"alignnone wp-image-35 size-medium\" src=\"https:\/\/blogs.donboscovolunteers.de\/fliegendegina\/wp-content\/uploads\/sites\/21510\/2017\/08\/Don-Bosco_3-300x168.jpg\" alt=\"\" width=\"300\" height=\"168\" \/><\/a>&#8222;Von Johannes Bosco ist eine ganze Bewegung ausgegangen. Er versuchte, so viele Menschen wie m\u00f6glich zu gewinnen, um in seinem Geist f\u00fcr bed\u00fcrftige junge Menschen zu wirken. Er selbst gr\u00fcndete dazu die Salesianer Don Boscos (SDB), zusammen mit Maria Mazzarello die Don Bosco Schwestern (FMA) und schlie\u00dflich die salesianischen Mitarbeiterinnen und Mitarbeiter (SMDB).<br \/>\nIm Laufe der Zeit sind noch viele andere Gemeinschaften in seinem Geist entstanden: Ordensgemeinschaften, S\u00e4kularinstitute, Laienvereinigungen usw. Sie alle wissen sich in aller Vielfalt durch seinen Geist geeint.&#8220; (Quelle: http:\/\/www.donbosco.de\/Ueber-uns\/Don-Bosco-Familie )<\/p>\n<p>&nbsp;<\/p>\n<p>Mehr Informationen \u00fcber die Institutionen der Salesianer Don Boscos:<br \/>\nhttp:\/\/www.donbosco.de\/<br \/>\nwww.donboscovolunteers.de\/<\/p>\n<p>Beitragsbildquelle:\u00a0http:\/\/www.katholisch.de\/glaube\/unsere-vorbilder\/lehrer-der-jugend<\/p>\n","protected":false},"excerpt":{"rendered":"<p>Mein Auslandfreiwilligen Dienst mach ich durch die Tr\u00e4gerorganisation <a href=\"https:\/\/www.donboscomission.de\/don-bosco\/\">Don Bosco<\/a> Volunteers, welche in der ganzen Welt aktiv sind. Don Bosco Volunteers geh\u00f6rt zu den vielen Institutionen der <a href=\"https:\/\/www.donboscomission.de\/don-bosco\/erbe\/\">Salesianer Don Boscos<\/a>, einer katholischen Ordensgemeinschaft. Don Bosco lebte im 19. Jahrhundert in Turin, wo er sich gegen die Mist\u00e4nde die vor allem die Kinder und Jugendlichen betrafen [&hellip;]<\/p>\n","protected":false},"author":21562,"featured_media":57,"parent":0,"menu_order":0,"comment_status":"closed","ping_status":"closed","template":"","meta":{"footnotes":""},"class_list":["post-32","page","type-page","status-publish","has-post-thumbnail","hentry"],"yoast_head":"<!-- This site is optimized with the Yoast SEO plugin v25.3.1 - https:\/\/yoast.com\/wordpress\/plugins\/seo\/ -->\n<title>Organisation - FliegendesCham\u00e4leon<\/title>\n<meta name=\"robots\" content=\"index, follow, max-snippet:-1, max-image-preview:large, max-video-preview:-1\" \/>\n<link rel=\"canonical\" href=\"https:\/\/blogs.donboscovolunteers.de\/fliegendegina\/organisation\/\" \/>\n<meta property=\"og:locale\" content=\"de_DE\" \/>\n<meta property=\"og:type\" content=\"article\" \/>\n<meta property=\"og:title\" content=\"Organisation - FliegendesCham\u00e4leon\" \/>\n<meta property=\"og:description\" content=\"Mein Auslandfreiwilligen Dienst mach ich durch die Tr\u00e4gerorganisation Don Bosco Volunteers, welche in der ganzen Welt aktiv sind. Don Bosco Volunteers geh\u00f6rt zu den vielen Institutionen der Salesianer Don Boscos, einer katholischen Ordensgemeinschaft. Don Bosco lebte im 19. Jahrhundert in Turin, wo er sich gegen die Mist\u00e4nde die vor allem die Kinder und Jugendlichen betrafen [&hellip;]\" \/>\n<meta property=\"og:url\" content=\"https:\/\/blogs.donboscovolunteers.de\/fliegendegina\/organisation\/\" \/>\n<meta property=\"og:site_name\" content=\"FliegendesCham\u00e4leon\" \/>\n<meta property=\"article:modified_time\" content=\"2017-08-30T20:19:39+00:00\" \/>\n<meta property=\"og:image\" content=\"https:\/\/blogs.donboscovolunteers.de\/fliegendegina\/wp-content\/uploads\/sites\/21510\/2017\/08\/KNA_196066_Don_Bosco.jpg\" \/>\n\t<meta property=\"og:image:width\" content=\"1280\" \/>\n\t<meta property=\"og:image:height\" content=\"560\" \/>\n\t<meta property=\"og:image:type\" content=\"image\/jpeg\" \/>\n<meta name=\"twitter:card\" content=\"summary_large_image\" \/>\n<meta name=\"twitter:label1\" content=\"Gesch\u00e4tzte Lesezeit\" \/>\n\t<meta name=\"twitter:data1\" content=\"1\u00a0Minute\" \/>\n<script type=\"application\/ld+json\" class=\"yoast-schema-graph\">{\"@context\":\"https:\/\/schema.org\",\"@graph\":[{\"@type\":\"WebPage\",\"@id\":\"https:\/\/blogs.donboscovolunteers.de\/fliegendegina\/organisation\/\",\"url\":\"https:\/\/blogs.donboscovolunteers.de\/fliegendegina\/organisation\/\",\"name\":\"Organisation - FliegendesCham\u00e4leon\",\"isPartOf\":{\"@id\":\"https:\/\/blogs.donboscovolunteers.de\/fliegendegina\/#website\"},\"primaryImageOfPage\":{\"@id\":\"https:\/\/blogs.donboscovolunteers.de\/fliegendegina\/organisation\/#primaryimage\"},\"image\":{\"@id\":\"https:\/\/blogs.donboscovolunteers.de\/fliegendegina\/organisation\/#primaryimage\"},\"thumbnailUrl\":\"https:\/\/blogs.donboscovolunteers.de\/fliegendegina\/wp-content\/uploads\/sites\/21510\/2017\/08\/KNA_196066_Don_Bosco.jpg\",\"datePublished\":\"2017-08-30T15:28:03+00:00\",\"dateModified\":\"2017-08-30T20:19:39+00:00\",\"breadcrumb\":{\"@id\":\"https:\/\/blogs.donboscovolunteers.de\/fliegendegina\/organisation\/#breadcrumb\"},\"inLanguage\":\"de\",\"potentialAction\":[{\"@type\":\"ReadAction\",\"target\":[\"https:\/\/blogs.donboscovolunteers.de\/fliegendegina\/organisation\/\"]}]},{\"@type\":\"ImageObject\",\"inLanguage\":\"de\",\"@id\":\"https:\/\/blogs.donboscovolunteers.de\/fliegendegina\/organisation\/#primaryimage\",\"url\":\"https:\/\/blogs.donboscovolunteers.de\/fliegendegina\/wp-content\/uploads\/sites\/21510\/2017\/08\/KNA_196066_Don_Bosco.jpg\",\"contentUrl\":\"https:\/\/blogs.donboscovolunteers.de\/fliegendegina\/wp-content\/uploads\/sites\/21510\/2017\/08\/KNA_196066_Don_Bosco.jpg\",\"width\":1280,\"height\":560},{\"@type\":\"BreadcrumbList\",\"@id\":\"https:\/\/blogs.donboscovolunteers.de\/fliegendegina\/organisation\/#breadcrumb\",\"itemListElement\":[{\"@type\":\"ListItem\",\"position\":1,\"name\":\"Startseite\",\"item\":\"https:\/\/blogs.donboscovolunteers.de\/fliegendegina\/\"},{\"@type\":\"ListItem\",\"position\":2,\"name\":\"Organisation\"}]},{\"@type\":\"WebSite\",\"@id\":\"https:\/\/blogs.donboscovolunteers.de\/fliegendegina\/#website\",\"url\":\"https:\/\/blogs.donboscovolunteers.de\/fliegendegina\/\",\"name\":\"FliegendesCham\u00e4leon\",\"description\":\"Don Bosco Volunteers Blog\",\"potentialAction\":[{\"@type\":\"SearchAction\",\"target\":{\"@type\":\"EntryPoint\",\"urlTemplate\":\"https:\/\/blogs.donboscovolunteers.de\/fliegendegina\/?s={search_term_string}\"},\"query-input\":{\"@type\":\"PropertyValueSpecification\",\"valueRequired\":true,\"valueName\":\"search_term_string\"}}],\"inLanguage\":\"de\"}]}<\/script>\n<!-- \/ Yoast SEO plugin. -->","yoast_head_json":{"title":"Organisation - FliegendesCham\u00e4leon","robots":{"index":"index","follow":"follow","max-snippet":"max-snippet:-1","max-image-preview":"max-image-preview:large","max-video-preview":"max-video-preview:-1"},"canonical":"https:\/\/blogs.donboscovolunteers.de\/fliegendegina\/organisation\/","og_locale":"de_DE","og_type":"article","og_title":"Organisation - FliegendesCham\u00e4leon","og_description":"Mein Auslandfreiwilligen Dienst mach ich durch die Tr\u00e4gerorganisation Don Bosco Volunteers, welche in der ganzen Welt aktiv sind. Don Bosco Volunteers geh\u00f6rt zu den vielen Institutionen der Salesianer Don Boscos, einer katholischen Ordensgemeinschaft. Don Bosco lebte im 19. Jahrhundert in Turin, wo er sich gegen die Mist\u00e4nde die vor allem die Kinder und Jugendlichen betrafen [&hellip;]","og_url":"https:\/\/blogs.donboscovolunteers.de\/fliegendegina\/organisation\/","og_site_name":"FliegendesCham\u00e4leon","article_modified_time":"2017-08-30T20:19:39+00:00","og_image":[{"width":1280,"height":560,"url":"https:\/\/blogs.donboscovolunteers.de\/fliegendegina\/wp-content\/uploads\/sites\/21510\/2017\/08\/KNA_196066_Don_Bosco.jpg","type":"image\/jpeg"}],"twitter_card":"summary_large_image","twitter_misc":{"Gesch\u00e4tzte Lesezeit":"1\u00a0Minute"},"schema":{"@context":"https:\/\/schema.org","@graph":[{"@type":"WebPage","@id":"https:\/\/blogs.donboscovolunteers.de\/fliegendegina\/organisation\/","url":"https:\/\/blogs.donboscovolunteers.de\/fliegendegina\/organisation\/","name":"Organisation - FliegendesCham\u00e4leon","isPartOf":{"@id":"https:\/\/blogs.donboscovolunteers.de\/fliegendegina\/#website"},"primaryImageOfPage":{"@id":"https:\/\/blogs.donboscovolunteers.de\/fliegendegina\/organisation\/#primaryimage"},"image":{"@id":"https:\/\/blogs.donboscovolunteers.de\/fliegendegina\/organisation\/#primaryimage"},"thumbnailUrl":"https:\/\/blogs.donboscovolunteers.de\/fliegendegina\/wp-content\/uploads\/sites\/21510\/2017\/08\/KNA_196066_Don_Bosco.jpg","datePublished":"2017-08-30T15:28:03+00:00","dateModified":"2017-08-30T20:19:39+00:00","breadcrumb":{"@id":"https:\/\/blogs.donboscovolunteers.de\/fliegendegina\/organisation\/#breadcrumb"},"inLanguage":"de","potentialAction":[{"@type":"ReadAction","target":["https:\/\/blogs.donboscovolunteers.de\/fliegendegina\/organisation\/"]}]},{"@type":"ImageObject","inLanguage":"de","@id":"https:\/\/blogs.donboscovolunteers.de\/fliegendegina\/organisation\/#primaryimage","url":"https:\/\/blogs.donboscovolunteers.de\/fliegendegina\/wp-content\/uploads\/sites\/21510\/2017\/08\/KNA_196066_Don_Bosco.jpg","contentUrl":"https:\/\/blogs.donboscovolunteers.de\/fliegendegina\/wp-content\/uploads\/sites\/21510\/2017\/08\/KNA_196066_Don_Bosco.jpg","width":1280,"height":560},{"@type":"BreadcrumbList","@id":"https:\/\/blogs.donboscovolunteers.de\/fliegendegina\/organisation\/#breadcrumb","itemListElement":[{"@type":"ListItem","position":1,"name":"Startseite","item":"https:\/\/blogs.donboscovolunteers.de\/fliegendegina\/"},{"@type":"ListItem","position":2,"name":"Organisation"}]},{"@type":"WebSite","@id":"https:\/\/blogs.donboscovolunteers.de\/fliegendegina\/#website","url":"https:\/\/blogs.donboscovolunteers.de\/fliegendegina\/","name":"FliegendesCham\u00e4leon","description":"Don Bosco Volunteers Blog","potentialAction":[{"@type":"SearchAction","target":{"@type":"EntryPoint","urlTemplate":"https:\/\/blogs.donboscovolunteers.de\/fliegendegina\/?s={search_term_string}"},"query-input":{"@type":"PropertyValueSpecification","valueRequired":true,"valueName":"search_term_string"}}],"inLanguage":"de"}]}},"_links":{"self":[{"href":"https:\/\/blogs.donboscovolunteers.de\/fliegendegina\/wp-json\/wp\/v2\/pages\/32","targetHints":{"allow":["GET"]}}],"collection":[{"href":"https:\/\/blogs.donboscovolunteers.de\/fliegendegina\/wp-json\/wp\/v2\/pages"}],"about":[{"href":"https:\/\/blogs.donboscovolunteers.de\/fliegendegina\/wp-json\/wp\/v2\/types\/page"}],"author":[{"embeddable":true,"href":"https:\/\/blogs.donboscovolunteers.de\/fliegendegina\/wp-json\/wp\/v2\/users\/21562"}],"replies":[{"embeddable":true,"href":"https:\/\/blogs.donboscovolunteers.de\/fliegendegina\/wp-json\/wp\/v2\/comments?post=32"}],"version-history":[{"count":5,"href":"https:\/\/blogs.donboscovolunteers.de\/fliegendegina\/wp-json\/wp\/v2\/pages\/32\/revisions"}],"predecessor-version":[{"id":59,"href":"https:\/\/blogs.donboscovolunteers.de\/fliegendegina\/wp-json\/wp\/v2\/pages\/32\/revisions\/59"}],"wp:featuredmedia":[{"embeddable":true,"href":"https:\/\/blogs.donboscovolunteers.de\/fliegendegina\/wp-json\/wp\/v2\/media\/57"}],"wp:attachment":[{"href":"https:\/\/blogs.donboscovolunteers.de\/fliegendegina\/wp-json\/wp\/v2\/media?parent=32"}],"curies":[{"name":"wp","href":"https:\/\/api.w.org\/{rel}","templated":true}]}}