{"id":2,"date":"2017-08-10T21:07:50","date_gmt":"2017-08-10T19:07:50","guid":{"rendered":"https:\/\/blogs.donboscovolunteers.de\/fliegendegina\/?page_id=2"},"modified":"2018-02-19T21:57:54","modified_gmt":"2018-02-19T20:57:54","slug":"start","status":"publish","type":"page","link":"https:\/\/blogs.donboscovolunteers.de\/fliegendegina\/start\/","title":{"rendered":"Blogs"},"content":{"rendered":"<blockquote class=\"wp-embedded-content\" data-secret=\"HOexz1eDzB\"><p><a href=\"https:\/\/blogs.donboscovolunteers.de\/fliegendegina\/der-alltag-eines-chamaeleons\/\">Der Alltag eines Cham\u00e4leons<\/a><\/p><\/blockquote>\n<p><iframe loading=\"lazy\" class=\"wp-embedded-content\" sandbox=\"allow-scripts\" security=\"restricted\" style=\"position: absolute; clip: rect(1px, 1px, 1px, 1px);\" title=\"&#8222;Der Alltag eines Cham\u00e4leons&#8220; &#8212; FliegendesCham\u00e4leon\" src=\"https:\/\/blogs.donboscovolunteers.de\/fliegendegina\/der-alltag-eines-chamaeleons\/embed\/#?secret=7TCQaGAa0c#?secret=HOexz1eDzB\" data-secret=\"HOexz1eDzB\" width=\"600\" height=\"338\" frameborder=\"0\" marginwidth=\"0\" marginheight=\"0\" scrolling=\"no\"><\/iframe><\/p>\n<p>&nbsp;<\/p>\n<blockquote class=\"wp-embedded-content\" data-secret=\"HuwTzyDu5l\"><p><a href=\"https:\/\/blogs.donboscovolunteers.de\/fliegendegina\/in-afrika-war-ich-nie-allein\/\">In Afrika war ich nie allein!<\/a><\/p><\/blockquote>\n<p><iframe loading=\"lazy\" class=\"wp-embedded-content\" sandbox=\"allow-scripts\" security=\"restricted\" style=\"position: absolute; clip: rect(1px, 1px, 1px, 1px);\" title=\"&#8222;In Afrika war ich nie allein!&#8220; &#8212; FliegendesCham\u00e4leon\" src=\"https:\/\/blogs.donboscovolunteers.de\/fliegendegina\/in-afrika-war-ich-nie-allein\/embed\/#?secret=Qdeh30ZdW6#?secret=HuwTzyDu5l\" data-secret=\"HuwTzyDu5l\" width=\"600\" height=\"338\" frameborder=\"0\" marginwidth=\"0\" marginheight=\"0\" scrolling=\"no\"><\/iframe><\/p>\n<p>&nbsp;<\/p>\n<p>&nbsp;<\/p>\n<blockquote class=\"wp-embedded-content\" data-secret=\"19bGhOHVWD\"><p><a href=\"https:\/\/blogs.donboscovolunteers.de\/fliegendegina\/fortbildung-ueber-kinderrechte-in-benin\/\">Fortbildung \u00fcber Kinderrechte<\/a><\/p><\/blockquote>\n<p><iframe loading=\"lazy\" class=\"wp-embedded-content\" sandbox=\"allow-scripts\" security=\"restricted\" style=\"position: absolute; clip: rect(1px, 1px, 1px, 1px);\" title=\"&#8222;Fortbildung \u00fcber Kinderrechte&#8220; &#8212; FliegendesCham\u00e4leon\" src=\"https:\/\/blogs.donboscovolunteers.de\/fliegendegina\/fortbildung-ueber-kinderrechte-in-benin\/embed\/#?secret=lCjEUqBo54#?secret=19bGhOHVWD\" data-secret=\"19bGhOHVWD\" width=\"600\" height=\"338\" frameborder=\"0\" marginwidth=\"0\" marginheight=\"0\" scrolling=\"no\"><\/iframe><\/p>\n<p>&nbsp;<\/p>\n<blockquote class=\"wp-embedded-content\" data-secret=\"iw59XYboqr\"><p><a href=\"https:\/\/blogs.donboscovolunteers.de\/fliegendegina\/warum-fliegt-ein-chamaeleon\/\">Warum fliegt ein Cham\u00e4leon?<\/a><\/p><\/blockquote>\n<p><iframe loading=\"lazy\" class=\"wp-embedded-content\" sandbox=\"allow-scripts\" security=\"restricted\" style=\"position: absolute; clip: rect(1px, 1px, 1px, 1px);\" title=\"&#8222;Warum fliegt ein Cham\u00e4leon?&#8220; &#8212; FliegendesCham\u00e4leon\" src=\"https:\/\/blogs.donboscovolunteers.de\/fliegendegina\/warum-fliegt-ein-chamaeleon\/embed\/#?secret=3gH66F8D68#?secret=iw59XYboqr\" data-secret=\"iw59XYboqr\" width=\"600\" height=\"338\" frameborder=\"0\" marginwidth=\"0\" marginheight=\"0\" scrolling=\"no\"><\/iframe><\/p>\n<p>&nbsp;<\/p>\n<blockquote class=\"wp-embedded-content\" data-secret=\"TbgalE4Ohi\"><p><a href=\"https:\/\/blogs.donboscovolunteers.de\/fliegendegina\/chamaeleon-flieg\/\">Cham\u00e4leon flieg!<\/a><\/p><\/blockquote>\n<p><iframe loading=\"lazy\" class=\"wp-embedded-content\" sandbox=\"allow-scripts\" security=\"restricted\" style=\"position: absolute; clip: rect(1px, 1px, 1px, 1px);\" title=\"&#8222;Cham\u00e4leon flieg!&#8220; &#8212; FliegendesCham\u00e4leon\" src=\"https:\/\/blogs.donboscovolunteers.de\/fliegendegina\/chamaeleon-flieg\/embed\/#?secret=rQ70zOqXQX#?secret=TbgalE4Ohi\" data-secret=\"TbgalE4Ohi\" width=\"600\" height=\"338\" frameborder=\"0\" marginwidth=\"0\" marginheight=\"0\" scrolling=\"no\"><\/iframe><\/p>\n","protected":false},"excerpt":{"rendered":"<p>Der Alltag eines Cham\u00e4leons &nbsp; In Afrika war ich nie allein! &nbsp; &nbsp; Fortbildung \u00fcber <a href=\"https:\/\/strassenkinder.de\/laender\/asien\/kinderrechte\/\">Kinderrechte<\/a> &nbsp; Warum fliegt ein Cham\u00e4leon? &nbsp; Cham\u00e4leon flieg!<\/p>\n","protected":false},"author":21562,"featured_media":177,"parent":0,"menu_order":0,"comment_status":"closed","ping_status":"open","template":"","meta":{"footnotes":""},"class_list":["post-2","page","type-page","status-publish","has-post-thumbnail","hentry"],"yoast_head":"<!-- This site is optimized with the Yoast SEO plugin v25.3.1 - https:\/\/yoast.com\/wordpress\/plugins\/seo\/ -->\n<title>Blogs - FliegendesCham\u00e4leon<\/title>\n<meta name=\"robots\" content=\"index, follow, max-snippet:-1, max-image-preview:large, max-video-preview:-1\" \/>\n<link rel=\"canonical\" href=\"https:\/\/blogs.donboscovolunteers.de\/fliegendegina\/start\/\" \/>\n<meta property=\"og:locale\" content=\"de_DE\" \/>\n<meta property=\"og:type\" content=\"article\" \/>\n<meta property=\"og:title\" content=\"Blogs - FliegendesCham\u00e4leon\" \/>\n<meta property=\"og:description\" content=\"Der Alltag eines Cham\u00e4leons &nbsp; In Afrika war ich nie allein! &nbsp; &nbsp; Fortbildung \u00fcber Kinderrechte &nbsp; Warum fliegt ein Cham\u00e4leon? &nbsp; Cham\u00e4leon flieg!\" \/>\n<meta property=\"og:url\" content=\"https:\/\/blogs.donboscovolunteers.de\/fliegendegina\/start\/\" \/>\n<meta property=\"og:site_name\" content=\"FliegendesCham\u00e4leon\" \/>\n<meta property=\"article:modified_time\" content=\"2018-02-19T20:57:54+00:00\" \/>\n<meta property=\"og:image\" content=\"https:\/\/blogs.donboscovolunteers.de\/fliegendegina\/wp-content\/uploads\/sites\/21510\/2017\/08\/DSC06061.jpg\" \/>\n\t<meta property=\"og:image:width\" content=\"1280\" \/>\n\t<meta property=\"og:image:height\" content=\"719\" \/>\n\t<meta property=\"og:image:type\" content=\"image\/jpeg\" \/>\n<meta name=\"twitter:card\" content=\"summary_large_image\" \/>\n<script type=\"application\/ld+json\" class=\"yoast-schema-graph\">{\"@context\":\"https:\/\/schema.org\",\"@graph\":[{\"@type\":\"WebPage\",\"@id\":\"https:\/\/blogs.donboscovolunteers.de\/fliegendegina\/start\/\",\"url\":\"https:\/\/blogs.donboscovolunteers.de\/fliegendegina\/start\/\",\"name\":\"Blogs - FliegendesCham\u00e4leon\",\"isPartOf\":{\"@id\":\"https:\/\/blogs.donboscovolunteers.de\/fliegendegina\/#website\"},\"primaryImageOfPage\":{\"@id\":\"https:\/\/blogs.donboscovolunteers.de\/fliegendegina\/start\/#primaryimage\"},\"image\":{\"@id\":\"https:\/\/blogs.donboscovolunteers.de\/fliegendegina\/start\/#primaryimage\"},\"thumbnailUrl\":\"https:\/\/blogs.donboscovolunteers.de\/fliegendegina\/wp-content\/uploads\/sites\/21510\/2017\/08\/DSC06061.jpg\",\"datePublished\":\"2017-08-10T19:07:50+00:00\",\"dateModified\":\"2018-02-19T20:57:54+00:00\",\"breadcrumb\":{\"@id\":\"https:\/\/blogs.donboscovolunteers.de\/fliegendegina\/start\/#breadcrumb\"},\"inLanguage\":\"de\",\"potentialAction\":[{\"@type\":\"ReadAction\",\"target\":[\"https:\/\/blogs.donboscovolunteers.de\/fliegendegina\/start\/\"]}]},{\"@type\":\"ImageObject\",\"inLanguage\":\"de\",\"@id\":\"https:\/\/blogs.donboscovolunteers.de\/fliegendegina\/start\/#primaryimage\",\"url\":\"https:\/\/blogs.donboscovolunteers.de\/fliegendegina\/wp-content\/uploads\/sites\/21510\/2017\/08\/DSC06061.jpg\",\"contentUrl\":\"https:\/\/blogs.donboscovolunteers.de\/fliegendegina\/wp-content\/uploads\/sites\/21510\/2017\/08\/DSC06061.jpg\",\"width\":1280,\"height\":719},{\"@type\":\"BreadcrumbList\",\"@id\":\"https:\/\/blogs.donboscovolunteers.de\/fliegendegina\/start\/#breadcrumb\",\"itemListElement\":[{\"@type\":\"ListItem\",\"position\":1,\"name\":\"Startseite\",\"item\":\"https:\/\/blogs.donboscovolunteers.de\/fliegendegina\/\"},{\"@type\":\"ListItem\",\"position\":2,\"name\":\"Blogs\"}]},{\"@type\":\"WebSite\",\"@id\":\"https:\/\/blogs.donboscovolunteers.de\/fliegendegina\/#website\",\"url\":\"https:\/\/blogs.donboscovolunteers.de\/fliegendegina\/\",\"name\":\"FliegendesCham\u00e4leon\",\"description\":\"Don Bosco Volunteers Blog\",\"potentialAction\":[{\"@type\":\"SearchAction\",\"target\":{\"@type\":\"EntryPoint\",\"urlTemplate\":\"https:\/\/blogs.donboscovolunteers.de\/fliegendegina\/?s={search_term_string}\"},\"query-input\":{\"@type\":\"PropertyValueSpecification\",\"valueRequired\":true,\"valueName\":\"search_term_string\"}}],\"inLanguage\":\"de\"}]}<\/script>\n<!-- \/ Yoast SEO plugin. -->","yoast_head_json":{"title":"Blogs - FliegendesCham\u00e4leon","robots":{"index":"index","follow":"follow","max-snippet":"max-snippet:-1","max-image-preview":"max-image-preview:large","max-video-preview":"max-video-preview:-1"},"canonical":"https:\/\/blogs.donboscovolunteers.de\/fliegendegina\/start\/","og_locale":"de_DE","og_type":"article","og_title":"Blogs - FliegendesCham\u00e4leon","og_description":"Der Alltag eines Cham\u00e4leons &nbsp; In Afrika war ich nie allein! &nbsp; &nbsp; Fortbildung \u00fcber Kinderrechte &nbsp; Warum fliegt ein Cham\u00e4leon? &nbsp; Cham\u00e4leon flieg!","og_url":"https:\/\/blogs.donboscovolunteers.de\/fliegendegina\/start\/","og_site_name":"FliegendesCham\u00e4leon","article_modified_time":"2018-02-19T20:57:54+00:00","og_image":[{"width":1280,"height":719,"url":"https:\/\/blogs.donboscovolunteers.de\/fliegendegina\/wp-content\/uploads\/sites\/21510\/2017\/08\/DSC06061.jpg","type":"image\/jpeg"}],"twitter_card":"summary_large_image","schema":{"@context":"https:\/\/schema.org","@graph":[{"@type":"WebPage","@id":"https:\/\/blogs.donboscovolunteers.de\/fliegendegina\/start\/","url":"https:\/\/blogs.donboscovolunteers.de\/fliegendegina\/start\/","name":"Blogs - FliegendesCham\u00e4leon","isPartOf":{"@id":"https:\/\/blogs.donboscovolunteers.de\/fliegendegina\/#website"},"primaryImageOfPage":{"@id":"https:\/\/blogs.donboscovolunteers.de\/fliegendegina\/start\/#primaryimage"},"image":{"@id":"https:\/\/blogs.donboscovolunteers.de\/fliegendegina\/start\/#primaryimage"},"thumbnailUrl":"https:\/\/blogs.donboscovolunteers.de\/fliegendegina\/wp-content\/uploads\/sites\/21510\/2017\/08\/DSC06061.jpg","datePublished":"2017-08-10T19:07:50+00:00","dateModified":"2018-02-19T20:57:54+00:00","breadcrumb":{"@id":"https:\/\/blogs.donboscovolunteers.de\/fliegendegina\/start\/#breadcrumb"},"inLanguage":"de","potentialAction":[{"@type":"ReadAction","target":["https:\/\/blogs.donboscovolunteers.de\/fliegendegina\/start\/"]}]},{"@type":"ImageObject","inLanguage":"de","@id":"https:\/\/blogs.donboscovolunteers.de\/fliegendegina\/start\/#primaryimage","url":"https:\/\/blogs.donboscovolunteers.de\/fliegendegina\/wp-content\/uploads\/sites\/21510\/2017\/08\/DSC06061.jpg","contentUrl":"https:\/\/blogs.donboscovolunteers.de\/fliegendegina\/wp-content\/uploads\/sites\/21510\/2017\/08\/DSC06061.jpg","width":1280,"height":719},{"@type":"BreadcrumbList","@id":"https:\/\/blogs.donboscovolunteers.de\/fliegendegina\/start\/#breadcrumb","itemListElement":[{"@type":"ListItem","position":1,"name":"Startseite","item":"https:\/\/blogs.donboscovolunteers.de\/fliegendegina\/"},{"@type":"ListItem","position":2,"name":"Blogs"}]},{"@type":"WebSite","@id":"https:\/\/blogs.donboscovolunteers.de\/fliegendegina\/#website","url":"https:\/\/blogs.donboscovolunteers.de\/fliegendegina\/","name":"FliegendesCham\u00e4leon","description":"Don Bosco Volunteers Blog","potentialAction":[{"@type":"SearchAction","target":{"@type":"EntryPoint","urlTemplate":"https:\/\/blogs.donboscovolunteers.de\/fliegendegina\/?s={search_term_string}"},"query-input":{"@type":"PropertyValueSpecification","valueRequired":true,"valueName":"search_term_string"}}],"inLanguage":"de"}]}},"_links":{"self":[{"href":"https:\/\/blogs.donboscovolunteers.de\/fliegendegina\/wp-json\/wp\/v2\/pages\/2","targetHints":{"allow":["GET"]}}],"collection":[{"href":"https:\/\/blogs.donboscovolunteers.de\/fliegendegina\/wp-json\/wp\/v2\/pages"}],"about":[{"href":"https:\/\/blogs.donboscovolunteers.de\/fliegendegina\/wp-json\/wp\/v2\/types\/page"}],"author":[{"embeddable":true,"href":"https:\/\/blogs.donboscovolunteers.de\/fliegendegina\/wp-json\/wp\/v2\/users\/21562"}],"replies":[{"embeddable":true,"href":"https:\/\/blogs.donboscovolunteers.de\/fliegendegina\/wp-json\/wp\/v2\/comments?post=2"}],"version-history":[{"count":11,"href":"https:\/\/blogs.donboscovolunteers.de\/fliegendegina\/wp-json\/wp\/v2\/pages\/2\/revisions"}],"predecessor-version":[{"id":233,"href":"https:\/\/blogs.donboscovolunteers.de\/fliegendegina\/wp-json\/wp\/v2\/pages\/2\/revisions\/233"}],"wp:featuredmedia":[{"embeddable":true,"href":"https:\/\/blogs.donboscovolunteers.de\/fliegendegina\/wp-json\/wp\/v2\/media\/177"}],"wp:attachment":[{"href":"https:\/\/blogs.donboscovolunteers.de\/fliegendegina\/wp-json\/wp\/v2\/media?parent=2"}],"curies":[{"name":"wp","href":"https:\/\/api.w.org\/{rel}","templated":true}]}}