{"id":134,"date":"2017-10-07T17:28:16","date_gmt":"2017-10-07T15:28:16","guid":{"rendered":"https:\/\/blogs.donboscovolunteers.de\/fliegendegina\/?page_id=134"},"modified":"2017-10-07T22:02:46","modified_gmt":"2017-10-07T20:02:46","slug":"projekt","status":"publish","type":"page","link":"https:\/\/blogs.donboscovolunteers.de\/fliegendegina\/projekt\/","title":{"rendered":"Projekt"},"content":{"rendered":"<p style=\"text-align: center\">\u201eNon \u00e1 la violence sexuelle contre les filles et les femmes!\u201c<\/p>\n<p style=\"text-align: center\">-\u201eNein zu (sexueller) Gewalt an Frauen und M\u00e4dchen\u201c.<\/p>\n<p>Das ist das Motto der Einrichtung, dass f\u00fcr alle Projekte der\u00a0<a href=\"https:\/\/www.donboscomission.de\/don-bosco\/\">Don Bosco<\/a>Schwestern gilt. Die von den Schwestern dazu aufgebauten Pojekte werde ich auf dieser Seite erkl\u00e4ren:<\/p>\n<p>&nbsp;<\/p>\n<ul>\n<li>Dirket auf dem Gel\u00e4nde der Schwestern ist das\u00a0<strong>M\u00e4dchenheim Laura Vicuna<\/strong>:Hier leben M\u00e4dchen, die aus unterschiedlichen Gr\u00fcnden keine Familie mehr haben oder nicht mehr zu diesen zur\u00fcck k\u00f6nnen. Sie wurden teilweise zuhause misshandelt oder verkauft teilweise ist auch ihre Herkunft unklar. Das Ziel der Schwestern ist die M\u00e4dchen wieder zur\u00fcck zu ihren Familien zu bringen, deshalb gibt es das kleine Foyer in dem die M\u00e4dchen \u00fcbergangsweise leben. F\u00fcr die M\u00e4dchen f\u00fcr die eine R\u00fcckkehr nicht mehr m\u00f6glich ist gibt es das gro\u00dfe Foyer, sie k\u00f6nne also im M\u00e4dchenheim bleiben. Die M\u00e4dchen aus dem Foyer gehen zur Schule und bekommen durch die Einrichtung der Schwestern die M\u00f6glichkeit ein Daheim zu haben in dem man Kind sein kann.<\/li>\n<\/ul>\n<p><strong><img loading=\"lazy\" decoding=\"async\" class=\"alignnone size-medium wp-image-46 aligncenter\" src=\"https:\/\/blogs.donboscovolunteers.de\/marieluisescheckenbach\/wp-content\/uploads\/sites\/21512\/2017\/09\/DSC07777-300x225.jpg\" alt=\"\" width=\"300\" height=\"225\" \/><\/strong><\/p>\n<p>&nbsp;<\/p>\n<ul>\n<li>Au\u00dferdem auf dem Gel\u00e4nde befindet sich die\u00a0<strong>weiterf\u00fchrende Schule Laura Vicuna<\/strong>.<strong><img loading=\"lazy\" decoding=\"async\" class=\"size-medium wp-image-47 aligncenter\" src=\"https:\/\/blogs.donboscovolunteers.de\/marieluisescheckenbach\/wp-content\/uploads\/sites\/21512\/2017\/09\/DSC07776-300x225.jpg\" alt=\"\" width=\"300\" height=\"225\" \/><\/strong><\/li>\n<\/ul>\n<p>&nbsp;<\/p>\n<ul>\n<li><strong>Maison de l\u2019Esp\u00e9rance:\u00a0<\/strong>Das Maison de l\u2019Esp\u00e9rance hei\u00dft \u00fcbersetzt Haus der Hoffnung. Das ist ein Ausbildungszentrum in dem Jugendliche eine 6-monatige Ausbildung mit anschlie\u00dfendem 3-monatigen Praktikum machen. Es gibt vier verschiedene Ausbildungsbereiche: Konditorei, B\u00e4ckerei, K\u00fcche und Seifenherstellung. Es gibt au\u00dferdem das Angebot von Alphabetisierungskursen, da die Jugendlichen unterschiedliche Bildungsniveaus haben.<\/li>\n<\/ul>\n<div id=\"attachment_143\" style=\"width: 310px\" class=\"wp-caption alignnone\"><img loading=\"lazy\" decoding=\"async\" aria-describedby=\"caption-attachment-143\" class=\"size-medium wp-image-143\" src=\"https:\/\/blogs.donboscovolunteers.de\/fliegendegina\/wp-content\/uploads\/sites\/21510\/2017\/09\/20170925_160726-300x225.jpg\" alt=\"\" width=\"300\" height=\"225\" srcset=\"https:\/\/blogs.donboscovolunteers.de\/fliegendegina\/wp-content\/uploads\/sites\/21510\/2017\/09\/20170925_160726-300x225.jpg 300w, https:\/\/blogs.donboscovolunteers.de\/fliegendegina\/wp-content\/uploads\/sites\/21510\/2017\/09\/20170925_160726-768x576.jpg 768w, https:\/\/blogs.donboscovolunteers.de\/fliegendegina\/wp-content\/uploads\/sites\/21510\/2017\/09\/20170925_160726-1024x768.jpg 1024w, https:\/\/blogs.donboscovolunteers.de\/fliegendegina\/wp-content\/uploads\/sites\/21510\/2017\/09\/20170925_160726-900x675.jpg 900w, https:\/\/blogs.donboscovolunteers.de\/fliegendegina\/wp-content\/uploads\/sites\/21510\/2017\/09\/20170925_160726.jpg 1280w\" sizes=\"auto, (max-width: 300px) 100vw, 300px\" \/><p id=\"caption-attachment-143\" class=\"wp-caption-text\">Das Maison de l&#8217;Esperance (Ausbildungzentrum) und das Maison du Soleil (Babys)<\/p><\/div>\n<p>&nbsp;<\/p>\n<ul>\n<li><strong>Maison du Soleil:\u00a0<\/strong>Direkt im Nachbargeb\u00e4ude befindet sich das Maison du Soleil. \u201eDas Haus der Sonne\u201c ist ein Heim f\u00fcr minderj\u00e4hrige M\u00fctter im Alter von 14-18 Jahren und ihren Kindern. Die M\u00e4dchen sind meist Opfer von h\u00e4uslicher und sexueller Gewalt und sind h\u00e4ufig auf Grund ihrer Schwangerschaft von ihren Familien versto\u00dfen worden. Die jungen M\u00fctter machen eine Ausbildung im Maison de l\u2019Esp\u00e9rance w\u00e4hrenddessen wird auf ihre Kinder aufgepasst. Zus\u00e4tzlich wird ihnen bei der Erziehung der Kinder geholfen.<\/li>\n<\/ul>\n<p><strong>Meine Arbeitsstellen:<\/strong><\/p>\n<ul>\n<li><strong>Espace Eveils:\u00a0<\/strong>In verschiedenen \u00e4rmeren Stadtteilen von Cotonou gibt es f\u00fcnf \u00a0\u201eEspace Eveils\u201c, also Vorschulen. Die Kinder werden durch das Erlernen von Liedern, Formen, Farben und den ersten franz\u00f6sischen Worten auf die Schule vorbereitet. Die Kinder dort sind im Alter von 3-5 Jahren.\n<ul>\n<li>Ich arbeite im Espace Eveils Dijdj\u00e9, welches sehr nah am Markt liegt. Jeden Morgen ab 7:30 kommen so langsam die Kinder an, bis die &#8222;gro\u00dfe Gruppe&#8220; so um circa 8 Uhr vollst\u00e4ndig ist. In der gro\u00dfen Gruppe sind M\u00e4dels und Jungs von 5 Jahren und wir bringen ihnen franz\u00f6sische W\u00f6rter bei, singen, tanzen und lernen Farben. Wir bereiten sie also auf die Schule vor&#8230;und hoffen, dass sie dort auch in einen Jahr hingehen k\u00f6nnen. Denn nicht jeder von ihnen hat eine Geburtsurkunde und ohne Geburtsurkunde kann man ein Kind nicht einschulen. Viele der Kinder haben so eine nicht, da die Eltern dachten es w\u00e4re nicht wichtig oder es war zu teuer. Durch Spenden hoffen wir, dass wir einigen Kindern solch eine Geburtsurkunde ausstellen lassen k\u00f6nnen, damit es nicht das erste, einzige und letzte Jahr ihrer schulischen Bildung ist. Ab 10 Uhr bis 12 Uhr ist die &#8222;kleine Gruppe&#8220; da, welche zwischen 3-4 alt sind.Das Ziel ist hier nat\u00fcrlich auch ihnen ein bisschen franz\u00f6sisch bei zu bringen. Das eigentliche Ziel ist es aber ihnen ein paar sch\u00f6ne Stunden am Tag zu geben, wo sie nicht im Dreck spielen oder den ganzen Tag mit ihren M\u00fcttern auf dem Markt oder in der K\u00fcche verbringen. Hier in der Vorschule k\u00f6nnen sie einfach spielen, tanzen, Spa\u00df haben und aus ihrem sonstigen Umfeld f\u00fcr zwei Stunden raus k\u00f6nnen.<\/li>\n<\/ul>\n<\/li>\n<\/ul>\n<ul>\n<li><strong>Baraque SOS:\u00a0\u00a0\u00a0<\/strong>Die Baracke SOS befindet sich direkt auf dem Markt hier in Cotonou, dem gr\u00f6\u00dften Markt Westafrikas. Die Baracke SOS ist f\u00fcr die M\u00e4dchen da, die auf dem Markt arbeiten sie sind meist zwischen 9-19 Jahre alt. Sie kommen zur Baracke um sich auszuruhen, um zu tanzen, um\u00a0 zu spielen, um zu schlafen, um zu basteln, zu malen und um zu rechnen und schreiben. Ich setzte mich manchmal einfach mit ein paar kleinen Tafeln hin und dann kommen so 3-5 M\u00e4dchen zu mir, die gerade Lust haben etwas zu lernen. Einer 15-J\u00e4hrigen bringe ich dann bei wie man die Zahl 5 schreibt einer anderen zeige ich wie man einen Vogel malt \ud83d\ude09<strong><img loading=\"lazy\" decoding=\"async\" class=\"size-medium wp-image-45 aligncenter\" src=\"https:\/\/blogs.donboscovolunteers.de\/marieluisescheckenbach\/wp-content\/uploads\/sites\/21512\/2017\/09\/DSC07791-300x225.jpg\" alt=\"\" width=\"300\" height=\"225\" \/><\/strong><\/li>\n<\/ul>\n","protected":false},"excerpt":{"rendered":"<p>\u201eNon \u00e1 la violence sexuelle contre les filles et les femmes!\u201c -\u201eNein zu (sexueller) Gewalt an Frauen und M\u00e4dchen\u201c. Das ist das Motto der Einrichtung, dass f\u00fcr alle Projekte der\u00a0Don BoscoSchwestern gilt. Die von den Schwestern dazu aufgebauten Pojekte werde ich auf dieser Seite erkl\u00e4ren: &nbsp; Dirket auf dem Gel\u00e4nde der Schwestern ist das\u00a0M\u00e4dchenheim Laura [&hellip;]<\/p>\n","protected":false},"author":21562,"featured_media":0,"parent":0,"menu_order":0,"comment_status":"closed","ping_status":"closed","template":"","meta":{"footnotes":""},"class_list":["post-134","page","type-page","status-publish","hentry"],"yoast_head":"<!-- This site is optimized with the Yoast SEO plugin v25.3.1 - https:\/\/yoast.com\/wordpress\/plugins\/seo\/ -->\n<title>Projekt - FliegendesCham\u00e4leon<\/title>\n<meta name=\"robots\" content=\"index, follow, max-snippet:-1, max-image-preview:large, max-video-preview:-1\" \/>\n<link rel=\"canonical\" href=\"https:\/\/blogs.donboscovolunteers.de\/fliegendegina\/projekt\/\" \/>\n<meta property=\"og:locale\" content=\"de_DE\" \/>\n<meta property=\"og:type\" content=\"article\" \/>\n<meta property=\"og:title\" content=\"Projekt - FliegendesCham\u00e4leon\" \/>\n<meta property=\"og:description\" content=\"\u201eNon \u00e1 la violence sexuelle contre les filles et les femmes!\u201c -\u201eNein zu (sexueller) Gewalt an Frauen und M\u00e4dchen\u201c. Das ist das Motto der Einrichtung, dass f\u00fcr alle Projekte der\u00a0Don BoscoSchwestern gilt. Die von den Schwestern dazu aufgebauten Pojekte werde ich auf dieser Seite erkl\u00e4ren: &nbsp; Dirket auf dem Gel\u00e4nde der Schwestern ist das\u00a0M\u00e4dchenheim Laura [&hellip;]\" \/>\n<meta property=\"og:url\" content=\"https:\/\/blogs.donboscovolunteers.de\/fliegendegina\/projekt\/\" \/>\n<meta property=\"og:site_name\" content=\"FliegendesCham\u00e4leon\" \/>\n<meta property=\"article:modified_time\" content=\"2017-10-07T20:02:46+00:00\" \/>\n<meta property=\"og:image\" content=\"https:\/\/blogs.donboscovolunteers.de\/marieluisescheckenbach\/wp-content\/uploads\/sites\/21512\/2017\/09\/DSC07777-300x225.jpg\" \/>\n<meta name=\"twitter:card\" content=\"summary_large_image\" \/>\n<meta name=\"twitter:label1\" content=\"Gesch\u00e4tzte Lesezeit\" \/>\n\t<meta name=\"twitter:data1\" content=\"4\u00a0Minuten\" \/>\n<script type=\"application\/ld+json\" class=\"yoast-schema-graph\">{\"@context\":\"https:\/\/schema.org\",\"@graph\":[{\"@type\":\"WebPage\",\"@id\":\"https:\/\/blogs.donboscovolunteers.de\/fliegendegina\/projekt\/\",\"url\":\"https:\/\/blogs.donboscovolunteers.de\/fliegendegina\/projekt\/\",\"name\":\"Projekt - FliegendesCham\u00e4leon\",\"isPartOf\":{\"@id\":\"https:\/\/blogs.donboscovolunteers.de\/fliegendegina\/#website\"},\"primaryImageOfPage\":{\"@id\":\"https:\/\/blogs.donboscovolunteers.de\/fliegendegina\/projekt\/#primaryimage\"},\"image\":{\"@id\":\"https:\/\/blogs.donboscovolunteers.de\/fliegendegina\/projekt\/#primaryimage\"},\"thumbnailUrl\":\"https:\/\/blogs.donboscovolunteers.de\/marieluisescheckenbach\/wp-content\/uploads\/sites\/21512\/2017\/09\/DSC07777-300x225.jpg\",\"datePublished\":\"2017-10-07T15:28:16+00:00\",\"dateModified\":\"2017-10-07T20:02:46+00:00\",\"breadcrumb\":{\"@id\":\"https:\/\/blogs.donboscovolunteers.de\/fliegendegina\/projekt\/#breadcrumb\"},\"inLanguage\":\"de\",\"potentialAction\":[{\"@type\":\"ReadAction\",\"target\":[\"https:\/\/blogs.donboscovolunteers.de\/fliegendegina\/projekt\/\"]}]},{\"@type\":\"ImageObject\",\"inLanguage\":\"de\",\"@id\":\"https:\/\/blogs.donboscovolunteers.de\/fliegendegina\/projekt\/#primaryimage\",\"url\":\"https:\/\/blogs.donboscovolunteers.de\/marieluisescheckenbach\/wp-content\/uploads\/sites\/21512\/2017\/09\/DSC07777-300x225.jpg\",\"contentUrl\":\"https:\/\/blogs.donboscovolunteers.de\/marieluisescheckenbach\/wp-content\/uploads\/sites\/21512\/2017\/09\/DSC07777-300x225.jpg\"},{\"@type\":\"BreadcrumbList\",\"@id\":\"https:\/\/blogs.donboscovolunteers.de\/fliegendegina\/projekt\/#breadcrumb\",\"itemListElement\":[{\"@type\":\"ListItem\",\"position\":1,\"name\":\"Startseite\",\"item\":\"https:\/\/blogs.donboscovolunteers.de\/fliegendegina\/\"},{\"@type\":\"ListItem\",\"position\":2,\"name\":\"Projekt\"}]},{\"@type\":\"WebSite\",\"@id\":\"https:\/\/blogs.donboscovolunteers.de\/fliegendegina\/#website\",\"url\":\"https:\/\/blogs.donboscovolunteers.de\/fliegendegina\/\",\"name\":\"FliegendesCham\u00e4leon\",\"description\":\"Don Bosco Volunteers Blog\",\"potentialAction\":[{\"@type\":\"SearchAction\",\"target\":{\"@type\":\"EntryPoint\",\"urlTemplate\":\"https:\/\/blogs.donboscovolunteers.de\/fliegendegina\/?s={search_term_string}\"},\"query-input\":{\"@type\":\"PropertyValueSpecification\",\"valueRequired\":true,\"valueName\":\"search_term_string\"}}],\"inLanguage\":\"de\"}]}<\/script>\n<!-- \/ Yoast SEO plugin. -->","yoast_head_json":{"title":"Projekt - FliegendesCham\u00e4leon","robots":{"index":"index","follow":"follow","max-snippet":"max-snippet:-1","max-image-preview":"max-image-preview:large","max-video-preview":"max-video-preview:-1"},"canonical":"https:\/\/blogs.donboscovolunteers.de\/fliegendegina\/projekt\/","og_locale":"de_DE","og_type":"article","og_title":"Projekt - FliegendesCham\u00e4leon","og_description":"\u201eNon \u00e1 la violence sexuelle contre les filles et les femmes!\u201c -\u201eNein zu (sexueller) Gewalt an Frauen und M\u00e4dchen\u201c. Das ist das Motto der Einrichtung, dass f\u00fcr alle Projekte der\u00a0Don BoscoSchwestern gilt. Die von den Schwestern dazu aufgebauten Pojekte werde ich auf dieser Seite erkl\u00e4ren: &nbsp; Dirket auf dem Gel\u00e4nde der Schwestern ist das\u00a0M\u00e4dchenheim Laura [&hellip;]","og_url":"https:\/\/blogs.donboscovolunteers.de\/fliegendegina\/projekt\/","og_site_name":"FliegendesCham\u00e4leon","article_modified_time":"2017-10-07T20:02:46+00:00","og_image":[{"url":"https:\/\/blogs.donboscovolunteers.de\/marieluisescheckenbach\/wp-content\/uploads\/sites\/21512\/2017\/09\/DSC07777-300x225.jpg","type":"","width":"","height":""}],"twitter_card":"summary_large_image","twitter_misc":{"Gesch\u00e4tzte Lesezeit":"4\u00a0Minuten"},"schema":{"@context":"https:\/\/schema.org","@graph":[{"@type":"WebPage","@id":"https:\/\/blogs.donboscovolunteers.de\/fliegendegina\/projekt\/","url":"https:\/\/blogs.donboscovolunteers.de\/fliegendegina\/projekt\/","name":"Projekt - FliegendesCham\u00e4leon","isPartOf":{"@id":"https:\/\/blogs.donboscovolunteers.de\/fliegendegina\/#website"},"primaryImageOfPage":{"@id":"https:\/\/blogs.donboscovolunteers.de\/fliegendegina\/projekt\/#primaryimage"},"image":{"@id":"https:\/\/blogs.donboscovolunteers.de\/fliegendegina\/projekt\/#primaryimage"},"thumbnailUrl":"https:\/\/blogs.donboscovolunteers.de\/marieluisescheckenbach\/wp-content\/uploads\/sites\/21512\/2017\/09\/DSC07777-300x225.jpg","datePublished":"2017-10-07T15:28:16+00:00","dateModified":"2017-10-07T20:02:46+00:00","breadcrumb":{"@id":"https:\/\/blogs.donboscovolunteers.de\/fliegendegina\/projekt\/#breadcrumb"},"inLanguage":"de","potentialAction":[{"@type":"ReadAction","target":["https:\/\/blogs.donboscovolunteers.de\/fliegendegina\/projekt\/"]}]},{"@type":"ImageObject","inLanguage":"de","@id":"https:\/\/blogs.donboscovolunteers.de\/fliegendegina\/projekt\/#primaryimage","url":"https:\/\/blogs.donboscovolunteers.de\/marieluisescheckenbach\/wp-content\/uploads\/sites\/21512\/2017\/09\/DSC07777-300x225.jpg","contentUrl":"https:\/\/blogs.donboscovolunteers.de\/marieluisescheckenbach\/wp-content\/uploads\/sites\/21512\/2017\/09\/DSC07777-300x225.jpg"},{"@type":"BreadcrumbList","@id":"https:\/\/blogs.donboscovolunteers.de\/fliegendegina\/projekt\/#breadcrumb","itemListElement":[{"@type":"ListItem","position":1,"name":"Startseite","item":"https:\/\/blogs.donboscovolunteers.de\/fliegendegina\/"},{"@type":"ListItem","position":2,"name":"Projekt"}]},{"@type":"WebSite","@id":"https:\/\/blogs.donboscovolunteers.de\/fliegendegina\/#website","url":"https:\/\/blogs.donboscovolunteers.de\/fliegendegina\/","name":"FliegendesCham\u00e4leon","description":"Don Bosco Volunteers Blog","potentialAction":[{"@type":"SearchAction","target":{"@type":"EntryPoint","urlTemplate":"https:\/\/blogs.donboscovolunteers.de\/fliegendegina\/?s={search_term_string}"},"query-input":{"@type":"PropertyValueSpecification","valueRequired":true,"valueName":"search_term_string"}}],"inLanguage":"de"}]}},"_links":{"self":[{"href":"https:\/\/blogs.donboscovolunteers.de\/fliegendegina\/wp-json\/wp\/v2\/pages\/134","targetHints":{"allow":["GET"]}}],"collection":[{"href":"https:\/\/blogs.donboscovolunteers.de\/fliegendegina\/wp-json\/wp\/v2\/pages"}],"about":[{"href":"https:\/\/blogs.donboscovolunteers.de\/fliegendegina\/wp-json\/wp\/v2\/types\/page"}],"author":[{"embeddable":true,"href":"https:\/\/blogs.donboscovolunteers.de\/fliegendegina\/wp-json\/wp\/v2\/users\/21562"}],"replies":[{"embeddable":true,"href":"https:\/\/blogs.donboscovolunteers.de\/fliegendegina\/wp-json\/wp\/v2\/comments?post=134"}],"version-history":[{"count":2,"href":"https:\/\/blogs.donboscovolunteers.de\/fliegendegina\/wp-json\/wp\/v2\/pages\/134\/revisions"}],"predecessor-version":[{"id":188,"href":"https:\/\/blogs.donboscovolunteers.de\/fliegendegina\/wp-json\/wp\/v2\/pages\/134\/revisions\/188"}],"wp:attachment":[{"href":"https:\/\/blogs.donboscovolunteers.de\/fliegendegina\/wp-json\/wp\/v2\/media?parent=134"}],"curies":[{"name":"wp","href":"https:\/\/api.w.org\/{rel}","templated":true}]}}