{"id":7,"date":"2019-09-04T18:01:21","date_gmt":"2019-09-04T16:01:21","guid":{"rendered":"https:\/\/blogs.donboscovolunteers.de\/emmasblog\/?page_id=7"},"modified":"2019-09-15T08:50:07","modified_gmt":"2019-09-15T06:50:07","slug":"ich-ueber-mich","status":"publish","type":"page","link":"https:\/\/blogs.donboscovolunteers.de\/emmasblog\/ich-ueber-mich\/","title":{"rendered":"Ich \u00fcber mich"},"content":{"rendered":"<p>Hallo!<\/p>\n\n\n\n<p>Ich hei\u00dfe Emma. Ich bin 18 Jahre alt und komme aus Aerzen. Das ist ein Dorf in der N\u00e4he der Rattenf\u00e4ngerstadt Hameln in Niedersachsen.<br>Ich habe drei j\u00fcngere Schwestern und wir haben einen Hund. <br>Zu meinen gro\u00dfen Leidenschaften z\u00e4hlt das Reiten. Ich kann ich stundenlang \u00fcber Pferde unterhalten. Dar\u00fcber hinaus fahre ich gerne Mountainbike und ich spiele Cello. In der Kirche war ich Messdienerin und habe bei Sternsingeraktionen und dem Krippenspiel mitgemacht. <br>Einmal in der Woche habe ich Kinderturnen geleitet. <\/p>\n\n\n\n<figure class=\"wp-block-image is-resized\"><img loading=\"lazy\" decoding=\"async\" src=\"https:\/\/blogs.donboscovolunteers.de\/emmasblog\/wp-content\/uploads\/sites\/21605\/2019\/09\/IMG-20190814-WA00171-1024x768.jpg\" alt=\"\" class=\"wp-image-9\" width=\"318\" height=\"239\" srcset=\"https:\/\/blogs.donboscovolunteers.de\/emmasblog\/wp-content\/uploads\/sites\/21605\/2019\/09\/IMG-20190814-WA00171-1024x768.jpg 1024w, https:\/\/blogs.donboscovolunteers.de\/emmasblog\/wp-content\/uploads\/sites\/21605\/2019\/09\/IMG-20190814-WA00171-300x225.jpg 300w, https:\/\/blogs.donboscovolunteers.de\/emmasblog\/wp-content\/uploads\/sites\/21605\/2019\/09\/IMG-20190814-WA00171-768x576.jpg 768w, https:\/\/blogs.donboscovolunteers.de\/emmasblog\/wp-content\/uploads\/sites\/21605\/2019\/09\/IMG-20190814-WA00171-900x675.jpg 900w, https:\/\/blogs.donboscovolunteers.de\/emmasblog\/wp-content\/uploads\/sites\/21605\/2019\/09\/IMG-20190814-WA00171.jpg 1280w\" sizes=\"auto, (max-width: 318px) 100vw, 318px\" \/><figcaption>Meine wunderbare Familie<\/figcaption><\/figure>\n\n\n\n<figure class=\"wp-block-image is-resized\"><img loading=\"lazy\" decoding=\"async\" src=\"https:\/\/blogs.donboscovolunteers.de\/emmasblog\/wp-content\/uploads\/sites\/21605\/2019\/09\/IMG-20190315-WA00551-682x1024.jpg\" alt=\"\" class=\"wp-image-8\" width=\"212\" height=\"318\" srcset=\"https:\/\/blogs.donboscovolunteers.de\/emmasblog\/wp-content\/uploads\/sites\/21605\/2019\/09\/IMG-20190315-WA00551-682x1024.jpg 682w, https:\/\/blogs.donboscovolunteers.de\/emmasblog\/wp-content\/uploads\/sites\/21605\/2019\/09\/IMG-20190315-WA00551-200x300.jpg 200w, https:\/\/blogs.donboscovolunteers.de\/emmasblog\/wp-content\/uploads\/sites\/21605\/2019\/09\/IMG-20190315-WA00551-768x1152.jpg 768w, https:\/\/blogs.donboscovolunteers.de\/emmasblog\/wp-content\/uploads\/sites\/21605\/2019\/09\/IMG-20190315-WA00551.jpg 853w\" sizes=\"auto, (max-width: 212px) 100vw, 212px\" \/><figcaption>Mein Herzenspferdchen <\/figcaption><\/figure>\n\n\n\n<p>Seit dem 03. September 2019 bin ich nun Ruanda, genauer gesagt in Butare-Rango und mache hier meinen Auslandsfreiwilligendienst. Die Stadt in der ich das n\u00e4chste Jahr leben werde, liegt im S\u00fcden des sehr kleinen Landes Ruanda. Kleiner Fun Fact am Rande: Ruanda ist fl\u00e4chenm\u00e4\u00dfig nicht mal so gro\u00df wie das Bundesland Brandenburg! <br>Aber zur\u00fcck zu Butare: In der Stadt sitzt die Nationaluniversit\u00e4t mit mehreren Fakult\u00e4ten. Somit leben dort viele junge Menschen. Dar\u00fcber hinaus findet man in dieser Stadt auch das Nationalmuseum mit Ausstellungsst\u00fccken aus der vorkolonialen Zeit mit nachgebauten H\u00fctten. <\/p>\n\n\n\n<p>Vorher bin ich zur Schule gegangen und habe mein Abitur gemacht. Mal schauen, wohin mich der Weg f\u00fchrt, aber ich denke, ich werde nach meine R\u00fcckkehr studieren gehen, wahrscheinlich Grundschullehramt.<\/p>\n\n\n\n<p>Ich freue mich sehr, dass ihr meinen Blog lest! <br>Ich versuche ein Mal im Monat einen Beitrag hochzuladen. Wir werden sehen, ob und wie gut das klappt, aber ich bem\u00fche mich.<br>\u00dcber Kommentare freue ich mich immer sehr. : )<\/p>\n\n\n\n<p>Liebe Gr\u00fc\u00dfe Emma <\/p>\n\n\n\n<p><\/p>\n\n\n\n<p><\/p>","protected":false},"excerpt":{"rendered":"<p>Hallo! Ich hei\u00dfe Emma. Ich bin 18 Jahre alt und komme aus Aerzen. Das ist ein Dorf in der N\u00e4he der Rattenf\u00e4ngerstadt Hameln in Niedersachsen.Ich habe drei j\u00fcngere Schwestern und wir haben einen Hund. Zu meinen gro\u00dfen Leidenschaften z\u00e4hlt das Reiten. Ich kann ich stundenlang \u00fcber Pferde unterhalten. Dar\u00fcber hinaus fahre ich gerne Mountainbike und [&hellip;]<\/p>\n","protected":false},"author":21666,"featured_media":0,"parent":0,"menu_order":0,"comment_status":"closed","ping_status":"closed","template":"","meta":{"footnotes":""},"class_list":["post-7","page","type-page","status-publish","hentry"],"yoast_head":"<!-- This site is optimized with the Yoast SEO plugin v25.3.1 - https:\/\/yoast.com\/wordpress\/plugins\/seo\/ -->\n<title>Ich \u00fcber mich - emma in ruanda<\/title>\n<meta name=\"robots\" content=\"index, follow, max-snippet:-1, max-image-preview:large, max-video-preview:-1\" \/>\n<link rel=\"canonical\" href=\"https:\/\/blogs.donboscovolunteers.de\/emmasblog\/ich-ueber-mich\/\" \/>\n<meta property=\"og:locale\" content=\"de_DE\" \/>\n<meta property=\"og:type\" content=\"article\" \/>\n<meta property=\"og:title\" content=\"Ich \u00fcber mich - emma in ruanda\" \/>\n<meta property=\"og:description\" content=\"Hallo! Ich hei\u00dfe Emma. Ich bin 18 Jahre alt und komme aus Aerzen. Das ist ein Dorf in der N\u00e4he der Rattenf\u00e4ngerstadt Hameln in Niedersachsen.Ich habe drei j\u00fcngere Schwestern und wir haben einen Hund. Zu meinen gro\u00dfen Leidenschaften z\u00e4hlt das Reiten. Ich kann ich stundenlang \u00fcber Pferde unterhalten. Dar\u00fcber hinaus fahre ich gerne Mountainbike und [&hellip;]\" \/>\n<meta property=\"og:url\" content=\"https:\/\/blogs.donboscovolunteers.de\/emmasblog\/ich-ueber-mich\/\" \/>\n<meta property=\"og:site_name\" content=\"emma in ruanda\" \/>\n<meta property=\"article:modified_time\" content=\"2019-09-15T06:50:07+00:00\" \/>\n<meta property=\"og:image\" content=\"https:\/\/blogs.donboscovolunteers.de\/emmasblog\/wp-content\/uploads\/sites\/21605\/2019\/09\/IMG-20190814-WA00171-1024x768.jpg\" \/>\n<meta name=\"twitter:card\" content=\"summary_large_image\" \/>\n<meta name=\"twitter:label1\" content=\"Gesch\u00e4tzte Lesezeit\" \/>\n\t<meta name=\"twitter:data1\" content=\"1\u00a0Minute\" \/>\n<script type=\"application\/ld+json\" class=\"yoast-schema-graph\">{\"@context\":\"https:\/\/schema.org\",\"@graph\":[{\"@type\":\"WebPage\",\"@id\":\"https:\/\/blogs.donboscovolunteers.de\/emmasblog\/ich-ueber-mich\/\",\"url\":\"https:\/\/blogs.donboscovolunteers.de\/emmasblog\/ich-ueber-mich\/\",\"name\":\"Ich \u00fcber mich - emma in ruanda\",\"isPartOf\":{\"@id\":\"https:\/\/blogs.donboscovolunteers.de\/emmasblog\/#website\"},\"primaryImageOfPage\":{\"@id\":\"https:\/\/blogs.donboscovolunteers.de\/emmasblog\/ich-ueber-mich\/#primaryimage\"},\"image\":{\"@id\":\"https:\/\/blogs.donboscovolunteers.de\/emmasblog\/ich-ueber-mich\/#primaryimage\"},\"thumbnailUrl\":\"https:\/\/blogs.donboscovolunteers.de\/emmasblog\/wp-content\/uploads\/sites\/21605\/2019\/09\/IMG-20190814-WA00171-1024x768.jpg\",\"datePublished\":\"2019-09-04T16:01:21+00:00\",\"dateModified\":\"2019-09-15T06:50:07+00:00\",\"breadcrumb\":{\"@id\":\"https:\/\/blogs.donboscovolunteers.de\/emmasblog\/ich-ueber-mich\/#breadcrumb\"},\"inLanguage\":\"de\",\"potentialAction\":[{\"@type\":\"ReadAction\",\"target\":[\"https:\/\/blogs.donboscovolunteers.de\/emmasblog\/ich-ueber-mich\/\"]}]},{\"@type\":\"ImageObject\",\"inLanguage\":\"de\",\"@id\":\"https:\/\/blogs.donboscovolunteers.de\/emmasblog\/ich-ueber-mich\/#primaryimage\",\"url\":\"https:\/\/blogs.donboscovolunteers.de\/emmasblog\/wp-content\/uploads\/sites\/21605\/2019\/09\/IMG-20190814-WA00171.jpg\",\"contentUrl\":\"https:\/\/blogs.donboscovolunteers.de\/emmasblog\/wp-content\/uploads\/sites\/21605\/2019\/09\/IMG-20190814-WA00171.jpg\",\"width\":1280,\"height\":960},{\"@type\":\"BreadcrumbList\",\"@id\":\"https:\/\/blogs.donboscovolunteers.de\/emmasblog\/ich-ueber-mich\/#breadcrumb\",\"itemListElement\":[{\"@type\":\"ListItem\",\"position\":1,\"name\":\"Startseite\",\"item\":\"https:\/\/blogs.donboscovolunteers.de\/emmasblog\/\"},{\"@type\":\"ListItem\",\"position\":2,\"name\":\"Ich \u00fcber mich\"}]},{\"@type\":\"WebSite\",\"@id\":\"https:\/\/blogs.donboscovolunteers.de\/emmasblog\/#website\",\"url\":\"https:\/\/blogs.donboscovolunteers.de\/emmasblog\/\",\"name\":\"emma in ruanda\",\"description\":\"Willkommen auf meinem Blog!\",\"potentialAction\":[{\"@type\":\"SearchAction\",\"target\":{\"@type\":\"EntryPoint\",\"urlTemplate\":\"https:\/\/blogs.donboscovolunteers.de\/emmasblog\/?s={search_term_string}\"},\"query-input\":{\"@type\":\"PropertyValueSpecification\",\"valueRequired\":true,\"valueName\":\"search_term_string\"}}],\"inLanguage\":\"de\"}]}<\/script>\n<!-- \/ Yoast SEO plugin. -->","yoast_head_json":{"title":"Ich \u00fcber mich - emma in ruanda","robots":{"index":"index","follow":"follow","max-snippet":"max-snippet:-1","max-image-preview":"max-image-preview:large","max-video-preview":"max-video-preview:-1"},"canonical":"https:\/\/blogs.donboscovolunteers.de\/emmasblog\/ich-ueber-mich\/","og_locale":"de_DE","og_type":"article","og_title":"Ich \u00fcber mich - emma in ruanda","og_description":"Hallo! Ich hei\u00dfe Emma. Ich bin 18 Jahre alt und komme aus Aerzen. Das ist ein Dorf in der N\u00e4he der Rattenf\u00e4ngerstadt Hameln in Niedersachsen.Ich habe drei j\u00fcngere Schwestern und wir haben einen Hund. Zu meinen gro\u00dfen Leidenschaften z\u00e4hlt das Reiten. Ich kann ich stundenlang \u00fcber Pferde unterhalten. Dar\u00fcber hinaus fahre ich gerne Mountainbike und [&hellip;]","og_url":"https:\/\/blogs.donboscovolunteers.de\/emmasblog\/ich-ueber-mich\/","og_site_name":"emma in ruanda","article_modified_time":"2019-09-15T06:50:07+00:00","og_image":[{"url":"https:\/\/blogs.donboscovolunteers.de\/emmasblog\/wp-content\/uploads\/sites\/21605\/2019\/09\/IMG-20190814-WA00171-1024x768.jpg","type":"","width":"","height":""}],"twitter_card":"summary_large_image","twitter_misc":{"Gesch\u00e4tzte Lesezeit":"1\u00a0Minute"},"schema":{"@context":"https:\/\/schema.org","@graph":[{"@type":"WebPage","@id":"https:\/\/blogs.donboscovolunteers.de\/emmasblog\/ich-ueber-mich\/","url":"https:\/\/blogs.donboscovolunteers.de\/emmasblog\/ich-ueber-mich\/","name":"Ich \u00fcber mich - emma in ruanda","isPartOf":{"@id":"https:\/\/blogs.donboscovolunteers.de\/emmasblog\/#website"},"primaryImageOfPage":{"@id":"https:\/\/blogs.donboscovolunteers.de\/emmasblog\/ich-ueber-mich\/#primaryimage"},"image":{"@id":"https:\/\/blogs.donboscovolunteers.de\/emmasblog\/ich-ueber-mich\/#primaryimage"},"thumbnailUrl":"https:\/\/blogs.donboscovolunteers.de\/emmasblog\/wp-content\/uploads\/sites\/21605\/2019\/09\/IMG-20190814-WA00171-1024x768.jpg","datePublished":"2019-09-04T16:01:21+00:00","dateModified":"2019-09-15T06:50:07+00:00","breadcrumb":{"@id":"https:\/\/blogs.donboscovolunteers.de\/emmasblog\/ich-ueber-mich\/#breadcrumb"},"inLanguage":"de","potentialAction":[{"@type":"ReadAction","target":["https:\/\/blogs.donboscovolunteers.de\/emmasblog\/ich-ueber-mich\/"]}]},{"@type":"ImageObject","inLanguage":"de","@id":"https:\/\/blogs.donboscovolunteers.de\/emmasblog\/ich-ueber-mich\/#primaryimage","url":"https:\/\/blogs.donboscovolunteers.de\/emmasblog\/wp-content\/uploads\/sites\/21605\/2019\/09\/IMG-20190814-WA00171.jpg","contentUrl":"https:\/\/blogs.donboscovolunteers.de\/emmasblog\/wp-content\/uploads\/sites\/21605\/2019\/09\/IMG-20190814-WA00171.jpg","width":1280,"height":960},{"@type":"BreadcrumbList","@id":"https:\/\/blogs.donboscovolunteers.de\/emmasblog\/ich-ueber-mich\/#breadcrumb","itemListElement":[{"@type":"ListItem","position":1,"name":"Startseite","item":"https:\/\/blogs.donboscovolunteers.de\/emmasblog\/"},{"@type":"ListItem","position":2,"name":"Ich \u00fcber mich"}]},{"@type":"WebSite","@id":"https:\/\/blogs.donboscovolunteers.de\/emmasblog\/#website","url":"https:\/\/blogs.donboscovolunteers.de\/emmasblog\/","name":"emma in ruanda","description":"Willkommen auf meinem Blog!","potentialAction":[{"@type":"SearchAction","target":{"@type":"EntryPoint","urlTemplate":"https:\/\/blogs.donboscovolunteers.de\/emmasblog\/?s={search_term_string}"},"query-input":{"@type":"PropertyValueSpecification","valueRequired":true,"valueName":"search_term_string"}}],"inLanguage":"de"}]}},"_links":{"self":[{"href":"https:\/\/blogs.donboscovolunteers.de\/emmasblog\/wp-json\/wp\/v2\/pages\/7","targetHints":{"allow":["GET"]}}],"collection":[{"href":"https:\/\/blogs.donboscovolunteers.de\/emmasblog\/wp-json\/wp\/v2\/pages"}],"about":[{"href":"https:\/\/blogs.donboscovolunteers.de\/emmasblog\/wp-json\/wp\/v2\/types\/page"}],"author":[{"embeddable":true,"href":"https:\/\/blogs.donboscovolunteers.de\/emmasblog\/wp-json\/wp\/v2\/users\/21666"}],"replies":[{"embeddable":true,"href":"https:\/\/blogs.donboscovolunteers.de\/emmasblog\/wp-json\/wp\/v2\/comments?post=7"}],"version-history":[{"count":3,"href":"https:\/\/blogs.donboscovolunteers.de\/emmasblog\/wp-json\/wp\/v2\/pages\/7\/revisions"}],"predecessor-version":[{"id":62,"href":"https:\/\/blogs.donboscovolunteers.de\/emmasblog\/wp-json\/wp\/v2\/pages\/7\/revisions\/62"}],"wp:attachment":[{"href":"https:\/\/blogs.donboscovolunteers.de\/emmasblog\/wp-json\/wp\/v2\/media?parent=7"}],"curies":[{"name":"wp","href":"https:\/\/api.w.org\/{rel}","templated":true}]}}