{"id":14,"date":"2019-09-04T18:36:39","date_gmt":"2019-09-04T16:36:39","guid":{"rendered":"https:\/\/blogs.donboscovolunteers.de\/emmasblog\/?page_id=14"},"modified":"2019-09-15T08:48:22","modified_gmt":"2019-09-15T06:48:22","slug":"unser-projekt","status":"publish","type":"page","link":"https:\/\/blogs.donboscovolunteers.de\/emmasblog\/unser-projekt\/","title":{"rendered":"Unser Projekt"},"content":{"rendered":"<p>Muraho! <br>Das ist Kinyarwanda und hei\u00dft Hallo. Kinyarwanda ist die Sprache, die die Kinder in unserem Projekt vorrangig, wenn nicht sogar ausschlie\u00dflich sprechen. In unserer Kommunit\u00e4t wird mehr oder weniger nur franz\u00f6sisch gesprochen. Um wenigstens die grundlegensten Grundlagen der Sprache, die in Burundi und Ruanda gesprochen wird, zu lernen, haben wir einen f\u00fcnft\u00e4gigen Sprachkurs gemacht. Hier in Ruanda haben wir dann weiterhin f\u00fcnf Tage die Woche zwei Stunden Kinyarwanda &#8211; Unterricht. Die Kinder sprechen ja auch nur diese Sprache mit uns, also werden wir sie wohl fr\u00fcher oder sp\u00e4ter verstehen und sprechen k\u00f6nnen.<\/p>\n\n\n\n<p>Unser Projekt besteht aus mehreren Aufgabenbereichen:<\/p>\n\n\n\n<p>Mittags gehen wir zum Mittagessen der Sch\u00fcler, sollen dort zum Einen aufpassen, dass es gesittet verl\u00e4uft (die Sch\u00fcler sind alle fast erwachsen, also ist das nicht allzu herausfordernd) und uns zu ihnen setzen, um mit ihnen zu reden.<br>Jeden Nachmittag \u00f6ffnet der Nachmittagsbereich f\u00fcr Kinder und Jugendliche seine Tore. Dort spielen, toben oder reden wir mit den Kindern und Jugendlichen, die vorkommen. Auf dem Gel\u00e4nde gibt es ein Fu\u00dfball-, ein Basketball- und ein Volleyballfeld.<br>Am Samstag findet das Stra\u00dfenkinderprojekt statt. Dort kommen Kinder, die auf der Stra\u00dfe leben und d\u00fcrfen sich hier waschen. Wir versorgen die gr\u00f6\u00dften Wunden und spielen dann mit den Kindern Spiele. Zum Schluss bekommen die Kinder eine warme Mahlzeit. <br>Der dritte Bereich beginnt erst im n\u00e4chsten Jahr, vermutlich im Mai. Dann unterrichten wir an der Berufsschule der Salesianer Englisch.<\/p>","protected":false},"excerpt":{"rendered":"<p>Muraho! Das ist Kinyarwanda und hei\u00dft Hallo. Kinyarwanda ist die Sprache, die die Kinder in unserem Projekt vorrangig, wenn nicht sogar ausschlie\u00dflich sprechen. In unserer Kommunit\u00e4t wird mehr oder weniger nur franz\u00f6sisch gesprochen. Um wenigstens die grundlegensten Grundlagen der Sprache, die in Burundi und Ruanda gesprochen wird, zu lernen, haben wir einen f\u00fcnft\u00e4gigen Sprachkurs gemacht. [&hellip;]<\/p>\n","protected":false},"author":21666,"featured_media":0,"parent":0,"menu_order":0,"comment_status":"closed","ping_status":"closed","template":"","meta":{"footnotes":""},"class_list":["post-14","page","type-page","status-publish","hentry"],"yoast_head":"<!-- This site is optimized with the Yoast SEO plugin v25.3.1 - https:\/\/yoast.com\/wordpress\/plugins\/seo\/ -->\n<title>Unser Projekt - emma in ruanda<\/title>\n<meta name=\"robots\" content=\"index, follow, max-snippet:-1, max-image-preview:large, max-video-preview:-1\" \/>\n<link rel=\"canonical\" href=\"https:\/\/blogs.donboscovolunteers.de\/emmasblog\/unser-projekt\/\" \/>\n<meta property=\"og:locale\" content=\"de_DE\" \/>\n<meta property=\"og:type\" content=\"article\" \/>\n<meta property=\"og:title\" content=\"Unser Projekt - emma in ruanda\" \/>\n<meta property=\"og:description\" content=\"Muraho! Das ist Kinyarwanda und hei\u00dft Hallo. Kinyarwanda ist die Sprache, die die Kinder in unserem Projekt vorrangig, wenn nicht sogar ausschlie\u00dflich sprechen. In unserer Kommunit\u00e4t wird mehr oder weniger nur franz\u00f6sisch gesprochen. Um wenigstens die grundlegensten Grundlagen der Sprache, die in Burundi und Ruanda gesprochen wird, zu lernen, haben wir einen f\u00fcnft\u00e4gigen Sprachkurs gemacht. [&hellip;]\" \/>\n<meta property=\"og:url\" content=\"https:\/\/blogs.donboscovolunteers.de\/emmasblog\/unser-projekt\/\" \/>\n<meta property=\"og:site_name\" content=\"emma in ruanda\" \/>\n<meta property=\"article:modified_time\" content=\"2019-09-15T06:48:22+00:00\" \/>\n<meta name=\"twitter:card\" content=\"summary_large_image\" \/>\n<meta name=\"twitter:label1\" content=\"Gesch\u00e4tzte Lesezeit\" \/>\n\t<meta name=\"twitter:data1\" content=\"1\u00a0Minute\" \/>\n<script type=\"application\/ld+json\" class=\"yoast-schema-graph\">{\"@context\":\"https:\/\/schema.org\",\"@graph\":[{\"@type\":\"WebPage\",\"@id\":\"https:\/\/blogs.donboscovolunteers.de\/emmasblog\/unser-projekt\/\",\"url\":\"https:\/\/blogs.donboscovolunteers.de\/emmasblog\/unser-projekt\/\",\"name\":\"Unser Projekt - emma in ruanda\",\"isPartOf\":{\"@id\":\"https:\/\/blogs.donboscovolunteers.de\/emmasblog\/#website\"},\"datePublished\":\"2019-09-04T16:36:39+00:00\",\"dateModified\":\"2019-09-15T06:48:22+00:00\",\"breadcrumb\":{\"@id\":\"https:\/\/blogs.donboscovolunteers.de\/emmasblog\/unser-projekt\/#breadcrumb\"},\"inLanguage\":\"de\",\"potentialAction\":[{\"@type\":\"ReadAction\",\"target\":[\"https:\/\/blogs.donboscovolunteers.de\/emmasblog\/unser-projekt\/\"]}]},{\"@type\":\"BreadcrumbList\",\"@id\":\"https:\/\/blogs.donboscovolunteers.de\/emmasblog\/unser-projekt\/#breadcrumb\",\"itemListElement\":[{\"@type\":\"ListItem\",\"position\":1,\"name\":\"Startseite\",\"item\":\"https:\/\/blogs.donboscovolunteers.de\/emmasblog\/\"},{\"@type\":\"ListItem\",\"position\":2,\"name\":\"Unser Projekt\"}]},{\"@type\":\"WebSite\",\"@id\":\"https:\/\/blogs.donboscovolunteers.de\/emmasblog\/#website\",\"url\":\"https:\/\/blogs.donboscovolunteers.de\/emmasblog\/\",\"name\":\"emma in ruanda\",\"description\":\"Willkommen auf meinem Blog!\",\"potentialAction\":[{\"@type\":\"SearchAction\",\"target\":{\"@type\":\"EntryPoint\",\"urlTemplate\":\"https:\/\/blogs.donboscovolunteers.de\/emmasblog\/?s={search_term_string}\"},\"query-input\":{\"@type\":\"PropertyValueSpecification\",\"valueRequired\":true,\"valueName\":\"search_term_string\"}}],\"inLanguage\":\"de\"}]}<\/script>\n<!-- \/ Yoast SEO plugin. -->","yoast_head_json":{"title":"Unser Projekt - emma in ruanda","robots":{"index":"index","follow":"follow","max-snippet":"max-snippet:-1","max-image-preview":"max-image-preview:large","max-video-preview":"max-video-preview:-1"},"canonical":"https:\/\/blogs.donboscovolunteers.de\/emmasblog\/unser-projekt\/","og_locale":"de_DE","og_type":"article","og_title":"Unser Projekt - emma in ruanda","og_description":"Muraho! Das ist Kinyarwanda und hei\u00dft Hallo. Kinyarwanda ist die Sprache, die die Kinder in unserem Projekt vorrangig, wenn nicht sogar ausschlie\u00dflich sprechen. In unserer Kommunit\u00e4t wird mehr oder weniger nur franz\u00f6sisch gesprochen. Um wenigstens die grundlegensten Grundlagen der Sprache, die in Burundi und Ruanda gesprochen wird, zu lernen, haben wir einen f\u00fcnft\u00e4gigen Sprachkurs gemacht. [&hellip;]","og_url":"https:\/\/blogs.donboscovolunteers.de\/emmasblog\/unser-projekt\/","og_site_name":"emma in ruanda","article_modified_time":"2019-09-15T06:48:22+00:00","twitter_card":"summary_large_image","twitter_misc":{"Gesch\u00e4tzte Lesezeit":"1\u00a0Minute"},"schema":{"@context":"https:\/\/schema.org","@graph":[{"@type":"WebPage","@id":"https:\/\/blogs.donboscovolunteers.de\/emmasblog\/unser-projekt\/","url":"https:\/\/blogs.donboscovolunteers.de\/emmasblog\/unser-projekt\/","name":"Unser Projekt - emma in ruanda","isPartOf":{"@id":"https:\/\/blogs.donboscovolunteers.de\/emmasblog\/#website"},"datePublished":"2019-09-04T16:36:39+00:00","dateModified":"2019-09-15T06:48:22+00:00","breadcrumb":{"@id":"https:\/\/blogs.donboscovolunteers.de\/emmasblog\/unser-projekt\/#breadcrumb"},"inLanguage":"de","potentialAction":[{"@type":"ReadAction","target":["https:\/\/blogs.donboscovolunteers.de\/emmasblog\/unser-projekt\/"]}]},{"@type":"BreadcrumbList","@id":"https:\/\/blogs.donboscovolunteers.de\/emmasblog\/unser-projekt\/#breadcrumb","itemListElement":[{"@type":"ListItem","position":1,"name":"Startseite","item":"https:\/\/blogs.donboscovolunteers.de\/emmasblog\/"},{"@type":"ListItem","position":2,"name":"Unser Projekt"}]},{"@type":"WebSite","@id":"https:\/\/blogs.donboscovolunteers.de\/emmasblog\/#website","url":"https:\/\/blogs.donboscovolunteers.de\/emmasblog\/","name":"emma in ruanda","description":"Willkommen auf meinem Blog!","potentialAction":[{"@type":"SearchAction","target":{"@type":"EntryPoint","urlTemplate":"https:\/\/blogs.donboscovolunteers.de\/emmasblog\/?s={search_term_string}"},"query-input":{"@type":"PropertyValueSpecification","valueRequired":true,"valueName":"search_term_string"}}],"inLanguage":"de"}]}},"_links":{"self":[{"href":"https:\/\/blogs.donboscovolunteers.de\/emmasblog\/wp-json\/wp\/v2\/pages\/14","targetHints":{"allow":["GET"]}}],"collection":[{"href":"https:\/\/blogs.donboscovolunteers.de\/emmasblog\/wp-json\/wp\/v2\/pages"}],"about":[{"href":"https:\/\/blogs.donboscovolunteers.de\/emmasblog\/wp-json\/wp\/v2\/types\/page"}],"author":[{"embeddable":true,"href":"https:\/\/blogs.donboscovolunteers.de\/emmasblog\/wp-json\/wp\/v2\/users\/21666"}],"replies":[{"embeddable":true,"href":"https:\/\/blogs.donboscovolunteers.de\/emmasblog\/wp-json\/wp\/v2\/comments?post=14"}],"version-history":[{"count":2,"href":"https:\/\/blogs.donboscovolunteers.de\/emmasblog\/wp-json\/wp\/v2\/pages\/14\/revisions"}],"predecessor-version":[{"id":61,"href":"https:\/\/blogs.donboscovolunteers.de\/emmasblog\/wp-json\/wp\/v2\/pages\/14\/revisions\/61"}],"wp:attachment":[{"href":"https:\/\/blogs.donboscovolunteers.de\/emmasblog\/wp-json\/wp\/v2\/media?parent=14"}],"curies":[{"name":"wp","href":"https:\/\/api.w.org\/{rel}","templated":true}]}}