{"id":29,"date":"2017-07-28T11:15:37","date_gmt":"2017-07-28T09:15:37","guid":{"rendered":"https:\/\/blogs.donboscovolunteers.de\/emiliainalbanien\/?page_id=29"},"modified":"2018-09-05T09:09:04","modified_gmt":"2018-09-05T07:09:04","slug":"don-bosco","status":"publish","type":"page","link":"https:\/\/blogs.donboscovolunteers.de\/emiliainalbanien\/don-bosco\/","title":{"rendered":"Don Bosco"},"content":{"rendered":"<p>1815 wird ein Junge namens <a href=\"http:\/\/www.donbosco.de\/Ueber-uns\/Don-Bosco\">Johannes Bosco<\/a> in der N\u00e4he von Turin geboren. Mit 2 Jahre wird er Halbwaise. Seine Mutter muss ihn, zusammen mit 2 Br\u00fcdern alleine ern\u00e4hren, gro\u00dfziehen und sie erzieht die Jungen in starkem Glauben. So lernt Johannes Bosco schon fr\u00fch, auf Gott zu vertrauen und der Wunsch in ihm, Priester zu werden, w\u00e4chst.<\/p>\n<p>Mit 9 Jahren hat er einen Traum, in welchem sich Jungen streiten und raufen. Daraufhin schreitet er ein. Dabei ert\u00f6nt eine Stimme: ,,Nicht mit Schl\u00e4gen, sondern mit G\u00fcte wirst du sie zu Freunden gewinnen.\u00b4\u00b4 Dies macht er sich auch sp\u00e4ter zu dem Motto seiner Arbeit und auch heute noch arbeitet die ganze <a href=\"https:\/\/www.donboscomission.de\/don-bosco\/\">Don Bosco<\/a> Familie in diesem Sinne.<\/p>\n<p>Nachdem\u00a0 er mit 26 Jahren zum Priester geweiht wirde, bricht er auf nach Turin, um dort seine erste Stelle anzutreten. Dort ist er entsetzt von den damaligen Zust\u00e4nden: so viele Jugendliche leben auf der Stra\u00dfe, suchen vergeblich eine Arbeit oder landen im Gef\u00e4ngnis. Als sich dann Bartolomeo Garelli, ein Junge von der Stra\u00dfe, in seine Sakristei verirrt, und in der Kirche mitwirken m\u00f6chte, ergibt sich ein Gespr\u00e4ch \u00fcber Gott und den Glauben und Johannes Bosco l\u00e4dt Bartolomeo zusammen mit seinen Freunden in der n\u00e4chsten Woche wieder ein.<\/p>\n<p>Er beginnt die Jungs zu unterrichten und immer mehr Kinder und Jugendlichen kamen zu ihm. So waren es 1846 schon 400. Bald bekommt Johannes Bosco R\u00e4ume zur Verf\u00fcgung gestellt und gr\u00fcndet das erste Oratorium. Auch heute noch befindet sich in fast jeder Don Bosco Einrichtung ein Oratorium, ein Ort an dem Don Boscos Grunds\u00e4tze im Glauben, Spiel, zu Hause und Lernen vereint sind.<\/p>\n<p>Don Bosco trotzt vielen Gegnern und fungiert als Mittler zwischen Staat und Kirche. Es war eine heikle Angelegenheit zu dieser Zeit eine Ordensgemeinschaft zu gr\u00fcnden. Aber 1859 rief er die ,,Gesellschaft des Heiligen Franz von Sales\u00b4\u00b4 aus. Zusammen mit <a href=\"http:\/\/www.donboscoschwestern.net\/de\/startseite\/ueber-uns\/gruender\/maria-mazzarello.html\">Maria Dominika Mazzarello<\/a> wurden die T\u00f6chter Mariens gegr\u00fcndet, die Don-Bosco-Schwestern. So entstandt der Orden der <a href=\"https:\/\/www.donboscomission.de\/don-bosco\/erbe\/\">Salesianer Don Boscos<\/a>.<\/p>\n<p>1934 wurde Don Bosco von Papst Pius XI. heilig gesprochen.<\/p>\n","protected":false},"excerpt":{"rendered":"<p>1815 wird ein Junge namens Johannes Bosco in der N\u00e4he von Turin geboren. Mit 2 Jahre wird er Halbwaise. Seine Mutter muss ihn, zusammen mit 2 Br\u00fcdern alleine ern\u00e4hren, gro\u00dfziehen und sie erzieht die Jungen in starkem Glauben. So lernt Johannes Bosco schon fr\u00fch, auf Gott zu vertrauen und der Wunsch in ihm, Priester zu [&hellip;]<\/p>\n","protected":false},"author":21536,"featured_media":0,"parent":0,"menu_order":0,"comment_status":"closed","ping_status":"closed","template":"","meta":{"footnotes":""},"class_list":["post-29","page","type-page","status-publish","hentry"],"yoast_head":"<!-- This site is optimized with the Yoast SEO plugin v25.3.1 - https:\/\/yoast.com\/wordpress\/plugins\/seo\/ -->\n<title>Don Bosco - Emilia in Albanien<\/title>\n<meta name=\"robots\" content=\"index, follow, max-snippet:-1, max-image-preview:large, max-video-preview:-1\" \/>\n<link rel=\"canonical\" href=\"https:\/\/blogs.donboscovolunteers.de\/emiliainalbanien\/don-bosco\/\" \/>\n<meta property=\"og:locale\" content=\"de_DE\" \/>\n<meta property=\"og:type\" content=\"article\" \/>\n<meta property=\"og:title\" content=\"Don Bosco - Emilia in Albanien\" \/>\n<meta property=\"og:description\" content=\"1815 wird ein Junge namens Johannes Bosco in der N\u00e4he von Turin geboren. Mit 2 Jahre wird er Halbwaise. Seine Mutter muss ihn, zusammen mit 2 Br\u00fcdern alleine ern\u00e4hren, gro\u00dfziehen und sie erzieht die Jungen in starkem Glauben. So lernt Johannes Bosco schon fr\u00fch, auf Gott zu vertrauen und der Wunsch in ihm, Priester zu [&hellip;]\" \/>\n<meta property=\"og:url\" content=\"https:\/\/blogs.donboscovolunteers.de\/emiliainalbanien\/don-bosco\/\" \/>\n<meta property=\"og:site_name\" content=\"Emilia in Albanien\" \/>\n<meta property=\"article:modified_time\" content=\"2018-09-05T07:09:04+00:00\" \/>\n<meta name=\"twitter:card\" content=\"summary_large_image\" \/>\n<meta name=\"twitter:label1\" content=\"Gesch\u00e4tzte Lesezeit\" \/>\n\t<meta name=\"twitter:data1\" content=\"2\u00a0Minuten\" \/>\n<script type=\"application\/ld+json\" class=\"yoast-schema-graph\">{\"@context\":\"https:\/\/schema.org\",\"@graph\":[{\"@type\":\"WebPage\",\"@id\":\"https:\/\/blogs.donboscovolunteers.de\/emiliainalbanien\/don-bosco\/\",\"url\":\"https:\/\/blogs.donboscovolunteers.de\/emiliainalbanien\/don-bosco\/\",\"name\":\"Don Bosco - Emilia in Albanien\",\"isPartOf\":{\"@id\":\"https:\/\/blogs.donboscovolunteers.de\/emiliainalbanien\/#website\"},\"datePublished\":\"2017-07-28T09:15:37+00:00\",\"dateModified\":\"2018-09-05T07:09:04+00:00\",\"breadcrumb\":{\"@id\":\"https:\/\/blogs.donboscovolunteers.de\/emiliainalbanien\/don-bosco\/#breadcrumb\"},\"inLanguage\":\"de\",\"potentialAction\":[{\"@type\":\"ReadAction\",\"target\":[\"https:\/\/blogs.donboscovolunteers.de\/emiliainalbanien\/don-bosco\/\"]}]},{\"@type\":\"BreadcrumbList\",\"@id\":\"https:\/\/blogs.donboscovolunteers.de\/emiliainalbanien\/don-bosco\/#breadcrumb\",\"itemListElement\":[{\"@type\":\"ListItem\",\"position\":1,\"name\":\"Startseite\",\"item\":\"https:\/\/blogs.donboscovolunteers.de\/emiliainalbanien\/\"},{\"@type\":\"ListItem\",\"position\":2,\"name\":\"Don Bosco\"}]},{\"@type\":\"WebSite\",\"@id\":\"https:\/\/blogs.donboscovolunteers.de\/emiliainalbanien\/#website\",\"url\":\"https:\/\/blogs.donboscovolunteers.de\/emiliainalbanien\/\",\"name\":\"Emilia in Albanien\",\"description\":\"365 Tage volunteering\",\"potentialAction\":[{\"@type\":\"SearchAction\",\"target\":{\"@type\":\"EntryPoint\",\"urlTemplate\":\"https:\/\/blogs.donboscovolunteers.de\/emiliainalbanien\/?s={search_term_string}\"},\"query-input\":{\"@type\":\"PropertyValueSpecification\",\"valueRequired\":true,\"valueName\":\"search_term_string\"}}],\"inLanguage\":\"de\"}]}<\/script>\n<!-- \/ Yoast SEO plugin. -->","yoast_head_json":{"title":"Don Bosco - Emilia in Albanien","robots":{"index":"index","follow":"follow","max-snippet":"max-snippet:-1","max-image-preview":"max-image-preview:large","max-video-preview":"max-video-preview:-1"},"canonical":"https:\/\/blogs.donboscovolunteers.de\/emiliainalbanien\/don-bosco\/","og_locale":"de_DE","og_type":"article","og_title":"Don Bosco - Emilia in Albanien","og_description":"1815 wird ein Junge namens Johannes Bosco in der N\u00e4he von Turin geboren. Mit 2 Jahre wird er Halbwaise. Seine Mutter muss ihn, zusammen mit 2 Br\u00fcdern alleine ern\u00e4hren, gro\u00dfziehen und sie erzieht die Jungen in starkem Glauben. So lernt Johannes Bosco schon fr\u00fch, auf Gott zu vertrauen und der Wunsch in ihm, Priester zu [&hellip;]","og_url":"https:\/\/blogs.donboscovolunteers.de\/emiliainalbanien\/don-bosco\/","og_site_name":"Emilia in Albanien","article_modified_time":"2018-09-05T07:09:04+00:00","twitter_card":"summary_large_image","twitter_misc":{"Gesch\u00e4tzte Lesezeit":"2\u00a0Minuten"},"schema":{"@context":"https:\/\/schema.org","@graph":[{"@type":"WebPage","@id":"https:\/\/blogs.donboscovolunteers.de\/emiliainalbanien\/don-bosco\/","url":"https:\/\/blogs.donboscovolunteers.de\/emiliainalbanien\/don-bosco\/","name":"Don Bosco - Emilia in Albanien","isPartOf":{"@id":"https:\/\/blogs.donboscovolunteers.de\/emiliainalbanien\/#website"},"datePublished":"2017-07-28T09:15:37+00:00","dateModified":"2018-09-05T07:09:04+00:00","breadcrumb":{"@id":"https:\/\/blogs.donboscovolunteers.de\/emiliainalbanien\/don-bosco\/#breadcrumb"},"inLanguage":"de","potentialAction":[{"@type":"ReadAction","target":["https:\/\/blogs.donboscovolunteers.de\/emiliainalbanien\/don-bosco\/"]}]},{"@type":"BreadcrumbList","@id":"https:\/\/blogs.donboscovolunteers.de\/emiliainalbanien\/don-bosco\/#breadcrumb","itemListElement":[{"@type":"ListItem","position":1,"name":"Startseite","item":"https:\/\/blogs.donboscovolunteers.de\/emiliainalbanien\/"},{"@type":"ListItem","position":2,"name":"Don Bosco"}]},{"@type":"WebSite","@id":"https:\/\/blogs.donboscovolunteers.de\/emiliainalbanien\/#website","url":"https:\/\/blogs.donboscovolunteers.de\/emiliainalbanien\/","name":"Emilia in Albanien","description":"365 Tage volunteering","potentialAction":[{"@type":"SearchAction","target":{"@type":"EntryPoint","urlTemplate":"https:\/\/blogs.donboscovolunteers.de\/emiliainalbanien\/?s={search_term_string}"},"query-input":{"@type":"PropertyValueSpecification","valueRequired":true,"valueName":"search_term_string"}}],"inLanguage":"de"}]}},"_links":{"self":[{"href":"https:\/\/blogs.donboscovolunteers.de\/emiliainalbanien\/wp-json\/wp\/v2\/pages\/29","targetHints":{"allow":["GET"]}}],"collection":[{"href":"https:\/\/blogs.donboscovolunteers.de\/emiliainalbanien\/wp-json\/wp\/v2\/pages"}],"about":[{"href":"https:\/\/blogs.donboscovolunteers.de\/emiliainalbanien\/wp-json\/wp\/v2\/types\/page"}],"author":[{"embeddable":true,"href":"https:\/\/blogs.donboscovolunteers.de\/emiliainalbanien\/wp-json\/wp\/v2\/users\/21536"}],"replies":[{"embeddable":true,"href":"https:\/\/blogs.donboscovolunteers.de\/emiliainalbanien\/wp-json\/wp\/v2\/comments?post=29"}],"version-history":[{"count":7,"href":"https:\/\/blogs.donboscovolunteers.de\/emiliainalbanien\/wp-json\/wp\/v2\/pages\/29\/revisions"}],"predecessor-version":[{"id":362,"href":"https:\/\/blogs.donboscovolunteers.de\/emiliainalbanien\/wp-json\/wp\/v2\/pages\/29\/revisions\/362"}],"wp:attachment":[{"href":"https:\/\/blogs.donboscovolunteers.de\/emiliainalbanien\/wp-json\/wp\/v2\/media?parent=29"}],"curies":[{"name":"wp","href":"https:\/\/api.w.org\/{rel}","templated":true}]}}