{"id":22,"date":"2017-07-27T09:54:20","date_gmt":"2017-07-27T07:54:20","guid":{"rendered":"https:\/\/blogs.donboscovolunteers.de\/emiliainalbanien\/?page_id=22"},"modified":"2017-09-28T12:04:21","modified_gmt":"2017-09-28T10:04:21","slug":"spenden","status":"publish","type":"page","link":"https:\/\/blogs.donboscovolunteers.de\/emiliainalbanien\/spenden\/","title":{"rendered":"Spenden"},"content":{"rendered":"<p>Die <a href=\"https:\/\/www.donboscomission.de\/don-bosco\/erbe\/\">Salesianer Don Boscos<\/a> erm\u00f6glichen vielen Kindern eine Perspektive. Sie bieten Kindern und Jugendlichen eine Ablenkung von den Alltagssorgen, die sie zu Hause plagen und m\u00f6chten allen Kindern und Jugendlichen eine Zukunft durch eine gute Schulbildung und Erziehung erm\u00f6glichen. Falls Sie Interesse daran haben, das Projekt in Albanien zu unterst\u00fctzen, w\u00fcrde ich mich sehr freuen. Ich kann garantieren, dass das ganze Geld f\u00fcr die Kinder und Jugendlichen im ,,Qendra Don Bosko\u00b4\u00b4 verwendet wird.<\/p>\n<p><a href=\"https:\/\/www.donboscomission.de\/don-bosco\/\">DON BOSCO<\/a> MISSION<\/p>\n<p>LIGA BANK M\u00dcNCHEN<\/p>\n<p>IBAN: DE66 7509 0300 0102 1418 76<\/p>\n<p>BIC: GENODEF1M05<\/p>\n<p>Verwendungszweck: Emilia Haimerl R511744<\/p>\n<p>Um eine Spendenquittung zu erhalten, m\u00fcssen Sie einfach Ihre Adresse angeben.<\/p>\n","protected":false},"excerpt":{"rendered":"<p>Die <a href=\"https:\/\/www.donboscomission.de\/don-bosco\/erbe\/\">Salesianer Don Boscos<\/a> erm\u00f6glichen vielen Kindern eine Perspektive. Sie bieten Kindern und Jugendlichen eine Ablenkung von den Alltagssorgen, die sie zu Hause plagen und m\u00f6chten allen Kindern und Jugendlichen eine Zukunft durch eine gute Schulbildung und Erziehung erm\u00f6glichen. Falls Sie Interesse daran haben, das Projekt in Albanien zu unterst\u00fctzen, w\u00fcrde ich mich sehr freuen. [&hellip;]<\/p>\n","protected":false},"author":21536,"featured_media":0,"parent":0,"menu_order":0,"comment_status":"closed","ping_status":"closed","template":"","meta":{"footnotes":""},"class_list":["post-22","page","type-page","status-publish","hentry"],"yoast_head":"<!-- This site is optimized with the Yoast SEO plugin v25.3.1 - https:\/\/yoast.com\/wordpress\/plugins\/seo\/ -->\n<title>Spenden - Emilia in Albanien<\/title>\n<meta name=\"robots\" content=\"index, follow, max-snippet:-1, max-image-preview:large, max-video-preview:-1\" \/>\n<link rel=\"canonical\" href=\"https:\/\/blogs.donboscovolunteers.de\/emiliainalbanien\/spenden\/\" \/>\n<meta property=\"og:locale\" content=\"de_DE\" \/>\n<meta property=\"og:type\" content=\"article\" \/>\n<meta property=\"og:title\" content=\"Spenden - Emilia in Albanien\" \/>\n<meta property=\"og:description\" content=\"Die Salesianer Don Boscos erm\u00f6glichen vielen Kindern eine Perspektive. Sie bieten Kindern und Jugendlichen eine Ablenkung von den Alltagssorgen, die sie zu Hause plagen und m\u00f6chten allen Kindern und Jugendlichen eine Zukunft durch eine gute Schulbildung und Erziehung erm\u00f6glichen. Falls Sie Interesse daran haben, das Projekt in Albanien zu unterst\u00fctzen, w\u00fcrde ich mich sehr freuen. [&hellip;]\" \/>\n<meta property=\"og:url\" content=\"https:\/\/blogs.donboscovolunteers.de\/emiliainalbanien\/spenden\/\" \/>\n<meta property=\"og:site_name\" content=\"Emilia in Albanien\" \/>\n<meta property=\"article:modified_time\" content=\"2017-09-28T10:04:21+00:00\" \/>\n<meta name=\"twitter:card\" content=\"summary_large_image\" \/>\n<meta name=\"twitter:label1\" content=\"Gesch\u00e4tzte Lesezeit\" \/>\n\t<meta name=\"twitter:data1\" content=\"1\u00a0Minute\" \/>\n<script type=\"application\/ld+json\" class=\"yoast-schema-graph\">{\"@context\":\"https:\/\/schema.org\",\"@graph\":[{\"@type\":\"WebPage\",\"@id\":\"https:\/\/blogs.donboscovolunteers.de\/emiliainalbanien\/spenden\/\",\"url\":\"https:\/\/blogs.donboscovolunteers.de\/emiliainalbanien\/spenden\/\",\"name\":\"Spenden - Emilia in Albanien\",\"isPartOf\":{\"@id\":\"https:\/\/blogs.donboscovolunteers.de\/emiliainalbanien\/#website\"},\"datePublished\":\"2017-07-27T07:54:20+00:00\",\"dateModified\":\"2017-09-28T10:04:21+00:00\",\"breadcrumb\":{\"@id\":\"https:\/\/blogs.donboscovolunteers.de\/emiliainalbanien\/spenden\/#breadcrumb\"},\"inLanguage\":\"de\",\"potentialAction\":[{\"@type\":\"ReadAction\",\"target\":[\"https:\/\/blogs.donboscovolunteers.de\/emiliainalbanien\/spenden\/\"]}]},{\"@type\":\"BreadcrumbList\",\"@id\":\"https:\/\/blogs.donboscovolunteers.de\/emiliainalbanien\/spenden\/#breadcrumb\",\"itemListElement\":[{\"@type\":\"ListItem\",\"position\":1,\"name\":\"Startseite\",\"item\":\"https:\/\/blogs.donboscovolunteers.de\/emiliainalbanien\/\"},{\"@type\":\"ListItem\",\"position\":2,\"name\":\"Spenden\"}]},{\"@type\":\"WebSite\",\"@id\":\"https:\/\/blogs.donboscovolunteers.de\/emiliainalbanien\/#website\",\"url\":\"https:\/\/blogs.donboscovolunteers.de\/emiliainalbanien\/\",\"name\":\"Emilia in Albanien\",\"description\":\"365 Tage volunteering\",\"potentialAction\":[{\"@type\":\"SearchAction\",\"target\":{\"@type\":\"EntryPoint\",\"urlTemplate\":\"https:\/\/blogs.donboscovolunteers.de\/emiliainalbanien\/?s={search_term_string}\"},\"query-input\":{\"@type\":\"PropertyValueSpecification\",\"valueRequired\":true,\"valueName\":\"search_term_string\"}}],\"inLanguage\":\"de\"}]}<\/script>\n<!-- \/ Yoast SEO plugin. -->","yoast_head_json":{"title":"Spenden - Emilia in Albanien","robots":{"index":"index","follow":"follow","max-snippet":"max-snippet:-1","max-image-preview":"max-image-preview:large","max-video-preview":"max-video-preview:-1"},"canonical":"https:\/\/blogs.donboscovolunteers.de\/emiliainalbanien\/spenden\/","og_locale":"de_DE","og_type":"article","og_title":"Spenden - Emilia in Albanien","og_description":"Die Salesianer Don Boscos erm\u00f6glichen vielen Kindern eine Perspektive. Sie bieten Kindern und Jugendlichen eine Ablenkung von den Alltagssorgen, die sie zu Hause plagen und m\u00f6chten allen Kindern und Jugendlichen eine Zukunft durch eine gute Schulbildung und Erziehung erm\u00f6glichen. Falls Sie Interesse daran haben, das Projekt in Albanien zu unterst\u00fctzen, w\u00fcrde ich mich sehr freuen. [&hellip;]","og_url":"https:\/\/blogs.donboscovolunteers.de\/emiliainalbanien\/spenden\/","og_site_name":"Emilia in Albanien","article_modified_time":"2017-09-28T10:04:21+00:00","twitter_card":"summary_large_image","twitter_misc":{"Gesch\u00e4tzte Lesezeit":"1\u00a0Minute"},"schema":{"@context":"https:\/\/schema.org","@graph":[{"@type":"WebPage","@id":"https:\/\/blogs.donboscovolunteers.de\/emiliainalbanien\/spenden\/","url":"https:\/\/blogs.donboscovolunteers.de\/emiliainalbanien\/spenden\/","name":"Spenden - Emilia in Albanien","isPartOf":{"@id":"https:\/\/blogs.donboscovolunteers.de\/emiliainalbanien\/#website"},"datePublished":"2017-07-27T07:54:20+00:00","dateModified":"2017-09-28T10:04:21+00:00","breadcrumb":{"@id":"https:\/\/blogs.donboscovolunteers.de\/emiliainalbanien\/spenden\/#breadcrumb"},"inLanguage":"de","potentialAction":[{"@type":"ReadAction","target":["https:\/\/blogs.donboscovolunteers.de\/emiliainalbanien\/spenden\/"]}]},{"@type":"BreadcrumbList","@id":"https:\/\/blogs.donboscovolunteers.de\/emiliainalbanien\/spenden\/#breadcrumb","itemListElement":[{"@type":"ListItem","position":1,"name":"Startseite","item":"https:\/\/blogs.donboscovolunteers.de\/emiliainalbanien\/"},{"@type":"ListItem","position":2,"name":"Spenden"}]},{"@type":"WebSite","@id":"https:\/\/blogs.donboscovolunteers.de\/emiliainalbanien\/#website","url":"https:\/\/blogs.donboscovolunteers.de\/emiliainalbanien\/","name":"Emilia in Albanien","description":"365 Tage volunteering","potentialAction":[{"@type":"SearchAction","target":{"@type":"EntryPoint","urlTemplate":"https:\/\/blogs.donboscovolunteers.de\/emiliainalbanien\/?s={search_term_string}"},"query-input":{"@type":"PropertyValueSpecification","valueRequired":true,"valueName":"search_term_string"}}],"inLanguage":"de"}]}},"_links":{"self":[{"href":"https:\/\/blogs.donboscovolunteers.de\/emiliainalbanien\/wp-json\/wp\/v2\/pages\/22","targetHints":{"allow":["GET"]}}],"collection":[{"href":"https:\/\/blogs.donboscovolunteers.de\/emiliainalbanien\/wp-json\/wp\/v2\/pages"}],"about":[{"href":"https:\/\/blogs.donboscovolunteers.de\/emiliainalbanien\/wp-json\/wp\/v2\/types\/page"}],"author":[{"embeddable":true,"href":"https:\/\/blogs.donboscovolunteers.de\/emiliainalbanien\/wp-json\/wp\/v2\/users\/21536"}],"replies":[{"embeddable":true,"href":"https:\/\/blogs.donboscovolunteers.de\/emiliainalbanien\/wp-json\/wp\/v2\/comments?post=22"}],"version-history":[{"count":8,"href":"https:\/\/blogs.donboscovolunteers.de\/emiliainalbanien\/wp-json\/wp\/v2\/pages\/22\/revisions"}],"predecessor-version":[{"id":135,"href":"https:\/\/blogs.donboscovolunteers.de\/emiliainalbanien\/wp-json\/wp\/v2\/pages\/22\/revisions\/135"}],"wp:attachment":[{"href":"https:\/\/blogs.donboscovolunteers.de\/emiliainalbanien\/wp-json\/wp\/v2\/media?parent=22"}],"curies":[{"name":"wp","href":"https:\/\/api.w.org\/{rel}","templated":true}]}}