{"id":60,"date":"2023-09-10T20:30:24","date_gmt":"2023-09-10T18:30:24","guid":{"rendered":"https:\/\/blogs.donboscovolunteers.de\/elisainruanda\/?page_id=60"},"modified":"2023-09-14T11:03:02","modified_gmt":"2023-09-14T09:03:02","slug":"ruanda-rango-und-ich","status":"publish","type":"page","link":"https:\/\/blogs.donboscovolunteers.de\/elisainruanda\/ruanda-rango-und-ich\/","title":{"rendered":"Ruanda, Rango und ich?"},"content":{"rendered":"<p>Ich hei\u00dfe Elisa, bin 18 Jahre alt und komme aus Greven in Nordrhein-Westfalen . Am 05. September fliege ich mit <a href=\"https:\/\/www.donboscomission.de\/don-bosco\/\">Don Bosco<\/a> Volunteers nach Butare Rango in Ruanda. In diesem Blog m\u00f6chte ich dich auf meine Reise mitnehmen und dir viele verschiedene Eindr\u00fccke \u00fcbermitteln (und somit muss ich nicht immer jedem einzeln schreiben;) ).<\/p>\n\n\n\n<p>Mein Abitur habe ich dieses Jahr mit den Leistungskursen Kunst und Englisch gemacht. Zuhause lebe ich mit meinen Eltern, meinen beiden j\u00fcngeren Br\u00fcdern und 3 Katzen.<\/p>\n\n\n\n<figure class=\"wp-block-gallery has-nested-images columns-default is-cropped wp-block-gallery-1 is-layout-flex wp-block-gallery-is-layout-flex\">\n<figure class=\"wp-block-image size-large\"><img loading=\"lazy\" decoding=\"async\" width=\"1024\" height=\"981\" data-id=\"61\" src=\"https:\/\/blogs.donboscovolunteers.de\/elisainruanda\/wp-content\/uploads\/sites\/21691\/2023\/09\/IMG_1754-1-1024x981.jpeg\" alt=\"\" class=\"wp-image-61\" srcset=\"https:\/\/blogs.donboscovolunteers.de\/elisainruanda\/wp-content\/uploads\/sites\/21691\/2023\/09\/IMG_1754-1-1024x981.jpeg 1024w, https:\/\/blogs.donboscovolunteers.de\/elisainruanda\/wp-content\/uploads\/sites\/21691\/2023\/09\/IMG_1754-1-300x287.jpeg 300w, https:\/\/blogs.donboscovolunteers.de\/elisainruanda\/wp-content\/uploads\/sites\/21691\/2023\/09\/IMG_1754-1-768x736.jpeg 768w, https:\/\/blogs.donboscovolunteers.de\/elisainruanda\/wp-content\/uploads\/sites\/21691\/2023\/09\/IMG_1754-1-900x862.jpeg 900w, https:\/\/blogs.donboscovolunteers.de\/elisainruanda\/wp-content\/uploads\/sites\/21691\/2023\/09\/IMG_1754-1.jpeg 1280w\" sizes=\"auto, (max-width: 1024px) 100vw, 1024px\" \/><\/figure>\n<\/figure>\n\n\n\n<p>In meiner Freizeit male und zeichne ich viel, ich treffe mich oft mit meinen Freunden und spiele auch seit fast 8 Jahren Cello.<\/p>\n\n\n\n<figure class=\"wp-block-image size-large is-resized\"><img loading=\"lazy\" decoding=\"async\" src=\"https:\/\/blogs.donboscovolunteers.de\/elisainruanda\/wp-content\/uploads\/sites\/21691\/2023\/09\/IMG_1747-1-1024x946.jpeg\" alt=\"\" class=\"wp-image-62\" style=\"width:441px;height:408px\" width=\"441\" height=\"408\" srcset=\"https:\/\/blogs.donboscovolunteers.de\/elisainruanda\/wp-content\/uploads\/sites\/21691\/2023\/09\/IMG_1747-1-1024x946.jpeg 1024w, https:\/\/blogs.donboscovolunteers.de\/elisainruanda\/wp-content\/uploads\/sites\/21691\/2023\/09\/IMG_1747-1-300x277.jpeg 300w, https:\/\/blogs.donboscovolunteers.de\/elisainruanda\/wp-content\/uploads\/sites\/21691\/2023\/09\/IMG_1747-1-768x710.jpeg 768w, https:\/\/blogs.donboscovolunteers.de\/elisainruanda\/wp-content\/uploads\/sites\/21691\/2023\/09\/IMG_1747-1-900x832.jpeg 900w, https:\/\/blogs.donboscovolunteers.de\/elisainruanda\/wp-content\/uploads\/sites\/21691\/2023\/09\/IMG_1747-1.jpeg 1280w\" sizes=\"auto, (max-width: 441px) 100vw, 441px\" \/><\/figure>\n\n\n\n<p><span style=\"font-family: UICTFontTextStyleBody;font-size: 16px\">Als Vorbereitung f\u00fcr dieses Jahr hatten wir Volont\u00e4re insgesamt 3 Seminare, wovon das erste und das letzte Seminar in J\u00fcnkerath und das zweite in Benediktbeuern stattfand. Alle drei Seminare waren super informativ und haben uns Volont\u00e4re zu einer Gruppe zusammengeschwei\u00dft. Mittlerweile sind wir die \u201eWolfGANG\u201c (angelehnt an unseren lieben Trainer und Leiter Wolfgang;) ). Bei den Seminaren haben wir (mehr oder weniger) viel Schlaf bekommen, aber daf\u00fcr um so l\u00e4nger abends Spiele gespielt und uns gegenseitig kennengelernt:)<\/span><\/p>\n\n\n\n<figure class=\"wp-block-gallery has-nested-images columns-default is-cropped wp-block-gallery-2 is-layout-flex wp-block-gallery-is-layout-flex\">\n<figure class=\"wp-block-image size-large\"><img loading=\"lazy\" decoding=\"async\" width=\"1024\" height=\"758\" data-id=\"63\" src=\"https:\/\/blogs.donboscovolunteers.de\/elisainruanda\/wp-content\/uploads\/sites\/21691\/2023\/09\/IMG_1746-1-1024x758.jpeg\" alt=\"\" class=\"wp-image-63\" srcset=\"https:\/\/blogs.donboscovolunteers.de\/elisainruanda\/wp-content\/uploads\/sites\/21691\/2023\/09\/IMG_1746-1-1024x758.jpeg 1024w, https:\/\/blogs.donboscovolunteers.de\/elisainruanda\/wp-content\/uploads\/sites\/21691\/2023\/09\/IMG_1746-1-300x222.jpeg 300w, https:\/\/blogs.donboscovolunteers.de\/elisainruanda\/wp-content\/uploads\/sites\/21691\/2023\/09\/IMG_1746-1-768x568.jpeg 768w, https:\/\/blogs.donboscovolunteers.de\/elisainruanda\/wp-content\/uploads\/sites\/21691\/2023\/09\/IMG_1746-1-900x666.jpeg 900w, https:\/\/blogs.donboscovolunteers.de\/elisainruanda\/wp-content\/uploads\/sites\/21691\/2023\/09\/IMG_1746-1.jpeg 1280w\" sizes=\"auto, (max-width: 1024px) 100vw, 1024px\" \/><\/figure>\n<\/figure>\n\n\n\n<p>Kathi, meine Mitvolont\u00e4rin, und ich hatten als Vorbereitung f\u00fcr unseren Auslandsfreiwilligendienst einen Online-Kinyarwandakurs, in welchem wir die ersten Grundlagen dieser Bantusprache gelernt haben. Vor Ort werden wir ebenfalls die erste Zeit weiterhin Kinyarwandaunterricht erhalten, damit wir uns mit den Kindern vor Ort besser verst\u00e4ndigen k\u00f6nnen. Auf unserem Campus befindet sich eine Ausbildungsst\u00e4tte, das Oratorium sowie auch eine Kirche. Ebenfalls gibt es dort diverse Sportpl\u00e4tze wurde uns gesagt.<\/p>\n\n\n\n<figure class=\"wp-block-image size-large is-resized\"><img loading=\"lazy\" decoding=\"async\" src=\"https:\/\/blogs.donboscovolunteers.de\/elisainruanda\/wp-content\/uploads\/sites\/21691\/2023\/09\/IMG_0437-2-882x1024.jpeg\" alt=\"\" class=\"wp-image-65\" style=\"width:457px;height:531px\" width=\"457\" height=\"531\" srcset=\"https:\/\/blogs.donboscovolunteers.de\/elisainruanda\/wp-content\/uploads\/sites\/21691\/2023\/09\/IMG_0437-2-882x1024.jpeg 882w, https:\/\/blogs.donboscovolunteers.de\/elisainruanda\/wp-content\/uploads\/sites\/21691\/2023\/09\/IMG_0437-2-258x300.jpeg 258w, https:\/\/blogs.donboscovolunteers.de\/elisainruanda\/wp-content\/uploads\/sites\/21691\/2023\/09\/IMG_0437-2-768x891.jpeg 768w, https:\/\/blogs.donboscovolunteers.de\/elisainruanda\/wp-content\/uploads\/sites\/21691\/2023\/09\/IMG_0437-2-900x1045.jpeg 900w, https:\/\/blogs.donboscovolunteers.de\/elisainruanda\/wp-content\/uploads\/sites\/21691\/2023\/09\/IMG_0437-2.jpeg 902w\" sizes=\"auto, (max-width: 457px) 100vw, 457px\" \/><\/figure>\n\n\n\n<p>Was genau alles auf uns zukommt und wie unser Leben dort sein wird, k\u00f6nnen wir noch nicht sagen, aber daf\u00fcr haben wir ja diesen Blog:)<\/p>\n\n\n\n<p>Hoffentlich konnte ich dein Interesse auch ein wenig wecken und vielleicht verfolgst du unsere Reise ja auch ein wenig mit:)<\/p>\n\n\n\n<p><\/p>\n\n\n\n<p><\/p>\n\n\n\n<p>Falls du genauer auf dem Laufenden gehalten werden willst, kannst du Kathis und meinem Ruanda Account auf Instagram folgen:)                                                                    @ubuzimabwomurwanda<\/p>","protected":false},"excerpt":{"rendered":"<p>Ich hei\u00dfe Elisa, bin 18 Jahre alt und komme aus Greven in Nordrhein-Westfalen . Am 05. September fliege ich mit <a href=\"https:\/\/www.donboscomission.de\/don-bosco\/\">Don Bosco<\/a> Volunteers nach Butare Rango in Ruanda. In diesem Blog m\u00f6chte ich dich auf meine Reise mitnehmen und dir viele verschiedene Eindr\u00fccke \u00fcbermitteln (und somit muss ich nicht immer jedem einzeln schreiben;) ). Mein [&hellip;]<\/p>\n","protected":false},"author":21796,"featured_media":68,"parent":0,"menu_order":0,"comment_status":"closed","ping_status":"closed","template":"","meta":{"footnotes":""},"class_list":["post-60","page","type-page","status-publish","has-post-thumbnail","hentry"],"yoast_head":"<!-- This site is optimized with the Yoast SEO plugin v25.3.1 - https:\/\/yoast.com\/wordpress\/plugins\/seo\/ -->\n<title>Ruanda, Rango und ich? - Elisa in Ruanda<\/title>\n<meta name=\"description\" content=\"Heyyy, ich bin Elisa und ich mache mit Don Bosco Volunteers einen Auslandsfreiwilligendienst in Butare Rango, Ruanda, und das bin ich!\" \/>\n<meta name=\"robots\" content=\"index, follow, max-snippet:-1, max-image-preview:large, max-video-preview:-1\" \/>\n<link rel=\"canonical\" href=\"https:\/\/blogs.donboscovolunteers.de\/elisainruanda\/ruanda-rango-und-ich\/\" \/>\n<meta property=\"og:locale\" content=\"de_DE\" \/>\n<meta property=\"og:type\" content=\"article\" \/>\n<meta property=\"og:title\" content=\"Ruanda, Rango und ich? - Elisa in Ruanda\" \/>\n<meta property=\"og:description\" content=\"Heyyy, ich bin Elisa und ich mache mit Don Bosco Volunteers einen Auslandsfreiwilligendienst in Butare Rango, Ruanda, und das bin ich!\" \/>\n<meta property=\"og:url\" content=\"https:\/\/blogs.donboscovolunteers.de\/elisainruanda\/ruanda-rango-und-ich\/\" \/>\n<meta property=\"og:site_name\" content=\"Elisa in Ruanda\" \/>\n<meta property=\"article:modified_time\" content=\"2023-09-14T09:03:02+00:00\" \/>\n<meta property=\"og:image\" content=\"https:\/\/blogs.donboscovolunteers.de\/elisainruanda\/wp-content\/uploads\/sites\/21691\/2023\/09\/IMG_1799.jpeg\" \/>\n\t<meta property=\"og:image:width\" content=\"1280\" \/>\n\t<meta property=\"og:image:height\" content=\"1126\" \/>\n\t<meta property=\"og:image:type\" content=\"image\/jpeg\" \/>\n<meta name=\"twitter:card\" content=\"summary_large_image\" \/>\n<meta name=\"twitter:label1\" content=\"Gesch\u00e4tzte Lesezeit\" \/>\n\t<meta name=\"twitter:data1\" content=\"2\u00a0Minuten\" \/>\n<script type=\"application\/ld+json\" class=\"yoast-schema-graph\">{\"@context\":\"https:\/\/schema.org\",\"@graph\":[{\"@type\":\"WebPage\",\"@id\":\"https:\/\/blogs.donboscovolunteers.de\/elisainruanda\/ruanda-rango-und-ich\/\",\"url\":\"https:\/\/blogs.donboscovolunteers.de\/elisainruanda\/ruanda-rango-und-ich\/\",\"name\":\"Ruanda, Rango und ich? - Elisa in Ruanda\",\"isPartOf\":{\"@id\":\"https:\/\/blogs.donboscovolunteers.de\/elisainruanda\/#website\"},\"primaryImageOfPage\":{\"@id\":\"https:\/\/blogs.donboscovolunteers.de\/elisainruanda\/ruanda-rango-und-ich\/#primaryimage\"},\"image\":{\"@id\":\"https:\/\/blogs.donboscovolunteers.de\/elisainruanda\/ruanda-rango-und-ich\/#primaryimage\"},\"thumbnailUrl\":\"https:\/\/blogs.donboscovolunteers.de\/elisainruanda\/wp-content\/uploads\/sites\/21691\/2023\/09\/IMG_1799.jpeg\",\"datePublished\":\"2023-09-10T18:30:24+00:00\",\"dateModified\":\"2023-09-14T09:03:02+00:00\",\"description\":\"Heyyy, ich bin Elisa und ich mache mit Don Bosco Volunteers einen Auslandsfreiwilligendienst in Butare Rango, Ruanda, und das bin ich!\",\"breadcrumb\":{\"@id\":\"https:\/\/blogs.donboscovolunteers.de\/elisainruanda\/ruanda-rango-und-ich\/#breadcrumb\"},\"inLanguage\":\"de\",\"potentialAction\":[{\"@type\":\"ReadAction\",\"target\":[\"https:\/\/blogs.donboscovolunteers.de\/elisainruanda\/ruanda-rango-und-ich\/\"]}]},{\"@type\":\"ImageObject\",\"inLanguage\":\"de\",\"@id\":\"https:\/\/blogs.donboscovolunteers.de\/elisainruanda\/ruanda-rango-und-ich\/#primaryimage\",\"url\":\"https:\/\/blogs.donboscovolunteers.de\/elisainruanda\/wp-content\/uploads\/sites\/21691\/2023\/09\/IMG_1799.jpeg\",\"contentUrl\":\"https:\/\/blogs.donboscovolunteers.de\/elisainruanda\/wp-content\/uploads\/sites\/21691\/2023\/09\/IMG_1799.jpeg\",\"width\":1280,\"height\":1126},{\"@type\":\"BreadcrumbList\",\"@id\":\"https:\/\/blogs.donboscovolunteers.de\/elisainruanda\/ruanda-rango-und-ich\/#breadcrumb\",\"itemListElement\":[{\"@type\":\"ListItem\",\"position\":1,\"name\":\"Startseite\",\"item\":\"https:\/\/blogs.donboscovolunteers.de\/elisainruanda\/\"},{\"@type\":\"ListItem\",\"position\":2,\"name\":\"Ruanda, Rango und ich?\"}]},{\"@type\":\"WebSite\",\"@id\":\"https:\/\/blogs.donboscovolunteers.de\/elisainruanda\/#website\",\"url\":\"https:\/\/blogs.donboscovolunteers.de\/elisainruanda\/\",\"name\":\"Elisa in Ruanda\",\"description\":\"\",\"potentialAction\":[{\"@type\":\"SearchAction\",\"target\":{\"@type\":\"EntryPoint\",\"urlTemplate\":\"https:\/\/blogs.donboscovolunteers.de\/elisainruanda\/?s={search_term_string}\"},\"query-input\":{\"@type\":\"PropertyValueSpecification\",\"valueRequired\":true,\"valueName\":\"search_term_string\"}}],\"inLanguage\":\"de\"}]}<\/script>\n<!-- \/ Yoast SEO plugin. -->","yoast_head_json":{"title":"Ruanda, Rango und ich? - Elisa in Ruanda","description":"Heyyy, ich bin Elisa und ich mache mit Don Bosco Volunteers einen Auslandsfreiwilligendienst in Butare Rango, Ruanda, und das bin ich!","robots":{"index":"index","follow":"follow","max-snippet":"max-snippet:-1","max-image-preview":"max-image-preview:large","max-video-preview":"max-video-preview:-1"},"canonical":"https:\/\/blogs.donboscovolunteers.de\/elisainruanda\/ruanda-rango-und-ich\/","og_locale":"de_DE","og_type":"article","og_title":"Ruanda, Rango und ich? - Elisa in Ruanda","og_description":"Heyyy, ich bin Elisa und ich mache mit Don Bosco Volunteers einen Auslandsfreiwilligendienst in Butare Rango, Ruanda, und das bin ich!","og_url":"https:\/\/blogs.donboscovolunteers.de\/elisainruanda\/ruanda-rango-und-ich\/","og_site_name":"Elisa in Ruanda","article_modified_time":"2023-09-14T09:03:02+00:00","og_image":[{"width":1280,"height":1126,"url":"https:\/\/blogs.donboscovolunteers.de\/elisainruanda\/wp-content\/uploads\/sites\/21691\/2023\/09\/IMG_1799.jpeg","type":"image\/jpeg"}],"twitter_card":"summary_large_image","twitter_misc":{"Gesch\u00e4tzte Lesezeit":"2\u00a0Minuten"},"schema":{"@context":"https:\/\/schema.org","@graph":[{"@type":"WebPage","@id":"https:\/\/blogs.donboscovolunteers.de\/elisainruanda\/ruanda-rango-und-ich\/","url":"https:\/\/blogs.donboscovolunteers.de\/elisainruanda\/ruanda-rango-und-ich\/","name":"Ruanda, Rango und ich? - Elisa in Ruanda","isPartOf":{"@id":"https:\/\/blogs.donboscovolunteers.de\/elisainruanda\/#website"},"primaryImageOfPage":{"@id":"https:\/\/blogs.donboscovolunteers.de\/elisainruanda\/ruanda-rango-und-ich\/#primaryimage"},"image":{"@id":"https:\/\/blogs.donboscovolunteers.de\/elisainruanda\/ruanda-rango-und-ich\/#primaryimage"},"thumbnailUrl":"https:\/\/blogs.donboscovolunteers.de\/elisainruanda\/wp-content\/uploads\/sites\/21691\/2023\/09\/IMG_1799.jpeg","datePublished":"2023-09-10T18:30:24+00:00","dateModified":"2023-09-14T09:03:02+00:00","description":"Heyyy, ich bin Elisa und ich mache mit Don Bosco Volunteers einen Auslandsfreiwilligendienst in Butare Rango, Ruanda, und das bin ich!","breadcrumb":{"@id":"https:\/\/blogs.donboscovolunteers.de\/elisainruanda\/ruanda-rango-und-ich\/#breadcrumb"},"inLanguage":"de","potentialAction":[{"@type":"ReadAction","target":["https:\/\/blogs.donboscovolunteers.de\/elisainruanda\/ruanda-rango-und-ich\/"]}]},{"@type":"ImageObject","inLanguage":"de","@id":"https:\/\/blogs.donboscovolunteers.de\/elisainruanda\/ruanda-rango-und-ich\/#primaryimage","url":"https:\/\/blogs.donboscovolunteers.de\/elisainruanda\/wp-content\/uploads\/sites\/21691\/2023\/09\/IMG_1799.jpeg","contentUrl":"https:\/\/blogs.donboscovolunteers.de\/elisainruanda\/wp-content\/uploads\/sites\/21691\/2023\/09\/IMG_1799.jpeg","width":1280,"height":1126},{"@type":"BreadcrumbList","@id":"https:\/\/blogs.donboscovolunteers.de\/elisainruanda\/ruanda-rango-und-ich\/#breadcrumb","itemListElement":[{"@type":"ListItem","position":1,"name":"Startseite","item":"https:\/\/blogs.donboscovolunteers.de\/elisainruanda\/"},{"@type":"ListItem","position":2,"name":"Ruanda, Rango und ich?"}]},{"@type":"WebSite","@id":"https:\/\/blogs.donboscovolunteers.de\/elisainruanda\/#website","url":"https:\/\/blogs.donboscovolunteers.de\/elisainruanda\/","name":"Elisa in Ruanda","description":"","potentialAction":[{"@type":"SearchAction","target":{"@type":"EntryPoint","urlTemplate":"https:\/\/blogs.donboscovolunteers.de\/elisainruanda\/?s={search_term_string}"},"query-input":{"@type":"PropertyValueSpecification","valueRequired":true,"valueName":"search_term_string"}}],"inLanguage":"de"}]}},"_links":{"self":[{"href":"https:\/\/blogs.donboscovolunteers.de\/elisainruanda\/wp-json\/wp\/v2\/pages\/60","targetHints":{"allow":["GET"]}}],"collection":[{"href":"https:\/\/blogs.donboscovolunteers.de\/elisainruanda\/wp-json\/wp\/v2\/pages"}],"about":[{"href":"https:\/\/blogs.donboscovolunteers.de\/elisainruanda\/wp-json\/wp\/v2\/types\/page"}],"author":[{"embeddable":true,"href":"https:\/\/blogs.donboscovolunteers.de\/elisainruanda\/wp-json\/wp\/v2\/users\/21796"}],"replies":[{"embeddable":true,"href":"https:\/\/blogs.donboscovolunteers.de\/elisainruanda\/wp-json\/wp\/v2\/comments?post=60"}],"version-history":[{"count":3,"href":"https:\/\/blogs.donboscovolunteers.de\/elisainruanda\/wp-json\/wp\/v2\/pages\/60\/revisions"}],"predecessor-version":[{"id":119,"href":"https:\/\/blogs.donboscovolunteers.de\/elisainruanda\/wp-json\/wp\/v2\/pages\/60\/revisions\/119"}],"wp:featuredmedia":[{"embeddable":true,"href":"https:\/\/blogs.donboscovolunteers.de\/elisainruanda\/wp-json\/wp\/v2\/media\/68"}],"wp:attachment":[{"href":"https:\/\/blogs.donboscovolunteers.de\/elisainruanda\/wp-json\/wp\/v2\/media?parent=60"}],"curies":[{"name":"wp","href":"https:\/\/api.w.org\/{rel}","templated":true}]}}