{"id":35,"date":"2023-08-22T23:54:01","date_gmt":"2023-08-22T21:54:01","guid":{"rendered":"https:\/\/blogs.donboscovolunteers.de\/elisainruanda\/?page_id=35"},"modified":"2023-09-14T11:15:44","modified_gmt":"2023-09-14T09:15:44","slug":"mein-profil-2","status":"publish","type":"page","link":"https:\/\/blogs.donboscovolunteers.de\/elisainruanda\/mein-profil-2\/","title":{"rendered":"Ruanda!"},"content":{"rendered":"<p>Hey! Willkommen bei meinem Blog:)<\/p>\n\n\n\n<p>Mein Name ist Elisa und zusammen mit meiner Mitvolont\u00e4rin Kathi werde ich ab dem 05. September 2023 einen Auslandsfreiwilligendienst in Butare Rango im S\u00fcden Ruandas machen. Bevor ich mich aber sp\u00e4ter genauer vorstelle, m\u00f6chte ich dir erst einen Einblick in das Land Ruanda geben.<\/p>\n\n\n\n<p>Ruanda liegt in Zentral- Ostafrika und hat circa 13 Millionen Einwohner. Die Hauptstadt hei\u00dft Kigali und die Landessprachen sind Kinyarwanda, Franz\u00f6sisch, Englisch und Swahili. Gepr\u00e4gt ist das Land von dem 100t\u00e4gigen Genozid im Jahr 1994. W\u00e4hrend dieser Zeit sind zwischen 800.000 und 1.000.000 Menschen gestorben und weitere tausende Menschen flohen vor den Gr\u00e4ueltaten. Die Hutu-Mehrheit t\u00f6tete circa 75% der in Ruanda lebenden Tutsi-Minderheit.<\/p>\n\n\n\n<blockquote class=\"wp-block-quote is-layout-flow wp-block-quote-is-layout-flow\">\n<p>Der Genozid ereignete sich im Kontext eines langj\u00e4hrigen Konflikts zwischen der damaligen ruandischen Regierung und der Rebellenbewegung&nbsp;<em>Ruandische Patriotische Front (RPF).<\/em><\/p>\n<cite>&#8211; Wikipedia<\/cite><\/blockquote>\n\n\n\n<p>Durch die Bildung der Regierung der Nationalen Einheit in Koalition mit weiteren politischen Parteien, der Demokratisierung und der Dezentralisierung hat das Land es geschafft, sich nach diesem grausamen Ereignis in 1994 wieder weiter und neu aufzubauen. Beispiele f\u00fcr bisherige positive Bilanzen nach der Bundeszentrale f\u00fcr politische Bildung sind wie folgt:<\/p>\n\n\n\n<blockquote class=\"wp-block-quote is-layout-flow wp-block-quote-is-layout-flow\">\n<p>\u2022 Die G8-Finanzminister haben im Jahre 2005 f\u00fcr Ruanda einen 100-prozentigen Schuldenerlass in H\u00f6he von 1,1 Milliarden US-Dollar vereinbart. Voraussetzung daf\u00fcr waren eine gute Regierungsf\u00fchrung, Wirtschaftsreformen und die Achtung der Menschenrechte. Da Ruanda all diese Voraussetzungen erf\u00fcllt, ist der Schuldenerlass sofort in Kraft getreten. Das bedeutet nun rund 48 Millionen Dollar pro Jahr, die Ruanda in den n\u00e4chsten zehn bis 20 Jahren nicht mehr f\u00fcr die Schulden abzahlen muss. Dieses Geld wird f\u00fcr unser Programm zur Reduzierung der Armut eingesetzt, besonders f\u00fcr die Bereiche Bildung und Gesundheit.<\/p>\n\n\n\n<p>\u2022 Die \u00e4rztliche Versorgung wird zusehends verbessert. Im Gesundheitswesen wurden gro\u00dfe Anstrengung unternommen, um die Qualit\u00e4t des Gesundheitsdienstes zu verbessern.<\/p>\n\n\n\n<p>\u2022 Wir haben das erste Fiberoptikkabel in Ruanda verlegt und mit dem Luftverkehrs-Sicherheits- projekt angefangen \u2013 dem Kalisimbi-Projekt.<\/p>\n\n\n\n<p>\u2022 Die Einschulungsquote bei den Erstkl\u00e4sslern ist als Ergebnis der neuen Politik geb\u00fchrenfreier Grundschulerziehung auf einem Rekordstand. Es gibt neue Klassenr\u00e4ume, qualifizierte Lehrer und mehr Schulmaterial sind zur Verf\u00fcgung gestellt.<\/p>\n\n\n\n<p><\/p>\n<cite>&#8211; Bundeszentrale f\u00fcr politische Bildung, 2007<\/cite><\/blockquote>\n\n\n\n<p><\/p>\n\n\n\n<p><\/p>\n\n\n\n<p>Falls du genauer auf dem Laufenden gehalten werden willst, kannst du Kathis und meinem Ruanda Account auf Instagram folgen:)                                                                   @ubuzimabwumurwanda<\/p>","protected":false},"excerpt":{"rendered":"<p>Hey! Willkommen bei meinem Blog:) Mein Name ist Elisa und zusammen mit meiner Mitvolont\u00e4rin Kathi werde ich ab dem 05. September 2023 einen Auslandsfreiwilligendienst in Butare Rango im S\u00fcden Ruandas machen. Bevor ich mich aber sp\u00e4ter genauer vorstelle, m\u00f6chte ich dir erst einen Einblick in das Land Ruanda geben. Ruanda liegt in Zentral- Ostafrika und [&hellip;]<\/p>\n","protected":false},"author":21796,"featured_media":67,"parent":0,"menu_order":0,"comment_status":"closed","ping_status":"closed","template":"","meta":{"footnotes":""},"class_list":["post-35","page","type-page","status-publish","has-post-thumbnail","hentry"],"yoast_head":"<!-- This site is optimized with the Yoast SEO plugin v25.3.1 - https:\/\/yoast.com\/wordpress\/plugins\/seo\/ -->\n<title>Ruanda! - Elisa in Ruanda<\/title>\n<meta name=\"description\" content=\"Mein Name ist Elisa, ich bin 18 Jahre alt und am 05. September beginnt f\u00fcr meine Mitvolont\u00e4rin Kathi und mich unser Auslandsfreiwilligendienst in Butare Rango im S\u00fcden von Ruanda.\" \/>\n<meta name=\"robots\" content=\"index, follow, max-snippet:-1, max-image-preview:large, max-video-preview:-1\" \/>\n<link rel=\"canonical\" href=\"https:\/\/blogs.donboscovolunteers.de\/elisainruanda\/mein-profil-2\/\" \/>\n<meta property=\"og:locale\" content=\"de_DE\" \/>\n<meta property=\"og:type\" content=\"article\" \/>\n<meta property=\"og:title\" content=\"Ruanda! - Elisa in Ruanda\" \/>\n<meta property=\"og:description\" content=\"Mein Name ist Elisa, ich bin 18 Jahre alt und am 05. September beginnt f\u00fcr meine Mitvolont\u00e4rin Kathi und mich unser Auslandsfreiwilligendienst in Butare Rango im S\u00fcden von Ruanda.\" \/>\n<meta property=\"og:url\" content=\"https:\/\/blogs.donboscovolunteers.de\/elisainruanda\/mein-profil-2\/\" \/>\n<meta property=\"og:site_name\" content=\"Elisa in Ruanda\" \/>\n<meta property=\"article:modified_time\" content=\"2023-09-14T09:15:44+00:00\" \/>\n<meta property=\"og:image\" content=\"https:\/\/blogs.donboscovolunteers.de\/elisainruanda\/wp-content\/uploads\/sites\/21691\/2023\/09\/IMG_1822-e1694682906309.jpeg\" \/>\n\t<meta property=\"og:image:width\" content=\"938\" \/>\n\t<meta property=\"og:image:height\" content=\"825\" \/>\n\t<meta property=\"og:image:type\" content=\"image\/jpeg\" \/>\n<meta name=\"twitter:card\" content=\"summary_large_image\" \/>\n<meta name=\"twitter:label1\" content=\"Gesch\u00e4tzte Lesezeit\" \/>\n\t<meta name=\"twitter:data1\" content=\"2\u00a0Minuten\" \/>\n<script type=\"application\/ld+json\" class=\"yoast-schema-graph\">{\"@context\":\"https:\/\/schema.org\",\"@graph\":[{\"@type\":\"WebPage\",\"@id\":\"https:\/\/blogs.donboscovolunteers.de\/elisainruanda\/mein-profil-2\/\",\"url\":\"https:\/\/blogs.donboscovolunteers.de\/elisainruanda\/mein-profil-2\/\",\"name\":\"Ruanda! - Elisa in Ruanda\",\"isPartOf\":{\"@id\":\"https:\/\/blogs.donboscovolunteers.de\/elisainruanda\/#website\"},\"primaryImageOfPage\":{\"@id\":\"https:\/\/blogs.donboscovolunteers.de\/elisainruanda\/mein-profil-2\/#primaryimage\"},\"image\":{\"@id\":\"https:\/\/blogs.donboscovolunteers.de\/elisainruanda\/mein-profil-2\/#primaryimage\"},\"thumbnailUrl\":\"https:\/\/blogs.donboscovolunteers.de\/elisainruanda\/wp-content\/uploads\/sites\/21691\/2023\/09\/IMG_1822-e1695036304937.jpeg\",\"datePublished\":\"2023-08-22T21:54:01+00:00\",\"dateModified\":\"2023-09-14T09:15:44+00:00\",\"description\":\"Mein Name ist Elisa, ich bin 18 Jahre alt und am 05. September beginnt f\u00fcr meine Mitvolont\u00e4rin Kathi und mich unser Auslandsfreiwilligendienst in Butare Rango im S\u00fcden von Ruanda.\",\"breadcrumb\":{\"@id\":\"https:\/\/blogs.donboscovolunteers.de\/elisainruanda\/mein-profil-2\/#breadcrumb\"},\"inLanguage\":\"de\",\"potentialAction\":[{\"@type\":\"ReadAction\",\"target\":[\"https:\/\/blogs.donboscovolunteers.de\/elisainruanda\/mein-profil-2\/\"]}]},{\"@type\":\"ImageObject\",\"inLanguage\":\"de\",\"@id\":\"https:\/\/blogs.donboscovolunteers.de\/elisainruanda\/mein-profil-2\/#primaryimage\",\"url\":\"https:\/\/blogs.donboscovolunteers.de\/elisainruanda\/wp-content\/uploads\/sites\/21691\/2023\/09\/IMG_1822-e1695036304937.jpeg\",\"contentUrl\":\"https:\/\/blogs.donboscovolunteers.de\/elisainruanda\/wp-content\/uploads\/sites\/21691\/2023\/09\/IMG_1822-e1695036304937.jpeg\",\"width\":923,\"height\":600},{\"@type\":\"BreadcrumbList\",\"@id\":\"https:\/\/blogs.donboscovolunteers.de\/elisainruanda\/mein-profil-2\/#breadcrumb\",\"itemListElement\":[{\"@type\":\"ListItem\",\"position\":1,\"name\":\"Startseite\",\"item\":\"https:\/\/blogs.donboscovolunteers.de\/elisainruanda\/\"},{\"@type\":\"ListItem\",\"position\":2,\"name\":\"Ruanda!\"}]},{\"@type\":\"WebSite\",\"@id\":\"https:\/\/blogs.donboscovolunteers.de\/elisainruanda\/#website\",\"url\":\"https:\/\/blogs.donboscovolunteers.de\/elisainruanda\/\",\"name\":\"Elisa in Ruanda\",\"description\":\"\",\"potentialAction\":[{\"@type\":\"SearchAction\",\"target\":{\"@type\":\"EntryPoint\",\"urlTemplate\":\"https:\/\/blogs.donboscovolunteers.de\/elisainruanda\/?s={search_term_string}\"},\"query-input\":{\"@type\":\"PropertyValueSpecification\",\"valueRequired\":true,\"valueName\":\"search_term_string\"}}],\"inLanguage\":\"de\"}]}<\/script>\n<!-- \/ Yoast SEO plugin. -->","yoast_head_json":{"title":"Ruanda! - Elisa in Ruanda","description":"Mein Name ist Elisa, ich bin 18 Jahre alt und am 05. September beginnt f\u00fcr meine Mitvolont\u00e4rin Kathi und mich unser Auslandsfreiwilligendienst in Butare Rango im S\u00fcden von Ruanda.","robots":{"index":"index","follow":"follow","max-snippet":"max-snippet:-1","max-image-preview":"max-image-preview:large","max-video-preview":"max-video-preview:-1"},"canonical":"https:\/\/blogs.donboscovolunteers.de\/elisainruanda\/mein-profil-2\/","og_locale":"de_DE","og_type":"article","og_title":"Ruanda! - Elisa in Ruanda","og_description":"Mein Name ist Elisa, ich bin 18 Jahre alt und am 05. September beginnt f\u00fcr meine Mitvolont\u00e4rin Kathi und mich unser Auslandsfreiwilligendienst in Butare Rango im S\u00fcden von Ruanda.","og_url":"https:\/\/blogs.donboscovolunteers.de\/elisainruanda\/mein-profil-2\/","og_site_name":"Elisa in Ruanda","article_modified_time":"2023-09-14T09:15:44+00:00","og_image":[{"width":938,"height":825,"url":"https:\/\/blogs.donboscovolunteers.de\/elisainruanda\/wp-content\/uploads\/sites\/21691\/2023\/09\/IMG_1822-e1694682906309.jpeg","type":"image\/jpeg"}],"twitter_card":"summary_large_image","twitter_misc":{"Gesch\u00e4tzte Lesezeit":"2\u00a0Minuten"},"schema":{"@context":"https:\/\/schema.org","@graph":[{"@type":"WebPage","@id":"https:\/\/blogs.donboscovolunteers.de\/elisainruanda\/mein-profil-2\/","url":"https:\/\/blogs.donboscovolunteers.de\/elisainruanda\/mein-profil-2\/","name":"Ruanda! - Elisa in Ruanda","isPartOf":{"@id":"https:\/\/blogs.donboscovolunteers.de\/elisainruanda\/#website"},"primaryImageOfPage":{"@id":"https:\/\/blogs.donboscovolunteers.de\/elisainruanda\/mein-profil-2\/#primaryimage"},"image":{"@id":"https:\/\/blogs.donboscovolunteers.de\/elisainruanda\/mein-profil-2\/#primaryimage"},"thumbnailUrl":"https:\/\/blogs.donboscovolunteers.de\/elisainruanda\/wp-content\/uploads\/sites\/21691\/2023\/09\/IMG_1822-e1695036304937.jpeg","datePublished":"2023-08-22T21:54:01+00:00","dateModified":"2023-09-14T09:15:44+00:00","description":"Mein Name ist Elisa, ich bin 18 Jahre alt und am 05. September beginnt f\u00fcr meine Mitvolont\u00e4rin Kathi und mich unser Auslandsfreiwilligendienst in Butare Rango im S\u00fcden von Ruanda.","breadcrumb":{"@id":"https:\/\/blogs.donboscovolunteers.de\/elisainruanda\/mein-profil-2\/#breadcrumb"},"inLanguage":"de","potentialAction":[{"@type":"ReadAction","target":["https:\/\/blogs.donboscovolunteers.de\/elisainruanda\/mein-profil-2\/"]}]},{"@type":"ImageObject","inLanguage":"de","@id":"https:\/\/blogs.donboscovolunteers.de\/elisainruanda\/mein-profil-2\/#primaryimage","url":"https:\/\/blogs.donboscovolunteers.de\/elisainruanda\/wp-content\/uploads\/sites\/21691\/2023\/09\/IMG_1822-e1695036304937.jpeg","contentUrl":"https:\/\/blogs.donboscovolunteers.de\/elisainruanda\/wp-content\/uploads\/sites\/21691\/2023\/09\/IMG_1822-e1695036304937.jpeg","width":923,"height":600},{"@type":"BreadcrumbList","@id":"https:\/\/blogs.donboscovolunteers.de\/elisainruanda\/mein-profil-2\/#breadcrumb","itemListElement":[{"@type":"ListItem","position":1,"name":"Startseite","item":"https:\/\/blogs.donboscovolunteers.de\/elisainruanda\/"},{"@type":"ListItem","position":2,"name":"Ruanda!"}]},{"@type":"WebSite","@id":"https:\/\/blogs.donboscovolunteers.de\/elisainruanda\/#website","url":"https:\/\/blogs.donboscovolunteers.de\/elisainruanda\/","name":"Elisa in Ruanda","description":"","potentialAction":[{"@type":"SearchAction","target":{"@type":"EntryPoint","urlTemplate":"https:\/\/blogs.donboscovolunteers.de\/elisainruanda\/?s={search_term_string}"},"query-input":{"@type":"PropertyValueSpecification","valueRequired":true,"valueName":"search_term_string"}}],"inLanguage":"de"}]}},"_links":{"self":[{"href":"https:\/\/blogs.donboscovolunteers.de\/elisainruanda\/wp-json\/wp\/v2\/pages\/35","targetHints":{"allow":["GET"]}}],"collection":[{"href":"https:\/\/blogs.donboscovolunteers.de\/elisainruanda\/wp-json\/wp\/v2\/pages"}],"about":[{"href":"https:\/\/blogs.donboscovolunteers.de\/elisainruanda\/wp-json\/wp\/v2\/types\/page"}],"author":[{"embeddable":true,"href":"https:\/\/blogs.donboscovolunteers.de\/elisainruanda\/wp-json\/wp\/v2\/users\/21796"}],"replies":[{"embeddable":true,"href":"https:\/\/blogs.donboscovolunteers.de\/elisainruanda\/wp-json\/wp\/v2\/comments?post=35"}],"version-history":[{"count":5,"href":"https:\/\/blogs.donboscovolunteers.de\/elisainruanda\/wp-json\/wp\/v2\/pages\/35\/revisions"}],"predecessor-version":[{"id":121,"href":"https:\/\/blogs.donboscovolunteers.de\/elisainruanda\/wp-json\/wp\/v2\/pages\/35\/revisions\/121"}],"wp:featuredmedia":[{"embeddable":true,"href":"https:\/\/blogs.donboscovolunteers.de\/elisainruanda\/wp-json\/wp\/v2\/media\/67"}],"wp:attachment":[{"href":"https:\/\/blogs.donboscovolunteers.de\/elisainruanda\/wp-json\/wp\/v2\/media?parent=35"}],"curies":[{"name":"wp","href":"https:\/\/api.w.org\/{rel}","templated":true}]}}