{"id":13,"date":"2023-08-22T22:49:14","date_gmt":"2023-08-22T20:49:14","guid":{"rendered":"https:\/\/blogs.donboscovolunteers.de\/elisainruanda\/?page_id=13"},"modified":"2023-09-14T11:14:10","modified_gmt":"2023-09-14T09:14:10","slug":"spenden","status":"publish","type":"page","link":"https:\/\/blogs.donboscovolunteers.de\/elisainruanda\/spenden\/","title":{"rendered":"Spenden :)"},"content":{"rendered":"<p>Heyy:)<\/p>\n\n\n\n<p> Hier ist meine offizielle Spendenseite! Falls dir mein Blog gef\u00e4llt und du mein Projekt in Butare Rango und mich finanziell unterst\u00fctzen m\u00f6chtest, bist du hier genau richtig! \u00dcber das Spendentool unten kannst du f\u00fcr meinen Auslandsfreiwilligendienst ganz unkompliziert spenden. <\/p>\n\n\n\n<p>Jede kleine Spende ist super hilfreich um die Organisation und das Projekt im S\u00fcden Ruandas zu unterst\u00fctzen! <\/p>\n\n\n\n<p class=\"has-black-color has-text-color\">Vielen Dank!:)<\/p>\n\n\n\n<p>Rund 50 Freiwillige werden jedes Jahr von <a href=\"https:\/\/www.donboscomission.de\/don-bosco\/\">Don Bosco<\/a> Volunteers ins Ausland entsandt.&nbsp;Hier k\u00f6nnt ihr f\u00fcr meinen <a href=\"https:\/\/www.donboscovolunteers.de\/\">Freiwilligendienst<\/a> spenden: <a href=\"https:\/\/www.donboscomission.de\/volontariat\/2023\/spenden\/elisainruanda\">https:\/\/www.donboscomission.de\/volontariat\/2023\/spenden\/elisainruanda<\/a><\/p>\n\n\n\n<p><\/p>\n\n\n\n<p><\/p>\n\n\n\n<p>Falls du genauer auf dem Laufenden gehalten werden willst, kannst du Kathis und meinen Ruanda Account auf Instagram folgen:)                                                                                  @ubuzimabwomurwanda<\/p>","protected":false},"excerpt":{"rendered":"<p>Heyy:) Hier ist meine offizielle Spendenseite! Falls dir mein Blog gef\u00e4llt und du mein Projekt in Butare Rango und mich finanziell unterst\u00fctzen m\u00f6chtest, bist du hier genau richtig! \u00dcber das Spendentool unten kannst du f\u00fcr meinen Auslandsfreiwilligendienst ganz unkompliziert spenden. Jede kleine Spende ist super hilfreich um die Organisation und das Projekt im S\u00fcden Ruandas [&hellip;]<\/p>\n","protected":false},"author":21796,"featured_media":14,"parent":0,"menu_order":0,"comment_status":"closed","ping_status":"closed","template":"","meta":{"footnotes":""},"class_list":["post-13","page","type-page","status-publish","has-post-thumbnail","hentry"],"yoast_head":"<!-- This site is optimized with the Yoast SEO plugin v25.3.1 - https:\/\/yoast.com\/wordpress\/plugins\/seo\/ -->\n<title>Spenden :) - Elisa in Ruanda<\/title>\n<meta name=\"description\" content=\"Hier ist meine offizielle Don Bosco Spendenseite! Falls mein Blog dich anspricht und du Interesse hast mein Projekt und mich finanziell zu unterst\u00fctzen, bist du hier genau richtig :)\" \/>\n<meta name=\"robots\" content=\"index, follow, max-snippet:-1, max-image-preview:large, max-video-preview:-1\" \/>\n<link rel=\"canonical\" href=\"https:\/\/blogs.donboscovolunteers.de\/elisainruanda\/spenden\/\" \/>\n<meta property=\"og:locale\" content=\"de_DE\" \/>\n<meta property=\"og:type\" content=\"article\" \/>\n<meta property=\"og:title\" content=\"Spenden :) - Elisa in Ruanda\" \/>\n<meta property=\"og:description\" content=\"Hier ist meine offizielle Don Bosco Spendenseite! Falls mein Blog dich anspricht und du Interesse hast mein Projekt und mich finanziell zu unterst\u00fctzen, bist du hier genau richtig :)\" \/>\n<meta property=\"og:url\" content=\"https:\/\/blogs.donboscovolunteers.de\/elisainruanda\/spenden\/\" \/>\n<meta property=\"og:site_name\" content=\"Elisa in Ruanda\" \/>\n<meta property=\"article:modified_time\" content=\"2023-09-14T09:14:10+00:00\" \/>\n<meta property=\"og:image\" content=\"https:\/\/blogs.donboscovolunteers.de\/elisainruanda\/wp-content\/uploads\/sites\/21691\/2023\/08\/volunteer-2055010_1280.png\" \/>\n\t<meta property=\"og:image:width\" content=\"1280\" \/>\n\t<meta property=\"og:image:height\" content=\"882\" \/>\n\t<meta property=\"og:image:type\" content=\"image\/png\" \/>\n<meta name=\"twitter:card\" content=\"summary_large_image\" \/>\n<meta name=\"twitter:label1\" content=\"Gesch\u00e4tzte Lesezeit\" \/>\n\t<meta name=\"twitter:data1\" content=\"1\u00a0Minute\" \/>\n<script type=\"application\/ld+json\" class=\"yoast-schema-graph\">{\"@context\":\"https:\/\/schema.org\",\"@graph\":[{\"@type\":\"WebPage\",\"@id\":\"https:\/\/blogs.donboscovolunteers.de\/elisainruanda\/spenden\/\",\"url\":\"https:\/\/blogs.donboscovolunteers.de\/elisainruanda\/spenden\/\",\"name\":\"Spenden :) - Elisa in Ruanda\",\"isPartOf\":{\"@id\":\"https:\/\/blogs.donboscovolunteers.de\/elisainruanda\/#website\"},\"primaryImageOfPage\":{\"@id\":\"https:\/\/blogs.donboscovolunteers.de\/elisainruanda\/spenden\/#primaryimage\"},\"image\":{\"@id\":\"https:\/\/blogs.donboscovolunteers.de\/elisainruanda\/spenden\/#primaryimage\"},\"thumbnailUrl\":\"https:\/\/blogs.donboscovolunteers.de\/elisainruanda\/wp-content\/uploads\/sites\/21691\/2023\/08\/volunteer-2055010_1280.png\",\"datePublished\":\"2023-08-22T20:49:14+00:00\",\"dateModified\":\"2023-09-14T09:14:10+00:00\",\"description\":\"Hier ist meine offizielle Don Bosco Spendenseite! Falls mein Blog dich anspricht und du Interesse hast mein Projekt und mich finanziell zu unterst\u00fctzen, bist du hier genau richtig :)\",\"breadcrumb\":{\"@id\":\"https:\/\/blogs.donboscovolunteers.de\/elisainruanda\/spenden\/#breadcrumb\"},\"inLanguage\":\"de\",\"potentialAction\":[{\"@type\":\"ReadAction\",\"target\":[\"https:\/\/blogs.donboscovolunteers.de\/elisainruanda\/spenden\/\"]}]},{\"@type\":\"ImageObject\",\"inLanguage\":\"de\",\"@id\":\"https:\/\/blogs.donboscovolunteers.de\/elisainruanda\/spenden\/#primaryimage\",\"url\":\"https:\/\/blogs.donboscovolunteers.de\/elisainruanda\/wp-content\/uploads\/sites\/21691\/2023\/08\/volunteer-2055010_1280.png\",\"contentUrl\":\"https:\/\/blogs.donboscovolunteers.de\/elisainruanda\/wp-content\/uploads\/sites\/21691\/2023\/08\/volunteer-2055010_1280.png\",\"width\":1280,\"height\":882},{\"@type\":\"BreadcrumbList\",\"@id\":\"https:\/\/blogs.donboscovolunteers.de\/elisainruanda\/spenden\/#breadcrumb\",\"itemListElement\":[{\"@type\":\"ListItem\",\"position\":1,\"name\":\"Startseite\",\"item\":\"https:\/\/blogs.donboscovolunteers.de\/elisainruanda\/\"},{\"@type\":\"ListItem\",\"position\":2,\"name\":\"Spenden :)\"}]},{\"@type\":\"WebSite\",\"@id\":\"https:\/\/blogs.donboscovolunteers.de\/elisainruanda\/#website\",\"url\":\"https:\/\/blogs.donboscovolunteers.de\/elisainruanda\/\",\"name\":\"Elisa in Ruanda\",\"description\":\"\",\"potentialAction\":[{\"@type\":\"SearchAction\",\"target\":{\"@type\":\"EntryPoint\",\"urlTemplate\":\"https:\/\/blogs.donboscovolunteers.de\/elisainruanda\/?s={search_term_string}\"},\"query-input\":{\"@type\":\"PropertyValueSpecification\",\"valueRequired\":true,\"valueName\":\"search_term_string\"}}],\"inLanguage\":\"de\"}]}<\/script>\n<!-- \/ Yoast SEO plugin. -->","yoast_head_json":{"title":"Spenden :) - Elisa in Ruanda","description":"Hier ist meine offizielle Don Bosco Spendenseite! Falls mein Blog dich anspricht und du Interesse hast mein Projekt und mich finanziell zu unterst\u00fctzen, bist du hier genau richtig :)","robots":{"index":"index","follow":"follow","max-snippet":"max-snippet:-1","max-image-preview":"max-image-preview:large","max-video-preview":"max-video-preview:-1"},"canonical":"https:\/\/blogs.donboscovolunteers.de\/elisainruanda\/spenden\/","og_locale":"de_DE","og_type":"article","og_title":"Spenden :) - Elisa in Ruanda","og_description":"Hier ist meine offizielle Don Bosco Spendenseite! Falls mein Blog dich anspricht und du Interesse hast mein Projekt und mich finanziell zu unterst\u00fctzen, bist du hier genau richtig :)","og_url":"https:\/\/blogs.donboscovolunteers.de\/elisainruanda\/spenden\/","og_site_name":"Elisa in Ruanda","article_modified_time":"2023-09-14T09:14:10+00:00","og_image":[{"width":1280,"height":882,"url":"https:\/\/blogs.donboscovolunteers.de\/elisainruanda\/wp-content\/uploads\/sites\/21691\/2023\/08\/volunteer-2055010_1280.png","type":"image\/png"}],"twitter_card":"summary_large_image","twitter_misc":{"Gesch\u00e4tzte Lesezeit":"1\u00a0Minute"},"schema":{"@context":"https:\/\/schema.org","@graph":[{"@type":"WebPage","@id":"https:\/\/blogs.donboscovolunteers.de\/elisainruanda\/spenden\/","url":"https:\/\/blogs.donboscovolunteers.de\/elisainruanda\/spenden\/","name":"Spenden :) - Elisa in Ruanda","isPartOf":{"@id":"https:\/\/blogs.donboscovolunteers.de\/elisainruanda\/#website"},"primaryImageOfPage":{"@id":"https:\/\/blogs.donboscovolunteers.de\/elisainruanda\/spenden\/#primaryimage"},"image":{"@id":"https:\/\/blogs.donboscovolunteers.de\/elisainruanda\/spenden\/#primaryimage"},"thumbnailUrl":"https:\/\/blogs.donboscovolunteers.de\/elisainruanda\/wp-content\/uploads\/sites\/21691\/2023\/08\/volunteer-2055010_1280.png","datePublished":"2023-08-22T20:49:14+00:00","dateModified":"2023-09-14T09:14:10+00:00","description":"Hier ist meine offizielle Don Bosco Spendenseite! Falls mein Blog dich anspricht und du Interesse hast mein Projekt und mich finanziell zu unterst\u00fctzen, bist du hier genau richtig :)","breadcrumb":{"@id":"https:\/\/blogs.donboscovolunteers.de\/elisainruanda\/spenden\/#breadcrumb"},"inLanguage":"de","potentialAction":[{"@type":"ReadAction","target":["https:\/\/blogs.donboscovolunteers.de\/elisainruanda\/spenden\/"]}]},{"@type":"ImageObject","inLanguage":"de","@id":"https:\/\/blogs.donboscovolunteers.de\/elisainruanda\/spenden\/#primaryimage","url":"https:\/\/blogs.donboscovolunteers.de\/elisainruanda\/wp-content\/uploads\/sites\/21691\/2023\/08\/volunteer-2055010_1280.png","contentUrl":"https:\/\/blogs.donboscovolunteers.de\/elisainruanda\/wp-content\/uploads\/sites\/21691\/2023\/08\/volunteer-2055010_1280.png","width":1280,"height":882},{"@type":"BreadcrumbList","@id":"https:\/\/blogs.donboscovolunteers.de\/elisainruanda\/spenden\/#breadcrumb","itemListElement":[{"@type":"ListItem","position":1,"name":"Startseite","item":"https:\/\/blogs.donboscovolunteers.de\/elisainruanda\/"},{"@type":"ListItem","position":2,"name":"Spenden :)"}]},{"@type":"WebSite","@id":"https:\/\/blogs.donboscovolunteers.de\/elisainruanda\/#website","url":"https:\/\/blogs.donboscovolunteers.de\/elisainruanda\/","name":"Elisa in Ruanda","description":"","potentialAction":[{"@type":"SearchAction","target":{"@type":"EntryPoint","urlTemplate":"https:\/\/blogs.donboscovolunteers.de\/elisainruanda\/?s={search_term_string}"},"query-input":{"@type":"PropertyValueSpecification","valueRequired":true,"valueName":"search_term_string"}}],"inLanguage":"de"}]}},"_links":{"self":[{"href":"https:\/\/blogs.donboscovolunteers.de\/elisainruanda\/wp-json\/wp\/v2\/pages\/13","targetHints":{"allow":["GET"]}}],"collection":[{"href":"https:\/\/blogs.donboscovolunteers.de\/elisainruanda\/wp-json\/wp\/v2\/pages"}],"about":[{"href":"https:\/\/blogs.donboscovolunteers.de\/elisainruanda\/wp-json\/wp\/v2\/types\/page"}],"author":[{"embeddable":true,"href":"https:\/\/blogs.donboscovolunteers.de\/elisainruanda\/wp-json\/wp\/v2\/users\/21796"}],"replies":[{"embeddable":true,"href":"https:\/\/blogs.donboscovolunteers.de\/elisainruanda\/wp-json\/wp\/v2\/comments?post=13"}],"version-history":[{"count":7,"href":"https:\/\/blogs.donboscovolunteers.de\/elisainruanda\/wp-json\/wp\/v2\/pages\/13\/revisions"}],"predecessor-version":[{"id":120,"href":"https:\/\/blogs.donboscovolunteers.de\/elisainruanda\/wp-json\/wp\/v2\/pages\/13\/revisions\/120"}],"wp:featuredmedia":[{"embeddable":true,"href":"https:\/\/blogs.donboscovolunteers.de\/elisainruanda\/wp-json\/wp\/v2\/media\/14"}],"wp:attachment":[{"href":"https:\/\/blogs.donboscovolunteers.de\/elisainruanda\/wp-json\/wp\/v2\/media?parent=13"}],"curies":[{"name":"wp","href":"https:\/\/api.w.org\/{rel}","templated":true}]}}