{"id":84,"date":"2012-08-20T17:22:55","date_gmt":"2012-08-20T17:22:55","guid":{"rendered":"https:\/\/blogs.donboscovolunteers.de\/elisainkenia\/"},"modified":"2012-08-27T13:30:20","modified_gmt":"2012-08-27T13:30:20","slug":"die-don-bosco-familie","status":"publish","type":"page","link":"https:\/\/blogs.donboscovolunteers.de\/elisainkenia\/?page_id=84","title":{"rendered":"Die Don Bosco Familie"},"content":{"rendered":"<h1><a rel=\"attachment wp-att-80\" href=\"https:\/\/blogs.donboscovolunteers.de\/elisainkenia\/?attachment_id=80\"><img loading=\"lazy\" decoding=\"async\" class=\"alignnone size-full wp-image-80\" src=\"https:\/\/blogs.donboscovolunteers.de\/elisainkenia\/wp-content\/uploads\/sites\/19634\/2012\/08\/Don-Bosco-Familie.jpg\" alt=\"\" width=\"300\" height=\"200\" srcset=\"https:\/\/blogs.donboscovolunteers.de\/elisainkenia\/wp-content\/uploads\/sites\/19634\/2012\/08\/Don-Bosco-Familie.jpg 300w, https:\/\/blogs.donboscovolunteers.de\/elisainkenia\/wp-content\/uploads\/sites\/19634\/2012\/08\/Don-Bosco-Familie-150x100.jpg 150w\" sizes=\"auto, (max-width: 300px) 100vw, 300px\" \/><\/a><\/h1>\n<h1>Wir sind <a href=\"https:\/\/www.donboscomission.de\/don-bosco\/\">Don Bosco<\/a>!<a id=\"eztoc1416_1_1\" name=\"eztoc1416_1_1\"><\/a><\/h1>\n<h2>Die Don Bosco Familie stellt sich vor<\/h2>\n<p>Von Johannes Bosco ist eine ganze Bewegung ausgegangen. Er versuchte,  so  viele Menschen wie m\u00f6glich zu gewinnen, um in seinem Geist f\u00fcr   bed\u00fcrftige junge Menschen zu wirken. Er selbst gr\u00fcndete dazu die   <a href=\"https:\/\/www.donboscomission.de\/don-bosco\/erbe\/\">Salesianer Don Boscos<\/a> (SDB), zusammen mit Maria Mazzarello die   Don-Bosco-Schwestern (FMA) und schlie\u00dflich die salesianischen   Mitarbeiterinnen und Mitarbeiter (SMDB). Im Laufe der Zeit sind noch   viele andere Gemeinschaften in seinem Geist entstanden:   Ordensgemeinschaften, S\u00e4kularinstitute, Laienvereinigungen usw. Sie alle   wissen sich in aller Vielfalt durch seinen Geist geeint. Auf dieser   Seite geben wir einen kurzen \u00dcberblick \u00fcber die Gruppen, die in   Deutschland bekannt und aktiv sind.<\/p>\n<p>Wenn Sie weitere Fragen haben oder eine Gemeinschaft gern  pers\u00f6nlich  kennen lernen wollen, k\u00f6nnen Sie sich gerne direkt an uns  wenden: <a title=\"Kontakt Don Bosco Familie\" href=\"mailto:donboscofamilie@donbosco.de\" target=\"_self\">donboscofamilie@donbosco.de<\/a>. Ansprechpartner f\u00fcr alle Fragen rund um die Don Bosco Familie ist P. Reinhard Gesing SDB.<\/p>\n<p><a id=\"eztoc1416_1_2\" name=\"eztoc1416_1_2\"><\/a><\/p>\n<h2>Die Don Bosco Familie \u2013 Gemeinsam engagiert f\u00fcr Don Bosco und sein Werk<\/h2>\n<p>Schon der heilige Don Bosco hatte erkannt, dass sein Einsatz f\u00fcr die   Jugend allein nicht gen\u00fcgte und begeisterte deshalb andere Menschen,   sein Werk mitzutragen. Er legte damit den Grundstein f\u00fcr die weltweite   Don Bosco Familie. Zu ihr geh\u00f6ren Menschen, die in unterschiedlichen   Gruppen das Anliegen Don Boscos durch ihr Gebet, ihre Mitarbeit oder   ihre Spenden unterst\u00fctzen. Auch die beiden von Don Bosco gegr\u00fcndeten   Ordensgemeinschaften, die Salesianer Don Boscos und die Don Bosco   Schwestern, sind Teil der Don Bosco Familie.<\/p>\n<table style=\"height: 633px\" border=\"0\" cellspacing=\"0\" cellpadding=\"2\" width=\"540\">\n<tbody>\n<tr>\n<td valign=\"top\"><\/td>\n<td valign=\"top\"><a id=\"eztoc1416_1_2_0_1\" name=\"eztoc1416_1_2_0_1\"><\/a><\/td>\n<\/tr>\n<tr>\n<td valign=\"top\"><\/td>\n<td valign=\"top\"><\/td>\n<\/tr>\n<tr>\n<td valign=\"top\"><\/td>\n<td valign=\"top\"><a id=\"eztoc1416_1_2_0_2\" name=\"eztoc1416_1_2_0_2\"><\/a><\/p>\n<h4>Don Bosco Schwestern (FMA)<\/h4>\n<p>Im Geist ihrer Gr\u00fcnder Johannes Bosco und Maria Mazzarello sind \u00fcber   15.000 Schwestern Kindern, Jugendlichen, jungen Frauen und Familien   Zeuginnen des Evangeliums. Als gr\u00f6\u00dfter Frauenorden der Kirche wirken sie   in 89 L\u00e4ndern in Kinderg\u00e4rten, Kindertagesst\u00e4tten, Schulen,   Jugendzentren, Jugendbildungsst\u00e4tten, M\u00e4dchenwohnheimen, Pfarreien,   Missionsprojekten usw. In Deutschland sind sie an zw\u00f6lf verschiedenen   Orten aktiv.<br \/>\n<a title=\"donboscoschwestern.de\" href=\"http:\/\/donboscoschwestern.de\/\" target=\"_blank\">www.donboscoschwestern.de<\/a><\/td>\n<\/tr>\n<tr>\n<td valign=\"top\"><\/td>\n<td valign=\"top\"><\/td>\n<\/tr>\n<tr>\n<td valign=\"top\"><\/td>\n<td valign=\"top\"><a id=\"eztoc1416_1_2_0_3\" name=\"eztoc1416_1_2_0_3\"><\/a><\/p>\n<h4>Die Vereinigungen der Ehemaligen<\/h4>\n<p>Viele Menschen haben als Jugendliche in den Einrichtungen der  Salesianer  Don Boscos und der Don Bosco Schwestern lebensfrohe und  bejahende  Erfahrungen gemacht, die sie gerne weitergeben m\u00f6chten.  Deshalb haben  sie sich in den Vereinigungen der \u201eEhemaligen Don Boscos\u201c  und der  \u201eEhemaligen der Don Bosco Schwestern\u201c zusammengeschlossen.  Weltweit  haben diese Gemeinschaften \u00fcber 200.000 Mitglieder.<br \/>\n<a href=\"http:\/\/www.ehemalige.donbosco.de\/\" target=\"_blank\">www.ehemalige.donbosco.de<\/a><br \/>\n<a href=\"mailto:ehemalige@donbosco.de\" target=\"_self\">ehemalige@donbosco.de<\/a><br \/>\n<a href=\"mailto:ehemalige@donboscoschwestern.de\" target=\"_self\">ehemalige@donboscoschwestern.de<\/a><\/td>\n<\/tr>\n<tr>\n<td valign=\"top\"><\/td>\n<td valign=\"top\"><\/td>\n<\/tr>\n<tr>\n<td valign=\"top\"><\/td>\n<td valign=\"top\"><a id=\"eztoc1416_1_2_0_4\" name=\"eztoc1416_1_2_0_4\"><\/a><\/p>\n<h4>Salesianische Mitarbeiterinnen und Mitarbeiter und Don Boscos (SMDB)<\/h4>\n<p>Schon Mitte des vorletzten Jahrhunderts erkannte Don Bosco die  Bedeutung  und W\u00fcrde der Laien. Er bezog zahlreiche Frauen, darunter  auch seine  Mutter Margareta, und M\u00e4nner als Lehrer, Ausbilder und  Erzieher in sein  Jugendwerk ein. Daraus erwuchs seine Idee des  \u201eSalesianers in der Welt\u201c.  Heute bringen sich weltweit 35.000 M\u00e4nner  und Frauen mit ihren Gaben in  die Arbeit mit jungen Menschen ein.<br \/>\n<a href=\"http:\/\/www.smdb.donbosco.de\/\" target=\"_blank\">www.smdb.donbosco.de<\/a><br \/>\n<a href=\"mailto:smdb@donbosco.de\" target=\"_self\">smdb@donbosco.de<\/a><\/td>\n<\/tr>\n<\/tbody>\n<\/table>\n<table style=\"height: 765px\" border=\"0\" cellspacing=\"0\" cellpadding=\"2\" width=\"539\">\n<tbody>\n<tr>\n<td valign=\"top\"><\/td>\n<td valign=\"top\">\n<h2>Volontarie Don Boscos (VDB)<\/h2>\n<p>1910 hatte eine Gruppe junger Frauen unter der geistlichen Leitung    des  dritten Nachfolgers Don Boscos, des seligen Philipp Rinaldi    (1856-1931),  den Wunsch, mitten in der Welt ein Leben im Geist Don    Boscos in  Gehorsam, Armut und Ehelosigkeit zu f\u00fchren. Heute arbeiten    weltweit  1.300 Frauen im S\u00e4kularinstitut der Volontarie Don Boscos.    Inzwischen  gibt es auch einen m\u00e4nnlichen Zweig: die Volontari con Don    Bosco (CDB).  Kontakt: <a href=\"mailto:vdb@donbosco.de\" target=\"_self\">vdb@donbosco.de<\/a><\/p>\n<p><a id=\"eztoc1416_1_4\" name=\"eztoc1416_1_4\"><\/a><\/p>\n<h2>Geistliche Gemeinschaften im Sinne Don Boscos<\/h2>\n<p>Don Boscos Ideen waren Ausgangspunkt f\u00fcr die Gr\u00fcndung geistlicher     Gemeinschaften. Einige von ihnen sind auch in Deutschland vertreten,     darunter die Miyazaki-Caritas-Schwestern, die Michaeliten (CSMA) und die     Sisters of Mary Immaculate (SMI). <strong><a href=\"http:\/\/iss.medienblick.com\/Don-Bosco-Familie\/Wir-sind-Don-Bosco\" target=\"_blank\">Hier<\/a><\/strong> finden Sie n\u00e4here Informationen zu den Gemeinschaften.<\/p>\n<h4>Don Bosco Bewegung<\/h4>\n<p>Der Einsatz f\u00fcr benachteiligte Jugendliche und die Spiritualit\u00e4t Don      Boscos sprechen noch heute viele Menschen an. Mancherorts haben sie     sich  zu Freundeskreisen zusammengeschlossen. Als Volont\u00e4re oder im     Rahmen  des \u201eAnderen Dienstes\u201c sind im Sinne Don Boscos auch viele  junge     Menschen weltweit im pers\u00f6nlichen Einsatz f\u00fcr bed\u00fcrftige   Jugendliche.<br \/>\n<a title=\"donboscovolunteers.org\" href=\"http:\/\/www.donboscovolunteers.org\/\" target=\"_blank\">www.donboscovolunteers.org<\/a><br \/>\n<a href=\"mailto:volontariat@donbosco.de\" target=\"_self\">volontariat@donbosco.de<\/a><\/p>\n<p><a rel=\"attachment wp-att-99\" href=\"https:\/\/blogs.donboscovolunteers.de\/elisainkenia\/?attachment_id=99\"><img loading=\"lazy\" decoding=\"async\" src=\"https:\/\/blogs.donboscovolunteers.de\/elisainkenia\/wp-content\/uploads\/sites\/19634\/2012\/08\/389042_440138719349885_1594289167_n.jpg\" alt=\"\" width=\"445\" height=\"331\" \/><\/a><\/p>\n<p>Quelle: <a href=\"http:\/\/www.donbosco.de\/Wir-ueber-uns\/Don-Bosco-Familie\">http:\/\/www.donbosco.de\/Wir-ueber-uns\/Don-Bosco-Familie<\/a><\/td>\n<\/tr>\n<\/tbody>\n<\/table>\n","protected":false},"excerpt":{"rendered":"<p>Wir sind <a href=\"https:\/\/www.donboscomission.de\/don-bosco\/\">Don Bosco<\/a>! Die Don Bosco Familie stellt sich vor Von Johannes Bosco ist eine ganze Bewegung ausgegangen. Er versuchte, so viele Menschen wie m\u00f6glich zu gewinnen, um in seinem Geist f\u00fcr bed\u00fcrftige junge Menschen zu wirken. Er selbst gr\u00fcndete dazu die <a href=\"https:\/\/www.donboscomission.de\/don-bosco\/erbe\/\">Salesianer Don Boscos<\/a> (SDB), zusammen mit Maria Mazzarello die Don-Bosco-Schwestern (FMA) und [&hellip;]<\/p>\n","protected":false},"author":19671,"featured_media":80,"parent":194,"menu_order":0,"comment_status":"open","ping_status":"closed","template":"","meta":{"footnotes":""},"class_list":["post-84","page","type-page","status-publish","has-post-thumbnail","hentry"],"yoast_head":"<!-- This site is optimized with the Yoast SEO plugin v25.3.1 - https:\/\/yoast.com\/wordpress\/plugins\/seo\/ -->\n<title>Die Don Bosco Familie - Ein Jahr Kenia<\/title>\n<meta name=\"robots\" content=\"index, follow, max-snippet:-1, max-image-preview:large, max-video-preview:-1\" \/>\n<link rel=\"canonical\" href=\"https:\/\/blogs.donboscovolunteers.de\/elisainkenia\/?page_id=84\" \/>\n<meta property=\"og:locale\" content=\"de_DE\" \/>\n<meta property=\"og:type\" content=\"article\" \/>\n<meta property=\"og:title\" content=\"Die Don Bosco Familie - Ein Jahr Kenia\" \/>\n<meta property=\"og:description\" content=\"Wir sind Don Bosco! Die Don Bosco Familie stellt sich vor Von Johannes Bosco ist eine ganze Bewegung ausgegangen. Er versuchte, so viele Menschen wie m\u00f6glich zu gewinnen, um in seinem Geist f\u00fcr bed\u00fcrftige junge Menschen zu wirken. Er selbst gr\u00fcndete dazu die Salesianer Don Boscos (SDB), zusammen mit Maria Mazzarello die Don-Bosco-Schwestern (FMA) und [&hellip;]\" \/>\n<meta property=\"og:url\" content=\"https:\/\/blogs.donboscovolunteers.de\/elisainkenia\/?page_id=84\" \/>\n<meta property=\"og:site_name\" content=\"Ein Jahr Kenia\" \/>\n<meta property=\"article:modified_time\" content=\"2012-08-27T13:30:20+00:00\" \/>\n<meta property=\"og:image\" content=\"https:\/\/blogs.donboscovolunteers.de\/elisainkenia\/wp-content\/uploads\/sites\/19634\/2012\/08\/Don-Bosco-Familie.jpg\" \/>\n\t<meta property=\"og:image:width\" content=\"300\" \/>\n\t<meta property=\"og:image:height\" content=\"200\" \/>\n\t<meta property=\"og:image:type\" content=\"image\/jpeg\" \/>\n<meta name=\"twitter:card\" content=\"summary_large_image\" \/>\n<meta name=\"twitter:label1\" content=\"Gesch\u00e4tzte Lesezeit\" \/>\n\t<meta name=\"twitter:data1\" content=\"3\u00a0Minuten\" \/>\n<script type=\"application\/ld+json\" class=\"yoast-schema-graph\">{\"@context\":\"https:\/\/schema.org\",\"@graph\":[{\"@type\":\"WebPage\",\"@id\":\"https:\/\/blogs.donboscovolunteers.de\/elisainkenia\/?page_id=84\",\"url\":\"https:\/\/blogs.donboscovolunteers.de\/elisainkenia\/?page_id=84\",\"name\":\"Die Don Bosco Familie - Ein Jahr Kenia\",\"isPartOf\":{\"@id\":\"https:\/\/blogs.donboscovolunteers.de\/elisainkenia\/#website\"},\"primaryImageOfPage\":{\"@id\":\"https:\/\/blogs.donboscovolunteers.de\/elisainkenia\/?page_id=84#primaryimage\"},\"image\":{\"@id\":\"https:\/\/blogs.donboscovolunteers.de\/elisainkenia\/?page_id=84#primaryimage\"},\"thumbnailUrl\":\"https:\/\/blogs.donboscovolunteers.de\/elisainkenia\/wp-content\/uploads\/sites\/19634\/2012\/08\/Don-Bosco-Familie.jpg\",\"datePublished\":\"2012-08-20T17:22:55+00:00\",\"dateModified\":\"2012-08-27T13:30:20+00:00\",\"breadcrumb\":{\"@id\":\"https:\/\/blogs.donboscovolunteers.de\/elisainkenia\/?page_id=84#breadcrumb\"},\"inLanguage\":\"de\",\"potentialAction\":[{\"@type\":\"ReadAction\",\"target\":[\"https:\/\/blogs.donboscovolunteers.de\/elisainkenia\/?page_id=84\"]}]},{\"@type\":\"ImageObject\",\"inLanguage\":\"de\",\"@id\":\"https:\/\/blogs.donboscovolunteers.de\/elisainkenia\/?page_id=84#primaryimage\",\"url\":\"https:\/\/blogs.donboscovolunteers.de\/elisainkenia\/wp-content\/uploads\/sites\/19634\/2012\/08\/Don-Bosco-Familie.jpg\",\"contentUrl\":\"https:\/\/blogs.donboscovolunteers.de\/elisainkenia\/wp-content\/uploads\/sites\/19634\/2012\/08\/Don-Bosco-Familie.jpg\",\"width\":\"300\",\"height\":\"200\"},{\"@type\":\"BreadcrumbList\",\"@id\":\"https:\/\/blogs.donboscovolunteers.de\/elisainkenia\/?page_id=84#breadcrumb\",\"itemListElement\":[{\"@type\":\"ListItem\",\"position\":1,\"name\":\"Startseite\",\"item\":\"https:\/\/blogs.donboscovolunteers.de\/elisainkenia\"},{\"@type\":\"ListItem\",\"position\":2,\"name\":\"Don Bosco\",\"item\":\"https:\/\/blogs.donboscovolunteers.de\/elisainkenia\/?page_id=194\"},{\"@type\":\"ListItem\",\"position\":3,\"name\":\"Die Don Bosco Familie\"}]},{\"@type\":\"WebSite\",\"@id\":\"https:\/\/blogs.donboscovolunteers.de\/elisainkenia\/#website\",\"url\":\"https:\/\/blogs.donboscovolunteers.de\/elisainkenia\/\",\"name\":\"Ein Jahr Kenia\",\"description\":\"Ein weiterer strassenkinder.de Blog\",\"potentialAction\":[{\"@type\":\"SearchAction\",\"target\":{\"@type\":\"EntryPoint\",\"urlTemplate\":\"https:\/\/blogs.donboscovolunteers.de\/elisainkenia\/?s={search_term_string}\"},\"query-input\":{\"@type\":\"PropertyValueSpecification\",\"valueRequired\":true,\"valueName\":\"search_term_string\"}}],\"inLanguage\":\"de\"}]}<\/script>\n<!-- \/ Yoast SEO plugin. -->","yoast_head_json":{"title":"Die Don Bosco Familie - Ein Jahr Kenia","robots":{"index":"index","follow":"follow","max-snippet":"max-snippet:-1","max-image-preview":"max-image-preview:large","max-video-preview":"max-video-preview:-1"},"canonical":"https:\/\/blogs.donboscovolunteers.de\/elisainkenia\/?page_id=84","og_locale":"de_DE","og_type":"article","og_title":"Die Don Bosco Familie - Ein Jahr Kenia","og_description":"Wir sind Don Bosco! Die Don Bosco Familie stellt sich vor Von Johannes Bosco ist eine ganze Bewegung ausgegangen. Er versuchte, so viele Menschen wie m\u00f6glich zu gewinnen, um in seinem Geist f\u00fcr bed\u00fcrftige junge Menschen zu wirken. Er selbst gr\u00fcndete dazu die Salesianer Don Boscos (SDB), zusammen mit Maria Mazzarello die Don-Bosco-Schwestern (FMA) und [&hellip;]","og_url":"https:\/\/blogs.donboscovolunteers.de\/elisainkenia\/?page_id=84","og_site_name":"Ein Jahr Kenia","article_modified_time":"2012-08-27T13:30:20+00:00","og_image":[{"width":300,"height":200,"url":"https:\/\/blogs.donboscovolunteers.de\/elisainkenia\/wp-content\/uploads\/sites\/19634\/2012\/08\/Don-Bosco-Familie.jpg","type":"image\/jpeg"}],"twitter_card":"summary_large_image","twitter_misc":{"Gesch\u00e4tzte Lesezeit":"3\u00a0Minuten"},"schema":{"@context":"https:\/\/schema.org","@graph":[{"@type":"WebPage","@id":"https:\/\/blogs.donboscovolunteers.de\/elisainkenia\/?page_id=84","url":"https:\/\/blogs.donboscovolunteers.de\/elisainkenia\/?page_id=84","name":"Die Don Bosco Familie - Ein Jahr Kenia","isPartOf":{"@id":"https:\/\/blogs.donboscovolunteers.de\/elisainkenia\/#website"},"primaryImageOfPage":{"@id":"https:\/\/blogs.donboscovolunteers.de\/elisainkenia\/?page_id=84#primaryimage"},"image":{"@id":"https:\/\/blogs.donboscovolunteers.de\/elisainkenia\/?page_id=84#primaryimage"},"thumbnailUrl":"https:\/\/blogs.donboscovolunteers.de\/elisainkenia\/wp-content\/uploads\/sites\/19634\/2012\/08\/Don-Bosco-Familie.jpg","datePublished":"2012-08-20T17:22:55+00:00","dateModified":"2012-08-27T13:30:20+00:00","breadcrumb":{"@id":"https:\/\/blogs.donboscovolunteers.de\/elisainkenia\/?page_id=84#breadcrumb"},"inLanguage":"de","potentialAction":[{"@type":"ReadAction","target":["https:\/\/blogs.donboscovolunteers.de\/elisainkenia\/?page_id=84"]}]},{"@type":"ImageObject","inLanguage":"de","@id":"https:\/\/blogs.donboscovolunteers.de\/elisainkenia\/?page_id=84#primaryimage","url":"https:\/\/blogs.donboscovolunteers.de\/elisainkenia\/wp-content\/uploads\/sites\/19634\/2012\/08\/Don-Bosco-Familie.jpg","contentUrl":"https:\/\/blogs.donboscovolunteers.de\/elisainkenia\/wp-content\/uploads\/sites\/19634\/2012\/08\/Don-Bosco-Familie.jpg","width":"300","height":"200"},{"@type":"BreadcrumbList","@id":"https:\/\/blogs.donboscovolunteers.de\/elisainkenia\/?page_id=84#breadcrumb","itemListElement":[{"@type":"ListItem","position":1,"name":"Startseite","item":"https:\/\/blogs.donboscovolunteers.de\/elisainkenia"},{"@type":"ListItem","position":2,"name":"Don Bosco","item":"https:\/\/blogs.donboscovolunteers.de\/elisainkenia\/?page_id=194"},{"@type":"ListItem","position":3,"name":"Die Don Bosco Familie"}]},{"@type":"WebSite","@id":"https:\/\/blogs.donboscovolunteers.de\/elisainkenia\/#website","url":"https:\/\/blogs.donboscovolunteers.de\/elisainkenia\/","name":"Ein Jahr Kenia","description":"Ein weiterer strassenkinder.de Blog","potentialAction":[{"@type":"SearchAction","target":{"@type":"EntryPoint","urlTemplate":"https:\/\/blogs.donboscovolunteers.de\/elisainkenia\/?s={search_term_string}"},"query-input":{"@type":"PropertyValueSpecification","valueRequired":true,"valueName":"search_term_string"}}],"inLanguage":"de"}]}},"_links":{"self":[{"href":"https:\/\/blogs.donboscovolunteers.de\/elisainkenia\/index.php?rest_route=\/wp\/v2\/pages\/84","targetHints":{"allow":["GET"]}}],"collection":[{"href":"https:\/\/blogs.donboscovolunteers.de\/elisainkenia\/index.php?rest_route=\/wp\/v2\/pages"}],"about":[{"href":"https:\/\/blogs.donboscovolunteers.de\/elisainkenia\/index.php?rest_route=\/wp\/v2\/types\/page"}],"author":[{"embeddable":true,"href":"https:\/\/blogs.donboscovolunteers.de\/elisainkenia\/index.php?rest_route=\/wp\/v2\/users\/19671"}],"replies":[{"embeddable":true,"href":"https:\/\/blogs.donboscovolunteers.de\/elisainkenia\/index.php?rest_route=%2Fwp%2Fv2%2Fcomments&post=84"}],"version-history":[{"count":16,"href":"https:\/\/blogs.donboscovolunteers.de\/elisainkenia\/index.php?rest_route=\/wp\/v2\/pages\/84\/revisions"}],"predecessor-version":[{"id":198,"href":"https:\/\/blogs.donboscovolunteers.de\/elisainkenia\/index.php?rest_route=\/wp\/v2\/pages\/84\/revisions\/198"}],"up":[{"embeddable":true,"href":"https:\/\/blogs.donboscovolunteers.de\/elisainkenia\/index.php?rest_route=\/wp\/v2\/pages\/194"}],"wp:featuredmedia":[{"embeddable":true,"href":"https:\/\/blogs.donboscovolunteers.de\/elisainkenia\/index.php?rest_route=\/wp\/v2\/media\/80"}],"wp:attachment":[{"href":"https:\/\/blogs.donboscovolunteers.de\/elisainkenia\/index.php?rest_route=%2Fwp%2Fv2%2Fmedia&parent=84"}],"curies":[{"name":"wp","href":"https:\/\/api.w.org\/{rel}","templated":true}]}}