{"id":20,"date":"2012-08-05T14:58:29","date_gmt":"2012-08-05T14:58:29","guid":{"rendered":"https:\/\/blogs.donboscovolunteers.de\/elisainkenia\/"},"modified":"2012-08-20T19:07:59","modified_gmt":"2012-08-20T19:07:59","slug":"kenia","status":"publish","type":"page","link":"https:\/\/blogs.donboscovolunteers.de\/elisainkenia\/?page_id=20","title":{"rendered":"Kenia"},"content":{"rendered":"<p>Wilde Tiere, Savannen, die Massai Krieger, gigantische Tierwanderungen und exotisches Essen. Das sind mit Sicherheit die ersten Dinge, an die man denkt, wenn man \u201eKenia\u201c h\u00f6rt.<br \/>\nIch hoffe, dass ich noch viel mehr von diesem wunderbaren Land kennenlernen werde und nicht als Tourist mit ausschlie\u00dflich diesen Eindr\u00fccken zur\u00fcckkehren werde.<\/p>\n<p>Auf dieser Seite habe ich mal ein paar allgemeine Informationen \u00fcber mein Einsatzland f\u00fcr euch zusammengestellt:<\/p>\n<p><strong>Geografische Lage:<\/strong><\/p>\n<p>Kenia grenzt im Nordwesten an den S\u00fcdsudan, im Norden an \u00c4thiopien, im Osten an Somalia, im S\u00fcden an Tan<a rel=\"attachment wp-att-125\" href=\"https:\/\/blogs.donboscovolunteers.de\/elisainkenia\/kenia\/karte_kenia\/\"><img loading=\"lazy\" decoding=\"async\" class=\"alignleft size-full wp-image-125\" src=\"https:\/\/blogs.donboscovolunteers.de\/elisainkenia\/wp-content\/uploads\/sites\/19634\/2012\/08\/Karte_Kenia.jpg\" alt=\"\" width=\"296\" height=\"385\" srcset=\"https:\/\/blogs.donboscovolunteers.de\/elisainkenia\/wp-content\/uploads\/sites\/19634\/2012\/08\/Karte_Kenia.jpg 530w, https:\/\/blogs.donboscovolunteers.de\/elisainkenia\/wp-content\/uploads\/sites\/19634\/2012\/08\/Karte_Kenia-115x150.jpg 115w, https:\/\/blogs.donboscovolunteers.de\/elisainkenia\/wp-content\/uploads\/sites\/19634\/2012\/08\/Karte_Kenia-230x300.jpg 230w\" sizes=\"auto, (max-width: 296px) 100vw, 296px\" \/><\/a>sania und im Westen an Uganda. Im S\u00fcdosten grenzt der ostafrikanische Staat an den Indischen Ozean.<br \/>\nDer h\u00f6chste Berg ist nicht, wie viele vermuten w\u00fcrden, der Kilimandjaro (der liegt n\u00e4mlich in Tansania), sondern der Mount Kenya. Mit etwa 5100 m ergebt er sich in Zentralkenia und ist nebenbei noch Namensgeber Kenias.<\/p>\n<p><strong>Klima<\/strong><\/p>\n<p>Kenia kann in zwei Klimazonen unterteilt werden: Im Hochland, das h\u00f6her als 1800\u00a0m liegt, kommt es von April bis Juni und von Oktober bis November zu Regenperioden. Der Niederschlag f\u00e4llt meist nachmittags, abends und nachts. Die N\u00e4chte sind relativ k\u00fchl. Die k\u00e4lteste Zeit in dieser Region liegt im Juli und August mit etwa 10\u00a0\u00b0C t\u00e4glichem Minimum. Die warme Periode liegt im Januar und Februar mit etwa 25 bis 26\u00a0\u00b0C t\u00e4glichem Maximum. Die Luftfeuchtigkeit betr\u00e4gt etwa 65\u00a0Prozent. In Nairobi liegen die Temperaturen im Juli bei 11 bis 21\u00a0\u00b0C und im Februar bei 13 bis 26\u00a0\u00b0C. Die j\u00e4hrliche durchschnittliche Niederschlagsmenge liegt in Nairobi bei 958\u00a0mm. Am <a title=\"Victoriasee\" href=\"http:\/\/de.wikipedia.org\/wiki\/Victoriasee\">Victoriasee<\/a> sind die Temperaturen viel h\u00f6her, hier gibt es zum Teil starke Regenf\u00e4lle.<\/p>\n<p>An der K\u00fcste liegen die Temperaturen zwischen 22 und 32\u00a0\u00b0C, und die mittlere Luftfeuchtigkeit betr\u00e4gt etwa 75\u00a0Prozent. Der meiste Niederschlag f\u00e4llt von April bis Juni. Die trockensten Monate sind Januar und Februar. Die w\u00e4rmsten Monate sind Januar bis Mai und Oktober bis Dezember.<\/p>\n<p><strong>Nationalparks und Naturschutz<\/strong><\/p>\n<p>Es gibt eine Vielzahl an Nationalparks in Kenia, die ein wichtiges Standbein f\u00fcr den Tourismus darstellen. Der gr\u00f6\u00dfte Nationalpark ist der Tsavo-Nationalpark, der in Tsavo-Ost und Tsavo-West gegliedert ist. Die bekannte Masai Mara, der n\u00f6rdliche Ausl\u00e4ufer der Serengeti, ist formell kein Nationalpark, sondern ein Naturschutzgebiet. Hier findet man besonders in den Monaten Juli und August einen gro\u00dfen Tierreichtum, bedingt durch die Herdenwanderungen von Gnus, Zebras, Antilopen, B\u00fcffeln und Impalas. Weitere bedeutende Nationalparks sind Amboseli, Lake Nakuru und Meru. Ebenso sehenswert ist der Nationalpark in Nairobi, ein kleineres tierreiches Reservat inmitten der Hauptstadt. Wohl nirgends sonst kann man Giraffen und Zebras so dicht vor einer Gro\u00dfstadtskyline beobachten.<\/p>\n<p><strong>Musik und Tanz<\/strong><\/p>\n<p>Tanz der Massai<\/p>\n<p>Besonders Nairobi bietet h\u00e4ufige nationale oder internationale Musik-, Tanz- und Akrobatik-Shows, sei es in gro\u00dfen Hotels, Theaterspielst\u00e4tten, Schulen oder Kulturzentren. Der Tradition verschrieben sind die Gonda Traditional Entertainers, die Bomas of Kenya und die Original Zengala Band.<\/p>\n<p>Die bekannteste Band aus Kenia ist die Safari Sound Band, die bereits mehrfach mit Platin ausgezeichnete Alben ver\u00f6ffentlichen konnte. Auch in Europa feierte die Safari Sound Band bereits gro\u00dfe Erfolge auf Tourneen.<\/p>\n<p>Kenia hat eine reiche Chormusikszene mit einer starken Betonung auf religi\u00f6sen Gesang. Einer der bekanntestes Ch\u00f6re ist der Muungano National Choir unter der Leitung von Boniface Mganga, der unter anderem auch die bekannte kongolesische Missa Luba singt.<\/p>\n<p>Bekannte kenianische S\u00e4nger sind: Susan Awiyo, Merry Johnson, Alex und Merry Ominde, Kim4Love, Necessary Noize (S\u00e4ngerin: Nazizi), Longombaz und Redsan, Juacali.<\/p>\n<p>Quelle: www.wikipedia.org\/wiki\/kenia<\/p>\n","protected":false},"excerpt":{"rendered":"<p>Wilde Tiere, Savannen, die Massai Krieger, gigantische Tierwanderungen und exotisches Essen. Das sind mit Sicherheit die ersten Dinge, an die man denkt, wenn man \u201eKenia\u201c h\u00f6rt. Ich hoffe, dass ich noch viel mehr von diesem wunderbaren Land kennenlernen werde und nicht als Tourist mit ausschlie\u00dflich diesen Eindr\u00fccken zur\u00fcckkehren werde. Auf dieser Seite habe ich mal [&hellip;]<\/p>\n","protected":false},"author":19671,"featured_media":19,"parent":0,"menu_order":0,"comment_status":"open","ping_status":"closed","template":"","meta":{"footnotes":""},"class_list":["post-20","page","type-page","status-publish","has-post-thumbnail","hentry"],"yoast_head":"<!-- This site is optimized with the Yoast SEO plugin v25.3.1 - https:\/\/yoast.com\/wordpress\/plugins\/seo\/ -->\n<title>Kenia - Ein Jahr Kenia<\/title>\n<meta name=\"robots\" content=\"index, follow, max-snippet:-1, max-image-preview:large, max-video-preview:-1\" \/>\n<link rel=\"canonical\" href=\"https:\/\/blogs.donboscovolunteers.de\/elisainkenia\/?page_id=20\" \/>\n<meta property=\"og:locale\" content=\"de_DE\" \/>\n<meta property=\"og:type\" content=\"article\" \/>\n<meta property=\"og:title\" content=\"Kenia - Ein Jahr Kenia\" \/>\n<meta property=\"og:description\" content=\"Wilde Tiere, Savannen, die Massai Krieger, gigantische Tierwanderungen und exotisches Essen. Das sind mit Sicherheit die ersten Dinge, an die man denkt, wenn man \u201eKenia\u201c h\u00f6rt. Ich hoffe, dass ich noch viel mehr von diesem wunderbaren Land kennenlernen werde und nicht als Tourist mit ausschlie\u00dflich diesen Eindr\u00fccken zur\u00fcckkehren werde. Auf dieser Seite habe ich mal [&hellip;]\" \/>\n<meta property=\"og:url\" content=\"https:\/\/blogs.donboscovolunteers.de\/elisainkenia\/?page_id=20\" \/>\n<meta property=\"og:site_name\" content=\"Ein Jahr Kenia\" \/>\n<meta property=\"article:modified_time\" content=\"2012-08-20T19:07:59+00:00\" \/>\n<meta property=\"og:image\" content=\"https:\/\/blogs.donboscovolunteers.de\/elisainkenia\/wp-content\/uploads\/sites\/19634\/2012\/08\/gewellte_kenia_flagge_sticker-p217488538243153818envb3_400.jpg\" \/>\n\t<meta property=\"og:image:width\" content=\"400\" \/>\n\t<meta property=\"og:image:height\" content=\"400\" \/>\n\t<meta property=\"og:image:type\" content=\"image\/jpeg\" \/>\n<meta name=\"twitter:card\" content=\"summary_large_image\" \/>\n<meta name=\"twitter:label1\" content=\"Gesch\u00e4tzte Lesezeit\" \/>\n\t<meta name=\"twitter:data1\" content=\"3\u00a0Minuten\" \/>\n<script type=\"application\/ld+json\" class=\"yoast-schema-graph\">{\"@context\":\"https:\/\/schema.org\",\"@graph\":[{\"@type\":\"WebPage\",\"@id\":\"https:\/\/blogs.donboscovolunteers.de\/elisainkenia\/?page_id=20\",\"url\":\"https:\/\/blogs.donboscovolunteers.de\/elisainkenia\/?page_id=20\",\"name\":\"Kenia - Ein Jahr Kenia\",\"isPartOf\":{\"@id\":\"https:\/\/blogs.donboscovolunteers.de\/elisainkenia\/#website\"},\"primaryImageOfPage\":{\"@id\":\"https:\/\/blogs.donboscovolunteers.de\/elisainkenia\/?page_id=20#primaryimage\"},\"image\":{\"@id\":\"https:\/\/blogs.donboscovolunteers.de\/elisainkenia\/?page_id=20#primaryimage\"},\"thumbnailUrl\":\"https:\/\/blogs.donboscovolunteers.de\/elisainkenia\/wp-content\/uploads\/sites\/19634\/2012\/08\/gewellte_kenia_flagge_sticker-p217488538243153818envb3_400.jpg\",\"datePublished\":\"2012-08-05T14:58:29+00:00\",\"dateModified\":\"2012-08-20T19:07:59+00:00\",\"breadcrumb\":{\"@id\":\"https:\/\/blogs.donboscovolunteers.de\/elisainkenia\/?page_id=20#breadcrumb\"},\"inLanguage\":\"de\",\"potentialAction\":[{\"@type\":\"ReadAction\",\"target\":[\"https:\/\/blogs.donboscovolunteers.de\/elisainkenia\/?page_id=20\"]}]},{\"@type\":\"ImageObject\",\"inLanguage\":\"de\",\"@id\":\"https:\/\/blogs.donboscovolunteers.de\/elisainkenia\/?page_id=20#primaryimage\",\"url\":\"https:\/\/blogs.donboscovolunteers.de\/elisainkenia\/wp-content\/uploads\/sites\/19634\/2012\/08\/gewellte_kenia_flagge_sticker-p217488538243153818envb3_400.jpg\",\"contentUrl\":\"https:\/\/blogs.donboscovolunteers.de\/elisainkenia\/wp-content\/uploads\/sites\/19634\/2012\/08\/gewellte_kenia_flagge_sticker-p217488538243153818envb3_400.jpg\",\"width\":\"400\",\"height\":\"400\"},{\"@type\":\"BreadcrumbList\",\"@id\":\"https:\/\/blogs.donboscovolunteers.de\/elisainkenia\/?page_id=20#breadcrumb\",\"itemListElement\":[{\"@type\":\"ListItem\",\"position\":1,\"name\":\"Startseite\",\"item\":\"https:\/\/blogs.donboscovolunteers.de\/elisainkenia\"},{\"@type\":\"ListItem\",\"position\":2,\"name\":\"Kenia\"}]},{\"@type\":\"WebSite\",\"@id\":\"https:\/\/blogs.donboscovolunteers.de\/elisainkenia\/#website\",\"url\":\"https:\/\/blogs.donboscovolunteers.de\/elisainkenia\/\",\"name\":\"Ein Jahr Kenia\",\"description\":\"Ein weiterer strassenkinder.de Blog\",\"potentialAction\":[{\"@type\":\"SearchAction\",\"target\":{\"@type\":\"EntryPoint\",\"urlTemplate\":\"https:\/\/blogs.donboscovolunteers.de\/elisainkenia\/?s={search_term_string}\"},\"query-input\":{\"@type\":\"PropertyValueSpecification\",\"valueRequired\":true,\"valueName\":\"search_term_string\"}}],\"inLanguage\":\"de\"}]}<\/script>\n<!-- \/ Yoast SEO plugin. -->","yoast_head_json":{"title":"Kenia - Ein Jahr Kenia","robots":{"index":"index","follow":"follow","max-snippet":"max-snippet:-1","max-image-preview":"max-image-preview:large","max-video-preview":"max-video-preview:-1"},"canonical":"https:\/\/blogs.donboscovolunteers.de\/elisainkenia\/?page_id=20","og_locale":"de_DE","og_type":"article","og_title":"Kenia - Ein Jahr Kenia","og_description":"Wilde Tiere, Savannen, die Massai Krieger, gigantische Tierwanderungen und exotisches Essen. Das sind mit Sicherheit die ersten Dinge, an die man denkt, wenn man \u201eKenia\u201c h\u00f6rt. Ich hoffe, dass ich noch viel mehr von diesem wunderbaren Land kennenlernen werde und nicht als Tourist mit ausschlie\u00dflich diesen Eindr\u00fccken zur\u00fcckkehren werde. Auf dieser Seite habe ich mal [&hellip;]","og_url":"https:\/\/blogs.donboscovolunteers.de\/elisainkenia\/?page_id=20","og_site_name":"Ein Jahr Kenia","article_modified_time":"2012-08-20T19:07:59+00:00","og_image":[{"width":400,"height":400,"url":"https:\/\/blogs.donboscovolunteers.de\/elisainkenia\/wp-content\/uploads\/sites\/19634\/2012\/08\/gewellte_kenia_flagge_sticker-p217488538243153818envb3_400.jpg","type":"image\/jpeg"}],"twitter_card":"summary_large_image","twitter_misc":{"Gesch\u00e4tzte Lesezeit":"3\u00a0Minuten"},"schema":{"@context":"https:\/\/schema.org","@graph":[{"@type":"WebPage","@id":"https:\/\/blogs.donboscovolunteers.de\/elisainkenia\/?page_id=20","url":"https:\/\/blogs.donboscovolunteers.de\/elisainkenia\/?page_id=20","name":"Kenia - Ein Jahr Kenia","isPartOf":{"@id":"https:\/\/blogs.donboscovolunteers.de\/elisainkenia\/#website"},"primaryImageOfPage":{"@id":"https:\/\/blogs.donboscovolunteers.de\/elisainkenia\/?page_id=20#primaryimage"},"image":{"@id":"https:\/\/blogs.donboscovolunteers.de\/elisainkenia\/?page_id=20#primaryimage"},"thumbnailUrl":"https:\/\/blogs.donboscovolunteers.de\/elisainkenia\/wp-content\/uploads\/sites\/19634\/2012\/08\/gewellte_kenia_flagge_sticker-p217488538243153818envb3_400.jpg","datePublished":"2012-08-05T14:58:29+00:00","dateModified":"2012-08-20T19:07:59+00:00","breadcrumb":{"@id":"https:\/\/blogs.donboscovolunteers.de\/elisainkenia\/?page_id=20#breadcrumb"},"inLanguage":"de","potentialAction":[{"@type":"ReadAction","target":["https:\/\/blogs.donboscovolunteers.de\/elisainkenia\/?page_id=20"]}]},{"@type":"ImageObject","inLanguage":"de","@id":"https:\/\/blogs.donboscovolunteers.de\/elisainkenia\/?page_id=20#primaryimage","url":"https:\/\/blogs.donboscovolunteers.de\/elisainkenia\/wp-content\/uploads\/sites\/19634\/2012\/08\/gewellte_kenia_flagge_sticker-p217488538243153818envb3_400.jpg","contentUrl":"https:\/\/blogs.donboscovolunteers.de\/elisainkenia\/wp-content\/uploads\/sites\/19634\/2012\/08\/gewellte_kenia_flagge_sticker-p217488538243153818envb3_400.jpg","width":"400","height":"400"},{"@type":"BreadcrumbList","@id":"https:\/\/blogs.donboscovolunteers.de\/elisainkenia\/?page_id=20#breadcrumb","itemListElement":[{"@type":"ListItem","position":1,"name":"Startseite","item":"https:\/\/blogs.donboscovolunteers.de\/elisainkenia"},{"@type":"ListItem","position":2,"name":"Kenia"}]},{"@type":"WebSite","@id":"https:\/\/blogs.donboscovolunteers.de\/elisainkenia\/#website","url":"https:\/\/blogs.donboscovolunteers.de\/elisainkenia\/","name":"Ein Jahr Kenia","description":"Ein weiterer strassenkinder.de Blog","potentialAction":[{"@type":"SearchAction","target":{"@type":"EntryPoint","urlTemplate":"https:\/\/blogs.donboscovolunteers.de\/elisainkenia\/?s={search_term_string}"},"query-input":{"@type":"PropertyValueSpecification","valueRequired":true,"valueName":"search_term_string"}}],"inLanguage":"de"}]}},"_links":{"self":[{"href":"https:\/\/blogs.donboscovolunteers.de\/elisainkenia\/index.php?rest_route=\/wp\/v2\/pages\/20","targetHints":{"allow":["GET"]}}],"collection":[{"href":"https:\/\/blogs.donboscovolunteers.de\/elisainkenia\/index.php?rest_route=\/wp\/v2\/pages"}],"about":[{"href":"https:\/\/blogs.donboscovolunteers.de\/elisainkenia\/index.php?rest_route=\/wp\/v2\/types\/page"}],"author":[{"embeddable":true,"href":"https:\/\/blogs.donboscovolunteers.de\/elisainkenia\/index.php?rest_route=\/wp\/v2\/users\/19671"}],"replies":[{"embeddable":true,"href":"https:\/\/blogs.donboscovolunteers.de\/elisainkenia\/index.php?rest_route=%2Fwp%2Fv2%2Fcomments&post=20"}],"version-history":[{"count":14,"href":"https:\/\/blogs.donboscovolunteers.de\/elisainkenia\/index.php?rest_route=\/wp\/v2\/pages\/20\/revisions"}],"predecessor-version":[{"id":131,"href":"https:\/\/blogs.donboscovolunteers.de\/elisainkenia\/index.php?rest_route=\/wp\/v2\/pages\/20\/revisions\/131"}],"wp:featuredmedia":[{"embeddable":true,"href":"https:\/\/blogs.donboscovolunteers.de\/elisainkenia\/index.php?rest_route=\/wp\/v2\/media\/19"}],"wp:attachment":[{"href":"https:\/\/blogs.donboscovolunteers.de\/elisainkenia\/index.php?rest_route=%2Fwp%2Fv2%2Fmedia&parent=20"}],"curies":[{"name":"wp","href":"https:\/\/api.w.org\/{rel}","templated":true}]}}