{"id":173,"date":"2012-08-20T20:08:37","date_gmt":"2012-08-20T20:08:37","guid":{"rendered":"https:\/\/blogs.donboscovolunteers.de\/elisainkenia\/?page_id=173"},"modified":"2012-08-20T20:09:09","modified_gmt":"2012-08-20T20:09:09","slug":"das-bin-ich","status":"publish","type":"page","link":"https:\/\/blogs.donboscovolunteers.de\/elisainkenia\/?page_id=173","title":{"rendered":"Das bin Ich"},"content":{"rendered":"<p>Mein Name ist <strong>Elisa Heidenfels<\/strong> ich bin 19 Jahre alt und komme aus Rheindahlen einem sch\u00f6nen Ort bei M\u00f6nchengladbach am Niederrhein.<\/p>\n<p><a rel=\"attachment wp-att-115\" href=\"https:\/\/blogs.donboscovolunteers.de\/elisainkenia\/?attachment_id=115\"><img loading=\"lazy\" decoding=\"async\" src=\"https:\/\/blogs.donboscovolunteers.de\/elisainkenia\/wp-content\/uploads\/sites\/19634\/2012\/07\/P8201855.jpg\" alt=\"\" width=\"392\" height=\"413\" \/><\/a><\/p>\n<p>Ab September gehe ich f\u00fcr ein Jahr nach Kenia.<\/p>\n<p>Dort werde ich in einem Projekt der <a href=\"https:\/\/www.donboscomission.de\/don-bosco\/\">Don Bosco<\/a> Schwestern oder der Salesianer leben und arbeiten.<\/p>\n<p>Meine Einsatzstelle befindet sich in Makuyu etwa 80 km nord-\u00f6stlich von Nairobi.<\/p>\n<p>Seit 1982 arbeiten die Salesianer zusammen mit den Don Bosco   Schwestern in der \u201eDon Bosco Mission Makuyu\u201c. Dort betreuen sie   Stra\u00dfenkinderprojekte, Schulen, Ausbildungs- und Jugendzentren f\u00fcr   benachteiligte Kinder und Jugendliche.<\/p>\n<p>Ich freue mich sehr auf die Zeit mit den Kindern und Jugendlichen.<br \/>\nDabei bin ich gespannt darauf, wie wir im Austausch voneinander lernen und uns auf Augenh\u00f6he begegnen.<\/p>\n<p><strong>Kontakt:<\/strong><\/p>\n<p>Email: elisaheide@t-online.de<\/p>\n","protected":false},"excerpt":{"rendered":"<p>Mein Name ist Elisa Heidenfels ich bin 19 Jahre alt und komme aus Rheindahlen einem sch\u00f6nen Ort bei M\u00f6nchengladbach am Niederrhein. Ab September gehe ich f\u00fcr ein Jahr nach Kenia. Dort werde ich in einem Projekt der <a href=\"https:\/\/www.donboscomission.de\/don-bosco\/\">Don Bosco<\/a> Schwestern oder der Salesianer leben und arbeiten. Meine Einsatzstelle befindet sich in Makuyu etwa 80 km [&hellip;]<\/p>\n","protected":false},"author":19671,"featured_media":0,"parent":0,"menu_order":0,"comment_status":"open","ping_status":"closed","template":"","meta":{"footnotes":""},"class_list":["post-173","page","type-page","status-publish","hentry"],"yoast_head":"<!-- This site is optimized with the Yoast SEO plugin v25.3.1 - https:\/\/yoast.com\/wordpress\/plugins\/seo\/ -->\n<title>Das bin Ich - Ein Jahr Kenia<\/title>\n<meta name=\"robots\" content=\"index, follow, max-snippet:-1, max-image-preview:large, max-video-preview:-1\" \/>\n<link rel=\"canonical\" href=\"https:\/\/blogs.donboscovolunteers.de\/elisainkenia\/?page_id=173\" \/>\n<meta property=\"og:locale\" content=\"de_DE\" \/>\n<meta property=\"og:type\" content=\"article\" \/>\n<meta property=\"og:title\" content=\"Das bin Ich - Ein Jahr Kenia\" \/>\n<meta property=\"og:description\" content=\"Mein Name ist Elisa Heidenfels ich bin 19 Jahre alt und komme aus Rheindahlen einem sch\u00f6nen Ort bei M\u00f6nchengladbach am Niederrhein. Ab September gehe ich f\u00fcr ein Jahr nach Kenia. Dort werde ich in einem Projekt der Don Bosco Schwestern oder der Salesianer leben und arbeiten. Meine Einsatzstelle befindet sich in Makuyu etwa 80 km [&hellip;]\" \/>\n<meta property=\"og:url\" content=\"https:\/\/blogs.donboscovolunteers.de\/elisainkenia\/?page_id=173\" \/>\n<meta property=\"og:site_name\" content=\"Ein Jahr Kenia\" \/>\n<meta property=\"article:modified_time\" content=\"2012-08-20T20:09:09+00:00\" \/>\n<meta property=\"og:image\" content=\"https:\/\/blogs.donboscovolunteers.de\/elisainkenia\/wp-content\/uploads\/sites\/19634\/2012\/07\/P8201855.jpg\" \/>\n<meta name=\"twitter:card\" content=\"summary_large_image\" \/>\n<meta name=\"twitter:label1\" content=\"Gesch\u00e4tzte Lesezeit\" \/>\n\t<meta name=\"twitter:data1\" content=\"1\u00a0Minute\" \/>\n<script type=\"application\/ld+json\" class=\"yoast-schema-graph\">{\"@context\":\"https:\/\/schema.org\",\"@graph\":[{\"@type\":\"WebPage\",\"@id\":\"https:\/\/blogs.donboscovolunteers.de\/elisainkenia\/?page_id=173\",\"url\":\"https:\/\/blogs.donboscovolunteers.de\/elisainkenia\/?page_id=173\",\"name\":\"Das bin Ich - Ein Jahr Kenia\",\"isPartOf\":{\"@id\":\"https:\/\/blogs.donboscovolunteers.de\/elisainkenia\/#website\"},\"primaryImageOfPage\":{\"@id\":\"https:\/\/blogs.donboscovolunteers.de\/elisainkenia\/?page_id=173#primaryimage\"},\"image\":{\"@id\":\"https:\/\/blogs.donboscovolunteers.de\/elisainkenia\/?page_id=173#primaryimage\"},\"thumbnailUrl\":\"https:\/\/blogs.donboscovolunteers.de\/elisainkenia\/wp-content\/uploads\/sites\/19634\/2012\/07\/P8201855.jpg\",\"datePublished\":\"2012-08-20T20:08:37+00:00\",\"dateModified\":\"2012-08-20T20:09:09+00:00\",\"breadcrumb\":{\"@id\":\"https:\/\/blogs.donboscovolunteers.de\/elisainkenia\/?page_id=173#breadcrumb\"},\"inLanguage\":\"de\",\"potentialAction\":[{\"@type\":\"ReadAction\",\"target\":[\"https:\/\/blogs.donboscovolunteers.de\/elisainkenia\/?page_id=173\"]}]},{\"@type\":\"ImageObject\",\"inLanguage\":\"de\",\"@id\":\"https:\/\/blogs.donboscovolunteers.de\/elisainkenia\/?page_id=173#primaryimage\",\"url\":\"https:\/\/blogs.donboscovolunteers.de\/elisainkenia\/wp-content\/uploads\/sites\/19634\/2012\/07\/P8201855.jpg\",\"contentUrl\":\"https:\/\/blogs.donboscovolunteers.de\/elisainkenia\/wp-content\/uploads\/sites\/19634\/2012\/07\/P8201855.jpg\",\"width\":\"2429\",\"height\":\"2553\"},{\"@type\":\"BreadcrumbList\",\"@id\":\"https:\/\/blogs.donboscovolunteers.de\/elisainkenia\/?page_id=173#breadcrumb\",\"itemListElement\":[{\"@type\":\"ListItem\",\"position\":1,\"name\":\"Startseite\",\"item\":\"https:\/\/blogs.donboscovolunteers.de\/elisainkenia\"},{\"@type\":\"ListItem\",\"position\":2,\"name\":\"Das bin Ich\"}]},{\"@type\":\"WebSite\",\"@id\":\"https:\/\/blogs.donboscovolunteers.de\/elisainkenia\/#website\",\"url\":\"https:\/\/blogs.donboscovolunteers.de\/elisainkenia\/\",\"name\":\"Ein Jahr Kenia\",\"description\":\"Ein weiterer strassenkinder.de Blog\",\"potentialAction\":[{\"@type\":\"SearchAction\",\"target\":{\"@type\":\"EntryPoint\",\"urlTemplate\":\"https:\/\/blogs.donboscovolunteers.de\/elisainkenia\/?s={search_term_string}\"},\"query-input\":{\"@type\":\"PropertyValueSpecification\",\"valueRequired\":true,\"valueName\":\"search_term_string\"}}],\"inLanguage\":\"de\"}]}<\/script>\n<!-- \/ Yoast SEO plugin. -->","yoast_head_json":{"title":"Das bin Ich - Ein Jahr Kenia","robots":{"index":"index","follow":"follow","max-snippet":"max-snippet:-1","max-image-preview":"max-image-preview:large","max-video-preview":"max-video-preview:-1"},"canonical":"https:\/\/blogs.donboscovolunteers.de\/elisainkenia\/?page_id=173","og_locale":"de_DE","og_type":"article","og_title":"Das bin Ich - Ein Jahr Kenia","og_description":"Mein Name ist Elisa Heidenfels ich bin 19 Jahre alt und komme aus Rheindahlen einem sch\u00f6nen Ort bei M\u00f6nchengladbach am Niederrhein. Ab September gehe ich f\u00fcr ein Jahr nach Kenia. Dort werde ich in einem Projekt der Don Bosco Schwestern oder der Salesianer leben und arbeiten. Meine Einsatzstelle befindet sich in Makuyu etwa 80 km [&hellip;]","og_url":"https:\/\/blogs.donboscovolunteers.de\/elisainkenia\/?page_id=173","og_site_name":"Ein Jahr Kenia","article_modified_time":"2012-08-20T20:09:09+00:00","og_image":[{"url":"https:\/\/blogs.donboscovolunteers.de\/elisainkenia\/wp-content\/uploads\/sites\/19634\/2012\/07\/P8201855.jpg","type":"","width":"","height":""}],"twitter_card":"summary_large_image","twitter_misc":{"Gesch\u00e4tzte Lesezeit":"1\u00a0Minute"},"schema":{"@context":"https:\/\/schema.org","@graph":[{"@type":"WebPage","@id":"https:\/\/blogs.donboscovolunteers.de\/elisainkenia\/?page_id=173","url":"https:\/\/blogs.donboscovolunteers.de\/elisainkenia\/?page_id=173","name":"Das bin Ich - Ein Jahr Kenia","isPartOf":{"@id":"https:\/\/blogs.donboscovolunteers.de\/elisainkenia\/#website"},"primaryImageOfPage":{"@id":"https:\/\/blogs.donboscovolunteers.de\/elisainkenia\/?page_id=173#primaryimage"},"image":{"@id":"https:\/\/blogs.donboscovolunteers.de\/elisainkenia\/?page_id=173#primaryimage"},"thumbnailUrl":"https:\/\/blogs.donboscovolunteers.de\/elisainkenia\/wp-content\/uploads\/sites\/19634\/2012\/07\/P8201855.jpg","datePublished":"2012-08-20T20:08:37+00:00","dateModified":"2012-08-20T20:09:09+00:00","breadcrumb":{"@id":"https:\/\/blogs.donboscovolunteers.de\/elisainkenia\/?page_id=173#breadcrumb"},"inLanguage":"de","potentialAction":[{"@type":"ReadAction","target":["https:\/\/blogs.donboscovolunteers.de\/elisainkenia\/?page_id=173"]}]},{"@type":"ImageObject","inLanguage":"de","@id":"https:\/\/blogs.donboscovolunteers.de\/elisainkenia\/?page_id=173#primaryimage","url":"https:\/\/blogs.donboscovolunteers.de\/elisainkenia\/wp-content\/uploads\/sites\/19634\/2012\/07\/P8201855.jpg","contentUrl":"https:\/\/blogs.donboscovolunteers.de\/elisainkenia\/wp-content\/uploads\/sites\/19634\/2012\/07\/P8201855.jpg","width":"2429","height":"2553"},{"@type":"BreadcrumbList","@id":"https:\/\/blogs.donboscovolunteers.de\/elisainkenia\/?page_id=173#breadcrumb","itemListElement":[{"@type":"ListItem","position":1,"name":"Startseite","item":"https:\/\/blogs.donboscovolunteers.de\/elisainkenia"},{"@type":"ListItem","position":2,"name":"Das bin Ich"}]},{"@type":"WebSite","@id":"https:\/\/blogs.donboscovolunteers.de\/elisainkenia\/#website","url":"https:\/\/blogs.donboscovolunteers.de\/elisainkenia\/","name":"Ein Jahr Kenia","description":"Ein weiterer strassenkinder.de Blog","potentialAction":[{"@type":"SearchAction","target":{"@type":"EntryPoint","urlTemplate":"https:\/\/blogs.donboscovolunteers.de\/elisainkenia\/?s={search_term_string}"},"query-input":{"@type":"PropertyValueSpecification","valueRequired":true,"valueName":"search_term_string"}}],"inLanguage":"de"}]}},"_links":{"self":[{"href":"https:\/\/blogs.donboscovolunteers.de\/elisainkenia\/index.php?rest_route=\/wp\/v2\/pages\/173","targetHints":{"allow":["GET"]}}],"collection":[{"href":"https:\/\/blogs.donboscovolunteers.de\/elisainkenia\/index.php?rest_route=\/wp\/v2\/pages"}],"about":[{"href":"https:\/\/blogs.donboscovolunteers.de\/elisainkenia\/index.php?rest_route=\/wp\/v2\/types\/page"}],"author":[{"embeddable":true,"href":"https:\/\/blogs.donboscovolunteers.de\/elisainkenia\/index.php?rest_route=\/wp\/v2\/users\/19671"}],"replies":[{"embeddable":true,"href":"https:\/\/blogs.donboscovolunteers.de\/elisainkenia\/index.php?rest_route=%2Fwp%2Fv2%2Fcomments&post=173"}],"version-history":[{"count":4,"href":"https:\/\/blogs.donboscovolunteers.de\/elisainkenia\/index.php?rest_route=\/wp\/v2\/pages\/173\/revisions"}],"predecessor-version":[{"id":177,"href":"https:\/\/blogs.donboscovolunteers.de\/elisainkenia\/index.php?rest_route=\/wp\/v2\/pages\/173\/revisions\/177"}],"wp:attachment":[{"href":"https:\/\/blogs.donboscovolunteers.de\/elisainkenia\/index.php?rest_route=%2Fwp%2Fv2%2Fmedia&parent=173"}],"curies":[{"name":"wp","href":"https:\/\/api.w.org\/{rel}","templated":true}]}}