{"id":41,"date":"2025-11-27T14:01:11","date_gmt":"2025-11-27T13:01:11","guid":{"rendered":"https:\/\/blogs.donboscovolunteers.de\/elisabethinnilavarapatti\/?page_id=41"},"modified":"2025-11-28T16:31:40","modified_gmt":"2025-11-28T15:31:40","slug":"mein-projekt","status":"publish","type":"page","link":"https:\/\/blogs.donboscovolunteers.de\/elisabethinnilavarapatti\/mein-projekt\/","title":{"rendered":"Mein Projekt &#8211; Mon projet"},"content":{"rendered":"<p>Im s\u00fcdlichsten Bundesstaat Indiens Tamil Nadu, nahe der Stadt Salem liegt das Dorf Nilavarapatti. Dort befindet sich das&nbsp;<a href=\"https:\/\/www.donboscomission.de\/don-bosco\/\">Don Bosco<\/a>&nbsp;Care Home (DBCH). Neben den Salesianern und Mitarbeitern leben hier 38 Jungs im Alter von 7-21 Jahren. <\/p>\n\n\n\n<p>Sie alle haben seit ihrer Geburt HIV.&nbsp;<br>Das Ziel des DBCH ist es, diesen Jungs ein Zuhause zu bieten, in dem sie beh\u00fctet aufwachsen und ihre Kindheit genie\u00dfen k\u00f6nnen. Au\u00dferdem bekommen sie Zugang zu Bildung, Ern\u00e4hrung, psychologischer und medizinischer Hilfe. Am Ende ihrer Zeit im DBCH sollen die Jungs in der Lage sein, selbstst\u00e4ndig ihr Leben zu f\u00fchren. Daher gehen sie neben der rein schulischen Bildung auch praktischen Aufgaben auf dem Feld und im Haushalt nach, lernen, gewissenhaft ihre Pflichten zu erf\u00fcllen, und den Umgang mit ihren Mitmenschen.<\/p>\n\n\n\n<p class=\"has-text-align-left has-large-font-size\"><strong>Mon projet<\/strong><\/p>\n\n\n\n<p>Dans l&#8217;\u00c9tat le plus m\u00e9ridional de l&#8217;Inde, le Tamil Nadu, pr\u00e8s de la ville de Salem, se trouve le village de Nilavarapatti. C&#8217;est l\u00e0 que se trouve le Don Bosco Care Home (DBCH). Outre les sal\u00e9siens et les employ\u00e9s, 38 gar\u00e7ons \u00e2g\u00e9s de 7 \u00e0 21 ans y vivent.<\/p>\n\n\n\n<p>Ils sont tous s\u00e9ropositifs depuis leur naissance.<br>L&#8217;objectif du DBCH est d&#8217;offrir \u00e0 ces gar\u00e7ons un foyer o\u00f9 ils peuvent grandir en s\u00e9curit\u00e9 et profiter de leur enfance. Ils ont \u00e9galement acc\u00e8s \u00e0 l&#8217;\u00e9ducation, \u00e0 l&#8217;alimentation, \u00e0 une aide psychologique et m\u00e9dicale. \u00c0 la fin de leur s\u00e9jour au DBCH, les gar\u00e7ons doivent \u00eatre capables de mener une vie autonome. C&#8217;est pourquoi, en plus de leur formation scolaire, ils accomplissent des t\u00e2ches pratiques dans les champs et \u00e0 la maison, apprennent \u00e0 remplir consciencieusement leurs obligations et \u00e0 interagir avec leurs semblables.<\/p>\n\n\n\n<figure class=\"wp-block-image size-large\"><img loading=\"lazy\" decoding=\"async\" width=\"1024\" height=\"768\" src=\"https:\/\/blogs.donboscovolunteers.de\/elisabethinnilavarapatti\/wp-content\/uploads\/sites\/21780\/2025\/11\/IMG_BBDFCE7F9839-1-1-1024x768.jpeg\" alt=\"\" class=\"wp-image-50\" srcset=\"https:\/\/blogs.donboscovolunteers.de\/elisabethinnilavarapatti\/wp-content\/uploads\/sites\/21780\/2025\/11\/IMG_BBDFCE7F9839-1-1-1024x768.jpeg 1024w, https:\/\/blogs.donboscovolunteers.de\/elisabethinnilavarapatti\/wp-content\/uploads\/sites\/21780\/2025\/11\/IMG_BBDFCE7F9839-1-1-300x225.jpeg 300w, https:\/\/blogs.donboscovolunteers.de\/elisabethinnilavarapatti\/wp-content\/uploads\/sites\/21780\/2025\/11\/IMG_BBDFCE7F9839-1-1-768x576.jpeg 768w, https:\/\/blogs.donboscovolunteers.de\/elisabethinnilavarapatti\/wp-content\/uploads\/sites\/21780\/2025\/11\/IMG_BBDFCE7F9839-1-1-900x675.jpeg 900w, https:\/\/blogs.donboscovolunteers.de\/elisabethinnilavarapatti\/wp-content\/uploads\/sites\/21780\/2025\/11\/IMG_BBDFCE7F9839-1-1.jpeg 1280w\" sizes=\"auto, (max-width: 1024px) 100vw, 1024px\" \/><\/figure>","protected":false},"excerpt":{"rendered":"<p>Im s\u00fcdlichsten Bundesstaat Indiens Tamil Nadu, nahe der Stadt Salem liegt das Dorf Nilavarapatti. Dort befindet sich das&nbsp;<a href=\"https:\/\/www.donboscomission.de\/don-bosco\/\">Don Bosco<\/a>&nbsp;Care Home (DBCH). Neben den Salesianern und Mitarbeitern leben hier 38 Jungs im Alter von 7-21 Jahren. Sie alle haben seit ihrer Geburt HIV.&nbsp;Das Ziel des DBCH ist es, diesen Jungs ein Zuhause zu bieten, in dem [&hellip;]<\/p>\n","protected":false},"author":21892,"featured_media":0,"parent":0,"menu_order":0,"comment_status":"closed","ping_status":"closed","template":"","meta":{"footnotes":""},"class_list":["post-41","page","type-page","status-publish","hentry"],"yoast_head":"<!-- This site is optimized with the Yoast SEO plugin v25.3.1 - https:\/\/yoast.com\/wordpress\/plugins\/seo\/ -->\n<title>Mein Projekt - Mon projet - Elisabeth in Nilavarapatti<\/title>\n<meta name=\"robots\" content=\"index, follow, max-snippet:-1, max-image-preview:large, max-video-preview:-1\" \/>\n<link rel=\"canonical\" href=\"https:\/\/blogs.donboscovolunteers.de\/elisabethinnilavarapatti\/mein-projekt\/\" \/>\n<meta property=\"og:locale\" content=\"de_DE\" \/>\n<meta property=\"og:type\" content=\"article\" \/>\n<meta property=\"og:title\" content=\"Mein Projekt - Mon projet - Elisabeth in Nilavarapatti\" \/>\n<meta property=\"og:description\" content=\"Im s\u00fcdlichsten Bundesstaat Indiens Tamil Nadu, nahe der Stadt Salem liegt das Dorf Nilavarapatti. Dort befindet sich das&nbsp;Don Bosco&nbsp;Care Home (DBCH). Neben den Salesianern und Mitarbeitern leben hier 38 Jungs im Alter von 7-21 Jahren. Sie alle haben seit ihrer Geburt HIV.&nbsp;Das Ziel des DBCH ist es, diesen Jungs ein Zuhause zu bieten, in dem [&hellip;]\" \/>\n<meta property=\"og:url\" content=\"https:\/\/blogs.donboscovolunteers.de\/elisabethinnilavarapatti\/mein-projekt\/\" \/>\n<meta property=\"og:site_name\" content=\"Elisabeth in Nilavarapatti\" \/>\n<meta property=\"article:modified_time\" content=\"2025-11-28T15:31:40+00:00\" \/>\n<meta property=\"og:image\" content=\"https:\/\/blogs.donboscovolunteers.de\/elisabethinnilavarapatti\/wp-content\/uploads\/sites\/21780\/2025\/11\/IMG_BBDFCE7F9839-1-1.jpeg\" \/>\n\t<meta property=\"og:image:width\" content=\"1280\" \/>\n\t<meta property=\"og:image:height\" content=\"960\" \/>\n\t<meta property=\"og:image:type\" content=\"image\/jpeg\" \/>\n<meta name=\"twitter:card\" content=\"summary_large_image\" \/>\n<meta name=\"twitter:label1\" content=\"Gesch\u00e4tzte Lesezeit\" \/>\n\t<meta name=\"twitter:data1\" content=\"2\u00a0Minuten\" \/>\n<script type=\"application\/ld+json\" class=\"yoast-schema-graph\">{\"@context\":\"https:\/\/schema.org\",\"@graph\":[{\"@type\":\"WebPage\",\"@id\":\"https:\/\/blogs.donboscovolunteers.de\/elisabethinnilavarapatti\/mein-projekt\/\",\"url\":\"https:\/\/blogs.donboscovolunteers.de\/elisabethinnilavarapatti\/mein-projekt\/\",\"name\":\"Mein Projekt - Mon projet - Elisabeth in Nilavarapatti\",\"isPartOf\":{\"@id\":\"https:\/\/blogs.donboscovolunteers.de\/elisabethinnilavarapatti\/#website\"},\"primaryImageOfPage\":{\"@id\":\"https:\/\/blogs.donboscovolunteers.de\/elisabethinnilavarapatti\/mein-projekt\/#primaryimage\"},\"image\":{\"@id\":\"https:\/\/blogs.donboscovolunteers.de\/elisabethinnilavarapatti\/mein-projekt\/#primaryimage\"},\"thumbnailUrl\":\"https:\/\/blogs.donboscovolunteers.de\/elisabethinnilavarapatti\/wp-content\/uploads\/sites\/21780\/2025\/11\/IMG_BBDFCE7F9839-1-1-1024x768.jpeg\",\"datePublished\":\"2025-11-27T13:01:11+00:00\",\"dateModified\":\"2025-11-28T15:31:40+00:00\",\"breadcrumb\":{\"@id\":\"https:\/\/blogs.donboscovolunteers.de\/elisabethinnilavarapatti\/mein-projekt\/#breadcrumb\"},\"inLanguage\":\"de\",\"potentialAction\":[{\"@type\":\"ReadAction\",\"target\":[\"https:\/\/blogs.donboscovolunteers.de\/elisabethinnilavarapatti\/mein-projekt\/\"]}]},{\"@type\":\"ImageObject\",\"inLanguage\":\"de\",\"@id\":\"https:\/\/blogs.donboscovolunteers.de\/elisabethinnilavarapatti\/mein-projekt\/#primaryimage\",\"url\":\"https:\/\/blogs.donboscovolunteers.de\/elisabethinnilavarapatti\/wp-content\/uploads\/sites\/21780\/2025\/11\/IMG_BBDFCE7F9839-1-1.jpeg\",\"contentUrl\":\"https:\/\/blogs.donboscovolunteers.de\/elisabethinnilavarapatti\/wp-content\/uploads\/sites\/21780\/2025\/11\/IMG_BBDFCE7F9839-1-1.jpeg\",\"width\":1280,\"height\":960},{\"@type\":\"BreadcrumbList\",\"@id\":\"https:\/\/blogs.donboscovolunteers.de\/elisabethinnilavarapatti\/mein-projekt\/#breadcrumb\",\"itemListElement\":[{\"@type\":\"ListItem\",\"position\":1,\"name\":\"Startseite\",\"item\":\"https:\/\/blogs.donboscovolunteers.de\/elisabethinnilavarapatti\/\"},{\"@type\":\"ListItem\",\"position\":2,\"name\":\"Mein Projekt &#8211; Mon projet\"}]},{\"@type\":\"WebSite\",\"@id\":\"https:\/\/blogs.donboscovolunteers.de\/elisabethinnilavarapatti\/#website\",\"url\":\"https:\/\/blogs.donboscovolunteers.de\/elisabethinnilavarapatti\/\",\"name\":\"Elisabeth in Nilavarapatti\",\"description\":\"\",\"potentialAction\":[{\"@type\":\"SearchAction\",\"target\":{\"@type\":\"EntryPoint\",\"urlTemplate\":\"https:\/\/blogs.donboscovolunteers.de\/elisabethinnilavarapatti\/?s={search_term_string}\"},\"query-input\":{\"@type\":\"PropertyValueSpecification\",\"valueRequired\":true,\"valueName\":\"search_term_string\"}}],\"inLanguage\":\"de\"}]}<\/script>\n<!-- \/ Yoast SEO plugin. -->","yoast_head_json":{"title":"Mein Projekt - Mon projet - Elisabeth in Nilavarapatti","robots":{"index":"index","follow":"follow","max-snippet":"max-snippet:-1","max-image-preview":"max-image-preview:large","max-video-preview":"max-video-preview:-1"},"canonical":"https:\/\/blogs.donboscovolunteers.de\/elisabethinnilavarapatti\/mein-projekt\/","og_locale":"de_DE","og_type":"article","og_title":"Mein Projekt - Mon projet - Elisabeth in Nilavarapatti","og_description":"Im s\u00fcdlichsten Bundesstaat Indiens Tamil Nadu, nahe der Stadt Salem liegt das Dorf Nilavarapatti. Dort befindet sich das&nbsp;Don Bosco&nbsp;Care Home (DBCH). Neben den Salesianern und Mitarbeitern leben hier 38 Jungs im Alter von 7-21 Jahren. Sie alle haben seit ihrer Geburt HIV.&nbsp;Das Ziel des DBCH ist es, diesen Jungs ein Zuhause zu bieten, in dem [&hellip;]","og_url":"https:\/\/blogs.donboscovolunteers.de\/elisabethinnilavarapatti\/mein-projekt\/","og_site_name":"Elisabeth in Nilavarapatti","article_modified_time":"2025-11-28T15:31:40+00:00","og_image":[{"width":1280,"height":960,"url":"https:\/\/blogs.donboscovolunteers.de\/elisabethinnilavarapatti\/wp-content\/uploads\/sites\/21780\/2025\/11\/IMG_BBDFCE7F9839-1-1.jpeg","type":"image\/jpeg"}],"twitter_card":"summary_large_image","twitter_misc":{"Gesch\u00e4tzte Lesezeit":"2\u00a0Minuten"},"schema":{"@context":"https:\/\/schema.org","@graph":[{"@type":"WebPage","@id":"https:\/\/blogs.donboscovolunteers.de\/elisabethinnilavarapatti\/mein-projekt\/","url":"https:\/\/blogs.donboscovolunteers.de\/elisabethinnilavarapatti\/mein-projekt\/","name":"Mein Projekt - Mon projet - Elisabeth in Nilavarapatti","isPartOf":{"@id":"https:\/\/blogs.donboscovolunteers.de\/elisabethinnilavarapatti\/#website"},"primaryImageOfPage":{"@id":"https:\/\/blogs.donboscovolunteers.de\/elisabethinnilavarapatti\/mein-projekt\/#primaryimage"},"image":{"@id":"https:\/\/blogs.donboscovolunteers.de\/elisabethinnilavarapatti\/mein-projekt\/#primaryimage"},"thumbnailUrl":"https:\/\/blogs.donboscovolunteers.de\/elisabethinnilavarapatti\/wp-content\/uploads\/sites\/21780\/2025\/11\/IMG_BBDFCE7F9839-1-1-1024x768.jpeg","datePublished":"2025-11-27T13:01:11+00:00","dateModified":"2025-11-28T15:31:40+00:00","breadcrumb":{"@id":"https:\/\/blogs.donboscovolunteers.de\/elisabethinnilavarapatti\/mein-projekt\/#breadcrumb"},"inLanguage":"de","potentialAction":[{"@type":"ReadAction","target":["https:\/\/blogs.donboscovolunteers.de\/elisabethinnilavarapatti\/mein-projekt\/"]}]},{"@type":"ImageObject","inLanguage":"de","@id":"https:\/\/blogs.donboscovolunteers.de\/elisabethinnilavarapatti\/mein-projekt\/#primaryimage","url":"https:\/\/blogs.donboscovolunteers.de\/elisabethinnilavarapatti\/wp-content\/uploads\/sites\/21780\/2025\/11\/IMG_BBDFCE7F9839-1-1.jpeg","contentUrl":"https:\/\/blogs.donboscovolunteers.de\/elisabethinnilavarapatti\/wp-content\/uploads\/sites\/21780\/2025\/11\/IMG_BBDFCE7F9839-1-1.jpeg","width":1280,"height":960},{"@type":"BreadcrumbList","@id":"https:\/\/blogs.donboscovolunteers.de\/elisabethinnilavarapatti\/mein-projekt\/#breadcrumb","itemListElement":[{"@type":"ListItem","position":1,"name":"Startseite","item":"https:\/\/blogs.donboscovolunteers.de\/elisabethinnilavarapatti\/"},{"@type":"ListItem","position":2,"name":"Mein Projekt &#8211; Mon projet"}]},{"@type":"WebSite","@id":"https:\/\/blogs.donboscovolunteers.de\/elisabethinnilavarapatti\/#website","url":"https:\/\/blogs.donboscovolunteers.de\/elisabethinnilavarapatti\/","name":"Elisabeth in Nilavarapatti","description":"","potentialAction":[{"@type":"SearchAction","target":{"@type":"EntryPoint","urlTemplate":"https:\/\/blogs.donboscovolunteers.de\/elisabethinnilavarapatti\/?s={search_term_string}"},"query-input":{"@type":"PropertyValueSpecification","valueRequired":true,"valueName":"search_term_string"}}],"inLanguage":"de"}]}},"_links":{"self":[{"href":"https:\/\/blogs.donboscovolunteers.de\/elisabethinnilavarapatti\/wp-json\/wp\/v2\/pages\/41","targetHints":{"allow":["GET"]}}],"collection":[{"href":"https:\/\/blogs.donboscovolunteers.de\/elisabethinnilavarapatti\/wp-json\/wp\/v2\/pages"}],"about":[{"href":"https:\/\/blogs.donboscovolunteers.de\/elisabethinnilavarapatti\/wp-json\/wp\/v2\/types\/page"}],"author":[{"embeddable":true,"href":"https:\/\/blogs.donboscovolunteers.de\/elisabethinnilavarapatti\/wp-json\/wp\/v2\/users\/21892"}],"replies":[{"embeddable":true,"href":"https:\/\/blogs.donboscovolunteers.de\/elisabethinnilavarapatti\/wp-json\/wp\/v2\/comments?post=41"}],"version-history":[{"count":6,"href":"https:\/\/blogs.donboscovolunteers.de\/elisabethinnilavarapatti\/wp-json\/wp\/v2\/pages\/41\/revisions"}],"predecessor-version":[{"id":71,"href":"https:\/\/blogs.donboscovolunteers.de\/elisabethinnilavarapatti\/wp-json\/wp\/v2\/pages\/41\/revisions\/71"}],"wp:attachment":[{"href":"https:\/\/blogs.donboscovolunteers.de\/elisabethinnilavarapatti\/wp-json\/wp\/v2\/media?parent=41"}],"curies":[{"name":"wp","href":"https:\/\/api.w.org\/{rel}","templated":true}]}}