{"id":4,"date":"2025-11-26T12:14:24","date_gmt":"2025-11-26T11:14:24","guid":{"rendered":"https:\/\/blogs.donboscovolunteers.de\/elisabethinnilavarapatti\/about-2\/"},"modified":"2025-11-28T17:27:30","modified_gmt":"2025-11-28T16:27:30","slug":"about-2","status":"publish","type":"page","link":"https:\/\/blogs.donboscovolunteers.de\/elisabethinnilavarapatti\/about-2\/","title":{"rendered":"Spenden &#8211; Faire un don"},"content":{"rendered":"<p>Rund 50 Freiwillige werden jedes Jahr von <a href=\"https:\/\/www.donboscomission.de\/don-bosco\/\">Don Bosco<\/a> Volunteers ins Ausland entsandt. Hier k\u00f6nnt ihr f\u00fcr meinen <a href=\"https:\/\/www.donboscovolunteers.de\/\">Freiwilligendienst<\/a> spenden:\u00a0<a href=\"https:\/\/www.donboscomission.de\/volontariat\/2025\/spenden\/elisabeth\">https:\/\/www.donboscomission.de\/volontariat\/2025\/spenden\/elisabeth<\/a><\/p>\n<p>Unser Freiwilligendienst wird zu 75% von Weltw\u00e4rts getragen. Die restlichen 25% m\u00fcssen wir durch einen Spendenkreis sammeln. Es w\u00fcrde mich riesig freuen, wenn du meine Arbeit unterst\u00fctzt und somit auch die wichtige Arbeit Don Boscos.<\/p>\n<p>Wenn ihr spenden m\u00f6chtet, k\u00f6nnt ihr das auf folgendes Konto tun:<\/p>\n<p><strong>Don Bosco Mission<\/strong><\/p>\n<p><strong>Sparkasse K\u00f6ln Bonn<\/strong><\/p>\n<p><strong>IBAN: DE89 3705 0198 0000 0994 99<\/strong><\/p>\n<p><strong>Verwendungszweck: Nilavarapatti Elisabeth<\/strong><\/p>\n<p>(Euch wird eine Spendenbescheinigung zugeschickt, wenn ihr im Verwendungszweck zus\u00e4tzlich eure Adresse angebt)<\/p>\n<p>Vielen Dank!<\/p>\n\n\n<p class=\"has-text-align-left\"><br><strong>Faire un don <\/strong><br><br>Chaque ann\u00e9e, environ 50 b\u00e9n\u00e9voles sont envoy\u00e9s \u00e0 l&#8217;\u00e9tranger par Don Bosco Volunteers. Notre service volontaire est financ\u00e9 \u00e0 75 % par Weltw\u00e4rts. Les 25 % restants doivent \u00eatre collect\u00e9s par le biais d&#8217;un cercle de donateurs. Je serais tr\u00e8s heureuse si vous souteniez mon travail et ainsi l&#8217;important travail de Don Bosco.<br><br>Si vous souhaitez faire un don, vous pouvez le faire sur le compte suivant ou gr\u00e2ce au lien ci-dessous:<br><br><strong>Don Bosco Mission<br>Sparkasse K\u00f6ln Bonn<br>IBAN : DE89 3705 0198 0000 0994 99<br>R\u00e9f\u00e9rence : Nilavarapatti Elisabeth<\/strong><\/p>\n\n\n\n<p class=\"has-text-align-left\"><a href=\"https:\/\/www.donboscomission.de\/volontariat\/2025\/spenden\/elisabeth\">https:\/\/www.donboscomission.de\/volontariat\/2025\/spenden\/elisabeth<\/a><\/p>\n\n\n\n<p class=\"has-text-align-left\">Merci beaucoup !<br>\u00c9lisabeth<\/p>","protected":false},"excerpt":{"rendered":"<p>Rund 50 Freiwillige werden jedes Jahr von <a href=\"https:\/\/www.donboscomission.de\/don-bosco\/\">Don Bosco<\/a> Volunteers ins Ausland entsandt. Hier k\u00f6nnt ihr f\u00fcr meinen <a href=\"https:\/\/www.donboscovolunteers.de\/\">Freiwilligendienst<\/a> spenden:\u00a0https:\/\/www.donboscomission.de\/volontariat\/2025\/spenden\/elisabeth Unser Freiwilligendienst wird zu 75% von Weltw\u00e4rts getragen. Die restlichen 25% m\u00fcssen wir durch einen Spendenkreis sammeln. Es w\u00fcrde mich riesig freuen, wenn du meine Arbeit unterst\u00fctzt und somit auch die wichtige Arbeit Don Boscos. [&hellip;]<\/p>\n","protected":false},"author":1,"featured_media":82,"parent":0,"menu_order":1,"comment_status":"closed","ping_status":"closed","template":"","meta":{"footnotes":""},"class_list":["post-4","page","type-page","status-publish","has-post-thumbnail","hentry"],"yoast_head":"<!-- This site is optimized with the Yoast SEO plugin v25.3.1 - https:\/\/yoast.com\/wordpress\/plugins\/seo\/ -->\n<title>Spenden - Faire un don - Elisabeth in Nilavarapatti<\/title>\n<meta name=\"robots\" content=\"index, follow, max-snippet:-1, max-image-preview:large, max-video-preview:-1\" \/>\n<link rel=\"canonical\" href=\"https:\/\/blogs.donboscovolunteers.de\/elisabethinnilavarapatti\/about-2\/\" \/>\n<meta property=\"og:locale\" content=\"de_DE\" \/>\n<meta property=\"og:type\" content=\"article\" \/>\n<meta property=\"og:title\" content=\"Spenden - Faire un don - Elisabeth in Nilavarapatti\" \/>\n<meta property=\"og:description\" content=\"Rund 50 Freiwillige werden jedes Jahr von Don Bosco Volunteers ins Ausland entsandt. Hier k\u00f6nnt ihr f\u00fcr meinen Freiwilligendienst spenden:\u00a0https:\/\/www.donboscomission.de\/volontariat\/2025\/spenden\/elisabeth Unser Freiwilligendienst wird zu 75% von Weltw\u00e4rts getragen. Die restlichen 25% m\u00fcssen wir durch einen Spendenkreis sammeln. Es w\u00fcrde mich riesig freuen, wenn du meine Arbeit unterst\u00fctzt und somit auch die wichtige Arbeit Don Boscos. [&hellip;]\" \/>\n<meta property=\"og:url\" content=\"https:\/\/blogs.donboscovolunteers.de\/elisabethinnilavarapatti\/about-2\/\" \/>\n<meta property=\"og:site_name\" content=\"Elisabeth in Nilavarapatti\" \/>\n<meta property=\"article:modified_time\" content=\"2025-11-28T16:27:30+00:00\" \/>\n<meta property=\"og:image\" content=\"https:\/\/blogs.donboscovolunteers.de\/elisabethinnilavarapatti\/wp-content\/uploads\/sites\/21780\/2025\/11\/IMG_55A1E1C4E220-1.jpeg\" \/>\n\t<meta property=\"og:image:width\" content=\"1280\" \/>\n\t<meta property=\"og:image:height\" content=\"960\" \/>\n\t<meta property=\"og:image:type\" content=\"image\/jpeg\" \/>\n<meta name=\"twitter:card\" content=\"summary_large_image\" \/>\n<meta name=\"twitter:label1\" content=\"Gesch\u00e4tzte Lesezeit\" \/>\n\t<meta name=\"twitter:data1\" content=\"2\u00a0Minuten\" \/>\n<script type=\"application\/ld+json\" class=\"yoast-schema-graph\">{\"@context\":\"https:\/\/schema.org\",\"@graph\":[{\"@type\":\"WebPage\",\"@id\":\"https:\/\/blogs.donboscovolunteers.de\/elisabethinnilavarapatti\/about-2\/\",\"url\":\"https:\/\/blogs.donboscovolunteers.de\/elisabethinnilavarapatti\/about-2\/\",\"name\":\"Spenden - Faire un don - Elisabeth in Nilavarapatti\",\"isPartOf\":{\"@id\":\"https:\/\/blogs.donboscovolunteers.de\/elisabethinnilavarapatti\/#website\"},\"primaryImageOfPage\":{\"@id\":\"https:\/\/blogs.donboscovolunteers.de\/elisabethinnilavarapatti\/about-2\/#primaryimage\"},\"image\":{\"@id\":\"https:\/\/blogs.donboscovolunteers.de\/elisabethinnilavarapatti\/about-2\/#primaryimage\"},\"thumbnailUrl\":\"https:\/\/blogs.donboscovolunteers.de\/elisabethinnilavarapatti\/wp-content\/uploads\/sites\/21780\/2025\/11\/IMG_55A1E1C4E220-1.jpeg\",\"datePublished\":\"2025-11-26T11:14:24+00:00\",\"dateModified\":\"2025-11-28T16:27:30+00:00\",\"breadcrumb\":{\"@id\":\"https:\/\/blogs.donboscovolunteers.de\/elisabethinnilavarapatti\/about-2\/#breadcrumb\"},\"inLanguage\":\"de\",\"potentialAction\":[{\"@type\":\"ReadAction\",\"target\":[\"https:\/\/blogs.donboscovolunteers.de\/elisabethinnilavarapatti\/about-2\/\"]}]},{\"@type\":\"ImageObject\",\"inLanguage\":\"de\",\"@id\":\"https:\/\/blogs.donboscovolunteers.de\/elisabethinnilavarapatti\/about-2\/#primaryimage\",\"url\":\"https:\/\/blogs.donboscovolunteers.de\/elisabethinnilavarapatti\/wp-content\/uploads\/sites\/21780\/2025\/11\/IMG_55A1E1C4E220-1.jpeg\",\"contentUrl\":\"https:\/\/blogs.donboscovolunteers.de\/elisabethinnilavarapatti\/wp-content\/uploads\/sites\/21780\/2025\/11\/IMG_55A1E1C4E220-1.jpeg\",\"width\":1280,\"height\":960},{\"@type\":\"BreadcrumbList\",\"@id\":\"https:\/\/blogs.donboscovolunteers.de\/elisabethinnilavarapatti\/about-2\/#breadcrumb\",\"itemListElement\":[{\"@type\":\"ListItem\",\"position\":1,\"name\":\"Startseite\",\"item\":\"https:\/\/blogs.donboscovolunteers.de\/elisabethinnilavarapatti\/\"},{\"@type\":\"ListItem\",\"position\":2,\"name\":\"Spenden &#8211; Faire un don\"}]},{\"@type\":\"WebSite\",\"@id\":\"https:\/\/blogs.donboscovolunteers.de\/elisabethinnilavarapatti\/#website\",\"url\":\"https:\/\/blogs.donboscovolunteers.de\/elisabethinnilavarapatti\/\",\"name\":\"Elisabeth in Nilavarapatti\",\"description\":\"\",\"potentialAction\":[{\"@type\":\"SearchAction\",\"target\":{\"@type\":\"EntryPoint\",\"urlTemplate\":\"https:\/\/blogs.donboscovolunteers.de\/elisabethinnilavarapatti\/?s={search_term_string}\"},\"query-input\":{\"@type\":\"PropertyValueSpecification\",\"valueRequired\":true,\"valueName\":\"search_term_string\"}}],\"inLanguage\":\"de\"}]}<\/script>\n<!-- \/ Yoast SEO plugin. -->","yoast_head_json":{"title":"Spenden - Faire un don - Elisabeth in Nilavarapatti","robots":{"index":"index","follow":"follow","max-snippet":"max-snippet:-1","max-image-preview":"max-image-preview:large","max-video-preview":"max-video-preview:-1"},"canonical":"https:\/\/blogs.donboscovolunteers.de\/elisabethinnilavarapatti\/about-2\/","og_locale":"de_DE","og_type":"article","og_title":"Spenden - Faire un don - Elisabeth in Nilavarapatti","og_description":"Rund 50 Freiwillige werden jedes Jahr von Don Bosco Volunteers ins Ausland entsandt. Hier k\u00f6nnt ihr f\u00fcr meinen Freiwilligendienst spenden:\u00a0https:\/\/www.donboscomission.de\/volontariat\/2025\/spenden\/elisabeth Unser Freiwilligendienst wird zu 75% von Weltw\u00e4rts getragen. Die restlichen 25% m\u00fcssen wir durch einen Spendenkreis sammeln. Es w\u00fcrde mich riesig freuen, wenn du meine Arbeit unterst\u00fctzt und somit auch die wichtige Arbeit Don Boscos. [&hellip;]","og_url":"https:\/\/blogs.donboscovolunteers.de\/elisabethinnilavarapatti\/about-2\/","og_site_name":"Elisabeth in Nilavarapatti","article_modified_time":"2025-11-28T16:27:30+00:00","og_image":[{"width":1280,"height":960,"url":"https:\/\/blogs.donboscovolunteers.de\/elisabethinnilavarapatti\/wp-content\/uploads\/sites\/21780\/2025\/11\/IMG_55A1E1C4E220-1.jpeg","type":"image\/jpeg"}],"twitter_card":"summary_large_image","twitter_misc":{"Gesch\u00e4tzte Lesezeit":"2\u00a0Minuten"},"schema":{"@context":"https:\/\/schema.org","@graph":[{"@type":"WebPage","@id":"https:\/\/blogs.donboscovolunteers.de\/elisabethinnilavarapatti\/about-2\/","url":"https:\/\/blogs.donboscovolunteers.de\/elisabethinnilavarapatti\/about-2\/","name":"Spenden - Faire un don - Elisabeth in Nilavarapatti","isPartOf":{"@id":"https:\/\/blogs.donboscovolunteers.de\/elisabethinnilavarapatti\/#website"},"primaryImageOfPage":{"@id":"https:\/\/blogs.donboscovolunteers.de\/elisabethinnilavarapatti\/about-2\/#primaryimage"},"image":{"@id":"https:\/\/blogs.donboscovolunteers.de\/elisabethinnilavarapatti\/about-2\/#primaryimage"},"thumbnailUrl":"https:\/\/blogs.donboscovolunteers.de\/elisabethinnilavarapatti\/wp-content\/uploads\/sites\/21780\/2025\/11\/IMG_55A1E1C4E220-1.jpeg","datePublished":"2025-11-26T11:14:24+00:00","dateModified":"2025-11-28T16:27:30+00:00","breadcrumb":{"@id":"https:\/\/blogs.donboscovolunteers.de\/elisabethinnilavarapatti\/about-2\/#breadcrumb"},"inLanguage":"de","potentialAction":[{"@type":"ReadAction","target":["https:\/\/blogs.donboscovolunteers.de\/elisabethinnilavarapatti\/about-2\/"]}]},{"@type":"ImageObject","inLanguage":"de","@id":"https:\/\/blogs.donboscovolunteers.de\/elisabethinnilavarapatti\/about-2\/#primaryimage","url":"https:\/\/blogs.donboscovolunteers.de\/elisabethinnilavarapatti\/wp-content\/uploads\/sites\/21780\/2025\/11\/IMG_55A1E1C4E220-1.jpeg","contentUrl":"https:\/\/blogs.donboscovolunteers.de\/elisabethinnilavarapatti\/wp-content\/uploads\/sites\/21780\/2025\/11\/IMG_55A1E1C4E220-1.jpeg","width":1280,"height":960},{"@type":"BreadcrumbList","@id":"https:\/\/blogs.donboscovolunteers.de\/elisabethinnilavarapatti\/about-2\/#breadcrumb","itemListElement":[{"@type":"ListItem","position":1,"name":"Startseite","item":"https:\/\/blogs.donboscovolunteers.de\/elisabethinnilavarapatti\/"},{"@type":"ListItem","position":2,"name":"Spenden &#8211; Faire un don"}]},{"@type":"WebSite","@id":"https:\/\/blogs.donboscovolunteers.de\/elisabethinnilavarapatti\/#website","url":"https:\/\/blogs.donboscovolunteers.de\/elisabethinnilavarapatti\/","name":"Elisabeth in Nilavarapatti","description":"","potentialAction":[{"@type":"SearchAction","target":{"@type":"EntryPoint","urlTemplate":"https:\/\/blogs.donboscovolunteers.de\/elisabethinnilavarapatti\/?s={search_term_string}"},"query-input":{"@type":"PropertyValueSpecification","valueRequired":true,"valueName":"search_term_string"}}],"inLanguage":"de"}]}},"_links":{"self":[{"href":"https:\/\/blogs.donboscovolunteers.de\/elisabethinnilavarapatti\/wp-json\/wp\/v2\/pages\/4","targetHints":{"allow":["GET"]}}],"collection":[{"href":"https:\/\/blogs.donboscovolunteers.de\/elisabethinnilavarapatti\/wp-json\/wp\/v2\/pages"}],"about":[{"href":"https:\/\/blogs.donboscovolunteers.de\/elisabethinnilavarapatti\/wp-json\/wp\/v2\/types\/page"}],"author":[{"embeddable":true,"href":"https:\/\/blogs.donboscovolunteers.de\/elisabethinnilavarapatti\/wp-json\/wp\/v2\/users\/1"}],"replies":[{"embeddable":true,"href":"https:\/\/blogs.donboscovolunteers.de\/elisabethinnilavarapatti\/wp-json\/wp\/v2\/comments?post=4"}],"version-history":[{"count":3,"href":"https:\/\/blogs.donboscovolunteers.de\/elisabethinnilavarapatti\/wp-json\/wp\/v2\/pages\/4\/revisions"}],"predecessor-version":[{"id":85,"href":"https:\/\/blogs.donboscovolunteers.de\/elisabethinnilavarapatti\/wp-json\/wp\/v2\/pages\/4\/revisions\/85"}],"wp:featuredmedia":[{"embeddable":true,"href":"https:\/\/blogs.donboscovolunteers.de\/elisabethinnilavarapatti\/wp-json\/wp\/v2\/media\/82"}],"wp:attachment":[{"href":"https:\/\/blogs.donboscovolunteers.de\/elisabethinnilavarapatti\/wp-json\/wp\/v2\/media?parent=4"}],"curies":[{"name":"wp","href":"https:\/\/api.w.org\/{rel}","templated":true}]}}