{"id":3,"date":"2025-11-26T12:14:24","date_gmt":"2025-11-26T11:14:24","guid":{"rendered":"https:\/\/blogs.donboscovolunteers.de\/elisabethinnilavarapatti\/about\/"},"modified":"2025-11-28T16:47:46","modified_gmt":"2025-11-28T15:47:46","slug":"about","status":"publish","type":"page","link":"https:\/\/blogs.donboscovolunteers.de\/elisabethinnilavarapatti\/about\/","title":{"rendered":"\u00dcber mich &#8211; \u00c0 mon sujet"},"content":{"rendered":"<p class=\"has-medium-font-size\"><strong>Liebe Leserinnen und Leser,<\/strong><\/p>\n\n\n\n<p>Herzlich willkommen in meinem Blog \u00fcber mein Auslandsjahr in <a href=\"https:\/\/strassenkinder.de\/laender\/asien\/inden\/\">Indien<\/a>.<\/p>\n\n\n\n<p>Ich bin Elisabeth, 19 Jahre alt und komme aus Breisach. Ich habe zwei Schwestern und einen Bruder, liebe Lesen, Malen und Schwimmen. Ich interessiere mich sehr f\u00fcr andere L\u00e4nder, Sprachen und Kulturen. Mein l\u00e4ngster bisheriger Auslandsaufenthalt war ein zweimonatiger Sch\u00fcleraustausch in Frankreich. So weit weg wie nach Indien bin ich vorher noch nie gereist, und erst recht kein ganzes Jahr.<\/p>\n\n\n\n<p>Im Sommer habe ich Abitur gemacht und konnte es kaum erwarten, mein Auslandsjahr zu beginnen. Jetzt bin ich hier und m\u00f6chte euch ab jetzt m\u00f6glichst regelm\u00e4\u00dfig \u00fcber meinen Blog updaten.&nbsp;<\/p>\n\n\n\n<p class=\"has-text-align-left has-medium-font-size\"><strong>Ch\u00e8res lectrices, chers lecteurs,<\/strong><\/p>\n\n\n\n<p>Bienvenue sur mon blog consacr\u00e9 \u00e0 mon ann\u00e9e \u00e0 l&#8217;\u00e9tranger en Inde.<\/p>\n\n\n\n<p>Je m&#8217;appelle Elisabeth, j&#8217;ai 19 ans et je viens de Breisach. J&#8217;ai deux s\u0153urs et un fr\u00e8re, j&#8217;aime lire, peindre et nager. Je m&#8217;int\u00e9resse beaucoup aux autres pays, aux langues et aux cultures. Mon plus long s\u00e9jour \u00e0 l&#8217;\u00e9tranger jusqu&#8217;\u00e0 pr\u00e9sent a \u00e9t\u00e9 un \u00e9change scolaire de deux mois en France. Je n&#8217;ai jamais voyag\u00e9 aussi loin qu&#8217;en Inde auparavant, et encore moins pendant une ann\u00e9e enti\u00e8re.<\/p>\n\n\n\n<p class=\"has-text-align-left\">J&#8217;ai pass\u00e9 mon baccalaur\u00e9at cet \u00e9t\u00e9 et j&#8217;\u00e9tais impatiente de commencer mon ann\u00e9e \u00e0 l&#8217;\u00e9tranger. Je suis maintenant ici et j&#8217;aimerais vous tenir au courant aussi r\u00e9guli\u00e8rement que possible via mon blog.<\/p>","protected":false},"excerpt":{"rendered":"<p>Liebe Leserinnen und Leser, Herzlich willkommen in meinem Blog \u00fcber mein Auslandsjahr in <a href=\"https:\/\/strassenkinder.de\/laender\/asien\/inden\/\">Indien<\/a>. Ich bin Elisabeth, 19 Jahre alt und komme aus Breisach. Ich habe zwei Schwestern und einen Bruder, liebe Lesen, Malen und Schwimmen. Ich interessiere mich sehr f\u00fcr andere L\u00e4nder, Sprachen und Kulturen. Mein l\u00e4ngster bisheriger Auslandsaufenthalt war ein zweimonatiger Sch\u00fcleraustausch in [&hellip;]<\/p>\n","protected":false},"author":1,"featured_media":74,"parent":0,"menu_order":1,"comment_status":"closed","ping_status":"closed","template":"","meta":{"footnotes":""},"class_list":["post-3","page","type-page","status-publish","has-post-thumbnail","hentry"],"yoast_head":"<!-- This site is optimized with the Yoast SEO plugin v25.3.1 - https:\/\/yoast.com\/wordpress\/plugins\/seo\/ -->\n<title>\u00dcber mich - \u00c0 mon sujet - Elisabeth in Nilavarapatti<\/title>\n<meta name=\"robots\" content=\"index, follow, max-snippet:-1, max-image-preview:large, max-video-preview:-1\" \/>\n<link rel=\"canonical\" href=\"https:\/\/blogs.donboscovolunteers.de\/elisabethinnilavarapatti\/about\/\" \/>\n<meta property=\"og:locale\" content=\"de_DE\" \/>\n<meta property=\"og:type\" content=\"article\" \/>\n<meta property=\"og:title\" content=\"\u00dcber mich - \u00c0 mon sujet - Elisabeth in Nilavarapatti\" \/>\n<meta property=\"og:description\" content=\"Liebe Leserinnen und Leser, Herzlich willkommen in meinem Blog \u00fcber mein Auslandsjahr in Indien. Ich bin Elisabeth, 19 Jahre alt und komme aus Breisach. Ich habe zwei Schwestern und einen Bruder, liebe Lesen, Malen und Schwimmen. Ich interessiere mich sehr f\u00fcr andere L\u00e4nder, Sprachen und Kulturen. Mein l\u00e4ngster bisheriger Auslandsaufenthalt war ein zweimonatiger Sch\u00fcleraustausch in [&hellip;]\" \/>\n<meta property=\"og:url\" content=\"https:\/\/blogs.donboscovolunteers.de\/elisabethinnilavarapatti\/about\/\" \/>\n<meta property=\"og:site_name\" content=\"Elisabeth in Nilavarapatti\" \/>\n<meta property=\"article:modified_time\" content=\"2025-11-28T15:47:46+00:00\" \/>\n<meta property=\"og:image\" content=\"https:\/\/blogs.donboscovolunteers.de\/elisabethinnilavarapatti\/wp-content\/uploads\/sites\/21780\/2025\/11\/IMG_16D2B79385F6-1-1-e1764344858560.jpeg\" \/>\n\t<meta property=\"og:image:width\" content=\"1280\" \/>\n\t<meta property=\"og:image:height\" content=\"440\" \/>\n\t<meta property=\"og:image:type\" content=\"image\/jpeg\" \/>\n<meta name=\"twitter:card\" content=\"summary_large_image\" \/>\n<meta name=\"twitter:label1\" content=\"Gesch\u00e4tzte Lesezeit\" \/>\n\t<meta name=\"twitter:data1\" content=\"2\u00a0Minuten\" \/>\n<script type=\"application\/ld+json\" class=\"yoast-schema-graph\">{\"@context\":\"https:\/\/schema.org\",\"@graph\":[{\"@type\":\"WebPage\",\"@id\":\"https:\/\/blogs.donboscovolunteers.de\/elisabethinnilavarapatti\/about\/\",\"url\":\"https:\/\/blogs.donboscovolunteers.de\/elisabethinnilavarapatti\/about\/\",\"name\":\"\u00dcber mich - \u00c0 mon sujet - Elisabeth in Nilavarapatti\",\"isPartOf\":{\"@id\":\"https:\/\/blogs.donboscovolunteers.de\/elisabethinnilavarapatti\/#website\"},\"primaryImageOfPage\":{\"@id\":\"https:\/\/blogs.donboscovolunteers.de\/elisabethinnilavarapatti\/about\/#primaryimage\"},\"image\":{\"@id\":\"https:\/\/blogs.donboscovolunteers.de\/elisabethinnilavarapatti\/about\/#primaryimage\"},\"thumbnailUrl\":\"https:\/\/blogs.donboscovolunteers.de\/elisabethinnilavarapatti\/wp-content\/uploads\/sites\/21780\/2025\/11\/IMG_16D2B79385F6-1-1-e1764344858560.jpeg\",\"datePublished\":\"2025-11-26T11:14:24+00:00\",\"dateModified\":\"2025-11-28T15:47:46+00:00\",\"breadcrumb\":{\"@id\":\"https:\/\/blogs.donboscovolunteers.de\/elisabethinnilavarapatti\/about\/#breadcrumb\"},\"inLanguage\":\"de\",\"potentialAction\":[{\"@type\":\"ReadAction\",\"target\":[\"https:\/\/blogs.donboscovolunteers.de\/elisabethinnilavarapatti\/about\/\"]}]},{\"@type\":\"ImageObject\",\"inLanguage\":\"de\",\"@id\":\"https:\/\/blogs.donboscovolunteers.de\/elisabethinnilavarapatti\/about\/#primaryimage\",\"url\":\"https:\/\/blogs.donboscovolunteers.de\/elisabethinnilavarapatti\/wp-content\/uploads\/sites\/21780\/2025\/11\/IMG_16D2B79385F6-1-1-e1764344858560.jpeg\",\"contentUrl\":\"https:\/\/blogs.donboscovolunteers.de\/elisabethinnilavarapatti\/wp-content\/uploads\/sites\/21780\/2025\/11\/IMG_16D2B79385F6-1-1-e1764344858560.jpeg\",\"width\":1280,\"height\":440},{\"@type\":\"BreadcrumbList\",\"@id\":\"https:\/\/blogs.donboscovolunteers.de\/elisabethinnilavarapatti\/about\/#breadcrumb\",\"itemListElement\":[{\"@type\":\"ListItem\",\"position\":1,\"name\":\"Startseite\",\"item\":\"https:\/\/blogs.donboscovolunteers.de\/elisabethinnilavarapatti\/\"},{\"@type\":\"ListItem\",\"position\":2,\"name\":\"\u00dcber mich &#8211; \u00c0 mon sujet\"}]},{\"@type\":\"WebSite\",\"@id\":\"https:\/\/blogs.donboscovolunteers.de\/elisabethinnilavarapatti\/#website\",\"url\":\"https:\/\/blogs.donboscovolunteers.de\/elisabethinnilavarapatti\/\",\"name\":\"Elisabeth in Nilavarapatti\",\"description\":\"\",\"potentialAction\":[{\"@type\":\"SearchAction\",\"target\":{\"@type\":\"EntryPoint\",\"urlTemplate\":\"https:\/\/blogs.donboscovolunteers.de\/elisabethinnilavarapatti\/?s={search_term_string}\"},\"query-input\":{\"@type\":\"PropertyValueSpecification\",\"valueRequired\":true,\"valueName\":\"search_term_string\"}}],\"inLanguage\":\"de\"}]}<\/script>\n<!-- \/ Yoast SEO plugin. -->","yoast_head_json":{"title":"\u00dcber mich - \u00c0 mon sujet - Elisabeth in Nilavarapatti","robots":{"index":"index","follow":"follow","max-snippet":"max-snippet:-1","max-image-preview":"max-image-preview:large","max-video-preview":"max-video-preview:-1"},"canonical":"https:\/\/blogs.donboscovolunteers.de\/elisabethinnilavarapatti\/about\/","og_locale":"de_DE","og_type":"article","og_title":"\u00dcber mich - \u00c0 mon sujet - Elisabeth in Nilavarapatti","og_description":"Liebe Leserinnen und Leser, Herzlich willkommen in meinem Blog \u00fcber mein Auslandsjahr in Indien. Ich bin Elisabeth, 19 Jahre alt und komme aus Breisach. Ich habe zwei Schwestern und einen Bruder, liebe Lesen, Malen und Schwimmen. Ich interessiere mich sehr f\u00fcr andere L\u00e4nder, Sprachen und Kulturen. Mein l\u00e4ngster bisheriger Auslandsaufenthalt war ein zweimonatiger Sch\u00fcleraustausch in [&hellip;]","og_url":"https:\/\/blogs.donboscovolunteers.de\/elisabethinnilavarapatti\/about\/","og_site_name":"Elisabeth in Nilavarapatti","article_modified_time":"2025-11-28T15:47:46+00:00","og_image":[{"width":1280,"height":440,"url":"https:\/\/blogs.donboscovolunteers.de\/elisabethinnilavarapatti\/wp-content\/uploads\/sites\/21780\/2025\/11\/IMG_16D2B79385F6-1-1-e1764344858560.jpeg","type":"image\/jpeg"}],"twitter_card":"summary_large_image","twitter_misc":{"Gesch\u00e4tzte Lesezeit":"2\u00a0Minuten"},"schema":{"@context":"https:\/\/schema.org","@graph":[{"@type":"WebPage","@id":"https:\/\/blogs.donboscovolunteers.de\/elisabethinnilavarapatti\/about\/","url":"https:\/\/blogs.donboscovolunteers.de\/elisabethinnilavarapatti\/about\/","name":"\u00dcber mich - \u00c0 mon sujet - Elisabeth in Nilavarapatti","isPartOf":{"@id":"https:\/\/blogs.donboscovolunteers.de\/elisabethinnilavarapatti\/#website"},"primaryImageOfPage":{"@id":"https:\/\/blogs.donboscovolunteers.de\/elisabethinnilavarapatti\/about\/#primaryimage"},"image":{"@id":"https:\/\/blogs.donboscovolunteers.de\/elisabethinnilavarapatti\/about\/#primaryimage"},"thumbnailUrl":"https:\/\/blogs.donboscovolunteers.de\/elisabethinnilavarapatti\/wp-content\/uploads\/sites\/21780\/2025\/11\/IMG_16D2B79385F6-1-1-e1764344858560.jpeg","datePublished":"2025-11-26T11:14:24+00:00","dateModified":"2025-11-28T15:47:46+00:00","breadcrumb":{"@id":"https:\/\/blogs.donboscovolunteers.de\/elisabethinnilavarapatti\/about\/#breadcrumb"},"inLanguage":"de","potentialAction":[{"@type":"ReadAction","target":["https:\/\/blogs.donboscovolunteers.de\/elisabethinnilavarapatti\/about\/"]}]},{"@type":"ImageObject","inLanguage":"de","@id":"https:\/\/blogs.donboscovolunteers.de\/elisabethinnilavarapatti\/about\/#primaryimage","url":"https:\/\/blogs.donboscovolunteers.de\/elisabethinnilavarapatti\/wp-content\/uploads\/sites\/21780\/2025\/11\/IMG_16D2B79385F6-1-1-e1764344858560.jpeg","contentUrl":"https:\/\/blogs.donboscovolunteers.de\/elisabethinnilavarapatti\/wp-content\/uploads\/sites\/21780\/2025\/11\/IMG_16D2B79385F6-1-1-e1764344858560.jpeg","width":1280,"height":440},{"@type":"BreadcrumbList","@id":"https:\/\/blogs.donboscovolunteers.de\/elisabethinnilavarapatti\/about\/#breadcrumb","itemListElement":[{"@type":"ListItem","position":1,"name":"Startseite","item":"https:\/\/blogs.donboscovolunteers.de\/elisabethinnilavarapatti\/"},{"@type":"ListItem","position":2,"name":"\u00dcber mich &#8211; \u00c0 mon sujet"}]},{"@type":"WebSite","@id":"https:\/\/blogs.donboscovolunteers.de\/elisabethinnilavarapatti\/#website","url":"https:\/\/blogs.donboscovolunteers.de\/elisabethinnilavarapatti\/","name":"Elisabeth in Nilavarapatti","description":"","potentialAction":[{"@type":"SearchAction","target":{"@type":"EntryPoint","urlTemplate":"https:\/\/blogs.donboscovolunteers.de\/elisabethinnilavarapatti\/?s={search_term_string}"},"query-input":{"@type":"PropertyValueSpecification","valueRequired":true,"valueName":"search_term_string"}}],"inLanguage":"de"}]}},"_links":{"self":[{"href":"https:\/\/blogs.donboscovolunteers.de\/elisabethinnilavarapatti\/wp-json\/wp\/v2\/pages\/3","targetHints":{"allow":["GET"]}}],"collection":[{"href":"https:\/\/blogs.donboscovolunteers.de\/elisabethinnilavarapatti\/wp-json\/wp\/v2\/pages"}],"about":[{"href":"https:\/\/blogs.donboscovolunteers.de\/elisabethinnilavarapatti\/wp-json\/wp\/v2\/types\/page"}],"author":[{"embeddable":true,"href":"https:\/\/blogs.donboscovolunteers.de\/elisabethinnilavarapatti\/wp-json\/wp\/v2\/users\/1"}],"replies":[{"embeddable":true,"href":"https:\/\/blogs.donboscovolunteers.de\/elisabethinnilavarapatti\/wp-json\/wp\/v2\/comments?post=3"}],"version-history":[{"count":3,"href":"https:\/\/blogs.donboscovolunteers.de\/elisabethinnilavarapatti\/wp-json\/wp\/v2\/pages\/3\/revisions"}],"predecessor-version":[{"id":76,"href":"https:\/\/blogs.donboscovolunteers.de\/elisabethinnilavarapatti\/wp-json\/wp\/v2\/pages\/3\/revisions\/76"}],"wp:featuredmedia":[{"embeddable":true,"href":"https:\/\/blogs.donboscovolunteers.de\/elisabethinnilavarapatti\/wp-json\/wp\/v2\/media\/74"}],"wp:attachment":[{"href":"https:\/\/blogs.donboscovolunteers.de\/elisabethinnilavarapatti\/wp-json\/wp\/v2\/media?parent=3"}],"curies":[{"name":"wp","href":"https:\/\/api.w.org\/{rel}","templated":true}]}}