{"id":94,"date":"2022-10-23T16:21:43","date_gmt":"2022-10-23T14:21:43","guid":{"rendered":"https:\/\/blogs.donboscovolunteers.de\/einjahrruandamitsonja\/?page_id=94"},"modified":"2022-10-23T16:21:44","modified_gmt":"2022-10-23T14:21:44","slug":"ueber-mich","status":"publish","type":"page","link":"https:\/\/blogs.donboscovolunteers.de\/einjahrruandamitsonja\/ueber-mich\/","title":{"rendered":"\u00dcber mich"},"content":{"rendered":"<p>Hallo, ich bin Sonja\u263a\ufe0f\ud83d\ude4b\ud83c\udffc\u200d\u2640\ufe0f\ud83d\udcab<\/p>\n\n\n\n<p>Nach dem Abitur habe ich mich dazu entschlossen, eine <a href=\"https:\/\/www.donboscovolunteers.de\/\">Freiwilligendienst<\/a> zu machen\u2026 ich denke, jetzt ist die beste Zeit, meine Augen noch f\u00fcr etwas anderes zu \u00f6ffnen, als meinen bisherigen Alltag in Deutschland mit Schule und lernen. Ich glaube, dass dieses Jahr eine gute M\u00f6glichkeit ist, noch etwas anderes von der Welt kennenzulernen: eine andere Kultur, ein anderes Land, eine andere Sprache (zumindest ein bisschen)\u2026<\/p>\n\n\n\n<p>Daf\u00fcr, diese Erfahrungen machen zu k\u00f6nnen, bin ich sehr dankbar und deswegen m\u00f6chte ich sie hier teilen.&nbsp;<\/p>\n\n\n\n<p>Ich hoffe, dass ich es schaffe, auf eine m\u00f6glichst authentische Weise davon zu erz\u00e4hlen. Dabei bin ich mir bewusst, dass ich nur einen kleinen Ausschnitt des Erlebten teilen kann, dass alles auf meiner pers\u00f6nlichen Sichtweise beruht und dass ein jeder es anders wahrnehmen w\u00fcrde.<\/p>","protected":false},"excerpt":{"rendered":"<p>Hallo, ich bin Sonja\u263a\ufe0f\ud83d\ude4b\ud83c\udffc\u200d\u2640\ufe0f\ud83d\udcab Nach dem Abitur habe ich mich dazu entschlossen, eine <a href=\"https:\/\/www.donboscovolunteers.de\/\">Freiwilligendienst<\/a> zu machen\u2026 ich denke, jetzt ist die beste Zeit, meine Augen noch f\u00fcr etwas anderes zu \u00f6ffnen, als meinen bisherigen Alltag in Deutschland mit Schule und lernen. Ich glaube, dass dieses Jahr eine gute M\u00f6glichkeit ist, noch etwas anderes von der [&hellip;]<\/p>\n","protected":false},"author":21744,"featured_media":0,"parent":0,"menu_order":0,"comment_status":"closed","ping_status":"closed","template":"","meta":{"footnotes":""},"class_list":["post-94","page","type-page","status-publish","hentry"],"yoast_head":"<!-- This site is optimized with the Yoast SEO plugin v25.3.1 - https:\/\/yoast.com\/wordpress\/plugins\/seo\/ -->\n<title>\u00dcber mich - Sonja goes Ruanda<\/title>\n<meta name=\"robots\" content=\"index, follow, max-snippet:-1, max-image-preview:large, max-video-preview:-1\" \/>\n<link rel=\"canonical\" href=\"https:\/\/blogs.donboscovolunteers.de\/einjahrruandamitsonja\/ueber-mich\/\" \/>\n<meta property=\"og:locale\" content=\"de_DE\" \/>\n<meta property=\"og:type\" content=\"article\" \/>\n<meta property=\"og:title\" content=\"\u00dcber mich - Sonja goes Ruanda\" \/>\n<meta property=\"og:description\" content=\"Hallo, ich bin Sonja\u263a\ufe0f\ud83d\ude4b\ud83c\udffc\u200d\u2640\ufe0f\ud83d\udcab Nach dem Abitur habe ich mich dazu entschlossen, eine Freiwilligendienst zu machen\u2026 ich denke, jetzt ist die beste Zeit, meine Augen noch f\u00fcr etwas anderes zu \u00f6ffnen, als meinen bisherigen Alltag in Deutschland mit Schule und lernen. Ich glaube, dass dieses Jahr eine gute M\u00f6glichkeit ist, noch etwas anderes von der [&hellip;]\" \/>\n<meta property=\"og:url\" content=\"https:\/\/blogs.donboscovolunteers.de\/einjahrruandamitsonja\/ueber-mich\/\" \/>\n<meta property=\"og:site_name\" content=\"Sonja goes Ruanda\" \/>\n<meta property=\"article:modified_time\" content=\"2022-10-23T14:21:44+00:00\" \/>\n<meta name=\"twitter:card\" content=\"summary_large_image\" \/>\n<meta name=\"twitter:label1\" content=\"Gesch\u00e4tzte Lesezeit\" \/>\n\t<meta name=\"twitter:data1\" content=\"1\u00a0Minute\" \/>\n<script type=\"application\/ld+json\" class=\"yoast-schema-graph\">{\"@context\":\"https:\/\/schema.org\",\"@graph\":[{\"@type\":\"WebPage\",\"@id\":\"https:\/\/blogs.donboscovolunteers.de\/einjahrruandamitsonja\/ueber-mich\/\",\"url\":\"https:\/\/blogs.donboscovolunteers.de\/einjahrruandamitsonja\/ueber-mich\/\",\"name\":\"\u00dcber mich - Sonja goes Ruanda\",\"isPartOf\":{\"@id\":\"https:\/\/blogs.donboscovolunteers.de\/einjahrruandamitsonja\/#website\"},\"datePublished\":\"2022-10-23T14:21:43+00:00\",\"dateModified\":\"2022-10-23T14:21:44+00:00\",\"breadcrumb\":{\"@id\":\"https:\/\/blogs.donboscovolunteers.de\/einjahrruandamitsonja\/ueber-mich\/#breadcrumb\"},\"inLanguage\":\"de\",\"potentialAction\":[{\"@type\":\"ReadAction\",\"target\":[\"https:\/\/blogs.donboscovolunteers.de\/einjahrruandamitsonja\/ueber-mich\/\"]}]},{\"@type\":\"BreadcrumbList\",\"@id\":\"https:\/\/blogs.donboscovolunteers.de\/einjahrruandamitsonja\/ueber-mich\/#breadcrumb\",\"itemListElement\":[{\"@type\":\"ListItem\",\"position\":1,\"name\":\"Startseite\",\"item\":\"https:\/\/blogs.donboscovolunteers.de\/einjahrruandamitsonja\/\"},{\"@type\":\"ListItem\",\"position\":2,\"name\":\"\u00dcber mich\"}]},{\"@type\":\"WebSite\",\"@id\":\"https:\/\/blogs.donboscovolunteers.de\/einjahrruandamitsonja\/#website\",\"url\":\"https:\/\/blogs.donboscovolunteers.de\/einjahrruandamitsonja\/\",\"name\":\"Sonja goes Ruanda\",\"description\":\"\",\"potentialAction\":[{\"@type\":\"SearchAction\",\"target\":{\"@type\":\"EntryPoint\",\"urlTemplate\":\"https:\/\/blogs.donboscovolunteers.de\/einjahrruandamitsonja\/?s={search_term_string}\"},\"query-input\":{\"@type\":\"PropertyValueSpecification\",\"valueRequired\":true,\"valueName\":\"search_term_string\"}}],\"inLanguage\":\"de\"}]}<\/script>\n<!-- \/ Yoast SEO plugin. -->","yoast_head_json":{"title":"\u00dcber mich - Sonja goes Ruanda","robots":{"index":"index","follow":"follow","max-snippet":"max-snippet:-1","max-image-preview":"max-image-preview:large","max-video-preview":"max-video-preview:-1"},"canonical":"https:\/\/blogs.donboscovolunteers.de\/einjahrruandamitsonja\/ueber-mich\/","og_locale":"de_DE","og_type":"article","og_title":"\u00dcber mich - Sonja goes Ruanda","og_description":"Hallo, ich bin Sonja\u263a\ufe0f\ud83d\ude4b\ud83c\udffc\u200d\u2640\ufe0f\ud83d\udcab Nach dem Abitur habe ich mich dazu entschlossen, eine Freiwilligendienst zu machen\u2026 ich denke, jetzt ist die beste Zeit, meine Augen noch f\u00fcr etwas anderes zu \u00f6ffnen, als meinen bisherigen Alltag in Deutschland mit Schule und lernen. Ich glaube, dass dieses Jahr eine gute M\u00f6glichkeit ist, noch etwas anderes von der [&hellip;]","og_url":"https:\/\/blogs.donboscovolunteers.de\/einjahrruandamitsonja\/ueber-mich\/","og_site_name":"Sonja goes Ruanda","article_modified_time":"2022-10-23T14:21:44+00:00","twitter_card":"summary_large_image","twitter_misc":{"Gesch\u00e4tzte Lesezeit":"1\u00a0Minute"},"schema":{"@context":"https:\/\/schema.org","@graph":[{"@type":"WebPage","@id":"https:\/\/blogs.donboscovolunteers.de\/einjahrruandamitsonja\/ueber-mich\/","url":"https:\/\/blogs.donboscovolunteers.de\/einjahrruandamitsonja\/ueber-mich\/","name":"\u00dcber mich - Sonja goes Ruanda","isPartOf":{"@id":"https:\/\/blogs.donboscovolunteers.de\/einjahrruandamitsonja\/#website"},"datePublished":"2022-10-23T14:21:43+00:00","dateModified":"2022-10-23T14:21:44+00:00","breadcrumb":{"@id":"https:\/\/blogs.donboscovolunteers.de\/einjahrruandamitsonja\/ueber-mich\/#breadcrumb"},"inLanguage":"de","potentialAction":[{"@type":"ReadAction","target":["https:\/\/blogs.donboscovolunteers.de\/einjahrruandamitsonja\/ueber-mich\/"]}]},{"@type":"BreadcrumbList","@id":"https:\/\/blogs.donboscovolunteers.de\/einjahrruandamitsonja\/ueber-mich\/#breadcrumb","itemListElement":[{"@type":"ListItem","position":1,"name":"Startseite","item":"https:\/\/blogs.donboscovolunteers.de\/einjahrruandamitsonja\/"},{"@type":"ListItem","position":2,"name":"\u00dcber mich"}]},{"@type":"WebSite","@id":"https:\/\/blogs.donboscovolunteers.de\/einjahrruandamitsonja\/#website","url":"https:\/\/blogs.donboscovolunteers.de\/einjahrruandamitsonja\/","name":"Sonja goes Ruanda","description":"","potentialAction":[{"@type":"SearchAction","target":{"@type":"EntryPoint","urlTemplate":"https:\/\/blogs.donboscovolunteers.de\/einjahrruandamitsonja\/?s={search_term_string}"},"query-input":{"@type":"PropertyValueSpecification","valueRequired":true,"valueName":"search_term_string"}}],"inLanguage":"de"}]}},"_links":{"self":[{"href":"https:\/\/blogs.donboscovolunteers.de\/einjahrruandamitsonja\/wp-json\/wp\/v2\/pages\/94","targetHints":{"allow":["GET"]}}],"collection":[{"href":"https:\/\/blogs.donboscovolunteers.de\/einjahrruandamitsonja\/wp-json\/wp\/v2\/pages"}],"about":[{"href":"https:\/\/blogs.donboscovolunteers.de\/einjahrruandamitsonja\/wp-json\/wp\/v2\/types\/page"}],"author":[{"embeddable":true,"href":"https:\/\/blogs.donboscovolunteers.de\/einjahrruandamitsonja\/wp-json\/wp\/v2\/users\/21744"}],"replies":[{"embeddable":true,"href":"https:\/\/blogs.donboscovolunteers.de\/einjahrruandamitsonja\/wp-json\/wp\/v2\/comments?post=94"}],"version-history":[{"count":1,"href":"https:\/\/blogs.donboscovolunteers.de\/einjahrruandamitsonja\/wp-json\/wp\/v2\/pages\/94\/revisions"}],"predecessor-version":[{"id":95,"href":"https:\/\/blogs.donboscovolunteers.de\/einjahrruandamitsonja\/wp-json\/wp\/v2\/pages\/94\/revisions\/95"}],"wp:attachment":[{"href":"https:\/\/blogs.donboscovolunteers.de\/einjahrruandamitsonja\/wp-json\/wp\/v2\/media?parent=94"}],"curies":[{"name":"wp","href":"https:\/\/api.w.org\/{rel}","templated":true}]}}