{"id":3,"date":"2024-07-16T11:02:30","date_gmt":"2024-07-16T09:02:30","guid":{"rendered":"https:\/\/blogs.donboscovolunteers.de\/ein-jahr-in-bolivien\/about\/"},"modified":"2024-09-01T21:02:46","modified_gmt":"2024-09-01T19:02:46","slug":"about","status":"publish","type":"page","link":"https:\/\/blogs.donboscovolunteers.de\/ein-jahr-in-bolivien\/about\/","title":{"rendered":"\u00dcber mich"},"content":{"rendered":"<p>Hallo, ich hei\u00dfe Max Bloch und bin 18 Jahre alt, habe im Sommer 2024 in Br\u00fcssel mein Abitur gemacht, und werde ab September einen sozialen <a href=\"https:\/\/www.donboscovolunteers.de\/\">Freiwilligendienst<\/a> in <a href=\"https:\/\/multimedia.strassenkinder.de\/bolivien\">Bolivien<\/a> f\u00fcr ein ganzes Jahr antreten. Ich werde diesen Freiwilligendienst mit <a href=\"https:\/\/www.donboscomission.de\/don-bosco\/\">Don Bosco<\/a> Volunteers, \u201eSalesianer Don Bosco\u201c machen.<\/p>\n\n\n<p><\/p>\n\n\n\n<figure class=\"wp-block-image size-large\"><img loading=\"lazy\" decoding=\"async\" width=\"768\" height=\"1024\" src=\"https:\/\/blogs.donboscovolunteers.de\/ein-jahr-in-bolivien\/wp-content\/uploads\/sites\/21708\/2024\/09\/IMG_0085-768x1024.jpg\" alt=\"\" class=\"wp-image-45\" srcset=\"https:\/\/blogs.donboscovolunteers.de\/ein-jahr-in-bolivien\/wp-content\/uploads\/sites\/21708\/2024\/09\/IMG_0085-768x1024.jpg 768w, https:\/\/blogs.donboscovolunteers.de\/ein-jahr-in-bolivien\/wp-content\/uploads\/sites\/21708\/2024\/09\/IMG_0085-225x300.jpg 225w, https:\/\/blogs.donboscovolunteers.de\/ein-jahr-in-bolivien\/wp-content\/uploads\/sites\/21708\/2024\/09\/IMG_0085-900x1200.jpg 900w, https:\/\/blogs.donboscovolunteers.de\/ein-jahr-in-bolivien\/wp-content\/uploads\/sites\/21708\/2024\/09\/IMG_0085.jpg 960w\" sizes=\"auto, (max-width: 768px) 100vw, 768px\" \/><\/figure>","protected":false},"excerpt":{"rendered":"<p>Hallo, ich hei\u00dfe Max Bloch und bin 18 Jahre alt, habe im Sommer 2024 in Br\u00fcssel mein Abitur gemacht, und werde ab September einen sozialen <a href=\"https:\/\/www.donboscovolunteers.de\/\">Freiwilligendienst<\/a> in <a href=\"https:\/\/multimedia.strassenkinder.de\/bolivien\">Bolivien<\/a> f\u00fcr ein ganzes Jahr antreten. Ich werde diesen Freiwilligendienst mit <a href=\"https:\/\/www.donboscomission.de\/don-bosco\/\">Don Bosco<\/a> Volunteers, \u201eSalesianer Don Bosco\u201c machen.<\/p>\n","protected":false},"author":1,"featured_media":0,"parent":0,"menu_order":1,"comment_status":"closed","ping_status":"closed","template":"","meta":{"footnotes":""},"class_list":["post-3","page","type-page","status-publish","hentry"],"yoast_head":"<!-- This site is optimized with the Yoast SEO plugin v25.3.1 - https:\/\/yoast.com\/wordpress\/plugins\/seo\/ -->\n<title>\u00dcber mich - Ein Jahr in Bolivien<\/title>\n<meta name=\"robots\" content=\"index, follow, max-snippet:-1, max-image-preview:large, max-video-preview:-1\" \/>\n<link rel=\"canonical\" href=\"https:\/\/blogs.donboscovolunteers.de\/ein-jahr-in-bolivien\/about\/\" \/>\n<meta property=\"og:locale\" content=\"de_DE\" \/>\n<meta property=\"og:type\" content=\"article\" \/>\n<meta property=\"og:title\" content=\"\u00dcber mich - Ein Jahr in Bolivien\" \/>\n<meta property=\"og:description\" content=\"Hallo, ich hei\u00dfe Max Bloch und bin 18 Jahre alt, habe im Sommer 2024 in Br\u00fcssel mein Abitur gemacht, und werde ab September einen sozialen Freiwilligendienst in Bolivien f\u00fcr ein ganzes Jahr antreten. Ich werde diesen Freiwilligendienst mit Don Bosco Volunteers, \u201eSalesianer Don Bosco\u201c machen.\" \/>\n<meta property=\"og:url\" content=\"https:\/\/blogs.donboscovolunteers.de\/ein-jahr-in-bolivien\/about\/\" \/>\n<meta property=\"og:site_name\" content=\"Ein Jahr in Bolivien\" \/>\n<meta property=\"article:modified_time\" content=\"2024-09-01T19:02:46+00:00\" \/>\n<meta property=\"og:image\" content=\"https:\/\/blogs.donboscovolunteers.de\/ein-jahr-in-bolivien\/wp-content\/uploads\/sites\/21708\/2024\/09\/IMG_0085-768x1024.jpg\" \/>\n<meta name=\"twitter:card\" content=\"summary_large_image\" \/>\n<meta name=\"twitter:label1\" content=\"Gesch\u00e4tzte Lesezeit\" \/>\n\t<meta name=\"twitter:data1\" content=\"1\u00a0Minute\" \/>\n<script type=\"application\/ld+json\" class=\"yoast-schema-graph\">{\"@context\":\"https:\/\/schema.org\",\"@graph\":[{\"@type\":\"WebPage\",\"@id\":\"https:\/\/blogs.donboscovolunteers.de\/ein-jahr-in-bolivien\/about\/\",\"url\":\"https:\/\/blogs.donboscovolunteers.de\/ein-jahr-in-bolivien\/about\/\",\"name\":\"\u00dcber mich - Ein Jahr in Bolivien\",\"isPartOf\":{\"@id\":\"https:\/\/blogs.donboscovolunteers.de\/ein-jahr-in-bolivien\/#website\"},\"primaryImageOfPage\":{\"@id\":\"https:\/\/blogs.donboscovolunteers.de\/ein-jahr-in-bolivien\/about\/#primaryimage\"},\"image\":{\"@id\":\"https:\/\/blogs.donboscovolunteers.de\/ein-jahr-in-bolivien\/about\/#primaryimage\"},\"thumbnailUrl\":\"https:\/\/blogs.donboscovolunteers.de\/ein-jahr-in-bolivien\/wp-content\/uploads\/sites\/21708\/2024\/09\/IMG_0085-768x1024.jpg\",\"datePublished\":\"2024-07-16T09:02:30+00:00\",\"dateModified\":\"2024-09-01T19:02:46+00:00\",\"breadcrumb\":{\"@id\":\"https:\/\/blogs.donboscovolunteers.de\/ein-jahr-in-bolivien\/about\/#breadcrumb\"},\"inLanguage\":\"de\",\"potentialAction\":[{\"@type\":\"ReadAction\",\"target\":[\"https:\/\/blogs.donboscovolunteers.de\/ein-jahr-in-bolivien\/about\/\"]}]},{\"@type\":\"ImageObject\",\"inLanguage\":\"de\",\"@id\":\"https:\/\/blogs.donboscovolunteers.de\/ein-jahr-in-bolivien\/about\/#primaryimage\",\"url\":\"https:\/\/blogs.donboscovolunteers.de\/ein-jahr-in-bolivien\/wp-content\/uploads\/sites\/21708\/2024\/09\/IMG_0085.jpg\",\"contentUrl\":\"https:\/\/blogs.donboscovolunteers.de\/ein-jahr-in-bolivien\/wp-content\/uploads\/sites\/21708\/2024\/09\/IMG_0085.jpg\",\"width\":960,\"height\":1280},{\"@type\":\"BreadcrumbList\",\"@id\":\"https:\/\/blogs.donboscovolunteers.de\/ein-jahr-in-bolivien\/about\/#breadcrumb\",\"itemListElement\":[{\"@type\":\"ListItem\",\"position\":1,\"name\":\"Startseite\",\"item\":\"https:\/\/blogs.donboscovolunteers.de\/ein-jahr-in-bolivien\/\"},{\"@type\":\"ListItem\",\"position\":2,\"name\":\"\u00dcber mich\"}]},{\"@type\":\"WebSite\",\"@id\":\"https:\/\/blogs.donboscovolunteers.de\/ein-jahr-in-bolivien\/#website\",\"url\":\"https:\/\/blogs.donboscovolunteers.de\/ein-jahr-in-bolivien\/\",\"name\":\"Ein Jahr in Bolivien\",\"description\":\"\",\"potentialAction\":[{\"@type\":\"SearchAction\",\"target\":{\"@type\":\"EntryPoint\",\"urlTemplate\":\"https:\/\/blogs.donboscovolunteers.de\/ein-jahr-in-bolivien\/?s={search_term_string}\"},\"query-input\":{\"@type\":\"PropertyValueSpecification\",\"valueRequired\":true,\"valueName\":\"search_term_string\"}}],\"inLanguage\":\"de\"}]}<\/script>\n<!-- \/ Yoast SEO plugin. -->","yoast_head_json":{"title":"\u00dcber mich - Ein Jahr in Bolivien","robots":{"index":"index","follow":"follow","max-snippet":"max-snippet:-1","max-image-preview":"max-image-preview:large","max-video-preview":"max-video-preview:-1"},"canonical":"https:\/\/blogs.donboscovolunteers.de\/ein-jahr-in-bolivien\/about\/","og_locale":"de_DE","og_type":"article","og_title":"\u00dcber mich - Ein Jahr in Bolivien","og_description":"Hallo, ich hei\u00dfe Max Bloch und bin 18 Jahre alt, habe im Sommer 2024 in Br\u00fcssel mein Abitur gemacht, und werde ab September einen sozialen Freiwilligendienst in Bolivien f\u00fcr ein ganzes Jahr antreten. Ich werde diesen Freiwilligendienst mit Don Bosco Volunteers, \u201eSalesianer Don Bosco\u201c machen.","og_url":"https:\/\/blogs.donboscovolunteers.de\/ein-jahr-in-bolivien\/about\/","og_site_name":"Ein Jahr in Bolivien","article_modified_time":"2024-09-01T19:02:46+00:00","og_image":[{"url":"https:\/\/blogs.donboscovolunteers.de\/ein-jahr-in-bolivien\/wp-content\/uploads\/sites\/21708\/2024\/09\/IMG_0085-768x1024.jpg","type":"","width":"","height":""}],"twitter_card":"summary_large_image","twitter_misc":{"Gesch\u00e4tzte Lesezeit":"1\u00a0Minute"},"schema":{"@context":"https:\/\/schema.org","@graph":[{"@type":"WebPage","@id":"https:\/\/blogs.donboscovolunteers.de\/ein-jahr-in-bolivien\/about\/","url":"https:\/\/blogs.donboscovolunteers.de\/ein-jahr-in-bolivien\/about\/","name":"\u00dcber mich - Ein Jahr in Bolivien","isPartOf":{"@id":"https:\/\/blogs.donboscovolunteers.de\/ein-jahr-in-bolivien\/#website"},"primaryImageOfPage":{"@id":"https:\/\/blogs.donboscovolunteers.de\/ein-jahr-in-bolivien\/about\/#primaryimage"},"image":{"@id":"https:\/\/blogs.donboscovolunteers.de\/ein-jahr-in-bolivien\/about\/#primaryimage"},"thumbnailUrl":"https:\/\/blogs.donboscovolunteers.de\/ein-jahr-in-bolivien\/wp-content\/uploads\/sites\/21708\/2024\/09\/IMG_0085-768x1024.jpg","datePublished":"2024-07-16T09:02:30+00:00","dateModified":"2024-09-01T19:02:46+00:00","breadcrumb":{"@id":"https:\/\/blogs.donboscovolunteers.de\/ein-jahr-in-bolivien\/about\/#breadcrumb"},"inLanguage":"de","potentialAction":[{"@type":"ReadAction","target":["https:\/\/blogs.donboscovolunteers.de\/ein-jahr-in-bolivien\/about\/"]}]},{"@type":"ImageObject","inLanguage":"de","@id":"https:\/\/blogs.donboscovolunteers.de\/ein-jahr-in-bolivien\/about\/#primaryimage","url":"https:\/\/blogs.donboscovolunteers.de\/ein-jahr-in-bolivien\/wp-content\/uploads\/sites\/21708\/2024\/09\/IMG_0085.jpg","contentUrl":"https:\/\/blogs.donboscovolunteers.de\/ein-jahr-in-bolivien\/wp-content\/uploads\/sites\/21708\/2024\/09\/IMG_0085.jpg","width":960,"height":1280},{"@type":"BreadcrumbList","@id":"https:\/\/blogs.donboscovolunteers.de\/ein-jahr-in-bolivien\/about\/#breadcrumb","itemListElement":[{"@type":"ListItem","position":1,"name":"Startseite","item":"https:\/\/blogs.donboscovolunteers.de\/ein-jahr-in-bolivien\/"},{"@type":"ListItem","position":2,"name":"\u00dcber mich"}]},{"@type":"WebSite","@id":"https:\/\/blogs.donboscovolunteers.de\/ein-jahr-in-bolivien\/#website","url":"https:\/\/blogs.donboscovolunteers.de\/ein-jahr-in-bolivien\/","name":"Ein Jahr in Bolivien","description":"","potentialAction":[{"@type":"SearchAction","target":{"@type":"EntryPoint","urlTemplate":"https:\/\/blogs.donboscovolunteers.de\/ein-jahr-in-bolivien\/?s={search_term_string}"},"query-input":{"@type":"PropertyValueSpecification","valueRequired":true,"valueName":"search_term_string"}}],"inLanguage":"de"}]}},"_links":{"self":[{"href":"https:\/\/blogs.donboscovolunteers.de\/ein-jahr-in-bolivien\/wp-json\/wp\/v2\/pages\/3","targetHints":{"allow":["GET"]}}],"collection":[{"href":"https:\/\/blogs.donboscovolunteers.de\/ein-jahr-in-bolivien\/wp-json\/wp\/v2\/pages"}],"about":[{"href":"https:\/\/blogs.donboscovolunteers.de\/ein-jahr-in-bolivien\/wp-json\/wp\/v2\/types\/page"}],"author":[{"embeddable":true,"href":"https:\/\/blogs.donboscovolunteers.de\/ein-jahr-in-bolivien\/wp-json\/wp\/v2\/users\/1"}],"replies":[{"embeddable":true,"href":"https:\/\/blogs.donboscovolunteers.de\/ein-jahr-in-bolivien\/wp-json\/wp\/v2\/comments?post=3"}],"version-history":[{"count":3,"href":"https:\/\/blogs.donboscovolunteers.de\/ein-jahr-in-bolivien\/wp-json\/wp\/v2\/pages\/3\/revisions"}],"predecessor-version":[{"id":48,"href":"https:\/\/blogs.donboscovolunteers.de\/ein-jahr-in-bolivien\/wp-json\/wp\/v2\/pages\/3\/revisions\/48"}],"wp:attachment":[{"href":"https:\/\/blogs.donboscovolunteers.de\/ein-jahr-in-bolivien\/wp-json\/wp\/v2\/media?parent=3"}],"curies":[{"name":"wp","href":"https:\/\/api.w.org\/{rel}","templated":true}]}}