{"id":4,"date":"2025-04-17T12:25:46","date_gmt":"2025-04-17T10:25:46","guid":{"rendered":"https:\/\/blogs.donboscovolunteers.de\/dueaukoue\/about-2\/"},"modified":"2026-01-28T12:59:41","modified_gmt":"2026-01-28T11:59:41","slug":"spenden","status":"publish","type":"page","link":"https:\/\/blogs.donboscovolunteers.de\/dueaukoue\/spenden\/","title":{"rendered":"Spenden"},"content":{"rendered":"<p>Rund 50 Freiwillige werden jedes Jahr von <a href=\"https:\/\/www.donboscomission.de\/don-bosco\/\">Don Bosco<\/a> Volunteers ins Ausland entsandt. Unser <a href=\"https:\/\/www.donboscovolunteers.de\/\">Freiwilligendienst<\/a> wird zu 75% von Weltw\u00e4rts getragen. Die restlichen 25% m\u00fcssen wir durch einen Spendenkreis sammeln. Es w\u00fcrde mich riesig freuen, wenn ihr meine Arbeit und somit auch die wichtige Arbeit Don Boscos unterst\u00fctzt!<\/p>\n<p>Wenn ihr spenden m\u00f6chtet, k\u00f6nnt ihr das auf folgendes Konto tun:<\/p>\n<p>Don Bosco Mission<\/p>\n<p>Sparkasse K\u00f6ln Bonn<\/p>\n<p>IBAN: DE89 3705 0198 0000 0994 99<\/p>\n<p>Verwendungszweck: Christine Gnan S25VR008<\/p>\n<p>(Euch wird eine Spendenbescheinigung zugeschickt, wenn ihr im Verwendungszweck zus\u00e4tzlich eure Adresse angebt)<\/p>\n<p>Oder ihr nutzt einfach diesen <a href=\"https:\/\/www.donboscomission.de\/volontariat\/2025\/spenden\/christine\">Link.<\/a><\/p>\n<p>Danke!<\/p>\n\n\n<p><\/p>","protected":false},"excerpt":{"rendered":"<p>Rund 50 Freiwillige werden jedes Jahr von <a href=\"https:\/\/www.donboscomission.de\/don-bosco\/\">Don Bosco<\/a> Volunteers ins Ausland entsandt. Unser <a href=\"https:\/\/www.donboscovolunteers.de\/\">Freiwilligendienst<\/a> wird zu 75% von Weltw\u00e4rts getragen. Die restlichen 25% m\u00fcssen wir durch einen Spendenkreis sammeln. Es w\u00fcrde mich riesig freuen, wenn ihr meine Arbeit und somit auch die wichtige Arbeit Don Boscos unterst\u00fctzt! Wenn ihr spenden m\u00f6chtet, k\u00f6nnt ihr das [&hellip;]<\/p>\n","protected":false},"author":1,"featured_media":0,"parent":0,"menu_order":1,"comment_status":"closed","ping_status":"closed","template":"","meta":{"footnotes":""},"class_list":["post-4","page","type-page","status-publish","hentry"],"yoast_head":"<!-- This site is optimized with the Yoast SEO plugin v25.3.1 - https:\/\/yoast.com\/wordpress\/plugins\/seo\/ -->\n<title>Spenden - Du (\u00e9) au kou\u00e9<\/title>\n<meta name=\"description\" content=\"Hier k\u00f6nnt ihr spenden. Ich freue mich sehr \u00fcber die Unterst\u00fctzung!\" \/>\n<meta name=\"robots\" content=\"index, follow, max-snippet:-1, max-image-preview:large, max-video-preview:-1\" \/>\n<link rel=\"canonical\" href=\"https:\/\/blogs.donboscovolunteers.de\/dueaukoue\/spenden\/\" \/>\n<meta property=\"og:locale\" content=\"de_DE\" \/>\n<meta property=\"og:type\" content=\"article\" \/>\n<meta property=\"og:title\" content=\"Spenden - Du (\u00e9) au kou\u00e9\" \/>\n<meta property=\"og:description\" content=\"Hier k\u00f6nnt ihr spenden. Ich freue mich sehr \u00fcber die Unterst\u00fctzung!\" \/>\n<meta property=\"og:url\" content=\"https:\/\/blogs.donboscovolunteers.de\/dueaukoue\/spenden\/\" \/>\n<meta property=\"og:site_name\" content=\"Du (\u00e9) au kou\u00e9\" \/>\n<meta property=\"article:modified_time\" content=\"2026-01-28T11:59:41+00:00\" \/>\n<meta name=\"twitter:card\" content=\"summary_large_image\" \/>\n<meta name=\"twitter:label1\" content=\"Gesch\u00e4tzte Lesezeit\" \/>\n\t<meta name=\"twitter:data1\" content=\"1\u00a0Minute\" \/>\n<script type=\"application\/ld+json\" class=\"yoast-schema-graph\">{\"@context\":\"https:\/\/schema.org\",\"@graph\":[{\"@type\":\"WebPage\",\"@id\":\"https:\/\/blogs.donboscovolunteers.de\/dueaukoue\/spenden\/\",\"url\":\"https:\/\/blogs.donboscovolunteers.de\/dueaukoue\/spenden\/\",\"name\":\"Spenden - Du (\u00e9) au kou\u00e9\",\"isPartOf\":{\"@id\":\"https:\/\/blogs.donboscovolunteers.de\/dueaukoue\/#website\"},\"datePublished\":\"2025-04-17T10:25:46+00:00\",\"dateModified\":\"2026-01-28T11:59:41+00:00\",\"description\":\"Hier k\u00f6nnt ihr spenden. Ich freue mich sehr \u00fcber die Unterst\u00fctzung!\",\"breadcrumb\":{\"@id\":\"https:\/\/blogs.donboscovolunteers.de\/dueaukoue\/spenden\/#breadcrumb\"},\"inLanguage\":\"de\",\"potentialAction\":[{\"@type\":\"ReadAction\",\"target\":[\"https:\/\/blogs.donboscovolunteers.de\/dueaukoue\/spenden\/\"]}]},{\"@type\":\"BreadcrumbList\",\"@id\":\"https:\/\/blogs.donboscovolunteers.de\/dueaukoue\/spenden\/#breadcrumb\",\"itemListElement\":[{\"@type\":\"ListItem\",\"position\":1,\"name\":\"Startseite\",\"item\":\"https:\/\/blogs.donboscovolunteers.de\/dueaukoue\/\"},{\"@type\":\"ListItem\",\"position\":2,\"name\":\"Spenden\"}]},{\"@type\":\"WebSite\",\"@id\":\"https:\/\/blogs.donboscovolunteers.de\/dueaukoue\/#website\",\"url\":\"https:\/\/blogs.donboscovolunteers.de\/dueaukoue\/\",\"name\":\"Du (\u00e9) au kou\u00e9\",\"description\":\"\",\"potentialAction\":[{\"@type\":\"SearchAction\",\"target\":{\"@type\":\"EntryPoint\",\"urlTemplate\":\"https:\/\/blogs.donboscovolunteers.de\/dueaukoue\/?s={search_term_string}\"},\"query-input\":{\"@type\":\"PropertyValueSpecification\",\"valueRequired\":true,\"valueName\":\"search_term_string\"}}],\"inLanguage\":\"de\"}]}<\/script>\n<!-- \/ Yoast SEO plugin. -->","yoast_head_json":{"title":"Spenden - Du (\u00e9) au kou\u00e9","description":"Hier k\u00f6nnt ihr spenden. Ich freue mich sehr \u00fcber die Unterst\u00fctzung!","robots":{"index":"index","follow":"follow","max-snippet":"max-snippet:-1","max-image-preview":"max-image-preview:large","max-video-preview":"max-video-preview:-1"},"canonical":"https:\/\/blogs.donboscovolunteers.de\/dueaukoue\/spenden\/","og_locale":"de_DE","og_type":"article","og_title":"Spenden - Du (\u00e9) au kou\u00e9","og_description":"Hier k\u00f6nnt ihr spenden. Ich freue mich sehr \u00fcber die Unterst\u00fctzung!","og_url":"https:\/\/blogs.donboscovolunteers.de\/dueaukoue\/spenden\/","og_site_name":"Du (\u00e9) au kou\u00e9","article_modified_time":"2026-01-28T11:59:41+00:00","twitter_card":"summary_large_image","twitter_misc":{"Gesch\u00e4tzte Lesezeit":"1\u00a0Minute"},"schema":{"@context":"https:\/\/schema.org","@graph":[{"@type":"WebPage","@id":"https:\/\/blogs.donboscovolunteers.de\/dueaukoue\/spenden\/","url":"https:\/\/blogs.donboscovolunteers.de\/dueaukoue\/spenden\/","name":"Spenden - Du (\u00e9) au kou\u00e9","isPartOf":{"@id":"https:\/\/blogs.donboscovolunteers.de\/dueaukoue\/#website"},"datePublished":"2025-04-17T10:25:46+00:00","dateModified":"2026-01-28T11:59:41+00:00","description":"Hier k\u00f6nnt ihr spenden. Ich freue mich sehr \u00fcber die Unterst\u00fctzung!","breadcrumb":{"@id":"https:\/\/blogs.donboscovolunteers.de\/dueaukoue\/spenden\/#breadcrumb"},"inLanguage":"de","potentialAction":[{"@type":"ReadAction","target":["https:\/\/blogs.donboscovolunteers.de\/dueaukoue\/spenden\/"]}]},{"@type":"BreadcrumbList","@id":"https:\/\/blogs.donboscovolunteers.de\/dueaukoue\/spenden\/#breadcrumb","itemListElement":[{"@type":"ListItem","position":1,"name":"Startseite","item":"https:\/\/blogs.donboscovolunteers.de\/dueaukoue\/"},{"@type":"ListItem","position":2,"name":"Spenden"}]},{"@type":"WebSite","@id":"https:\/\/blogs.donboscovolunteers.de\/dueaukoue\/#website","url":"https:\/\/blogs.donboscovolunteers.de\/dueaukoue\/","name":"Du (\u00e9) au kou\u00e9","description":"","potentialAction":[{"@type":"SearchAction","target":{"@type":"EntryPoint","urlTemplate":"https:\/\/blogs.donboscovolunteers.de\/dueaukoue\/?s={search_term_string}"},"query-input":{"@type":"PropertyValueSpecification","valueRequired":true,"valueName":"search_term_string"}}],"inLanguage":"de"}]}},"_links":{"self":[{"href":"https:\/\/blogs.donboscovolunteers.de\/dueaukoue\/wp-json\/wp\/v2\/pages\/4","targetHints":{"allow":["GET"]}}],"collection":[{"href":"https:\/\/blogs.donboscovolunteers.de\/dueaukoue\/wp-json\/wp\/v2\/pages"}],"about":[{"href":"https:\/\/blogs.donboscovolunteers.de\/dueaukoue\/wp-json\/wp\/v2\/types\/page"}],"author":[{"embeddable":true,"href":"https:\/\/blogs.donboscovolunteers.de\/dueaukoue\/wp-json\/wp\/v2\/users\/1"}],"replies":[{"embeddable":true,"href":"https:\/\/blogs.donboscovolunteers.de\/dueaukoue\/wp-json\/wp\/v2\/comments?post=4"}],"version-history":[{"count":4,"href":"https:\/\/blogs.donboscovolunteers.de\/dueaukoue\/wp-json\/wp\/v2\/pages\/4\/revisions"}],"predecessor-version":[{"id":186,"href":"https:\/\/blogs.donboscovolunteers.de\/dueaukoue\/wp-json\/wp\/v2\/pages\/4\/revisions\/186"}],"wp:attachment":[{"href":"https:\/\/blogs.donboscovolunteers.de\/dueaukoue\/wp-json\/wp\/v2\/media?parent=4"}],"curies":[{"name":"wp","href":"https:\/\/api.w.org\/{rel}","templated":true}]}}