{"id":3,"date":"2025-04-17T12:25:46","date_gmt":"2025-04-17T10:25:46","guid":{"rendered":"https:\/\/blogs.donboscovolunteers.de\/dueaukoue\/about\/"},"modified":"2026-02-09T23:32:09","modified_gmt":"2026-02-09T22:32:09","slug":"ueber-mich","status":"publish","type":"page","link":"https:\/\/blogs.donboscovolunteers.de\/dueaukoue\/ueber-mich\/","title":{"rendered":"\u00dcber mich"},"content":{"rendered":"<div class=\"wp-block-media-text is-stacked-on-mobile\"><figure class=\"wp-block-media-text__media\"><img loading=\"lazy\" decoding=\"async\" width=\"1024\" height=\"768\" src=\"https:\/\/blogs.donboscovolunteers.de\/dueaukoue\/wp-content\/uploads\/sites\/21746\/2025\/11\/20251021_104554-1024x768.jpg\" alt=\"\" class=\"wp-image-87 size-full\" srcset=\"https:\/\/blogs.donboscovolunteers.de\/dueaukoue\/wp-content\/uploads\/sites\/21746\/2025\/11\/20251021_104554-1024x768.jpg 1024w, https:\/\/blogs.donboscovolunteers.de\/dueaukoue\/wp-content\/uploads\/sites\/21746\/2025\/11\/20251021_104554-300x225.jpg 300w, https:\/\/blogs.donboscovolunteers.de\/dueaukoue\/wp-content\/uploads\/sites\/21746\/2025\/11\/20251021_104554-768x576.jpg 768w, https:\/\/blogs.donboscovolunteers.de\/dueaukoue\/wp-content\/uploads\/sites\/21746\/2025\/11\/20251021_104554-900x675.jpg 900w, https:\/\/blogs.donboscovolunteers.de\/dueaukoue\/wp-content\/uploads\/sites\/21746\/2025\/11\/20251021_104554.jpg 1280w\" sizes=\"auto, (max-width: 1024px) 100vw, 1024px\" \/><\/figure><div class=\"wp-block-media-text__content\">\n<p>Hallo, ich hei\u00dfe Christine, bin 19 Jahre alt und komme aus Br\u00fcssel. Nach meinem Abi habe ich ein Jahr <a href=\"https:\/\/www.donboscovolunteers.de\/\">Freiwilligendienst<\/a> beim Jugendwerk <a href=\"https:\/\/www.donboscomission.de\/don-bosco\/\">Don Bosco<\/a> Trier, einem Jugendzentrum, gemacht. Danach habe ich beschlossen, daran einen weiteren Freiwilligendienst anzuschlie\u00dfen, wieder bei Don Bosco. Diesmal jedoch nicht in Deutschland, sondern in Togo.<\/p>\n<\/div><\/div>\n\n\n\n<p>Inzwischen bin ich seit \u00fcber vier Monaten hier in Kara, der zweitgr\u00f6\u00dften Stadt Togos. Untergebracht sind meine Mitfreiwillige Gladys und ich im Centre Don Bosco, das neben dem Haus der Ordensgemeinschaft der <a href=\"https:\/\/www.donboscomission.de\/don-bosco\/erbe\/\">Salesianer Don Boscos<\/a> und mehreren Sportpl\u00e4tzen auch ein Ausbildungszentrum, ein Gymnasium und ein Internat f\u00fcr die Sch\u00fcler umfasst.<\/p>\n\n\n\n<p>Einmal die Woche gestalten wir im Gymnasium zusammen mit dem Deutschlehrer den Deutschclub. Dort singen wir auch viel mit den Jugendlichen und &#8222;Gottes Liebe ist so wunderbar&#8220; ist inzwischen ein richtiger Hit geworden.<\/p>\n\n\n\n<p>Ansonsten gibt es noch zwei Kinderheime au\u00dferhalb des Campus, eines f\u00fcr Jungen und eines f\u00fcr M\u00e4dchen. Abgesehen vom Deutschclub sind wir dort eingesetzt. Eine Woche bin ich bei den M\u00e4dchen und Gladys bei den Jungs, die n\u00e4chste Woche wechseln wir.<\/p>\n\n\n\n<p>Im &#8222;Foyer Jean-Paul II&#8220;, dem M\u00e4dchenheim, leben momentan 14 M\u00e4dchen. Das &#8222;Foyer Immacul\u00e9e Conception&#8220;, das Jungenheim, ist gr\u00f6\u00dfer. Momentan leben dort 42 Jungen. Allerdings sind diese Zahlen nicht konstant: H\u00e4ufig kommen Neue, manchmal hauen Kinder aus dem Foyer ab und an besonders guten Tagen gelingt es, Kinder wieder in ihre Familien zu integrieren oder junge Erwachsene in die Selbstst\u00e4ndigkeit zu entlassen.<\/p>\n\n\n\n<p><br>Die Altersspanne der Kinder und Jugendlichen ist gro\u00df: Von 7 bis 21 Jahre ist alles dabei. Auch die Gr\u00fcnde, weshalb die Kinder im Foyer landen, sind vielf\u00e4ltig. Viele von ihnen (besonders bei den Jungs) sind ehemalige Stra\u00dfenkinder. Einige sind Waisen, andere kommen aus so armen Verh\u00e4ltnissen, dass die Eltern ihre Kinder noch nicht einmal mit dem N\u00f6tigsten versorgen k\u00f6nnen. Wieder andere wurden von ihren Eltern und ihren Dorfgemeinschaften versto\u00dfen, weil man ihnen nachsagt, sie seien Schwarze Magier. Auch Zwangsheirat und Zuweisungen vom Jugendrichter, nachdem Jugendliche bereits im Gef\u00e4ngnis waren, sind Gr\u00fcnde. Im Foyer wird all diesen jungen Menschen eine neue Chance gegeben. Sie erhalten einen Schlafplatz, Kleidung, gen\u00fcgend zu essen und Bildung, damit sie sp\u00e4ter auf eigenen Beinen stehen k\u00f6nnen.<\/p>\n\n\n\n<p>Unsere Hauptaufgabe ist es, mit den Kindern f\u00fcr die Schule zu lernen und am Wochenende und in den Ferien ihre Freizeit zu gestalten. Und da merkt man dann: In gewisser Hinsicht sind Kinder \u00fcberall gleich. Sich aufs Lernen zu konzentrieren f\u00e4llt vielen schwer, dahingegen kommen Spiele, Sport, Musik und Tanz sehr gut an. Die Essenszeiten sind den Kindern heilig, w\u00e4hrend so mancher versucht, sich ums Duschen zu dr\u00fccken. Was hier anders ist, ist, dass der Glaube im Alltag viel mehr Raum einnimmt. So geh\u00f6rt beispielsweise das Tischgebet vor und nach jeder Mahlzeit ganz selbstverst\u00e4ndlich dazu, genauso wie das &#8222;Mot du jour&#8220; (Abendgebet) und am Freitag der Rosenkranz.<\/p>\n\n\n\n<p><em>Dieser Text ist die leicht abge\u00e4nderte Version eines Artikels, den ich f\u00fcr den Pfarrbrief meiner Heimatgemeinde Sankt Paulus geschrieben habe, aber beschreibt es eigentlich sehr gut und ich spare mir Arbeit<\/em>. <em>Davon gibt es hier n\u00e4mlich auch so genug \ud83d\ude42<\/em><\/p>\n\n\n\n<p><\/p>","protected":false},"excerpt":{"rendered":"<p>Hallo, ich hei\u00dfe Christine, bin 19 Jahre alt und komme aus Br\u00fcssel. Nach meinem Abi habe ich ein Jahr <a href=\"https:\/\/www.donboscovolunteers.de\/\">Freiwilligendienst<\/a> beim Jugendwerk <a href=\"https:\/\/www.donboscomission.de\/don-bosco\/\">Don Bosco<\/a> Trier, einem Jugendzentrum, gemacht. Danach habe ich beschlossen, daran einen weiteren Freiwilligendienst anzuschlie\u00dfen, wieder bei Don Bosco. Diesmal jedoch nicht in Deutschland, sondern in Togo. Inzwischen bin ich seit \u00fcber vier [&hellip;]<\/p>\n","protected":false},"author":1,"featured_media":0,"parent":0,"menu_order":1,"comment_status":"closed","ping_status":"closed","template":"","meta":{"footnotes":""},"class_list":["post-3","page","type-page","status-publish","hentry"],"yoast_head":"<!-- This site is optimized with the Yoast SEO plugin v25.3.1 - https:\/\/yoast.com\/wordpress\/plugins\/seo\/ -->\n<title>\u00dcber mich - Du (\u00e9) au kou\u00e9<\/title>\n<meta name=\"description\" content=\"Ich bin Christine und mache mit Don Bosco einen Freiwilligendienst in Kara, der zweitgr\u00f6\u00dften Stadt Togos.\" \/>\n<meta name=\"robots\" content=\"index, follow, max-snippet:-1, max-image-preview:large, max-video-preview:-1\" \/>\n<link rel=\"canonical\" href=\"https:\/\/blogs.donboscovolunteers.de\/dueaukoue\/ueber-mich\/\" \/>\n<meta property=\"og:locale\" content=\"de_DE\" \/>\n<meta property=\"og:type\" content=\"article\" \/>\n<meta property=\"og:title\" content=\"\u00dcber mich - Du (\u00e9) au kou\u00e9\" \/>\n<meta property=\"og:description\" content=\"Ich bin Christine und mache mit Don Bosco einen Freiwilligendienst in Kara, der zweitgr\u00f6\u00dften Stadt Togos.\" \/>\n<meta property=\"og:url\" content=\"https:\/\/blogs.donboscovolunteers.de\/dueaukoue\/ueber-mich\/\" \/>\n<meta property=\"og:site_name\" content=\"Du (\u00e9) au kou\u00e9\" \/>\n<meta property=\"article:modified_time\" content=\"2026-02-09T22:32:09+00:00\" \/>\n<meta property=\"og:image\" content=\"https:\/\/blogs.donboscovolunteers.de\/dueaukoue\/wp-content\/uploads\/sites\/21746\/2025\/11\/20251021_104554.jpg\" \/>\n\t<meta property=\"og:image:width\" content=\"1280\" \/>\n\t<meta property=\"og:image:height\" content=\"960\" \/>\n\t<meta property=\"og:image:type\" content=\"image\/jpeg\" \/>\n<meta name=\"twitter:card\" content=\"summary_large_image\" \/>\n<meta name=\"twitter:label1\" content=\"Gesch\u00e4tzte Lesezeit\" \/>\n\t<meta name=\"twitter:data1\" content=\"3\u00a0Minuten\" \/>\n<script type=\"application\/ld+json\" class=\"yoast-schema-graph\">{\"@context\":\"https:\/\/schema.org\",\"@graph\":[{\"@type\":\"WebPage\",\"@id\":\"https:\/\/blogs.donboscovolunteers.de\/dueaukoue\/ueber-mich\/\",\"url\":\"https:\/\/blogs.donboscovolunteers.de\/dueaukoue\/ueber-mich\/\",\"name\":\"\u00dcber mich - Du (\u00e9) au kou\u00e9\",\"isPartOf\":{\"@id\":\"https:\/\/blogs.donboscovolunteers.de\/dueaukoue\/#website\"},\"primaryImageOfPage\":{\"@id\":\"https:\/\/blogs.donboscovolunteers.de\/dueaukoue\/ueber-mich\/#primaryimage\"},\"image\":{\"@id\":\"https:\/\/blogs.donboscovolunteers.de\/dueaukoue\/ueber-mich\/#primaryimage\"},\"thumbnailUrl\":\"https:\/\/blogs.donboscovolunteers.de\/dueaukoue\/wp-content\/uploads\/sites\/21746\/2025\/11\/20251021_104554-1024x768.jpg\",\"datePublished\":\"2025-04-17T10:25:46+00:00\",\"dateModified\":\"2026-02-09T22:32:09+00:00\",\"description\":\"Ich bin Christine und mache mit Don Bosco einen Freiwilligendienst in Kara, der zweitgr\u00f6\u00dften Stadt Togos.\",\"breadcrumb\":{\"@id\":\"https:\/\/blogs.donboscovolunteers.de\/dueaukoue\/ueber-mich\/#breadcrumb\"},\"inLanguage\":\"de\",\"potentialAction\":[{\"@type\":\"ReadAction\",\"target\":[\"https:\/\/blogs.donboscovolunteers.de\/dueaukoue\/ueber-mich\/\"]}]},{\"@type\":\"ImageObject\",\"inLanguage\":\"de\",\"@id\":\"https:\/\/blogs.donboscovolunteers.de\/dueaukoue\/ueber-mich\/#primaryimage\",\"url\":\"https:\/\/blogs.donboscovolunteers.de\/dueaukoue\/wp-content\/uploads\/sites\/21746\/2025\/11\/20251021_104554.jpg\",\"contentUrl\":\"https:\/\/blogs.donboscovolunteers.de\/dueaukoue\/wp-content\/uploads\/sites\/21746\/2025\/11\/20251021_104554.jpg\",\"width\":1280,\"height\":960},{\"@type\":\"BreadcrumbList\",\"@id\":\"https:\/\/blogs.donboscovolunteers.de\/dueaukoue\/ueber-mich\/#breadcrumb\",\"itemListElement\":[{\"@type\":\"ListItem\",\"position\":1,\"name\":\"Startseite\",\"item\":\"https:\/\/blogs.donboscovolunteers.de\/dueaukoue\/\"},{\"@type\":\"ListItem\",\"position\":2,\"name\":\"\u00dcber mich\"}]},{\"@type\":\"WebSite\",\"@id\":\"https:\/\/blogs.donboscovolunteers.de\/dueaukoue\/#website\",\"url\":\"https:\/\/blogs.donboscovolunteers.de\/dueaukoue\/\",\"name\":\"Du (\u00e9) au kou\u00e9\",\"description\":\"\",\"potentialAction\":[{\"@type\":\"SearchAction\",\"target\":{\"@type\":\"EntryPoint\",\"urlTemplate\":\"https:\/\/blogs.donboscovolunteers.de\/dueaukoue\/?s={search_term_string}\"},\"query-input\":{\"@type\":\"PropertyValueSpecification\",\"valueRequired\":true,\"valueName\":\"search_term_string\"}}],\"inLanguage\":\"de\"}]}<\/script>\n<!-- \/ Yoast SEO plugin. -->","yoast_head_json":{"title":"\u00dcber mich - Du (\u00e9) au kou\u00e9","description":"Ich bin Christine und mache mit Don Bosco einen Freiwilligendienst in Kara, der zweitgr\u00f6\u00dften Stadt Togos.","robots":{"index":"index","follow":"follow","max-snippet":"max-snippet:-1","max-image-preview":"max-image-preview:large","max-video-preview":"max-video-preview:-1"},"canonical":"https:\/\/blogs.donboscovolunteers.de\/dueaukoue\/ueber-mich\/","og_locale":"de_DE","og_type":"article","og_title":"\u00dcber mich - Du (\u00e9) au kou\u00e9","og_description":"Ich bin Christine und mache mit Don Bosco einen Freiwilligendienst in Kara, der zweitgr\u00f6\u00dften Stadt Togos.","og_url":"https:\/\/blogs.donboscovolunteers.de\/dueaukoue\/ueber-mich\/","og_site_name":"Du (\u00e9) au kou\u00e9","article_modified_time":"2026-02-09T22:32:09+00:00","og_image":[{"width":1280,"height":960,"url":"https:\/\/blogs.donboscovolunteers.de\/dueaukoue\/wp-content\/uploads\/sites\/21746\/2025\/11\/20251021_104554.jpg","type":"image\/jpeg"}],"twitter_card":"summary_large_image","twitter_misc":{"Gesch\u00e4tzte Lesezeit":"3\u00a0Minuten"},"schema":{"@context":"https:\/\/schema.org","@graph":[{"@type":"WebPage","@id":"https:\/\/blogs.donboscovolunteers.de\/dueaukoue\/ueber-mich\/","url":"https:\/\/blogs.donboscovolunteers.de\/dueaukoue\/ueber-mich\/","name":"\u00dcber mich - Du (\u00e9) au kou\u00e9","isPartOf":{"@id":"https:\/\/blogs.donboscovolunteers.de\/dueaukoue\/#website"},"primaryImageOfPage":{"@id":"https:\/\/blogs.donboscovolunteers.de\/dueaukoue\/ueber-mich\/#primaryimage"},"image":{"@id":"https:\/\/blogs.donboscovolunteers.de\/dueaukoue\/ueber-mich\/#primaryimage"},"thumbnailUrl":"https:\/\/blogs.donboscovolunteers.de\/dueaukoue\/wp-content\/uploads\/sites\/21746\/2025\/11\/20251021_104554-1024x768.jpg","datePublished":"2025-04-17T10:25:46+00:00","dateModified":"2026-02-09T22:32:09+00:00","description":"Ich bin Christine und mache mit Don Bosco einen Freiwilligendienst in Kara, der zweitgr\u00f6\u00dften Stadt Togos.","breadcrumb":{"@id":"https:\/\/blogs.donboscovolunteers.de\/dueaukoue\/ueber-mich\/#breadcrumb"},"inLanguage":"de","potentialAction":[{"@type":"ReadAction","target":["https:\/\/blogs.donboscovolunteers.de\/dueaukoue\/ueber-mich\/"]}]},{"@type":"ImageObject","inLanguage":"de","@id":"https:\/\/blogs.donboscovolunteers.de\/dueaukoue\/ueber-mich\/#primaryimage","url":"https:\/\/blogs.donboscovolunteers.de\/dueaukoue\/wp-content\/uploads\/sites\/21746\/2025\/11\/20251021_104554.jpg","contentUrl":"https:\/\/blogs.donboscovolunteers.de\/dueaukoue\/wp-content\/uploads\/sites\/21746\/2025\/11\/20251021_104554.jpg","width":1280,"height":960},{"@type":"BreadcrumbList","@id":"https:\/\/blogs.donboscovolunteers.de\/dueaukoue\/ueber-mich\/#breadcrumb","itemListElement":[{"@type":"ListItem","position":1,"name":"Startseite","item":"https:\/\/blogs.donboscovolunteers.de\/dueaukoue\/"},{"@type":"ListItem","position":2,"name":"\u00dcber mich"}]},{"@type":"WebSite","@id":"https:\/\/blogs.donboscovolunteers.de\/dueaukoue\/#website","url":"https:\/\/blogs.donboscovolunteers.de\/dueaukoue\/","name":"Du (\u00e9) au kou\u00e9","description":"","potentialAction":[{"@type":"SearchAction","target":{"@type":"EntryPoint","urlTemplate":"https:\/\/blogs.donboscovolunteers.de\/dueaukoue\/?s={search_term_string}"},"query-input":{"@type":"PropertyValueSpecification","valueRequired":true,"valueName":"search_term_string"}}],"inLanguage":"de"}]}},"_links":{"self":[{"href":"https:\/\/blogs.donboscovolunteers.de\/dueaukoue\/wp-json\/wp\/v2\/pages\/3","targetHints":{"allow":["GET"]}}],"collection":[{"href":"https:\/\/blogs.donboscovolunteers.de\/dueaukoue\/wp-json\/wp\/v2\/pages"}],"about":[{"href":"https:\/\/blogs.donboscovolunteers.de\/dueaukoue\/wp-json\/wp\/v2\/types\/page"}],"author":[{"embeddable":true,"href":"https:\/\/blogs.donboscovolunteers.de\/dueaukoue\/wp-json\/wp\/v2\/users\/1"}],"replies":[{"embeddable":true,"href":"https:\/\/blogs.donboscovolunteers.de\/dueaukoue\/wp-json\/wp\/v2\/comments?post=3"}],"version-history":[{"count":6,"href":"https:\/\/blogs.donboscovolunteers.de\/dueaukoue\/wp-json\/wp\/v2\/pages\/3\/revisions"}],"predecessor-version":[{"id":264,"href":"https:\/\/blogs.donboscovolunteers.de\/dueaukoue\/wp-json\/wp\/v2\/pages\/3\/revisions\/264"}],"wp:attachment":[{"href":"https:\/\/blogs.donboscovolunteers.de\/dueaukoue\/wp-json\/wp\/v2\/media?parent=3"}],"curies":[{"name":"wp","href":"https:\/\/api.w.org\/{rel}","templated":true}]}}