{"id":2,"date":"2010-07-22T08:22:43","date_gmt":"2010-07-22T08:22:43","guid":{"rendered":""},"modified":"2010-07-22T08:40:12","modified_gmt":"2010-07-22T08:40:12","slug":"about","status":"publish","type":"page","link":"https:\/\/blogs.donboscovolunteers.de\/donboscobonn\/about\/","title":{"rendered":"\u00dcber uns"},"content":{"rendered":"<p style=\"text-align: justify\"><a href=\"https:\/\/www.donboscomission.de\/\">Don Bosco Bonn<\/a> ist die deutsche Koordinationsstelle f\u00fcr die weltweiten Hilfsprojekte der <a href=\"https:\/\/www.donboscomission.de\/don-bosco\/erbe\/\">Salesianer Don Boscos<\/a>. Hier wird geplant und gepr\u00fcft, welche Jugendprojekte in Asien, Afrika, Lateinamerika oder Osteuropa gef\u00f6rdert und finanziell unterst\u00fctzt werden k\u00f6nnen.\u00a0\u00a0<\/p>\n<p style=\"text-align: justify\">Im Mittelpunkt unser Arbeit stehen Kinder und Jugendliche. Weltweit f\u00f6rdern wir j\u00e4hrlich ca. 700 Projekte f\u00fcr junge Menschen unabh\u00e4ngig von Hautfarbe, Geschlecht, Herkunft, Glauben und sozialem Status.<\/p>\n<p style=\"text-align: justify\">In Bildungsprogrammen, Ausbildungspl\u00e4tzen und Stra\u00dfenkinderzentren arbeiten wir vor Ort mit den betroffenen Jugendlichen zusammen. Engagement und F\u00fcrsorge f\u00fcr junge Menschen, besonders f\u00fcr arme, gef\u00e4hrdete und benachteiligte steht dabei im Vordergrund. Dabei orientieren wir uns an Don Bosco und seiner P\u00e4dagogik der Vorsorge. Getreu nach seinem Motto:\u201eFr\u00f6hlich sein, Gutes tun und die Spatzen pfeifen lassen\u201c sorgen wir daf\u00fcr, dass das Leben junger Menschen gelingt!<\/p>\n<p style=\"text-align: justify\">In unserem Blog wollen die Mitarbeiter von ihrer Arbeit f\u00fcr Stra\u00dfenkinder und ihren Projektbesuchen berichten.<\/p>\n<p style=\"text-align: justify\">\u00a0Viel Spa\u00df beim lesen!<\/p>\n<p style=\"text-align: center\"><a href=\"https:\/\/blogs.donboscovolunteers.de\/donboscobonn\/wp-content\/uploads\/sites\/4781\/2010\/07\/Mitarbeiter.jpg\"><img loading=\"lazy\" decoding=\"async\" class=\"aligncenter size-full wp-image-5\" title=\"Mitarbeiter\" src=\"https:\/\/blogs.donboscovolunteers.de\/donboscobonn\/wp-content\/uploads\/sites\/4781\/2010\/07\/Mitarbeiter.jpg\" alt=\"\" width=\"500\" height=\"375\" srcset=\"https:\/\/blogs.donboscovolunteers.de\/donboscobonn\/wp-content\/uploads\/sites\/4781\/2010\/07\/Mitarbeiter.jpg 500w, https:\/\/blogs.donboscovolunteers.de\/donboscobonn\/wp-content\/uploads\/sites\/4781\/2010\/07\/Mitarbeiter-300x225.jpg 300w\" sizes=\"auto, (max-width: 500px) 100vw, 500px\" \/><\/a><\/p>\n","protected":false},"excerpt":{"rendered":"<p><a href=\"https:\/\/www.donboscomission.de\/\">Don Bosco Bonn<\/a> ist die deutsche Koordinationsstelle f\u00fcr die weltweiten Hilfsprojekte der <a href=\"https:\/\/www.donboscomission.de\/don-bosco\/erbe\/\">Salesianer Don Boscos<\/a>. Hier wird geplant und gepr\u00fcft, welche Jugendprojekte in Asien, Afrika, Lateinamerika oder Osteuropa gef\u00f6rdert und finanziell unterst\u00fctzt werden k\u00f6nnen.\u00a0\u00a0 Im Mittelpunkt unser Arbeit stehen Kinder und Jugendliche. Weltweit f\u00f6rdern wir j\u00e4hrlich ca. 700 Projekte f\u00fcr junge Menschen unabh\u00e4ngig von Hautfarbe, [&hellip;]<\/p>\n","protected":false},"author":4829,"featured_media":0,"parent":0,"menu_order":0,"comment_status":"open","ping_status":"closed","template":"","meta":{"footnotes":""},"class_list":["post-2","page","type-page","status-publish","hentry"],"yoast_head":"<!-- This site is optimized with the Yoast SEO plugin v25.3.1 - https:\/\/yoast.com\/wordpress\/plugins\/seo\/ -->\n<title>\u00dcber uns - Don Bosco Bonn<\/title>\n<meta name=\"robots\" content=\"index, follow, max-snippet:-1, max-image-preview:large, max-video-preview:-1\" \/>\n<link rel=\"canonical\" href=\"https:\/\/blogs.donboscovolunteers.de\/donboscobonn\/about\/\" \/>\n<meta property=\"og:locale\" content=\"de_DE\" \/>\n<meta property=\"og:type\" content=\"article\" \/>\n<meta property=\"og:title\" content=\"\u00dcber uns - Don Bosco Bonn\" \/>\n<meta property=\"og:description\" content=\"Don Bosco Bonn ist die deutsche Koordinationsstelle f\u00fcr die weltweiten Hilfsprojekte der Salesianer Don Boscos. Hier wird geplant und gepr\u00fcft, welche Jugendprojekte in Asien, Afrika, Lateinamerika oder Osteuropa gef\u00f6rdert und finanziell unterst\u00fctzt werden k\u00f6nnen.\u00a0\u00a0 Im Mittelpunkt unser Arbeit stehen Kinder und Jugendliche. Weltweit f\u00f6rdern wir j\u00e4hrlich ca. 700 Projekte f\u00fcr junge Menschen unabh\u00e4ngig von Hautfarbe, [&hellip;]\" \/>\n<meta property=\"og:url\" content=\"https:\/\/blogs.donboscovolunteers.de\/donboscobonn\/about\/\" \/>\n<meta property=\"og:site_name\" content=\"Don Bosco Bonn\" \/>\n<meta property=\"article:modified_time\" content=\"2010-07-22T08:40:12+00:00\" \/>\n<meta property=\"og:image\" content=\"https:\/\/blogs.donboscovolunteers.de\/donboscobonn\/wp-content\/uploads\/sites\/4781\/2010\/07\/Mitarbeiter.jpg\" \/>\n<meta name=\"twitter:card\" content=\"summary_large_image\" \/>\n<meta name=\"twitter:label1\" content=\"Gesch\u00e4tzte Lesezeit\" \/>\n\t<meta name=\"twitter:data1\" content=\"1\u00a0Minute\" \/>\n<script type=\"application\/ld+json\" class=\"yoast-schema-graph\">{\"@context\":\"https:\/\/schema.org\",\"@graph\":[{\"@type\":\"WebPage\",\"@id\":\"https:\/\/blogs.donboscovolunteers.de\/donboscobonn\/about\/\",\"url\":\"https:\/\/blogs.donboscovolunteers.de\/donboscobonn\/about\/\",\"name\":\"\u00dcber uns - Don Bosco Bonn\",\"isPartOf\":{\"@id\":\"https:\/\/blogs.donboscovolunteers.de\/donboscobonn\/#website\"},\"primaryImageOfPage\":{\"@id\":\"https:\/\/blogs.donboscovolunteers.de\/donboscobonn\/about\/#primaryimage\"},\"image\":{\"@id\":\"https:\/\/blogs.donboscovolunteers.de\/donboscobonn\/about\/#primaryimage\"},\"thumbnailUrl\":\"https:\/\/blogs.donboscovolunteers.de\/donboscobonn\/wp-content\/uploads\/sites\/4781\/2010\/07\/Mitarbeiter.jpg\",\"datePublished\":\"2010-07-22T08:22:43+00:00\",\"dateModified\":\"2010-07-22T08:40:12+00:00\",\"breadcrumb\":{\"@id\":\"https:\/\/blogs.donboscovolunteers.de\/donboscobonn\/about\/#breadcrumb\"},\"inLanguage\":\"de\",\"potentialAction\":[{\"@type\":\"ReadAction\",\"target\":[\"https:\/\/blogs.donboscovolunteers.de\/donboscobonn\/about\/\"]}]},{\"@type\":\"ImageObject\",\"inLanguage\":\"de\",\"@id\":\"https:\/\/blogs.donboscovolunteers.de\/donboscobonn\/about\/#primaryimage\",\"url\":\"https:\/\/blogs.donboscovolunteers.de\/donboscobonn\/wp-content\/uploads\/sites\/4781\/2010\/07\/Mitarbeiter.jpg\",\"contentUrl\":\"https:\/\/blogs.donboscovolunteers.de\/donboscobonn\/wp-content\/uploads\/sites\/4781\/2010\/07\/Mitarbeiter.jpg\",\"width\":\"500\",\"height\":\"375\"},{\"@type\":\"BreadcrumbList\",\"@id\":\"https:\/\/blogs.donboscovolunteers.de\/donboscobonn\/about\/#breadcrumb\",\"itemListElement\":[{\"@type\":\"ListItem\",\"position\":1,\"name\":\"Startseite\",\"item\":\"https:\/\/blogs.donboscovolunteers.de\/donboscobonn\/\"},{\"@type\":\"ListItem\",\"position\":2,\"name\":\"\u00dcber uns\"}]},{\"@type\":\"WebSite\",\"@id\":\"https:\/\/blogs.donboscovolunteers.de\/donboscobonn\/#website\",\"url\":\"https:\/\/blogs.donboscovolunteers.de\/donboscobonn\/\",\"name\":\"Don Bosco Bonn\",\"description\":\"Just another strassenkinder.de weblog\",\"potentialAction\":[{\"@type\":\"SearchAction\",\"target\":{\"@type\":\"EntryPoint\",\"urlTemplate\":\"https:\/\/blogs.donboscovolunteers.de\/donboscobonn\/?s={search_term_string}\"},\"query-input\":{\"@type\":\"PropertyValueSpecification\",\"valueRequired\":true,\"valueName\":\"search_term_string\"}}],\"inLanguage\":\"de\"}]}<\/script>\n<!-- \/ Yoast SEO plugin. -->","yoast_head_json":{"title":"\u00dcber uns - Don Bosco Bonn","robots":{"index":"index","follow":"follow","max-snippet":"max-snippet:-1","max-image-preview":"max-image-preview:large","max-video-preview":"max-video-preview:-1"},"canonical":"https:\/\/blogs.donboscovolunteers.de\/donboscobonn\/about\/","og_locale":"de_DE","og_type":"article","og_title":"\u00dcber uns - Don Bosco Bonn","og_description":"Don Bosco Bonn ist die deutsche Koordinationsstelle f\u00fcr die weltweiten Hilfsprojekte der Salesianer Don Boscos. Hier wird geplant und gepr\u00fcft, welche Jugendprojekte in Asien, Afrika, Lateinamerika oder Osteuropa gef\u00f6rdert und finanziell unterst\u00fctzt werden k\u00f6nnen.\u00a0\u00a0 Im Mittelpunkt unser Arbeit stehen Kinder und Jugendliche. Weltweit f\u00f6rdern wir j\u00e4hrlich ca. 700 Projekte f\u00fcr junge Menschen unabh\u00e4ngig von Hautfarbe, [&hellip;]","og_url":"https:\/\/blogs.donboscovolunteers.de\/donboscobonn\/about\/","og_site_name":"Don Bosco Bonn","article_modified_time":"2010-07-22T08:40:12+00:00","og_image":[{"url":"https:\/\/blogs.donboscovolunteers.de\/donboscobonn\/wp-content\/uploads\/sites\/4781\/2010\/07\/Mitarbeiter.jpg","type":"","width":"","height":""}],"twitter_card":"summary_large_image","twitter_misc":{"Gesch\u00e4tzte Lesezeit":"1\u00a0Minute"},"schema":{"@context":"https:\/\/schema.org","@graph":[{"@type":"WebPage","@id":"https:\/\/blogs.donboscovolunteers.de\/donboscobonn\/about\/","url":"https:\/\/blogs.donboscovolunteers.de\/donboscobonn\/about\/","name":"\u00dcber uns - Don Bosco Bonn","isPartOf":{"@id":"https:\/\/blogs.donboscovolunteers.de\/donboscobonn\/#website"},"primaryImageOfPage":{"@id":"https:\/\/blogs.donboscovolunteers.de\/donboscobonn\/about\/#primaryimage"},"image":{"@id":"https:\/\/blogs.donboscovolunteers.de\/donboscobonn\/about\/#primaryimage"},"thumbnailUrl":"https:\/\/blogs.donboscovolunteers.de\/donboscobonn\/wp-content\/uploads\/sites\/4781\/2010\/07\/Mitarbeiter.jpg","datePublished":"2010-07-22T08:22:43+00:00","dateModified":"2010-07-22T08:40:12+00:00","breadcrumb":{"@id":"https:\/\/blogs.donboscovolunteers.de\/donboscobonn\/about\/#breadcrumb"},"inLanguage":"de","potentialAction":[{"@type":"ReadAction","target":["https:\/\/blogs.donboscovolunteers.de\/donboscobonn\/about\/"]}]},{"@type":"ImageObject","inLanguage":"de","@id":"https:\/\/blogs.donboscovolunteers.de\/donboscobonn\/about\/#primaryimage","url":"https:\/\/blogs.donboscovolunteers.de\/donboscobonn\/wp-content\/uploads\/sites\/4781\/2010\/07\/Mitarbeiter.jpg","contentUrl":"https:\/\/blogs.donboscovolunteers.de\/donboscobonn\/wp-content\/uploads\/sites\/4781\/2010\/07\/Mitarbeiter.jpg","width":"500","height":"375"},{"@type":"BreadcrumbList","@id":"https:\/\/blogs.donboscovolunteers.de\/donboscobonn\/about\/#breadcrumb","itemListElement":[{"@type":"ListItem","position":1,"name":"Startseite","item":"https:\/\/blogs.donboscovolunteers.de\/donboscobonn\/"},{"@type":"ListItem","position":2,"name":"\u00dcber uns"}]},{"@type":"WebSite","@id":"https:\/\/blogs.donboscovolunteers.de\/donboscobonn\/#website","url":"https:\/\/blogs.donboscovolunteers.de\/donboscobonn\/","name":"Don Bosco Bonn","description":"Just another strassenkinder.de weblog","potentialAction":[{"@type":"SearchAction","target":{"@type":"EntryPoint","urlTemplate":"https:\/\/blogs.donboscovolunteers.de\/donboscobonn\/?s={search_term_string}"},"query-input":{"@type":"PropertyValueSpecification","valueRequired":true,"valueName":"search_term_string"}}],"inLanguage":"de"}]}},"_links":{"self":[{"href":"https:\/\/blogs.donboscovolunteers.de\/donboscobonn\/wp-json\/wp\/v2\/pages\/2","targetHints":{"allow":["GET"]}}],"collection":[{"href":"https:\/\/blogs.donboscovolunteers.de\/donboscobonn\/wp-json\/wp\/v2\/pages"}],"about":[{"href":"https:\/\/blogs.donboscovolunteers.de\/donboscobonn\/wp-json\/wp\/v2\/types\/page"}],"author":[{"embeddable":true,"href":"https:\/\/blogs.donboscovolunteers.de\/donboscobonn\/wp-json\/wp\/v2\/users\/4829"}],"replies":[{"embeddable":true,"href":"https:\/\/blogs.donboscovolunteers.de\/donboscobonn\/wp-json\/wp\/v2\/comments?post=2"}],"version-history":[{"count":3,"href":"https:\/\/blogs.donboscovolunteers.de\/donboscobonn\/wp-json\/wp\/v2\/pages\/2\/revisions"}],"predecessor-version":[{"id":3,"href":"https:\/\/blogs.donboscovolunteers.de\/donboscobonn\/wp-json\/wp\/v2\/pages\/2\/revisions\/3"}],"wp:attachment":[{"href":"https:\/\/blogs.donboscovolunteers.de\/donboscobonn\/wp-json\/wp\/v2\/media?parent=2"}],"curies":[{"name":"wp","href":"https:\/\/api.w.org\/{rel}","templated":true}]}}