{"id":97,"date":"2023-08-02T23:49:38","date_gmt":"2023-08-02T21:49:38","guid":{"rendered":"https:\/\/blogs.donboscovolunteers.de\/diefarbenbenins\/?page_id=97"},"modified":"2023-08-30T18:41:08","modified_gmt":"2023-08-30T16:41:08","slug":"spenden","status":"publish","type":"page","link":"https:\/\/blogs.donboscovolunteers.de\/diefarbenbenins\/spenden\/","title":{"rendered":"Spenden"},"content":{"rendered":"<h2 class=\"wp-block-heading\">Weltw\u00e4rts, was ist das?<\/h2>\n\n\n\n<p>Ein entwicklungspolitischer <a href=\"https:\/\/www.donboscovolunteers.de\/\">Freiwilligendienst<\/a>, welchen ich 2023\/24 absolviere, ist offiziell anerkannt und wird \u00fcber Weltw\u00e4rts zu 75% vom Staat gef\u00f6rdert. Das hei\u00dft, dass drei Viertel aller Kosten vom Staat \u00fcbernommen werden, die restlichen 25% jedoch von der Entsendeorganisation beglichen werden m\u00fcssen. Das Bundesministerium f\u00fcr wirtschaftliche Zusammenarbeit und Entwicklung (BMZ) hat Weltw\u00e4rts gegr\u00fcndet, um internationales Lernen zu f\u00f6rdern, indem sie junge Menschen ins Ausland schicken. Die Entsendeorganisation, in meinem Fall <a href=\"https:\/\/www.donboscomission.de\/don-bosco\/\">Don Bosco<\/a> Volunteers, ist eine gepr\u00fcfte zivilgesellschaftliche Organisation, welche die Freiwilligen direkt begleitet.<\/p>\n\n\n\n<figure class=\"wp-block-image size-large is-resized\"><img loading=\"lazy\" decoding=\"async\" src=\"https:\/\/blogs.donboscovolunteers.de\/diefarbenbenins\/wp-content\/uploads\/sites\/21673\/2023\/08\/logo-weltwaerts-2-1024x414.jpg\" alt=\"\" class=\"wp-image-128\" style=\"width:401px;height:161px\" width=\"401\" height=\"161\" srcset=\"https:\/\/blogs.donboscovolunteers.de\/diefarbenbenins\/wp-content\/uploads\/sites\/21673\/2023\/08\/logo-weltwaerts-2-1024x414.jpg 1024w, https:\/\/blogs.donboscovolunteers.de\/diefarbenbenins\/wp-content\/uploads\/sites\/21673\/2023\/08\/logo-weltwaerts-2-300x121.jpg 300w, https:\/\/blogs.donboscovolunteers.de\/diefarbenbenins\/wp-content\/uploads\/sites\/21673\/2023\/08\/logo-weltwaerts-2-768x310.jpg 768w, https:\/\/blogs.donboscovolunteers.de\/diefarbenbenins\/wp-content\/uploads\/sites\/21673\/2023\/08\/logo-weltwaerts-2-900x364.jpg 900w, https:\/\/blogs.donboscovolunteers.de\/diefarbenbenins\/wp-content\/uploads\/sites\/21673\/2023\/08\/logo-weltwaerts-2.jpg 1280w\" sizes=\"auto, (max-width: 401px) 100vw, 401px\" \/><\/figure>\n\n\n\n<h2 class=\"wp-block-heading\">Wieso fallen so viele Kosten an?<\/h2>\n\n\n\n<p>Bei so einem Freiwilligendienst fallen einige Rechnungen an, denn nicht nur der Flug, die Verpflegung und die 100 Euro Taschengeld pro Monat m\u00fcssen bezahlt werden, sondern auch die Pflichtvorbereitungsseminare und Versicherungen sowie Impfungen kosten Geld. <\/p>\n\n\n\n<p>Bei \u00fcber 40 Volont\u00e4ren pro Jahr m\u00fcsste Don Bosco sehr viel Geld bezahlen, wodurch sie im n\u00e4chsten Jahr kein Budget mehr f\u00fcr diese Freiwilligendienste h\u00e4tten. Deshalb versucht jeder Volo, die 25% der Kosten seines entwicklungspolitischen Freiwilligendienstes, \u00fcber Spenden zu erstatten. Somit kann sichergestellt werden, dass im darauf folgendem Jahr wieder Volont\u00e4re weltweit in Einrichtungen entsendet werden und vor Ort Kindern und Jugendlichen in schwierigen Situationen assistieren k\u00f6nnen. Dieses System der Nachhaltigkeit sichert langfristig den Erhalt der Volontariatspl\u00e4tze. <\/p>\n\n\n\n<figure class=\"wp-block-image size-large is-resized\"><img loading=\"lazy\" decoding=\"async\" src=\"https:\/\/blogs.donboscovolunteers.de\/diefarbenbenins\/wp-content\/uploads\/sites\/21673\/2023\/08\/logo-don-bosco-volunteers-1-1024x325.jpg\" alt=\"\" class=\"wp-image-131\" style=\"width:384px;height:122px\" width=\"384\" height=\"122\" srcset=\"https:\/\/blogs.donboscovolunteers.de\/diefarbenbenins\/wp-content\/uploads\/sites\/21673\/2023\/08\/logo-don-bosco-volunteers-1-1024x325.jpg 1024w, https:\/\/blogs.donboscovolunteers.de\/diefarbenbenins\/wp-content\/uploads\/sites\/21673\/2023\/08\/logo-don-bosco-volunteers-1-300x95.jpg 300w, https:\/\/blogs.donboscovolunteers.de\/diefarbenbenins\/wp-content\/uploads\/sites\/21673\/2023\/08\/logo-don-bosco-volunteers-1-768x244.jpg 768w, https:\/\/blogs.donboscovolunteers.de\/diefarbenbenins\/wp-content\/uploads\/sites\/21673\/2023\/08\/logo-don-bosco-volunteers-1-900x285.jpg 900w, https:\/\/blogs.donboscovolunteers.de\/diefarbenbenins\/wp-content\/uploads\/sites\/21673\/2023\/08\/logo-don-bosco-volunteers-1.jpg 1280w\" sizes=\"auto, (max-width: 384px) 100vw, 384px\" \/><\/figure>\n\n\n\n<h2 class=\"wp-block-heading\">Was passiert mit den Spenden?<\/h2>\n\n\n\n<p>Alle Spenden gehen direkt in einen gemeinsamen Topf, in dem am Ende die Gesamtsumme stimmen muss. Wenn zum Schluss mehr Geld zusammen gekommen ist, als Kosten entstanden sind, werden alle Volont\u00e4re gemeinsam entscheiden, welche Projekte dringend eine zus\u00e4tzliche Spende ben\u00f6tigen. Somit kommen \u00fcbersch\u00fcssige Spenden direkt den Einrichtungen zugute, die es am n\u00f6tigsten brauchen.<\/p>\n\n\n\n<div class=\"wp-block-group\"><div class=\"wp-block-group__inner-container is-layout-constrained wp-block-group-is-layout-constrained\">\n<div class=\"wp-block-columns is-layout-flex wp-container-core-columns-is-layout-9d6595d7 wp-block-columns-is-layout-flex\">\n<div class=\"wp-block-column is-layout-flow wp-block-column-is-layout-flow\" style=\"flex-basis:100%\">\n<div class=\"wp-block-group\"><div class=\"wp-block-group__inner-container is-layout-constrained wp-block-group-is-layout-constrained\">\n<div class=\"wp-block-group\"><div class=\"wp-block-group__inner-container is-layout-constrained wp-block-group-is-layout-constrained\">\n<figure class=\"wp-block-gallery aligncenter has-nested-images columns-default is-cropped wp-block-gallery-1 is-layout-flex wp-block-gallery-is-layout-flex\">\n<figure class=\"wp-block-image size-large\"><img loading=\"lazy\" decoding=\"async\" width=\"1024\" height=\"709\" data-id=\"109\" src=\"https:\/\/blogs.donboscovolunteers.de\/diefarbenbenins\/wp-content\/uploads\/sites\/21673\/2023\/08\/flyer-doppelt-1-1024x709.jpeg\" alt=\"\" class=\"wp-image-109\" srcset=\"https:\/\/blogs.donboscovolunteers.de\/diefarbenbenins\/wp-content\/uploads\/sites\/21673\/2023\/08\/flyer-doppelt-1-1024x709.jpeg 1024w, https:\/\/blogs.donboscovolunteers.de\/diefarbenbenins\/wp-content\/uploads\/sites\/21673\/2023\/08\/flyer-doppelt-1-300x208.jpeg 300w, https:\/\/blogs.donboscovolunteers.de\/diefarbenbenins\/wp-content\/uploads\/sites\/21673\/2023\/08\/flyer-doppelt-1-768x532.jpeg 768w, https:\/\/blogs.donboscovolunteers.de\/diefarbenbenins\/wp-content\/uploads\/sites\/21673\/2023\/08\/flyer-doppelt-1-900x623.jpeg 900w, https:\/\/blogs.donboscovolunteers.de\/diefarbenbenins\/wp-content\/uploads\/sites\/21673\/2023\/08\/flyer-doppelt-1.jpeg 1080w\" sizes=\"auto, (max-width: 1024px) 100vw, 1024px\" \/><figcaption class=\"wp-element-caption\">Seite 1 und 4<\/figcaption><\/figure>\n\n\n\n<figure class=\"wp-block-image size-large\"><img loading=\"lazy\" decoding=\"async\" width=\"1024\" height=\"711\" data-id=\"110\" src=\"https:\/\/blogs.donboscovolunteers.de\/diefarbenbenins\/wp-content\/uploads\/sites\/21673\/2023\/08\/flyer-doppelt-2-1024x711.jpeg\" alt=\"\" class=\"wp-image-110\" srcset=\"https:\/\/blogs.donboscovolunteers.de\/diefarbenbenins\/wp-content\/uploads\/sites\/21673\/2023\/08\/flyer-doppelt-2-1024x711.jpeg 1024w, https:\/\/blogs.donboscovolunteers.de\/diefarbenbenins\/wp-content\/uploads\/sites\/21673\/2023\/08\/flyer-doppelt-2-300x208.jpeg 300w, https:\/\/blogs.donboscovolunteers.de\/diefarbenbenins\/wp-content\/uploads\/sites\/21673\/2023\/08\/flyer-doppelt-2-768x533.jpeg 768w, https:\/\/blogs.donboscovolunteers.de\/diefarbenbenins\/wp-content\/uploads\/sites\/21673\/2023\/08\/flyer-doppelt-2-900x625.jpeg 900w, https:\/\/blogs.donboscovolunteers.de\/diefarbenbenins\/wp-content\/uploads\/sites\/21673\/2023\/08\/flyer-doppelt-2.jpeg 1080w\" sizes=\"auto, (max-width: 1024px) 100vw, 1024px\" \/><figcaption class=\"wp-element-caption\">Seite 2 und 3<\/figcaption><\/figure>\n<figcaption class=\"blocks-gallery-caption wp-element-caption\">Dieser Flyer beschreibt nocheinmal die Einrichtung vor Ort <\/figcaption><\/figure>\n<\/div><\/div>\n<\/div><\/div>\n<\/div>\n<\/div>\n<\/div><\/div>\n\n\n\n<h2 class=\"wp-block-heading\">Jeder Betrag hilft<\/h2>\n\n\n\n<p>Ihre Spende hilft den Einrichtungen vor Ort, da somit auch im n\u00e4chsten Jahr wieder Volont\u00e4re in die Einrichtung kommen und die Arbeit der <a href=\"https:\/\/www.donboscomission.de\/don-bosco\/erbe\/\">Salesianer Don Boscos<\/a> unterst\u00fctzen k\u00f6nnen. Zudem wird auch das globale Verst\u00e4ndnis gef\u00f6rdert, durch die Erfahrungen, die man in einer fremden Umgebung macht. Somit k\u00f6nnen auch Sie dieses Projekt unterst\u00fctzen.<\/p>\n\n\n\n<p>Rund 50 Freiwillige werden jedes Jahr von Don Bosco Volunteers ins Ausland entsandt.\u00a0Hier k\u00f6nnt ihr f\u00fcr meinen Freiwilligendienst spenden: <a href=\"https:\/\/www.donboscomission.de\/volontariat\/2023\/spenden\/diefarbenbenins \">https:\/\/www.donboscomission.de\/volontariat\/2023\/spenden\/diefarbenbenins <\/a><\/p>\n\n\n<div class=\"wp-block-image\">\n<figure class=\"aligncenter size-large is-resized\"><img loading=\"lazy\" decoding=\"async\" src=\"https:\/\/blogs.donboscovolunteers.de\/diefarbenbenins\/wp-content\/uploads\/sites\/21673\/2023\/08\/Danke-1024x710.jpeg\" alt=\"\" class=\"wp-image-153\" style=\"width:489px;height:339px\" width=\"489\" height=\"339\" srcset=\"https:\/\/blogs.donboscovolunteers.de\/diefarbenbenins\/wp-content\/uploads\/sites\/21673\/2023\/08\/Danke-1024x710.jpeg 1024w, https:\/\/blogs.donboscovolunteers.de\/diefarbenbenins\/wp-content\/uploads\/sites\/21673\/2023\/08\/Danke-300x208.jpeg 300w, https:\/\/blogs.donboscovolunteers.de\/diefarbenbenins\/wp-content\/uploads\/sites\/21673\/2023\/08\/Danke-768x533.jpeg 768w, https:\/\/blogs.donboscovolunteers.de\/diefarbenbenins\/wp-content\/uploads\/sites\/21673\/2023\/08\/Danke-900x624.jpeg 900w, https:\/\/blogs.donboscovolunteers.de\/diefarbenbenins\/wp-content\/uploads\/sites\/21673\/2023\/08\/Danke.jpeg 1280w\" sizes=\"auto, (max-width: 489px) 100vw, 489px\" \/><\/figure>\n<\/div>","protected":false},"excerpt":{"rendered":"<p>Weltw\u00e4rts, was ist das? Ein entwicklungspolitischer <a href=\"https:\/\/www.donboscovolunteers.de\/\">Freiwilligendienst<\/a>, welchen ich 2023\/24 absolviere, ist offiziell anerkannt und wird \u00fcber Weltw\u00e4rts zu 75% vom Staat gef\u00f6rdert. Das hei\u00dft, dass drei Viertel aller Kosten vom Staat \u00fcbernommen werden, die restlichen 25% jedoch von der Entsendeorganisation beglichen werden m\u00fcssen. Das Bundesministerium f\u00fcr wirtschaftliche Zusammenarbeit und Entwicklung (BMZ) hat Weltw\u00e4rts gegr\u00fcndet, [&hellip;]<\/p>\n","protected":false},"author":21771,"featured_media":0,"parent":0,"menu_order":0,"comment_status":"closed","ping_status":"closed","template":"","meta":{"footnotes":""},"class_list":["post-97","page","type-page","status-publish","hentry"],"yoast_head":"<!-- This site is optimized with the Yoast SEO plugin v25.3.1 - https:\/\/yoast.com\/wordpress\/plugins\/seo\/ -->\n<title>Spenden - Die Farben Benins<\/title>\n<meta name=\"description\" content=\"Ein Entwicklungspolitischer Freiwilligendienst kostet Geld. Um nachhaltig Volont\u00e4rspl\u00e4tze erhalten zu k\u00f6nnen sind wir auf Spenden angewiesen.\" \/>\n<meta name=\"robots\" content=\"index, follow, max-snippet:-1, max-image-preview:large, max-video-preview:-1\" \/>\n<link rel=\"canonical\" href=\"https:\/\/blogs.donboscovolunteers.de\/diefarbenbenins\/spenden\/\" \/>\n<meta property=\"og:locale\" content=\"de_DE\" \/>\n<meta property=\"og:type\" content=\"article\" \/>\n<meta property=\"og:title\" content=\"Spenden - Die Farben Benins\" \/>\n<meta property=\"og:description\" content=\"Ein Entwicklungspolitischer Freiwilligendienst kostet Geld. Um nachhaltig Volont\u00e4rspl\u00e4tze erhalten zu k\u00f6nnen sind wir auf Spenden angewiesen.\" \/>\n<meta property=\"og:url\" content=\"https:\/\/blogs.donboscovolunteers.de\/diefarbenbenins\/spenden\/\" \/>\n<meta property=\"og:site_name\" content=\"Die Farben Benins\" \/>\n<meta property=\"article:modified_time\" content=\"2023-08-30T16:41:08+00:00\" \/>\n<meta property=\"og:image\" content=\"https:\/\/blogs.donboscovolunteers.de\/diefarbenbenins\/wp-content\/uploads\/sites\/21673\/2023\/08\/logo-weltwaerts-2-1024x414.jpg\" \/>\n<meta name=\"twitter:card\" content=\"summary_large_image\" \/>\n<meta name=\"twitter:label1\" content=\"Gesch\u00e4tzte Lesezeit\" \/>\n\t<meta name=\"twitter:data1\" content=\"2\u00a0Minuten\" \/>\n<script type=\"application\/ld+json\" class=\"yoast-schema-graph\">{\"@context\":\"https:\/\/schema.org\",\"@graph\":[{\"@type\":\"WebPage\",\"@id\":\"https:\/\/blogs.donboscovolunteers.de\/diefarbenbenins\/spenden\/\",\"url\":\"https:\/\/blogs.donboscovolunteers.de\/diefarbenbenins\/spenden\/\",\"name\":\"Spenden - Die Farben Benins\",\"isPartOf\":{\"@id\":\"https:\/\/blogs.donboscovolunteers.de\/diefarbenbenins\/#website\"},\"primaryImageOfPage\":{\"@id\":\"https:\/\/blogs.donboscovolunteers.de\/diefarbenbenins\/spenden\/#primaryimage\"},\"image\":{\"@id\":\"https:\/\/blogs.donboscovolunteers.de\/diefarbenbenins\/spenden\/#primaryimage\"},\"thumbnailUrl\":\"https:\/\/blogs.donboscovolunteers.de\/diefarbenbenins\/wp-content\/uploads\/sites\/21673\/2023\/08\/logo-weltwaerts-2-1024x414.jpg\",\"datePublished\":\"2023-08-02T21:49:38+00:00\",\"dateModified\":\"2023-08-30T16:41:08+00:00\",\"description\":\"Ein Entwicklungspolitischer Freiwilligendienst kostet Geld. Um nachhaltig Volont\u00e4rspl\u00e4tze erhalten zu k\u00f6nnen sind wir auf Spenden angewiesen.\",\"breadcrumb\":{\"@id\":\"https:\/\/blogs.donboscovolunteers.de\/diefarbenbenins\/spenden\/#breadcrumb\"},\"inLanguage\":\"de\",\"potentialAction\":[{\"@type\":\"ReadAction\",\"target\":[\"https:\/\/blogs.donboscovolunteers.de\/diefarbenbenins\/spenden\/\"]}]},{\"@type\":\"ImageObject\",\"inLanguage\":\"de\",\"@id\":\"https:\/\/blogs.donboscovolunteers.de\/diefarbenbenins\/spenden\/#primaryimage\",\"url\":\"https:\/\/blogs.donboscovolunteers.de\/diefarbenbenins\/wp-content\/uploads\/sites\/21673\/2023\/08\/logo-weltwaerts-2.jpg\",\"contentUrl\":\"https:\/\/blogs.donboscovolunteers.de\/diefarbenbenins\/wp-content\/uploads\/sites\/21673\/2023\/08\/logo-weltwaerts-2.jpg\",\"width\":1280,\"height\":517},{\"@type\":\"BreadcrumbList\",\"@id\":\"https:\/\/blogs.donboscovolunteers.de\/diefarbenbenins\/spenden\/#breadcrumb\",\"itemListElement\":[{\"@type\":\"ListItem\",\"position\":1,\"name\":\"Startseite\",\"item\":\"https:\/\/blogs.donboscovolunteers.de\/diefarbenbenins\/\"},{\"@type\":\"ListItem\",\"position\":2,\"name\":\"Spenden\"}]},{\"@type\":\"WebSite\",\"@id\":\"https:\/\/blogs.donboscovolunteers.de\/diefarbenbenins\/#website\",\"url\":\"https:\/\/blogs.donboscovolunteers.de\/diefarbenbenins\/\",\"name\":\"Die Farben Benins\",\"description\":\"\",\"potentialAction\":[{\"@type\":\"SearchAction\",\"target\":{\"@type\":\"EntryPoint\",\"urlTemplate\":\"https:\/\/blogs.donboscovolunteers.de\/diefarbenbenins\/?s={search_term_string}\"},\"query-input\":{\"@type\":\"PropertyValueSpecification\",\"valueRequired\":true,\"valueName\":\"search_term_string\"}}],\"inLanguage\":\"de\"}]}<\/script>\n<!-- \/ Yoast SEO plugin. -->","yoast_head_json":{"title":"Spenden - Die Farben Benins","description":"Ein Entwicklungspolitischer Freiwilligendienst kostet Geld. Um nachhaltig Volont\u00e4rspl\u00e4tze erhalten zu k\u00f6nnen sind wir auf Spenden angewiesen.","robots":{"index":"index","follow":"follow","max-snippet":"max-snippet:-1","max-image-preview":"max-image-preview:large","max-video-preview":"max-video-preview:-1"},"canonical":"https:\/\/blogs.donboscovolunteers.de\/diefarbenbenins\/spenden\/","og_locale":"de_DE","og_type":"article","og_title":"Spenden - Die Farben Benins","og_description":"Ein Entwicklungspolitischer Freiwilligendienst kostet Geld. Um nachhaltig Volont\u00e4rspl\u00e4tze erhalten zu k\u00f6nnen sind wir auf Spenden angewiesen.","og_url":"https:\/\/blogs.donboscovolunteers.de\/diefarbenbenins\/spenden\/","og_site_name":"Die Farben Benins","article_modified_time":"2023-08-30T16:41:08+00:00","og_image":[{"url":"https:\/\/blogs.donboscovolunteers.de\/diefarbenbenins\/wp-content\/uploads\/sites\/21673\/2023\/08\/logo-weltwaerts-2-1024x414.jpg","type":"","width":"","height":""}],"twitter_card":"summary_large_image","twitter_misc":{"Gesch\u00e4tzte Lesezeit":"2\u00a0Minuten"},"schema":{"@context":"https:\/\/schema.org","@graph":[{"@type":"WebPage","@id":"https:\/\/blogs.donboscovolunteers.de\/diefarbenbenins\/spenden\/","url":"https:\/\/blogs.donboscovolunteers.de\/diefarbenbenins\/spenden\/","name":"Spenden - Die Farben Benins","isPartOf":{"@id":"https:\/\/blogs.donboscovolunteers.de\/diefarbenbenins\/#website"},"primaryImageOfPage":{"@id":"https:\/\/blogs.donboscovolunteers.de\/diefarbenbenins\/spenden\/#primaryimage"},"image":{"@id":"https:\/\/blogs.donboscovolunteers.de\/diefarbenbenins\/spenden\/#primaryimage"},"thumbnailUrl":"https:\/\/blogs.donboscovolunteers.de\/diefarbenbenins\/wp-content\/uploads\/sites\/21673\/2023\/08\/logo-weltwaerts-2-1024x414.jpg","datePublished":"2023-08-02T21:49:38+00:00","dateModified":"2023-08-30T16:41:08+00:00","description":"Ein Entwicklungspolitischer Freiwilligendienst kostet Geld. Um nachhaltig Volont\u00e4rspl\u00e4tze erhalten zu k\u00f6nnen sind wir auf Spenden angewiesen.","breadcrumb":{"@id":"https:\/\/blogs.donboscovolunteers.de\/diefarbenbenins\/spenden\/#breadcrumb"},"inLanguage":"de","potentialAction":[{"@type":"ReadAction","target":["https:\/\/blogs.donboscovolunteers.de\/diefarbenbenins\/spenden\/"]}]},{"@type":"ImageObject","inLanguage":"de","@id":"https:\/\/blogs.donboscovolunteers.de\/diefarbenbenins\/spenden\/#primaryimage","url":"https:\/\/blogs.donboscovolunteers.de\/diefarbenbenins\/wp-content\/uploads\/sites\/21673\/2023\/08\/logo-weltwaerts-2.jpg","contentUrl":"https:\/\/blogs.donboscovolunteers.de\/diefarbenbenins\/wp-content\/uploads\/sites\/21673\/2023\/08\/logo-weltwaerts-2.jpg","width":1280,"height":517},{"@type":"BreadcrumbList","@id":"https:\/\/blogs.donboscovolunteers.de\/diefarbenbenins\/spenden\/#breadcrumb","itemListElement":[{"@type":"ListItem","position":1,"name":"Startseite","item":"https:\/\/blogs.donboscovolunteers.de\/diefarbenbenins\/"},{"@type":"ListItem","position":2,"name":"Spenden"}]},{"@type":"WebSite","@id":"https:\/\/blogs.donboscovolunteers.de\/diefarbenbenins\/#website","url":"https:\/\/blogs.donboscovolunteers.de\/diefarbenbenins\/","name":"Die Farben Benins","description":"","potentialAction":[{"@type":"SearchAction","target":{"@type":"EntryPoint","urlTemplate":"https:\/\/blogs.donboscovolunteers.de\/diefarbenbenins\/?s={search_term_string}"},"query-input":{"@type":"PropertyValueSpecification","valueRequired":true,"valueName":"search_term_string"}}],"inLanguage":"de"}]}},"_links":{"self":[{"href":"https:\/\/blogs.donboscovolunteers.de\/diefarbenbenins\/wp-json\/wp\/v2\/pages\/97","targetHints":{"allow":["GET"]}}],"collection":[{"href":"https:\/\/blogs.donboscovolunteers.de\/diefarbenbenins\/wp-json\/wp\/v2\/pages"}],"about":[{"href":"https:\/\/blogs.donboscovolunteers.de\/diefarbenbenins\/wp-json\/wp\/v2\/types\/page"}],"author":[{"embeddable":true,"href":"https:\/\/blogs.donboscovolunteers.de\/diefarbenbenins\/wp-json\/wp\/v2\/users\/21771"}],"replies":[{"embeddable":true,"href":"https:\/\/blogs.donboscovolunteers.de\/diefarbenbenins\/wp-json\/wp\/v2\/comments?post=97"}],"version-history":[{"count":21,"href":"https:\/\/blogs.donboscovolunteers.de\/diefarbenbenins\/wp-json\/wp\/v2\/pages\/97\/revisions"}],"predecessor-version":[{"id":166,"href":"https:\/\/blogs.donboscovolunteers.de\/diefarbenbenins\/wp-json\/wp\/v2\/pages\/97\/revisions\/166"}],"wp:attachment":[{"href":"https:\/\/blogs.donboscovolunteers.de\/diefarbenbenins\/wp-json\/wp\/v2\/media?parent=97"}],"curies":[{"name":"wp","href":"https:\/\/api.w.org\/{rel}","templated":true}]}}