{"id":24,"date":"2017-07-27T14:09:00","date_gmt":"2017-07-27T12:09:00","guid":{"rendered":"https:\/\/blogs.donboscovolunteers.de\/denisinmoldawien\/?page_id=24"},"modified":"2017-09-07T11:55:18","modified_gmt":"2017-09-07T09:55:18","slug":"spenden","status":"publish","type":"page","link":"https:\/\/blogs.donboscovolunteers.de\/denisinmoldawien\/spenden\/","title":{"rendered":"Spenden"},"content":{"rendered":"<p>Die Spendengelder, die sie \u00fcberweisen landen direkt bei mir. Sie werden zum einen zur Deckung der Kosten verwendet, die ich selbst verursache (Lebensmittel, Strom, Wasser, etc.) zum anderen flie\u00dfen sie direkt ins Projekt vor Ort. Mit ihren Spenden steht mir damit auch die M\u00f6glichkeit offen, selbst Aktionen f\u00fcr die Kinder in Chisinau zu starten oder damit die laufenden Kosten des Waisenhauses und des Oratoriums in Chisinau zu unterst\u00fctzen.<\/p>\n<p>\u00dcber Ihre Unterst\u00fctzung bin ich sehr dankbar.<\/p>\n<p><script src=\"https:\/\/api.spendino.de\/admanager\/forms\/display\/1711\"><\/script><\/p>\n<p><a href=\"https:\/\/www.donboscomission.de\/don-bosco\/\">DON BOSCO<\/a> MISSION<\/p>\n<p>LIGA BANK M\u00dcNCHEN<\/p>\n<p>IBAN: DE66 7509 0300 0102 1418 76<\/p>\n<p>BIC: GENODEF1M05<\/p>\n<p>Verwendungszweck: \u201eDenis Bischof, R511739 \u201c<\/p>\n<p>&nbsp;<\/p>\n<p>F\u00fcr den Erhalt eines Spendenbescheids bitte Adresse mit angeben<\/p>\n","protected":false},"excerpt":{"rendered":"<p>Die Spendengelder, die sie \u00fcberweisen landen direkt bei mir. Sie werden zum einen zur Deckung der Kosten verwendet, die ich selbst verursache (Lebensmittel, Strom, Wasser, etc.) zum anderen flie\u00dfen sie direkt ins Projekt vor Ort. Mit ihren Spenden steht mir damit auch die M\u00f6glichkeit offen, selbst Aktionen f\u00fcr die Kinder in Chisinau zu starten oder [&hellip;]<\/p>\n","protected":false},"author":21542,"featured_media":0,"parent":0,"menu_order":0,"comment_status":"closed","ping_status":"closed","template":"","meta":{"footnotes":""},"class_list":["post-24","page","type-page","status-publish","hentry"],"yoast_head":"<!-- This site is optimized with the Yoast SEO plugin v25.3.1 - https:\/\/yoast.com\/wordpress\/plugins\/seo\/ -->\n<title>Spenden - Mit Don Bosco f\u00fcr die Kinder dieser Welt<\/title>\n<meta name=\"robots\" content=\"index, follow, max-snippet:-1, max-image-preview:large, max-video-preview:-1\" \/>\n<link rel=\"canonical\" href=\"https:\/\/blogs.donboscovolunteers.de\/denisinmoldawien\/spenden\/\" \/>\n<meta property=\"og:locale\" content=\"de_DE\" \/>\n<meta property=\"og:type\" content=\"article\" \/>\n<meta property=\"og:title\" content=\"Spenden - Mit Don Bosco f\u00fcr die Kinder dieser Welt\" \/>\n<meta property=\"og:description\" content=\"Die Spendengelder, die sie \u00fcberweisen landen direkt bei mir. Sie werden zum einen zur Deckung der Kosten verwendet, die ich selbst verursache (Lebensmittel, Strom, Wasser, etc.) zum anderen flie\u00dfen sie direkt ins Projekt vor Ort. Mit ihren Spenden steht mir damit auch die M\u00f6glichkeit offen, selbst Aktionen f\u00fcr die Kinder in Chisinau zu starten oder [&hellip;]\" \/>\n<meta property=\"og:url\" content=\"https:\/\/blogs.donboscovolunteers.de\/denisinmoldawien\/spenden\/\" \/>\n<meta property=\"og:site_name\" content=\"Mit Don Bosco f\u00fcr die Kinder dieser Welt\" \/>\n<meta property=\"article:modified_time\" content=\"2017-09-07T09:55:18+00:00\" \/>\n<meta name=\"twitter:card\" content=\"summary_large_image\" \/>\n<meta name=\"twitter:label1\" content=\"Gesch\u00e4tzte Lesezeit\" \/>\n\t<meta name=\"twitter:data1\" content=\"1\u00a0Minute\" \/>\n<script type=\"application\/ld+json\" class=\"yoast-schema-graph\">{\"@context\":\"https:\/\/schema.org\",\"@graph\":[{\"@type\":\"WebPage\",\"@id\":\"https:\/\/blogs.donboscovolunteers.de\/denisinmoldawien\/spenden\/\",\"url\":\"https:\/\/blogs.donboscovolunteers.de\/denisinmoldawien\/spenden\/\",\"name\":\"Spenden - Mit Don Bosco f\u00fcr die Kinder dieser Welt\",\"isPartOf\":{\"@id\":\"https:\/\/blogs.donboscovolunteers.de\/denisinmoldawien\/#website\"},\"datePublished\":\"2017-07-27T12:09:00+00:00\",\"dateModified\":\"2017-09-07T09:55:18+00:00\",\"breadcrumb\":{\"@id\":\"https:\/\/blogs.donboscovolunteers.de\/denisinmoldawien\/spenden\/#breadcrumb\"},\"inLanguage\":\"de\",\"potentialAction\":[{\"@type\":\"ReadAction\",\"target\":[\"https:\/\/blogs.donboscovolunteers.de\/denisinmoldawien\/spenden\/\"]}]},{\"@type\":\"BreadcrumbList\",\"@id\":\"https:\/\/blogs.donboscovolunteers.de\/denisinmoldawien\/spenden\/#breadcrumb\",\"itemListElement\":[{\"@type\":\"ListItem\",\"position\":1,\"name\":\"Startseite\",\"item\":\"https:\/\/blogs.donboscovolunteers.de\/denisinmoldawien\/\"},{\"@type\":\"ListItem\",\"position\":2,\"name\":\"Spenden\"}]},{\"@type\":\"WebSite\",\"@id\":\"https:\/\/blogs.donboscovolunteers.de\/denisinmoldawien\/#website\",\"url\":\"https:\/\/blogs.donboscovolunteers.de\/denisinmoldawien\/\",\"name\":\"Mit Don Bosco f\u00fcr die Kinder dieser Welt\",\"description\":\"Denis in Moldawien\",\"potentialAction\":[{\"@type\":\"SearchAction\",\"target\":{\"@type\":\"EntryPoint\",\"urlTemplate\":\"https:\/\/blogs.donboscovolunteers.de\/denisinmoldawien\/?s={search_term_string}\"},\"query-input\":{\"@type\":\"PropertyValueSpecification\",\"valueRequired\":true,\"valueName\":\"search_term_string\"}}],\"inLanguage\":\"de\"}]}<\/script>\n<!-- \/ Yoast SEO plugin. -->","yoast_head_json":{"title":"Spenden - Mit Don Bosco f\u00fcr die Kinder dieser Welt","robots":{"index":"index","follow":"follow","max-snippet":"max-snippet:-1","max-image-preview":"max-image-preview:large","max-video-preview":"max-video-preview:-1"},"canonical":"https:\/\/blogs.donboscovolunteers.de\/denisinmoldawien\/spenden\/","og_locale":"de_DE","og_type":"article","og_title":"Spenden - Mit Don Bosco f\u00fcr die Kinder dieser Welt","og_description":"Die Spendengelder, die sie \u00fcberweisen landen direkt bei mir. Sie werden zum einen zur Deckung der Kosten verwendet, die ich selbst verursache (Lebensmittel, Strom, Wasser, etc.) zum anderen flie\u00dfen sie direkt ins Projekt vor Ort. Mit ihren Spenden steht mir damit auch die M\u00f6glichkeit offen, selbst Aktionen f\u00fcr die Kinder in Chisinau zu starten oder [&hellip;]","og_url":"https:\/\/blogs.donboscovolunteers.de\/denisinmoldawien\/spenden\/","og_site_name":"Mit Don Bosco f\u00fcr die Kinder dieser Welt","article_modified_time":"2017-09-07T09:55:18+00:00","twitter_card":"summary_large_image","twitter_misc":{"Gesch\u00e4tzte Lesezeit":"1\u00a0Minute"},"schema":{"@context":"https:\/\/schema.org","@graph":[{"@type":"WebPage","@id":"https:\/\/blogs.donboscovolunteers.de\/denisinmoldawien\/spenden\/","url":"https:\/\/blogs.donboscovolunteers.de\/denisinmoldawien\/spenden\/","name":"Spenden - Mit Don Bosco f\u00fcr die Kinder dieser Welt","isPartOf":{"@id":"https:\/\/blogs.donboscovolunteers.de\/denisinmoldawien\/#website"},"datePublished":"2017-07-27T12:09:00+00:00","dateModified":"2017-09-07T09:55:18+00:00","breadcrumb":{"@id":"https:\/\/blogs.donboscovolunteers.de\/denisinmoldawien\/spenden\/#breadcrumb"},"inLanguage":"de","potentialAction":[{"@type":"ReadAction","target":["https:\/\/blogs.donboscovolunteers.de\/denisinmoldawien\/spenden\/"]}]},{"@type":"BreadcrumbList","@id":"https:\/\/blogs.donboscovolunteers.de\/denisinmoldawien\/spenden\/#breadcrumb","itemListElement":[{"@type":"ListItem","position":1,"name":"Startseite","item":"https:\/\/blogs.donboscovolunteers.de\/denisinmoldawien\/"},{"@type":"ListItem","position":2,"name":"Spenden"}]},{"@type":"WebSite","@id":"https:\/\/blogs.donboscovolunteers.de\/denisinmoldawien\/#website","url":"https:\/\/blogs.donboscovolunteers.de\/denisinmoldawien\/","name":"Mit Don Bosco f\u00fcr die Kinder dieser Welt","description":"Denis in Moldawien","potentialAction":[{"@type":"SearchAction","target":{"@type":"EntryPoint","urlTemplate":"https:\/\/blogs.donboscovolunteers.de\/denisinmoldawien\/?s={search_term_string}"},"query-input":{"@type":"PropertyValueSpecification","valueRequired":true,"valueName":"search_term_string"}}],"inLanguage":"de"}]}},"_links":{"self":[{"href":"https:\/\/blogs.donboscovolunteers.de\/denisinmoldawien\/wp-json\/wp\/v2\/pages\/24","targetHints":{"allow":["GET"]}}],"collection":[{"href":"https:\/\/blogs.donboscovolunteers.de\/denisinmoldawien\/wp-json\/wp\/v2\/pages"}],"about":[{"href":"https:\/\/blogs.donboscovolunteers.de\/denisinmoldawien\/wp-json\/wp\/v2\/types\/page"}],"author":[{"embeddable":true,"href":"https:\/\/blogs.donboscovolunteers.de\/denisinmoldawien\/wp-json\/wp\/v2\/users\/21542"}],"replies":[{"embeddable":true,"href":"https:\/\/blogs.donboscovolunteers.de\/denisinmoldawien\/wp-json\/wp\/v2\/comments?post=24"}],"version-history":[{"count":4,"href":"https:\/\/blogs.donboscovolunteers.de\/denisinmoldawien\/wp-json\/wp\/v2\/pages\/24\/revisions"}],"predecessor-version":[{"id":67,"href":"https:\/\/blogs.donboscovolunteers.de\/denisinmoldawien\/wp-json\/wp\/v2\/pages\/24\/revisions\/67"}],"wp:attachment":[{"href":"https:\/\/blogs.donboscovolunteers.de\/denisinmoldawien\/wp-json\/wp\/v2\/media?parent=24"}],"curies":[{"name":"wp","href":"https:\/\/api.w.org\/{rel}","templated":true}]}}