{"id":14,"date":"2017-07-27T14:01:06","date_gmt":"2017-07-27T12:01:06","guid":{"rendered":"https:\/\/blogs.donboscovolunteers.de\/denisinmoldawien\/?page_id=14"},"modified":"2017-12-28T10:07:06","modified_gmt":"2017-12-28T09:07:06","slug":"ueber-mich","status":"publish","type":"page","link":"https:\/\/blogs.donboscovolunteers.de\/denisinmoldawien\/ueber-mich\/","title":{"rendered":"\u00dcber mich"},"content":{"rendered":"<p>Liebe Leser, wenn ihr ein bisschen mehr \u00fcber mich erfahren wollt, seid ihr hier genau richtig:<\/p>\n<p>Mein Name ist Denis Bischof, 18 Jahre alt und ich mache mich am 2. September 2017 von O\u00dfweil, in der N\u00e4he von Stuttgart, auf den Weg nach <a href=\"https:\/\/multimedia.strassenkinder.de\/moldawien\">Moldawien<\/a>. Berufsbezeichnung: <a href=\"http:\/\/www.donboscovolunteers.de\/\">Don Bosco Volunteer<\/a>.<\/p>\n<p>In meiner Freizeit mache ich regelm\u00e4\u00dfig Judo, ich wandere gerne, lese (am liebsten Historisches und Fantasy) und schreibe und genie\u00dfe hin und wieder gem\u00fctliche Abende mit Freunden oder der Familie und irgendwo im Hintergrund l\u00e4uft dann meistens noch ein Metal oder Rockalbum.<\/p>\n<p>In den letzten Jahren habe ich dabei auch zuf\u00e4llig meine Begeisterung f\u00fcr die Arbeit mit Kindern und Jugendlichen entdeckt, so dass ich mich zun\u00e4chst in unserer Gemeinde <a href=\"https:\/\/de-de.facebook.com\/jugendstpaulus\/\">St. Paulus <\/a>ehrenamtlich bei <a href=\"http:\/\/www.zeltlager-paulus.de\/\">Zeltlagern<\/a> und Co. und jetzt in meinem <a href=\"https:\/\/www.donboscovolunteers.de\/\">Freiwilligendienst<\/a> bei den Salesianern Don Boscos leidenschaftlich daf\u00fcr engagiere.<\/p>\n<p><a href=\"https:\/\/blogs.donboscovolunteers.de\/denisinmoldawien\/wp-content\/uploads\/sites\/21491\/2017\/07\/P1050669.jpg\"><img loading=\"lazy\" decoding=\"async\" class=\"aligncenter size-large wp-image-37\" src=\"https:\/\/blogs.donboscovolunteers.de\/denisinmoldawien\/wp-content\/uploads\/sites\/21491\/2017\/07\/P1050669-575x1024.jpg\" alt=\"\" width=\"575\" height=\"1024\" srcset=\"https:\/\/blogs.donboscovolunteers.de\/denisinmoldawien\/wp-content\/uploads\/sites\/21491\/2017\/07\/P1050669-575x1024.jpg 575w, https:\/\/blogs.donboscovolunteers.de\/denisinmoldawien\/wp-content\/uploads\/sites\/21491\/2017\/07\/P1050669-169x300.jpg 169w, https:\/\/blogs.donboscovolunteers.de\/denisinmoldawien\/wp-content\/uploads\/sites\/21491\/2017\/07\/P1050669.jpg 719w\" sizes=\"auto, (max-width: 575px) 100vw, 575px\" \/><\/a><\/p>\n<p>Falls noch Fragen bleiben, ihr gerne per Rundmail von mir erfahren m\u00f6chtet oder mir einen kleinen Wunsch mitgeben m\u00f6chtet, k\u00f6nnt ihr mich gerne jederzeit kontaktieren: denis.bischof1998@googlemail.com<\/p>\n<p>&nbsp;<\/p>\n<p>&nbsp;<\/p>\n","protected":false},"excerpt":{"rendered":"<p>Liebe Leser, wenn ihr ein bisschen mehr \u00fcber mich erfahren wollt, seid ihr hier genau richtig: Mein Name ist Denis Bischof, 18 Jahre alt und ich mache mich am 2. September 2017 von O\u00dfweil, in der N\u00e4he von Stuttgart, auf den Weg nach <a href=\"https:\/\/multimedia.strassenkinder.de\/moldawien\">Moldawien<\/a>. Berufsbezeichnung: <a href=\"https:\/\/www.donboscomission.de\/don-bosco\/\">Don Bosco<\/a> Volunteer. In meiner Freizeit mache ich regelm\u00e4\u00dfig Judo, [&hellip;]<\/p>\n","protected":false},"author":21542,"featured_media":0,"parent":0,"menu_order":0,"comment_status":"closed","ping_status":"closed","template":"","meta":{"footnotes":""},"class_list":["post-14","page","type-page","status-publish","hentry"],"yoast_head":"<!-- This site is optimized with the Yoast SEO plugin v25.3.1 - https:\/\/yoast.com\/wordpress\/plugins\/seo\/ -->\n<title>\u00dcber mich - Mit Don Bosco f\u00fcr die Kinder dieser Welt<\/title>\n<meta name=\"robots\" content=\"index, follow, max-snippet:-1, max-image-preview:large, max-video-preview:-1\" \/>\n<link rel=\"canonical\" href=\"https:\/\/blogs.donboscovolunteers.de\/denisinmoldawien\/ueber-mich\/\" \/>\n<meta property=\"og:locale\" content=\"de_DE\" \/>\n<meta property=\"og:type\" content=\"article\" \/>\n<meta property=\"og:title\" content=\"\u00dcber mich - Mit Don Bosco f\u00fcr die Kinder dieser Welt\" \/>\n<meta property=\"og:description\" content=\"Liebe Leser, wenn ihr ein bisschen mehr \u00fcber mich erfahren wollt, seid ihr hier genau richtig: Mein Name ist Denis Bischof, 18 Jahre alt und ich mache mich am 2. September 2017 von O\u00dfweil, in der N\u00e4he von Stuttgart, auf den Weg nach Moldawien. Berufsbezeichnung: Don Bosco Volunteer. In meiner Freizeit mache ich regelm\u00e4\u00dfig Judo, [&hellip;]\" \/>\n<meta property=\"og:url\" content=\"https:\/\/blogs.donboscovolunteers.de\/denisinmoldawien\/ueber-mich\/\" \/>\n<meta property=\"og:site_name\" content=\"Mit Don Bosco f\u00fcr die Kinder dieser Welt\" \/>\n<meta property=\"article:modified_time\" content=\"2017-12-28T09:07:06+00:00\" \/>\n<meta property=\"og:image\" content=\"https:\/\/blogs.donboscovolunteers.de\/denisinmoldawien\/wp-content\/uploads\/sites\/21491\/2017\/07\/P1050669-575x1024.jpg\" \/>\n<meta name=\"twitter:card\" content=\"summary_large_image\" \/>\n<meta name=\"twitter:label1\" content=\"Gesch\u00e4tzte Lesezeit\" \/>\n\t<meta name=\"twitter:data1\" content=\"1\u00a0Minute\" \/>\n<script type=\"application\/ld+json\" class=\"yoast-schema-graph\">{\"@context\":\"https:\/\/schema.org\",\"@graph\":[{\"@type\":\"WebPage\",\"@id\":\"https:\/\/blogs.donboscovolunteers.de\/denisinmoldawien\/ueber-mich\/\",\"url\":\"https:\/\/blogs.donboscovolunteers.de\/denisinmoldawien\/ueber-mich\/\",\"name\":\"\u00dcber mich - Mit Don Bosco f\u00fcr die Kinder dieser Welt\",\"isPartOf\":{\"@id\":\"https:\/\/blogs.donboscovolunteers.de\/denisinmoldawien\/#website\"},\"primaryImageOfPage\":{\"@id\":\"https:\/\/blogs.donboscovolunteers.de\/denisinmoldawien\/ueber-mich\/#primaryimage\"},\"image\":{\"@id\":\"https:\/\/blogs.donboscovolunteers.de\/denisinmoldawien\/ueber-mich\/#primaryimage\"},\"thumbnailUrl\":\"https:\/\/blogs.donboscovolunteers.de\/denisinmoldawien\/wp-content\/uploads\/sites\/21491\/2017\/07\/P1050669-575x1024.jpg\",\"datePublished\":\"2017-07-27T12:01:06+00:00\",\"dateModified\":\"2017-12-28T09:07:06+00:00\",\"breadcrumb\":{\"@id\":\"https:\/\/blogs.donboscovolunteers.de\/denisinmoldawien\/ueber-mich\/#breadcrumb\"},\"inLanguage\":\"de\",\"potentialAction\":[{\"@type\":\"ReadAction\",\"target\":[\"https:\/\/blogs.donboscovolunteers.de\/denisinmoldawien\/ueber-mich\/\"]}]},{\"@type\":\"ImageObject\",\"inLanguage\":\"de\",\"@id\":\"https:\/\/blogs.donboscovolunteers.de\/denisinmoldawien\/ueber-mich\/#primaryimage\",\"url\":\"https:\/\/blogs.donboscovolunteers.de\/denisinmoldawien\/wp-content\/uploads\/sites\/21491\/2017\/07\/P1050669.jpg\",\"contentUrl\":\"https:\/\/blogs.donboscovolunteers.de\/denisinmoldawien\/wp-content\/uploads\/sites\/21491\/2017\/07\/P1050669.jpg\",\"width\":719,\"height\":1280},{\"@type\":\"BreadcrumbList\",\"@id\":\"https:\/\/blogs.donboscovolunteers.de\/denisinmoldawien\/ueber-mich\/#breadcrumb\",\"itemListElement\":[{\"@type\":\"ListItem\",\"position\":1,\"name\":\"Startseite\",\"item\":\"https:\/\/blogs.donboscovolunteers.de\/denisinmoldawien\/\"},{\"@type\":\"ListItem\",\"position\":2,\"name\":\"\u00dcber mich\"}]},{\"@type\":\"WebSite\",\"@id\":\"https:\/\/blogs.donboscovolunteers.de\/denisinmoldawien\/#website\",\"url\":\"https:\/\/blogs.donboscovolunteers.de\/denisinmoldawien\/\",\"name\":\"Mit Don Bosco f\u00fcr die Kinder dieser Welt\",\"description\":\"Denis in Moldawien\",\"potentialAction\":[{\"@type\":\"SearchAction\",\"target\":{\"@type\":\"EntryPoint\",\"urlTemplate\":\"https:\/\/blogs.donboscovolunteers.de\/denisinmoldawien\/?s={search_term_string}\"},\"query-input\":{\"@type\":\"PropertyValueSpecification\",\"valueRequired\":true,\"valueName\":\"search_term_string\"}}],\"inLanguage\":\"de\"}]}<\/script>\n<!-- \/ Yoast SEO plugin. -->","yoast_head_json":{"title":"\u00dcber mich - Mit Don Bosco f\u00fcr die Kinder dieser Welt","robots":{"index":"index","follow":"follow","max-snippet":"max-snippet:-1","max-image-preview":"max-image-preview:large","max-video-preview":"max-video-preview:-1"},"canonical":"https:\/\/blogs.donboscovolunteers.de\/denisinmoldawien\/ueber-mich\/","og_locale":"de_DE","og_type":"article","og_title":"\u00dcber mich - Mit Don Bosco f\u00fcr die Kinder dieser Welt","og_description":"Liebe Leser, wenn ihr ein bisschen mehr \u00fcber mich erfahren wollt, seid ihr hier genau richtig: Mein Name ist Denis Bischof, 18 Jahre alt und ich mache mich am 2. September 2017 von O\u00dfweil, in der N\u00e4he von Stuttgart, auf den Weg nach Moldawien. Berufsbezeichnung: Don Bosco Volunteer. In meiner Freizeit mache ich regelm\u00e4\u00dfig Judo, [&hellip;]","og_url":"https:\/\/blogs.donboscovolunteers.de\/denisinmoldawien\/ueber-mich\/","og_site_name":"Mit Don Bosco f\u00fcr die Kinder dieser Welt","article_modified_time":"2017-12-28T09:07:06+00:00","og_image":[{"url":"https:\/\/blogs.donboscovolunteers.de\/denisinmoldawien\/wp-content\/uploads\/sites\/21491\/2017\/07\/P1050669-575x1024.jpg","type":"","width":"","height":""}],"twitter_card":"summary_large_image","twitter_misc":{"Gesch\u00e4tzte Lesezeit":"1\u00a0Minute"},"schema":{"@context":"https:\/\/schema.org","@graph":[{"@type":"WebPage","@id":"https:\/\/blogs.donboscovolunteers.de\/denisinmoldawien\/ueber-mich\/","url":"https:\/\/blogs.donboscovolunteers.de\/denisinmoldawien\/ueber-mich\/","name":"\u00dcber mich - Mit Don Bosco f\u00fcr die Kinder dieser Welt","isPartOf":{"@id":"https:\/\/blogs.donboscovolunteers.de\/denisinmoldawien\/#website"},"primaryImageOfPage":{"@id":"https:\/\/blogs.donboscovolunteers.de\/denisinmoldawien\/ueber-mich\/#primaryimage"},"image":{"@id":"https:\/\/blogs.donboscovolunteers.de\/denisinmoldawien\/ueber-mich\/#primaryimage"},"thumbnailUrl":"https:\/\/blogs.donboscovolunteers.de\/denisinmoldawien\/wp-content\/uploads\/sites\/21491\/2017\/07\/P1050669-575x1024.jpg","datePublished":"2017-07-27T12:01:06+00:00","dateModified":"2017-12-28T09:07:06+00:00","breadcrumb":{"@id":"https:\/\/blogs.donboscovolunteers.de\/denisinmoldawien\/ueber-mich\/#breadcrumb"},"inLanguage":"de","potentialAction":[{"@type":"ReadAction","target":["https:\/\/blogs.donboscovolunteers.de\/denisinmoldawien\/ueber-mich\/"]}]},{"@type":"ImageObject","inLanguage":"de","@id":"https:\/\/blogs.donboscovolunteers.de\/denisinmoldawien\/ueber-mich\/#primaryimage","url":"https:\/\/blogs.donboscovolunteers.de\/denisinmoldawien\/wp-content\/uploads\/sites\/21491\/2017\/07\/P1050669.jpg","contentUrl":"https:\/\/blogs.donboscovolunteers.de\/denisinmoldawien\/wp-content\/uploads\/sites\/21491\/2017\/07\/P1050669.jpg","width":719,"height":1280},{"@type":"BreadcrumbList","@id":"https:\/\/blogs.donboscovolunteers.de\/denisinmoldawien\/ueber-mich\/#breadcrumb","itemListElement":[{"@type":"ListItem","position":1,"name":"Startseite","item":"https:\/\/blogs.donboscovolunteers.de\/denisinmoldawien\/"},{"@type":"ListItem","position":2,"name":"\u00dcber mich"}]},{"@type":"WebSite","@id":"https:\/\/blogs.donboscovolunteers.de\/denisinmoldawien\/#website","url":"https:\/\/blogs.donboscovolunteers.de\/denisinmoldawien\/","name":"Mit Don Bosco f\u00fcr die Kinder dieser Welt","description":"Denis in Moldawien","potentialAction":[{"@type":"SearchAction","target":{"@type":"EntryPoint","urlTemplate":"https:\/\/blogs.donboscovolunteers.de\/denisinmoldawien\/?s={search_term_string}"},"query-input":{"@type":"PropertyValueSpecification","valueRequired":true,"valueName":"search_term_string"}}],"inLanguage":"de"}]}},"_links":{"self":[{"href":"https:\/\/blogs.donboscovolunteers.de\/denisinmoldawien\/wp-json\/wp\/v2\/pages\/14","targetHints":{"allow":["GET"]}}],"collection":[{"href":"https:\/\/blogs.donboscovolunteers.de\/denisinmoldawien\/wp-json\/wp\/v2\/pages"}],"about":[{"href":"https:\/\/blogs.donboscovolunteers.de\/denisinmoldawien\/wp-json\/wp\/v2\/types\/page"}],"author":[{"embeddable":true,"href":"https:\/\/blogs.donboscovolunteers.de\/denisinmoldawien\/wp-json\/wp\/v2\/users\/21542"}],"replies":[{"embeddable":true,"href":"https:\/\/blogs.donboscovolunteers.de\/denisinmoldawien\/wp-json\/wp\/v2\/comments?post=14"}],"version-history":[{"count":11,"href":"https:\/\/blogs.donboscovolunteers.de\/denisinmoldawien\/wp-json\/wp\/v2\/pages\/14\/revisions"}],"predecessor-version":[{"id":108,"href":"https:\/\/blogs.donboscovolunteers.de\/denisinmoldawien\/wp-json\/wp\/v2\/pages\/14\/revisions\/108"}],"wp:attachment":[{"href":"https:\/\/blogs.donboscovolunteers.de\/denisinmoldawien\/wp-json\/wp\/v2\/media?parent=14"}],"curies":[{"name":"wp","href":"https:\/\/api.w.org\/{rel}","templated":true}]}}