{"id":135,"date":"2018-04-07T17:27:02","date_gmt":"2018-04-07T15:27:02","guid":{"rendered":"https:\/\/blogs.donboscovolunteers.de\/denisinmoldawien\/?page_id=135"},"modified":"2018-04-07T18:04:08","modified_gmt":"2018-04-07T16:04:08","slug":"reise-reise","status":"publish","type":"page","link":"https:\/\/blogs.donboscovolunteers.de\/denisinmoldawien\/reise-reise\/","title":{"rendered":"Reise, Reise"},"content":{"rendered":"<p><strong>Vorwort zur Rubrik Reise, Reise &#8211; Sch\u00e4tze Moldawiens<\/strong><\/p>\n<p>In dieser Rubrik m\u00f6chte ich euch nach und nach die Sehensw\u00fcrdigkeiten und sch\u00f6nsten Reiseziele innerhalb Moldawiens vorstellen. Das Land gilt bislang als touristisch unbegehrtestes Reiseziel innerhalb Europas \u00fcberhaupt. Vielleicht gelingt es dieser Seite dem ein oder anderen Lust zu machen dieses unbekannte &#8211; ja manchmal auch r\u00fcckst\u00e4ndige Land &#8211; selbst zu entdecken. Und da bislang nur sehr wenig Material daf\u00fcr bereitsteht (wenn \u00fcberhaupt gebuchte Touren) m\u00f6chte ich euch hier eine kleine Hilfestellung f\u00fcr &#8222;<a href=\"https:\/\/multimedia.strassenkinder.de\/moldawien\">Moldawien<\/a> auf eigene Faust&#8220; geben.<\/p>\n<p>Das Land zwischen den Fl\u00fcssen Nistru und Pruth ist fruchtbar und war zu Zeiten der Sowjetunion deren Kornkammer. Es findet sich daher eine reiche Anzahl an Feldern, vor allem f\u00fcr Buchweizen, sowie international bekannte Wein- und Walnussanbaugebiete, f\u00fcr die Moldawien innerhalb Europas Hauptexporteur ist. Industrie und Gro\u00dfst\u00e4dte gibt es kaum. Abseits der Hauptstadt finden sich Kl\u00f6ster und D\u00f6rfer, in denen noch Wasser vom Brunnen geholt wird, Pferdekutschen die Traktoren ersetzen und H\u00fchner frei auf den staubigen Stra\u00dfen laufen. Neben diesen l\u00e4ndlichen, uralten Erfahrungen die man beim Besuch der D\u00f6rfer mitnimmt, bietet das h\u00fcgelige Land die M\u00f6glichkeit ausgedehnte Waldgebiete und abgelegene Kl\u00f6ster zu durchstreifen. Die Moldawier sind f\u00fcr gew\u00f6hnlich sehr offen und lassen sich gerne in ein Gespr\u00e4ch verwickeln, sind dem Englisch jedoch nur selten m\u00e4chtig. Wer nicht rum\u00e4nisch oder russisch spricht, hat leider oftmals verloren.<\/p>\n<p>Sind die D\u00f6rfer ruhig und urspr\u00fcnglich, zeigen die Gro\u00dfst\u00e4dte Chisinau und Tiraspol noch immer die lebendige Geschichte der Sowjetunion. Die alten Plattenbauten und die \u00f6ffentlichen Verkehrsmittel sind noch immer die selben wie zu Stalins Zeiten. Daneben haben sich westliche Unternehmen niedergelassen, neben alten Ladas fahren Limousinen mit Mercedesstern und wo auf dem Land mit Einbruch der D\u00e4mmerung das Licht ausgeht, wird in Chisinau noch bis zum Morgen gefeiert, wie in allen modernen Gro\u00dfst\u00e4dten.<\/p>\n<p>Gute Orientierung bieten bereits diese Seiten<\/p>\n<p><a href=\"http:\/\/www.moldovaholiday.travel\/index.php?lang=en\">http:\/\/www.moldovaholiday.travel\/index.php?lang=en<\/a><\/p>\n<p><a href=\"https:\/\/www.travel.md\/\">https:\/\/www.travel.md\/<\/a><\/p>\n<blockquote class=\"wp-embedded-content\" data-secret=\"uxevt6oUMD\"><p><a href=\"https:\/\/willkommenmoldova.wordpress.com\/tourismus\/\">Tourismus<\/a><\/p><\/blockquote>\n<p><iframe loading=\"lazy\" class=\"wp-embedded-content\" sandbox=\"allow-scripts\" security=\"restricted\" style=\"position: absolute; clip: rect(1px, 1px, 1px, 1px);\" title=\"&#8222;Tourismus&#8220; &#8212; Willkommen in Moldova\" src=\"https:\/\/willkommenmoldova.wordpress.com\/tourismus\/embed\/#?secret=iMd2TVTUZA#?secret=uxevt6oUMD\" data-secret=\"uxevt6oUMD\" width=\"600\" height=\"338\" frameborder=\"0\" marginwidth=\"0\" marginheight=\"0\" scrolling=\"no\"><\/iframe><\/p>\n<p>&nbsp;<\/p>\n","protected":false},"excerpt":{"rendered":"<p>Vorwort zur Rubrik Reise, Reise &#8211; Sch\u00e4tze Moldawiens In dieser Rubrik m\u00f6chte ich euch nach und nach die Sehensw\u00fcrdigkeiten und sch\u00f6nsten Reiseziele innerhalb Moldawiens vorstellen. Das Land gilt bislang als touristisch unbegehrtestes Reiseziel innerhalb Europas \u00fcberhaupt. Vielleicht gelingt es dieser Seite dem ein oder anderen Lust zu machen dieses unbekannte &#8211; ja manchmal auch r\u00fcckst\u00e4ndige [&hellip;]<\/p>\n","protected":false},"author":21542,"featured_media":0,"parent":0,"menu_order":0,"comment_status":"closed","ping_status":"closed","template":"","meta":{"footnotes":""},"class_list":["post-135","page","type-page","status-publish","hentry"],"yoast_head":"<!-- This site is optimized with the Yoast SEO plugin v25.3.1 - https:\/\/yoast.com\/wordpress\/plugins\/seo\/ -->\n<title>Reise, Reise - Mit Don Bosco f\u00fcr die Kinder dieser Welt<\/title>\n<meta name=\"robots\" content=\"index, follow, max-snippet:-1, max-image-preview:large, max-video-preview:-1\" \/>\n<link rel=\"canonical\" href=\"https:\/\/blogs.donboscovolunteers.de\/denisinmoldawien\/reise-reise\/\" \/>\n<meta property=\"og:locale\" content=\"de_DE\" \/>\n<meta property=\"og:type\" content=\"article\" \/>\n<meta property=\"og:title\" content=\"Reise, Reise - Mit Don Bosco f\u00fcr die Kinder dieser Welt\" \/>\n<meta property=\"og:description\" content=\"Vorwort zur Rubrik Reise, Reise &#8211; Sch\u00e4tze Moldawiens In dieser Rubrik m\u00f6chte ich euch nach und nach die Sehensw\u00fcrdigkeiten und sch\u00f6nsten Reiseziele innerhalb Moldawiens vorstellen. Das Land gilt bislang als touristisch unbegehrtestes Reiseziel innerhalb Europas \u00fcberhaupt. Vielleicht gelingt es dieser Seite dem ein oder anderen Lust zu machen dieses unbekannte &#8211; ja manchmal auch r\u00fcckst\u00e4ndige [&hellip;]\" \/>\n<meta property=\"og:url\" content=\"https:\/\/blogs.donboscovolunteers.de\/denisinmoldawien\/reise-reise\/\" \/>\n<meta property=\"og:site_name\" content=\"Mit Don Bosco f\u00fcr die Kinder dieser Welt\" \/>\n<meta property=\"article:modified_time\" content=\"2018-04-07T16:04:08+00:00\" \/>\n<meta name=\"twitter:card\" content=\"summary_large_image\" \/>\n<meta name=\"twitter:label1\" content=\"Gesch\u00e4tzte Lesezeit\" \/>\n\t<meta name=\"twitter:data1\" content=\"2\u00a0Minuten\" \/>\n<script type=\"application\/ld+json\" class=\"yoast-schema-graph\">{\"@context\":\"https:\/\/schema.org\",\"@graph\":[{\"@type\":\"WebPage\",\"@id\":\"https:\/\/blogs.donboscovolunteers.de\/denisinmoldawien\/reise-reise\/\",\"url\":\"https:\/\/blogs.donboscovolunteers.de\/denisinmoldawien\/reise-reise\/\",\"name\":\"Reise, Reise - Mit Don Bosco f\u00fcr die Kinder dieser Welt\",\"isPartOf\":{\"@id\":\"https:\/\/blogs.donboscovolunteers.de\/denisinmoldawien\/#website\"},\"datePublished\":\"2018-04-07T15:27:02+00:00\",\"dateModified\":\"2018-04-07T16:04:08+00:00\",\"breadcrumb\":{\"@id\":\"https:\/\/blogs.donboscovolunteers.de\/denisinmoldawien\/reise-reise\/#breadcrumb\"},\"inLanguage\":\"de\",\"potentialAction\":[{\"@type\":\"ReadAction\",\"target\":[\"https:\/\/blogs.donboscovolunteers.de\/denisinmoldawien\/reise-reise\/\"]}]},{\"@type\":\"BreadcrumbList\",\"@id\":\"https:\/\/blogs.donboscovolunteers.de\/denisinmoldawien\/reise-reise\/#breadcrumb\",\"itemListElement\":[{\"@type\":\"ListItem\",\"position\":1,\"name\":\"Startseite\",\"item\":\"https:\/\/blogs.donboscovolunteers.de\/denisinmoldawien\/\"},{\"@type\":\"ListItem\",\"position\":2,\"name\":\"Reise, Reise\"}]},{\"@type\":\"WebSite\",\"@id\":\"https:\/\/blogs.donboscovolunteers.de\/denisinmoldawien\/#website\",\"url\":\"https:\/\/blogs.donboscovolunteers.de\/denisinmoldawien\/\",\"name\":\"Mit Don Bosco f\u00fcr die Kinder dieser Welt\",\"description\":\"Denis in Moldawien\",\"potentialAction\":[{\"@type\":\"SearchAction\",\"target\":{\"@type\":\"EntryPoint\",\"urlTemplate\":\"https:\/\/blogs.donboscovolunteers.de\/denisinmoldawien\/?s={search_term_string}\"},\"query-input\":{\"@type\":\"PropertyValueSpecification\",\"valueRequired\":true,\"valueName\":\"search_term_string\"}}],\"inLanguage\":\"de\"}]}<\/script>\n<!-- \/ Yoast SEO plugin. -->","yoast_head_json":{"title":"Reise, Reise - Mit Don Bosco f\u00fcr die Kinder dieser Welt","robots":{"index":"index","follow":"follow","max-snippet":"max-snippet:-1","max-image-preview":"max-image-preview:large","max-video-preview":"max-video-preview:-1"},"canonical":"https:\/\/blogs.donboscovolunteers.de\/denisinmoldawien\/reise-reise\/","og_locale":"de_DE","og_type":"article","og_title":"Reise, Reise - Mit Don Bosco f\u00fcr die Kinder dieser Welt","og_description":"Vorwort zur Rubrik Reise, Reise &#8211; Sch\u00e4tze Moldawiens In dieser Rubrik m\u00f6chte ich euch nach und nach die Sehensw\u00fcrdigkeiten und sch\u00f6nsten Reiseziele innerhalb Moldawiens vorstellen. Das Land gilt bislang als touristisch unbegehrtestes Reiseziel innerhalb Europas \u00fcberhaupt. Vielleicht gelingt es dieser Seite dem ein oder anderen Lust zu machen dieses unbekannte &#8211; ja manchmal auch r\u00fcckst\u00e4ndige [&hellip;]","og_url":"https:\/\/blogs.donboscovolunteers.de\/denisinmoldawien\/reise-reise\/","og_site_name":"Mit Don Bosco f\u00fcr die Kinder dieser Welt","article_modified_time":"2018-04-07T16:04:08+00:00","twitter_card":"summary_large_image","twitter_misc":{"Gesch\u00e4tzte Lesezeit":"2\u00a0Minuten"},"schema":{"@context":"https:\/\/schema.org","@graph":[{"@type":"WebPage","@id":"https:\/\/blogs.donboscovolunteers.de\/denisinmoldawien\/reise-reise\/","url":"https:\/\/blogs.donboscovolunteers.de\/denisinmoldawien\/reise-reise\/","name":"Reise, Reise - Mit Don Bosco f\u00fcr die Kinder dieser Welt","isPartOf":{"@id":"https:\/\/blogs.donboscovolunteers.de\/denisinmoldawien\/#website"},"datePublished":"2018-04-07T15:27:02+00:00","dateModified":"2018-04-07T16:04:08+00:00","breadcrumb":{"@id":"https:\/\/blogs.donboscovolunteers.de\/denisinmoldawien\/reise-reise\/#breadcrumb"},"inLanguage":"de","potentialAction":[{"@type":"ReadAction","target":["https:\/\/blogs.donboscovolunteers.de\/denisinmoldawien\/reise-reise\/"]}]},{"@type":"BreadcrumbList","@id":"https:\/\/blogs.donboscovolunteers.de\/denisinmoldawien\/reise-reise\/#breadcrumb","itemListElement":[{"@type":"ListItem","position":1,"name":"Startseite","item":"https:\/\/blogs.donboscovolunteers.de\/denisinmoldawien\/"},{"@type":"ListItem","position":2,"name":"Reise, Reise"}]},{"@type":"WebSite","@id":"https:\/\/blogs.donboscovolunteers.de\/denisinmoldawien\/#website","url":"https:\/\/blogs.donboscovolunteers.de\/denisinmoldawien\/","name":"Mit Don Bosco f\u00fcr die Kinder dieser Welt","description":"Denis in Moldawien","potentialAction":[{"@type":"SearchAction","target":{"@type":"EntryPoint","urlTemplate":"https:\/\/blogs.donboscovolunteers.de\/denisinmoldawien\/?s={search_term_string}"},"query-input":{"@type":"PropertyValueSpecification","valueRequired":true,"valueName":"search_term_string"}}],"inLanguage":"de"}]}},"_links":{"self":[{"href":"https:\/\/blogs.donboscovolunteers.de\/denisinmoldawien\/wp-json\/wp\/v2\/pages\/135","targetHints":{"allow":["GET"]}}],"collection":[{"href":"https:\/\/blogs.donboscovolunteers.de\/denisinmoldawien\/wp-json\/wp\/v2\/pages"}],"about":[{"href":"https:\/\/blogs.donboscovolunteers.de\/denisinmoldawien\/wp-json\/wp\/v2\/types\/page"}],"author":[{"embeddable":true,"href":"https:\/\/blogs.donboscovolunteers.de\/denisinmoldawien\/wp-json\/wp\/v2\/users\/21542"}],"replies":[{"embeddable":true,"href":"https:\/\/blogs.donboscovolunteers.de\/denisinmoldawien\/wp-json\/wp\/v2\/comments?post=135"}],"version-history":[{"count":5,"href":"https:\/\/blogs.donboscovolunteers.de\/denisinmoldawien\/wp-json\/wp\/v2\/pages\/135\/revisions"}],"predecessor-version":[{"id":146,"href":"https:\/\/blogs.donboscovolunteers.de\/denisinmoldawien\/wp-json\/wp\/v2\/pages\/135\/revisions\/146"}],"wp:attachment":[{"href":"https:\/\/blogs.donboscovolunteers.de\/denisinmoldawien\/wp-json\/wp\/v2\/media?parent=135"}],"curies":[{"name":"wp","href":"https:\/\/api.w.org\/{rel}","templated":true}]}}