{"id":2,"date":"2017-08-01T18:16:07","date_gmt":"2017-08-01T16:16:07","guid":{"rendered":"https:\/\/blogs.donboscovolunteers.de\/danielinsambia\/?page_id=2"},"modified":"2017-10-08T12:15:44","modified_gmt":"2017-10-08T10:15:44","slug":"beispiel-seite","status":"publish","type":"page","link":"https:\/\/blogs.donboscovolunteers.de\/danielinsambia\/beispiel-seite\/","title":{"rendered":"\u00dcber Mich"},"content":{"rendered":"<p>Mein Name ist Daniel Thielges ich bin 19 alt und habe diesem Sommer in meiner Heimatstadt Bad Honnef mein Abitur bestanden. Dort war ich viele Jahre als Messdiener in der Kirche St. Johann Baptist t\u00e4tig und habe zuletzt, \u00fcbergangsweise den Messdienerplan geschrieben. Au\u00dferdem war ich im Leichtatletikverein TV K\u00f6nigswinter t\u00e4tig, wo ich f\u00fcr die Kleineren als Parte zur Verf\u00fcgung stand. Auch bin ich Mitglied in der Jungen Union Bad Honnef mit der ich mich mit der \u00f6rtlichen Kommunalpolitik auseindersetze aber auch z.B. eine Fahrt nach Berlin unternommen habe. Seit dem 07.09. absolviere ich gemeinsam mit meinem Mitvolunt\u00e4r Josef,  der auch einen <a href=\"https:\/\/blogs.donboscovolunteers.de\/josefinsambia\/\">Blog<\/a> schreibt, ein Voluntariat in Mansa, eine Stadt im Nordosten des afrikanischen Landes Sambia. Dort leben wir in der Kommunit\u00e4t der <a href=\"https:\/\/www.donboscomission.de\/don-bosco\/erbe\/\">Salesianer Don Boscos<\/a> und arbeiten in den angeschlossenen Einrichtungen und bei der Freizeitgestaltung mit den anwesenden Kindern und Jugendlichen,  die in der Stadt leben.  Die gesamte Einrichtung umfasst ein Kinder- und Jugendzentrum, eine im Jahr 2011 neu errichtete Sekundarschule, Sportpl\u00e4tze, eine Kirche, eine von den Schwestern gef\u00fchrte Grundschule, ein Ausbildungszentrum und die Kommunit\u00e4ten der Schwestern und der Salesianer. Auf dem Gel\u00e4nde der Schwestern, dass sich direkt neben dem, von unserer Kommunit\u00e4t befindet, wohnt noch eine weitere Volunt\u00e4rin, die ebenfalls aus Deutschland kommt. Sie hei\u00dft Veronika und schreibt ebenfalls einen Blog<a href=\"http:\/\/veronikainsambia.jimbdo.com\">Blog<\/a>. Besucht also auch die Blogs meiner Mitvolunt\u00e4re, um ein noch vollst\u00e4ndigeres Bild von unserer Arbeit in Mansa zu bekommen. <\/p>\n<p>Auch wurde in einer lokalen Zeitung ein <a href=\"http:\/\/www.general-anzeiger-bonn. de\/region\/siebengebirge\/bad-honnef\/Bad-Honnefer-absolviert-Freiwilligendienst-in-Afrika-article3638832.html\">Zeitungsartickel<\/a> \u00fcber mein Voluntariat ver\u00f6ffentlicht. In meinem Blog werde ich stets meine aktuellen Erfahrungen  mit euch teilen. <\/p>\n<p>Ich freue mich \u00fcber jeden Leser und viele Kommentare.<br \/>\nIn diesen k\u00f6nnt ihr Fragen stellen, sagen wie euch meine Beitr\u00e4ge gefallen haben und welche Themen euch f\u00fcr folgende Artikel interessieren.<\/p>\n<p>Macht es gut!<\/p>\n<p>Gru\u00df Daniel<\/p>\n","protected":false},"excerpt":{"rendered":"<p>Mein Name ist Daniel Thielges ich bin 19 alt und habe diesem Sommer in meiner Heimatstadt Bad Honnef mein Abitur bestanden. Dort war ich viele Jahre als Messdiener in der Kirche St. Johann Baptist t\u00e4tig und habe zuletzt, \u00fcbergangsweise den Messdienerplan geschrieben. Au\u00dferdem war ich im Leichtatletikverein TV K\u00f6nigswinter t\u00e4tig, wo ich f\u00fcr die Kleineren [&hellip;]<\/p>\n","protected":false},"author":21551,"featured_media":0,"parent":0,"menu_order":0,"comment_status":"closed","ping_status":"open","template":"","meta":{"footnotes":""},"class_list":["post-2","page","type-page","status-publish","hentry"],"yoast_head":"<!-- This site is optimized with the Yoast SEO plugin v25.3.1 - https:\/\/yoast.com\/wordpress\/plugins\/seo\/ -->\n<title>\u00dcber Mich - Daniel in Sambia<\/title>\n<meta name=\"robots\" content=\"index, follow, max-snippet:-1, max-image-preview:large, max-video-preview:-1\" \/>\n<link rel=\"canonical\" href=\"https:\/\/blogs.donboscovolunteers.de\/danielinsambia\/beispiel-seite\/\" \/>\n<meta property=\"og:locale\" content=\"de_DE\" \/>\n<meta property=\"og:type\" content=\"article\" \/>\n<meta property=\"og:title\" content=\"\u00dcber Mich - Daniel in Sambia\" \/>\n<meta property=\"og:description\" content=\"Mein Name ist Daniel Thielges ich bin 19 alt und habe diesem Sommer in meiner Heimatstadt Bad Honnef mein Abitur bestanden. Dort war ich viele Jahre als Messdiener in der Kirche St. Johann Baptist t\u00e4tig und habe zuletzt, \u00fcbergangsweise den Messdienerplan geschrieben. Au\u00dferdem war ich im Leichtatletikverein TV K\u00f6nigswinter t\u00e4tig, wo ich f\u00fcr die Kleineren [&hellip;]\" \/>\n<meta property=\"og:url\" content=\"https:\/\/blogs.donboscovolunteers.de\/danielinsambia\/beispiel-seite\/\" \/>\n<meta property=\"og:site_name\" content=\"Daniel in Sambia\" \/>\n<meta property=\"article:modified_time\" content=\"2017-10-08T10:15:44+00:00\" \/>\n<meta name=\"twitter:card\" content=\"summary_large_image\" \/>\n<meta name=\"twitter:label1\" content=\"Gesch\u00e4tzte Lesezeit\" \/>\n\t<meta name=\"twitter:data1\" content=\"2\u00a0Minuten\" \/>\n<script type=\"application\/ld+json\" class=\"yoast-schema-graph\">{\"@context\":\"https:\/\/schema.org\",\"@graph\":[{\"@type\":\"WebPage\",\"@id\":\"https:\/\/blogs.donboscovolunteers.de\/danielinsambia\/beispiel-seite\/\",\"url\":\"https:\/\/blogs.donboscovolunteers.de\/danielinsambia\/beispiel-seite\/\",\"name\":\"\u00dcber Mich - Daniel in Sambia\",\"isPartOf\":{\"@id\":\"https:\/\/blogs.donboscovolunteers.de\/danielinsambia\/#website\"},\"datePublished\":\"2017-08-01T16:16:07+00:00\",\"dateModified\":\"2017-10-08T10:15:44+00:00\",\"breadcrumb\":{\"@id\":\"https:\/\/blogs.donboscovolunteers.de\/danielinsambia\/beispiel-seite\/#breadcrumb\"},\"inLanguage\":\"de\",\"potentialAction\":[{\"@type\":\"ReadAction\",\"target\":[\"https:\/\/blogs.donboscovolunteers.de\/danielinsambia\/beispiel-seite\/\"]}]},{\"@type\":\"BreadcrumbList\",\"@id\":\"https:\/\/blogs.donboscovolunteers.de\/danielinsambia\/beispiel-seite\/#breadcrumb\",\"itemListElement\":[{\"@type\":\"ListItem\",\"position\":1,\"name\":\"Startseite\",\"item\":\"https:\/\/blogs.donboscovolunteers.de\/danielinsambia\/\"},{\"@type\":\"ListItem\",\"position\":2,\"name\":\"\u00dcber Mich\"}]},{\"@type\":\"WebSite\",\"@id\":\"https:\/\/blogs.donboscovolunteers.de\/danielinsambia\/#website\",\"url\":\"https:\/\/blogs.donboscovolunteers.de\/danielinsambia\/\",\"name\":\"Daniel in Sambia\",\"description\":\"Autor: Daniel Thielges\",\"potentialAction\":[{\"@type\":\"SearchAction\",\"target\":{\"@type\":\"EntryPoint\",\"urlTemplate\":\"https:\/\/blogs.donboscovolunteers.de\/danielinsambia\/?s={search_term_string}\"},\"query-input\":{\"@type\":\"PropertyValueSpecification\",\"valueRequired\":true,\"valueName\":\"search_term_string\"}}],\"inLanguage\":\"de\"}]}<\/script>\n<!-- \/ Yoast SEO plugin. -->","yoast_head_json":{"title":"\u00dcber Mich - Daniel in Sambia","robots":{"index":"index","follow":"follow","max-snippet":"max-snippet:-1","max-image-preview":"max-image-preview:large","max-video-preview":"max-video-preview:-1"},"canonical":"https:\/\/blogs.donboscovolunteers.de\/danielinsambia\/beispiel-seite\/","og_locale":"de_DE","og_type":"article","og_title":"\u00dcber Mich - Daniel in Sambia","og_description":"Mein Name ist Daniel Thielges ich bin 19 alt und habe diesem Sommer in meiner Heimatstadt Bad Honnef mein Abitur bestanden. Dort war ich viele Jahre als Messdiener in der Kirche St. Johann Baptist t\u00e4tig und habe zuletzt, \u00fcbergangsweise den Messdienerplan geschrieben. Au\u00dferdem war ich im Leichtatletikverein TV K\u00f6nigswinter t\u00e4tig, wo ich f\u00fcr die Kleineren [&hellip;]","og_url":"https:\/\/blogs.donboscovolunteers.de\/danielinsambia\/beispiel-seite\/","og_site_name":"Daniel in Sambia","article_modified_time":"2017-10-08T10:15:44+00:00","twitter_card":"summary_large_image","twitter_misc":{"Gesch\u00e4tzte Lesezeit":"2\u00a0Minuten"},"schema":{"@context":"https:\/\/schema.org","@graph":[{"@type":"WebPage","@id":"https:\/\/blogs.donboscovolunteers.de\/danielinsambia\/beispiel-seite\/","url":"https:\/\/blogs.donboscovolunteers.de\/danielinsambia\/beispiel-seite\/","name":"\u00dcber Mich - Daniel in Sambia","isPartOf":{"@id":"https:\/\/blogs.donboscovolunteers.de\/danielinsambia\/#website"},"datePublished":"2017-08-01T16:16:07+00:00","dateModified":"2017-10-08T10:15:44+00:00","breadcrumb":{"@id":"https:\/\/blogs.donboscovolunteers.de\/danielinsambia\/beispiel-seite\/#breadcrumb"},"inLanguage":"de","potentialAction":[{"@type":"ReadAction","target":["https:\/\/blogs.donboscovolunteers.de\/danielinsambia\/beispiel-seite\/"]}]},{"@type":"BreadcrumbList","@id":"https:\/\/blogs.donboscovolunteers.de\/danielinsambia\/beispiel-seite\/#breadcrumb","itemListElement":[{"@type":"ListItem","position":1,"name":"Startseite","item":"https:\/\/blogs.donboscovolunteers.de\/danielinsambia\/"},{"@type":"ListItem","position":2,"name":"\u00dcber Mich"}]},{"@type":"WebSite","@id":"https:\/\/blogs.donboscovolunteers.de\/danielinsambia\/#website","url":"https:\/\/blogs.donboscovolunteers.de\/danielinsambia\/","name":"Daniel in Sambia","description":"Autor: Daniel Thielges","potentialAction":[{"@type":"SearchAction","target":{"@type":"EntryPoint","urlTemplate":"https:\/\/blogs.donboscovolunteers.de\/danielinsambia\/?s={search_term_string}"},"query-input":{"@type":"PropertyValueSpecification","valueRequired":true,"valueName":"search_term_string"}}],"inLanguage":"de"}]}},"_links":{"self":[{"href":"https:\/\/blogs.donboscovolunteers.de\/danielinsambia\/wp-json\/wp\/v2\/pages\/2","targetHints":{"allow":["GET"]}}],"collection":[{"href":"https:\/\/blogs.donboscovolunteers.de\/danielinsambia\/wp-json\/wp\/v2\/pages"}],"about":[{"href":"https:\/\/blogs.donboscovolunteers.de\/danielinsambia\/wp-json\/wp\/v2\/types\/page"}],"author":[{"embeddable":true,"href":"https:\/\/blogs.donboscovolunteers.de\/danielinsambia\/wp-json\/wp\/v2\/users\/21551"}],"replies":[{"embeddable":true,"href":"https:\/\/blogs.donboscovolunteers.de\/danielinsambia\/wp-json\/wp\/v2\/comments?post=2"}],"version-history":[{"count":7,"href":"https:\/\/blogs.donboscovolunteers.de\/danielinsambia\/wp-json\/wp\/v2\/pages\/2\/revisions"}],"predecessor-version":[{"id":130,"href":"https:\/\/blogs.donboscovolunteers.de\/danielinsambia\/wp-json\/wp\/v2\/pages\/2\/revisions\/130"}],"wp:attachment":[{"href":"https:\/\/blogs.donboscovolunteers.de\/danielinsambia\/wp-json\/wp\/v2\/media?parent=2"}],"curies":[{"name":"wp","href":"https:\/\/api.w.org\/{rel}","templated":true}]}}