{"id":113,"date":"2017-09-27T08:52:57","date_gmt":"2017-09-27T06:52:57","guid":{"rendered":"https:\/\/blogs.donboscovolunteers.de\/danielinsambia\/?page_id=113"},"modified":"2017-09-27T15:32:42","modified_gmt":"2017-09-27T13:32:42","slug":"spenden","status":"publish","type":"page","link":"https:\/\/blogs.donboscovolunteers.de\/danielinsambia\/spenden\/","title":{"rendered":"Spenden"},"content":{"rendered":"<p>Hallo,<\/p>\n<p>diesmal spreche ich ein etwas sensibles Thema an, dass eben auch zu einem <a href=\"https:\/\/www.donboscovolunteers.de\/\">Freiwilligendienst<\/a> \u00a0dazu geh\u00f6rt. \u00a0Es geht \u00a0nat\u00fcrlich um die Finanzierung und damit auch darum, wie ihr mir bei meinem Voluntariat und der Einrichtung vor Ort helfen k\u00f6nnt. Mein Voluntariat wird \u00fcber das Weltw\u00e4rtsprogramm gef\u00f6rdert und somit werden 75% der Kosten vom BMZ \u00fcbernommen. Das hei\u00dft \u00a0aber auch, dass die Organisation \u00a0und ich beziehungsweise ihr, als meine potenziellen Spender f\u00fcr \u00a0den Rest aufkommen \u00a0m\u00fcsst. Ohne Geld geht es eben nicht, die Impfungen, die Fl\u00fcge, die Seminare, die Aufwandsentsch\u00e4digung f\u00fcr die Einrichtung vor Ort, die Versicherungen und so weiter, m\u00fcssen eben bezahlt werden. Damit unterst\u00fctzt \u00a0ihr aber eben auch indirekt die Einrichtung vor Ort, \u00a0denn ich werde als Volunt\u00e4r, so mein Ziel eine Bereicherung \u00a0f\u00fcr \u00a0die \u00a0Kinder und Jugendlichen vor Ort sein. Wenn \u00a0ich meinen Pflichtanteil zusammen \u00a0habe, kommt zudem jeder weitere Euro der Einrichtung vor Ort direkt zu Gute, \u00a0sei es um die laufenden Kosten zu decken oder um sogar ein von uns Volont\u00e4ren f\u00fcr wichtig empfundenes Projekt zu verwirklichen. \u00a0Ich bin mir also sicher, dass ihre Spenden sinnvoll \u00a0und wichtig f\u00fcr die Einrichtung \u00a0in Mansa sind. Der transparente Umgang mit Spendengeldern meiner Entsendeorganisation <a href=\"https:\/\/www.donboscomission.de\/don-bosco\/\">Don Bosco<\/a>, wurde au\u00dferdem durch den Erhalt des DZI SpendenSiegels best\u00e4tigt. Daher ist auch \u00a0eine Spendenquittung \u00a0unter Angabe ihrer Adresse m\u00f6glich. Die f\u00fcr meinen Freiwilligendienst bestimmten Spendengelder k\u00f6nnen Sie auf das von meiner Entsendeorganisation eigens f\u00fcr diesen Zweck angelegte Konto \u00fcberweisen.<\/p>\n<p><script src=\"https:\/\/api.spendino.de\/admanager\/forms\/display\/1801\"><\/script><\/p>\n<p>Kontodaten: Don Bosco Mission , Sparkasse K\u00f6ln Bonn , IBAN : DE89370501980000099499 , BIC : COLSDE33 und \u00a0ganz wichtig \u00a0der Verwendungszweck: Daniel Thielges R511718 . Vergessen Sie \u00a0also bitte nicht \u00a0den Verwendungszweck anzugeben.<\/p>\n<p>Ich bin Ihnen und euch, genauso, wie die Einrichtung vor Ort f\u00fcr \u00a0jede Spende sehr dankbar!<\/p>\n<p>Vielen Dank<\/p>\n<p>Macht es gut und schaut euch auf meinem Blog noch etwas um!<\/p>\n<p>Euer Daniel<\/p>\n","protected":false},"excerpt":{"rendered":"<p>Hallo, diesmal spreche ich ein etwas sensibles Thema an, dass eben auch zu einem <a href=\"https:\/\/www.donboscovolunteers.de\/\">Freiwilligendienst<\/a> \u00a0dazu geh\u00f6rt. \u00a0Es geht \u00a0nat\u00fcrlich um die Finanzierung und damit auch darum, wie ihr mir bei meinem Voluntariat und der Einrichtung vor Ort helfen k\u00f6nnt. Mein Voluntariat wird \u00fcber das Weltw\u00e4rtsprogramm gef\u00f6rdert und somit werden 75% der Kosten vom BMZ [&hellip;]<\/p>\n","protected":false},"author":21551,"featured_media":0,"parent":0,"menu_order":0,"comment_status":"closed","ping_status":"closed","template":"","meta":{"footnotes":""},"class_list":["post-113","page","type-page","status-publish","hentry"],"yoast_head":"<!-- This site is optimized with the Yoast SEO plugin v25.3.1 - https:\/\/yoast.com\/wordpress\/plugins\/seo\/ -->\n<title>Spenden - Daniel in Sambia<\/title>\n<meta name=\"robots\" content=\"index, follow, max-snippet:-1, max-image-preview:large, max-video-preview:-1\" \/>\n<link rel=\"canonical\" href=\"https:\/\/blogs.donboscovolunteers.de\/danielinsambia\/spenden\/\" \/>\n<meta property=\"og:locale\" content=\"de_DE\" \/>\n<meta property=\"og:type\" content=\"article\" \/>\n<meta property=\"og:title\" content=\"Spenden - Daniel in Sambia\" \/>\n<meta property=\"og:description\" content=\"Hallo, diesmal spreche ich ein etwas sensibles Thema an, dass eben auch zu einem Freiwilligendienst \u00a0dazu geh\u00f6rt. \u00a0Es geht \u00a0nat\u00fcrlich um die Finanzierung und damit auch darum, wie ihr mir bei meinem Voluntariat und der Einrichtung vor Ort helfen k\u00f6nnt. Mein Voluntariat wird \u00fcber das Weltw\u00e4rtsprogramm gef\u00f6rdert und somit werden 75% der Kosten vom BMZ [&hellip;]\" \/>\n<meta property=\"og:url\" content=\"https:\/\/blogs.donboscovolunteers.de\/danielinsambia\/spenden\/\" \/>\n<meta property=\"og:site_name\" content=\"Daniel in Sambia\" \/>\n<meta property=\"article:modified_time\" content=\"2017-09-27T13:32:42+00:00\" \/>\n<meta name=\"twitter:card\" content=\"summary_large_image\" \/>\n<meta name=\"twitter:label1\" content=\"Gesch\u00e4tzte Lesezeit\" \/>\n\t<meta name=\"twitter:data1\" content=\"2\u00a0Minuten\" \/>\n<script type=\"application\/ld+json\" class=\"yoast-schema-graph\">{\"@context\":\"https:\/\/schema.org\",\"@graph\":[{\"@type\":\"WebPage\",\"@id\":\"https:\/\/blogs.donboscovolunteers.de\/danielinsambia\/spenden\/\",\"url\":\"https:\/\/blogs.donboscovolunteers.de\/danielinsambia\/spenden\/\",\"name\":\"Spenden - Daniel in Sambia\",\"isPartOf\":{\"@id\":\"https:\/\/blogs.donboscovolunteers.de\/danielinsambia\/#website\"},\"datePublished\":\"2017-09-27T06:52:57+00:00\",\"dateModified\":\"2017-09-27T13:32:42+00:00\",\"breadcrumb\":{\"@id\":\"https:\/\/blogs.donboscovolunteers.de\/danielinsambia\/spenden\/#breadcrumb\"},\"inLanguage\":\"de\",\"potentialAction\":[{\"@type\":\"ReadAction\",\"target\":[\"https:\/\/blogs.donboscovolunteers.de\/danielinsambia\/spenden\/\"]}]},{\"@type\":\"BreadcrumbList\",\"@id\":\"https:\/\/blogs.donboscovolunteers.de\/danielinsambia\/spenden\/#breadcrumb\",\"itemListElement\":[{\"@type\":\"ListItem\",\"position\":1,\"name\":\"Startseite\",\"item\":\"https:\/\/blogs.donboscovolunteers.de\/danielinsambia\/\"},{\"@type\":\"ListItem\",\"position\":2,\"name\":\"Spenden\"}]},{\"@type\":\"WebSite\",\"@id\":\"https:\/\/blogs.donboscovolunteers.de\/danielinsambia\/#website\",\"url\":\"https:\/\/blogs.donboscovolunteers.de\/danielinsambia\/\",\"name\":\"Daniel in Sambia\",\"description\":\"Autor: Daniel Thielges\",\"potentialAction\":[{\"@type\":\"SearchAction\",\"target\":{\"@type\":\"EntryPoint\",\"urlTemplate\":\"https:\/\/blogs.donboscovolunteers.de\/danielinsambia\/?s={search_term_string}\"},\"query-input\":{\"@type\":\"PropertyValueSpecification\",\"valueRequired\":true,\"valueName\":\"search_term_string\"}}],\"inLanguage\":\"de\"}]}<\/script>\n<!-- \/ Yoast SEO plugin. -->","yoast_head_json":{"title":"Spenden - Daniel in Sambia","robots":{"index":"index","follow":"follow","max-snippet":"max-snippet:-1","max-image-preview":"max-image-preview:large","max-video-preview":"max-video-preview:-1"},"canonical":"https:\/\/blogs.donboscovolunteers.de\/danielinsambia\/spenden\/","og_locale":"de_DE","og_type":"article","og_title":"Spenden - Daniel in Sambia","og_description":"Hallo, diesmal spreche ich ein etwas sensibles Thema an, dass eben auch zu einem Freiwilligendienst \u00a0dazu geh\u00f6rt. \u00a0Es geht \u00a0nat\u00fcrlich um die Finanzierung und damit auch darum, wie ihr mir bei meinem Voluntariat und der Einrichtung vor Ort helfen k\u00f6nnt. Mein Voluntariat wird \u00fcber das Weltw\u00e4rtsprogramm gef\u00f6rdert und somit werden 75% der Kosten vom BMZ [&hellip;]","og_url":"https:\/\/blogs.donboscovolunteers.de\/danielinsambia\/spenden\/","og_site_name":"Daniel in Sambia","article_modified_time":"2017-09-27T13:32:42+00:00","twitter_card":"summary_large_image","twitter_misc":{"Gesch\u00e4tzte Lesezeit":"2\u00a0Minuten"},"schema":{"@context":"https:\/\/schema.org","@graph":[{"@type":"WebPage","@id":"https:\/\/blogs.donboscovolunteers.de\/danielinsambia\/spenden\/","url":"https:\/\/blogs.donboscovolunteers.de\/danielinsambia\/spenden\/","name":"Spenden - Daniel in Sambia","isPartOf":{"@id":"https:\/\/blogs.donboscovolunteers.de\/danielinsambia\/#website"},"datePublished":"2017-09-27T06:52:57+00:00","dateModified":"2017-09-27T13:32:42+00:00","breadcrumb":{"@id":"https:\/\/blogs.donboscovolunteers.de\/danielinsambia\/spenden\/#breadcrumb"},"inLanguage":"de","potentialAction":[{"@type":"ReadAction","target":["https:\/\/blogs.donboscovolunteers.de\/danielinsambia\/spenden\/"]}]},{"@type":"BreadcrumbList","@id":"https:\/\/blogs.donboscovolunteers.de\/danielinsambia\/spenden\/#breadcrumb","itemListElement":[{"@type":"ListItem","position":1,"name":"Startseite","item":"https:\/\/blogs.donboscovolunteers.de\/danielinsambia\/"},{"@type":"ListItem","position":2,"name":"Spenden"}]},{"@type":"WebSite","@id":"https:\/\/blogs.donboscovolunteers.de\/danielinsambia\/#website","url":"https:\/\/blogs.donboscovolunteers.de\/danielinsambia\/","name":"Daniel in Sambia","description":"Autor: Daniel Thielges","potentialAction":[{"@type":"SearchAction","target":{"@type":"EntryPoint","urlTemplate":"https:\/\/blogs.donboscovolunteers.de\/danielinsambia\/?s={search_term_string}"},"query-input":{"@type":"PropertyValueSpecification","valueRequired":true,"valueName":"search_term_string"}}],"inLanguage":"de"}]}},"_links":{"self":[{"href":"https:\/\/blogs.donboscovolunteers.de\/danielinsambia\/wp-json\/wp\/v2\/pages\/113","targetHints":{"allow":["GET"]}}],"collection":[{"href":"https:\/\/blogs.donboscovolunteers.de\/danielinsambia\/wp-json\/wp\/v2\/pages"}],"about":[{"href":"https:\/\/blogs.donboscovolunteers.de\/danielinsambia\/wp-json\/wp\/v2\/types\/page"}],"author":[{"embeddable":true,"href":"https:\/\/blogs.donboscovolunteers.de\/danielinsambia\/wp-json\/wp\/v2\/users\/21551"}],"replies":[{"embeddable":true,"href":"https:\/\/blogs.donboscovolunteers.de\/danielinsambia\/wp-json\/wp\/v2\/comments?post=113"}],"version-history":[{"count":3,"href":"https:\/\/blogs.donboscovolunteers.de\/danielinsambia\/wp-json\/wp\/v2\/pages\/113\/revisions"}],"predecessor-version":[{"id":119,"href":"https:\/\/blogs.donboscovolunteers.de\/danielinsambia\/wp-json\/wp\/v2\/pages\/113\/revisions\/119"}],"wp:attachment":[{"href":"https:\/\/blogs.donboscovolunteers.de\/danielinsambia\/wp-json\/wp\/v2\/media?parent=113"}],"curies":[{"name":"wp","href":"https:\/\/api.w.org\/{rel}","templated":true}]}}