{"id":8,"date":"2019-08-22T14:53:21","date_gmt":"2019-08-22T12:53:21","guid":{"rendered":"https:\/\/blogs.donboscovolunteers.de\/clarabloggt\/?page_id=8"},"modified":"2019-08-29T12:26:35","modified_gmt":"2019-08-29T10:26:35","slug":"ueber-mich","status":"publish","type":"page","link":"https:\/\/blogs.donboscovolunteers.de\/clarabloggt\/ueber-mich\/","title":{"rendered":"\u00dcber mich"},"content":{"rendered":"<p>Hi!<\/p>\n\n\n\n<div class=\"wp-block-image\"><figure class=\"alignright is-resized\"><img loading=\"lazy\" decoding=\"async\" src=\"https:\/\/blogs.donboscovolunteers.de\/clarabloggt\/wp-content\/uploads\/sites\/21599\/2019\/08\/IMG-20190823-WA0015-1024x769.jpg\" alt=\"\" class=\"wp-image-60\" width=\"275\" height=\"206\" srcset=\"https:\/\/blogs.donboscovolunteers.de\/clarabloggt\/wp-content\/uploads\/sites\/21599\/2019\/08\/IMG-20190823-WA0015-1024x769.jpg 1024w, https:\/\/blogs.donboscovolunteers.de\/clarabloggt\/wp-content\/uploads\/sites\/21599\/2019\/08\/IMG-20190823-WA0015-300x225.jpg 300w, https:\/\/blogs.donboscovolunteers.de\/clarabloggt\/wp-content\/uploads\/sites\/21599\/2019\/08\/IMG-20190823-WA0015-768x577.jpg 768w, https:\/\/blogs.donboscovolunteers.de\/clarabloggt\/wp-content\/uploads\/sites\/21599\/2019\/08\/IMG-20190823-WA0015-900x676.jpg 900w, https:\/\/blogs.donboscovolunteers.de\/clarabloggt\/wp-content\/uploads\/sites\/21599\/2019\/08\/IMG-20190823-WA0015.jpg 1280w\" sizes=\"auto, (max-width: 275px) 100vw, 275px\" \/><\/figure><\/div>\n\n\n\n<p>Ich bin Clara, 18 Jahre alt und in Berlin gro\u00df geworden. Im Fr\u00fchjahr 2019 habe ich mein Abi gemacht. Ich liebe es meine Freizeit mit Musik, Sport oder Freunden zu verbringen (F\u00fcr <a href=\"https:\/\/strassenkinder.de\/laender\/asien\/inden\/\">Indien<\/a> habe ich mir vorgenommen, meine Hobbies mit Yoga zu erweitern.. Mal sehen inwieweit ich das durchziehe ;)).  Au\u00dferdem habe ich mich gerne als Betreuerin und Oberministrantin in meiner Gemeinde engagiert. Gerade durch diese Erfahrungen in der Arbeit mit Kindern und Jugendlichen in der Gemeinde bin ich darauf gekommen, mich nach meiner Schulzeit weiterhin sozial zu engagieren. Da ich mich au\u00dferdem sehr f\u00fcr andere L\u00e4nder und Kulturen interessiere, stand mein Wunsch &#8222;Ausland&#8220; f\u00fcr die Zeit nach der Schule bald fest.<\/p>\n\n\n\n<p>Und so freue mich nun ab dem 4. September 2019 etwas Neues zu wagen, denn dann mache ich mich auf den Weg nach Chennai (an der Ostk\u00fcste S\u00fcdindiens), um f\u00fcr 12 Monate mal ein ganz neues Umfeld mit anderen Eindr\u00fccken und Perspektiven, mit einer ganz anderen Kultur kennenzulernen.<\/p>\n\n\n\n<p>Und damit du auch ein bisschen dabei sein kannst, m\u00f6chte ich dich hier auf dem Blog das n\u00e4chste Jahr \u00fcber mit -m\u00f6glichst regelm\u00e4\u00dfigen- Beitr\u00e4gen an meinen Erlebnissen und Erfahrungen teilhaben lassen. Au\u00dferdem kannst auch du an meinem Blog mitwirken: Schreib Kommentare und Feedback, falls Fragen offen bleiben oder dir sonst irgendetwas im Blog fehlt..<\/p>\n\n\n\n<p><\/p>\n\n\n\n<p>&#8211;&gt; Unter &#8222;Das Anbu Illam&#8220; kannst du mehr \u00fcber meine Einrichtung in Chennai erfahren.<\/p>","protected":false},"excerpt":{"rendered":"<p>Hi! Ich bin Clara, 18 Jahre alt und in Berlin gro\u00df geworden. Im Fr\u00fchjahr 2019 habe ich mein Abi gemacht. Ich liebe es meine Freizeit mit Musik, Sport oder Freunden zu verbringen (F\u00fcr <a href=\"https:\/\/strassenkinder.de\/laender\/asien\/inden\/\">Indien<\/a> habe ich mir vorgenommen, meine Hobbies mit Yoga zu erweitern.. Mal sehen inwieweit ich das durchziehe ;)). Au\u00dferdem habe ich mich [&hellip;]<\/p>\n","protected":false},"author":21662,"featured_media":0,"parent":0,"menu_order":0,"comment_status":"closed","ping_status":"closed","template":"","meta":{"footnotes":""},"class_list":["post-8","page","type-page","status-publish","hentry"],"yoast_head":"<!-- This site is optimized with the Yoast SEO plugin v25.3.1 - https:\/\/yoast.com\/wordpress\/plugins\/seo\/ -->\n<title>\u00dcber mich - clara in chennai<\/title>\n<meta name=\"robots\" content=\"index, follow, max-snippet:-1, max-image-preview:large, max-video-preview:-1\" \/>\n<link rel=\"canonical\" href=\"https:\/\/blogs.donboscovolunteers.de\/clarabloggt\/ueber-mich\/\" \/>\n<meta property=\"og:locale\" content=\"de_DE\" \/>\n<meta property=\"og:type\" content=\"article\" \/>\n<meta property=\"og:title\" content=\"\u00dcber mich - clara in chennai\" \/>\n<meta property=\"og:description\" content=\"Hi! Ich bin Clara, 18 Jahre alt und in Berlin gro\u00df geworden. Im Fr\u00fchjahr 2019 habe ich mein Abi gemacht. Ich liebe es meine Freizeit mit Musik, Sport oder Freunden zu verbringen (F\u00fcr Indien habe ich mir vorgenommen, meine Hobbies mit Yoga zu erweitern.. Mal sehen inwieweit ich das durchziehe ;)). Au\u00dferdem habe ich mich [&hellip;]\" \/>\n<meta property=\"og:url\" content=\"https:\/\/blogs.donboscovolunteers.de\/clarabloggt\/ueber-mich\/\" \/>\n<meta property=\"og:site_name\" content=\"clara in chennai\" \/>\n<meta property=\"article:modified_time\" content=\"2019-08-29T10:26:35+00:00\" \/>\n<meta property=\"og:image\" content=\"https:\/\/blogs.donboscovolunteers.de\/clarabloggt\/wp-content\/uploads\/sites\/21599\/2019\/08\/IMG-20190823-WA0015-1024x769.jpg\" \/>\n<meta name=\"twitter:card\" content=\"summary_large_image\" \/>\n<meta name=\"twitter:label1\" content=\"Gesch\u00e4tzte Lesezeit\" \/>\n\t<meta name=\"twitter:data1\" content=\"1\u00a0Minute\" \/>\n<script type=\"application\/ld+json\" class=\"yoast-schema-graph\">{\"@context\":\"https:\/\/schema.org\",\"@graph\":[{\"@type\":\"WebPage\",\"@id\":\"https:\/\/blogs.donboscovolunteers.de\/clarabloggt\/ueber-mich\/\",\"url\":\"https:\/\/blogs.donboscovolunteers.de\/clarabloggt\/ueber-mich\/\",\"name\":\"\u00dcber mich - clara in chennai\",\"isPartOf\":{\"@id\":\"https:\/\/blogs.donboscovolunteers.de\/clarabloggt\/#website\"},\"primaryImageOfPage\":{\"@id\":\"https:\/\/blogs.donboscovolunteers.de\/clarabloggt\/ueber-mich\/#primaryimage\"},\"image\":{\"@id\":\"https:\/\/blogs.donboscovolunteers.de\/clarabloggt\/ueber-mich\/#primaryimage\"},\"thumbnailUrl\":\"https:\/\/blogs.donboscovolunteers.de\/clarabloggt\/wp-content\/uploads\/sites\/21599\/2019\/08\/IMG-20190823-WA0015-1024x769.jpg\",\"datePublished\":\"2019-08-22T12:53:21+00:00\",\"dateModified\":\"2019-08-29T10:26:35+00:00\",\"breadcrumb\":{\"@id\":\"https:\/\/blogs.donboscovolunteers.de\/clarabloggt\/ueber-mich\/#breadcrumb\"},\"inLanguage\":\"de\",\"potentialAction\":[{\"@type\":\"ReadAction\",\"target\":[\"https:\/\/blogs.donboscovolunteers.de\/clarabloggt\/ueber-mich\/\"]}]},{\"@type\":\"ImageObject\",\"inLanguage\":\"de\",\"@id\":\"https:\/\/blogs.donboscovolunteers.de\/clarabloggt\/ueber-mich\/#primaryimage\",\"url\":\"https:\/\/blogs.donboscovolunteers.de\/clarabloggt\/wp-content\/uploads\/sites\/21599\/2019\/08\/IMG-20190823-WA0015.jpg\",\"contentUrl\":\"https:\/\/blogs.donboscovolunteers.de\/clarabloggt\/wp-content\/uploads\/sites\/21599\/2019\/08\/IMG-20190823-WA0015.jpg\",\"width\":1280,\"height\":961},{\"@type\":\"BreadcrumbList\",\"@id\":\"https:\/\/blogs.donboscovolunteers.de\/clarabloggt\/ueber-mich\/#breadcrumb\",\"itemListElement\":[{\"@type\":\"ListItem\",\"position\":1,\"name\":\"Startseite\",\"item\":\"https:\/\/blogs.donboscovolunteers.de\/clarabloggt\/\"},{\"@type\":\"ListItem\",\"position\":2,\"name\":\"\u00dcber mich\"}]},{\"@type\":\"WebSite\",\"@id\":\"https:\/\/blogs.donboscovolunteers.de\/clarabloggt\/#website\",\"url\":\"https:\/\/blogs.donboscovolunteers.de\/clarabloggt\/\",\"name\":\"clara in chennai\",\"description\":\"ein Jahr Indiaa\",\"potentialAction\":[{\"@type\":\"SearchAction\",\"target\":{\"@type\":\"EntryPoint\",\"urlTemplate\":\"https:\/\/blogs.donboscovolunteers.de\/clarabloggt\/?s={search_term_string}\"},\"query-input\":{\"@type\":\"PropertyValueSpecification\",\"valueRequired\":true,\"valueName\":\"search_term_string\"}}],\"inLanguage\":\"de\"}]}<\/script>\n<!-- \/ Yoast SEO plugin. -->","yoast_head_json":{"title":"\u00dcber mich - clara in chennai","robots":{"index":"index","follow":"follow","max-snippet":"max-snippet:-1","max-image-preview":"max-image-preview:large","max-video-preview":"max-video-preview:-1"},"canonical":"https:\/\/blogs.donboscovolunteers.de\/clarabloggt\/ueber-mich\/","og_locale":"de_DE","og_type":"article","og_title":"\u00dcber mich - clara in chennai","og_description":"Hi! Ich bin Clara, 18 Jahre alt und in Berlin gro\u00df geworden. Im Fr\u00fchjahr 2019 habe ich mein Abi gemacht. Ich liebe es meine Freizeit mit Musik, Sport oder Freunden zu verbringen (F\u00fcr Indien habe ich mir vorgenommen, meine Hobbies mit Yoga zu erweitern.. Mal sehen inwieweit ich das durchziehe ;)). Au\u00dferdem habe ich mich [&hellip;]","og_url":"https:\/\/blogs.donboscovolunteers.de\/clarabloggt\/ueber-mich\/","og_site_name":"clara in chennai","article_modified_time":"2019-08-29T10:26:35+00:00","og_image":[{"url":"https:\/\/blogs.donboscovolunteers.de\/clarabloggt\/wp-content\/uploads\/sites\/21599\/2019\/08\/IMG-20190823-WA0015-1024x769.jpg","type":"","width":"","height":""}],"twitter_card":"summary_large_image","twitter_misc":{"Gesch\u00e4tzte Lesezeit":"1\u00a0Minute"},"schema":{"@context":"https:\/\/schema.org","@graph":[{"@type":"WebPage","@id":"https:\/\/blogs.donboscovolunteers.de\/clarabloggt\/ueber-mich\/","url":"https:\/\/blogs.donboscovolunteers.de\/clarabloggt\/ueber-mich\/","name":"\u00dcber mich - clara in chennai","isPartOf":{"@id":"https:\/\/blogs.donboscovolunteers.de\/clarabloggt\/#website"},"primaryImageOfPage":{"@id":"https:\/\/blogs.donboscovolunteers.de\/clarabloggt\/ueber-mich\/#primaryimage"},"image":{"@id":"https:\/\/blogs.donboscovolunteers.de\/clarabloggt\/ueber-mich\/#primaryimage"},"thumbnailUrl":"https:\/\/blogs.donboscovolunteers.de\/clarabloggt\/wp-content\/uploads\/sites\/21599\/2019\/08\/IMG-20190823-WA0015-1024x769.jpg","datePublished":"2019-08-22T12:53:21+00:00","dateModified":"2019-08-29T10:26:35+00:00","breadcrumb":{"@id":"https:\/\/blogs.donboscovolunteers.de\/clarabloggt\/ueber-mich\/#breadcrumb"},"inLanguage":"de","potentialAction":[{"@type":"ReadAction","target":["https:\/\/blogs.donboscovolunteers.de\/clarabloggt\/ueber-mich\/"]}]},{"@type":"ImageObject","inLanguage":"de","@id":"https:\/\/blogs.donboscovolunteers.de\/clarabloggt\/ueber-mich\/#primaryimage","url":"https:\/\/blogs.donboscovolunteers.de\/clarabloggt\/wp-content\/uploads\/sites\/21599\/2019\/08\/IMG-20190823-WA0015.jpg","contentUrl":"https:\/\/blogs.donboscovolunteers.de\/clarabloggt\/wp-content\/uploads\/sites\/21599\/2019\/08\/IMG-20190823-WA0015.jpg","width":1280,"height":961},{"@type":"BreadcrumbList","@id":"https:\/\/blogs.donboscovolunteers.de\/clarabloggt\/ueber-mich\/#breadcrumb","itemListElement":[{"@type":"ListItem","position":1,"name":"Startseite","item":"https:\/\/blogs.donboscovolunteers.de\/clarabloggt\/"},{"@type":"ListItem","position":2,"name":"\u00dcber mich"}]},{"@type":"WebSite","@id":"https:\/\/blogs.donboscovolunteers.de\/clarabloggt\/#website","url":"https:\/\/blogs.donboscovolunteers.de\/clarabloggt\/","name":"clara in chennai","description":"ein Jahr Indiaa","potentialAction":[{"@type":"SearchAction","target":{"@type":"EntryPoint","urlTemplate":"https:\/\/blogs.donboscovolunteers.de\/clarabloggt\/?s={search_term_string}"},"query-input":{"@type":"PropertyValueSpecification","valueRequired":true,"valueName":"search_term_string"}}],"inLanguage":"de"}]}},"_links":{"self":[{"href":"https:\/\/blogs.donboscovolunteers.de\/clarabloggt\/wp-json\/wp\/v2\/pages\/8","targetHints":{"allow":["GET"]}}],"collection":[{"href":"https:\/\/blogs.donboscovolunteers.de\/clarabloggt\/wp-json\/wp\/v2\/pages"}],"about":[{"href":"https:\/\/blogs.donboscovolunteers.de\/clarabloggt\/wp-json\/wp\/v2\/types\/page"}],"author":[{"embeddable":true,"href":"https:\/\/blogs.donboscovolunteers.de\/clarabloggt\/wp-json\/wp\/v2\/users\/21662"}],"replies":[{"embeddable":true,"href":"https:\/\/blogs.donboscovolunteers.de\/clarabloggt\/wp-json\/wp\/v2\/comments?post=8"}],"version-history":[{"count":14,"href":"https:\/\/blogs.donboscovolunteers.de\/clarabloggt\/wp-json\/wp\/v2\/pages\/8\/revisions"}],"predecessor-version":[{"id":70,"href":"https:\/\/blogs.donboscovolunteers.de\/clarabloggt\/wp-json\/wp\/v2\/pages\/8\/revisions\/70"}],"wp:attachment":[{"href":"https:\/\/blogs.donboscovolunteers.de\/clarabloggt\/wp-json\/wp\/v2\/media?parent=8"}],"curies":[{"name":"wp","href":"https:\/\/api.w.org\/{rel}","templated":true}]}}